{"id":2967,"date":"2025-01-04T05:29:29","date_gmt":"2025-01-04T05:29:29","guid":{"rendered":"https:\/\/fmp-components.com\/product\/ningbo-bridge-integrated-type-steering-cylinder\/"},"modified":"2025-01-04T05:38:17","modified_gmt":"2025-01-04T05:38:17","slug":"ningbo-bridge-integrated-type-steering-cylinder","status":"publish","type":"product","link":"https:\/\/fmp-components.com\/hu\/product\/ningbo-bridge-integrated-type-steering-cylinder\/","title":{"rendered":"Ningbo Bridge integr\u00e1lt t\u00edpus\u00fa korm\u00e1nyhenger"},"content":{"rendered":"<p style=\"text-align: center;\"><span style=\"font-size: 18pt;\">Ningbo Bridge integr\u00e1lt t\u00edpus\u00fa korm\u00e1nyhenger<\/span><\/p>\n<p><img loading=\"lazy\" decoding=\"async\" class=\"aligncenter wp-image-1012839\" src=\"https:\/\/images.hzpt.com\/2024\/11\/steering-cylinder-integral-1.webp\" alt=\"\" width=\"400\" height=\"400\" title=\"\"><\/p>\n<p>A Ningbo Bridge integr\u00e1lt t\u00edpus\u00fa korm\u00e1nyhenger n\u00e9lk\u00fcl\u00f6zhetetlen alkatr\u00e9sze a neh\u00e9zg\u00e9pek \u00e9s j\u00e1rm\u0171vek korm\u00e1nyrendszereinek, k\u00fcl\u00f6n\u00f6sen a h\u00edd\u00e9p\u00edt\u00e9sben. Ez a hidraulikus m\u0171k\u00f6dtet\u0151 jelent\u0151sen n\u00f6veli a man\u0151verezhet\u0151s\u00e9get \u00e9s a pontoss\u00e1got, \u00edgy elengedhetetlen a megb\u00edzhat\u00f3s\u00e1got \u00e9s hat\u00e9konys\u00e1got keres\u0151 kezel\u0151k sz\u00e1m\u00e1ra.<\/p>\n<p>A henger robusztus kialak\u00edt\u00e1s\u00fa \u00e9s kiv\u00e9teles teljes\u00edtm\u00e9nyt ny\u00fajt ig\u00e9nyes alkalmaz\u00e1sokban, ami megk\u00fcl\u00f6nb\u00f6zteti a t\u00f6bbi hidraulikus m\u0171k\u00f6dtet\u0151t\u0151l. Integr\u00e1lt konstrukci\u00f3ja p\u00e1ratlan tart\u00f3ss\u00e1got \u00e9s pontoss\u00e1got biztos\u00edt, \u00edgy kritikus eszk\u00f6zz\u00e9 v\u00e1lik az \u00e9p\u00edt\u0151iparban \u00e9s a g\u00e9piparban.<\/p>\n<p>A haszn\u00e1latra \u00e9s karbantart\u00e1sra vonatkoz\u00f3 legjobb gyakorlatok betart\u00e1s\u00e1val a kezel\u0151k kiakn\u00e1zhatj\u00e1k a hidraulikus m\u0171k\u00f6dtet\u0151 teljes potenci\u00e1lj\u00e1t, biztos\u00edtva az optim\u00e1lis teljes\u00edtm\u00e9nyt \u00e9s a hossz\u00fa \u00e9lettartamot. A Ningbo Bridge integr\u00e1lt t\u00edpus\u00fa korm\u00e1nyhengerbe val\u00f3 befektet\u00e9s a hat\u00e9konys\u00e1g n\u00f6vel\u00e9s\u00e9t \u00e9s a kiv\u00e1l\u00f3 korm\u00e1nyz\u00e1si kontroll el\u00e9r\u00e9s\u00e9t jelenti a m\u0171veletek sor\u00e1n. Friss\u00edtse g\u00e9peit m\u00e9g ma, \u00e9s tapasztalja meg a k\u00fcl\u00f6nbs\u00e9get!<\/p>\n<h3>Ningbo Bridge integr\u00e1lt t\u00edpus\u00fa korm\u00e1nyhenger param\u00e9tere:<\/h3>\n<p><strong>Henger \u00e1tm\u00e9r\u0151je:<\/strong> 50 mm<\/p>\n<p><strong>R\u00fad \u00e1tm\u00e9r\u0151je:<\/strong> 25 mm<\/p>\n<p><strong>Utaz\u00e1si:<\/strong> 130 mm<\/p>\n<p><strong>Telep\u00edt\u00e9si t\u00e1vols\u00e1g:<\/strong> 487 mm<\/p>\n<h2>A Ningbo Bridge integr\u00e1lt t\u00edpus\u00fa korm\u00e1nyhenger\u00e9nek f\u0151bb jellemz\u0151i:<\/h2>\n<h3>Integr\u00e1lt tervez\u00e9s<\/h3>\n<p>A Ningbo h\u00edd korm\u00e1nyhenger integr\u00e1lt kialak\u00edt\u00e1sa t\u00f6bb alkatr\u00e9szt egyes\u00edt egyetlen, hat\u00e9kony egys\u00e9gbe. Ez az innov\u00e1ci\u00f3 leegyszer\u0171s\u00edti a telep\u00edt\u00e9st \u00e9s minimaliz\u00e1lja a mechanikai hib\u00e1k lehet\u0151s\u00e9g\u00e9t. Kevesebb alkatr\u00e9sz kevesebb bonyolults\u00e1got jelent, ami a k\u00f6vetkez\u0151ket eredm\u00e9nyezi:<\/p>\n<p>\u2013 Egyszer\u0171s\u00edtett karbantart\u00e1s: Kevesebb alkatr\u00e9sz ellen\u0151rz\u00e9se \u00e9s cser\u00e9je r\u00e9v\u00e9n a karbantart\u00e1s gyorsabb\u00e1 \u00e9s k\u00f6lts\u00e9ghat\u00e9konyabb\u00e1 v\u00e1lik.<br \/>\n\u2013 Fokozott megb\u00edzhat\u00f3s\u00e1g: Az egys\u00e9ges rendszer cs\u00f6kkenti a laza csatlakoz\u00e1sokb\u00f3l vagy a rosszul illesztett alkatr\u00e9szekb\u0151l ered\u0151 probl\u00e9m\u00e1k val\u00f3sz\u00edn\u0171s\u00e9g\u00e9t.<\/p>\n<h3>Kiv\u00e9teles tart\u00f3ss\u00e1g<\/h3>\n<p>A Ningbo h\u00edd korm\u00e1nyhengere, amelyet a legnagyobb kih\u00edv\u00e1st jelent\u0151 k\u00f6r\u00fclm\u00e9nyek lek\u00fczd\u00e9s\u00e9re terveztek, figyelemre m\u00e9lt\u00f3 tart\u00f3ss\u00e1got mutat. A legfontosabb jellemz\u0151k a k\u00f6vetkez\u0151k:<\/p>\n<p>\u2013 Extr\u00e9m nyom\u00e1s\u00e1ll\u00f3: Ez a henger nagy hidraulikus nyom\u00e1s alatti m\u0171k\u00f6d\u00e9sre van tervezve, \u00edgy a teljes\u00edtm\u00e9ny fel\u00e1ldoz\u00e1sa n\u00e9lk\u00fcl k\u00e9pes kezelni a neh\u00e9z alkalmaz\u00e1sokat.<br \/>\n\u2013 K\u00f6rnyezeti ellen\u00e1ll\u00f3 k\u00e9pess\u00e9g: Ak\u00e1r zord id\u0151j\u00e1r\u00e1snak, pornak vagy nedvess\u00e9gnek van kit\u00e9ve, a henger meg\u0151rzi integrit\u00e1s\u00e1t, \u00edgy alkalmas k\u00fclt\u00e9ri \u00e9s zord k\u00f6rnyezeti k\u00f6r\u00fclm\u00e9nyek k\u00f6z\u00f6tt val\u00f3 haszn\u00e1latra.<\/p>\n<h3>Prec\u00edzi\u00f3s vez\u00e9rl\u00e9s<\/h3>\n<p>A korm\u00e1nyz\u00e1si alkalmaz\u00e1sokban a prec\u00edzi\u00f3 kulcsfontoss\u00e1g\u00fa, \u00e9s ez a henger a k\u00f6vetkez\u0151ket ny\u00fajtja:<\/p>\n<p>\u2013 Reag\u00e1l\u00f3 teljes\u00edtm\u00e9ny: A kezel\u0151k gyors \u00e9s pontos korm\u00e1nyreakci\u00f3kra sz\u00e1m\u00edthatnak, amelyek l\u00e9tfontoss\u00e1g\u00faak az \u00f6sszetett munkater\u00fcleteken val\u00f3 navig\u00e1l\u00e1shoz.<br \/>\n\u2013 Jobb man\u0151verezhet\u0151s\u00e9g: A henger kialak\u00edt\u00e1sa finomhangolt ir\u00e1ny\u00edt\u00e1st tesz lehet\u0151v\u00e9, \u00edgy k\u00f6nnyebb a sz\u0171k fordulatok v\u00e9grehajt\u00e1sa \u00e9s az akad\u00e1lyok lek\u00fczd\u00e9se.<\/p>\n<h3>Kompakt m\u00e9ret<\/h3>\n<p>A Ningbo h\u00edd korm\u00e1nyhenger\u00e9nek kompakt kialak\u00edt\u00e1sa jelent\u0151s el\u0151nyt jelent a modern g\u00e9pekben:<\/p>\n<p>\u2013 Helytakar\u00e9kos megold\u00e1s: Ide\u00e1lis olyan alkalmaz\u00e1sokhoz, ahol korl\u00e1tozott a hely, ez a henger z\u00f6kken\u0151mentesen illeszkedik sz\u0171k konfigur\u00e1ci\u00f3kba a teljes\u00edtm\u00e9ny fel\u00e1ldoz\u00e1sa n\u00e9lk\u00fcl.<br \/>\n\u2013 Sokoldal\u00fa alkalmaz\u00e1sok: Rugalmas m\u00e9rete alkalmass\u00e1 teszi k\u00fcl\u00f6nf\u00e9le g\u00e9pekhez, az \u00e9p\u00edt\u0151ipari berendez\u00e9sekt\u0151l a speci\u00e1lis j\u00e1rm\u0171vekig, n\u00f6velve az \u00e1ltal\u00e1nos m\u0171k\u00f6d\u00e9si rugalmass\u00e1got.<\/p>\n<h2>Ningbo Bridge integr\u00e1lt t\u00edpus\u00fa korm\u00e1nyhenger alkalmaz\u00e1sa:<\/h2>\n<p><img loading=\"lazy\" decoding=\"async\" class=\"alignnone wp-image-1012840 size-full\" src=\"https:\/\/images.hzpt.com\/2024\/11\/steering-cylinder-integral-application.webp\" alt=\"\" width=\"1072\" height=\"603\" title=\"\"><\/p>\n<h2>A Ningbo Bridge integr\u00e1lt t\u00edpus\u00fa korm\u00e1nyhenger\u00e9nek haszn\u00e1lati m\u00f3dja:<\/h2>\n<p>A Ningbo Bridge integr\u00e1lt t\u00edpus\u00fa korm\u00e1nyhenger haszn\u00e1lata egyszer\u0171, \u00edgy a kezel\u0151k k\u00f6nnyen integr\u00e1lhatj\u00e1k azt a g\u00e9peikbe:<\/p>\n<ol>\n<li>Telep\u00edt\u00e9s:\n<ul>\n<li>R\u00f6gz\u00edtse a palackot a j\u00e1rm\u0171 vagy a g\u00e9p kijel\u00f6lt r\u00f6gz\u00edt\u00e9si hely\u00e9n.<\/li>\n<li>Csatlakoztassa a hidraulikat\u00f6ml\u0151ket a hidraulikafolyad\u00e9k megfelel\u0151 \u00e1raml\u00e1s\u00e1nak biztos\u00edt\u00e1sa \u00e9rdek\u00e9ben.<\/li>\n<\/ul>\n<\/li>\n<li>M\u0171velet:\n<ul>\n<li>Aktiv\u00e1lja a hidraulikus rendszert a henger sz\u00fcks\u00e9g szerinti kiny\u00fajt\u00e1s\u00e1hoz vagy visszah\u00faz\u00e1s\u00e1hoz.<\/li>\n<li>Figyelje a korm\u00e1nyreakci\u00f3t, \u00e9s \u00e1ll\u00edtsa be a hidraulikus nyom\u00e1st az optim\u00e1lis teljes\u00edtm\u00e9ny \u00e9rdek\u00e9ben.<\/li>\n<\/ul>\n<\/li>\n<li>Be\u00e1ll\u00edt\u00e1s:\n<ul>\n<li>Finomhangolja a be\u00e1ll\u00edt\u00e1sokat az adott m\u0171k\u00f6d\u00e9si k\u00f6vetelm\u00e9nyeknek megfelel\u0151en, biztos\u00edtva a korm\u00e1nyszerkezet z\u00f6kken\u0151mentes m\u0171k\u00f6d\u00e9s\u00e9t.<\/li>\n<\/ul>\n<\/li>\n<\/ol>\n<h2>Milyen szerepet j\u00e1tszik a prec\u00edzi\u00f3s vez\u00e9rl\u00e9s a korm\u00e1nyhenger m\u0171k\u00f6d\u00e9s\u00e9ben?<\/h2>\n<p>A prec\u00edzi\u00f3s vez\u00e9rl\u00e9s kulcsfontoss\u00e1g\u00fa szerepet j\u00e1tszik a korm\u00e1nyhenger m\u0171k\u00f6d\u00e9s\u00e9ben, befoly\u00e1solva a haszn\u00e1lt g\u00e9pek teljes\u00edtm\u00e9ny\u00e9t \u00e9s biztons\u00e1g\u00e1t. \u00cdme n\u00e9h\u00e1ny kulcsfontoss\u00e1g\u00fa szempontja a fontoss\u00e1g\u00e1nak:<\/p>\n<h3>1. Pontos navig\u00e1ci\u00f3<\/h3>\n<ul>\n<li>Reag\u00e1l\u00f3 korm\u00e1nyz\u00e1s: A prec\u00edzi\u00f3s vez\u00e9rl\u00e9s azonnali \u00e9s pontos korm\u00e1nyz\u00e1si be\u00e1ll\u00edt\u00e1sokat tesz lehet\u0151v\u00e9, lehet\u0151v\u00e9 t\u00e9ve a kezel\u0151k sz\u00e1m\u00e1ra, hogy hat\u00e9konyan navig\u00e1ljanak \u00f6sszetett munkater\u00fcleteken \u00e9s sz\u0171k helyeken.<\/li>\n<li>Fokozott man\u0151verezhet\u0151s\u00e9g: A kezel\u0151k sz\u0171k fordul\u00f3kat hajthatnak v\u00e9gre, \u00e9s magabiztosan gyors ir\u00e1nyv\u00e1lt\u00e1sokat hajthatnak v\u00e9gre, ami elengedhetetlen az \u00e9p\u00edt\u0151iparban \u00e9s a neh\u00e9zg\u00e9pek kezel\u00e9s\u00e9ben.<\/li>\n<\/ul>\n<h3>2. Fokozott biztons\u00e1g<\/h3>\n<ul>\n<li>Cs\u00f6kkentett balesetvesz\u00e9ly: A prec\u00edz ir\u00e1ny\u00edt\u00e1snak k\u00f6sz\u00f6nhet\u0151en minimaliz\u00e1lhat\u00f3 a korm\u00e1nyz\u00e1si hib\u00e1k val\u00f3sz\u00edn\u0171s\u00e9ge, ami seg\u00edt megel\u0151zni a baleseteket \u00e9s n\u00f6veli a kezel\u0151k \u00e9s a k\u00f6rnyez\u0151 szem\u00e9lyzet \u00e1ltal\u00e1nos biztons\u00e1g\u00e1t.<\/li>\n<li>Kontroll\u00e1lt mozg\u00e1s: A korm\u00e1nyreakci\u00f3 kontroll\u00e1l\u00e1s\u00e1nak k\u00e9pess\u00e9ge cs\u00f6kkenti a hirtelen vagy kisz\u00e1m\u00edthatatlan mozg\u00e1sok es\u00e9ly\u00e9t, ami kritikus fontoss\u00e1g\u00fa a magas t\u00e9ttel b\u00edr\u00f3 k\u00f6rnyezetben.<\/li>\n<\/ul>\n<h3>3. Megn\u00f6velt hat\u00e9konys\u00e1g<\/h3>\n<ul>\n<li>Optim\u00e1lis teljes\u00edtm\u00e9ny: A korm\u00e1nymozdulatok precizit\u00e1sa hat\u00e9konyabb m\u0171k\u00f6d\u00e9st eredm\u00e9nyez, cs\u00f6kkentve a feladatok elv\u00e9gz\u00e9s\u00e9hez sz\u00fcks\u00e9ges id\u0151t \u00e9s er\u0151fesz\u00edt\u00e9st.<\/li>\n<li>Alacsonyabb kezel\u0151i f\u00e1radts\u00e1g: Amikor a korm\u00e1nyrendszerek pontosan reag\u00e1lnak, a kezel\u0151k kevesebb megterhel\u00e9st tapasztalnak, ami jobb \u00f6sszpontos\u00edt\u00e1st \u00e9s termel\u00e9kenys\u00e9get eredm\u00e9nyez hosszabb id\u0151szakok alatt.<\/li>\n<\/ul>\n<h3>4. \u00c1lland\u00f3 kontroll<\/h3>\n<ul>\n<li>Kisz\u00e1m\u00edthat\u00f3 kezel\u00e9s: A prec\u00edzi\u00f3s vez\u00e9rl\u00e9s biztos\u00edtja a korm\u00e1nyhenger kisz\u00e1m\u00edthat\u00f3 viselked\u00e9s\u00e9t, lehet\u0151v\u00e9 t\u00e9ve a kezel\u0151k sz\u00e1m\u00e1ra, hogy jobban \u00e1tgondolj\u00e1k a g\u00e9p kezel\u00e9s\u00e9t.<\/li>\n<li>Alkalmazkod\u00f3k\u00e9pess\u00e9g: Lehet\u0151v\u00e9 teszi a g\u00e9p sz\u00e1m\u00e1ra, hogy a v\u00e1ltoz\u00f3 terhel\u00e9sekhez \u00e9s terepviszonyokhoz alkalmazkodjon an\u00e9lk\u00fcl, hogy az ir\u00e1ny\u00edthat\u00f3s\u00e1got fel\u00e1ldozn\u00e1, ami elengedhetetlen a dinamikus munkak\u00f6rnyezetben.<\/li>\n<\/ul>\n<h3>5. Tov\u00e1bbfejlesztett teljes\u00edtm\u00e9nyfigyel\u00e9s<\/h3>\n<ul>\n<li>Adatpontoss\u00e1g: A modern, \u00e9rz\u00e9kel\u0151kkel felszerelt g\u00e9pekben a prec\u00edzi\u00f3s vez\u00e9rl\u00e9s hozz\u00e1j\u00e1rul a pontos adatokhoz a teljes\u00edtm\u00e9nyfigyel\u00e9shez \u00e9s a diagnosztik\u00e1hoz, megk\u00f6nny\u00edtve a proakt\u00edv karbantart\u00e1st.<\/li>\n<\/ul>\n<h2>Korm\u00e1nyhenger \u00e1r\u00e1nak meg\u00e9rt\u00e9se:<\/h2>\n<p>A Ningbo Bridge integr\u00e1lt t\u00edpus\u00fa korm\u00e1nyhenger\u00e9nek kiv\u00e1laszt\u00e1sakor elengedhetetlen az \u00e1r\u00e1nak \u00f6sszehasonl\u00edt\u00e1sa a jellemz\u0151i \u00e9s el\u0151nyei alapj\u00e1n. \u00cdme, mi\u00e9rt emelkedik ki az \u00e1rk\u00e9pz\u00e9s\u00fcnk:<\/p>\n<p>Min\u0151s\u00e9g \u00e9s megfizethet\u0151s\u00e9g: A Ningbo Bridge integr\u00e1lt t\u00edpus\u00fa korm\u00e1nyhenger\u00e9t olyan \u00e1ron k\u00edn\u00e1ljuk, amely t\u00fckr\u00f6zi a kiv\u00e1l\u00f3 min\u0151s\u00e9get \u00e9s teljes\u00edtm\u00e9nyt. Kiv\u00e9teles \u00e9rt\u00e9ket kap a megb\u00edzhat\u00f3s\u00e1g fel\u00e1ldoz\u00e1sa n\u00e9lk\u00fcl.<br \/>\nK\u00f6lts\u00e9ghat\u00e9kony befektet\u00e9s: M\u00edg egyesek olcs\u00f3bb alternat\u00edv\u00e1kat v\u00e1laszthatnak, egy ilyen kiv\u00e1l\u00f3 min\u0151s\u00e9g\u0171 korm\u00e1nyhengerbe val\u00f3 befektet\u00e9s hossz\u00fa t\u00e1von p\u00e9nzt takar\u00edthat meg. A cs\u00f6kkentett karbantart\u00e1si k\u00f6lts\u00e9gek \u00e9s a megn\u00f6vekedett tart\u00f3ss\u00e1g kevesebb cser\u00e9t \u00e9s jav\u00edt\u00e1st jelent.<br \/>\nPiaci versenyk\u00e9pess\u00e9g: \u00c1raink tov\u00e1bbra is versenyk\u00e9pesek, \u00edgy \u00d6n megtal\u00e1lhatja a k\u00f6lts\u00e9gvet\u00e9s\u00e9nek megfelel\u0151, nagy teljes\u00edtm\u00e9ny\u0171 korm\u00e1nyhengert. Javasoljuk, hogy hasonl\u00edtsa \u00f6ssze \u00e1rainkat m\u00e1sok \u00e1raival, hogy l\u00e1ssa a k\u00fcl\u00f6nbs\u00e9get.<br \/>\nGarancia \u00e9s t\u00e1mogat\u00e1s: \u00c1raink tartalmazz\u00e1k a sz\u00e9lesk\u00f6r\u0171 garanci\u00e1t \u00e9s \u00fcgyf\u00e9lt\u00e1mogat\u00e1st, biztos\u00edtva befektet\u00e9se v\u00e9delm\u00e9t, \u00e9s hogy sz\u00fcks\u00e9g eset\u00e9n seg\u00edts\u00e9get kapjon.<\/p>\n<h2>Korm\u00e1nym\u0171 hidraulikus henger alkalmaz\u00e1sa<\/h2>\n<p>A korm\u00e1nym\u0171 hidraulikus hengerei a korm\u00e1nyrendszerek alapvet\u0151 alkot\u00f3elemei k\u00fcl\u00f6nf\u00e9le j\u00e1rm\u0171vekben. Ezek a hengerek, m\u00e1s n\u00e9ven korm\u00e1nym\u0171k\u00f6dtet\u0151k, seg\u00edtenek a korm\u00e1nyszivatty\u00fa \u00e1ltal termelt energi\u00e1t line\u00e1ris mozg\u00e1ss\u00e1 alak\u00edtani, amely felhaszn\u00e1lhat\u00f3 a j\u00e1rm\u0171 kerekeinek ir\u00e1ny\u00e1nak manipul\u00e1l\u00e1s\u00e1ra. \u00cdme a korm\u00e1nym\u0171 hidraulikus hengereinek n\u00e9h\u00e1ny alkalmaz\u00e1sa:<\/p>\n<ol>\n<li>Neh\u00e9z teherg\u00e9pj\u00e1rm\u0171vek:\n<p>A korm\u00e1nym\u0171 hidraulikus hengereit gyakran haszn\u00e1lj\u00e1k neh\u00e9zg\u00e9pj\u00e1rm\u0171vekben, p\u00e9ld\u00e1ul teheraut\u00f3kban, buszokban \u00e9s \u00e9p\u00edt\u0151ipari berendez\u00e9sekben. Ezekn\u00e9l a j\u00e1rm\u0171vekn\u00e9l nagy korm\u00e1nyer\u0151re van sz\u00fcks\u00e9g, \u00e9s egy hidraulikus henger k\u00e9pes el\u0151\u00e1ll\u00edtani a kerekek forgat\u00e1s\u00e1hoz sz\u00fcks\u00e9ges er\u0151t akkor is, ha a j\u00e1rm\u0171 s\u00faly alatt van. A hidraulikus rendszer lehet\u0151v\u00e9 teszi a korm\u00e1nyszerkezet finomabb szab\u00e1lyoz\u00e1s\u00e1t is, \u00edgy a vezet\u0151k k\u00f6nnyebben navig\u00e1lhatnak a nagy, neh\u00e9zkes j\u00e1rm\u0171vekben.<\/li>\n<li>Terepj\u00e1r\u00f3k:\n<p>A terepj\u00e1r\u00f3k, mint p\u00e9ld\u00e1ul a quadok, a homokfut\u00f3k \u00e9s a terepmotorok, szint\u00e9n profit\u00e1lnak a hidraulikus korm\u00e1nyhengerekb\u0151l. Ezek a j\u00e1rm\u0171vek gyakran olyan neh\u00e9z terepen k\u00f6zlekednek, ahol a hagyom\u00e1nyos korm\u00e1nyszerkezetek nem felt\u00e9tlen\u00fcl hat\u00e9konyak. A hidraulikus hengerek biztos\u00edtj\u00e1k a sz\u00fcks\u00e9ges teljes\u00edtm\u00e9nyt \u00e9s pontoss\u00e1got az akad\u00e1lyok lek\u00fczd\u00e9s\u00e9hez \u00e9s a j\u00e1rm\u0171 feletti uralom fenntart\u00e1s\u00e1hoz.<\/li>\n<li>Tenger\u00e9szeti \u00e9s rep\u00fcl\u0151g\u00e9pipari alkalmaz\u00e1sok:\n<p>A korm\u00e1nym\u0171 hidraulikus hengerei nem korl\u00e1toz\u00f3dnak a sz\u00e1razf\u00f6ldi j\u00e1rm\u0171vekre. Tengeri alkalmaz\u00e1sokban, p\u00e9ld\u00e1ul haj\u00f3kon \u00e9s haj\u00f3kon, valamint rep\u00fcl\u0151g\u00e9p-technol\u00f3gi\u00e1ban, p\u00e9ld\u00e1ul \u0171rhaj\u00f3kban \u00e9s rep\u00fcl\u0151g\u00e9pekben is haszn\u00e1lj\u00e1k \u0151ket. Ezekben a k\u00f6rnyezetben a hidraulikus hengereket a korm\u00e1nylapok, uszonyok \u00e9s m\u00e1s vez\u00e9rl\u0151fel\u00fcletek ir\u00e1ny\u00e1nak manipul\u00e1l\u00e1s\u00e1ra haszn\u00e1lj\u00e1k, amelyek seg\u00edtenek a haj\u00f3 vagy rep\u00fcl\u0151g\u00e9p korm\u00e1nyz\u00e1s\u00e1ban.<\/li>\n<li>Ipari berendez\u00e9sek:\n<p>A hidraulikus hengereket sz\u00e1mos ipari k\u00f6rnyezetben haszn\u00e1lj\u00e1k korm\u00e1nyz\u00e1shoz \u00e9s egy\u00e9b alkalmaz\u00e1sokhoz. P\u00e9ld\u00e1ul daruk, targonc\u00e1k vagy m\u00e1s neh\u00e9zg\u00e9pek korm\u00e1nyz\u00e1s\u00e1ra haszn\u00e1lhat\u00f3k. Ezekben a k\u00f6rnyezetben a hidraulikus hengerek biztos\u00edtj\u00e1k a sz\u00fcks\u00e9ges teljes\u00edtm\u00e9nyt \u00e9s pontoss\u00e1got nagy terhek mozgat\u00e1s\u00e1hoz vagy sz\u0171k helyeken val\u00f3 munkav\u00e9gz\u00e9shez.<\/li>\n<li>Egyedi alkalmaz\u00e1sok:\n<p>Ezen gyakori alkalmaz\u00e1sok mellett a korm\u00e1nym\u0171 hidraulikus hengerei sz\u00e1mos egyedi be\u00e1ll\u00edt\u00e1sban is haszn\u00e1lhat\u00f3k. P\u00e9ld\u00e1ul k\u00eds\u00e9rleti j\u00e1rm\u0171vekben vagy protot\u00edpusokban, amelyek egyedi korm\u00e1nyszerkezetet ig\u00e9nyelnek. M\u0171v\u00e9szi install\u00e1ci\u00f3kban vagy kinetikus szobrokban is haszn\u00e1lhat\u00f3k, amelyek prec\u00edz \u00e9s kontroll\u00e1lt mozg\u00e1st ig\u00e9nyelnek.<\/li>\n<\/ol>\n<p>Amint l\u00e1thatja, a korm\u00e1nym\u0171 hidraulikus hengerei sz\u00e9les k\u00f6rben alkalmazhat\u00f3k k\u00fcl\u00f6nf\u00e9le ipar\u00e1gakban \u00e9s k\u00f6rnyezetben. Ak\u00e1r neh\u00e9zg\u00e9pj\u00e1rm\u0171vekben, terepj\u00e1r\u00f3kban, tengeri \u00e9s rep\u00fcl\u0151g\u00e9pipari alkalmaz\u00e1sokban, ipari berendez\u00e9sekben vagy egyedi alkalmaz\u00e1sokban haszn\u00e1lj\u00e1k \u0151ket, ezek a hengerek biztos\u00edtj\u00e1k a sz\u00fcks\u00e9ges teljes\u00edtm\u00e9nyt, pontoss\u00e1got \u00e9s vez\u00e9rl\u00e9st a hat\u00e9kony korm\u00e1nyz\u00e1shoz.<\/p>\n<h2>Az FMP-r\u0151l<\/h2>\n<p>Az FMP a kiv\u00e1l\u00f3 min\u0151s\u00e9g\u0171 hidraulikus hengerek, hengerk\u00e9szletek \u00e9s \u00e9p\u00edt\u0151ipari g\u00e9pek alkatr\u00e9szeinek vezet\u0151 gy\u00e1rt\u00f3ja \u00e9s forgalmaz\u00f3ja. Sok \u00e9ves ipar\u00e1gi tapasztalattal \u00e9s professzion\u00e1lis csapattal elk\u00f6telezettek vagyunk az ir\u00e1nt, hogy \u00fcgyfeleinknek megb\u00edzhat\u00f3 \u00e9s hat\u00e9kony megold\u00e1sokat ny\u00fajtsunk \u00e9p\u00edt\u0151ipari g\u00e9pekkel kapcsolatos ig\u00e9nyeikre.<\/p>\n<p>\u00cdme \u00f6t ok, ami\u00e9rt \u00e9rdemes az FMP-t v\u00e1lasztania:<\/p>\n<ol>\n<li><strong>Kiv\u00e1l\u00f3 min\u0151s\u00e9g\u0171 hidraulikus hengerek:<\/strong> Hidraulikus hengereink gy\u00e1rt\u00e1s\u00e1hoz prec\u00edzi\u00f3s m\u00e9rn\u00f6ki munk\u00e1t alkalmazunk. A min\u0151s\u00e9g ir\u00e1nti elk\u00f6telezetts\u00e9g\u00fcnk biztos\u00edtja, hogy csak a legmagasabb min\u0151s\u00e9g\u0171 alapanyagokat haszn\u00e1ljuk, \u00e9s a k\u00e9szterm\u00e9kek szigor\u00fa min\u0151s\u00e9gellen\u0151rz\u00e9s\u00e9t v\u00e9gezz\u00fck annak biztos\u00edt\u00e1sa \u00e9rdek\u00e9ben, hogy azok megfeleljenek, s\u0151t meghaladj\u00e1k az ipar\u00e1gi szabv\u00e1nyokat.<\/li>\n<li><strong>Sz\u00e9les term\u00e9kv\u00e1laszt\u00e9k:<\/strong> Term\u00e9kpalett\u00e1nk mindenf\u00e9le \u00e9p\u00edt\u0151ipari g\u00e9pet \u00e9s tartoz\u00e9kot lefed. K\u00fcl\u00f6nf\u00e9le hidraulikus hengereket, sebess\u00e9gv\u00e1lt\u00f3kat, l\u00e1ncokat, l\u00e1nckerekeket, motortartoz\u00e9kokat, hidraulikus rendszer alkatr\u00e9szeket, alv\u00e1ztartoz\u00e9kokat \u00e9s elektromos rendszer tartoz\u00e9kokat k\u00edn\u00e1lunk.<\/li>\n<li><strong>Kialakult partners\u00e9gek:<\/strong> Hossz\u00fa t\u00e1v\u00fa \u00e9s stabil partners\u00e9geket \u00e9p\u00edtett\u00fcnk ki sz\u00e1mos kiv\u00e1l\u00f3 min\u0151s\u00e9g\u0171 hazai \u00e9s k\u00fclf\u00f6ldi besz\u00e1ll\u00edt\u00f3val. Ez biztos\u00edtja, hogy minden besz\u00e1ll\u00edtott tartoz\u00e9k megfeleljen szigor\u00fa min\u0151s\u00e9gi el\u0151\u00edr\u00e1sainknak.<\/li>\n<li><strong>Tapasztalt \u00e9rt\u00e9kes\u00edt\u00e9si csapat:<\/strong> \u00c9rt\u00e9kes\u00edt\u00e9si csapatunk sok\u00e9ves tapasztalattal \u00e9s ismeretekkel rendelkezik az \u00e9p\u00edt\u0151ipari g\u00e9piparban. Professzion\u00e1lis term\u00e9ktan\u00e1csad\u00e1st \u00e9s intelligens v\u00e1s\u00e1rl\u00e1si tan\u00e1csokat tudnak ny\u00fajtani, hogy seg\u00edtsenek \u00d6nnek megalapozott d\u00f6nt\u00e9seket hozni.<\/li>\n<li><strong>Hat\u00e9kony logisztikai eloszt\u00e1si rendszer:<\/strong> Hat\u00e9kony logisztikai eloszt\u00e1si rendszerrel rendelkez\u00fcnk annak \u00e9rdek\u00e9ben, hogy \u00fcgyfeleink id\u0151ben \u00e9s pontosan megkapj\u00e1k a sz\u00fcks\u00e9ges alkatr\u00e9szeket.<\/li>\n<\/ol>\n<p><img decoding=\"async\" src=\"https:\/\/fmp-components.com\/wp-content\/uploads\/2025\/01\/Dump-Truck-Trailer-Hydraulic-Cylinder-product-3-3.webp\" alt=\"Hidraulikus henger\" width=\"800\" title=\"\"><\/p>\n<p>Az FMP-n\u00e9l elk\u00f6telezettek vagyunk amellett, hogy \u00fcgyfeleinknek kiv\u00e1l\u00f3 min\u0151s\u00e9g\u0171 \u00e9s megb\u00edzhat\u00f3 \u00e9p\u00edt\u0151ipari g\u00e9ptartoz\u00e9kokat \u00e9s komplett g\u00e9pi megold\u00e1sokat biztos\u00edtsunk. Modern gy\u00e1rl\u00e9tes\u00edtm\u00e9nyeinkkel, CNC szersz\u00e1mg\u00e9peinkkel, sz\u00e1m\u00edt\u00f3g\u00e9ppel seg\u00edtett tervez\u00e9s\u00fcnkkel, k\u00e9pzett alkalmazottainkkal, hidraulikus rendszer szak\u00e9rt\u0151inkkel, henger\u00f6sszeszerel\u0151inkkel \u00e9s keresked\u0151inkkel mi vagyunk az els\u0151dleges partner a hidraulikus hengerek, hengerk\u00e9szletek \u00e9s alkatr\u00e9szek ir\u00e1nti ig\u00e9nyeinek kiel\u00e9g\u00edt\u00e9s\u00e9ben.<\/p>\n<p>Szerz\u0151: CX<\/p>","protected":false},"excerpt":{"rendered":"<p>Ningbo Bridge Integrated-Type Steering Cylinder The Ningbo Bridge Integrated-Type Steering Cylinder is an essential component for steering systems in heavy machinery and vehicles, especially in bridge construction. This hydraulic actuator significantly enhances maneuverability and precision, making it a must-have for operators seeking reliability and efficiency. The cylinder features a robust design and exceptional performance in [&hellip;]<\/p>","protected":false},"featured_media":2968,"comment_status":"closed","ping_status":"closed","template":"","meta":{"_et_pb_use_builder":"","_et_pb_old_content":"","_et_gb_content_width":""},"product_brand":[],"product_cat":[67],"product_tag":[34,70],"class_list":{"0":"post-2967","1":"product","2":"type-product","3":"status-publish","4":"has-post-thumbnail","6":"product_cat-steering-hydraulic-cylinder","7":"product_tag-hydraulic-cylinder","8":"product_tag-steering-hydraulic-cylinder","10":"first","11":"instock","12":"product-type-simple"},"_links":{"self":[{"href":"https:\/\/fmp-components.com\/hu\/wp-json\/wp\/v2\/product\/2967","targetHints":{"allow":["GET"]}}],"collection":[{"href":"https:\/\/fmp-components.com\/hu\/wp-json\/wp\/v2\/product"}],"about":[{"href":"https:\/\/fmp-components.com\/hu\/wp-json\/wp\/v2\/types\/product"}],"replies":[{"embeddable":true,"href":"https:\/\/fmp-components.com\/hu\/wp-json\/wp\/v2\/comments?post=2967"}],"wp:featuredmedia":[{"embeddable":true,"href":"https:\/\/fmp-components.com\/hu\/wp-json\/wp\/v2\/media\/2968"}],"wp:attachment":[{"href":"https:\/\/fmp-components.com\/hu\/wp-json\/wp\/v2\/media?parent=2967"}],"wp:term":[{"taxonomy":"product_brand","embeddable":true,"href":"https:\/\/fmp-components.com\/hu\/wp-json\/wp\/v2\/product_brand?post=2967"},{"taxonomy":"product_cat","embeddable":true,"href":"https:\/\/fmp-components.com\/hu\/wp-json\/wp\/v2\/product_cat?post=2967"},{"taxonomy":"product_tag","embeddable":true,"href":"https:\/\/fmp-components.com\/hu\/wp-json\/wp\/v2\/product_tag?post=2967"}],"curies":[{"name":"munkaf\u00fczet","href":"https:\/\/api.w.org\/{rel}","templated":true}]}}