{"id":2961,"date":"2025-01-04T05:29:29","date_gmt":"2025-01-04T05:29:29","guid":{"rendered":"https:\/\/fmp-components.com\/product\/qj1254-31-021-steering-cylinder\/"},"modified":"2025-01-04T05:50:18","modified_gmt":"2025-01-04T05:50:18","slug":"qj1254-31-021-steering-cylinder","status":"publish","type":"product","link":"https:\/\/fmp-components.com\/hu\/product\/qj1254-31-021-steering-cylinder\/","title":{"rendered":"QJ1254 31 021 Korm\u00e1nyhenger"},"content":{"rendered":"<h2>FMP - Korm\u00e1nym\u0171 hidraulikus henger<\/h2>\n<p>Az FMP-korm\u00e1nyg\u00e9p hidraulikus henger egy fejlett hidraulikus henger, amelyet korm\u00e1nyrendszerekben val\u00f3 haszn\u00e1latra terveztek. Nagy terhel\u00e9sek elvisel\u00e9s\u00e9re \u00e9s kiv\u00e1l\u00f3 teljes\u00edtm\u00e9ny biztos\u00edt\u00e1s\u00e1ra tervezt\u00e9k kih\u00edv\u00e1st jelent\u0151 k\u00f6rnyezetben.<\/p>\n<p>Ez a hidraulikus henger tart\u00f3s konstrukci\u00f3val \u00e9s kiv\u00e1l\u00f3 min\u0151s\u00e9g\u0171 anyagokkal rendelkezik, amelyek hossz\u00fa \u00e9lettartamot biztos\u00edtanak. Kompakt kialak\u00edt\u00e1s\u00e1nak k\u00f6sz\u00f6nhet\u0151en k\u00f6nnyen beszerelhet\u0151 a legt\u00f6bb korm\u00e1nyrendszerbe.<\/p>\n<p>Az FMP-korm\u00e1nym\u0171 hidraulikus munkahengere prec\u00edz \u00e9s \u00e9rz\u00e9keny korm\u00e1nyz\u00e1si vez\u00e9rl\u00e9st biztos\u00edt, lehet\u0151v\u00e9 t\u00e9ve a sima \u00e9s pontos fordul\u00e1st. K\u00e9pes kezelni a nagynyom\u00e1s\u00fa hidraulikafolyad\u00e9kot, \u00edgy megb\u00edzhat\u00f3 teljes\u00edtm\u00e9nyt biztos\u00edt m\u00e9g extr\u00e9m k\u00f6r\u00fclm\u00e9nyek k\u00f6z\u00f6tt is.<\/p>\n<p>Ak\u00e1r \u00faj korm\u00e1nyrendszerhez keres hidraulikus hengert, ak\u00e1r egy megl\u00e9v\u0151 cser\u00e9j\u00e9re van sz\u00fcks\u00e9ge, az FMP-Steering hidraulikus henger nagyszer\u0171 v\u00e1laszt\u00e1s. Megb\u00edzhat\u00f3 teljes\u00edtm\u00e9ny\u00e9nek \u00e9s tart\u00f3s konstrukci\u00f3j\u00e1nak k\u00f6sz\u00f6nhet\u0151en \u00e9vekig biztos lehet benne, hogy sima \u00e9s prec\u00edz korm\u00e1nyz\u00e1st biztos\u00edt.<\/p>\n<p><img loading=\"lazy\" decoding=\"async\" class=\"wp-image-1011636 aligncenter\" src=\"https:\/\/images.hzpt.com\/2024\/11\/qj1254-31-021-steering-cylinder-1.webp\" alt=\"\" width=\"400\" height=\"400\" title=\"\"><\/p>\n<p>A QJ1254 31 021 korm\u00e1nyhenger alapvet\u0151 alkatr\u00e9sz, amelyet k\u00fcl\u00f6nf\u00e9le j\u00e1rm\u0171vek \u00e9s g\u00e9pek hidraulikus korm\u00e1nyrendszereihez terveztek. Ez a korm\u00e1nyhenger a hidraulikus nyom\u00e1st mechanikai er\u0151v\u00e9 alak\u00edtja, lehet\u0151v\u00e9 t\u00e9ve a sima \u00e9s prec\u00edz korm\u00e1nyz\u00e1st. Robusztus fel\u00e9p\u00edt\u00e9s\u00e9nek \u00e9s fejlett funkci\u00f3inak k\u00f6sz\u00f6nhet\u0151en a QJ1254 31 021 jav\u00edtja a man\u0151verezhet\u0151s\u00e9get \u00e9s a biztons\u00e1got, \u00edgy ide\u00e1lis v\u00e1laszt\u00e1s az \u00e9p\u00edt\u0151ipar, a mez\u0151gazdas\u00e1g \u00e9s a sz\u00e1ll\u00edtm\u00e1nyoz\u00e1s ig\u00e9nyes alkalmaz\u00e1saihoz.<\/p>\n<p>A hidraulikus korm\u00e1nyrendszerek kulcsfontoss\u00e1g\u00fa r\u00e9szek\u00e9nt a QJ1254 31 021 a tart\u00f3ss\u00e1g, a pontoss\u00e1g \u00e9s a k\u00f6nny\u0171 karbantart\u00e1s egyed\u00fcl\u00e1ll\u00f3 kombin\u00e1ci\u00f3j\u00e1t k\u00edn\u00e1lja. Jellemz\u0151inek, haszn\u00e1lati m\u00f3dszereinek \u00e9s karbantart\u00e1si k\u00f6vetelm\u00e9nyeinek megismer\u00e9s\u00e9vel a kezel\u0151k n\u00f6velhetik a teljes\u00edtm\u00e9nyt \u00e9s meghosszabb\u00edthatj\u00e1k ennek a l\u00e9tfontoss\u00e1g\u00fa hidraulikus hengernek az \u00e9lettartam\u00e1t.<\/p>\n<p>A QJ1254 31 021-be val\u00f3 befektet\u00e9s nemcsak a g\u00e9pei funkcionalit\u00e1s\u00e1t \u00e9s biztons\u00e1g\u00e1t n\u00f6veli, hanem a munkav\u00e9gz\u00e9s termel\u00e9kenys\u00e9g\u00e9t is. Fedezze fel, milyen jelent\u0151s hat\u00e1ssal lehet ez a kiv\u00e1l\u00f3 min\u0151s\u00e9g\u0171 korm\u00e1nyhenger a m\u0171k\u00f6d\u00e9s\u00e9re, biztos\u00edtva a megb\u00edzhat\u00f3 \u00e9s hat\u00e9kony korm\u00e1nyz\u00e1si teljes\u00edtm\u00e9nyt minden alkalommal!<\/p>\n<h2>QJ1254 31 021 Korm\u00e1nyhenger param\u00e9ter:<\/h2>\n<p><strong>Henger \u00e1tm\u00e9r\u0151je:<\/strong> 65 mm<\/p>\n<p><strong>R\u00fad \u00e1tm\u00e9r\u0151je:<\/strong> 36 mm<\/p>\n<p><strong>Utaz\u00e1si:<\/strong> 260 mm<\/p>\n<p><strong>Telep\u00edt\u00e9si t\u00e1vols\u00e1g:<\/strong> 650 mm<\/p>\n<h2>A QJ1254 31 021 korm\u00e1nyhenger f\u0151bb jellemz\u0151i:<\/h2>\n<h4>Nagy tart\u00f3ss\u00e1g<\/h4>\n<ul>\n<li>Robusztus anyagv\u00e1laszt\u00e1s: A QJ1254 31 021 kiv\u00e1l\u00f3 min\u0151s\u00e9g\u0171 \u00f6tv\u00f6zetekb\u0151l k\u00e9sz\u00fcl, amelyeket kifejezetten szil\u00e1rds\u00e1guk \u00e9s kop\u00e1s\u00e1ll\u00f3s\u00e1guk alapj\u00e1n v\u00e1lasztottak ki. Ez biztos\u00edtja, hogy a henger ellen\u00e1lljon a neh\u00e9z ig\u00e9nybev\u00e9tel\u0171 alkalmaz\u00e1sok megterhel\u00e9s\u00e9nek, \u00edgy ide\u00e1lis olyan k\u00f6rnyezetekbe, mint az \u00e9p\u00edtkez\u00e9sek \u00e9s a mez\u0151gazdas\u00e1gi ter\u00fcletek.<\/li>\n<li>\u00dct\u00e9s- \u00e9s r\u00e1zk\u00f3d\u00e1s\u00e1ll\u00f3s\u00e1g: Robusztus kialak\u00edt\u00e1sa nemcsak a mindennapi \u00fczemi ig\u00e9nybev\u00e9teleknek ellen\u00e1ll, hanem elnyeli az \u00fct\u00e9seket \u00e9s rezg\u00e9seket is. Ez a rugalmass\u00e1g jelent\u0151sen cs\u00f6kkenti a karbantart\u00e1si ig\u00e9nyt \u00e9s meghosszabb\u00edtja a henger \u00e9lettartam\u00e1t.<\/li>\n<\/ul>\n<h4>Prec\u00edzi\u00f3s vez\u00e9rl\u00e9s<\/h4>\n<ul>\n<li style=\"list-style-type: none;\">\n<ul>\n<li>Gyorsreag\u00e1l\u00e1s\u00fa mechanizmus: A korm\u00e1nyhenger fejlett hidraulikus technol\u00f3gi\u00e1val rendelkezik, amely gyorsan \u00e9s pontosan reag\u00e1l a kezel\u0151i parancsokra. Ez a k\u00e9pess\u00e9g kulcsfontoss\u00e1g\u00fa az uralmat fenntart\u00e1s\u00e1hoz, k\u00fcl\u00f6n\u00f6sen dinamikus helyzetekben, amelyek gyors korrekci\u00f3kat ig\u00e9nyelnek.<\/li>\n<li>Fokozott biztons\u00e1g: A prec\u00edz korm\u00e1nyz\u00e1si k\u00e9pess\u00e9g\u00e9nek k\u00f6sz\u00f6nhet\u0151en a QJ1254 31 021 jav\u00edtja a biztons\u00e1got az\u00e1ltal, hogy cs\u00f6kkenti a kontrollveszt\u00e9sb\u0151l ered\u0151 balesetek val\u00f3sz\u00edn\u0171s\u00e9g\u00e9t. Ez k\u00fcl\u00f6n\u00f6sen fontos sz\u0171k helyeken vagy kih\u00edv\u00e1st jelent\u0151 terepen val\u00f3 navig\u00e1l\u00e1skor.<\/li>\n<\/ul>\n<\/li>\n<\/ul>\n<h2>Korm\u00e1nym\u0171 hidraulikus henger alkalmaz\u00e1sa<\/h2>\n<p>A korm\u00e1nym\u0171 hidraulikus hengerei a korm\u00e1nyrendszerek alapvet\u0151 alkot\u00f3elemei k\u00fcl\u00f6nf\u00e9le j\u00e1rm\u0171vekben. Ezek a hengerek, m\u00e1s n\u00e9ven korm\u00e1nym\u0171k\u00f6dtet\u0151k, seg\u00edtenek a korm\u00e1nyszivatty\u00fa \u00e1ltal termelt energi\u00e1t line\u00e1ris mozg\u00e1ss\u00e1 alak\u00edtani, amely felhaszn\u00e1lhat\u00f3 a j\u00e1rm\u0171 kerekeinek ir\u00e1ny\u00e1nak manipul\u00e1l\u00e1s\u00e1ra. \u00cdme a korm\u00e1nym\u0171 hidraulikus hengereinek n\u00e9h\u00e1ny alkalmaz\u00e1sa:<\/p>\n<ul>\n<li style=\"list-style-type: none;\">\n<ul>\n<li style=\"list-style-type: none;\">\n<ol>\n<li>Neh\u00e9zg\u00e9pj\u00e1rm\u0171vek: A korm\u00e1nym\u0171 hidraulikus hengereit gyakran haszn\u00e1lj\u00e1k neh\u00e9zg\u00e9pj\u00e1rm\u0171vekben, p\u00e9ld\u00e1ul teheraut\u00f3kban, buszokban \u00e9s \u00e9p\u00edt\u0151ipari berendez\u00e9sekben. Ezekn\u00e9l a j\u00e1rm\u0171vekn\u00e9l nagy korm\u00e1nyer\u0151re van sz\u00fcks\u00e9g, \u00e9s egy hidraulikus henger k\u00e9pes el\u0151\u00e1ll\u00edtani a kerekek forgat\u00e1s\u00e1hoz sz\u00fcks\u00e9ges er\u0151t akkor is, ha a j\u00e1rm\u0171 s\u00faly alatt van. A hidraulikus rendszer lehet\u0151v\u00e9 teszi a korm\u00e1nyszerkezet finomabb szab\u00e1lyoz\u00e1s\u00e1t is, \u00edgy a vezet\u0151k k\u00f6nnyebben navig\u00e1lhatnak a nagy, neh\u00e9zkes j\u00e1rm\u0171vekben.<\/li>\n<li>Terepj\u00e1r\u00f3k: A terepj\u00e1r\u00f3k, mint p\u00e9ld\u00e1ul a quadok, a homokfut\u00f3k \u00e9s a terepmotorok, szint\u00e9n profit\u00e1lnak a hidraulikus korm\u00e1nyhengerekb\u0151l. Ezek a j\u00e1rm\u0171vek gyakran olyan neh\u00e9z terepen k\u00f6zlekednek, ahol a hagyom\u00e1nyos korm\u00e1nyszerkezetek nem felt\u00e9tlen\u00fcl hat\u00e9konyak. A hidraulikus hengerek biztos\u00edtj\u00e1k a sz\u00fcks\u00e9ges teljes\u00edtm\u00e9nyt \u00e9s pontoss\u00e1got az akad\u00e1lyok lek\u00fczd\u00e9s\u00e9hez \u00e9s a j\u00e1rm\u0171 feletti uralom fenntart\u00e1s\u00e1hoz.<\/li>\n<li>Tenger\u00e9szeti \u00e9s rep\u00fcl\u0151g\u00e9pipari alkalmaz\u00e1sok: A korm\u00e1nym\u0171 hidraulikus hengerei nem korl\u00e1toz\u00f3dnak a sz\u00e1razf\u00f6ldi j\u00e1rm\u0171vekre. Tenger\u00e9szeti alkalmaz\u00e1sokban, p\u00e9ld\u00e1ul haj\u00f3kon \u00e9s haj\u00f3kon, valamint rep\u00fcl\u0151g\u00e9pipari technol\u00f3gi\u00e1ban, p\u00e9ld\u00e1ul \u0171rhaj\u00f3kban \u00e9s rep\u00fcl\u0151g\u00e9pekben is haszn\u00e1lj\u00e1k \u0151ket. Ezekben a k\u00f6rnyezetben a hidraulikus hengereket a korm\u00e1nylapok, uszonyok \u00e9s m\u00e1s vez\u00e9rl\u0151fel\u00fcletek ir\u00e1ny\u00e1nak manipul\u00e1l\u00e1s\u00e1ra haszn\u00e1lj\u00e1k, amelyek seg\u00edtenek a haj\u00f3 vagy rep\u00fcl\u0151g\u00e9p korm\u00e1nyz\u00e1s\u00e1ban.<\/li>\n<li>Ipari berendez\u00e9sek: A hidraulikus hengereket sz\u00e1mos ipari k\u00f6rnyezetben haszn\u00e1lj\u00e1k korm\u00e1nyz\u00e1shoz \u00e9s egy\u00e9b alkalmaz\u00e1sokhoz. P\u00e9ld\u00e1ul daruk, targonc\u00e1k vagy m\u00e1s neh\u00e9zg\u00e9pek korm\u00e1nyz\u00e1s\u00e1ra haszn\u00e1lhat\u00f3k. Ezekben a k\u00f6rnyezetben a hidraulikus hengerek biztos\u00edtj\u00e1k a sz\u00fcks\u00e9ges teljes\u00edtm\u00e9nyt \u00e9s pontoss\u00e1got nagy terhek mozgat\u00e1s\u00e1hoz vagy sz\u0171k helyeken val\u00f3 munkav\u00e9gz\u00e9shez.<\/li>\n<li>Egyedi alkalmaz\u00e1sok: Ezeken a gyakori alkalmaz\u00e1sokon k\u00edv\u00fcl a korm\u00e1nym\u0171 hidraulikus hengerei sz\u00e1mos egyedi be\u00e1ll\u00edt\u00e1sban is haszn\u00e1lhat\u00f3k. P\u00e9ld\u00e1ul k\u00eds\u00e9rleti j\u00e1rm\u0171vekben vagy protot\u00edpusokban haszn\u00e1lhat\u00f3k, amelyek egyedi korm\u00e1nyszerkezetet ig\u00e9nyelnek. M\u0171v\u00e9szeti install\u00e1ci\u00f3kban vagy kinetikus szobrokban is haszn\u00e1lhat\u00f3k, amelyek prec\u00edz \u00e9s kontroll\u00e1lt mozg\u00e1st ig\u00e9nyelnek.<\/li>\n<\/ol>\n<\/li>\n<\/ul>\n<\/li>\n<\/ul>\n<p>Amint l\u00e1thatja, a korm\u00e1nym\u0171 hidraulikus hengerei sz\u00e9les k\u00f6rben alkalmazhat\u00f3k k\u00fcl\u00f6nf\u00e9le ipar\u00e1gakban \u00e9s k\u00f6rnyezetben. Ak\u00e1r neh\u00e9zg\u00e9pj\u00e1rm\u0171vekben, terepj\u00e1r\u00f3kban, tengeri \u00e9s rep\u00fcl\u0151g\u00e9pipari alkalmaz\u00e1sokban, ipari berendez\u00e9sekben vagy egyedi alkalmaz\u00e1sokban haszn\u00e1lj\u00e1k \u0151ket, ezek a hengerek biztos\u00edtj\u00e1k a sz\u00fcks\u00e9ges teljes\u00edtm\u00e9nyt, pontoss\u00e1got \u00e9s vez\u00e9rl\u00e9st a hat\u00e9kony korm\u00e1nyz\u00e1shoz.<\/p>\n<h2>Az FMP-r\u0151l<\/h2>\n<p>Az FMP a kiv\u00e1l\u00f3 min\u0151s\u00e9g\u0171 hidraulikus hengerek, hengerk\u00e9szletek \u00e9s \u00e9p\u00edt\u0151ipari g\u00e9pek alkatr\u00e9szeinek vezet\u0151 gy\u00e1rt\u00f3ja \u00e9s forgalmaz\u00f3ja. Sok \u00e9ves ipar\u00e1gi tapasztalattal \u00e9s professzion\u00e1lis csapattal elk\u00f6telezettek vagyunk az ir\u00e1nt, hogy \u00fcgyfeleinknek megb\u00edzhat\u00f3 \u00e9s hat\u00e9kony megold\u00e1sokat ny\u00fajtsunk \u00e9p\u00edt\u0151ipari g\u00e9pekkel kapcsolatos ig\u00e9nyeikre.<\/p>\n<p>\u00cdme \u00f6t ok, ami\u00e9rt \u00e9rdemes az FMP-t v\u00e1lasztania:<\/p>\n<ul>\n<li style=\"list-style-type: none;\">\n<ul>\n<li style=\"list-style-type: none;\">\n<ol>\n<li><strong>Kiv\u00e1l\u00f3 min\u0151s\u00e9g\u0171 hidraulikus hengerek:<\/strong> Hidraulikus hengereink gy\u00e1rt\u00e1s\u00e1hoz prec\u00edzi\u00f3s m\u00e9rn\u00f6ki munk\u00e1t alkalmazunk. A min\u0151s\u00e9g ir\u00e1nti elk\u00f6telezetts\u00e9g\u00fcnk biztos\u00edtja, hogy csak a legmagasabb min\u0151s\u00e9g\u0171 alapanyagokat haszn\u00e1ljuk, \u00e9s a k\u00e9szterm\u00e9kek szigor\u00fa min\u0151s\u00e9gellen\u0151rz\u00e9s\u00e9t v\u00e9gezz\u00fck annak biztos\u00edt\u00e1sa \u00e9rdek\u00e9ben, hogy azok megfeleljenek, s\u0151t meghaladj\u00e1k az ipar\u00e1gi szabv\u00e1nyokat.<\/li>\n<li><strong>Sz\u00e9les term\u00e9kv\u00e1laszt\u00e9k:<\/strong> Term\u00e9kpalett\u00e1nk mindenf\u00e9le \u00e9p\u00edt\u0151ipari g\u00e9pet \u00e9s tartoz\u00e9kot lefed. K\u00fcl\u00f6nf\u00e9le hidraulikus hengereket, sebess\u00e9gv\u00e1lt\u00f3kat, l\u00e1ncokat, l\u00e1nckerekeket, motortartoz\u00e9kokat, hidraulikus rendszer alkatr\u00e9szeket, alv\u00e1ztartoz\u00e9kokat \u00e9s elektromos rendszer tartoz\u00e9kokat k\u00edn\u00e1lunk.<\/li>\n<li><strong>Kialakult partners\u00e9gek:<\/strong> Hossz\u00fa t\u00e1v\u00fa \u00e9s stabil partners\u00e9geket \u00e9p\u00edtett\u00fcnk ki sz\u00e1mos kiv\u00e1l\u00f3 min\u0151s\u00e9g\u0171 hazai \u00e9s k\u00fclf\u00f6ldi besz\u00e1ll\u00edt\u00f3val. Ez biztos\u00edtja, hogy minden besz\u00e1ll\u00edtott tartoz\u00e9k megfeleljen szigor\u00fa min\u0151s\u00e9gi el\u0151\u00edr\u00e1sainknak.<\/li>\n<li><strong>Tapasztalt \u00e9rt\u00e9kes\u00edt\u00e9si csapat:<\/strong> \u00c9rt\u00e9kes\u00edt\u00e9si csapatunk sok\u00e9ves tapasztalattal \u00e9s ismeretekkel rendelkezik az \u00e9p\u00edt\u0151ipari g\u00e9piparban. Professzion\u00e1lis term\u00e9ktan\u00e1csad\u00e1st \u00e9s intelligens v\u00e1s\u00e1rl\u00e1si tan\u00e1csokat tudnak ny\u00fajtani, hogy seg\u00edtsenek \u00d6nnek megalapozott d\u00f6nt\u00e9seket hozni.<\/li>\n<li><strong>Hat\u00e9kony logisztikai eloszt\u00e1si rendszer:<\/strong> Hat\u00e9kony logisztikai eloszt\u00e1si rendszerrel rendelkez\u00fcnk annak \u00e9rdek\u00e9ben, hogy \u00fcgyfeleink id\u0151ben \u00e9s pontosan megkapj\u00e1k a sz\u00fcks\u00e9ges alkatr\u00e9szeket.<\/li>\n<\/ol>\n<\/li>\n<\/ul>\n<\/li>\n<\/ul>\n<p><img decoding=\"async\" src=\"https:\/\/fmp-components.com\/wp-content\/uploads\/2025\/01\/Dump-Truck-Trailer-Hydraulic-Cylinder-product-3-3.webp\" alt=\"Hidraulikus henger\" width=\"800\" title=\"\"><\/p>\n<p>Az FMP-n\u00e9l elk\u00f6telezettek vagyunk amellett, hogy \u00fcgyfeleinknek kiv\u00e1l\u00f3 min\u0151s\u00e9g\u0171 \u00e9s megb\u00edzhat\u00f3 \u00e9p\u00edt\u0151ipari g\u00e9ptartoz\u00e9kokat \u00e9s komplett g\u00e9pi megold\u00e1sokat biztos\u00edtsunk. Modern gy\u00e1rl\u00e9tes\u00edtm\u00e9nyeinkkel, CNC szersz\u00e1mg\u00e9peinkkel, sz\u00e1m\u00edt\u00f3g\u00e9ppel seg\u00edtett tervez\u00e9s\u00fcnkkel, k\u00e9pzett alkalmazottainkkal, hidraulikus rendszer szak\u00e9rt\u0151inkkel, henger\u00f6sszeszerel\u0151inkkel \u00e9s keresked\u0151inkkel mi vagyunk az els\u0151dleges partner a hidraulikus hengerek, hengerk\u00e9szletek \u00e9s alkatr\u00e9szek ir\u00e1nti ig\u00e9nyeinek kiel\u00e9g\u00edt\u00e9s\u00e9ben.<\/p>\n<p>Szerz\u0151: CX<\/p>","protected":false},"excerpt":{"rendered":"<p>FMP-Steering Hydraulic Cylinder The FMP-Steering Hydraulic Cylinder is an advanced hydraulic cylinder designed for use in steering systems. It is engineered to withstand high loads and provide superior performance in challenging environments. This hydraulic cylinder features a durable construction with high-quality materials that ensure long-lasting use. It also has a compact design that makes it [&hellip;]<\/p>","protected":false},"featured_media":2962,"comment_status":"closed","ping_status":"closed","template":"","meta":{"_et_pb_use_builder":"","_et_pb_old_content":"","_et_gb_content_width":""},"product_brand":[],"product_cat":[67],"product_tag":[34,70],"class_list":{"0":"post-2961","1":"product","2":"type-product","3":"status-publish","4":"has-post-thumbnail","6":"product_cat-steering-hydraulic-cylinder","7":"product_tag-hydraulic-cylinder","8":"product_tag-steering-hydraulic-cylinder","10":"first","11":"instock","12":"product-type-simple"},"_links":{"self":[{"href":"https:\/\/fmp-components.com\/hu\/wp-json\/wp\/v2\/product\/2961","targetHints":{"allow":["GET"]}}],"collection":[{"href":"https:\/\/fmp-components.com\/hu\/wp-json\/wp\/v2\/product"}],"about":[{"href":"https:\/\/fmp-components.com\/hu\/wp-json\/wp\/v2\/types\/product"}],"replies":[{"embeddable":true,"href":"https:\/\/fmp-components.com\/hu\/wp-json\/wp\/v2\/comments?post=2961"}],"wp:featuredmedia":[{"embeddable":true,"href":"https:\/\/fmp-components.com\/hu\/wp-json\/wp\/v2\/media\/2962"}],"wp:attachment":[{"href":"https:\/\/fmp-components.com\/hu\/wp-json\/wp\/v2\/media?parent=2961"}],"wp:term":[{"taxonomy":"product_brand","embeddable":true,"href":"https:\/\/fmp-components.com\/hu\/wp-json\/wp\/v2\/product_brand?post=2961"},{"taxonomy":"product_cat","embeddable":true,"href":"https:\/\/fmp-components.com\/hu\/wp-json\/wp\/v2\/product_cat?post=2961"},{"taxonomy":"product_tag","embeddable":true,"href":"https:\/\/fmp-components.com\/hu\/wp-json\/wp\/v2\/product_tag?post=2961"}],"curies":[{"name":"munkaf\u00fczet","href":"https:\/\/api.w.org\/{rel}","templated":true}]}}