{"id":2955,"date":"2025-01-04T05:28:08","date_gmt":"2025-01-04T05:28:08","guid":{"rendered":"https:\/\/fmp-components.com\/product\/qj554-31-020-1-steering-cylinder\/"},"modified":"2025-05-10T13:07:04","modified_gmt":"2025-05-10T13:07:04","slug":"qj554-31-020-1-steering-cylinder","status":"publish","type":"product","link":"https:\/\/fmp-components.com\/hu\/product\/qj554-31-020-1-steering-cylinder\/","title":{"rendered":"QJ554 31 020-1 Korm\u00e1nyhenger"},"content":{"rendered":"<p>A QJ554-1 31 020 korm\u00e1nyhenger egy kiv\u00e1l\u00f3 min\u0151s\u00e9g\u0171 \u00e9s tart\u00f3s henger, amelyet neh\u00e9zg\u00e9pek prec\u00edz korm\u00e1nyz\u00e1si vez\u00e9rl\u00e9s\u00e9hez terveztek. Robusztus konstrukci\u00f3ja \u00e9s fejlett t\u00f6m\u00edt\u00e9si technol\u00f3gi\u00e1ja megb\u00edzhat\u00f3 \u00e9s k\u00f6vetkezetes teljes\u00edtm\u00e9nyt biztos\u00edt, m\u00e9g zord \u00fczemi k\u00f6r\u00fclm\u00e9nyek k\u00f6z\u00f6tt is.<\/p>\n<p>Ez a korm\u00e1nyhenger prec\u00edzen lett megtervezve a kiv\u00e1l\u00f3 reag\u00e1l\u00e1s \u00e9s ir\u00e1ny\u00edthat\u00f3s\u00e1g \u00e9rdek\u00e9ben, \u00edgy sz\u00e9les k\u00f6rben haszn\u00e1lhat\u00f3 neh\u00e9zg\u00e9pj\u00e1rm\u0171vekhez, p\u00e9ld\u00e1ul b\u00e1ny\u00e1szathoz, \u00e9p\u00edt\u0151iparhoz \u00e9s mez\u0151gazdas\u00e1ghoz. Sima \u00e9s k\u00f6vetkezetes m\u0171k\u00f6d\u00e9se biztons\u00e1gos \u00e9s hat\u00e9kony teljes\u00edtm\u00e9nyt biztos\u00edt, cs\u00f6kkentve az \u00e1ll\u00e1sid\u0151t \u00e9s a karbantart\u00e1si k\u00f6lts\u00e9geket.<\/p>\n<p>A QJ554-1 31 020 korm\u00e1nyhenger a legmagasabb ipari min\u0151s\u00e9gi \u00e9s teljes\u00edtm\u00e9nyi szabv\u00e1nyoknak megfelel\u0151en k\u00e9sz\u00fclt. A legmodernebb technol\u00f3gi\u00e1val gy\u00e1rtj\u00e1k, \u00edgy p\u00e1ratlan pontoss\u00e1got \u00e9s megb\u00edzhat\u00f3s\u00e1got biztos\u00edt.<\/p>\n<p>Kiv\u00e1l\u00f3 teljes\u00edtm\u00e9ny\u00e9nek, tart\u00f3ss\u00e1g\u00e1nak \u00e9s megb\u00edzhat\u00f3s\u00e1g\u00e1nak k\u00f6sz\u00f6nhet\u0151en a QJ554-1 31 020 korm\u00e1nyhenger ide\u00e1lis v\u00e1laszt\u00e1s neh\u00e9zg\u00e9pekhez, amelyek a legjobb korm\u00e1nyz\u00e1si vez\u00e9rl\u00e9st ig\u00e9nylik. Fektessen be ebbe a hengerbe m\u00e9g ma, \u00e9s tapasztalja meg a jobb hat\u00e9konys\u00e1got, a cs\u00f6kkentett \u00e1ll\u00e1sid\u0151t \u00e9s a megn\u00f6vekedett termel\u00e9kenys\u00e9get.<\/p>\n<div>\n<p><img loading=\"lazy\" decoding=\"async\" class=\"wp-image-1007219 aligncenter\" src=\"https:\/\/images.hzpt.com\/2024\/11\/qj554-31-020-1-steering-cylinder-1.webp\" alt=\"\" width=\"400\" height=\"399\" title=\"\">A QJ554 31 020-1 korm\u00e1nyhenger hat\u00e9konyan alak\u00edtja \u00e1t a hidraulikus nyom\u00e1st mechanikai er\u0151v\u00e9, lehet\u0151v\u00e9 t\u00e9ve a sima \u00e9s prec\u00edz korm\u00e1nyz\u00e1st. Robusztus kialak\u00edt\u00e1sa ellen\u00e1ll a zord k\u00f6rnyezeti k\u00f6r\u00fclm\u00e9nyeknek, \u00edgy a kezel\u0151k magabiztosan navig\u00e1lhatnak a kih\u00edv\u00e1st jelent\u0151 terepen is. Ez a korm\u00e1nyhenger n\u00f6veli a m\u0171k\u00f6d\u00e9si hat\u00e9konys\u00e1got \u00e9s jelent\u0151sen jav\u00edtja a biztons\u00e1got haszn\u00e1lat k\u00f6zben.<\/p>\n<p>A hidraulikus korm\u00e1nyrendszerek megb\u00edzhat\u00f3 \u00e9s hat\u00e9kony alkot\u00f3elemek\u00e9nt a QJ554 31 020-1 kiemelked\u0151en tart\u00f3s, prec\u00edz vez\u00e9rl\u00e9s\u0171 \u00e9s k\u00f6nnyen karbantarthat\u00f3, \u00edgy kiv\u00e1l\u00f3 v\u00e1laszt\u00e1s k\u00fcl\u00f6nf\u00e9le ipari alkalmaz\u00e1sokhoz. Jellemz\u0151inek, haszn\u00e1lati m\u00f3dszereinek \u00e9s karbantart\u00e1si k\u00f6vetelm\u00e9nyeinek megismer\u00e9s\u00e9vel biztos\u00edthatja az optim\u00e1lis teljes\u00edtm\u00e9nyt \u00e9s meghosszabb\u00edthatja ennek a kritikus fontoss\u00e1g\u00fa hidraulikus hengernek az \u00e9lettartam\u00e1t.<\/p>\n<p>A QJ554 31 020-1 korm\u00e1nyhengerbe val\u00f3 befektet\u00e9s jav\u00edtja g\u00e9pei funkcionalit\u00e1s\u00e1t \u00e9s biztons\u00e1g\u00e1t, ami a munkav\u00e9gz\u00e9s sor\u00e1n a termel\u00e9kenys\u00e9g n\u00f6veked\u00e9s\u00e9hez vezet. Fedezze fel, milyen k\u00fcl\u00f6nbs\u00e9get jelenthet ez a kiv\u00e1l\u00f3 min\u0151s\u00e9g\u0171 korm\u00e1nyhenger a m\u0171k\u00f6d\u00e9s\u00e9ben!<\/p>\n<\/div>\n<h3>QJ554 31 020-1 Korm\u00e1nyhenger param\u00e9tere:<\/h3>\n<div>\n<p><strong>Henger \u00e1tm\u00e9r\u0151je:<\/strong> 41 mm<\/p>\n<p><strong>R\u00fad \u00e1tm\u00e9r\u0151je:<\/strong> 35 mm<\/p>\n<p><strong>Utaz\u00e1si:<\/strong> 198 mm<\/p>\n<p><strong>Telep\u00edt\u00e9si t\u00e1vols\u00e1g:<\/strong> 334 mm<\/p>\n<\/div>\n<h2>A QJ554 31 020-1 korm\u00e1nyhenger f\u0151bb jellemz\u0151i:<\/h2>\n<h4>Nagy tart\u00f3ss\u00e1g<\/h4>\n<ul>\n<li>Anyagmin\u0151s\u00e9g: A henger nagy szil\u00e1rds\u00e1g\u00fa anyagokb\u00f3l k\u00e9sz\u00fclt, amelyek ellen\u00e1llnak a kop\u00e1snak, a f\u00e1rad\u00e1snak \u00e9s a deform\u00e1ci\u00f3nak. Ez a robusztus konstrukci\u00f3 lehet\u0151v\u00e9 teszi a henger megb\u00edzhat\u00f3 m\u0171k\u00f6d\u00e9s\u00e9t extr\u00e9m k\u00f6r\u00fclm\u00e9nyek k\u00f6z\u00f6tt, bele\u00e9rtve a nagy nyom\u00e1st \u00e9s a nagy terhel\u00e9seket.<\/li>\n<li>Hossz\u00fa \u00e9lettartam: A zord k\u00f6rnyezetben val\u00f3 m\u0171k\u00f6d\u00e9sre tervezett QJ554 31 020-1 minimaliz\u00e1lja az \u00e1ll\u00e1sid\u0151t \u00e9s a karbantart\u00e1si k\u00f6lts\u00e9geket a cser\u00e9k gyakoris\u00e1g\u00e1nak cs\u00f6kkent\u00e9s\u00e9vel. Ez a hossz\u00fa \u00e9lettartam k\u00f6lts\u00e9ghat\u00e9kony befektet\u00e9ss\u00e9 teszi az \u00fczemeltet\u0151k sz\u00e1m\u00e1ra.<\/li>\n<\/ul>\n<h4>Prec\u00edzi\u00f3s vez\u00e9rl\u00e9s<\/h4>\n<ul>\n<li>Fokozott reag\u00e1l\u00f3k\u00e9pess\u00e9g: Ez a korm\u00e1nyhenger gyors \u00e9s pontos visszajelz\u00e9st biztos\u00edt, lehet\u0151v\u00e9 t\u00e9ve a kezel\u0151k sz\u00e1m\u00e1ra a finombe\u00e1ll\u00edt\u00e1sok er\u0151fesz\u00edt\u00e9s n\u00e9lk\u00fcli elv\u00e9gz\u00e9s\u00e9t. Ak\u00e1r sz\u0171k kanyarokban navig\u00e1l, ak\u00e1r egyenetlen terepen igazodik hozz\u00e1 a korm\u00e1nyhoz, a henger prec\u00edz vez\u00e9rl\u00e9se jav\u00edtja az \u00e1ltal\u00e1nos kezelhet\u0151s\u00e9get.<\/li>\n<li>Biztons\u00e1gi fejleszt\u00e9sek: A neh\u00e9z teher alatti prec\u00edz korm\u00e1nybe\u00e1ll\u00edt\u00e1sok jav\u00edtj\u00e1k a man\u0151verezhet\u0151s\u00e9get \u00e9s fokozz\u00e1k a biztons\u00e1got. A kezel\u0151k m\u00e9g kih\u00edv\u00e1st jelent\u0151 helyzetekben is meg\u0151rizhetik az ir\u00e1ny\u00edt\u00e1st, cs\u00f6kkentve a balesetek kock\u00e1zat\u00e1t.<\/li>\n<\/ul>\n<h4>Kompakt kialak\u00edt\u00e1s<\/h4>\n<ul>\n<li>Helyhat\u00e9konys\u00e1g: A QJ554 31 020-1 kompakt kialak\u00edt\u00e1s\u00e1nak k\u00f6sz\u00f6nhet\u0151en kisebb g\u00e9pkonfigur\u00e1ci\u00f3kba is beilleszthet\u0151 a teljes\u00edtm\u00e9ny fel\u00e1ldoz\u00e1sa n\u00e9lk\u00fcl. Ez k\u00fcl\u00f6n\u00f6sen el\u0151ny\u00f6s a korl\u00e1tozott helykihaszn\u00e1l\u00e1s\u00fa alkalmaz\u00e1sokban.<\/li>\n<li>Sokoldal\u00fa integr\u00e1ci\u00f3: Alkalmazkod\u00f3k\u00e9pes kialak\u00edt\u00e1sa sz\u00e1mos berendez\u00e9shez illeszkedik, a mez\u0151gazdas\u00e1gi g\u00e9pekt\u0151l az \u00e9p\u00edt\u0151ipari j\u00e1rm\u0171vekig. Ez a sokoldal\u00fas\u00e1g lehet\u0151v\u00e9 teszi a kezel\u0151k sz\u00e1m\u00e1ra, hogy ugyanazt a hengert t\u00f6bb g\u00e9pen is haszn\u00e1lj\u00e1k, leegyszer\u0171s\u00edtve a k\u00e9szletgazd\u00e1lkod\u00e1st.<\/li>\n<\/ul>\n<h4>Korr\u00f3zi\u00f3\u00e1ll\u00f3s\u00e1g<\/h4>\n<ul>\n<li>V\u00e9d\u0151bevonat: A henger speci\u00e1lis bevonattal rendelkezik, amely v\u00e9d a rozsda \u00e9s a korr\u00f3zi\u00f3 ellen. Ez a tulajdons\u00e1g kulcsfontoss\u00e1g\u00fa k\u00fclt\u00e9ri alkalmaz\u00e1sokn\u00e1l, ahol a nedvess\u00e9gnek \u00e9s m\u00e1s elemeknek val\u00f3 kitetts\u00e9g id\u0151 el\u0151tti meghib\u00e1sod\u00e1shoz vezethet.<\/li>\n<li>Hossz\u00fa \u00e9lettartam kih\u00edv\u00e1st jelent\u0151 k\u00f6rnyezetekben: A QJ554 31 020-1 ellen\u00e1ll a k\u00f6rnyezeti k\u00e1roknak, \u00edgy meg\u0151rzi teljes\u00edtm\u00e9ny\u00e9t \u00e9s megb\u00edzhat\u00f3s\u00e1g\u00e1t, biztos\u00edtva a k\u00f6vetkezetes m\u0171k\u00f6d\u00e9st k\u00fcl\u00f6nb\u00f6z\u0151 \u00e9ghajlati \u00e9s egy\u00e9b k\u00f6r\u00fclm\u00e9nyek k\u00f6z\u00f6tt.<\/li>\n<\/ul>\n<h4>Szabv\u00e1nyos\u00edtott m\u00e9retek<\/h4>\n<ul>\n<li>Egyszer\u0171s\u00edtett csere: A QJ554 31 020-1 t\u00edpust az ipari szabv\u00e1nyoknak megfelel\u0151en tervezt\u00e9k, \u00e9s gyors, egyszer\u0171 cser\u00e9t tesz lehet\u0151v\u00e9. A kezel\u0151k jelent\u0151s m\u00f3dos\u00edt\u00e1sok n\u00e9lk\u00fcl tal\u00e1lhatnak kompatibilis alkatr\u00e9szeket.<\/li>\n<li>Sz\u00e9lesk\u00f6r\u0171 kompatibilit\u00e1s: Szabv\u00e1nyos\u00edtott m\u00e9retei biztos\u00edtj\u00e1k a z\u00f6kken\u0151mentes egy\u00fcttm\u0171k\u00f6d\u00e9st a g\u00e9pek sz\u00e9les sk\u00e1l\u00e1j\u00e1val, n\u00f6velve a rugalmass\u00e1got \u00e9s cs\u00f6kkentve az egyedi megold\u00e1sok sz\u00fcks\u00e9gess\u00e9g\u00e9t.<\/li>\n<\/ul>\n<h2>QJ554 31 020-1 Korm\u00e1nyhenger Alkalmaz\u00e1s:<\/h2>\n<p><img loading=\"lazy\" decoding=\"async\" class=\"alignnone wp-image-1007221 size-full\" src=\"https:\/\/images.hzpt.com\/2024\/11\/qj554-31-020-1-steering-cylinder-application.webp\" alt=\"\" width=\"1072\" height=\"603\" title=\"\"><\/p>\n<h2>A QJ554 31 020-1 korm\u00e1nyhenger haszn\u00e1lati m\u00f3dja:<\/h2>\n<p>A QJ554 31 020-1 korm\u00e1nyhenger haszn\u00e1lata egyszer\u0171 \u00e9s t\u00f6bb kulcsfontoss\u00e1g\u00fa l\u00e9p\u00e9sb\u0151l \u00e1ll:<\/p>\n<h3>Telep\u00edt\u00e9s<\/h3>\n<ol>\n<li>Biztons\u00e1gos r\u00f6gz\u00edt\u00e9s: Helyezze a korm\u00e1nyhengert a korm\u00e1nyrendszer kijel\u00f6lt hely\u00e9re. Gy\u0151z\u0151dj\u00f6n meg arr\u00f3l, hogy biztons\u00e1gosan r\u00f6gz\u00edtve van, hogy m\u0171k\u00f6d\u00e9s k\u00f6zben ne mozdulhasson el.<\/li>\n<li>Hidraulikus vezet\u00e9kek csatlakoztat\u00e1sa: A hidraulikus vezet\u00e9kek helyes csatlakoztat\u00e1s\u00e1hoz k\u00f6vesse a gy\u00e1rt\u00f3 el\u0151\u00edr\u00e1sait. A megfelel\u0151 csatlakoz\u00e1sok elengedhetetlenek az optim\u00e1lis folyad\u00e9k\u00e1raml\u00e1s \u00e9s a rendszer hat\u00e9konys\u00e1ga szempontj\u00e1b\u00f3l.<\/li>\n<\/ol>\n<h3>M\u0171velet<\/h3>\n<ol>\n<li>Kapcsolja be a hidraulikus rendszert: Aktiv\u00e1lja a hidraulikus rendszert, hogy nyom\u00e1st biztos\u00edtson a hengernek. Ez a l\u00e9p\u00e9s elengedhetetlen a henger hat\u00e9kony m\u0171k\u00f6d\u00e9s\u00e9hez.<\/li>\n<li>Korm\u00e1nyz\u00e1svez\u00e9rl\u00e9s: A j\u00e1rm\u0171 ir\u00e1ny\u00edt\u00e1s\u00e1hoz haszn\u00e1lja a korm\u00e1nykereket vagy a kezel\u0151szerveket. A henger a korm\u00e1nysz\u00f6g be\u00e1ll\u00edt\u00e1s\u00e1val reag\u00e1l, \u00edgy prec\u00edz ir\u00e1ny\u00edt\u00e1st biztos\u00edt a sima man\u0151verez\u00e9shez.<\/li>\n<\/ol>\n<h3>Monitoring<\/h3>\n<ol>\n<li>Ellen\u0151rizze a hidraulikafolyad\u00e9k szintj\u00e9t: Az optim\u00e1lis teljes\u00edtm\u00e9ny fenntart\u00e1sa \u00e9rdek\u00e9ben rendszeresen ellen\u0151rizze a hidraulikafolyad\u00e9k szintj\u00e9t. A megfelel\u0151 folyad\u00e9kszint elengedhetetlen a potenci\u00e1lis k\u00e1rok megel\u0151z\u00e9se \u00e9rdek\u00e9ben.<\/li>\n<li>Csatlakoz\u00e1sok ellen\u0151rz\u00e9se: Rendszeresen ellen\u0151rizze az \u00f6sszes hidraulikus csatlakoz\u00e1s szoross\u00e1g\u00e1t, \u00e9s keressen sziv\u00e1rg\u00e1sra utal\u00f3 jeleket. A csatlakoz\u00e1sok biztons\u00e1gos tart\u00e1sa n\u00f6veli a biztons\u00e1got \u00e9s a hat\u00e9konys\u00e1got.<\/li>\n<\/ol>\n<h2>Melyek a legfontosabb jellemz\u0151k, amelyeket figyelembe kell venni a korm\u00e1nym\u0171 munkahenger kiv\u00e1laszt\u00e1sakor?<\/h2>\n<p>Korm\u00e1nyhenger kiv\u00e1laszt\u00e1sakor az egyes f\u0151bb jellemz\u0151k r\u00e9szletesebb meg\u00e9rt\u00e9se seg\u00edthet megalapozott d\u00f6nt\u00e9st hozni. \u00cdme egy m\u00e9lyebb pillant\u00e1s a figyelembe veend\u0151 fontos szempontokra:<\/p>\n<h3>1. Tart\u00f3ss\u00e1g<\/h3>\n<ul>\n<li>Anyag\u00f6sszet\u00e9tel: Keressen nagy szil\u00e1rds\u00e1g\u00fa ac\u00e9lb\u00f3l vagy alum\u00ednium\u00f6tv\u00f6zetb\u0151l k\u00e9sz\u00fclt hengereket, amelyek ellen\u00e1llnak az \u00fct\u00e9seknek \u00e9s a kop\u00e1snak. A min\u0151s\u00e9gi anyagok meghosszabb\u00edtj\u00e1k a henger \u00e9lettartam\u00e1t, k\u00fcl\u00f6n\u00f6sen ig\u00e9nyes k\u00f6rnyezetben.<\/li>\n<li>Tervez\u00e9si integrit\u00e1s: Gy\u0151z\u0151dj\u00f6n meg arr\u00f3l, hogy a henger \u00fagy van kialak\u00edtva, hogy deform\u00e1ci\u00f3 vagy meghib\u00e1sod\u00e1s n\u00e9lk\u00fcl elviselje a m\u0171k\u00f6d\u00e9si ig\u00e9nybev\u00e9teleket.<\/li>\n<\/ul>\n<h3>2. Nyom\u00e1sbesorol\u00e1s<\/h3>\n<ul>\n<li>\u00dczemi nyom\u00e1s: Ellen\u0151rizze a palack maxim\u00e1lis \u00fczemi nyom\u00e1s\u00e1t, hogy megbizonyosodjon arr\u00f3l, hogy az megfelel a rendszer k\u00f6vetelm\u00e9nyeinek. Ez elengedhetetlen a biztons\u00e1gos \u00e9s hat\u00e9kony m\u0171k\u00f6d\u00e9shez.<\/li>\n<li>Biztons\u00e1gi tartal\u00e9kok: V\u00e1lasszon olyan palackot, amelynek nyom\u00e1sbesorol\u00e1sa jelent\u0151sen meghaladja a maxim\u00e1lis \u00fczemi nyom\u00e1s\u00e1t, hogy m\u0171k\u00f6d\u00e9s k\u00f6zben biztons\u00e1gos tartal\u00e9kot biztos\u00edtson.<\/li>\n<\/ul>\n<h3>3. Prec\u00edzi\u00f3s vez\u00e9rl\u00e9s<\/h3>\n<ul>\n<li>V\u00e1laszid\u0151: Olyan hengereket keressen, amelyek gyors v\u00e1laszid\u0151t biztos\u00edtanak, mivel ez befoly\u00e1solja az \u00e1ltal\u00e1nos kezelhet\u0151s\u00e9get \u00e9s man\u0151verezhet\u0151s\u00e9get. A nagy v\u00e1laszid\u0151 elengedhetetlen a finom szab\u00e1lyoz\u00e1st ig\u00e9nyl\u0151 alkalmaz\u00e1sokhoz.<\/li>\n<li>Teherb\u00edr\u00e1s: Gy\u0151z\u0151dj\u00f6n meg arr\u00f3l, hogy a henger k\u00e9pes a v\u00e1rhat\u00f3 terhel\u00e9st a teljes\u00edtm\u00e9ny fel\u00e1ldoz\u00e1sa n\u00e9lk\u00fcl kezelni. Nagy vagy dinamikus terhel\u00e9sek eset\u00e9n is meg kell \u0151riznie a pontoss\u00e1g\u00e1t.<\/li>\n<\/ul>\n<h3>4. Kompakt kialak\u00edt\u00e1s<\/h3>\n<ul>\n<li>Helyig\u00e9ny: \u00c9rt\u00e9kelje a henger fizikai m\u00e9reteit. A kompakt kialak\u00edt\u00e1s lehet\u0151v\u00e9 teszi a k\u00f6nnyebb telep\u00edt\u00e9st \u00e9s integr\u00e1l\u00e1st sz\u0171k helyekre a teljes\u00edtm\u00e9ny fel\u00e1ldoz\u00e1sa n\u00e9lk\u00fcl.<\/li>\n<li>S\u00falymegfontol\u00e1sok: A k\u00f6nnyebb hengerek cs\u00f6kkenthetik a g\u00e9p \u00f6sszt\u00f6meg\u00e9t, jav\u00edtva az \u00fczemanyag-hat\u00e9konys\u00e1got \u00e9s a teljes\u00edtm\u00e9nyt.<\/li>\n<\/ul>\n<h3>5. Korr\u00f3zi\u00f3\u00e1ll\u00f3s\u00e1g<\/h3>\n<ul>\n<li>V\u00e9d\u0151bevonatok: Keressen kr\u00f3mozott vagy epoxi bevonat\u00fa palackokat, amelyek kiv\u00e1l\u00f3an ellen\u00e1llnak a nedvess\u00e9g \u00e9s a vegyszerek okozta korr\u00f3zi\u00f3nak.<\/li>\n<li>K\u00f6rnyezeti megfelel\u0151s\u00e9g: Vegye figyelembe, hogy hol fognak m\u0171k\u00f6dni a g\u00e9pek. Ha zord k\u00f6rnyezetnek lesznek kit\u00e9ve, akkor a nagyobb korr\u00f3zi\u00f3\u00e1ll\u00f3s\u00e1g\u00fa palackokat kell el\u0151nyben r\u00e9szes\u00edteni.<\/li>\n<\/ul>\n<h2>Korm\u00e1nym\u0171 hidraulikus henger alkalmaz\u00e1sa<\/h2>\n<p>A korm\u00e1nym\u0171 hidraulikus hengerei a korm\u00e1nyrendszerek alapvet\u0151 alkot\u00f3elemei k\u00fcl\u00f6nf\u00e9le j\u00e1rm\u0171vekben. Ezek a hengerek, m\u00e1s n\u00e9ven korm\u00e1nym\u0171k\u00f6dtet\u0151k, seg\u00edtenek a korm\u00e1nyszivatty\u00fa \u00e1ltal termelt energi\u00e1t line\u00e1ris mozg\u00e1ss\u00e1 alak\u00edtani, amely felhaszn\u00e1lhat\u00f3 a j\u00e1rm\u0171 kerekeinek ir\u00e1ny\u00e1nak manipul\u00e1l\u00e1s\u00e1ra. \u00cdme a korm\u00e1nym\u0171 hidraulikus hengereinek n\u00e9h\u00e1ny alkalmaz\u00e1sa:<\/p>\n<ol>\n<li>Neh\u00e9zg\u00e9pj\u00e1rm\u0171vek: A korm\u00e1nym\u0171 hidraulikus hengereit gyakran haszn\u00e1lj\u00e1k neh\u00e9zg\u00e9pj\u00e1rm\u0171vekben, p\u00e9ld\u00e1ul teheraut\u00f3kban, buszokban \u00e9s \u00e9p\u00edt\u0151ipari berendez\u00e9sekben. Ezekn\u00e9l a j\u00e1rm\u0171vekn\u00e9l nagy korm\u00e1nyer\u0151re van sz\u00fcks\u00e9g, \u00e9s egy hidraulikus henger k\u00e9pes el\u0151\u00e1ll\u00edtani a kerekek forgat\u00e1s\u00e1hoz sz\u00fcks\u00e9ges er\u0151t akkor is, ha a j\u00e1rm\u0171 s\u00faly alatt van. A hidraulikus rendszer lehet\u0151v\u00e9 teszi a korm\u00e1nyszerkezet finomabb szab\u00e1lyoz\u00e1s\u00e1t is, \u00edgy a vezet\u0151k k\u00f6nnyebben navig\u00e1lhatnak a nagy, neh\u00e9zkes j\u00e1rm\u0171vekben.<\/li>\n<li>Terepj\u00e1r\u00f3k: A terepj\u00e1r\u00f3k, mint p\u00e9ld\u00e1ul a quadok, a homokfut\u00f3k \u00e9s a terepmotorok, szint\u00e9n profit\u00e1lnak a hidraulikus korm\u00e1nyhengerekb\u0151l. Ezek a j\u00e1rm\u0171vek gyakran olyan neh\u00e9z terepen k\u00f6zlekednek, ahol a hagyom\u00e1nyos korm\u00e1nyszerkezetek nem felt\u00e9tlen\u00fcl hat\u00e9konyak. A hidraulikus hengerek biztos\u00edtj\u00e1k a sz\u00fcks\u00e9ges teljes\u00edtm\u00e9nyt \u00e9s pontoss\u00e1got az akad\u00e1lyok lek\u00fczd\u00e9s\u00e9hez \u00e9s a j\u00e1rm\u0171 feletti uralom fenntart\u00e1s\u00e1hoz.<\/li>\n<li>Tenger\u00e9szeti \u00e9s rep\u00fcl\u0151g\u00e9pipari alkalmaz\u00e1sok: A korm\u00e1nym\u0171 hidraulikus hengerei nem korl\u00e1toz\u00f3dnak a sz\u00e1razf\u00f6ldi j\u00e1rm\u0171vekre. Tenger\u00e9szeti alkalmaz\u00e1sokban, p\u00e9ld\u00e1ul haj\u00f3kon \u00e9s haj\u00f3kon, valamint rep\u00fcl\u0151g\u00e9pipari technol\u00f3gi\u00e1ban, p\u00e9ld\u00e1ul \u0171rhaj\u00f3kban \u00e9s rep\u00fcl\u0151g\u00e9pekben is haszn\u00e1lj\u00e1k \u0151ket. Ezekben a k\u00f6rnyezetben a hidraulikus hengereket a korm\u00e1nylapok, uszonyok \u00e9s m\u00e1s vez\u00e9rl\u0151fel\u00fcletek ir\u00e1ny\u00e1nak manipul\u00e1l\u00e1s\u00e1ra haszn\u00e1lj\u00e1k, amelyek seg\u00edtenek a haj\u00f3 vagy rep\u00fcl\u0151g\u00e9p korm\u00e1nyz\u00e1s\u00e1ban.<\/li>\n<li>Ipari berendez\u00e9sek: A hidraulikus hengereket sz\u00e1mos ipari k\u00f6rnyezetben haszn\u00e1lj\u00e1k korm\u00e1nyz\u00e1shoz \u00e9s egy\u00e9b alkalmaz\u00e1sokhoz. P\u00e9ld\u00e1ul daruk, targonc\u00e1k vagy m\u00e1s neh\u00e9zg\u00e9pek korm\u00e1nyz\u00e1s\u00e1ra haszn\u00e1lhat\u00f3k. Ezekben a k\u00f6rnyezetben a hidraulikus hengerek biztos\u00edtj\u00e1k a sz\u00fcks\u00e9ges teljes\u00edtm\u00e9nyt \u00e9s pontoss\u00e1got nagy terhek mozgat\u00e1s\u00e1hoz vagy sz\u0171k helyeken val\u00f3 munkav\u00e9gz\u00e9shez.<\/li>\n<li>Egyedi alkalmaz\u00e1sok: Ezeken a gyakori alkalmaz\u00e1sokon k\u00edv\u00fcl a korm\u00e1nym\u0171 hidraulikus hengerei sz\u00e1mos egyedi be\u00e1ll\u00edt\u00e1sban is haszn\u00e1lhat\u00f3k. P\u00e9ld\u00e1ul k\u00eds\u00e9rleti j\u00e1rm\u0171vekben vagy protot\u00edpusokban haszn\u00e1lhat\u00f3k, amelyek egyedi korm\u00e1nyszerkezetet ig\u00e9nyelnek. M\u0171v\u00e9szeti install\u00e1ci\u00f3kban vagy kinetikus szobrokban is haszn\u00e1lhat\u00f3k, amelyek prec\u00edz \u00e9s kontroll\u00e1lt mozg\u00e1st ig\u00e9nyelnek.<\/li>\n<\/ol>\n<p>Amint l\u00e1thatja, a korm\u00e1nym\u0171 hidraulikus hengerei sz\u00e9les k\u00f6rben alkalmazhat\u00f3k k\u00fcl\u00f6nf\u00e9le ipar\u00e1gakban \u00e9s k\u00f6rnyezetben. Ak\u00e1r neh\u00e9zg\u00e9pj\u00e1rm\u0171vekben, terepj\u00e1r\u00f3kban, tengeri \u00e9s rep\u00fcl\u0151g\u00e9pipari alkalmaz\u00e1sokban, ipari berendez\u00e9sekben vagy egyedi alkalmaz\u00e1sokban haszn\u00e1lj\u00e1k \u0151ket, ezek a hengerek biztos\u00edtj\u00e1k a sz\u00fcks\u00e9ges teljes\u00edtm\u00e9nyt, pontoss\u00e1got \u00e9s vez\u00e9rl\u00e9st a hat\u00e9kony korm\u00e1nyz\u00e1shoz.<\/p>\n<h2>Az FMP-r\u0151l<\/h2>\n<p>Az FMP a kiv\u00e1l\u00f3 min\u0151s\u00e9g\u0171 hidraulikus hengerek, hengerk\u00e9szletek \u00e9s \u00e9p\u00edt\u0151ipari g\u00e9pek alkatr\u00e9szeinek vezet\u0151 gy\u00e1rt\u00f3ja \u00e9s forgalmaz\u00f3ja. Sok \u00e9ves ipar\u00e1gi tapasztalattal \u00e9s professzion\u00e1lis csapattal elk\u00f6telezettek vagyunk az ir\u00e1nt, hogy \u00fcgyfeleinknek megb\u00edzhat\u00f3 \u00e9s hat\u00e9kony megold\u00e1sokat ny\u00fajtsunk \u00e9p\u00edt\u0151ipari g\u00e9pekkel kapcsolatos ig\u00e9nyeikre.<\/p>\n<p>\u00cdme \u00f6t ok, ami\u00e9rt \u00e9rdemes az FMP-t v\u00e1lasztania:<\/p>\n<ol>\n<li><strong>Kiv\u00e1l\u00f3 min\u0151s\u00e9g\u0171 hidraulikus hengerek:<\/strong> Hidraulikus hengereink gy\u00e1rt\u00e1s\u00e1hoz prec\u00edzi\u00f3s m\u00e9rn\u00f6ki munk\u00e1t alkalmazunk. A min\u0151s\u00e9g ir\u00e1nti elk\u00f6telezetts\u00e9g\u00fcnk biztos\u00edtja, hogy csak a legmagasabb min\u0151s\u00e9g\u0171 alapanyagokat haszn\u00e1ljuk, \u00e9s a k\u00e9szterm\u00e9kek szigor\u00fa min\u0151s\u00e9gellen\u0151rz\u00e9s\u00e9t v\u00e9gezz\u00fck annak biztos\u00edt\u00e1sa \u00e9rdek\u00e9ben, hogy azok megfeleljenek, s\u0151t meghaladj\u00e1k az ipar\u00e1gi szabv\u00e1nyokat.<\/li>\n<li><strong>Sz\u00e9les term\u00e9kv\u00e1laszt\u00e9k:<\/strong> Term\u00e9kpalett\u00e1nk mindenf\u00e9le \u00e9p\u00edt\u0151ipari g\u00e9pet \u00e9s tartoz\u00e9kot lefed. K\u00fcl\u00f6nf\u00e9le hidraulikus hengereket, sebess\u00e9gv\u00e1lt\u00f3kat, l\u00e1ncokat, l\u00e1nckerekeket, motortartoz\u00e9kokat, hidraulikus rendszer alkatr\u00e9szeket, alv\u00e1ztartoz\u00e9kokat \u00e9s elektromos rendszer tartoz\u00e9kokat k\u00edn\u00e1lunk.<\/li>\n<li><strong>Kialakult partners\u00e9gek:<\/strong> Hossz\u00fa t\u00e1v\u00fa \u00e9s stabil partners\u00e9geket \u00e9p\u00edtett\u00fcnk ki sz\u00e1mos kiv\u00e1l\u00f3 min\u0151s\u00e9g\u0171 hazai \u00e9s k\u00fclf\u00f6ldi besz\u00e1ll\u00edt\u00f3val. Ez biztos\u00edtja, hogy minden besz\u00e1ll\u00edtott tartoz\u00e9k megfeleljen szigor\u00fa min\u0151s\u00e9gi el\u0151\u00edr\u00e1sainknak.<\/li>\n<li><strong>Tapasztalt \u00e9rt\u00e9kes\u00edt\u00e9si csapat:<\/strong> \u00c9rt\u00e9kes\u00edt\u00e9si csapatunk sok\u00e9ves tapasztalattal \u00e9s ismeretekkel rendelkezik az \u00e9p\u00edt\u0151ipari g\u00e9piparban. Professzion\u00e1lis term\u00e9ktan\u00e1csad\u00e1st \u00e9s intelligens v\u00e1s\u00e1rl\u00e1si tan\u00e1csokat tudnak ny\u00fajtani, hogy seg\u00edtsenek \u00d6nnek megalapozott d\u00f6nt\u00e9seket hozni.<\/li>\n<li><strong>Hat\u00e9kony logisztikai eloszt\u00e1si rendszer:<\/strong> Hat\u00e9kony logisztikai eloszt\u00e1si rendszerrel rendelkez\u00fcnk annak \u00e9rdek\u00e9ben, hogy \u00fcgyfeleink id\u0151ben \u00e9s pontosan megkapj\u00e1k a sz\u00fcks\u00e9ges alkatr\u00e9szeket.<\/li>\n<\/ol>\n<p><img decoding=\"async\" class=\"aligncenter\" src=\"https:\/\/fmp-components.com\/wp-content\/uploads\/2025\/01\/Dump-Truck-Trailer-Hydraulic-Cylinder-product-3-3.webp\" alt=\"Hidraulikus henger\" width=\"800\" title=\"\"><\/p>\n<p>Az FMP-n\u00e9l elk\u00f6telezettek vagyunk amellett, hogy \u00fcgyfeleinknek kiv\u00e1l\u00f3 min\u0151s\u00e9g\u0171 \u00e9s megb\u00edzhat\u00f3 \u00e9p\u00edt\u0151ipari g\u00e9ptartoz\u00e9kokat \u00e9s komplett g\u00e9pi megold\u00e1sokat biztos\u00edtsunk. Modern gy\u00e1rl\u00e9tes\u00edtm\u00e9nyeinkkel, CNC szersz\u00e1mg\u00e9peinkkel, sz\u00e1m\u00edt\u00f3g\u00e9ppel seg\u00edtett tervez\u00e9s\u00fcnkkel, k\u00e9pzett alkalmazottainkkal, hidraulikus rendszer szak\u00e9rt\u0151inkkel, henger\u00f6sszeszerel\u0151inkkel \u00e9s keresked\u0151inkkel mi vagyunk az els\u0151dleges partner a hidraulikus hengerek, hengerk\u00e9szletek \u00e9s alkatr\u00e9szek ir\u00e1nti ig\u00e9nyeinek kiel\u00e9g\u00edt\u00e9s\u00e9ben.<\/p>\n<p>Szerz\u0151: CX<\/p>","protected":false},"excerpt":{"rendered":"<p>The QJ554-1 31 020 Steering Cylinder is a high-quality and durable cylinder designed for precise steering control in heavy machinery. Its robust construction and advanced sealing technology ensure reliable and consistent performance, even in harsh operating conditions. This steering cylinder is engineered with precision to deliver excellent response and control, making it suitable for use [&hellip;]<\/p>","protected":false},"featured_media":2956,"comment_status":"closed","ping_status":"closed","template":"","meta":{"_et_pb_use_builder":"","_et_pb_old_content":"","_et_gb_content_width":""},"product_brand":[],"product_cat":[67],"product_tag":[34,70],"class_list":{"0":"post-2955","1":"product","2":"type-product","3":"status-publish","4":"has-post-thumbnail","6":"product_cat-steering-hydraulic-cylinder","7":"product_tag-hydraulic-cylinder","8":"product_tag-steering-hydraulic-cylinder","10":"first","11":"instock","12":"product-type-simple"},"_links":{"self":[{"href":"https:\/\/fmp-components.com\/hu\/wp-json\/wp\/v2\/product\/2955","targetHints":{"allow":["GET"]}}],"collection":[{"href":"https:\/\/fmp-components.com\/hu\/wp-json\/wp\/v2\/product"}],"about":[{"href":"https:\/\/fmp-components.com\/hu\/wp-json\/wp\/v2\/types\/product"}],"replies":[{"embeddable":true,"href":"https:\/\/fmp-components.com\/hu\/wp-json\/wp\/v2\/comments?post=2955"}],"wp:featuredmedia":[{"embeddable":true,"href":"https:\/\/fmp-components.com\/hu\/wp-json\/wp\/v2\/media\/2956"}],"wp:attachment":[{"href":"https:\/\/fmp-components.com\/hu\/wp-json\/wp\/v2\/media?parent=2955"}],"wp:term":[{"taxonomy":"product_brand","embeddable":true,"href":"https:\/\/fmp-components.com\/hu\/wp-json\/wp\/v2\/product_brand?post=2955"},{"taxonomy":"product_cat","embeddable":true,"href":"https:\/\/fmp-components.com\/hu\/wp-json\/wp\/v2\/product_cat?post=2955"},{"taxonomy":"product_tag","embeddable":true,"href":"https:\/\/fmp-components.com\/hu\/wp-json\/wp\/v2\/product_tag?post=2955"}],"curies":[{"name":"munkaf\u00fczet","href":"https:\/\/api.w.org\/{rel}","templated":true}]}}