{"id":2791,"date":"2025-01-04T06:36:59","date_gmt":"2025-01-04T06:36:59","guid":{"rendered":"https:\/\/fmp-components.com\/?page_id=8"},"modified":"2025-01-04T06:36:59","modified_gmt":"2025-01-04T06:36:59","slug":"silage-machine-gearbox-fmp-qz-wrxl-for-german-champion-four-disc-type-3500","status":"publish","type":"product","link":"https:\/\/fmp-components.com\/hu\/product\/silage-machine-gearbox-fmp-qz-wrxl-for-german-champion-four-disc-type-3500\/","title":{"rendered":"Sil\u00f3z\u00f3g\u00e9p hajt\u00f3m\u0171 FMP-QZ-WRXL German Champion n\u00e9gyt\u00e1rcs\u00e1s sil\u00f3z\u00f3g\u00e9phez (3500 t\u00edpus)"},"content":{"rendered":"<h2>Sil\u00f3z\u00f3g\u00e9p hajt\u00f3m\u0171 FMP-QZ-WRXL m\u00e9retei<\/h2>\n<p><img loading=\"lazy\" decoding=\"async\" class=\"alignnone size-full wp-image-2970\" src=\"https:\/\/fmp-components.com\/wp-content\/uploads\/2025\/01\/Silage-Machine-Gearbox-EP-QZ-WRXL-Dimensions.webp\" alt=\"Sil\u00f3z\u00f3g\u00e9p-hajt\u00f3m\u0171-EP-QZ-WRXL-m\u00e9retek\" width=\"1298\" height=\"902\" title=\"\" srcset=\"https:\/\/fmp-components.com\/wp-content\/uploads\/2025\/01\/Silage-Machine-Gearbox-EP-QZ-WRXL-Dimensions.webp 1298w, https:\/\/fmp-components.com\/wp-content\/uploads\/2025\/01\/Silage-Machine-Gearbox-EP-QZ-WRXL-Dimensions-1280x889.webp 1280w, https:\/\/fmp-components.com\/wp-content\/uploads\/2025\/01\/Silage-Machine-Gearbox-EP-QZ-WRXL-Dimensions-980x681.webp 980w, https:\/\/fmp-components.com\/wp-content\/uploads\/2025\/01\/Silage-Machine-Gearbox-EP-QZ-WRXL-Dimensions-480x334.webp 480w\" sizes=\"(min-width: 0px) and (max-width: 480px) 480px, (min-width: 481px) and (max-width: 980px) 980px, (min-width: 981px) and (max-width: 1280px) 1280px, (min-width: 1281px) 1298px, 100vw\" \/><\/p>\n<h2>Sil\u00f3z\u00f3g\u00e9p hajt\u00f3m\u0171 FMP-QZ-WRXL m\u0171szaki adatok<\/h2>\n<table style=\"width: 97.8953%; height: 54px;\" border=\"1\" cellspacing=\"0\" cellpadding=\"0\">\n<tbody>\n<tr>\n<td>N\u00e9v<\/td>\n<td>Alkalmas<\/td>\n<td>Fordulat<\/td>\n<td>fejl\u00e9c sorozat<\/td>\n<td>Fogazat<\/td>\n<\/tr>\n<tr>\n<td>Etet\u0151doboz<\/td>\n<td>sil\u00f3z\u00f3g\u00e9pek<\/td>\n<td>balra kanyar<\/td>\n<td>3-as sorozat<\/td>\n<td>Gleason spir\u00e1lis fogak<\/td>\n<\/tr>\n<tr>\n<td colspan=\"5\">Megjegyz\u00e9s: Ha b\u00e1rmilyen k\u00fcl\u00f6nleges ig\u00e9nye van, nyugodtan sz\u00f3ljon, mi is elfogadjuk az egyedi megrendel\u00e9seket.<\/td>\n<\/tr>\n<\/tbody>\n<\/table>\n<h2>A n\u00e9met Champion n\u00e9gyt\u00e1rcs\u00e1s sil\u00f3z\u00f3g\u00e9p sebess\u00e9gv\u00e1lt\u00f3j\u00e1nak m\u0171k\u00f6d\u00e9si elve (3500-as t\u00edpus)<\/h2>\n<p>A n\u00e9met Champion Four Disc (3500-as t\u00edpus) sil\u00f3z\u00f3g\u00e9p sebess\u00e9gv\u00e1lt\u00f3ja a traktor kard\u00e1ntengely\u00e9r\u0151l a sil\u00f3z\u00f3g\u00e9p k\u00fcl\u00f6nb\u00f6z\u0151 alkatr\u00e9szeire tov\u00e1bb\u00edtja az er\u0151t, lehet\u0151v\u00e9 t\u00e9ve a sil\u00f3 hat\u00e9kony v\u00e1g\u00e1si, apr\u00edt\u00e1si \u00e9s apr\u00edt\u00e1si feladatait. A sebess\u00e9gv\u00e1lt\u00f3 els\u0151dleges funkci\u00f3ja a kard\u00e1ntengely forg\u00e1si sebess\u00e9g\u00e9nek cs\u00f6kkent\u00e9se a nyomat\u00e9k n\u00f6vel\u00e9se mellett, ez\u00e1ltal lehet\u0151v\u00e9 t\u00e9ve a g\u00e9p sz\u00e1m\u00e1ra a sil\u00f3z\u00e1si folyamat sor\u00e1n felmer\u00fcl\u0151 nagy terhel\u00e9sek kezel\u00e9s\u00e9t.<\/p>\n<p>\u00cdme a sebess\u00e9gv\u00e1lt\u00f3 m\u0171k\u00f6d\u00e9si elv\u00e9nek r\u00e9szletes le\u00edr\u00e1sa egy n\u00e9met Champion Four Disc (3500-as t\u00edpus) kontextus\u00e1ban:<\/p>\n<p>1. <strong>Bemenet a kard\u00e1ntengelyr\u0151l<\/strong><\/p>\n<p>A sebess\u00e9gv\u00e1lt\u00f3t a PTO (teljes\u00edtm\u00e9nylead\u00f3 tengely) hajtja, amely a traktorhoz van csatlakoztatva. Amikor a traktor motorja beindul, a PTO forogni kezd. Ez a forg\u00f3mozg\u00e1s \u00e1tker\u00fcl a sebess\u00e9gv\u00e1lt\u00f3ra.<\/p>\n<p>2. <strong>Nyomat\u00e9k- \u00e9s sebess\u00e9gcs\u00f6kkent\u00e9s<\/strong><\/p>\n<p>A sebess\u00e9gv\u00e1lt\u00f3 c\u00e9lja, hogy a traktor teljes\u00edtm\u00e9nylead\u00f3 tengely\u00e9nek magas fordulatsz\u00e1m\u00e1r\u00f3l (gyakran k\u00f6r\u00fclbel\u00fcl 540 vagy 1000 fordulat\/perc, a teljes\u00edtm\u00e9nylead\u00f3 tengely t\u00edpus\u00e1t\u00f3l f\u00fcgg\u0151en) a v\u00e1g\u00f3t\u00e1rcs\u00e1k m\u0171k\u00f6dtet\u00e9s\u00e9hez megfelel\u0151 lassabb fordulatsz\u00e1mra cs\u00f6kkentse a sebess\u00e9get. Ezt egy fogasker\u00e9k-rendszerrel \u00e9rik el, amely jellemz\u0151en bolyg\u00f3kerekes vagy ferde fogaskerekes fogaskerekeket tartalmaz, amelyek a forg\u00e1si sebess\u00e9get a kimeneti nyomat\u00e9k n\u00f6vel\u00e9se mellett \u00e1ll\u00edtj\u00e1k be. Ez a sebess\u00e9gcs\u00f6kkent\u00e9s \u00e9s a nyomat\u00e9kn\u00f6veked\u00e9s biztos\u00edtja, hogy a g\u00e9p hat\u00e9konyan m\u0171k\u00f6dj\u00f6n nagy terhel\u00e9s alatt is.<\/p>\n<p><strong>3. Teljes\u00edtm\u00e9nyeloszt\u00e1s a v\u00e1g\u00f3t\u00e1rcs\u00e1khoz<\/strong><\/p>\n<p>A sebess\u00e9gv\u00e1lt\u00f3 tov\u00e1bb\u00edtja az er\u0151t a <strong>n\u00e9gy korong<\/strong> amelyek a sil\u00f3 v\u00e1g\u00e1s\u00e1\u00e9rt vagy apr\u00edt\u00e1s\u00e1\u00e9rt felel\u0151sek. Minden t\u00e1rcs\u00e1t egy tengely hajt, amely a sebess\u00e9gv\u00e1lt\u00f3 kimenet\u00e9hez van csatlakoztatva. Ezeket a v\u00e1g\u00f3t\u00e1rcs\u00e1kat gyakran egy meghat\u00e1rozott konfigur\u00e1ci\u00f3ban szerelik fel (pl. csillag vagy k\u00f6r alak\u00fa elrendez\u00e9sben), \u00e9s sokkal lassabban forognak, mint a traktor teljes\u00edtm\u00e9nylead\u00f3 tengely\u00e9nek bemeneti sebess\u00e9ge.<\/p>\n<p><strong>4. Mechanikai hat\u00e9konys\u00e1g \u00e9s terhel\u00e9skezel\u00e9s<\/strong><\/p>\n<p>A sebess\u00e9gv\u00e1lt\u00f3 a n\u00e9gy t\u00e1rcsa k\u00f6z\u00f6tti egyenletes terhel\u00e9seloszt\u00e1ssal seg\u00edt fenntartani a mechanikai hat\u00e9konys\u00e1got. Ezt \u00fagy \u00e9ri el, hogy biztos\u00edtja, hogy a traktor TLT-je \u00e1ltal gener\u00e1lt nyomat\u00e9k hat\u00e9konyan \u00e1tvitelre ker\u00fclj\u00f6n az egyes t\u00e1rcs\u00e1kra. Ez lehet\u0151v\u00e9 teszi a sil\u00f3z\u00f3g\u00e9p sz\u00e1m\u00e1ra, hogy nagy mennyis\u00e9g\u0171 anyagot dolgozzon fel gyorsan \u00e9s egyenletesen, az egyes alkatr\u00e9szek t\u00falterhel\u00e9se n\u00e9lk\u00fcl.<\/p>\n<p><strong>5. Ken\u00e9s \u00e9s h\u0171t\u00e9s<\/strong><\/p>\n<p>A nagy terhel\u00e9sek \u00e9s a folyamatos m\u0171k\u00f6d\u00e9s miatt a sebess\u00e9gv\u00e1lt\u00f3 jellemz\u0151en tartalmaz egy ken\u0151rendszert a fogaskerekek k\u00f6z\u00f6tti s\u00farl\u00f3d\u00e1s \u00e9s kop\u00e1s cs\u00f6kkent\u00e9s\u00e9re. Ez a rendszer biztos\u00edtja a z\u00f6kken\u0151mentes m\u0171k\u00f6d\u00e9st \u00e9s meghosszabb\u00edtja a sebess\u00e9gv\u00e1lt\u00f3 \u00e9lettartam\u00e1t. Egyes sebess\u00e9gv\u00e1lt\u00f3k h\u0171t\u0151rendszerrel is rendelkezhetnek, amely megakad\u00e1lyozza a t\u00falmeleged\u00e9st hosszabb haszn\u00e1lat sor\u00e1n.<\/p>\n<p>L\u00e9nyeg\u00e9ben a n\u00e9met Champion Four Disc (3500-as t\u00edpus) sil\u00f3z\u00f3g\u00e9p sebess\u00e9gv\u00e1lt\u00f3ja hat\u00e9konyan kezeli az er\u0151\u00e1tvitelt, \u00e9s biztos\u00edtja, hogy a sil\u00f3v\u00e1g\u00e1si folyamat z\u00f6kken\u0151mentesen \u00e9s hat\u00e9konyan t\u00f6rt\u00e9njen, m\u00e9g neh\u00e9z \u00fczemi k\u00f6r\u00fclm\u00e9nyek k\u00f6z\u00f6tt is.<\/p>\n<p><img loading=\"lazy\" decoding=\"async\" class=\"alignnone size-full wp-image-2972\" src=\"https:\/\/fmp-components.com\/wp-content\/uploads\/2025\/01\/Silage-Machine-Gearbox-for-German-Champion-Four-Disc-Type-3500-Working-Principle-scaled.webp\" alt=\"Sil\u00f3z\u00f3g\u00e9p-hajt\u00f3m\u0171-a-n\u00e9met-bajnok-n\u00e9gyt\u00e1rcs\u00e1s-3500-as-t\u00edpus\u00fa-szil\u00e1rd\u00edt\u00f3 ...\" width=\"2560\" height=\"1212\" title=\"\" srcset=\"https:\/\/fmp-components.com\/wp-content\/uploads\/2025\/01\/Silage-Machine-Gearbox-for-German-Champion-Four-Disc-Type-3500-Working-Principle-scaled.webp 2560w, https:\/\/fmp-components.com\/wp-content\/uploads\/2025\/01\/Silage-Machine-Gearbox-for-German-Champion-Four-Disc-Type-3500-Working-Principle-1280x606.webp 1280w, https:\/\/fmp-components.com\/wp-content\/uploads\/2025\/01\/Silage-Machine-Gearbox-for-German-Champion-Four-Disc-Type-3500-Working-Principle-980x464.webp 980w, https:\/\/fmp-components.com\/wp-content\/uploads\/2025\/01\/Silage-Machine-Gearbox-for-German-Champion-Four-Disc-Type-3500-Working-Principle-480x227.webp 480w\" sizes=\"(min-width: 0px) and (max-width: 480px) 480px, (min-width: 481px) and (max-width: 980px) 980px, (min-width: 981px) and (max-width: 1280px) 1280px, (min-width: 1281px) 2560px, 100vw\" \/><\/p>\n<h2>Sil\u00f3z\u00f3g\u00e9p sebess\u00e9gv\u00e1lt\u00f3 alkalmaz\u00e1sai a n\u00e9met Champion Four Disc (3500 t\u00edpus) rendszerhez<\/h2>\n<p>A n\u00e9met Champion Four Disc (3500-as t\u00edpus) sil\u00f3z\u00f3g\u00e9p sebess\u00e9gv\u00e1lt\u00f3ja kritikus szerepet j\u00e1tszik a sil\u00f3z\u00f3g\u00e9pek m\u0171k\u00f6d\u00e9s\u00e9ben. Ez az optim\u00e1lis er\u0151\u00e1tvitelre tervezett sebess\u00e9gv\u00e1lt\u00f3 a mez\u0151gazdas\u00e1gi \u00e1gazatban sz\u00e1mos alkalmaz\u00e1sban haszn\u00e1latos. Az al\u00e1bbiakban a sebess\u00e9gv\u00e1lt\u00f3 n\u00e9h\u00e1ny f\u0151bb alkalmaz\u00e1si ter\u00fclet\u00e9t ismertetj\u00fck:<\/p>\n<p>1. <strong>Sil\u00f3z\u00e1si betakar\u00edt\u00e1s<\/strong><\/p>\n<ul>\n<li><strong>Els\u0151dleges alkalmaz\u00e1s<\/strong>A sil\u00f3z\u00f3g\u00e9p sebess\u00e9gv\u00e1lt\u00f3j\u00e1nak els\u0151dleges funkci\u00f3ja a sil\u00f3 v\u00e1g\u00e1s\u00e1nak, apr\u00edt\u00e1s\u00e1nak \u00e9s feldolgoz\u00e1s\u00e1nak megk\u00f6nny\u00edt\u00e9se. Ez hajtja a g\u00e9p n\u00e9gy v\u00e1g\u00f3t\u00e1rcs\u00e1j\u00e1t, lehet\u0151v\u00e9 t\u00e9ve azok sz\u00e1m\u00e1ra, hogy a takarm\u00e1nyn\u00f6v\u00e9nyeket (p\u00e9ld\u00e1ul kukoric\u00e1t, f\u00fcvet, lucern\u00e1t vagy h\u00fcvelyeseket) felszeletelj\u00e9k, \u00e9s \u00e1llati takarm\u00e1nyoz\u00e1shoz felhaszn\u00e1lhat\u00f3 finomra apr\u00edtott anyagg\u00e1 alak\u00edts\u00e1k.<\/li>\n<li><strong>N\u00f6v\u00e9nyt\u00edpusok<\/strong>Ez a sebess\u00e9gv\u00e1lt\u00f3 alkalmas a sil\u00f3z\u00e1shoz haszn\u00e1lt k\u00fcl\u00f6nf\u00e9le n\u00f6v\u00e9nyek, p\u00e9ld\u00e1ul kukorica, f\u0171, cirok \u00e9s m\u00e1s z\u00f6ldtakarm\u00e1ny-n\u00f6v\u00e9nyek betakar\u00edt\u00e1s\u00e1ra. Alkalmazhat\u00f3 mind a magas nedvess\u00e9gtartalm\u00fa n\u00f6v\u00e9nyekhez (p\u00e9ld\u00e1ul kukorica), mind a sz\u00e1raz n\u00f6v\u00e9nyekhez (p\u00e9ld\u00e1ul lucerna).<\/li>\n<\/ul>\n<p>2. <strong>Takarm\u00e1nyapr\u00edt\u00e1s \u00e9s -feldolgoz\u00e1s<\/strong><\/p>\n<ul>\n<li>A sebess\u00e9gv\u00e1lt\u00f3 hajtja a v\u00e1g\u00f3- \u00e9s apr\u00edt\u00f3mechanizmusokat, amelyek elengedhetetlenek a nagy takarm\u00e1nysz\u00e1rak kisebb darabokra apr\u00edt\u00e1s\u00e1hoz. A sebess\u00e9gv\u00e1lt\u00f3 hat\u00e9kony er\u0151\u00e1tvitele lehet\u0151v\u00e9 teszi a g\u00e9p prec\u00edz v\u00e1g\u00e1st, biztos\u00edtva az egyenletes szecskahosszt. Ez a folyamat l\u00e9tfontoss\u00e1g\u00fa a k\u00f6vetkez\u0151kh\u00f6z: <strong>erjeszt\u00e9s<\/strong> a sil\u00f3t\u00e1rol\u00e1sban \u00e9s a v\u00e9gs\u0151 takarm\u00e1nyterm\u00e9k min\u0151s\u00e9g\u00e9ben.<\/li>\n<\/ul>\n<p>3. <strong>Sz\u00e9natermel\u00e9s<\/strong><\/p>\n<ul>\n<li>B\u00e1r els\u0151sorban sil\u00f3z\u00e1shoz haszn\u00e1lj\u00e1k, a sebess\u00e9gv\u00e1lt\u00f3 elengedhetetlen a sz\u00e9na el\u0151\u00e1ll\u00edt\u00e1s\u00e1hoz is, amely a takarm\u00e1ny v\u00e1g\u00e1s\u00e1t \u00e9s t\u00e1rol\u00e1s\u00e1t jelenti magasabb nedvess\u00e9gtartalommal, mint a hagyom\u00e1nyos sz\u00e9na eset\u00e9ben. A sz\u00e9n\u00e1t gyakran haszn\u00e1lj\u00e1k \u00e1llat\u00e1llom\u00e1ny takarm\u00e1nyoz\u00e1s\u00e1ra, \u00e9s a sebess\u00e9gv\u00e1lt\u00f3 biztos\u00edtja, hogy a g\u00e9p hat\u00e9konyan v\u00e1gja \u00e9s dolgozza fel a takarm\u00e1nyt, meg\u0151rizve a min\u0151s\u00e9gi sz\u00e9na el\u0151\u00e1ll\u00edt\u00e1s\u00e1hoz sz\u00fcks\u00e9ges nedvess\u00e9gtartalmat.<\/li>\n<\/ul>\n<p>4. <strong>F\u0171- \u00e9s h\u00fcvelyes szil\u00e1zs<\/strong><\/p>\n<ul>\n<li>A sebess\u00e9gv\u00e1lt\u00f3t f\u0171- \u00e9s h\u00fcvelyes szil\u00e1zs k\u00e9sz\u00edt\u00e9sekor haszn\u00e1lj\u00e1k, ami k\u00fcl\u00f6n\u00f6sen fontos a tejtermel\u0151 gazd\u00e1k \u00e9s az \u00e1llatteny\u00e9szt\u00e9s sz\u00e1m\u00e1ra. Az ilyen t\u00edpus\u00fa szil\u00e1zs kiv\u00e1l\u00f3 min\u0151s\u00e9g\u0171 takarm\u00e1nyt biztos\u00edt, a sebess\u00e9gv\u00e1lt\u00f3 pedig biztos\u00edtja a f\u0171f\u00e9l\u00e9k, p\u00e9ld\u00e1ul a csom\u00f3s eb\u00edr, a rozs vagy a l\u00f3here sima \u00e9s folyamatos apr\u00edt\u00e1s\u00e1t.<\/li>\n<\/ul>\n<p>5. <strong>Prec\u00edzi\u00f3s mez\u0151gazdas\u00e1g<\/strong><\/p>\n<ul>\n<li>A modern prec\u00edzi\u00f3s gazd\u00e1lkod\u00e1sban a fejlett sebess\u00e9gv\u00e1lt\u00f3kkal felszerelt sil\u00f3z\u00f3g\u00e9peket, mint p\u00e9ld\u00e1ul a n\u00e9met Champion Four Disc (3500-as t\u00edpus), GPS-szel \u00e9s \u00e9rz\u00e9kel\u0151technol\u00f3gi\u00e1kkal egy\u00fctt haszn\u00e1lj\u00e1k a betakar\u00edt\u00e1si folyamat optimaliz\u00e1l\u00e1s\u00e1ra. A sebess\u00e9gv\u00e1lt\u00f3 biztos\u00edtja, hogy a g\u00e9p a megfelel\u0151 sebess\u00e9ggel \u00e9s teljes\u00edtm\u00e9nnyel m\u0171k\u00f6dj\u00f6n a v\u00e1ltoz\u00f3 term\u00e9nyviszonyok kezel\u00e9s\u00e9hez, jav\u00edtva a hat\u00e9konys\u00e1got \u00e9s cs\u00f6kkentve az \u00fczemanyag-fogyaszt\u00e1st.<\/li>\n<\/ul>\n<p>\u00d6sszefoglalva, a n\u00e9met Champion Four Disc (3500-as t\u00edpus) sil\u00f3z\u00f3g\u00e9p sebess\u00e9gv\u00e1lt\u00f3ja szerves szerepet j\u00e1tszik a sil\u00f3termel\u00e9sben az\u00e1ltal, hogy lehet\u0151v\u00e9 teszi a hat\u00e9kony \u00e9s k\u00f6vetkezetes term\u00e9nyfeldolgoz\u00e1st. Sokoldal\u00fa, megb\u00edzhat\u00f3 \u00e9s n\u00e9lk\u00fcl\u00f6zhetetlen a modern mez\u0151gazdas\u00e1g k\u00fcl\u00f6nf\u00e9le alkalmaz\u00e1saiban, k\u00fcl\u00f6n\u00f6sen a nagy\u00fczemi sil\u00f3z\u00e1s betakar\u00edt\u00e1s\u00e1ban, a takarm\u00e1nyfeldolgoz\u00e1sban \u00e9s a prec\u00edzi\u00f3s gazd\u00e1lkod\u00e1sban.<\/p>\n<p><img loading=\"lazy\" decoding=\"async\" class=\"alignnone size-full wp-image-2971\" src=\"https:\/\/fmp-components.com\/wp-content\/uploads\/2025\/01\/Silage-Machine-Gearbox-EP-QZ-WRXL-for-German-Champion-Four-Disc-Type-3500.webp\" alt=\"Sil\u00f3z\u00f3g\u00e9p-hajt\u00f3m\u0171-EP-QZ-WRXL-a-N\u00e9met-Bajnok-N\u00e9gyt\u00e1rcs\u00e1s-3500-as-T\u00edpushoz\" width=\"1024\" height=\"607\" title=\"\" srcset=\"https:\/\/fmp-components.com\/wp-content\/uploads\/2025\/01\/Silage-Machine-Gearbox-EP-QZ-WRXL-for-German-Champion-Four-Disc-Type-3500.webp 1024w, https:\/\/fmp-components.com\/wp-content\/uploads\/2025\/01\/Silage-Machine-Gearbox-EP-QZ-WRXL-for-German-Champion-Four-Disc-Type-3500-980x581.webp 980w, https:\/\/fmp-components.com\/wp-content\/uploads\/2025\/01\/Silage-Machine-Gearbox-EP-QZ-WRXL-for-German-Champion-Four-Disc-Type-3500-480x285.webp 480w\" sizes=\"(min-width: 0px) and (max-width: 480px) 480px, (min-width: 481px) and (max-width: 980px) 980px, (min-width: 981px) 1024px, 100vw\" \/><\/p>\n<h3>Az FMP-r\u0151l<\/h3>\n<p>Az olaszorsz\u00e1gi sz\u00e9khely\u0171 FMP egy vezet\u0151 gy\u00e1rt\u00f3, amely nagy teljes\u00edtm\u00e9ny\u0171 sebess\u00e9gv\u00e1lt\u00f3k tervez\u00e9s\u00e9re, fejleszt\u00e9s\u00e9re \u00e9s gy\u00e1rt\u00e1s\u00e1ra specializ\u00e1l\u00f3dott, k\u00fcl\u00f6n\u00f6s tekintettel a mez\u0151gazdas\u00e1gi g\u00e9piparra. A prec\u00edzi\u00f3s m\u00e9rn\u00f6ki munk\u00e1r\u00f3l, innovat\u00edv megold\u00e1sokr\u00f3l \u00e9s rend\u00edthetetlen megb\u00edzhat\u00f3s\u00e1gr\u00f3l ismert FMP er\u0151s h\u00edrnevet szerzett mag\u00e1nak, mint megb\u00edzhat\u00f3 partner mind a mez\u0151gazdas\u00e1gi, mind az ipari szektorban. Soksz\u00edn\u0171 term\u00e9kk\u00edn\u00e1latunkban megtal\u00e1lhat\u00f3k egyedi tervez\u00e9s\u0171 sebess\u00e9gv\u00e1lt\u00f3k f\u0171ny\u00edr\u00f3khoz, kard\u00e1ntengelyekhez \u00e9s k\u00fcl\u00f6nf\u00e9le egy\u00e9b alapvet\u0151 alkatr\u00e9szekhez, amelyek mindegyike a legk\u00fcl\u00f6nb\u00f6z\u0151bb alkalmaz\u00e1sok speci\u00e1lis ig\u00e9nyeinek kiel\u00e9g\u00edt\u00e9s\u00e9re szolg\u00e1l.<\/p>\n<p>Az FMP-n\u00e9l meg\u00e9rtj\u00fck, hogy minden \u00fcgyf\u00e9l egyedi kih\u00edv\u00e1sokkal n\u00e9z szembe. Ez\u00e9rt \u00f6sszpontos\u00edtunk a szem\u00e9lyre szabott megold\u00e1sok ny\u00fajt\u00e1s\u00e1ra, legyen sz\u00f3 ak\u00e1r egyedi komponensekr\u0151l, ak\u00e1r teljesen integr\u00e1lt rendszerekr\u0151l. \u00dcgyfeleinkkel szorosan egy\u00fcttm\u0171k\u00f6dve biztos\u00edtjuk, hogy minden megold\u00e1s ne csak az \u0151 egyedi ig\u00e9nyeiket el\u00e9g\u00edtse ki, hanem n\u00f6velje a teljes\u00edtm\u00e9nyt \u00e9s maxim\u00e1lis \u00e9rt\u00e9ket ny\u00fajtson. A gyors, professzion\u00e1lis szolg\u00e1ltat\u00e1s ir\u00e1nti elk\u00f6telezetts\u00e9g\u00fcnk, a szak\u00e9rt\u0151i tan\u00e1csad\u00e1ssal kombin\u00e1lva, biztos\u00edtja, hogy minden megkeres\u00e9st prec\u00edzen \u00e9s gondosan kezelj\u00fcnk, ami a lehet\u0151 legjobb eredm\u00e9nyeket eredm\u00e9nyezi.<\/p>\n<p>A ny\u00edlt \u00e9s folyamatos kommunik\u00e1ci\u00f3 k\u00f6zponti szerepet j\u00e1tszik a megk\u00f6zel\u00edt\u00e9s\u00fcnkben. Elk\u00f6telezett csapatunk k\u00f6zvetlen\u00fcl egy\u00fcttm\u0171k\u00f6dik az \u00fcgyfelekkel a term\u00e9kfejleszt\u00e9si ciklus sor\u00e1n, hogy teljes m\u00e9rt\u00e9kben meg\u00e9rtse ig\u00e9nyeiket, \u00e9rt\u00e9kes betekint\u00e9st \u00e9s aj\u00e1nl\u00e1sokat k\u00edn\u00e1lva az optim\u00e1lis eredm\u00e9nyek biztos\u00edt\u00e1sa \u00e9rdek\u00e9ben. Ak\u00e1r \u00e9lvonalbeli term\u00e9keket fejleszt, ak\u00e1r ism\u00e9tl\u0151d\u0151 megrendel\u00e9seket teljes\u00edt, az FMP elk\u00f6telezett amellett, hogy minden alkalommal kiv\u00e1l\u00f3 min\u0151s\u00e9g\u0171, prec\u00edzi\u00f3san megtervezett megold\u00e1sokat sz\u00e1ll\u00edtson id\u0151ben. K\u00fcldet\u00e9s\u00fcnk, hogy minden projekt sor\u00e1n k\u00f6vetkezetesen kiv\u00e9teles szolg\u00e1ltat\u00e1st \u00e9s kiemelked\u0151 eredm\u00e9nyeket ny\u00fajtva fel\u00fclm\u00faljuk \u00fcgyfeleink elv\u00e1r\u00e1sait.<\/p>\n<p>A min\u0151s\u00e9g minden tev\u00e9kenys\u00e9g\u00fcnk sarokk\u00f6ve. Betartjuk a legmagasabb gy\u00e1rt\u00e1si szabv\u00e1nyokat, \u00e9s szigor\u00fa min\u0151s\u00e9gellen\u0151rz\u00e9si elj\u00e1r\u00e1sokat alkalmazunk annak biztos\u00edt\u00e1sa \u00e9rdek\u00e9ben, hogy minden term\u00e9k megfeleljen, s\u0151t gyakran meghaladja az ipar\u00e1gi szabv\u00e1nyokat. Ez a kiv\u00e1l\u00f3s\u00e1gra val\u00f3 kitart\u00f3 t\u00f6rekv\u00e9s, az integrit\u00e1s, a csapatmunka \u00e9s a kitart\u00e1s alapvet\u0151 \u00e9rt\u00e9kei mellett, lehet\u0151v\u00e9 tette sz\u00e1munkra, hogy hossz\u00fa t\u00e1v\u00fa, bizalmon alapul\u00f3 kapcsolatokat \u00e1poljunk \u00fcgyfeleinkkel k\u00f6zel 30 orsz\u00e1gban vil\u00e1gszerte.<\/p>\n<p>Az FMP mindig is t\u00f6rekedett a glob\u00e1lis partners\u00e9gek ki\u00e9p\u00edt\u00e9s\u00e9re \u00e9s meger\u0151s\u00edt\u00e9s\u00e9re. Elk\u00f6telezettek vagyunk a szak\u00e9rt\u0151i \u00fatmutat\u00e1s \u00e9s az \u00fcgyfeleink ig\u00e9nyeivel egy\u00fctt fejl\u0151d\u0151, szem\u00e9lyre szabott megold\u00e1sok ir\u00e1nt. Nem csup\u00e1n term\u00e9keket sz\u00e1ll\u00edtunk; olyan tart\u00f3s kapcsolatok ki\u00e9p\u00edt\u00e9s\u00e9re \u00f6sszpontos\u00edtunk, amelyek hozz\u00e1j\u00e1rulnak minden egyes projekt siker\u00e9hez. Ak\u00e1r innovat\u00edv megold\u00e1sokra van sz\u00fcks\u00e9ge egy \u00faj v\u00e1llalkoz\u00e1shoz, ak\u00e1r folyamatos t\u00e1mogat\u00e1sra egy megl\u00e9v\u0151 rendszerhez, az FMP k\u00e9szen \u00e1ll, hogy megoldja technikai kih\u00edv\u00e1sait \u00e9s biztos\u00edtsa a folyamatos sikert.<\/p>\n<p><img loading=\"lazy\" decoding=\"async\" class=\"alignnone wp-image-2695\" src=\"https:\/\/fmp-components.com\/wp-content\/uploads\/2025\/01\/agricultural-gearbox3.webp\" alt=\"mez\u0151gazdas\u00e1gi sebess\u00e9gv\u00e1lt\u00f3\" width=\"953\" height=\"951\" title=\"\" srcset=\"https:\/\/fmp-components.com\/wp-content\/uploads\/2025\/01\/agricultural-gearbox3.webp 953w, https:\/\/fmp-components.com\/wp-content\/uploads\/2025\/01\/agricultural-gearbox3-480x479.webp 480w\" sizes=\"(min-width: 0px) and (max-width: 480px) 480px, (min-width: 481px) 953px, 100vw\" \/><\/p>\n<p>Szerz\u0151: CX<\/p>","protected":false},"excerpt":{"rendered":"<p>Silage Machine Gearbox FMP-QZ-WRXL Dimensions Silage Machine Gearbox FMP-QZ-WRXL Technical Data Name Suitable Turn header series Toothing Feeding box silage machines left turn 3 series Gleason Helical Teeth Remark: If you have any special require feel free let me know, we also accept custom. Working Principle of Silage Machine Gearbox for German Champion Four Disc [&hellip;]<\/p>","protected":false},"featured_media":2969,"comment_status":"open","ping_status":"closed","template":"","meta":{"_et_pb_use_builder":"","_et_pb_old_content":"","_et_gb_content_width":""},"product_brand":[],"product_cat":[69],"product_tag":[],"class_list":{"0":"post-2791","1":"product","2":"type-product","3":"status-publish","4":"has-post-thumbnail","6":"product_cat-silage-machine-gearbox","8":"first","9":"instock","10":"shipping-taxable","11":"product-type-simple"},"_links":{"self":[{"href":"https:\/\/fmp-components.com\/hu\/wp-json\/wp\/v2\/product\/2791","targetHints":{"allow":["GET"]}}],"collection":[{"href":"https:\/\/fmp-components.com\/hu\/wp-json\/wp\/v2\/product"}],"about":[{"href":"https:\/\/fmp-components.com\/hu\/wp-json\/wp\/v2\/types\/product"}],"replies":[{"embeddable":true,"href":"https:\/\/fmp-components.com\/hu\/wp-json\/wp\/v2\/comments?post=2791"}],"wp:featuredmedia":[{"embeddable":true,"href":"https:\/\/fmp-components.com\/hu\/wp-json\/wp\/v2\/media\/2969"}],"wp:attachment":[{"href":"https:\/\/fmp-components.com\/hu\/wp-json\/wp\/v2\/media?parent=2791"}],"wp:term":[{"taxonomy":"product_brand","embeddable":true,"href":"https:\/\/fmp-components.com\/hu\/wp-json\/wp\/v2\/product_brand?post=2791"},{"taxonomy":"product_cat","embeddable":true,"href":"https:\/\/fmp-components.com\/hu\/wp-json\/wp\/v2\/product_cat?post=2791"},{"taxonomy":"product_tag","embeddable":true,"href":"https:\/\/fmp-components.com\/hu\/wp-json\/wp\/v2\/product_tag?post=2791"}],"curies":[{"name":"munkaf\u00fczet","href":"https:\/\/api.w.org\/{rel}","templated":true}]}}