{"id":2786,"date":"2025-01-04T05:22:33","date_gmt":"2025-01-04T05:22:33","guid":{"rendered":"https:\/\/fmp-components.com\/product\/italy-supplier-long-stroke-hydraulic-cylinder-tractor-hydraulic-steering-cylinder\/"},"modified":"2025-03-18T01:33:40","modified_gmt":"2025-03-18T01:33:40","slug":"italy-supplier-long-stroke-hydraulic-cylinder-tractor-hydraulic-steering-cylinder","status":"publish","type":"product","link":"https:\/\/fmp-components.com\/hu\/product\/italy-supplier-long-stroke-hydraulic-cylinder-tractor-hydraulic-steering-cylinder\/","title":{"rendered":"Olaszorsz\u00e1gi sz\u00e1ll\u00edt\u00f3 hossz\u00fa l\u00f6ket\u0171 hidraulikus henger traktor hidraulikus korm\u00e1nyhenger"},"content":{"rendered":"<p>Tapasztalja meg az FMP kism\u00e9ret\u0171 szervokorm\u00e1ny-hidraulikus hengereinek p\u00e1ratlan min\u0151s\u00e9g\u00e9t<\/p>\n<p>Az FMP-n\u00e9l b\u00fcszk\u00e9k vagyunk arra, hogy \u00fcgyfeleinknek a legmagasabb min\u0151s\u00e9g\u0171, kism\u00e9ret\u0171 szervokorm\u00e1ny-hidraulikus munkahengereket k\u00edn\u00e1ljuk. Hengereinket kiv\u00e9teles teljes\u00edtm\u00e9nyre \u00e9s tart\u00f3ss\u00e1gra tervezt\u00fck, biztos\u00edtva a sima \u00e9s hat\u00e9kony szervokorm\u00e1nyz\u00e1si \u00e9lm\u00e9nyt.<\/p>\n<p>Prec\u00edzen tervezett \u00e9s a legkiv\u00e1l\u00f3bb anyagokb\u00f3l k\u00e9sz\u00fclt kism\u00e9ret\u0171 szervokorm\u00e1ny-hidraulikus munkahengereink p\u00e1ratlan megb\u00edzhat\u00f3s\u00e1got \u00e9s hossz\u00fa \u00e9lettartamot k\u00edn\u00e1lnak. Ak\u00e1r kompakt aut\u00f3kr\u00f3l, ak\u00e1r k\u00f6nny\u0171 haszong\u00e9pj\u00e1rm\u0171vekr\u0151l van sz\u00f3, hengereinket apr\u00f3l\u00e9kosan kidolgozzuk, hogy megfeleljenek a szervokorm\u00e1ny-rendszerek szigor\u00fa k\u00f6vetelm\u00e9nyeinek.<\/p>\n<p>A prec\u00edz szab\u00e1lyoz\u00f3szelep-technol\u00f3gi\u00e1hoz \u00e9s a kiv\u00e1l\u00f3 t\u00f6m\u00edt\u00e9si k\u00e9pess\u00e9gekhez hasonl\u00f3 fejlett funkci\u00f3knak k\u00f6sz\u00f6nhet\u0151en hengereink z\u00f6kken\u0151mentes m\u0171k\u00f6d\u00e9st \u00e9s hat\u00e9kony er\u0151\u00e1tvitelt biztos\u00edtanak. Az eredm\u00e9ny egy \u00e9rz\u00e9keny \u00e9s k\u00f6nnyed korm\u00e1nyz\u00e1si \u00e9lm\u00e9ny, amely lehet\u0151v\u00e9 teszi a j\u00e1rm\u0171 k\u00f6nnyed \u00e9s magabiztos man\u0151verez\u00e9s\u00e9t.<\/p>\n<p>Kism\u00e9ret\u0171 szervokorm\u00e1ny-hidraulikus munkahengereink nemcsak kiv\u00e9teles teljes\u00edtm\u00e9nyt ny\u00fajtanak, de a kompakt kialak\u00edt\u00e1st is szem el\u0151tt tartva tervezt\u00e9k \u0151ket. Kis m\u00e9ret\u00fck lehet\u0151v\u00e9 teszi a k\u00f6nny\u0171 telep\u00edt\u00e9st \u00e9s integr\u00e1l\u00e1st k\u00fcl\u00f6nf\u00e9le j\u00e1rm\u0171modellekbe \u00e9s konfigur\u00e1ci\u00f3kba.<\/p>\n<p>Az FMP-n\u00e9l meg\u00e9rtj\u00fck a min\u0151s\u00e9g \u00e9s a megb\u00edzhat\u00f3s\u00e1g fontoss\u00e1g\u00e1t a szervokorm\u00e1ny-alkatr\u00e9szek eset\u00e9ben. Ez\u00e9rt kis szervokorm\u00e1ny-hidraulikus munkahengereink szigor\u00fa tesztel\u00e9sen \u00e9s min\u0151s\u00e9gbiztos\u00edt\u00e1si folyamatokon esnek \u00e1t, hogy biztos\u00edts\u00e1k a legmagasabb ipar\u00e1gi szabv\u00e1nyoknak val\u00f3 megfelel\u00e9st.<\/p>\n<p>Tapasztalja meg az FMP kism\u00e9ret\u0171 hidraulikus szervokorm\u00e1ny-hengereinek p\u00e1ratlan min\u0151s\u00e9g\u00e9t, \u00e9s \u00e9lvezze a kiv\u00e1l\u00f3 vezet\u00e9si \u00e9lm\u00e9nyt. B\u00edzzon szak\u00e9rtelm\u00fcnkben, \u00e9s hagyja, hogy hengereink fokozz\u00e1k szervokorm\u00e1ny-rendszere teljes\u00edtm\u00e9ny\u00e9t \u00e9s hat\u00e9konys\u00e1g\u00e1t.<\/p>\n<p>V\u00e1lassza az FMP-t kism\u00e9ret\u0171, megb\u00edzhat\u00f3 szervokorm\u00e1ny-hidraulikus munkahengereihez. L\u00e9pjen kapcsolatba vel\u00fcnk m\u00e9g ma, hogy t\u00f6bbet megtudjon term\u00e9keinkr\u0151l \u00e9s arr\u00f3l, hogyan v\u00e1lhatnak azok j\u00e1rm\u0171v\u00e9be.<\/p>\n<h2>R\u00f6vid bevezet\u00e9s a hidraulikus hengerekbe<\/h2>\n<p>A hidraulikus hengerek a g\u00e9pek szerves r\u00e9sz\u00e9t k\u00e9pezik, \u00e9vsz\u00e1zadokon \u00e1t\u00edvel\u0151 m\u00falttal. Az eredetileg a 19. sz\u00e1zad elej\u00e9n kifejlesztett hidraulikus hengerek sz\u00e1mos t\u00edpuss\u00e1 \u00e9s oszt\u00e1lyoz\u00e1ss\u00e1 fejl\u0151dtek, amelyek mindegyike k\u00fcl\u00f6nb\u00f6z\u0151 alkalmaz\u00e1sokhoz \u00e9s ipar\u00e1gakhoz illik.<\/p>\n<p><img decoding=\"async\" src=\"https:\/\/hzpt.com\/wp-content\/uploads\/2023\/11\/Steering-Hydraulic-Cylinder-5.webp\" alt=\"\" title=\"\"><\/p>\n<h3>A hidraulikus hengerek el\u0151nyei<\/h3>\n<p>A hatalmas teljes\u00edtm\u00e9ny\u00fckr\u0151l ismert hidraulikus hengerek nagy er\u0151t biztos\u00edtanak kompakt kialak\u00edt\u00e1sban, \u00edgy ide\u00e1lisak neh\u00e9zg\u00e9pekhez. Emellett hihetetlen\u00fcl hat\u00e9konyak, minim\u00e1lis energiavesztes\u00e9ggel \u00fczem k\u00f6zben. Tov\u00e1bb\u00e1 a hidraulikus hengerek tart\u00f3sak \u00e9s kev\u00e9s karbantart\u00e1st ig\u00e9nyelnek, \u00edgy k\u00f6lts\u00e9ghat\u00e9kony megold\u00e1st k\u00edn\u00e1lnak sz\u00e1mos ipari alkalmaz\u00e1shoz.<\/p>\n<h3>Telep\u00edt\u00e9s, jav\u00edt\u00e1s \u00e9s karbantart\u00e1s<\/h3>\n<p>A hidraulikus hengerek beszerel\u00e9se precizit\u00e1st \u00e9s szak\u00e9rtelmet ig\u00e9nyel, mivel a nem megfelel\u0151 beszerel\u00e9s meghib\u00e1sod\u00e1shoz \u00e9s biztons\u00e1gi kock\u00e1zatokhoz vezethet. A rendszeres karbantart\u00e1s \u00e9s az id\u0151ben t\u00f6rt\u00e9n\u0151 jav\u00edt\u00e1s szint\u00e9n kulcsfontoss\u00e1g\u00fa a hengerek hossz\u00fa \u00e9lettartam\u00e1nak \u00e9s optim\u00e1lis teljes\u00edtm\u00e9ny\u00e9nek biztos\u00edt\u00e1sa \u00e9rdek\u00e9ben.<\/p>\n<h2>A megfelel\u0151 hidraulikus henger kiv\u00e1laszt\u00e1sa<\/h2>\n<p>A megfelel\u0151 hidraulikus henger kiv\u00e1laszt\u00e1sa sz\u00e1mos t\u00e9nyez\u0151t vesz figyelembe, p\u00e9ld\u00e1ul a sz\u00fcks\u00e9ges er\u0151t, a l\u00f6kethosszt \u00e9s a munkak\u00f6rnyezetet. P\u00e9ld\u00e1ul egy hossz\u00fa l\u00f6ket\u0171 hidraulikus henger ide\u00e1lis olyan alkalmaz\u00e1sokhoz, amelyek nagyobb mozg\u00e1startom\u00e1nyt ig\u00e9nyelnek, m\u00edg a hidraulikus korm\u00e1nyhenger korm\u00e1nyszerkezetekhez k\u00e9sz\u00fclt.<\/p>\n<h3>Mikor \u00e9s hogyan kell hidraulikus hengereket cser\u00e9lni<\/h3>\n<p>A hidraulikus hengereket ki kell cser\u00e9lni, ha kop\u00e1s, elhaszn\u00e1l\u00f3d\u00e1s vagy s\u00e9r\u00fcl\u00e9s jeleit mutatj\u00e1k, vagy ha m\u00e1r nem biztos\u00edtj\u00e1k a sz\u00fcks\u00e9ges er\u0151t. A csere mag\u00e1ban foglalja a r\u00e9gi henger elt\u00e1vol\u00edt\u00e1s\u00e1t \u00e9s egy \u00faj beszerel\u00e9s\u00e9t, ezt a feladatot szakembernek kell elv\u00e9geznie a biztons\u00e1g \u00e9s a hat\u00e9konys\u00e1g biztos\u00edt\u00e1sa \u00e9rdek\u00e9ben.<\/p>\n<p><img decoding=\"async\" src=\"https:\/\/hzpt.com\/wp-content\/uploads\/2023\/11\/Steering-Hydraulic-Cylinder-4.webp\" alt=\"\" title=\"\"><\/p>\n<h2>Korm\u00e1nym\u0171 hidraulikus henger alkalmaz\u00e1sa<\/h2>\n<p>A korm\u00e1nym\u0171 hidraulikus hengerei a korm\u00e1nyrendszerek alapvet\u0151 alkot\u00f3elemei k\u00fcl\u00f6nf\u00e9le j\u00e1rm\u0171vekben. Ezek a hengerek, m\u00e1s n\u00e9ven korm\u00e1nym\u0171k\u00f6dtet\u0151k, seg\u00edtenek a korm\u00e1nyszivatty\u00fa \u00e1ltal termelt energi\u00e1t line\u00e1ris mozg\u00e1ss\u00e1 alak\u00edtani, amely felhaszn\u00e1lhat\u00f3 a j\u00e1rm\u0171 kerekeinek ir\u00e1ny\u00e1nak manipul\u00e1l\u00e1s\u00e1ra. \u00cdme a korm\u00e1nym\u0171 hidraulikus hengereinek n\u00e9h\u00e1ny alkalmaz\u00e1sa:<\/p>\n<ol>\n<li>Neh\u00e9z teherg\u00e9pj\u00e1rm\u0171vek:\n<p>A korm\u00e1nym\u0171 hidraulikus hengereit gyakran haszn\u00e1lj\u00e1k neh\u00e9zg\u00e9pj\u00e1rm\u0171vekben, p\u00e9ld\u00e1ul teheraut\u00f3kban, buszokban \u00e9s \u00e9p\u00edt\u0151ipari berendez\u00e9sekben. Ezekn\u00e9l a j\u00e1rm\u0171vekn\u00e9l nagy korm\u00e1nyer\u0151re van sz\u00fcks\u00e9g, \u00e9s egy hidraulikus henger k\u00e9pes el\u0151\u00e1ll\u00edtani a kerekek forgat\u00e1s\u00e1hoz sz\u00fcks\u00e9ges er\u0151t akkor is, ha a j\u00e1rm\u0171 s\u00faly alatt van. A hidraulikus rendszer lehet\u0151v\u00e9 teszi a korm\u00e1nyszerkezet finomabb szab\u00e1lyoz\u00e1s\u00e1t is, \u00edgy a vezet\u0151k k\u00f6nnyebben navig\u00e1lhatnak a nagy, neh\u00e9zkes j\u00e1rm\u0171vekben.<\/li>\n<li>Terepj\u00e1r\u00f3k:\n<p>A terepj\u00e1r\u00f3k, mint p\u00e9ld\u00e1ul a quadok, a homokfut\u00f3k \u00e9s a terepmotorok, szint\u00e9n profit\u00e1lnak a hidraulikus korm\u00e1nyhengerekb\u0151l. Ezek a j\u00e1rm\u0171vek gyakran olyan neh\u00e9z terepen k\u00f6zlekednek, ahol a hagyom\u00e1nyos korm\u00e1nyszerkezetek nem felt\u00e9tlen\u00fcl hat\u00e9konyak. A hidraulikus hengerek biztos\u00edtj\u00e1k a sz\u00fcks\u00e9ges teljes\u00edtm\u00e9nyt \u00e9s pontoss\u00e1got az akad\u00e1lyok lek\u00fczd\u00e9s\u00e9hez \u00e9s a j\u00e1rm\u0171 feletti uralom fenntart\u00e1s\u00e1hoz.<\/li>\n<li>Tenger\u00e9szeti \u00e9s rep\u00fcl\u0151g\u00e9pipari alkalmaz\u00e1sok:\n<p>A korm\u00e1nym\u0171 hidraulikus hengerei nem korl\u00e1toz\u00f3dnak a sz\u00e1razf\u00f6ldi j\u00e1rm\u0171vekre. Tengeri alkalmaz\u00e1sokban, p\u00e9ld\u00e1ul haj\u00f3kon \u00e9s haj\u00f3kon, valamint rep\u00fcl\u0151g\u00e9p-technol\u00f3gi\u00e1ban, p\u00e9ld\u00e1ul \u0171rhaj\u00f3kban \u00e9s rep\u00fcl\u0151g\u00e9pekben is haszn\u00e1lj\u00e1k \u0151ket. Ezekben a k\u00f6rnyezetben a hidraulikus hengereket a korm\u00e1nylapok, uszonyok \u00e9s m\u00e1s vez\u00e9rl\u0151fel\u00fcletek ir\u00e1ny\u00e1nak manipul\u00e1l\u00e1s\u00e1ra haszn\u00e1lj\u00e1k, amelyek seg\u00edtenek a haj\u00f3 vagy rep\u00fcl\u0151g\u00e9p korm\u00e1nyz\u00e1s\u00e1ban.<\/li>\n<li>Ipari berendez\u00e9sek:\n<p>A hidraulikus hengereket sz\u00e1mos ipari k\u00f6rnyezetben haszn\u00e1lj\u00e1k korm\u00e1nyz\u00e1shoz \u00e9s egy\u00e9b alkalmaz\u00e1sokhoz. P\u00e9ld\u00e1ul daruk, targonc\u00e1k vagy m\u00e1s neh\u00e9zg\u00e9pek korm\u00e1nyz\u00e1s\u00e1ra haszn\u00e1lhat\u00f3k. Ezekben a k\u00f6rnyezetben a hidraulikus hengerek biztos\u00edtj\u00e1k a sz\u00fcks\u00e9ges teljes\u00edtm\u00e9nyt \u00e9s pontoss\u00e1got nagy terhek mozgat\u00e1s\u00e1hoz vagy sz\u0171k helyeken val\u00f3 munkav\u00e9gz\u00e9shez.<\/li>\n<li>Egyedi alkalmaz\u00e1sok:\n<p>Ezen gyakori alkalmaz\u00e1sok mellett a korm\u00e1nym\u0171 hidraulikus hengerei sz\u00e1mos egyedi be\u00e1ll\u00edt\u00e1sban is haszn\u00e1lhat\u00f3k. P\u00e9ld\u00e1ul k\u00eds\u00e9rleti j\u00e1rm\u0171vekben vagy protot\u00edpusokban, amelyek egyedi korm\u00e1nyszerkezetet ig\u00e9nyelnek. M\u0171v\u00e9szi install\u00e1ci\u00f3kban vagy kinetikus szobrokban is haszn\u00e1lhat\u00f3k, amelyek prec\u00edz \u00e9s kontroll\u00e1lt mozg\u00e1st ig\u00e9nyelnek.<\/li>\n<\/ol>\n<p>Amint l\u00e1thatja, a korm\u00e1nym\u0171 hidraulikus hengerei sz\u00e9les k\u00f6rben alkalmazhat\u00f3k k\u00fcl\u00f6nf\u00e9le ipar\u00e1gakban \u00e9s k\u00f6rnyezetben. Ak\u00e1r neh\u00e9zg\u00e9pj\u00e1rm\u0171vekben, terepj\u00e1r\u00f3kban, tengeri \u00e9s rep\u00fcl\u0151g\u00e9pipari alkalmaz\u00e1sokban, ipari berendez\u00e9sekben vagy egyedi alkalmaz\u00e1sokban haszn\u00e1lj\u00e1k \u0151ket, ezek a hengerek biztos\u00edtj\u00e1k a sz\u00fcks\u00e9ges teljes\u00edtm\u00e9nyt, pontoss\u00e1got \u00e9s vez\u00e9rl\u00e9st a hat\u00e9kony korm\u00e1nyz\u00e1shoz.<\/p>\n<h2>Az FMP-r\u0151l<\/h2>\n<p>Az FMP a kiv\u00e1l\u00f3 min\u0151s\u00e9g\u0171 hidraulikus hengerek, hengerk\u00e9szletek \u00e9s \u00e9p\u00edt\u0151ipari g\u00e9pek alkatr\u00e9szeinek vezet\u0151 gy\u00e1rt\u00f3ja \u00e9s forgalmaz\u00f3ja. Sok \u00e9ves ipar\u00e1gi tapasztalattal \u00e9s professzion\u00e1lis csapattal elk\u00f6telezettek vagyunk az ir\u00e1nt, hogy \u00fcgyfeleinknek megb\u00edzhat\u00f3 \u00e9s hat\u00e9kony megold\u00e1sokat ny\u00fajtsunk \u00e9p\u00edt\u0151ipari g\u00e9pekkel kapcsolatos ig\u00e9nyeikre.<\/p>\n<p>\u00cdme \u00f6t ok, ami\u00e9rt \u00e9rdemes az FMP-t v\u00e1lasztania:<\/p>\n<ol>\n<li><strong>Kiv\u00e1l\u00f3 min\u0151s\u00e9g\u0171 hidraulikus hengerek:<\/strong> Hidraulikus hengereink gy\u00e1rt\u00e1s\u00e1hoz prec\u00edzi\u00f3s m\u00e9rn\u00f6ki munk\u00e1t alkalmazunk. A min\u0151s\u00e9g ir\u00e1nti elk\u00f6telezetts\u00e9g\u00fcnk biztos\u00edtja, hogy csak a legmagasabb min\u0151s\u00e9g\u0171 alapanyagokat haszn\u00e1ljuk, \u00e9s a k\u00e9szterm\u00e9kek szigor\u00fa min\u0151s\u00e9gellen\u0151rz\u00e9s\u00e9t v\u00e9gezz\u00fck annak biztos\u00edt\u00e1sa \u00e9rdek\u00e9ben, hogy azok megfeleljenek, s\u0151t meghaladj\u00e1k az ipar\u00e1gi szabv\u00e1nyokat.<\/li>\n<li><strong>Sz\u00e9les term\u00e9kv\u00e1laszt\u00e9k:<\/strong> Term\u00e9kpalett\u00e1nk mindenf\u00e9le \u00e9p\u00edt\u0151ipari g\u00e9pet \u00e9s tartoz\u00e9kot lefed. K\u00fcl\u00f6nf\u00e9le hidraulikus hengereket, sebess\u00e9gv\u00e1lt\u00f3kat, l\u00e1ncokat, l\u00e1nckerekeket, motortartoz\u00e9kokat, hidraulikus rendszer alkatr\u00e9szeket, alv\u00e1ztartoz\u00e9kokat \u00e9s elektromos rendszer tartoz\u00e9kokat k\u00edn\u00e1lunk.<\/li>\n<li><strong>Kialakult partners\u00e9gek:<\/strong> Hossz\u00fa t\u00e1v\u00fa \u00e9s stabil partners\u00e9geket \u00e9p\u00edtett\u00fcnk ki sz\u00e1mos kiv\u00e1l\u00f3 min\u0151s\u00e9g\u0171 hazai \u00e9s k\u00fclf\u00f6ldi besz\u00e1ll\u00edt\u00f3val. Ez biztos\u00edtja, hogy minden besz\u00e1ll\u00edtott tartoz\u00e9k megfeleljen szigor\u00fa min\u0151s\u00e9gi el\u0151\u00edr\u00e1sainknak.<\/li>\n<li><strong>Tapasztalt \u00e9rt\u00e9kes\u00edt\u00e9si csapat:<\/strong> \u00c9rt\u00e9kes\u00edt\u00e9si csapatunk sok\u00e9ves tapasztalattal \u00e9s ismeretekkel rendelkezik az \u00e9p\u00edt\u0151ipari g\u00e9piparban. Professzion\u00e1lis term\u00e9ktan\u00e1csad\u00e1st \u00e9s intelligens v\u00e1s\u00e1rl\u00e1si tan\u00e1csokat tudnak ny\u00fajtani, hogy seg\u00edtsenek \u00d6nnek megalapozott d\u00f6nt\u00e9seket hozni.<\/li>\n<li><strong>Hat\u00e9kony logisztikai eloszt\u00e1si rendszer:<\/strong> Hat\u00e9kony logisztikai eloszt\u00e1si rendszerrel rendelkez\u00fcnk annak \u00e9rdek\u00e9ben, hogy \u00fcgyfeleink id\u0151ben \u00e9s pontosan megkapj\u00e1k a sz\u00fcks\u00e9ges alkatr\u00e9szeket.<\/li>\n<\/ol>\n<p><img decoding=\"async\" src=\"https:\/\/fmp-components.com\/wp-content\/uploads\/2025\/01\/Dump-Truck-Trailer-Hydraulic-Cylinder-product-3-3.webp\" alt=\"Hidraulikus henger\" width=\"800\" title=\"\"><\/p>\n<p>Az FMP-n\u00e9l elk\u00f6telezettek vagyunk amellett, hogy \u00fcgyfeleinknek kiv\u00e1l\u00f3 min\u0151s\u00e9g\u0171 \u00e9s megb\u00edzhat\u00f3 \u00e9p\u00edt\u0151ipari g\u00e9ptartoz\u00e9kokat \u00e9s komplett g\u00e9pi megold\u00e1sokat biztos\u00edtsunk. Modern gy\u00e1rl\u00e9tes\u00edtm\u00e9nyeinkkel, CNC szersz\u00e1mg\u00e9peinkkel, sz\u00e1m\u00edt\u00f3g\u00e9ppel seg\u00edtett tervez\u00e9s\u00fcnkkel, k\u00e9pzett alkalmazottainkkal, hidraulikus rendszer szak\u00e9rt\u0151inkkel, henger\u00f6sszeszerel\u0151inkkel \u00e9s keresked\u0151inkkel mi vagyunk az els\u0151dleges partner a hidraulikus hengerek, hengerk\u00e9szletek \u00e9s alkatr\u00e9szek ir\u00e1nti ig\u00e9nyeinek kiel\u00e9g\u00edt\u00e9s\u00e9ben.<\/p>\n<p>Szerz\u0151: CX<\/p>","protected":false},"excerpt":{"rendered":"<p>Experience the Unmatched Quality of FMP&#8217;s Small Power Steering Hydraulic Cylinders At FMP, we take pride in providing our customers with the highest quality small power steering hydraulic cylinders. Our cylinders are designed to deliver exceptional performance and durability, ensuring a smooth and efficient power steering experience. Engineered with precision and built with the finest [&hellip;]<\/p>","protected":false},"featured_media":2787,"comment_status":"closed","ping_status":"closed","template":"","meta":{"_et_pb_use_builder":"","_et_pb_old_content":"","_et_gb_content_width":""},"product_brand":[],"product_cat":[67],"product_tag":[34,70],"class_list":{"0":"post-2786","1":"product","2":"type-product","3":"status-publish","4":"has-post-thumbnail","6":"product_cat-steering-hydraulic-cylinder","7":"product_tag-hydraulic-cylinder","8":"product_tag-steering-hydraulic-cylinder","10":"first","11":"instock","12":"product-type-simple"},"_links":{"self":[{"href":"https:\/\/fmp-components.com\/hu\/wp-json\/wp\/v2\/product\/2786","targetHints":{"allow":["GET"]}}],"collection":[{"href":"https:\/\/fmp-components.com\/hu\/wp-json\/wp\/v2\/product"}],"about":[{"href":"https:\/\/fmp-components.com\/hu\/wp-json\/wp\/v2\/types\/product"}],"replies":[{"embeddable":true,"href":"https:\/\/fmp-components.com\/hu\/wp-json\/wp\/v2\/comments?post=2786"}],"wp:featuredmedia":[{"embeddable":true,"href":"https:\/\/fmp-components.com\/hu\/wp-json\/wp\/v2\/media\/2787"}],"wp:attachment":[{"href":"https:\/\/fmp-components.com\/hu\/wp-json\/wp\/v2\/media?parent=2786"}],"wp:term":[{"taxonomy":"product_brand","embeddable":true,"href":"https:\/\/fmp-components.com\/hu\/wp-json\/wp\/v2\/product_brand?post=2786"},{"taxonomy":"product_cat","embeddable":true,"href":"https:\/\/fmp-components.com\/hu\/wp-json\/wp\/v2\/product_cat?post=2786"},{"taxonomy":"product_tag","embeddable":true,"href":"https:\/\/fmp-components.com\/hu\/wp-json\/wp\/v2\/product_tag?post=2786"}],"curies":[{"name":"munkaf\u00fczet","href":"https:\/\/api.w.org\/{rel}","templated":true}]}}