{"id":2771,"date":"2025-01-04T05:22:33","date_gmt":"2025-01-04T05:22:33","guid":{"rendered":"https:\/\/fmp-components.com\/product\/high-quality-hydraulic-ram-cylinder-long-stroke-tractor-hydraulic-steering-cylinder\/"},"modified":"2025-03-18T01:43:10","modified_gmt":"2025-03-18T01:43:10","slug":"high-quality-hydraulic-ram-cylinder-long-stroke-tractor-hydraulic-steering-cylinder","status":"publish","type":"product","link":"https:\/\/fmp-components.com\/hu\/product\/high-quality-hydraulic-ram-cylinder-long-stroke-tractor-hydraulic-steering-cylinder\/","title":{"rendered":"Kiv\u00e1l\u00f3 min\u0151s\u00e9g\u0171 hidraulikus korm\u00e1nyhenger, hossz\u00fa l\u00f6ket\u0171 traktor hidraulikus korm\u00e1nyhenger"},"content":{"rendered":"<div>\n<h2>Pr\u00e9mium min\u0151s\u00e9g\u0171 hidraulikus korm\u00e1nyhenger<\/h2>\n<p>A pr\u00e9mium min\u0151s\u00e9g\u0171 hidraulikus korm\u00e1nyhenger kiv\u00e1l\u00f3 teljes\u00edtm\u00e9nyt \u00e9s tart\u00f3ss\u00e1got biztos\u00edt mez\u0151gazdas\u00e1gi p\u00f3tkocsik sz\u00e1m\u00e1ra. Fejlett hidraulikus technol\u00f3gi\u00e1j\u00e1nak k\u00f6sz\u00f6nhet\u0151en ez a henger prec\u00edz \u00e9s sima korm\u00e1nyz\u00e1st biztos\u00edt, m\u00e9g neh\u00e9z k\u00f6r\u00fclm\u00e9nyek k\u00f6z\u00f6tt is.<\/p>\n<p>F\u0151bb jellemz\u0151k:<\/p>\n<ul>\n<li>Kiv\u00e1l\u00f3 min\u0151s\u00e9g\u0171 anyagok a fokozott tart\u00f3ss\u00e1g \u00e9rdek\u00e9ben<\/li>\n<li>Hat\u00e9kony hidraulikus rendszer az optim\u00e1lis korm\u00e1nyz\u00e1si vez\u00e9rl\u00e9shez<\/li>\n<li>K\u00f6nny\u0171 telep\u00edt\u00e9s \u00e9s karbantart\u00e1s<\/li>\n<li>Mez\u0151gazdas\u00e1gi p\u00f3tkocsikhoz tervezve<\/li>\n<li>Megb\u00edzhat\u00f3 teljes\u00edtm\u00e9ny k\u00fcl\u00f6nb\u00f6z\u0151 id\u0151j\u00e1r\u00e1si \u00e9s terepviszonyok k\u00f6z\u00f6tt<\/li>\n<\/ul>\n<p>Ak\u00e1r egy kisgazdas\u00e1gban, ak\u00e1r egy nagy mez\u0151gazdas\u00e1gi \u00fczemben dolgozik, a pr\u00e9mium min\u0151s\u00e9g\u0171 hidraulikus korm\u00e1nyhenger az ide\u00e1lis v\u00e1laszt\u00e1s a sima \u00e9s hat\u00e9kony korm\u00e1nyz\u00e1s biztos\u00edt\u00e1s\u00e1hoz. Fektessen be ebbe a kiv\u00e1l\u00f3 min\u0151s\u00e9g\u0171 hidraulikus hengerbe, hogy n\u00f6velje mez\u0151gazdas\u00e1gi p\u00f3tkocsija teljes\u00edtm\u00e9ny\u00e9t \u00e9s termel\u00e9kenys\u00e9g\u00e9t.<\/p>\n<\/div>\n<h2>Bevezet\u00e9s a hidraulikus korm\u00e1nyhengerekbe<\/h2>\n<p>A hidraulikus korm\u00e1nyhengerek r\u00e9g\u00f3ta n\u00e9lk\u00fcl\u00f6zhetetlen alkatr\u00e9szek a g\u00e9pekben, k\u00fcl\u00f6n\u00f6sen a traktorokban. Ezek minden hidraulikus rendszer sz\u00edve \u00e9s lelke, \u00e9s kulcsszerepet j\u00e1tszanak a folyad\u00e9kenergia mechanikai energi\u00e1v\u00e1 alak\u00edt\u00e1s\u00e1ban. A hidraulikus korm\u00e1nyhengerek t\u00f6rt\u00e9nete az ipari forradalomig ny\u00falik vissza, amikor el\u0151sz\u00f6r haszn\u00e1lt\u00e1k \u0151ket neh\u00e9zg\u00e9pek meghajt\u00e1s\u00e1ra.<\/p>\n<h3>Hidraulikus korm\u00e1nyhengerek oszt\u00e1lyoz\u00e1sa<\/h3>\n<p>A hidraulikus korm\u00e1nyhengerek k\u00fcl\u00f6nf\u00e9le t\u00edpusokban kaphat\u00f3k, bele\u00e9rtve a dugatty\u00fas hengert, a dugatty\u00fas hengert \u00e9s a teleszk\u00f3pos hengert. Mindegyik t\u00edpust meghat\u00e1rozott k\u00f6r\u00fclm\u00e9nyek k\u00f6z\u00f6tti m\u0171k\u00f6d\u00e9sre tervezt\u00e9k, \u00e9s egyedi el\u0151ny\u00f6kkel rendelkeznek. P\u00e9ld\u00e1ul a dugatty\u00fas henger, amely a leggyakoribb t\u00edpus, nagy teljes\u00edtm\u00e9ny\u00e9r\u0151l \u00e9s hat\u00e9konys\u00e1g\u00e1r\u00f3l ismert.<\/p>\n<h3>A hidraulikus korm\u00e1nyhengerek el\u0151nyei<\/h3>\n<p>A hidraulikus korm\u00e1nyhengerek sz\u00e1mos el\u0151nnyel rendelkeznek m\u00e1s t\u00edpus\u00fa hengerekkel szemben. Alacsony sebess\u00e9gn\u00e9l nagy er\u0151t biztos\u00edtanak, \u00edgy ide\u00e1lisak a nagy nyomat\u00e9kot ig\u00e9nyl\u0151 alkalmaz\u00e1sokhoz. Emellett rendk\u00edv\u00fcl tart\u00f3sak \u00e9s ellen\u00e1llnak a zord \u00fczemi k\u00f6r\u00fclm\u00e9nyeknek.<\/p>\n<h2>A megfelel\u0151 hidraulikaolaj \u00e9s olajt\u00f6m\u00edt\u00e9s kiv\u00e1laszt\u00e1sa<\/h2>\n<p>A megfelel\u0151 hidraulikaolaj \u00e9s olajt\u00f6m\u00edt\u00e9s kiv\u00e1laszt\u00e1sa a hidraulikus korm\u00e1nyhengerhez elengedhetetlen a teljes\u00edtm\u00e9ny\u00e9hez \u00e9s hossz\u00fa \u00e9lettartam\u00e1hoz. A megfelel\u0151 hidraulikaolaj cs\u00f6kkenti a kop\u00e1st, n\u00f6veli a hat\u00e9konys\u00e1got \u00e9s meghosszabb\u00edtja a henger \u00e9lettartam\u00e1t. Hasonl\u00f3k\u00e9ppen, a megfelel\u0151 olajt\u00f6m\u00edt\u00e9s megakad\u00e1lyozza a folyad\u00e9k sziv\u00e1rg\u00e1s\u00e1t, biztos\u00edtva, hogy a henger a cs\u00facsteljes\u00edtm\u00e9nyen m\u0171k\u00f6dj\u00f6n.<\/p>\n<h3>Mikor \u00e9s hogyan cser\u00e9lje ki a hidraulikus korm\u00e1nyhengert?<\/h3>\n<p>Mint minden mechanikus alkatr\u00e9sz, a hidraulikus korm\u00e1nyhengerek is rendszeres karbantart\u00e1st \u00e9s id\u0151nk\u00e9nti cser\u00e9t ig\u00e9nyelnek. A henger cser\u00e9j\u00e9nek sz\u00fcks\u00e9gess\u00e9g\u00e9re utal\u00f3 jelek k\u00f6z\u00e9 tartozik a cs\u00f6kkent teljes\u00edtm\u00e9ny, a sziv\u00e1rg\u00e1s \u00e9s a l\u00e1that\u00f3 s\u00e9r\u00fcl\u00e9sek. A cser\u00e9t szakk\u00e9pzett szerel\u0151nek kell elv\u00e9geznie, hogy biztos\u00edtsa az \u00faj henger helyes \u00e9s biztons\u00e1gos beszerel\u00e9s\u00e9t.<\/p>\n<p><img decoding=\"async\" src=\"https:\/\/hzpt.com\/wp-content\/uploads\/2023\/11\/Steering-Hydraulic-Cylinder-4.webp\" alt=\"\" title=\"\"><\/p>\n<h2>Korm\u00e1nym\u0171 hidraulikus henger alkalmaz\u00e1sa<\/h2>\n<p>A korm\u00e1nym\u0171 hidraulikus hengerei a korm\u00e1nyrendszerek alapvet\u0151 alkot\u00f3elemei k\u00fcl\u00f6nf\u00e9le j\u00e1rm\u0171vekben. Ezek a hengerek, m\u00e1s n\u00e9ven korm\u00e1nym\u0171k\u00f6dtet\u0151k, seg\u00edtenek a korm\u00e1nyszivatty\u00fa \u00e1ltal termelt energi\u00e1t line\u00e1ris mozg\u00e1ss\u00e1 alak\u00edtani, amely felhaszn\u00e1lhat\u00f3 a j\u00e1rm\u0171 kerekeinek ir\u00e1ny\u00e1nak manipul\u00e1l\u00e1s\u00e1ra. \u00cdme a korm\u00e1nym\u0171 hidraulikus hengereinek n\u00e9h\u00e1ny alkalmaz\u00e1sa:<\/p>\n<ol>\n<li>Neh\u00e9z teherg\u00e9pj\u00e1rm\u0171vek:\n<p>A korm\u00e1nym\u0171 hidraulikus hengereit gyakran haszn\u00e1lj\u00e1k neh\u00e9zg\u00e9pj\u00e1rm\u0171vekben, p\u00e9ld\u00e1ul teheraut\u00f3kban, buszokban \u00e9s \u00e9p\u00edt\u0151ipari berendez\u00e9sekben. Ezekn\u00e9l a j\u00e1rm\u0171vekn\u00e9l nagy korm\u00e1nyer\u0151re van sz\u00fcks\u00e9g, \u00e9s egy hidraulikus henger k\u00e9pes el\u0151\u00e1ll\u00edtani a kerekek forgat\u00e1s\u00e1hoz sz\u00fcks\u00e9ges er\u0151t akkor is, ha a j\u00e1rm\u0171 s\u00faly alatt van. A hidraulikus rendszer lehet\u0151v\u00e9 teszi a korm\u00e1nyszerkezet finomabb szab\u00e1lyoz\u00e1s\u00e1t is, \u00edgy a vezet\u0151k k\u00f6nnyebben navig\u00e1lhatnak a nagy, neh\u00e9zkes j\u00e1rm\u0171vekben.<\/li>\n<li>Terepj\u00e1r\u00f3k:\n<p>A terepj\u00e1r\u00f3k, mint p\u00e9ld\u00e1ul a quadok, a homokfut\u00f3k \u00e9s a terepmotorok, szint\u00e9n profit\u00e1lnak a hidraulikus korm\u00e1nyhengerekb\u0151l. Ezek a j\u00e1rm\u0171vek gyakran olyan neh\u00e9z terepen k\u00f6zlekednek, ahol a hagyom\u00e1nyos korm\u00e1nyszerkezetek nem felt\u00e9tlen\u00fcl hat\u00e9konyak. A hidraulikus hengerek biztos\u00edtj\u00e1k a sz\u00fcks\u00e9ges teljes\u00edtm\u00e9nyt \u00e9s pontoss\u00e1got az akad\u00e1lyok lek\u00fczd\u00e9s\u00e9hez \u00e9s a j\u00e1rm\u0171 feletti uralom fenntart\u00e1s\u00e1hoz.<\/li>\n<li>Tenger\u00e9szeti \u00e9s rep\u00fcl\u0151g\u00e9pipari alkalmaz\u00e1sok:\n<p>A korm\u00e1nym\u0171 hidraulikus hengerei nem korl\u00e1toz\u00f3dnak a sz\u00e1razf\u00f6ldi j\u00e1rm\u0171vekre. Tengeri alkalmaz\u00e1sokban, p\u00e9ld\u00e1ul haj\u00f3kon \u00e9s haj\u00f3kon, valamint rep\u00fcl\u0151g\u00e9p-technol\u00f3gi\u00e1ban, p\u00e9ld\u00e1ul \u0171rhaj\u00f3kban \u00e9s rep\u00fcl\u0151g\u00e9pekben is haszn\u00e1lj\u00e1k \u0151ket. Ezekben a k\u00f6rnyezetben a hidraulikus hengereket a korm\u00e1nylapok, uszonyok \u00e9s m\u00e1s vez\u00e9rl\u0151fel\u00fcletek ir\u00e1ny\u00e1nak manipul\u00e1l\u00e1s\u00e1ra haszn\u00e1lj\u00e1k, amelyek seg\u00edtenek a haj\u00f3 vagy rep\u00fcl\u0151g\u00e9p korm\u00e1nyz\u00e1s\u00e1ban.<\/li>\n<li>Ipari berendez\u00e9sek:\n<p>A hidraulikus hengereket sz\u00e1mos ipari k\u00f6rnyezetben haszn\u00e1lj\u00e1k korm\u00e1nyz\u00e1shoz \u00e9s egy\u00e9b alkalmaz\u00e1sokhoz. P\u00e9ld\u00e1ul daruk, targonc\u00e1k vagy m\u00e1s neh\u00e9zg\u00e9pek korm\u00e1nyz\u00e1s\u00e1ra haszn\u00e1lhat\u00f3k. Ezekben a k\u00f6rnyezetben a hidraulikus hengerek biztos\u00edtj\u00e1k a sz\u00fcks\u00e9ges teljes\u00edtm\u00e9nyt \u00e9s pontoss\u00e1got nagy terhek mozgat\u00e1s\u00e1hoz vagy sz\u0171k helyeken val\u00f3 munkav\u00e9gz\u00e9shez.<\/li>\n<li>Egyedi alkalmaz\u00e1sok:\n<p>Ezen gyakori alkalmaz\u00e1sok mellett a korm\u00e1nym\u0171 hidraulikus hengerei sz\u00e1mos egyedi be\u00e1ll\u00edt\u00e1sban is haszn\u00e1lhat\u00f3k. P\u00e9ld\u00e1ul k\u00eds\u00e9rleti j\u00e1rm\u0171vekben vagy protot\u00edpusokban, amelyek egyedi korm\u00e1nyszerkezetet ig\u00e9nyelnek. M\u0171v\u00e9szi install\u00e1ci\u00f3kban vagy kinetikus szobrokban is haszn\u00e1lhat\u00f3k, amelyek prec\u00edz \u00e9s kontroll\u00e1lt mozg\u00e1st ig\u00e9nyelnek.<\/li>\n<\/ol>\n<p>Amint l\u00e1thatja, a korm\u00e1nym\u0171 hidraulikus hengerei sz\u00e9les k\u00f6rben alkalmazhat\u00f3k k\u00fcl\u00f6nf\u00e9le ipar\u00e1gakban \u00e9s k\u00f6rnyezetben. Ak\u00e1r neh\u00e9zg\u00e9pj\u00e1rm\u0171vekben, terepj\u00e1r\u00f3kban, tengeri \u00e9s rep\u00fcl\u0151g\u00e9pipari alkalmaz\u00e1sokban, ipari berendez\u00e9sekben vagy egyedi alkalmaz\u00e1sokban haszn\u00e1lj\u00e1k \u0151ket, ezek a hengerek biztos\u00edtj\u00e1k a sz\u00fcks\u00e9ges teljes\u00edtm\u00e9nyt, pontoss\u00e1got \u00e9s vez\u00e9rl\u00e9st a hat\u00e9kony korm\u00e1nyz\u00e1shoz.<\/p>\n<h2>Az FMP-r\u0151l<\/h2>\n<p>Az FMP a kiv\u00e1l\u00f3 min\u0151s\u00e9g\u0171 hidraulikus hengerek, hengerk\u00e9szletek \u00e9s \u00e9p\u00edt\u0151ipari g\u00e9pek alkatr\u00e9szeinek vezet\u0151 gy\u00e1rt\u00f3ja \u00e9s forgalmaz\u00f3ja. Sok \u00e9ves ipar\u00e1gi tapasztalattal \u00e9s professzion\u00e1lis csapattal elk\u00f6telezettek vagyunk az ir\u00e1nt, hogy \u00fcgyfeleinknek megb\u00edzhat\u00f3 \u00e9s hat\u00e9kony megold\u00e1sokat ny\u00fajtsunk \u00e9p\u00edt\u0151ipari g\u00e9pekkel kapcsolatos ig\u00e9nyeikre.<\/p>\n<p>\u00cdme \u00f6t ok, ami\u00e9rt \u00e9rdemes az FMP-t v\u00e1lasztania:<\/p>\n<ol>\n<li><strong>Kiv\u00e1l\u00f3 min\u0151s\u00e9g\u0171 hidraulikus hengerek:<\/strong> Hidraulikus hengereink gy\u00e1rt\u00e1s\u00e1hoz prec\u00edzi\u00f3s m\u00e9rn\u00f6ki munk\u00e1t alkalmazunk. A min\u0151s\u00e9g ir\u00e1nti elk\u00f6telezetts\u00e9g\u00fcnk biztos\u00edtja, hogy csak a legmagasabb min\u0151s\u00e9g\u0171 alapanyagokat haszn\u00e1ljuk, \u00e9s a k\u00e9szterm\u00e9kek szigor\u00fa min\u0151s\u00e9gellen\u0151rz\u00e9s\u00e9t v\u00e9gezz\u00fck annak biztos\u00edt\u00e1sa \u00e9rdek\u00e9ben, hogy azok megfeleljenek, s\u0151t meghaladj\u00e1k az ipar\u00e1gi szabv\u00e1nyokat.<\/li>\n<li><strong>Sz\u00e9les term\u00e9kv\u00e1laszt\u00e9k:<\/strong> Term\u00e9kpalett\u00e1nk mindenf\u00e9le \u00e9p\u00edt\u0151ipari g\u00e9pet \u00e9s tartoz\u00e9kot lefed. K\u00fcl\u00f6nf\u00e9le hidraulikus hengereket, sebess\u00e9gv\u00e1lt\u00f3kat, l\u00e1ncokat, l\u00e1nckerekeket, motortartoz\u00e9kokat, hidraulikus rendszer alkatr\u00e9szeket, alv\u00e1ztartoz\u00e9kokat \u00e9s elektromos rendszer tartoz\u00e9kokat k\u00edn\u00e1lunk.<\/li>\n<li><strong>Kialakult partners\u00e9gek:<\/strong> Hossz\u00fa t\u00e1v\u00fa \u00e9s stabil partners\u00e9geket \u00e9p\u00edtett\u00fcnk ki sz\u00e1mos kiv\u00e1l\u00f3 min\u0151s\u00e9g\u0171 hazai \u00e9s k\u00fclf\u00f6ldi besz\u00e1ll\u00edt\u00f3val. Ez biztos\u00edtja, hogy minden besz\u00e1ll\u00edtott tartoz\u00e9k megfeleljen szigor\u00fa min\u0151s\u00e9gi el\u0151\u00edr\u00e1sainknak.<\/li>\n<li><strong>Tapasztalt \u00e9rt\u00e9kes\u00edt\u00e9si csapat:<\/strong> \u00c9rt\u00e9kes\u00edt\u00e9si csapatunk sok\u00e9ves tapasztalattal \u00e9s ismeretekkel rendelkezik az \u00e9p\u00edt\u0151ipari g\u00e9piparban. Professzion\u00e1lis term\u00e9ktan\u00e1csad\u00e1st \u00e9s intelligens v\u00e1s\u00e1rl\u00e1si tan\u00e1csokat tudnak ny\u00fajtani, hogy seg\u00edtsenek \u00d6nnek megalapozott d\u00f6nt\u00e9seket hozni.<\/li>\n<li><strong>Hat\u00e9kony logisztikai eloszt\u00e1si rendszer:<\/strong> Hat\u00e9kony logisztikai eloszt\u00e1si rendszerrel rendelkez\u00fcnk annak \u00e9rdek\u00e9ben, hogy \u00fcgyfeleink id\u0151ben \u00e9s pontosan megkapj\u00e1k a sz\u00fcks\u00e9ges alkatr\u00e9szeket.<\/li>\n<\/ol>\n<p><img decoding=\"async\" src=\"https:\/\/fmp-components.com\/wp-content\/uploads\/2025\/01\/Dump-Truck-Trailer-Hydraulic-Cylinder-product-3-3.webp\" alt=\"Hidraulikus henger\" width=\"800\" title=\"\"><\/p>\n<p>Az FMP-n\u00e9l elk\u00f6telezettek vagyunk amellett, hogy \u00fcgyfeleinknek kiv\u00e1l\u00f3 min\u0151s\u00e9g\u0171 \u00e9s megb\u00edzhat\u00f3 \u00e9p\u00edt\u0151ipari g\u00e9ptartoz\u00e9kokat \u00e9s komplett g\u00e9pi megold\u00e1sokat biztos\u00edtsunk. Modern gy\u00e1rl\u00e9tes\u00edtm\u00e9nyeinkkel, CNC szersz\u00e1mg\u00e9peinkkel, sz\u00e1m\u00edt\u00f3g\u00e9ppel seg\u00edtett tervez\u00e9s\u00fcnkkel, k\u00e9pzett alkalmazottainkkal, hidraulikus rendszer szak\u00e9rt\u0151inkkel, henger\u00f6sszeszerel\u0151inkkel \u00e9s keresked\u0151inkkel mi vagyunk az els\u0151dleges partner a hidraulikus hengerek, hengerk\u00e9szletek \u00e9s alkatr\u00e9szek ir\u00e1nti ig\u00e9nyeinek kiel\u00e9g\u00edt\u00e9s\u00e9ben.<\/p>\n<p>Szerz\u0151: CX<\/p>","protected":false},"excerpt":{"rendered":"<p>Premium Quality Hydraulic Steering Cylinder The Premium Quality Hydraulic Steering Cylinder is designed to provide superior performance and durability for agricultural trailers. With its advanced hydraulic technology, this cylinder ensures precise and smooth steering control, even in demanding conditions. Key Features: High-quality materials for enhanced durability Efficient hydraulic system for optimal steering control Easy installation [&hellip;]<\/p>","protected":false},"featured_media":2772,"comment_status":"closed","ping_status":"closed","template":"","meta":{"_et_pb_use_builder":"","_et_pb_old_content":"","_et_gb_content_width":""},"product_brand":[],"product_cat":[67],"product_tag":[34,70],"class_list":{"0":"post-2771","1":"product","2":"type-product","3":"status-publish","4":"has-post-thumbnail","6":"product_cat-steering-hydraulic-cylinder","7":"product_tag-hydraulic-cylinder","8":"product_tag-steering-hydraulic-cylinder","10":"first","11":"instock","12":"product-type-simple"},"_links":{"self":[{"href":"https:\/\/fmp-components.com\/hu\/wp-json\/wp\/v2\/product\/2771","targetHints":{"allow":["GET"]}}],"collection":[{"href":"https:\/\/fmp-components.com\/hu\/wp-json\/wp\/v2\/product"}],"about":[{"href":"https:\/\/fmp-components.com\/hu\/wp-json\/wp\/v2\/types\/product"}],"replies":[{"embeddable":true,"href":"https:\/\/fmp-components.com\/hu\/wp-json\/wp\/v2\/comments?post=2771"}],"wp:featuredmedia":[{"embeddable":true,"href":"https:\/\/fmp-components.com\/hu\/wp-json\/wp\/v2\/media\/2772"}],"wp:attachment":[{"href":"https:\/\/fmp-components.com\/hu\/wp-json\/wp\/v2\/media?parent=2771"}],"wp:term":[{"taxonomy":"product_brand","embeddable":true,"href":"https:\/\/fmp-components.com\/hu\/wp-json\/wp\/v2\/product_brand?post=2771"},{"taxonomy":"product_cat","embeddable":true,"href":"https:\/\/fmp-components.com\/hu\/wp-json\/wp\/v2\/product_cat?post=2771"},{"taxonomy":"product_tag","embeddable":true,"href":"https:\/\/fmp-components.com\/hu\/wp-json\/wp\/v2\/product_tag?post=2771"}],"curies":[{"name":"munkaf\u00fczet","href":"https:\/\/api.w.org\/{rel}","templated":true}]}}