{"id":2769,"date":"2025-01-04T05:22:33","date_gmt":"2025-01-04T05:22:33","guid":{"rendered":"https:\/\/fmp-components.com\/product\/high-quality-trailer-stainless-steel-hydraulic-cylinder-tractor-hydraulic-steering-cylinder\/"},"modified":"2025-03-18T01:44:26","modified_gmt":"2025-03-18T01:44:26","slug":"high-quality-trailer-stainless-steel-hydraulic-cylinder-tractor-hydraulic-steering-cylinder","status":"publish","type":"product","link":"https:\/\/fmp-components.com\/hu\/product\/high-quality-trailer-stainless-steel-hydraulic-cylinder-tractor-hydraulic-steering-cylinder\/","title":{"rendered":"Kiv\u00e1l\u00f3 min\u0151s\u00e9g\u0171 p\u00f3tkocsi rozsdamentes ac\u00e9l hidraulikus henger traktor hidraulikus korm\u00e1nyhenger"},"content":{"rendered":"<h2>Kiv\u00e1l\u00f3 min\u0151s\u00e9g\u0171 hidraulikus korm\u00e1nyhenger, hossz\u00fa l\u00f6ket\u0171 traktor hidraulikus korm\u00e1nyhenger<\/h2>\n<p>Bemutatjuk a kiv\u00e1l\u00f3 min\u0151s\u00e9g\u0171 hidraulikus dugatty\u00fas hossz\u00fa l\u00f6ket\u0171 traktor hidraulikus korm\u00e1nyhenger\u00e9t, amely a traktorok hat\u00e9kony \u00e9s megb\u00edzhat\u00f3 hidraulikus korm\u00e1nyz\u00e1s\u00e1nak t\u00f6k\u00e9letes megold\u00e1sa.<\/p>\n<p>A precizit\u00e1st \u00e9s a tart\u00f3ss\u00e1got szem el\u0151tt tartva tervezett hidraulikus henger kiv\u00e1l\u00f3 teljes\u00edtm\u00e9nyt \u00e9s optim\u00e1lis vez\u00e9rl\u00e9st biztos\u00edt. Hossz\u00fa l\u00f6ket\u0171 kialak\u00edt\u00e1s\u00e1nak k\u00f6sz\u00f6nhet\u0151en kiterjesztett mozg\u00e1startom\u00e1nyt k\u00edn\u00e1l, \u00edgy k\u00fcl\u00f6nf\u00e9le traktoralkalmaz\u00e1sokhoz is alkalmas.<\/p>\n<p>F\u0151bb jellemz\u0151k:<\/p>\n<ul>\n<li><strong>Kiv\u00e1l\u00f3 min\u0151s\u00e9g:<\/strong> Kiv\u00e1l\u00f3 min\u0151s\u00e9g\u0171 anyagokb\u00f3l \u00e9s fejlett gy\u00e1rt\u00e1si technik\u00e1kkal k\u00e9sz\u00fclt, biztos\u00edtva a hossz\u00fa t\u00e1v\u00fa teljes\u00edtm\u00e9nyt \u00e9s a kop\u00e1s\u00e1ll\u00f3s\u00e1got.<\/li>\n<li><strong>Hat\u00e9kony hidraulikus korm\u00e1nyz\u00e1s:<\/strong> Sima \u00e9s prec\u00edz korm\u00e1nyz\u00e1st tesz lehet\u0151v\u00e9, jav\u00edtja a traktor man\u0151verezhet\u0151s\u00e9g\u00e9t \u00e9s cs\u00f6kkenti a kezel\u0151 f\u00e1radts\u00e1g\u00e1t.<\/li>\n<li><strong>Hossz\u00fa l\u00f6ket\u0171 kialak\u00edt\u00e1s:<\/strong> Kiterjedt mozg\u00e1startom\u00e1nyt biztos\u00edt, \u00edgy sokoldal\u00faan haszn\u00e1lhat\u00f3 k\u00fcl\u00f6nb\u00f6z\u0151 traktorm\u0171veletekben.<\/li>\n<li><strong>Megb\u00edzhat\u00f3 teljes\u00edtm\u00e9ny:<\/strong> Robusztus konstrukci\u00f3j\u00e1nak \u00e9s prec\u00edz m\u00e9rn\u00f6ki munk\u00e1j\u00e1nak k\u00f6sz\u00f6nhet\u0151en ez a hidraulikus henger k\u00f6vetkezetes \u00e9s megb\u00edzhat\u00f3 teljes\u00edtm\u00e9nyt ny\u00fajt m\u00e9g neh\u00e9z k\u00f6r\u00fclm\u00e9nyek k\u00f6z\u00f6tt is.<\/li>\n<\/ul>\n<p>Ak\u00e1r profi gazd\u00e1lkod\u00f3, ak\u00e1r traktorrajong\u00f3 vagy, a kiv\u00e1l\u00f3 min\u0151s\u00e9g\u0171 hidraulikus dugatty\u00fas hossz\u00fa l\u00f6ket\u0171 traktor hidraulikus korm\u00e1nyhenger a t\u00f6k\u00e9letes v\u00e1laszt\u00e1s traktorod korm\u00e1nyrendszer\u00e9nek optimaliz\u00e1l\u00e1s\u00e1hoz. Tapasztald meg a megn\u00f6velt termel\u00e9kenys\u00e9get \u00e9s a k\u00f6nny\u0171 kezelhet\u0151s\u00e9get ezzel a kiv\u00e9teles hidraulikus hengerrel.<\/p>\n<p><img decoding=\"async\" src=\"https:\/\/hzpt.com\/wp-content\/uploads\/2023\/11\/agricultural-machinery-hydraulic-cylinder-1.webp\" alt=\"\" title=\"\"><\/p>\n<h2>Bevezet\u00e9s a hidraulikus hengerekbe<\/h2>\n<p>A hidraulikus hengerek sz\u00e1mos ipari alkalmaz\u00e1s, bele\u00e9rtve a mobil g\u00e9peket is, kulcsfontoss\u00e1g\u00fa alkot\u00f3elemei. Ezek biztos\u00edtj\u00e1k a g\u00e9pekben a korm\u00e1nyz\u00e1st\u00f3l az emel\u00e9sig \u00e9s billent\u00e9sig sz\u00e1mos mozg\u00e1shoz sz\u00fcks\u00e9ges er\u0151t. A 18. sz\u00e1zadra visszany\u00fal\u00f3 t\u00f6rt\u00e9nelemmel rendelkez\u0151 hidraulikus hengereket folyamatosan fejlesztett\u00e9k \u00e9s alak\u00edtott\u00e1k, hogy megfeleljenek a fejl\u0151d\u0151 ipar\u00e1g ig\u00e9nyeinek.<\/p>\n<h3>Hidraulikus hengerek t\u00edpusai<\/h3>\n<p>A hidraulikus munkahengereknek t\u00f6bbf\u00e9le t\u00edpusa l\u00e9tezik, bele\u00e9rtve a hidraulikus billen\u0151hengereket, a hidraulikus korm\u00e1nyhengereket \u00e9s a hidraulikus emel\u0151hengereket. Mindegyik t\u00edpusnak megvan a maga saj\u00e1tos alkalmaz\u00e1sa \u00e9s el\u0151nyei.<\/p>\n<h3>A megfelel\u0151 hidraulikus henger kiv\u00e1laszt\u00e1sa<\/h3>\n<p>A megfelel\u0151 hidraulikus henger kiv\u00e1laszt\u00e1sa sz\u00e1mos t\u00e9nyez\u0151t vesz figyelembe. Figyelembe kell venni a henger fel\u00e9p\u00edt\u00e9s\u00e9t, m\u00e9ret\u00e9t \u00e9s a felhaszn\u00e1land\u00f3 folyad\u00e9k t\u00edpus\u00e1t. Az olyan t\u00e9nyez\u0151k, mint a furatm\u00e9ret, a r\u00fadm\u00e9ret \u00e9s a l\u00f6ketm\u00e9ret, nagyban befoly\u00e1solhatj\u00e1k a hidraulikus henger teljes\u00edtm\u00e9ny\u00e9t.<\/p>\n<p><img decoding=\"async\" src=\"https:\/\/hzpt.com\/wp-content\/uploads\/2023\/11\/agricultural-machinery-hydraulic-cylinder-3.webp\" alt=\"\" title=\"\"><\/p>\n<h2>Korm\u00e1nym\u0171 hidraulikus henger alkalmaz\u00e1sa<\/h2>\n<p>A korm\u00e1nym\u0171 hidraulikus hengerei a korm\u00e1nyrendszerek alapvet\u0151 alkot\u00f3elemei k\u00fcl\u00f6nf\u00e9le j\u00e1rm\u0171vekben. Ezek a hengerek, m\u00e1s n\u00e9ven korm\u00e1nym\u0171k\u00f6dtet\u0151k, seg\u00edtenek a korm\u00e1nyszivatty\u00fa \u00e1ltal termelt energi\u00e1t line\u00e1ris mozg\u00e1ss\u00e1 alak\u00edtani, amely felhaszn\u00e1lhat\u00f3 a j\u00e1rm\u0171 kerekeinek ir\u00e1ny\u00e1nak manipul\u00e1l\u00e1s\u00e1ra. \u00cdme a korm\u00e1nym\u0171 hidraulikus hengereinek n\u00e9h\u00e1ny alkalmaz\u00e1sa:<\/p>\n<ol>\n<li>Neh\u00e9z teherg\u00e9pj\u00e1rm\u0171vek:\n<p>A korm\u00e1nym\u0171 hidraulikus hengereit gyakran haszn\u00e1lj\u00e1k neh\u00e9zg\u00e9pj\u00e1rm\u0171vekben, p\u00e9ld\u00e1ul teheraut\u00f3kban, buszokban \u00e9s \u00e9p\u00edt\u0151ipari berendez\u00e9sekben. Ezekn\u00e9l a j\u00e1rm\u0171vekn\u00e9l nagy korm\u00e1nyer\u0151re van sz\u00fcks\u00e9g, \u00e9s egy hidraulikus henger k\u00e9pes el\u0151\u00e1ll\u00edtani a kerekek forgat\u00e1s\u00e1hoz sz\u00fcks\u00e9ges er\u0151t akkor is, ha a j\u00e1rm\u0171 s\u00faly alatt van. A hidraulikus rendszer lehet\u0151v\u00e9 teszi a korm\u00e1nyszerkezet finomabb szab\u00e1lyoz\u00e1s\u00e1t is, \u00edgy a vezet\u0151k k\u00f6nnyebben navig\u00e1lhatnak a nagy, neh\u00e9zkes j\u00e1rm\u0171vekben.<\/li>\n<li>Terepj\u00e1r\u00f3k:\n<p>A terepj\u00e1r\u00f3k, mint p\u00e9ld\u00e1ul a quadok, a homokfut\u00f3k \u00e9s a terepmotorok, szint\u00e9n profit\u00e1lnak a hidraulikus korm\u00e1nyhengerekb\u0151l. Ezek a j\u00e1rm\u0171vek gyakran olyan neh\u00e9z terepen k\u00f6zlekednek, ahol a hagyom\u00e1nyos korm\u00e1nyszerkezetek nem felt\u00e9tlen\u00fcl hat\u00e9konyak. A hidraulikus hengerek biztos\u00edtj\u00e1k a sz\u00fcks\u00e9ges teljes\u00edtm\u00e9nyt \u00e9s pontoss\u00e1got az akad\u00e1lyok lek\u00fczd\u00e9s\u00e9hez \u00e9s a j\u00e1rm\u0171 feletti uralom fenntart\u00e1s\u00e1hoz.<\/li>\n<li>Tenger\u00e9szeti \u00e9s rep\u00fcl\u0151g\u00e9pipari alkalmaz\u00e1sok:\n<p>A korm\u00e1nym\u0171 hidraulikus hengerei nem korl\u00e1toz\u00f3dnak a sz\u00e1razf\u00f6ldi j\u00e1rm\u0171vekre. Tengeri alkalmaz\u00e1sokban, p\u00e9ld\u00e1ul haj\u00f3kon \u00e9s haj\u00f3kon, valamint rep\u00fcl\u0151g\u00e9p-technol\u00f3gi\u00e1ban, p\u00e9ld\u00e1ul \u0171rhaj\u00f3kban \u00e9s rep\u00fcl\u0151g\u00e9pekben is haszn\u00e1lj\u00e1k \u0151ket. Ezekben a k\u00f6rnyezetben a hidraulikus hengereket a korm\u00e1nylapok, uszonyok \u00e9s m\u00e1s vez\u00e9rl\u0151fel\u00fcletek ir\u00e1ny\u00e1nak manipul\u00e1l\u00e1s\u00e1ra haszn\u00e1lj\u00e1k, amelyek seg\u00edtenek a haj\u00f3 vagy rep\u00fcl\u0151g\u00e9p korm\u00e1nyz\u00e1s\u00e1ban.<\/li>\n<li>Ipari berendez\u00e9sek:\n<p>A hidraulikus hengereket sz\u00e1mos ipari k\u00f6rnyezetben haszn\u00e1lj\u00e1k korm\u00e1nyz\u00e1shoz \u00e9s egy\u00e9b alkalmaz\u00e1sokhoz. P\u00e9ld\u00e1ul daruk, targonc\u00e1k vagy m\u00e1s neh\u00e9zg\u00e9pek korm\u00e1nyz\u00e1s\u00e1ra haszn\u00e1lhat\u00f3k. Ezekben a k\u00f6rnyezetben a hidraulikus hengerek biztos\u00edtj\u00e1k a sz\u00fcks\u00e9ges teljes\u00edtm\u00e9nyt \u00e9s pontoss\u00e1got nagy terhek mozgat\u00e1s\u00e1hoz vagy sz\u0171k helyeken val\u00f3 munkav\u00e9gz\u00e9shez.<\/li>\n<li>Egyedi alkalmaz\u00e1sok:\n<p>Ezen gyakori alkalmaz\u00e1sok mellett a korm\u00e1nym\u0171 hidraulikus hengerei sz\u00e1mos egyedi be\u00e1ll\u00edt\u00e1sban is haszn\u00e1lhat\u00f3k. P\u00e9ld\u00e1ul k\u00eds\u00e9rleti j\u00e1rm\u0171vekben vagy protot\u00edpusokban, amelyek egyedi korm\u00e1nyszerkezetet ig\u00e9nyelnek. M\u0171v\u00e9szi install\u00e1ci\u00f3kban vagy kinetikus szobrokban is haszn\u00e1lhat\u00f3k, amelyek prec\u00edz \u00e9s kontroll\u00e1lt mozg\u00e1st ig\u00e9nyelnek.<\/li>\n<\/ol>\n<p>Amint l\u00e1thatja, a korm\u00e1nym\u0171 hidraulikus hengerei sz\u00e9les k\u00f6rben alkalmazhat\u00f3k k\u00fcl\u00f6nf\u00e9le ipar\u00e1gakban \u00e9s k\u00f6rnyezetben. Ak\u00e1r neh\u00e9zg\u00e9pj\u00e1rm\u0171vekben, terepj\u00e1r\u00f3kban, tengeri \u00e9s rep\u00fcl\u0151g\u00e9pipari alkalmaz\u00e1sokban, ipari berendez\u00e9sekben vagy egyedi alkalmaz\u00e1sokban haszn\u00e1lj\u00e1k \u0151ket, ezek a hengerek biztos\u00edtj\u00e1k a sz\u00fcks\u00e9ges teljes\u00edtm\u00e9nyt, pontoss\u00e1got \u00e9s vez\u00e9rl\u00e9st a hat\u00e9kony korm\u00e1nyz\u00e1shoz.<\/p>\n<h2>Az FMP-r\u0151l<\/h2>\n<p>Az FMP a kiv\u00e1l\u00f3 min\u0151s\u00e9g\u0171 hidraulikus hengerek, hengerk\u00e9szletek \u00e9s \u00e9p\u00edt\u0151ipari g\u00e9pek alkatr\u00e9szeinek vezet\u0151 gy\u00e1rt\u00f3ja \u00e9s forgalmaz\u00f3ja. Sok \u00e9ves ipar\u00e1gi tapasztalattal \u00e9s professzion\u00e1lis csapattal elk\u00f6telezettek vagyunk az ir\u00e1nt, hogy \u00fcgyfeleinknek megb\u00edzhat\u00f3 \u00e9s hat\u00e9kony megold\u00e1sokat ny\u00fajtsunk \u00e9p\u00edt\u0151ipari g\u00e9pekkel kapcsolatos ig\u00e9nyeikre.<\/p>\n<p>\u00cdme \u00f6t ok, ami\u00e9rt \u00e9rdemes az FMP-t v\u00e1lasztania:<\/p>\n<ol>\n<li><strong>Kiv\u00e1l\u00f3 min\u0151s\u00e9g\u0171 hidraulikus hengerek:<\/strong> Hidraulikus hengereink gy\u00e1rt\u00e1s\u00e1hoz prec\u00edzi\u00f3s m\u00e9rn\u00f6ki munk\u00e1t alkalmazunk. A min\u0151s\u00e9g ir\u00e1nti elk\u00f6telezetts\u00e9g\u00fcnk biztos\u00edtja, hogy csak a legmagasabb min\u0151s\u00e9g\u0171 alapanyagokat haszn\u00e1ljuk, \u00e9s a k\u00e9szterm\u00e9kek szigor\u00fa min\u0151s\u00e9gellen\u0151rz\u00e9s\u00e9t v\u00e9gezz\u00fck annak biztos\u00edt\u00e1sa \u00e9rdek\u00e9ben, hogy azok megfeleljenek, s\u0151t meghaladj\u00e1k az ipar\u00e1gi szabv\u00e1nyokat.<\/li>\n<li><strong>Sz\u00e9les term\u00e9kv\u00e1laszt\u00e9k:<\/strong> Term\u00e9kpalett\u00e1nk mindenf\u00e9le \u00e9p\u00edt\u0151ipari g\u00e9pet \u00e9s tartoz\u00e9kot lefed. K\u00fcl\u00f6nf\u00e9le hidraulikus hengereket, sebess\u00e9gv\u00e1lt\u00f3kat, l\u00e1ncokat, l\u00e1nckerekeket, motortartoz\u00e9kokat, hidraulikus rendszer alkatr\u00e9szeket, alv\u00e1ztartoz\u00e9kokat \u00e9s elektromos rendszer tartoz\u00e9kokat k\u00edn\u00e1lunk.<\/li>\n<li><strong>Kialakult partners\u00e9gek:<\/strong> Hossz\u00fa t\u00e1v\u00fa \u00e9s stabil partners\u00e9geket \u00e9p\u00edtett\u00fcnk ki sz\u00e1mos kiv\u00e1l\u00f3 min\u0151s\u00e9g\u0171 hazai \u00e9s k\u00fclf\u00f6ldi besz\u00e1ll\u00edt\u00f3val. Ez biztos\u00edtja, hogy minden besz\u00e1ll\u00edtott tartoz\u00e9k megfeleljen szigor\u00fa min\u0151s\u00e9gi el\u0151\u00edr\u00e1sainknak.<\/li>\n<li><strong>Tapasztalt \u00e9rt\u00e9kes\u00edt\u00e9si csapat:<\/strong> \u00c9rt\u00e9kes\u00edt\u00e9si csapatunk sok\u00e9ves tapasztalattal \u00e9s ismeretekkel rendelkezik az \u00e9p\u00edt\u0151ipari g\u00e9piparban. Professzion\u00e1lis term\u00e9ktan\u00e1csad\u00e1st \u00e9s intelligens v\u00e1s\u00e1rl\u00e1si tan\u00e1csokat tudnak ny\u00fajtani, hogy seg\u00edtsenek \u00d6nnek megalapozott d\u00f6nt\u00e9seket hozni.<\/li>\n<li><strong>Hat\u00e9kony logisztikai eloszt\u00e1si rendszer:<\/strong> Hat\u00e9kony logisztikai eloszt\u00e1si rendszerrel rendelkez\u00fcnk annak \u00e9rdek\u00e9ben, hogy \u00fcgyfeleink id\u0151ben \u00e9s pontosan megkapj\u00e1k a sz\u00fcks\u00e9ges alkatr\u00e9szeket.<\/li>\n<\/ol>\n<p><img decoding=\"async\" src=\"https:\/\/fmp-components.com\/wp-content\/uploads\/2025\/01\/Dump-Truck-Trailer-Hydraulic-Cylinder-product-3-3.webp\" alt=\"Hidraulikus henger\" width=\"800\" title=\"\"><\/p>\n<p>Az FMP-n\u00e9l elk\u00f6telezettek vagyunk amellett, hogy \u00fcgyfeleinknek kiv\u00e1l\u00f3 min\u0151s\u00e9g\u0171 \u00e9s megb\u00edzhat\u00f3 \u00e9p\u00edt\u0151ipari g\u00e9ptartoz\u00e9kokat \u00e9s komplett g\u00e9pi megold\u00e1sokat biztos\u00edtsunk. Modern gy\u00e1rl\u00e9tes\u00edtm\u00e9nyeinkkel, CNC szersz\u00e1mg\u00e9peinkkel, sz\u00e1m\u00edt\u00f3g\u00e9ppel seg\u00edtett tervez\u00e9s\u00fcnkkel, k\u00e9pzett alkalmazottainkkal, hidraulikus rendszer szak\u00e9rt\u0151inkkel, henger\u00f6sszeszerel\u0151inkkel \u00e9s keresked\u0151inkkel mi vagyunk az els\u0151dleges partner a hidraulikus hengerek, hengerk\u00e9szletek \u00e9s alkatr\u00e9szek ir\u00e1nti ig\u00e9nyeinek kiel\u00e9g\u00edt\u00e9s\u00e9ben.<\/p>\n<p>Szerz\u0151: CX<\/p>","protected":false},"excerpt":{"rendered":"<p>High Quality Hydraulic Ram Cylinder Long Stroke Tractor Hydraulic Steering Cylinder Introducing the High Quality Hydraulic Ram Cylinder Long Stroke Tractor Hydraulic Steering Cylinder, the ultimate solution for efficient and reliable hydraulic steering in tractors. Designed with precision and durability in mind, this hydraulic cylinder provides superior performance and optimal control. With its long stroke [&hellip;]<\/p>","protected":false},"featured_media":2770,"comment_status":"closed","ping_status":"closed","template":"","meta":{"_et_pb_use_builder":"","_et_pb_old_content":"","_et_gb_content_width":""},"product_brand":[],"product_cat":[67],"product_tag":[34,70],"class_list":{"0":"post-2769","1":"product","2":"type-product","3":"status-publish","4":"has-post-thumbnail","6":"product_cat-steering-hydraulic-cylinder","7":"product_tag-hydraulic-cylinder","8":"product_tag-steering-hydraulic-cylinder","10":"first","11":"instock","12":"product-type-simple"},"_links":{"self":[{"href":"https:\/\/fmp-components.com\/hu\/wp-json\/wp\/v2\/product\/2769","targetHints":{"allow":["GET"]}}],"collection":[{"href":"https:\/\/fmp-components.com\/hu\/wp-json\/wp\/v2\/product"}],"about":[{"href":"https:\/\/fmp-components.com\/hu\/wp-json\/wp\/v2\/types\/product"}],"replies":[{"embeddable":true,"href":"https:\/\/fmp-components.com\/hu\/wp-json\/wp\/v2\/comments?post=2769"}],"wp:featuredmedia":[{"embeddable":true,"href":"https:\/\/fmp-components.com\/hu\/wp-json\/wp\/v2\/media\/2770"}],"wp:attachment":[{"href":"https:\/\/fmp-components.com\/hu\/wp-json\/wp\/v2\/media?parent=2769"}],"wp:term":[{"taxonomy":"product_brand","embeddable":true,"href":"https:\/\/fmp-components.com\/hu\/wp-json\/wp\/v2\/product_brand?post=2769"},{"taxonomy":"product_cat","embeddable":true,"href":"https:\/\/fmp-components.com\/hu\/wp-json\/wp\/v2\/product_cat?post=2769"},{"taxonomy":"product_tag","embeddable":true,"href":"https:\/\/fmp-components.com\/hu\/wp-json\/wp\/v2\/product_tag?post=2769"}],"curies":[{"name":"munkaf\u00fczet","href":"https:\/\/api.w.org\/{rel}","templated":true}]}}