{"id":2751,"date":"2025-01-04T05:11:17","date_gmt":"2025-01-04T05:11:17","guid":{"rendered":"https:\/\/fmp-components.com\/?page_id=8"},"modified":"2025-01-04T05:11:18","modified_gmt":"2025-01-04T05:11:18","slug":"grader-driven-rake-gearbox-ep-dx300-2-for-powered-harrow","status":"publish","type":"product","link":"https:\/\/fmp-components.com\/hu\/product\/grader-driven-rake-gearbox-ep-dx300-2-for-powered-harrow\/","title":{"rendered":"Gr\u00e9derhajt\u00e1s\u00fa gereblye-hajt\u00f3m\u0171 EP-DX300-2 motoros boron\u00e1hoz"},"content":{"rendered":"<h2><img loading=\"lazy\" decoding=\"async\" class=\"size-full wp-image-2756 aligncenter\" src=\"https:\/\/fmp-components.com\/wp-content\/uploads\/2025\/01\/Grader-Driven-Rake-Gearbox-EP-DX300-2-Features1.webp\" alt=\"Gr\u00e9derhajt\u00e1s\u00fa gerebly\u00e9z\u0151 hajt\u00f3m\u0171-EP-DX300-2-Jellemz\u0151k(1)\" width=\"1024\" height=\"828\" title=\"\" srcset=\"https:\/\/fmp-components.com\/wp-content\/uploads\/2025\/01\/Grader-Driven-Rake-Gearbox-EP-DX300-2-Features1.webp 1024w, https:\/\/fmp-components.com\/wp-content\/uploads\/2025\/01\/Grader-Driven-Rake-Gearbox-EP-DX300-2-Features1-980x792.webp 980w, https:\/\/fmp-components.com\/wp-content\/uploads\/2025\/01\/Grader-Driven-Rake-Gearbox-EP-DX300-2-Features1-480x388.webp 480w\" sizes=\"(min-width: 0px) and (max-width: 480px) 480px, (min-width: 481px) and (max-width: 980px) 980px, (min-width: 981px) 1024px, 100vw\" \/><\/h2>\n<h2>Gr\u00e9derhajt\u00e1s\u00fa gereblye-hajt\u00f3m\u0171 FMP-DX300-2 m\u00e9retei\u00a0<img loading=\"lazy\" decoding=\"async\" class=\"alignnone size-full wp-image-2752\" src=\"https:\/\/fmp-components.com\/wp-content\/uploads\/2025\/01\/Grader-Driven-Rake-Gearbox-EP-DX300-2-Dimensions.webp\" alt=\"Gr\u00e9derhajt\u00e1s\u00fa gerebly\u00e9z\u0151 hajt\u00f3m\u0171-EP-DX300-2-M\u00e9retek\" width=\"1137\" height=\"785\" title=\"\" srcset=\"https:\/\/fmp-components.com\/wp-content\/uploads\/2025\/01\/Grader-Driven-Rake-Gearbox-EP-DX300-2-Dimensions.webp 1137w, https:\/\/fmp-components.com\/wp-content\/uploads\/2025\/01\/Grader-Driven-Rake-Gearbox-EP-DX300-2-Dimensions-980x677.webp 980w, https:\/\/fmp-components.com\/wp-content\/uploads\/2025\/01\/Grader-Driven-Rake-Gearbox-EP-DX300-2-Dimensions-480x331.webp 480w\" sizes=\"(min-width: 0px) and (max-width: 480px) 480px, (min-width: 481px) and (max-width: 980px) 980px, (min-width: 981px) 1137px, 100vw\" \/> Gr\u00e9derhajt\u00e1s\u00fa gereblye-hajt\u00f3m\u0171 FMP-DX300-2 fordulatsz\u00e1m<\/h2>\n<h2><img loading=\"lazy\" decoding=\"async\" class=\"alignnone size-full wp-image-2753\" src=\"https:\/\/fmp-components.com\/wp-content\/uploads\/2025\/01\/32LBLUCr-Grader-Driven-Rake-Gearbox-EP-DX300-2-Turn.webp\" alt=\"32LBLUCr-Gr\u00e9derhajt\u00e1s\u00fa-Gr\u00e9blyehajt\u00f3m\u0171-EP-DX300-2-Fordul\u00e1s\" width=\"1303\" height=\"347\" title=\"\" srcset=\"https:\/\/fmp-components.com\/wp-content\/uploads\/2025\/01\/32LBLUCr-Grader-Driven-Rake-Gearbox-EP-DX300-2-Turn.webp 1303w, https:\/\/fmp-components.com\/wp-content\/uploads\/2025\/01\/32LBLUCr-Grader-Driven-Rake-Gearbox-EP-DX300-2-Turn-1280x341.webp 1280w, https:\/\/fmp-components.com\/wp-content\/uploads\/2025\/01\/32LBLUCr-Grader-Driven-Rake-Gearbox-EP-DX300-2-Turn-980x261.webp 980w, https:\/\/fmp-components.com\/wp-content\/uploads\/2025\/01\/32LBLUCr-Grader-Driven-Rake-Gearbox-EP-DX300-2-Turn-480x128.webp 480w\" sizes=\"(min-width: 0px) and (max-width: 480px) 480px, (min-width: 481px) and (max-width: 980px) 980px, (min-width: 981px) and (max-width: 1280px) 1280px, (min-width: 1281px) 1303px, 100vw\" \/><\/h2>\n<h2>Gr\u00e9derhajt\u00e1s\u00fa gereblye-hajt\u00f3m\u0171 FMP-DX300-2 m\u0171szaki adatok<\/h2>\n<table style=\"width: 101.518%; height: 166px;\" border=\"1\" cellspacing=\"0\" cellpadding=\"0\">\n<tbody>\n<tr>\n<td colspan=\"2\" rowspan=\"2\">\u00e9n<\/td>\n<td rowspan=\"2\">Alkalmas<\/td>\n<td>Fordulatsz\u00e1m bemenet<\/td>\n<td>Fordulatsz\u00e1m-kimenet<\/td>\n<td>kW (n\u00e9vleges)<\/td>\n<td>kW (maximum)<\/td>\n<td rowspan=\"2\">Fogazat<\/td>\n<\/tr>\n<tr>\n<td>fordulat\/perc<\/td>\n<td>fordulat\/perc<\/td>\n<td>l\u00f3er\u0151<\/td>\n<td>l\u00f3er\u0151<\/td>\n<\/tr>\n<tr>\n<td>Lass\u00edt\u00e1s<\/td>\n<td>2.47:1<\/td>\n<td rowspan=\"3\">Motoros borona<\/td>\n<td>1000<\/td>\n<td>404<\/td>\n<td rowspan=\"3\">200<\/td>\n<td>3500<\/td>\n<td rowspan=\"3\">Gleason spir\u00e1lis<br \/>\nFogak<\/td>\n<\/tr>\n<tr>\n<td>Lass\u00edt\u00e1s<\/td>\n<td>2.63:1<\/td>\n<td>1000<\/td>\n<td>380<\/td>\n<td>3700<\/td>\n<\/tr>\n<tr>\n<td>Lass\u00edt\u00e1s<\/td>\n<td>2.04:1<\/td>\n<td>850<\/td>\n<td>416<\/td>\n<td>3400<\/td>\n<\/tr>\n<tr>\n<td colspan=\"8\">Megjegyz\u00e9s: Ha b\u00e1rmilyen k\u00fcl\u00f6nleges ig\u00e9nye van, nyugodtan sz\u00f3ljon, mi is elfogadjuk az egyedi megrendel\u00e9seket.<\/td>\n<\/tr>\n<\/tbody>\n<\/table>\n<h2>Az FMP-DX300-2 gr\u00e9derhajt\u00e1s\u00fa gereblye-hajt\u00f3m\u0171 jellemz\u0151i \u00e9s alkatr\u00e9szei<\/h2>\n<p>Az FMP-DX300-2 gr\u00e9derhajt\u00e1s\u00fa rendk\u00e9pz\u0151 hajt\u00f3m\u0171 egy nagy teljes\u00edtm\u00e9ny\u0171 hajt\u00f3m\u0171, amelyet mez\u0151gazdas\u00e1gi g\u00e9pekhez, k\u00fcl\u00f6n\u00f6sen gr\u00e9derekhez \u00e9s rendk\u00e9pz\u0151 g\u00e9pekhez terveztek. Ez a hajt\u00f3m\u0171 hat\u00e9konyan viszi \u00e1t a teljes\u00edtm\u00e9nyt a traktorr\u00f3l a rendk\u00e9pz\u0151re, biztos\u00edtva az optim\u00e1lis teljes\u00edtm\u00e9nyt nagy ig\u00e9nybev\u00e9telt jelent\u0151 alkalmaz\u00e1sokban, mint p\u00e9ld\u00e1ul a sz\u00e9na gerebly\u00e9z\u00e9s, a talajsim\u00edt\u00e1s \u00e9s egy\u00e9b mez\u0151gazdas\u00e1gi feladatok.<\/p>\n<h3>Az FMP-DX300-2 f\u0151bb jellemz\u0151i:<\/h3>\n<ol>\n<li><strong>Nagy nyomat\u00e9kkezel\u00e9s<\/strong>Az FMP-DX300-2 nagy nyomat\u00e9k\u00fa terhel\u00e9sek kezel\u00e9s\u00e9re k\u00e9sz\u00fclt, \u00edgy megb\u00edzhat\u00f3 m\u0171k\u00f6d\u00e9st biztos\u00edt m\u00e9g a mez\u0151gazdas\u00e1gi k\u00f6rnyezetben jellemz\u0151 neh\u00e9z k\u00f6r\u00fclm\u00e9nyek k\u00f6z\u00f6tt is.<\/li>\n<li><strong>Tart\u00f3ss\u00e1g \u00e9s megb\u00edzhat\u00f3s\u00e1g<\/strong>Nagy szil\u00e1rds\u00e1g\u00fa anyagokb\u00f3l k\u00e9sz\u00fclt, a sebess\u00e9gv\u00e1lt\u00f3t hossz\u00fa t\u00e1v\u00fa teljes\u00edtm\u00e9nyre tervezt\u00e9k. Kop\u00e1s\u00e1ll\u00f3, \u00edgy ide\u00e1lis a folyamatos haszn\u00e1latra zord mez\u0151gazdas\u00e1gi k\u00f6rnyezetben.<\/li>\n<li><strong>Optimaliz\u00e1lt er\u0151\u00e1tvitel<\/strong>A sebess\u00e9gv\u00e1lt\u00f3 hat\u00e9kony er\u0151\u00e1tvitelt biztos\u00edt a traktor TLT-j\u00e9r\u0151l a rendk\u00e9pz\u0151 rendszerre, jav\u00edtva a g\u00e9p \u00e1ltal\u00e1nos hat\u00e1sfok\u00e1t \u00e9s cs\u00f6kkentve az energiavesztes\u00e9get \u00fczem k\u00f6zben.<\/li>\n<li><strong>Testreszabhat\u00f3 \u00e1tt\u00e9telek<\/strong>A t\u00f6bbf\u00e9le \u00e1tt\u00e9telben kaphat\u00f3 FMP-DX300-2 testreszabhat\u00f3 a k\u00fcl\u00f6nf\u00e9le mez\u0151gazdas\u00e1gi alkalmaz\u00e1sokhoz, biztos\u00edtva az optim\u00e1lis teljes\u00edtm\u00e9nyt a k\u00fcl\u00f6nb\u00f6z\u0151 t\u00edpus\u00fa g\u00e9pek \u00e9s \u00fczemeltet\u00e9si ig\u00e9nyek eset\u00e9n.<\/li>\n<li><strong>Kompakt \u00e9s k\u00f6nny\u0171 kialak\u00edt\u00e1s<\/strong>Robusztus fel\u00e9p\u00edt\u00e9se ellen\u00e9re az FMP-DX300-2 kompakt \u00e9s k\u00f6nny\u0171 kialak\u00edt\u00e1s\u00fa, \u00edgy k\u00f6nnyen telep\u00edthet\u0151 \u00e9s integr\u00e1lhat\u00f3 k\u00fcl\u00f6nf\u00e9le mez\u0151gazdas\u00e1gi berendez\u00e9sekbe an\u00e9lk\u00fcl, hogy a szil\u00e1rds\u00e1g fel\u00e1ldoz\u00e1s\u00e1b\u00f3l kellene kiindulni.<\/li>\n<\/ol>\n<h3>Az FMP-DX300-2 f\u0151bb alkot\u00f3elemei:<\/h3>\n<ol>\n<li><strong>Bemeneti tengely<\/strong>A bemen\u0151 tengely felel\u0151s a forg\u00f3er\u0151 \u00e1tvitel\u00e9\u00e9rt a traktor TLT-j\u00e9r\u0151l a sebess\u00e9gv\u00e1lt\u00f3ra. Nagy bemeneti nyomat\u00e9k kezel\u00e9s\u00e9re \u00e9s sima er\u0151\u00e1tvitelre tervezt\u00e9k.<\/li>\n<li><strong>Sebess\u00e9gv\u00e1lt\u00f3 k\u00e9szlet<\/strong>A sebess\u00e9gv\u00e1lt\u00f3 sz\u00edve, a fogasker\u00e9kk\u00e9szlet felel\u0151s a forg\u00e1si sebess\u00e9g \u00e9s a nyomat\u00e9k m\u00f3dos\u00edt\u00e1s\u00e1\u00e9rt. A prec\u00edzi\u00f3san megtervezett fogaskerekek biztos\u00edtj\u00e1k a sima kapcsol\u00f3d\u00e1st \u00e9s a nagy hat\u00e9konys\u00e1g\u00fa er\u0151\u00e1tvitelt.<\/li>\n<li><strong>Kimen\u0151 tengely<\/strong>A kimen\u0151 tengely k\u00f6ti \u00f6ssze a sebess\u00e9gv\u00e1lt\u00f3t a gereblye-rendszerrel, tov\u00e1bb\u00edtva a berendez\u00e9s meghajt\u00e1s\u00e1hoz sz\u00fcks\u00e9ges mechanikai energi\u00e1t.<\/li>\n<li><strong>Csap\u00e1gyak<\/strong>A kiv\u00e1l\u00f3 min\u0151s\u00e9g\u0171 csap\u00e1gyak megt\u00e1masztj\u00e1k a forg\u00f3 alkatr\u00e9szeket, cs\u00f6kkentve a s\u00farl\u00f3d\u00e1st \u00e9s biztos\u00edtva a sima m\u0171k\u00f6d\u00e9st. A csap\u00e1gyakat nagy terhel\u00e9sek \u00e9s nagy sebess\u00e9gek elvisel\u00e9s\u00e9re tervezt\u00e9k, \u00edgy biztos\u00edtva a tart\u00f3ss\u00e1got \u00e9s a megb\u00edzhat\u00f3s\u00e1got.<\/li>\n<li><strong>H\u00e1z<\/strong>A sebess\u00e9gv\u00e1lt\u00f3 h\u00e1za tart\u00f3s, korr\u00f3zi\u00f3\u00e1ll\u00f3 anyagokb\u00f3l k\u00e9sz\u00fclt, amelyek v\u00e9dik a bels\u0151 alkatr\u00e9szeket. Szerkezeti integrit\u00e1st biztos\u00edt, \u00e9s megv\u00e9di a sebess\u00e9gv\u00e1lt\u00f3t a k\u00fcls\u0151 k\u00f6rnyezeti t\u00e9nyez\u0151kt\u0151l, p\u00e9ld\u00e1ul a port\u00f3l, a nedvess\u00e9gt\u0151l \u00e9s a t\u00f6rmel\u00e9kt\u0151l.<\/li>\n<\/ol>\n<p>A <strong>FMP-DX300-2 f\u00f6ldgyalu hajtott gereblye sebess\u00e9gv\u00e1lt\u00f3<\/strong> egy rendk\u00edv\u00fcl tart\u00f3s, hat\u00e9kony \u00e9s megb\u00edzhat\u00f3 sebess\u00e9gv\u00e1lt\u00f3, amelyet ig\u00e9nyes mez\u0151gazdas\u00e1gi alkalmaz\u00e1sokhoz terveztek. Nagy nyomat\u00e9kkapacit\u00e1s\u00e1val, testreszabhat\u00f3 \u00e1tt\u00e9teleivel \u00e9s alacsony karbantart\u00e1si ig\u00e9ny\u00e9vel optim\u00e1lis er\u0151\u00e1tvitelt biztos\u00edt, mik\u00f6zben hossz\u00fa t\u00e1v\u00fa teljes\u00edtm\u00e9nyt ny\u00fajt. A sebess\u00e9gv\u00e1lt\u00f3 prec\u00edzi\u00f3s m\u00e9rn\u00f6ki munk\u00e1ja \u00e9s robusztus alkatr\u00e9szei ide\u00e1lis v\u00e1laszt\u00e1ss\u00e1 teszik a neh\u00e9zg\u00e9pekhez, n\u00f6velve a termel\u00e9kenys\u00e9get \u00e9s minimaliz\u00e1lva az \u00e1ll\u00e1sid\u0151t.<\/p>\n<h2><img loading=\"lazy\" decoding=\"async\" class=\"alignnone size-full wp-image-2754\" src=\"https:\/\/fmp-components.com\/wp-content\/uploads\/2025\/01\/ZIe4i3OO-Power-Driven-Harrow-Gearbox-EP-DX300-2-Lubrication-and-Maintenance-11.webp\" alt=\"ZIe4i3OO-G\u00e9pi-Meghajt\u00e1s\u00fa-Borona-Hajt\u00f3m\u0171-EP-DX300-2-Ken\u00e9s-\u00e9s-Karbantart\u00e1s-1(1)\" width=\"950\" height=\"715\" title=\"\" srcset=\"https:\/\/fmp-components.com\/wp-content\/uploads\/2025\/01\/ZIe4i3OO-Power-Driven-Harrow-Gearbox-EP-DX300-2-Lubrication-and-Maintenance-11.webp 950w, https:\/\/fmp-components.com\/wp-content\/uploads\/2025\/01\/ZIe4i3OO-Power-Driven-Harrow-Gearbox-EP-DX300-2-Lubrication-and-Maintenance-11-480x361.webp 480w\" sizes=\"(min-width: 0px) and (max-width: 480px) 480px, (min-width: 481px) 950px, 100vw\" \/><\/h2>\n<div class=\"flex-shrink-0 flex flex-col relative items-end\">\n<div>\n<div class=\"pt-0\">\n<div class=\"gizmo-bot-avatar flex h-8 w-8 items-center justify-center overflow-hidden rounded-full\">\n<div class=\"relative p-1 rounded-sm flex items-center justify-center bg-token-main-surface-primary text-token-text-primary h-8 w-8\">\n<h3>Az FMP-DX300-2 motoros borona sebess\u00e9gv\u00e1lt\u00f3 alkalmaz\u00e1sai:<\/h3>\n<\/div>\n<\/div>\n<\/div>\n<\/div>\n<\/div>\n<div class=\"group\/conversation-turn relative flex w-full min-w-0 flex-col agent-turn\">\n<div class=\"flex-col gap-1 md:gap-3\">\n<div class=\"flex max-w-full flex-col flex-grow\">\n<div class=\"min-h-8 text-message flex w-full flex-col items-end gap-2 whitespace-normal break-words text-start [.text-message+&amp;]:mt-5\" dir=\"auto\" data-message-author-role=\"assistant\" data-message-id=\"99c21c94-b9e3-4719-b75e-da3f57305c74\" data-message-model-slug=\"gpt-4o\">\n<div class=\"flex w-full flex-col gap-1 empty:hidden first:pt-[3px]\">\n<div class=\"markdown prose w-full break-words dark:prose-invert light\">\n<p>Az FMP-DX300-2 hajt\u00e1s\u00fa boronahajt\u00f3m\u0171 mez\u0151gazdas\u00e1gi g\u00e9pekhez, k\u00fcl\u00f6n\u00f6sen boron\u00e1z\u00e1si \u00e9s talajel\u0151k\u00e9sz\u00edt\u00e9si feladatokhoz k\u00e9sz\u00fclt. Megb\u00edzhat\u00f3 er\u0151\u00e1tvitelt biztos\u00edt a traktor teljes\u00edtm\u00e9nylead\u00f3 tengely\u00e9r\u0151l a boron\u00e1ra, \u00edgy biztos\u00edtva az optim\u00e1lis teljes\u00edtm\u00e9nyt intenz\u00edv mez\u0151gazdas\u00e1gi m\u0171veletek sor\u00e1n. Az al\u00e1bbiakban az FMP-DX300-2 sebess\u00e9gv\u00e1lt\u00f3 f\u0151bb alkalmaz\u00e1sai l\u00e1that\u00f3k:<\/p>\n<ol>\n<li><strong>Talajel\u0151k\u00e9sz\u00edt\u00e9s \u00e9s talajm\u0171vel\u00e9s<\/strong>:\n<ul>\n<li><strong>Els\u0151dleges \u00e9s m\u00e1sodlagos talajm\u0171vel\u00e9s<\/strong>Az FMP-DX300-2-t mind az els\u0151dleges, mind a m\u00e1sodlagos talajm\u0171vel\u00e9si m\u0171veletekben haszn\u00e1lj\u00e1k, seg\u00edtve a talaj fellaz\u00edt\u00e1s\u00e1t \u00e9s leveg\u0151ztet\u00e9s\u00e9t az optim\u00e1lis vet\u00e9si k\u00f6r\u00fclm\u00e9nyek \u00e9rdek\u00e9ben. A nagy nyomat\u00e9k kezel\u00e9s\u00e9nek k\u00e9pess\u00e9ge hat\u00e9konys\u00e1 teszi mind a sek\u00e9ly, mind a m\u00e9ly talajm\u0171vel\u00e9s sor\u00e1n.<\/li>\n<li><strong>Mag\u00e1gyk\u00e9sz\u00edt\u00e9s<\/strong>A sebess\u00e9gv\u00e1lt\u00f3 hajtja a boron\u00e1kat, amelyek elengedhetetlenek a finom, egyenletes mag\u00e1gy l\u00e9trehoz\u00e1s\u00e1hoz. Ez kritikus fontoss\u00e1g\u00fa olyan n\u00f6v\u00e9nyek eset\u00e9ben, mint a gabonaf\u00e9l\u00e9k, z\u00f6lds\u00e9gek \u00e9s m\u00e1s olyan n\u00f6v\u00e9nyek, amelyeknek \u00e1lland\u00f3 talajviszonyokra van sz\u00fcks\u00e9g\u00fck a cs\u00edr\u00e1z\u00e1shoz.<\/li>\n<\/ul>\n<\/li>\n<li><strong>Boron\u00e1z\u00e1s gyomirt\u00e1shoz<\/strong>:\n<ul>\n<li><strong>Gyomirt\u00e1s<\/strong>A sebess\u00e9gv\u00e1lt\u00f3 biztos\u00edtja a borona azon k\u00e9pess\u00e9g\u00e9t, hogy sek\u00e9ly m\u00e9lys\u00e9gben m\u0171velje meg a talajt, kit\u00e9pje a gyomokat \u00e9s el\u0151k\u00e9sz\u00edtse a talajt a jobb n\u00f6v\u00e9nyn\u00f6veked\u00e9shez. Seg\u00edt lebontani a gyomokat, mik\u00f6zben minimaliz\u00e1lja a k\u00edv\u00e1natos n\u00f6v\u00e9nyek k\u00e1rosod\u00e1s\u00e1t.<\/li>\n<li><strong>Felsz\u00edni gyoml\u00e1l\u00e1s<\/strong>A borona megfelel\u0151 sebess\u00e9ggel \u00e9s m\u00e9lys\u00e9gben t\u00f6rt\u00e9n\u0151 mozgat\u00e1s\u00e1val a hajt\u00f3m\u0171 biztos\u00edtja, hogy a felsz\u00ednen l\u00e9v\u0151 gyomok fellazuljanak, ami cs\u00f6kkenti a t\u00e1panyagok\u00e9rt \u00e9s a nedvess\u00e9g\u00e9rt folytatott versenyt.<\/li>\n<\/ul>\n<\/li>\n<li><strong>Betakar\u00edt\u00e1s ut\u00e1ni sz\u00e1nt\u00f3f\u00f6ldi karbantart\u00e1s<\/strong>:\n<ul>\n<li><strong>Sz\u00e1nd\u00e9kmaradv\u00e1ny-kezel\u00e9s<\/strong>Betakar\u00edt\u00e1s ut\u00e1n a sebess\u00e9gv\u00e1lt\u00f3val hajtott borona seg\u00edt a n\u00f6v\u00e9nyi maradv\u00e1nyok lebont\u00e1s\u00e1ban \u00e9s egyenletes eloszt\u00e1s\u00e1ban a sz\u00e1nt\u00f3f\u00f6ld\u00f6n. Ez a folyamat fontos a talaj term\u00e9kenys\u00e9ge \u00e9s a tov\u00e1bbi k\u00e9miai kezel\u00e9sek sz\u00fcks\u00e9gess\u00e9g\u00e9nek minimaliz\u00e1l\u00e1sa szempontj\u00e1b\u00f3l.<\/li>\n<li><strong>Tarl\u00f3bedolgoz\u00e1s<\/strong>A borona tarl\u00f3beforgat\u00e1sra is haszn\u00e1lhat\u00f3, jav\u00edtva a talaj szerkezet\u00e9t \u00e9s cs\u00f6kkentve az er\u00f3zi\u00f3 kock\u00e1zat\u00e1t a n\u00f6v\u00e9nyi maradv\u00e1nyok f\u00f6lddel val\u00f3 befed\u00e9s\u00e9vel.<\/li>\n<\/ul>\n<\/li>\n<li><strong>Szintez\u00e9s \u00e9s sim\u00edt\u00e1s<\/strong>:\n<ul>\n<li><strong>Talajkiegyenl\u00edt\u00e9s<\/strong>Az FMP-DX300-2 sebess\u00e9gv\u00e1lt\u00f3t gyakran haszn\u00e1lj\u00e1k talajsim\u00edt\u00f3 boron\u00e1kkal egy\u00fctt. A borona fogainak vagy t\u00e1rcs\u00e1inak vez\u00e9rl\u00e9s\u00e9vel a sebess\u00e9gv\u00e1lt\u00f3 biztos\u00edtja a talaj egyenletes elter\u00edt\u00e9s\u00e9t, ami fontos a v\u00edzmegtart\u00e1s \u00e9s a hat\u00e9kony \u00f6nt\u00f6z\u00e9s szempontj\u00e1b\u00f3l.<\/li>\n<li><strong>Fel\u00fcletsim\u00edt\u00e1s<\/strong>A hajt\u00f3m\u0171 lehet\u0151v\u00e9 teszi a borona egyenletes m\u0171k\u00f6d\u00e9s\u00e9t, seg\u00edtve a talajfelsz\u00edn elsim\u00edt\u00e1s\u00e1t az egyenletes mag\u00e1gyviszonyok \u00e9rdek\u00e9ben, cs\u00f6kkentve az egyenetlen n\u00f6v\u00e9nyn\u00f6veked\u00e9s kock\u00e1zat\u00e1t.<\/li>\n<\/ul>\n<\/li>\n<li><strong>Talajjav\u00edt\u00e1s<\/strong>:\n<ul>\n<li><strong>Leromlott talaj helyre\u00e1ll\u00edt\u00e1sa<\/strong>A sebess\u00e9gv\u00e1lt\u00f3 seg\u00edti a talajjav\u00edt\u00e1si munk\u00e1latokban haszn\u00e1lt forg\u00f3boron\u00e1kat, ahol a t\u00f6m\u00f6r\u00f6d\u00f6tt, leromlott vagy kem\u00e9ny talajt fellaz\u00edtj\u00e1k \u00e9s leveg\u0151ztetik az \u00fajratelep\u00edt\u00e9s vagy a helyre\u00e1ll\u00edt\u00e1s el\u0151k\u00e9sz\u00edt\u00e9se \u00e9rdek\u00e9ben. Ez gyakori a t\u00falzottan m\u0171velt vagy er\u00f3zi\u00f3nak kitett ter\u00fcleteken.<\/li>\n<li><strong>A talaj leveg\u0151ztet\u00e9s\u00e9nek jav\u00edt\u00e1sa<\/strong>Azzal, hogy biztos\u00edtja a sz\u00fcks\u00e9ges teljes\u00edtm\u00e9nyt a boron\u00e1l\u00f3 berendez\u00e9sek sz\u00e1m\u00e1ra, a sebess\u00e9gv\u00e1lt\u00f3 seg\u00edti a talaj leveg\u0151ztet\u00e9s\u00e9t, ami kulcsfontoss\u00e1g\u00fa a v\u00edzbesziv\u00e1rg\u00e1s, a gy\u00f6k\u00e9rn\u00f6veked\u00e9s \u00e9s a talaj eg\u00e9szs\u00e9g\u00e9nek jav\u00edt\u00e1sa szempontj\u00e1b\u00f3l.<\/li>\n<\/ul>\n<\/li>\n<\/ol>\n<p>Az FMP-DX300-2 hajt\u00e1s\u00fa boronahajt\u00f3m\u0171 ide\u00e1lis a mez\u0151gazdas\u00e1gi feladatok sz\u00e9les sk\u00e1l\u00e1j\u00e1hoz. Nagy nyomat\u00e9kkapacit\u00e1s\u00e1nak \u00e9s megb\u00edzhat\u00f3s\u00e1g\u00e1nak k\u00f6sz\u00f6nhet\u0151en alkalmas talaj-el\u0151k\u00e9sz\u00edt\u00e9sre, gyomirt\u00e1sra, betakar\u00edt\u00e1s ut\u00e1ni karbantart\u00e1sra, egyenget\u00e9sre \u00e9s ak\u00e1r talajjav\u00edt\u00e1si munk\u00e1latokra is. Ak\u00e1r talajm\u0171vel\u00e9sre, ak\u00e1r szermaradv\u00e1ny-kezel\u00e9sre, ak\u00e1r legel\u0151k fel\u00faj\u00edt\u00e1s\u00e1ra haszn\u00e1lj\u00e1k, ez a hajt\u00f3m\u0171 kulcsszerepet j\u00e1tszik a talaj \u00e1llapot\u00e1nak jav\u00edt\u00e1s\u00e1ban, a jobb term\u00e9shozamok biztos\u00edt\u00e1s\u00e1ban \u00e9s a gazdas\u00e1gok \u00e1ltal\u00e1nos termel\u00e9kenys\u00e9g\u00e9nek n\u00f6vel\u00e9s\u00e9ben. Sokoldal\u00fas\u00e1g\u00e1nak k\u00f6sz\u00f6nhet\u0151en \u00e9rt\u00e9kes alkot\u00f3eleme a modern mez\u0151gazdas\u00e1gi g\u00e9peknek mind a nagy\u00fczemi kereskedelmi gazd\u00e1lkod\u00e1s, mind a kisebb \u00fczemek sz\u00e1m\u00e1ra.<\/p>\n<\/div>\n<\/div>\n<\/div>\n<\/div>\n<\/div>\n<\/div>\n<h2><img loading=\"lazy\" decoding=\"async\" class=\"alignnone size-full wp-image-2755\" src=\"https:\/\/fmp-components.com\/wp-content\/uploads\/2025\/01\/Power-Driven-Harrow-Gearbox-EP-DX300-2-Lubrication-and-Maintenance-21.webp\" alt=\"G\u00e9pi-hajt\u00e1s\u00fa-borona-hajt\u00f3m\u0171-EP-DX300-2-Ken\u00e9s-\u00e9s-karbantart\u00e1s-2(1)\" width=\"950\" height=\"715\" title=\"\" srcset=\"https:\/\/fmp-components.com\/wp-content\/uploads\/2025\/01\/Power-Driven-Harrow-Gearbox-EP-DX300-2-Lubrication-and-Maintenance-21.webp 950w, https:\/\/fmp-components.com\/wp-content\/uploads\/2025\/01\/Power-Driven-Harrow-Gearbox-EP-DX300-2-Lubrication-and-Maintenance-21-480x361.webp 480w\" sizes=\"(min-width: 0px) and (max-width: 480px) 480px, (min-width: 481px) 950px, 100vw\" \/><\/h2>\n<h2>Az FMP-r\u0151l<\/h2>\n<p>Az olaszorsz\u00e1gi sz\u00e9khely\u0171 FMP vezet\u0151 gy\u00e1rt\u00f3, amely nagy teljes\u00edtm\u00e9ny\u0171 sebess\u00e9gv\u00e1lt\u00f3k tervez\u00e9s\u00e9ben, fejleszt\u00e9s\u00e9ben \u00e9s gy\u00e1rt\u00e1s\u00e1ban szerzett szak\u00e9rtelm\u00e9r\u0151l ismert, k\u00fcl\u00f6n\u00f6s tekintettel a mez\u0151gazdas\u00e1gi g\u00e9piparra. A prec\u00edzi\u00f3s m\u00e9rn\u00f6ki munk\u00e1r\u00f3l, innovat\u00edv megold\u00e1sokr\u00f3l \u00e9s kiv\u00e9teles megb\u00edzhat\u00f3s\u00e1gr\u00f3l ismert FMP megb\u00edzhat\u00f3 partnerk\u00e9nt szerzett h\u00edrnevet mind a mez\u0151gazdas\u00e1gi, mind az ipari ipar\u00e1gakban. Kiterjedt term\u00e9kportf\u00f3li\u00f3nk mag\u00e1ban foglalja a f\u0171ny\u00edr\u00f3khoz tervezett egyedi sebess\u00e9gv\u00e1lt\u00f3kat, kard\u00e1ntengelyeket \u00e9s sz\u00e1mos alapvet\u0151 alkatr\u00e9szt, amelyek mindegyike a sz\u00e9les k\u00f6r\u0171 alkalmaz\u00e1sok v\u00e1ltozatos ig\u00e9nyeinek kiel\u00e9g\u00edt\u00e9s\u00e9re lett kialak\u00edtva.<\/p>\n<p>Az FMP-n\u00e9l felismerj\u00fck, hogy minden \u00fcgyf\u00e9lnek egyedi kih\u00edv\u00e1sai \u00e9s ig\u00e9nyei vannak. Ez\u00e9rt specializ\u00e1l\u00f3dtunk a szem\u00e9lyre szabott megold\u00e1sok ny\u00fajt\u00e1s\u00e1ra, legyen sz\u00f3 ak\u00e1r egyedi komponensekr\u0151l, ak\u00e1r teljesen integr\u00e1lt rendszerekr\u0151l. \u00dcgyfeleinkkel val\u00f3 szoros egy\u00fcttm\u0171k\u00f6d\u00e9s\u00fcnk r\u00e9v\u00e9n biztos\u00edtjuk, hogy minden megold\u00e1s ne csak az \u0151 egyedi ig\u00e9nyeiket el\u00e9g\u00edtse ki, hanem maximaliz\u00e1lja a teljes\u00edtm\u00e9nyt \u00e9s az \u00e9rt\u00e9ket is. Elk\u00f6telezettek vagyunk a gyors, professzion\u00e1lis v\u00e1laszok \u00e9s a szak\u00e9rt\u0151i \u00fatmutat\u00e1s ir\u00e1nt, \u00edgy minden megkeres\u00e9st k\u00f6r\u00fcltekint\u0151en \u00e9s pontosan kezel\u00fcnk, ami a lehet\u0151 legjobb eredm\u00e9nyekhez vezet.<\/p>\n<p>Az \u00e1tl\u00e1that\u00f3 \u00e9s folyamatos kommunik\u00e1ci\u00f3 \u00e1ll megk\u00f6zel\u00edt\u00e9s\u00fcnk k\u00f6z\u00e9ppontj\u00e1ban. Elk\u00f6telezett csapatunk k\u00f6zvetlen\u00fcl egy\u00fcttm\u0171k\u00f6dik az \u00fcgyfelekkel a term\u00e9kfejleszt\u00e9si folyamat sor\u00e1n, hogy m\u00e9lyrehat\u00f3an meg\u00e9rtse ig\u00e9nyeiket. \u00c9rt\u00e9kes betekint\u00e9st \u00e9s aj\u00e1nl\u00e1sokat k\u00edn\u00e1lunk az optim\u00e1lis eredm\u00e9nyek biztos\u00edt\u00e1sa \u00e9rdek\u00e9ben. Ak\u00e1r \u00e9lvonalbeli term\u00e9keket tervez\u00fcnk, ak\u00e1r folyamatos megrendel\u00e9seket teljes\u00edt\u00fcnk, az FMP elk\u00f6telezett amellett, hogy minden alkalommal kiv\u00e1l\u00f3 min\u0151s\u00e9g\u0171, prec\u00edzi\u00f3san megtervezett megold\u00e1sokat sz\u00e1ll\u00edtson id\u0151ben. K\u00fcldet\u00e9s\u00fcnk, hogy minden projektben kiv\u00e9teles szolg\u00e1ltat\u00e1st \u00e9s eredm\u00e9nyeket ny\u00fajtva fel\u00fclm\u00faljuk az \u00fcgyfelek elv\u00e1r\u00e1sait.<\/p>\n<p>A min\u0151s\u00e9g minden tev\u00e9kenys\u00e9g\u00fcnk alapja. Betartjuk a legmagasabb gy\u00e1rt\u00e1si szabv\u00e1nyokat, \u00e9s szigor\u00fa min\u0151s\u00e9gellen\u0151rz\u00e9si int\u00e9zked\u00e9seket alkalmazunk annak biztos\u00edt\u00e1sa \u00e9rdek\u00e9ben, hogy minden term\u00e9k ne csak megfeleljen, hanem meghaladja az ipar\u00e1gi szabv\u00e1nyokat. Ez a kiv\u00e1l\u00f3s\u00e1g ir\u00e1nti elk\u00f6telezetts\u00e9g, valamint az olyan alapvet\u0151 \u00e9rt\u00e9keink, mint az integrit\u00e1s, a csapatmunka \u00e9s a kitart\u00e1s, lehet\u0151v\u00e9 tette sz\u00e1munkra, hogy hossz\u00fa t\u00e1v\u00fa, bizalmon alapul\u00f3 kapcsolatokat \u00e9p\u00edts\u00fcnk ki \u00fcgyfeleinkkel vil\u00e1gszerte k\u00f6zel 30 orsz\u00e1gban.<\/p>\n<p>Az FMP mindig is t\u00f6rekedett a glob\u00e1lis partners\u00e9gek \u00e1pol\u00e1s\u00e1ra, \u00e9s elk\u00f6telezett amellett, hogy szak\u00e9rt\u0151i tan\u00e1csokat \u00e9s szem\u00e9lyre szabott megold\u00e1sokat ny\u00fajtson \u00fcgyfeleink v\u00e1ltoz\u00f3 ig\u00e9nyeinek kiel\u00e9g\u00edt\u00e9s\u00e9re. Nemcsak a term\u00e9kek sz\u00e1ll\u00edt\u00e1s\u00e1ra t\u00f6reksz\u00fcnk, hanem tart\u00f3s kapcsolatok kialak\u00edt\u00e1s\u00e1ra is, amelyek hozz\u00e1j\u00e1rulnak minden projekt siker\u00e9hez. Ak\u00e1r innovat\u00edv megold\u00e1sokra van sz\u00fcks\u00e9ge egy \u00faj kezdem\u00e9nyez\u00e9shez, ak\u00e1r folyamatos t\u00e1mogat\u00e1sra egy megl\u00e9v\u0151 rendszerhez, az FMP k\u00e9szen \u00e1ll arra, hogy megfeleljen a technikai kih\u00edv\u00e1soknak \u00e9s biztos\u00edtsa a folyamatos sikert.<\/p>\n<p><img loading=\"lazy\" decoding=\"async\" class=\"alignnone wp-image-2695\" src=\"https:\/\/fmp-components.com\/wp-content\/uploads\/2025\/01\/agricultural-gearbox3.webp\" alt=\"mez\u0151gazdas\u00e1gi sebess\u00e9gv\u00e1lt\u00f3\" width=\"953\" height=\"951\" title=\"\" srcset=\"https:\/\/fmp-components.com\/wp-content\/uploads\/2025\/01\/agricultural-gearbox3.webp 953w, https:\/\/fmp-components.com\/wp-content\/uploads\/2025\/01\/agricultural-gearbox3-480x479.webp 480w\" sizes=\"(min-width: 0px) and (max-width: 480px) 480px, (min-width: 481px) 953px, 100vw\" \/><\/p>\n<p>Szerz\u0151: CX<\/p>","protected":false},"excerpt":{"rendered":"<p>Grader Driven Rake Gearbox FMP-DX300-2 Dimensions\u00a0 Grader Driven Rake Gearbox FMP-DX300-2 Turn Grader Driven Rake Gearbox FMP-DX300-2 Technical Data i Suitable Rpm input Rpm output KW(Nom) KW(Max) Toothing r\/min r\/min hp hp Decelerate 2.47:1 Powered Harrow 1000 404 200 3500 Gleason Helical Teeth Decelerate 2.63:1 1000 380 3700 Decelerate 2.04:1 850 416 3400 Remark: If [&hellip;]<\/p>","protected":false},"featured_media":2757,"comment_status":"open","ping_status":"closed","template":"","meta":{"_et_pb_use_builder":"","_et_pb_old_content":"","_et_gb_content_width":""},"product_brand":[],"product_cat":[66],"product_tag":[],"class_list":{"0":"post-2751","1":"product","2":"type-product","3":"status-publish","4":"has-post-thumbnail","6":"product_cat-grader-driven-rake-gearbox","8":"first","9":"instock","10":"shipping-taxable","11":"product-type-simple"},"_links":{"self":[{"href":"https:\/\/fmp-components.com\/hu\/wp-json\/wp\/v2\/product\/2751","targetHints":{"allow":["GET"]}}],"collection":[{"href":"https:\/\/fmp-components.com\/hu\/wp-json\/wp\/v2\/product"}],"about":[{"href":"https:\/\/fmp-components.com\/hu\/wp-json\/wp\/v2\/types\/product"}],"replies":[{"embeddable":true,"href":"https:\/\/fmp-components.com\/hu\/wp-json\/wp\/v2\/comments?post=2751"}],"wp:featuredmedia":[{"embeddable":true,"href":"https:\/\/fmp-components.com\/hu\/wp-json\/wp\/v2\/media\/2757"}],"wp:attachment":[{"href":"https:\/\/fmp-components.com\/hu\/wp-json\/wp\/v2\/media?parent=2751"}],"wp:term":[{"taxonomy":"product_brand","embeddable":true,"href":"https:\/\/fmp-components.com\/hu\/wp-json\/wp\/v2\/product_brand?post=2751"},{"taxonomy":"product_cat","embeddable":true,"href":"https:\/\/fmp-components.com\/hu\/wp-json\/wp\/v2\/product_cat?post=2751"},{"taxonomy":"product_tag","embeddable":true,"href":"https:\/\/fmp-components.com\/hu\/wp-json\/wp\/v2\/product_tag?post=2751"}],"curies":[{"name":"munkaf\u00fczet","href":"https:\/\/api.w.org\/{rel}","templated":true}]}}