{"id":2736,"date":"2025-01-04T03:48:26","date_gmt":"2025-01-04T03:48:26","guid":{"rendered":"https:\/\/fmp-components.com\/?page_id=8"},"modified":"2025-01-04T03:51:45","modified_gmt":"2025-01-04T03:51:45","slug":"grader-driven-rake-gearbox-fmp-dx300-1-for-powered-harrow","status":"publish","type":"product","link":"https:\/\/fmp-components.com\/hu\/product\/grader-driven-rake-gearbox-fmp-dx300-1-for-powered-harrow\/","title":{"rendered":"Gr\u00e9derhajt\u00e1s\u00fa gereblye-hajt\u00f3m\u0171 FMP-DX300-1 motoros boron\u00e1hoz"},"content":{"rendered":"<h2>Gr\u00e9derhajt\u00e1s\u00fa gereblye-hajt\u00f3m\u0171 FMP-DX300-1 m\u0171szaki adatok<\/h2>\n<p><img loading=\"lazy\" decoding=\"async\" class=\"alignnone size-full wp-image-2744\" src=\"https:\/\/fmp-components.com\/wp-content\/uploads\/2025\/01\/Grader-Driven-Rake-Gearbox-EP-DX300-1-Dimensions.webp\" alt=\"Gr\u00e9derhajt\u00e1s\u00fa gerebly\u00e9z\u0151 hajt\u00f3m\u0171-EP-DX300-1-M\u00e9retek\" width=\"1391\" height=\"920\" title=\"\" srcset=\"https:\/\/fmp-components.com\/wp-content\/uploads\/2025\/01\/Grader-Driven-Rake-Gearbox-EP-DX300-1-Dimensions.webp 1391w, https:\/\/fmp-components.com\/wp-content\/uploads\/2025\/01\/Grader-Driven-Rake-Gearbox-EP-DX300-1-Dimensions-1280x847.webp 1280w, https:\/\/fmp-components.com\/wp-content\/uploads\/2025\/01\/Grader-Driven-Rake-Gearbox-EP-DX300-1-Dimensions-980x648.webp 980w, https:\/\/fmp-components.com\/wp-content\/uploads\/2025\/01\/Grader-Driven-Rake-Gearbox-EP-DX300-1-Dimensions-480x317.webp 480w\" sizes=\"(min-width: 0px) and (max-width: 480px) 480px, (min-width: 481px) and (max-width: 980px) 980px, (min-width: 981px) and (max-width: 1280px) 1280px, (min-width: 1281px) 1391px, 100vw\" \/><\/p>\n<h2>Gr\u00e9derhajt\u00e1s\u00fa gereblye-hajt\u00f3m\u0171 FMP-DX300-1 fordulatsz\u00e1m<\/h2>\n<p><img loading=\"lazy\" decoding=\"async\" class=\"alignnone size-full wp-image-2745\" src=\"https:\/\/fmp-components.com\/wp-content\/uploads\/2025\/01\/Grader-Driven-Rake-Gearbox-EP-DX300-1-Turn.webp\" alt=\"Gr\u00e9derhajt\u00e1s\u00fa-Grecske-Sebess\u00e9gv\u00e1lt\u00f3-EP-DX300-1-Fordul\u00e1s\" width=\"1341\" height=\"348\" title=\"\" srcset=\"https:\/\/fmp-components.com\/wp-content\/uploads\/2025\/01\/Grader-Driven-Rake-Gearbox-EP-DX300-1-Turn.webp 1341w, https:\/\/fmp-components.com\/wp-content\/uploads\/2025\/01\/Grader-Driven-Rake-Gearbox-EP-DX300-1-Turn-1280x332.webp 1280w, https:\/\/fmp-components.com\/wp-content\/uploads\/2025\/01\/Grader-Driven-Rake-Gearbox-EP-DX300-1-Turn-980x254.webp 980w, https:\/\/fmp-components.com\/wp-content\/uploads\/2025\/01\/Grader-Driven-Rake-Gearbox-EP-DX300-1-Turn-480x125.webp 480w\" sizes=\"(min-width: 0px) and (max-width: 480px) 480px, (min-width: 481px) and (max-width: 980px) 980px, (min-width: 981px) and (max-width: 1280px) 1280px, (min-width: 1281px) 1341px, 100vw\" \/><\/p>\n<table style=\"width: 96.2953%; height: 160px;\" border=\"1\" cellspacing=\"0\" cellpadding=\"0\">\n<tbody>\n<tr>\n<td colspan=\"2\" rowspan=\"2\">\u00e9n<\/td>\n<td rowspan=\"2\">Alkalmas<\/td>\n<td>Fordulatsz\u00e1m bemenet<\/td>\n<td>Fordulatsz\u00e1m-kimenet<\/td>\n<td>kW (n\u00e9vleges)<\/td>\n<td>kW (maximum)<\/td>\n<td rowspan=\"2\">Fogazat<\/td>\n<\/tr>\n<tr>\n<td>fordulat\/perc<\/td>\n<td>fordulat\/perc<\/td>\n<td>l\u00f3er\u0151<\/td>\n<td>l\u00f3er\u0151<\/td>\n<\/tr>\n<tr>\n<td>Lass\u00edt\u00e1s<\/td>\n<td>2.47:1<\/td>\n<td rowspan=\"3\">Motoros borona<\/td>\n<td>1000<\/td>\n<td>404<\/td>\n<td rowspan=\"3\">200<\/td>\n<td>3500<\/td>\n<td rowspan=\"3\">Gleason spir\u00e1lis<br \/>\nFogak<\/td>\n<\/tr>\n<tr>\n<td>Lass\u00edt\u00e1s<\/td>\n<td>2.63:1<\/td>\n<td>1000<\/td>\n<td>380<\/td>\n<td>3700<\/td>\n<\/tr>\n<tr>\n<td>Lass\u00edt\u00e1s<\/td>\n<td>2.04:1<\/td>\n<td>850<\/td>\n<td>416<\/td>\n<td>3400<\/td>\n<\/tr>\n<tr>\n<td colspan=\"8\">Megjegyz\u00e9s: Ha b\u00e1rmilyen k\u00fcl\u00f6nleges ig\u00e9nye van, nyugodtan sz\u00f3ljon, mi is elfogadjuk az egyedi megrendel\u00e9seket.<\/td>\n<\/tr>\n<\/tbody>\n<\/table>\n<h2>Gr\u00e9derhajt\u00e1s\u00fa gereblye-hajt\u00f3m\u0171 FMP-DX300-1 alkatr\u00e9sz szerkezete<\/h2>\n<p>Az FMP-DX300-1 gr\u00e9derhajt\u00e1s\u00fa rendk\u00e9pz\u0151 hajt\u00f3m\u0171 egy robusztus \u00e9s n\u00e9lk\u00fcl\u00f6zhetetlen alkatr\u00e9sz, amelyet gr\u00e9derhajt\u00e1s\u00fa rendk\u00e9pz\u0151 rendszerekben val\u00f3 haszn\u00e1latra terveztek, jellemz\u0151en mez\u0151gazdas\u00e1gi \u00e9s ipari alkalmaz\u00e1sokban. Az al\u00e1bbiakban az FMP-DX300-1 hajt\u00f3m\u0171 f\u0151bb szerkezeti elemeinek \u00e1ttekint\u00e9se tal\u00e1lhat\u00f3:<\/p>\n<p>1. <strong>H\u00e1z<\/strong><\/p>\n<ul>\n<li><strong>Anyag:<\/strong> A jellemz\u0151en nagy szil\u00e1rds\u00e1g\u00fa \u00f6nt\u00f6ttvasb\u00f3l vagy ac\u00e9lb\u00f3l k\u00e9sz\u00fclt h\u00e1z szerkezeti integrit\u00e1st biztos\u00edt, \u00e9s mag\u00e1ban foglalja a bels\u0151 alkatr\u00e9szeket. \u00dagy tervezt\u00e9k, hogy ellen\u00e1lljon a nagy terhel\u00e9snek \u00e9s nyomat\u00e9knak, mik\u00f6zben v\u00e9di a benne l\u00e9v\u0151 fogaskerekeket \u00e9s tengelyeket.<\/li>\n<li><strong>Funkci\u00f3:<\/strong> V\u00e9di a bels\u0151 alkatr\u00e9szeket a port\u00f3l, szennyez\u0151d\u00e9sekt\u0151l \u00e9s k\u00fcls\u0151 elemekt\u0151l, mik\u00f6zben biztons\u00e1gos \u00e9s stabil r\u00f6gz\u00edt\u0151alapot biztos\u00edt a sebess\u00e9gv\u00e1lt\u00f3 sz\u00e1m\u00e1ra.<\/li>\n<\/ul>\n<p>2. <strong>Bemeneti tengely<\/strong><\/p>\n<ul>\n<li><strong>Anyag:<\/strong> Kov\u00e1csolt ac\u00e9l a tart\u00f3ss\u00e1g \u00e9s az er\u0151 \u00e9rdek\u00e9ben.<\/li>\n<li><strong>Funkci\u00f3:<\/strong> A bemen\u0151 tengely a traktor teljes\u00edtm\u00e9nylead\u00f3 tengely\u00e9hez (TLT) csatlakozik, \u00e9s tov\u00e1bb\u00edtja a forg\u00e1si teljes\u00edtm\u00e9nyt a sebess\u00e9gv\u00e1lt\u00f3nak, elind\u00edtva a fokozatcs\u00f6kkent\u00e9si folyamatot.<\/li>\n<\/ul>\n<p>3. <strong>Kimen\u0151 tengely<\/strong><\/p>\n<ul>\n<li><strong>Anyag:<\/strong> Kiv\u00e1l\u00f3 min\u0151s\u00e9g\u0171 ac\u00e9l, gyakran edzett a nagyobb kop\u00e1s\u00e1ll\u00f3s\u00e1g \u00e9rdek\u00e9ben.<\/li>\n<li><strong>Funkci\u00f3:<\/strong> A kimen\u0151 tengely tov\u00e1bb\u00edtja a cs\u00f6kkentett teljes\u00edtm\u00e9nyt a sebess\u00e9gv\u00e1lt\u00f3t\u00f3l a rendk\u00e9pz\u0151 rendszerhez, biztos\u00edtva a rendk\u00e9pz\u0151 hat\u00e9kony m\u0171k\u00f6d\u00e9s\u00e9t.<\/li>\n<\/ul>\n<p>4. <strong>Fogaskerekek<\/strong><\/p>\n<ul>\n<li><strong>Anyag:<\/strong> Edzett ac\u00e9l vagy nagy szil\u00e1rds\u00e1g\u00fa \u00f6tv\u00f6zetek a tart\u00f3ss\u00e1g \u00e9s a kop\u00e1s\u00e1ll\u00f3s\u00e1g \u00e9rdek\u00e9ben.<\/li>\n<li><strong>Funkci\u00f3:<\/strong> Az FMP-DX300-1 sebess\u00e9gv\u00e1lt\u00f3 fogaskerekei megk\u00f6nny\u00edtik az er\u0151\u00e1tvitelt, a bemeneti fordulatsz\u00e1mot \u00e9s nyomat\u00e9kot lassabb, kezelhet\u0151bb kimeneti fordulatsz\u00e1mm\u00e1 alak\u00edtj\u00e1k, megn\u00f6velt nyomat\u00e9kkal. A sebess\u00e9gv\u00e1lt\u00f3n bel\u00fcl egy fogasker\u00e9k-l\u00e1ncban helyezkednek el, gyakran k\u00fapkerekes vagy homlokkerekes fogaskerekeket haszn\u00e1lva.<\/li>\n<\/ul>\n<p>5. <strong>Csap\u00e1gyak<\/strong><\/p>\n<ul>\n<li><strong>Anyag:<\/strong> Prec\u00edzi\u00f3s goly\u00f3s- vagy g\u00f6rg\u0151scsap\u00e1gyak.<\/li>\n<li><strong>Funkci\u00f3:<\/strong> A csap\u00e1gyak a sebess\u00e9gv\u00e1lt\u00f3 forg\u00f3 tengelyeit t\u00e1masztj\u00e1k al\u00e1, lehet\u0151v\u00e9 t\u00e9ve a sima m\u0171k\u00f6d\u00e9st, \u00e9s cs\u00f6kkentve a mozg\u00f3 alkatr\u00e9szek s\u00farl\u00f3d\u00e1s\u00e1t \u00e9s kop\u00e1s\u00e1t.<\/li>\n<\/ul>\n<p>Az FMP-DX300-1 gr\u00e9derhajt\u00e1s\u00fa rendk\u00e9pz\u0151 hajt\u00f3m\u0171 tart\u00f3s, kiv\u00e1l\u00f3 min\u0151s\u00e9g\u0171 anyagokb\u00f3l k\u00e9sz\u00fclt, hogy megb\u00edzhat\u00f3, hossz\u00fa t\u00e1v\u00fa teljes\u00edtm\u00e9nyt ny\u00fajtson mez\u0151gazdas\u00e1gi \u00e9s ipari g\u00e9pekben. Minden alkatr\u00e9sz kritikus szerepet j\u00e1tszik a z\u00f6kken\u0151mentes m\u0171k\u00f6d\u00e9s, a nagy nyomat\u00e9k\u00e1tvitel \u00e9s a hat\u00e9kony teljes\u00edtm\u00e9ny\u00e1talak\u00edt\u00e1s biztos\u00edt\u00e1s\u00e1ban, \u00edgy a hajt\u00f3m\u0171 ide\u00e1lis az ig\u00e9nyes rendk\u00e9pz\u0151 rendszerekben val\u00f3 haszn\u00e1latra.<\/p>\n<p><img loading=\"lazy\" decoding=\"async\" class=\"alignnone size-full wp-image-2748\" src=\"https:\/\/fmp-components.com\/wp-content\/uploads\/2025\/01\/Grader-Driven-Rake-Gearbox-EP-DX300-1-for-Powered-Harrow1.webp\" alt=\"Gr\u00e9derhajt\u00e1s\u00fa-Gr\u00e9derhajt\u00f3m\u0171-EP-DX300-1-motoros-boron\u00e1hoz(1)\" width=\"1024\" height=\"418\" title=\"\" srcset=\"https:\/\/fmp-components.com\/wp-content\/uploads\/2025\/01\/Grader-Driven-Rake-Gearbox-EP-DX300-1-for-Powered-Harrow1.webp 1024w, https:\/\/fmp-components.com\/wp-content\/uploads\/2025\/01\/Grader-Driven-Rake-Gearbox-EP-DX300-1-for-Powered-Harrow1-980x400.webp 980w, https:\/\/fmp-components.com\/wp-content\/uploads\/2025\/01\/Grader-Driven-Rake-Gearbox-EP-DX300-1-for-Powered-Harrow1-480x196.webp 480w\" sizes=\"(min-width: 0px) and (max-width: 480px) 480px, (min-width: 481px) and (max-width: 980px) 980px, (min-width: 981px) 1024px, 100vw\" \/><\/p>\n<h2>Gr\u00e9derhajt\u00e1s\u00fa gereblye-hajt\u00f3m\u0171 FMP-DX300-1 alkalmaz\u00e1sok<\/h2>\n<div class=\"flex max-w-full flex-col flex-grow\">\n<div class=\"min-h-8 text-message flex w-full flex-col items-end gap-2 whitespace-normal break-words text-start [.text-message+&amp;]:mt-5\" dir=\"auto\" data-message-author-role=\"assistant\" data-message-id=\"5479eb4d-745a-477c-922c-e95a511ab1ab\" data-message-model-slug=\"gpt-4o\">\n<div class=\"flex w-full flex-col gap-1 empty:hidden first:pt-[3px]\">\n<div class=\"markdown prose w-full break-words dark:prose-invert light\">\n<p>Az FMP-DX300-1 gr\u00e9derhajt\u00e1s\u00fa rendk\u00e9pz\u0151 hajt\u00f3m\u0171 egy rendk\u00edv\u00fcl sokoldal\u00fa alkatr\u00e9sz, amelyet k\u00fcl\u00f6nf\u00e9le mez\u0151gazdas\u00e1gi \u00e9s ipari alkalmaz\u00e1sokhoz terveztek. Robusztus konstrukci\u00f3ja \u00e9s megb\u00edzhat\u00f3 teljes\u00edtm\u00e9nye alkalmass\u00e1 teszi ig\u00e9nyes k\u00f6rnyezetekre. Az al\u00e1bbiakban az FMP-DX300-1 gr\u00e9derhajt\u00e1s\u00fa rendk\u00e9pz\u0151 hajt\u00f3m\u0171 f\u0151bb alkalmaz\u00e1sai l\u00e1that\u00f3k:<\/p>\n<p>1. <strong>Mez\u0151gazdas\u00e1gi g\u00e9pek<\/strong><\/p>\n<ul>\n<li><strong>Sz\u00e9na gerebly\u00e9k:<\/strong> A sebess\u00e9gv\u00e1lt\u00f3t gyakran haszn\u00e1lj\u00e1k sz\u00e9nagerebly\u00e9kben, ahol hat\u00e9konyan hajtja a gereblyekarokat, biztos\u00edtva a sz\u00e9na \u00e9s m\u00e1s term\u00e9nyek egyenletes gerebly\u00e9z\u00e9s\u00e9t. Er\u0151\u00e1tviteli k\u00e9pess\u00e9gei seg\u00edtenek fenntartani a hat\u00e9kony term\u00e9nykezel\u00e9shez sz\u00fcks\u00e9ges megfelel\u0151 munkasebess\u00e9get \u00e9s nyomat\u00e9kot.<\/li>\n<li><strong>Sz\u00e9naforgat\u00f3k:<\/strong> A sz\u00e9na vagy m\u00e1s takarm\u00e1nyn\u00f6v\u00e9nyek ter\u00edt\u00e9s\u00e9re \u00e9s forgat\u00e1s\u00e1ra sz\u00e1nt rendforgat\u00f3 g\u00e9pekben haszn\u00e1lt sebess\u00e9gv\u00e1lt\u00f3 biztos\u00edtja a sima \u00e9s folyamatos m\u0171k\u00f6d\u00e9st, seg\u00edtve a sz\u00e9na sz\u00e1r\u00edt\u00e1si folyamat\u00e1nak optimaliz\u00e1l\u00e1s\u00e1t.<\/li>\n<\/ul>\n<p>2. <strong>Gr\u00e9der gereblye rendszerek<\/strong><\/p>\n<ul>\n<li><strong>\u00datgr\u00e9derek:<\/strong> Az FMP-DX300-1 sebess\u00e9gv\u00e1lt\u00f3t gyakran alkalmazz\u00e1k gr\u00e9derrel hajtott rendk\u00e9pz\u0151 rendszerekben, ahol seg\u00edt szab\u00e1lyozni a gereblye forg\u00e1s\u00e1t \u00e9s egyenletesen elosztani az anyagokat az utakon vagy a talajon. Ez az alkalmaz\u00e1s kulcsfontoss\u00e1g\u00fa az \u00fatkarbantart\u00e1sban \u00e9s az \u00fat\u00e9p\u00edt\u00e9sben.<\/li>\n<li><strong>Talajszintez\u00e9s \u00e9s -szintez\u00e9s:<\/strong> A sebess\u00e9gv\u00e1lt\u00f3 seg\u00edt a talaj kiegyenl\u00edt\u00e9s\u00e9ben \u00e9s r\u00e9zs\u0171lyukaszt\u00e1s\u00e1ban mez\u0151gazdas\u00e1gi ter\u00fcleteken, \u00e9p\u00edtkez\u00e9seken \u00e9s tereprendez\u00e9si projektekben, hozz\u00e1j\u00e1rulva a sim\u00e1bb, egyenletesebb talajfelsz\u00ednhez.<\/li>\n<\/ul>\n<p>3. <strong>Kert\u00e9p\u00edt\u00e9s \u00e9s gyepgazd\u00e1lkod\u00e1s<\/strong><\/p>\n<ul>\n<li><strong>Gyepszell\u0151ztet\u0151k:<\/strong> A gyepszell\u0151ztet\u0151kben a talaj eg\u00e9szs\u00e9g\u00e9nek meg\u0151rz\u00e9s\u00e9re haszn\u00e1lt sebess\u00e9gv\u00e1lt\u00f3 hajtja a talajt \u00e1tsz\u00far\u00f3 fogakat vagy t\u00fcsk\u00e9ket, jav\u00edtva a v\u00edz behatol\u00e1s\u00e1t \u00e9s a gy\u00f6k\u00e9rn\u00f6veked\u00e9st a gyepgazd\u00e1lkod\u00e1si m\u0171veletek sor\u00e1n.<\/li>\n<li><strong>Gyep- \u00e9s mez\u0151gondoz\u00e1s:<\/strong> Ide\u00e1lis gyep\u00e1pol\u00e1si g\u00e9pekhez, bele\u00e9rtve a gerebly\u00e9ket \u00e9s a gyep\u00e1pol\u00f3 g\u00e9peket, a sebess\u00e9gv\u00e1lt\u00f3 hat\u00e9kony er\u0151\u00e1tvitelt biztos\u00edt az egyenletes \u00e9s k\u00f6vetkezetes talajm\u0171vel\u00e9shez.<\/li>\n<\/ul>\n<p>4. <strong>Erd\u00e9szet \u00e9s talajjav\u00edt\u00e1s<\/strong><\/p>\n<ul>\n<li><strong>Kefe- \u00e9s f\u0171gerebly\u00e9k:<\/strong> Erd\u00e9szeti alkalmaz\u00e1sokban az FMP-DX300-1 sebess\u00e9gv\u00e1lt\u00f3 megtal\u00e1lhat\u00f3 az erd\u0151kben, mez\u0151k\u00f6n vagy rekultiv\u00e1lt ter\u00fcleteken gerebly\u00e9z\u0151 \u00e9s f\u0171ny\u00edr\u00f3 g\u00e9pekben. A sebess\u00e9gv\u00e1lt\u00f3 biztos\u00edtja az anyagok hat\u00e9kony mozgat\u00e1s\u00e1t \u00e9s \u00f6sszegy\u0171jt\u00e9s\u00e9t.<\/li>\n<li><strong>Tiszt\u00edt\u00e1si \u00e9s rekultiv\u00e1ci\u00f3s projektek:<\/strong> Talajrekultiv\u00e1ci\u00f3s folyamatokban haszn\u00e1lj\u00e1k a talaj el\u0151k\u00e9sz\u00edt\u00e9s\u00e9re, a t\u00f6rmel\u00e9k elt\u00e1vol\u00edt\u00e1s\u00e1ra \u00e9s a f\u00f6ld term\u00e9kenys\u00e9g\u00e9nek fokoz\u00e1s\u00e1ra, biztos\u00edtva, hogy a f\u00f6ld alkalmas legyen mez\u0151gazdas\u00e1gi, erd\u0151gazd\u00e1lkod\u00e1si vagy \u00e9p\u00edt\u00e9si c\u00e9lokra.<\/li>\n<\/ul>\n<p>5. <strong>\u00c9p\u00edt\u00e9s \u00e9s \u00fat\u00e9p\u00edt\u00e9s<\/strong><\/p>\n<ul>\n<li><strong>\u00c9p\u00edt\u0151ipari gr\u00e9derek:<\/strong> A sebess\u00e9gv\u00e1lt\u00f3 alkalmas \u00e9p\u00edt\u0151ipari gr\u00e9derekben \u00e9s kapcsol\u00f3d\u00f3 berendez\u00e9sekben val\u00f3 haszn\u00e1latra, ahol a gereblyerendszert hajtja a talaj, kavics vagy egy\u00e9b anyagok mozgat\u00e1s\u00e1hoz vagy sz\u00e9tter\u00edt\u00e9s\u00e9hez \u00fat\u00e9p\u00edt\u00e9si \u00e9s tereprendez\u00e9si m\u0171veletek sor\u00e1n.<\/li>\n<li><strong>\u00datkarbantart\u00f3 j\u00e1rm\u0171vek:<\/strong> \u00datkarbantart\u00f3 g\u00e9pekben haszn\u00e1lj\u00e1k az utak fel\u00faj\u00edt\u00e1s\u00e1hoz haszn\u00e1lt anyagok ter\u00edt\u00e9s\u00e9re, kiegyenl\u00edt\u00e9s\u00e9re \u00e9s r\u00f6gz\u00edt\u00e9s\u00e9re, biztos\u00edtva az egyenletes eloszl\u00e1st \u00e9s a sima v\u00e9gs\u0151 fel\u00fcletet.<\/li>\n<\/ul>\n<p>Az FMP-DX300-1 gr\u00e9derhajt\u00e1s\u00fa rendk\u00e9pz\u0151 hajt\u00f3m\u0171 sz\u00e9les k\u00f6rben alkalmazhat\u00f3, els\u0151sorban a mez\u0151gazdas\u00e1gi, \u00e9p\u00edt\u0151ipari \u00e9s tereprendez\u00e9si szektorokban. A hat\u00e9kony \u00e9s k\u00f6vetkezetes teljes\u00edtm\u00e9ny\u00e1tvitel ide\u00e1liss\u00e1 teszi azokhoz a feladatokhoz, amelyek a rendk\u00e9pz\u0151, szintez\u0151 \u00e9s szintez\u0151 rendszerek prec\u00edz vez\u00e9rl\u00e9s\u00e9t ig\u00e9nylik. Legyen sz\u00f3 sz\u00e9nagerebly\u00e9kr\u0151l, \u00fatgr\u00e9derekr\u0151l vagy talajm\u0171vel\u0151 g\u00e9pekr\u0151l, az FMP-DX300-1 z\u00f6kken\u0151mentes m\u0171k\u00f6d\u00e9st \u00e9s megb\u00edzhat\u00f3 teljes\u00edtm\u00e9nyt biztos\u00edt, \u00edgy kulcsfontoss\u00e1g\u00fa eleme a termel\u00e9kenys\u00e9g \u00e9s a m\u0171k\u00f6d\u00e9si hat\u00e9konys\u00e1g n\u00f6vel\u00e9s\u00e9nek sz\u00e1mos ipar\u00e1gban.<\/p>\n<p><img loading=\"lazy\" decoding=\"async\" class=\"alignnone size-full wp-image-2747\" src=\"https:\/\/fmp-components.com\/wp-content\/uploads\/2025\/01\/Grader-Driven-Rake-Gearbox-EP-DX300-1-Maintenance1.webp\" alt=\"Gr\u00e9derhajt\u00e1s\u00fa gerebly\u00e9z\u0151 hajt\u00f3m\u0171-EP-DX300-1-Karbantart\u00e1s(1)\" width=\"928\" height=\"519\" title=\"\" srcset=\"https:\/\/fmp-components.com\/wp-content\/uploads\/2025\/01\/Grader-Driven-Rake-Gearbox-EP-DX300-1-Maintenance1.webp 928w, https:\/\/fmp-components.com\/wp-content\/uploads\/2025\/01\/Grader-Driven-Rake-Gearbox-EP-DX300-1-Maintenance1-480x268.webp 480w\" sizes=\"(min-width: 0px) and (max-width: 480px) 480px, (min-width: 481px) 928px, 100vw\" \/><\/p>\n<h2>Az FMP-r\u0151l<\/h2>\n<p>Az olaszorsz\u00e1gi sz\u00e9khely\u0171 FMP vezet\u0151 gy\u00e1rt\u00f3, amely nagy teljes\u00edtm\u00e9ny\u0171 sebess\u00e9gv\u00e1lt\u00f3k tervez\u00e9s\u00e9ben, fejleszt\u00e9s\u00e9ben \u00e9s gy\u00e1rt\u00e1s\u00e1ban szerzett szak\u00e9rtelm\u00e9r\u0151l ismert, k\u00fcl\u00f6n\u00f6s tekintettel a mez\u0151gazdas\u00e1gi g\u00e9piparra. A prec\u00edzi\u00f3s m\u00e9rn\u00f6ki munk\u00e1r\u00f3l, innovat\u00edv megold\u00e1sokr\u00f3l \u00e9s kiv\u00e9teles megb\u00edzhat\u00f3s\u00e1gr\u00f3l ismert FMP megb\u00edzhat\u00f3 partnerk\u00e9nt szerzett h\u00edrnevet mind a mez\u0151gazdas\u00e1gi, mind az ipari ipar\u00e1gakban. Kiterjedt term\u00e9kportf\u00f3li\u00f3nk mag\u00e1ban foglalja a f\u0171ny\u00edr\u00f3khoz tervezett egyedi sebess\u00e9gv\u00e1lt\u00f3kat, kard\u00e1ntengelyeket \u00e9s sz\u00e1mos alapvet\u0151 alkatr\u00e9szt, amelyek mindegyike a sz\u00e9les k\u00f6r\u0171 alkalmaz\u00e1sok v\u00e1ltozatos ig\u00e9nyeinek kiel\u00e9g\u00edt\u00e9s\u00e9re lett kialak\u00edtva.<\/p>\n<p>Az FMP-n\u00e9l felismerj\u00fck, hogy minden \u00fcgyf\u00e9lnek egyedi kih\u00edv\u00e1sai \u00e9s ig\u00e9nyei vannak. Ez\u00e9rt specializ\u00e1l\u00f3dtunk a szem\u00e9lyre szabott megold\u00e1sok ny\u00fajt\u00e1s\u00e1ra, legyen sz\u00f3 ak\u00e1r egyedi komponensekr\u0151l, ak\u00e1r teljesen integr\u00e1lt rendszerekr\u0151l. \u00dcgyfeleinkkel val\u00f3 szoros egy\u00fcttm\u0171k\u00f6d\u00e9s\u00fcnk r\u00e9v\u00e9n biztos\u00edtjuk, hogy minden megold\u00e1s ne csak az \u0151 egyedi ig\u00e9nyeiket el\u00e9g\u00edtse ki, hanem maximaliz\u00e1lja a teljes\u00edtm\u00e9nyt \u00e9s az \u00e9rt\u00e9ket is. Elk\u00f6telezettek vagyunk a gyors, professzion\u00e1lis v\u00e1laszok \u00e9s a szak\u00e9rt\u0151i \u00fatmutat\u00e1s ir\u00e1nt, \u00edgy minden megkeres\u00e9st k\u00f6r\u00fcltekint\u0151en \u00e9s pontosan kezel\u00fcnk, ami a lehet\u0151 legjobb eredm\u00e9nyekhez vezet.<\/p>\n<p>Az \u00e1tl\u00e1that\u00f3 \u00e9s folyamatos kommunik\u00e1ci\u00f3 \u00e1ll megk\u00f6zel\u00edt\u00e9s\u00fcnk k\u00f6z\u00e9ppontj\u00e1ban. Elk\u00f6telezett csapatunk k\u00f6zvetlen\u00fcl egy\u00fcttm\u0171k\u00f6dik az \u00fcgyfelekkel a term\u00e9kfejleszt\u00e9si folyamat sor\u00e1n, hogy m\u00e9lyrehat\u00f3an meg\u00e9rtse ig\u00e9nyeiket. \u00c9rt\u00e9kes betekint\u00e9st \u00e9s aj\u00e1nl\u00e1sokat k\u00edn\u00e1lunk az optim\u00e1lis eredm\u00e9nyek biztos\u00edt\u00e1sa \u00e9rdek\u00e9ben. Ak\u00e1r \u00e9lvonalbeli term\u00e9keket tervez\u00fcnk, ak\u00e1r folyamatos megrendel\u00e9seket teljes\u00edt\u00fcnk, az FMP elk\u00f6telezett amellett, hogy minden alkalommal kiv\u00e1l\u00f3 min\u0151s\u00e9g\u0171, prec\u00edzi\u00f3san megtervezett megold\u00e1sokat sz\u00e1ll\u00edtson id\u0151ben. K\u00fcldet\u00e9s\u00fcnk, hogy minden projektben kiv\u00e9teles szolg\u00e1ltat\u00e1st \u00e9s eredm\u00e9nyeket ny\u00fajtva fel\u00fclm\u00faljuk az \u00fcgyfelek elv\u00e1r\u00e1sait.<\/p>\n<p><img loading=\"lazy\" decoding=\"async\" class=\"alignnone size-full wp-image-2746\" src=\"https:\/\/fmp-components.com\/wp-content\/uploads\/2025\/01\/Grader-Driven-Rake-Gearbox-EP-DX300-21.webp\" alt=\"Gr\u00e9derhajt\u00e1s\u00fa gerebly\u00e9z\u0151 hajt\u00f3m\u0171-EP-DX300-2(1)\" width=\"980\" height=\"342\" title=\"\" srcset=\"https:\/\/fmp-components.com\/wp-content\/uploads\/2025\/01\/Grader-Driven-Rake-Gearbox-EP-DX300-21.webp 980w, https:\/\/fmp-components.com\/wp-content\/uploads\/2025\/01\/Grader-Driven-Rake-Gearbox-EP-DX300-21-480x168.webp 480w\" sizes=\"(min-width: 0px) and (max-width: 480px) 480px, (min-width: 481px) 980px, 100vw\" \/><\/p>\n<p>A min\u0151s\u00e9g minden tev\u00e9kenys\u00e9g\u00fcnk alapja. Betartjuk a legmagasabb gy\u00e1rt\u00e1si szabv\u00e1nyokat, \u00e9s szigor\u00fa min\u0151s\u00e9gellen\u0151rz\u00e9si int\u00e9zked\u00e9seket alkalmazunk annak biztos\u00edt\u00e1sa \u00e9rdek\u00e9ben, hogy minden term\u00e9k ne csak megfeleljen, hanem meghaladja az ipar\u00e1gi szabv\u00e1nyokat. Ez a kiv\u00e1l\u00f3s\u00e1g ir\u00e1nti elk\u00f6telezetts\u00e9g, valamint az olyan alapvet\u0151 \u00e9rt\u00e9keink, mint az integrit\u00e1s, a csapatmunka \u00e9s a kitart\u00e1s, lehet\u0151v\u00e9 tette sz\u00e1munkra, hogy hossz\u00fa t\u00e1v\u00fa, bizalmon alapul\u00f3 kapcsolatokat \u00e9p\u00edts\u00fcnk ki \u00fcgyfeleinkkel vil\u00e1gszerte k\u00f6zel 30 orsz\u00e1gban.<\/p>\n<p>Az FMP mindig is t\u00f6rekedett a glob\u00e1lis partners\u00e9gek \u00e1pol\u00e1s\u00e1ra, \u00e9s elk\u00f6telezett amellett, hogy szak\u00e9rt\u0151i tan\u00e1csokat \u00e9s szem\u00e9lyre szabott megold\u00e1sokat ny\u00fajtson \u00fcgyfeleink v\u00e1ltoz\u00f3 ig\u00e9nyeinek kiel\u00e9g\u00edt\u00e9s\u00e9re. Nemcsak a term\u00e9kek sz\u00e1ll\u00edt\u00e1s\u00e1ra t\u00f6reksz\u00fcnk, hanem tart\u00f3s kapcsolatok kialak\u00edt\u00e1s\u00e1ra is, amelyek hozz\u00e1j\u00e1rulnak minden projekt siker\u00e9hez. Ak\u00e1r innovat\u00edv megold\u00e1sokra van sz\u00fcks\u00e9ge egy \u00faj kezdem\u00e9nyez\u00e9shez, ak\u00e1r folyamatos t\u00e1mogat\u00e1sra egy megl\u00e9v\u0151 rendszerhez, az FMP k\u00e9szen \u00e1ll arra, hogy megfeleljen a technikai kih\u00edv\u00e1soknak \u00e9s biztos\u00edtsa a folyamatos sikert.<\/p>\n<p><img loading=\"lazy\" decoding=\"async\" class=\"alignnone wp-image-2695\" src=\"https:\/\/fmp-components.com\/wp-content\/uploads\/2025\/01\/agricultural-gearbox3.webp\" alt=\"mez\u0151gazdas\u00e1gi sebess\u00e9gv\u00e1lt\u00f3\" width=\"953\" height=\"951\" title=\"\" srcset=\"https:\/\/fmp-components.com\/wp-content\/uploads\/2025\/01\/agricultural-gearbox3.webp 953w, https:\/\/fmp-components.com\/wp-content\/uploads\/2025\/01\/agricultural-gearbox3-480x479.webp 480w\" sizes=\"(min-width: 0px) and (max-width: 480px) 480px, (min-width: 481px) 953px, 100vw\" \/><\/p>\n<p>Szerz\u0151: CX<\/p>\n<\/div>\n<\/div>\n<\/div>\n<\/div>","protected":false},"excerpt":{"rendered":"<p>Gr\u00e9der hajtott gereblye hajt\u00f3m\u0171 FMP-DX300-1 M\u0171szaki adatok Gr\u00e9der hajtott gereblye hajt\u00f3m\u0171 FMP-DX300-1 Fordulatsz\u00e1m Megfelel\u0151 Fordulatsz\u00e1m bemenet Fordulatsz\u00e1m kimenet KW(Nom) KW(Max) Fogaz\u00e1s ford\/perc ford\/perc LE LE Lass\u00edt\u00e1s 2.47:1 Motoros borona 1000 404 200 3500 Gleason ferde fogazat Lass\u00edt\u00e1s 2.63:1 1000 380 3700 Lass\u00edt\u00e1s 2.04:1 850 416 3400 Megjegyz\u00e9s: Ha b\u00e1rmilyen k\u00fcl\u00f6nleges ig\u00e9nye van, k\u00e9rj\u00fck, forduljon [\u2026]<\/p>","protected":false},"featured_media":2749,"comment_status":"open","ping_status":"closed","template":"","meta":{"_et_pb_use_builder":"","_et_pb_old_content":"","_et_gb_content_width":""},"product_brand":[],"product_cat":[66],"product_tag":[],"class_list":{"0":"post-2736","1":"product","2":"type-product","3":"status-publish","4":"has-post-thumbnail","6":"product_cat-grader-driven-rake-gearbox","8":"first","9":"instock","10":"shipping-taxable","11":"product-type-simple"},"_links":{"self":[{"href":"https:\/\/fmp-components.com\/hu\/wp-json\/wp\/v2\/product\/2736","targetHints":{"allow":["GET"]}}],"collection":[{"href":"https:\/\/fmp-components.com\/hu\/wp-json\/wp\/v2\/product"}],"about":[{"href":"https:\/\/fmp-components.com\/hu\/wp-json\/wp\/v2\/types\/product"}],"replies":[{"embeddable":true,"href":"https:\/\/fmp-components.com\/hu\/wp-json\/wp\/v2\/comments?post=2736"}],"wp:featuredmedia":[{"embeddable":true,"href":"https:\/\/fmp-components.com\/hu\/wp-json\/wp\/v2\/media\/2749"}],"wp:attachment":[{"href":"https:\/\/fmp-components.com\/hu\/wp-json\/wp\/v2\/media?parent=2736"}],"wp:term":[{"taxonomy":"product_brand","embeddable":true,"href":"https:\/\/fmp-components.com\/hu\/wp-json\/wp\/v2\/product_brand?post=2736"},{"taxonomy":"product_cat","embeddable":true,"href":"https:\/\/fmp-components.com\/hu\/wp-json\/wp\/v2\/product_cat?post=2736"},{"taxonomy":"product_tag","embeddable":true,"href":"https:\/\/fmp-components.com\/hu\/wp-json\/wp\/v2\/product_tag?post=2736"}],"curies":[{"name":"munkaf\u00fczet","href":"https:\/\/api.w.org\/{rel}","templated":true}]}}