{"id":2735,"date":"2025-01-04T03:19:05","date_gmt":"2025-01-04T03:19:05","guid":{"rendered":"https:\/\/fmp-components.com\/?page_id=8"},"modified":"2025-01-04T03:19:05","modified_gmt":"2025-01-04T03:19:05","slug":"grader-driven-rake-gearbox-fmp112-for-variable-speed-rotary-tillers-and-beaters","status":"publish","type":"product","link":"https:\/\/fmp-components.com\/hu\/product\/grader-driven-rake-gearbox-fmp112-for-variable-speed-rotary-tillers-and-beaters\/","title":{"rendered":"Gr\u00e9derhajt\u00e1s\u00fa gereblye-hajt\u00f3m\u0171 FMP112 v\u00e1ltoztathat\u00f3 sebess\u00e9g\u0171 talajmar\u00f3khoz \u00e9s ver\u0151kh\u00f6z"},"content":{"rendered":"<h2>Gr\u00e9derhajt\u00e1s\u00fa gereblye-hajt\u00f3m\u0171 FMP112 m\u00e9retei\u00a0<img loading=\"lazy\" decoding=\"async\" class=\"alignnone size-full wp-image-2743\" src=\"https:\/\/fmp-components.com\/wp-content\/uploads\/2025\/01\/Grader-Driven-Rake-Gearbox-EP112-Dimensions.webp\" alt=\"Gr\u00e9derhajt\u00e1s\u00fa gerebly\u00e9z\u0151 hajt\u00f3m\u0171-EP112-m\u00e9retek\" width=\"1173\" height=\"872\" title=\"\" srcset=\"https:\/\/fmp-components.com\/wp-content\/uploads\/2025\/01\/Grader-Driven-Rake-Gearbox-EP112-Dimensions.webp 1173w, https:\/\/fmp-components.com\/wp-content\/uploads\/2025\/01\/Grader-Driven-Rake-Gearbox-EP112-Dimensions-980x729.webp 980w, https:\/\/fmp-components.com\/wp-content\/uploads\/2025\/01\/Grader-Driven-Rake-Gearbox-EP112-Dimensions-480x357.webp 480w\" sizes=\"(min-width: 0px) and (max-width: 480px) 480px, (min-width: 481px) and (max-width: 980px) 980px, (min-width: 981px) 1173px, 100vw\" \/><\/h2>\n<h2>Gr\u00e9derhajt\u00e1s\u00fa gereblye-hajt\u00f3m\u0171 FMP112 m\u0171szaki adatok<\/h2>\n<table style=\"width: 99.845%;\" border=\"1\" cellspacing=\"0\" cellpadding=\"0\">\n<tbody>\n<tr>\n<td style=\"width: 17.2144%;\" colspan=\"2\" rowspan=\"2\">\u00e9n<\/td>\n<td style=\"width: 25.8216%;\" rowspan=\"2\">Alkalmas<\/td>\n<td style=\"width: 10.1721%;\">Fordulatsz\u00e1m bemenet<\/td>\n<td style=\"width: 11.5806%;\">Fordulatsz\u00e1m-kimenet<\/td>\n<td style=\"width: 9.85915%;\">kW (n\u00e9vleges)<\/td>\n<td style=\"width: 9.38967%;\">kW (maximum)<\/td>\n<td style=\"width: 60.4771%;\" rowspan=\"2\">Fogazat<\/td>\n<\/tr>\n<tr>\n<td style=\"width: 10.1721%;\">fordulat\/perc<\/td>\n<td style=\"width: 11.5806%;\">fordulat\/perc<\/td>\n<td style=\"width: 9.85915%;\">l\u00f3er\u0151<\/td>\n<td style=\"width: 9.38967%;\">l\u00f3er\u0151<\/td>\n<\/tr>\n<tr>\n<td style=\"width: 10.7981%;\">Lass\u00edt\u00e1s<\/td>\n<td style=\"width: 6.41628%;\">1.62:1<\/td>\n<td style=\"width: 25.8216%;\" rowspan=\"4\">Talajmar\u00f3k, habver\u0151k stb.<\/td>\n<td style=\"width: 10.1721%;\">540<\/td>\n<td style=\"width: 11.5806%;\">333<\/td>\n<td style=\"width: 9.85915%;\">76<\/td>\n<td style=\"width: 9.38967%;\">116<\/td>\n<td style=\"width: 60.4771%;\" rowspan=\"4\">Gleason spir\u00e1lis<br \/>\nFogak<\/td>\n<\/tr>\n<tr>\n<td style=\"width: 10.7981%;\">Lass\u00edt\u00e1s<\/td>\n<td style=\"width: 6.41628%;\">1.82:1<\/td>\n<td style=\"width: 10.1721%;\">540<\/td>\n<td style=\"width: 11.5806%;\">296<\/td>\n<td style=\"width: 9.85915%;\">70<\/td>\n<td style=\"width: 9.38967%;\">120<\/td>\n<\/tr>\n<tr>\n<td style=\"width: 10.7981%;\">Lass\u00edt\u00e1s<\/td>\n<td style=\"width: 6.41628%;\">2.03:1<\/td>\n<td style=\"width: 10.1721%;\">540<\/td>\n<td style=\"width: 11.5806%;\">266<\/td>\n<td style=\"width: 9.85915%;\">68<\/td>\n<td style=\"width: 9.38967%;\">114<\/td>\n<\/tr>\n<tr>\n<td style=\"width: 10.7981%;\">Lass\u00edt\u00e1s<\/td>\n<td style=\"width: 6.41628%;\">2.28:1<\/td>\n<td style=\"width: 10.1721%;\">540<\/td>\n<td style=\"width: 11.5806%;\">236<\/td>\n<td style=\"width: 9.85915%;\">62<\/td>\n<td style=\"width: 9.38967%;\">105<\/td>\n<\/tr>\n<tr>\n<td style=\"width: 144.515%;\" colspan=\"8\">Megjegyz\u00e9s: Ha b\u00e1rmilyen k\u00fcl\u00f6nleges ig\u00e9nye van, nyugodtan sz\u00f3ljon, mi is elfogadjuk az egyedi megrendel\u00e9seket.<\/td>\n<\/tr>\n<\/tbody>\n<\/table>\n<h2>Gr\u00e9der hajtott gereblye sebess\u00e9gv\u00e1lt\u00f3 FMP112 tengely m\u00e9retei<\/h2>\n<p><img loading=\"lazy\" decoding=\"async\" class=\"alignnone size-full wp-image-2741\" src=\"https:\/\/fmp-components.com\/wp-content\/uploads\/2025\/01\/Grader-Driven-Rake-Gearbox-EP112-Shaft-Dimensions.webp\" alt=\"Gr\u00e9derhajt\u00e1s\u00fa gereblye-hajt\u00f3m\u0171-EP112-tengely-m\u00e9retek\" width=\"1077\" height=\"362\" title=\"\" srcset=\"https:\/\/fmp-components.com\/wp-content\/uploads\/2025\/01\/Grader-Driven-Rake-Gearbox-EP112-Shaft-Dimensions.webp 1077w, https:\/\/fmp-components.com\/wp-content\/uploads\/2025\/01\/Grader-Driven-Rake-Gearbox-EP112-Shaft-Dimensions-980x329.webp 980w, https:\/\/fmp-components.com\/wp-content\/uploads\/2025\/01\/Grader-Driven-Rake-Gearbox-EP112-Shaft-Dimensions-480x161.webp 480w\" sizes=\"(min-width: 0px) and (max-width: 480px) 480px, (min-width: 481px) and (max-width: 980px) 980px, (min-width: 981px) 1077px, 100vw\" \/><\/p>\n<h2>Gr\u00e9der hajtott gereblye sebess\u00e9gv\u00e1lt\u00f3 FMP112 hosszabb\u00edt\u00f3 cs\u0151<\/h2>\n<p><img loading=\"lazy\" decoding=\"async\" class=\"alignnone size-full wp-image-2742\" src=\"https:\/\/fmp-components.com\/wp-content\/uploads\/2025\/01\/Grader-Driven-Rake-Gearbox-EP112-Extension-Pipe.webp\" alt=\"Gr\u00e9derhajt\u00e1s\u00fa gereblye-hajt\u00f3m\u0171-EP112-hosszabb\u00edt\u00f3cs\u0151\" width=\"1143\" height=\"615\" title=\"\" srcset=\"https:\/\/fmp-components.com\/wp-content\/uploads\/2025\/01\/Grader-Driven-Rake-Gearbox-EP112-Extension-Pipe.webp 1143w, https:\/\/fmp-components.com\/wp-content\/uploads\/2025\/01\/Grader-Driven-Rake-Gearbox-EP112-Extension-Pipe-980x527.webp 980w, https:\/\/fmp-components.com\/wp-content\/uploads\/2025\/01\/Grader-Driven-Rake-Gearbox-EP112-Extension-Pipe-480x258.webp 480w\" sizes=\"(min-width: 0px) and (max-width: 480px) 480px, (min-width: 481px) and (max-width: 980px) 980px, (min-width: 981px) 1143px, 100vw\" \/><\/p>\n<h2>Gr\u00e9derhajt\u00e1s\u00fa gereblye-hajt\u00f3m\u0171 FMP112 alkatr\u00e9szek<\/h2>\n<p>Az FMP112 gr\u00e9derhajt\u00e1s\u00fa rendk\u00e9pz\u0151 hajt\u00f3m\u0171 jellemz\u0151en a k\u00f6vetkez\u0151 f\u0151 alkatr\u00e9szekb\u0151l \u00e1ll, amelyeket hat\u00e9kony er\u0151\u00e1tvitel \u00e9s megb\u00edzhat\u00f3 m\u0171k\u00f6d\u00e9s biztos\u00edt\u00e1s\u00e1ra terveztek mez\u0151gazdas\u00e1gi \u00e9s ipari alkalmaz\u00e1sokban:<\/p>\n<ol>\n<li><strong>H\u00e1z<\/strong>A sebess\u00e9gv\u00e1lt\u00f3 k\u00fcls\u0151 burkolata, amely \u00e1ltal\u00e1ban nagy szil\u00e1rds\u00e1g\u00fa \u00f6nt\u00f6ttvasb\u00f3l vagy ac\u00e9lb\u00f3l k\u00e9sz\u00fcl, szerkezeti t\u00e1maszt biztos\u00edt, \u00e9s mag\u00e1ban foglalja a bels\u0151 alkatr\u00e9szeket. \u00dagy tervezt\u00e9k, hogy ellen\u00e1lljon a nagy terhel\u00e9seknek, \u00e9s megv\u00e9dje a bels\u0151 fogaskerekeket a k\u00fcls\u0151 elemekt\u0151l.<\/li>\n<li><strong>Bemeneti tengely<\/strong>Ez a tengely csatlakozik az er\u0151forr\u00e1shoz (pl. traktorhoz vagy m\u00e1s berendez\u00e9shez), \u00e9s tov\u00e1bb\u00edtja a bemeneti forg\u00e1si energi\u00e1t a sebess\u00e9gv\u00e1lt\u00f3nak. \u00c1ltal\u00e1ban egy kard\u00e1ntengely vagy m\u00e1s hajt\u00e1smechanizmus hajtja.<\/li>\n<li><strong>Kimen\u0151 tengely<\/strong>A kimen\u0151 tengely viszi \u00e1t az er\u0151t a sebess\u00e9gv\u00e1lt\u00f3r\u00f3l a gerebly\u00e9re vagy m\u00e1s meghajtott g\u00e9pre. \u00dagy tervezt\u00e9k, hogy kezelje az alkalmaz\u00e1s nyomat\u00e9k- \u00e9s sebess\u00e9gk\u00f6vetelm\u00e9nyeit.<\/li>\n<li><strong>Fogaskerekek<\/strong>Ezek a sebess\u00e9gv\u00e1lt\u00f3 sz\u00edve, amelyek a mozg\u00e1s \u00e1tvitel\u00e9\u00e9rt, valamint a forg\u00e1si sebess\u00e9g \u00e9s nyomat\u00e9k be\u00e1ll\u00edt\u00e1s\u00e1\u00e9rt felel\u0151sek. A kialak\u00edt\u00e1st\u00f3l f\u00fcgg\u0151en a sebess\u00e9gv\u00e1lt\u00f3 k\u00fapkerekes, ferde fogaskerekes vagy csigakerekes fogaskerekekkel rendelkezhet a k\u00edv\u00e1nt kimeneti jellemz\u0151k el\u00e9r\u00e9se \u00e9rdek\u00e9ben.<\/li>\n<li><strong>Csap\u00e1gyak<\/strong>A csap\u00e1gyak a sebess\u00e9gv\u00e1lt\u00f3 forg\u00f3 alkatr\u00e9szeit t\u00e1masztj\u00e1k meg, bele\u00e9rtve a bemen\u0151, kimen\u0151 \u00e9s k\u00f6zbens\u0151 tengelyeket. Cs\u00f6kkentik a s\u00farl\u00f3d\u00e1st \u00e9s biztos\u00edtj\u00e1k a sima forg\u00e1st, mik\u00f6zben elnyelik az axi\u00e1lis \u00e9s radi\u00e1lis terhel\u00e9seket.<\/li>\n<li><strong>T\u00f6m\u00edt\u00e9sek \u00e9s t\u00f6m\u00edt\u0151gy\u0171r\u0171k<\/strong>A t\u00f6m\u00edt\u00e9sek \u00e9s t\u00f6m\u00edt\u0151anyagok megakad\u00e1lyozz\u00e1k a ken\u0151anyagok \u00e9s szennyez\u0151d\u00e9sek sziv\u00e1rg\u00e1s\u00e1t a sebess\u00e9gv\u00e1lt\u00f3ba vagy a sebess\u00e9gv\u00e1lt\u00f3b\u00f3l. Ezek elengedhetetlenek a megfelel\u0151 ken\u00e9s fenntart\u00e1s\u00e1hoz \u00e9s a bels\u0151 alkatr\u00e9szek hossz\u00fa \u00e9lettartam\u00e1nak biztos\u00edt\u00e1s\u00e1hoz.<\/li>\n<li><strong>Ken\u0151rendszer<\/strong>A sebess\u00e9gv\u00e1lt\u00f3 ken\u0151rendszerrel rendelkezik, amely jellemz\u0151en olajat vagy zs\u00edrt haszn\u00e1l, hogy cs\u00f6kkentse a mozg\u00f3 alkatr\u00e9szek k\u00f6z\u00f6tti s\u00farl\u00f3d\u00e1st \u00e9s eloszlassa a m\u0171k\u00f6d\u00e9s sor\u00e1n keletkez\u0151 h\u0151t. Ez seg\u00edt biztos\u00edtani a hat\u00e9kony teljes\u00edtm\u00e9nyt \u00e9s meghosszabb\u00edtja a sebess\u00e9gv\u00e1lt\u00f3 \u00e9lettartam\u00e1t.<\/li>\n<li><strong>V\u00e1lt\u00f3 mechanizmus (ha alkalmazhat\u00f3)<\/strong>N\u00e9h\u00e1ny sebess\u00e9gv\u00e1lt\u00f3 rendelkezik egy v\u00e1lt\u00f3mechanizmussal, amely lehet\u0151v\u00e9 teszi a kezel\u0151 sz\u00e1m\u00e1ra a sebess\u00e9g vagy a nyomat\u00e9k be\u00e1ll\u00edt\u00e1s\u00e1t. Ez a mechanizmus jellemz\u0151en karokb\u00f3l vagy v\u00e1laszt\u00f3karokb\u00f3l \u00e1ll, amelyek k\u00fcl\u00f6nb\u00f6z\u0151 fokozatokat kapcsolnak.<\/li>\n<li><strong>Fogasker\u00e9k- \u00e9s fogasker\u00e9kk\u00e9szletek<\/strong>A fogasker\u00e9k \u00e9s a hozz\u00e1 tartoz\u00f3 fogaskerekek egy\u00fcttm\u0171k\u00f6dve biztos\u00edtj\u00e1k a megfelel\u0151 nyomat\u00e9k- \u00e9s sebess\u00e9gar\u00e1nyokat, ami elengedhetetlen a hat\u00e9kony m\u0171k\u00f6d\u00e9shez rendsodr\u00f3 alkalmaz\u00e1sokban.<\/li>\n<li><strong>H\u00e1zfed\u00e9l \u00e9s r\u00f6gz\u00edt\u0151elemek<\/strong>A h\u00e1zfed\u00e9l a sebess\u00e9gv\u00e1lt\u00f3 t\u00f6m\u00edt\u00e9s\u00e9re \u00e9s a bels\u0151 alkatr\u00e9szekhez val\u00f3 hozz\u00e1f\u00e9r\u00e9s biztos\u00edt\u00e1s\u00e1ra szolg\u00e1l karbantart\u00e1s c\u00e9lj\u00e1b\u00f3l. A h\u00e1zat \u00e9s a fedelet r\u00f6gz\u00edt\u0151elemek, p\u00e9ld\u00e1ul csavarok vagy csavarany\u00e1k r\u00f6gz\u00edtik.<\/li>\n<\/ol>\n<p>Ezek az alkatr\u00e9szek egy\u00fcttesen biztos\u00edtj\u00e1k, hogy az FMP112 gr\u00e9derhajt\u00e1s\u00fa rendk\u00e9pz\u0151 hajt\u00f3m\u0171 biztos\u00edtsa a sz\u00fcks\u00e9ges er\u0151\u00e1tvitelt \u00e9s tart\u00f3ss\u00e1got, hat\u00e9konyan t\u00e1mogatva a mez\u0151gazdas\u00e1gi g\u00e9pek olyan feladatait, mint a rendsodr\u00e1s, a tereprendez\u00e9s \u00e9s egy\u00e9b neh\u00e9z feladatok.<\/p>\n<p><img loading=\"lazy\" decoding=\"async\" class=\"alignnone size-full wp-image-2738\" src=\"https:\/\/fmp-components.com\/wp-content\/uploads\/2025\/01\/Grader-Driven-Rake-Gearbox-EP112-Components1-scaled.webp\" alt=\"Gr\u00e9derhajt\u00e1s\u00fa gerebly\u00e9z\u0151 sebess\u00e9gv\u00e1lt\u00f3 EP112 alkatr\u00e9szek(1)\" width=\"2560\" height=\"1421\" title=\"\" srcset=\"https:\/\/fmp-components.com\/wp-content\/uploads\/2025\/01\/Grader-Driven-Rake-Gearbox-EP112-Components1-scaled.webp 2560w, https:\/\/fmp-components.com\/wp-content\/uploads\/2025\/01\/Grader-Driven-Rake-Gearbox-EP112-Components1-1280x711.webp 1280w, https:\/\/fmp-components.com\/wp-content\/uploads\/2025\/01\/Grader-Driven-Rake-Gearbox-EP112-Components1-980x544.webp 980w, https:\/\/fmp-components.com\/wp-content\/uploads\/2025\/01\/Grader-Driven-Rake-Gearbox-EP112-Components1-480x266.webp 480w\" sizes=\"(min-width: 0px) and (max-width: 480px) 480px, (min-width: 481px) and (max-width: 980px) 980px, (min-width: 981px) and (max-width: 1280px) 1280px, (min-width: 1281px) 2560px, 100vw\" \/><\/p>\n<h2>Gr\u00e9derhajt\u00e1s\u00fa gereblye-hajt\u00f3m\u0171 FMP112 alkalmaz\u00e1sok<\/h2>\n<p>Az FMP112 gr\u00e9derhajt\u00e1s\u00fa rendk\u00e9pz\u0151 hajt\u00f3m\u0171vet k\u00fcl\u00f6nf\u00e9le mez\u0151gazdas\u00e1gi \u00e9s ipari alkalmaz\u00e1sokhoz tervezt\u00e9k, ahol a hat\u00e9kony er\u0151\u00e1tvitel \u00e9s a megb\u00edzhat\u00f3 teljes\u00edtm\u00e9ny kritikus fontoss\u00e1g\u00fa. N\u00e9h\u00e1ny gyakori alkalmaz\u00e1si ter\u00fclet:<\/p>\n<ol>\n<li><strong>Mez\u0151gazdas\u00e1gi g\u00e9pek<\/strong>:\n<ul>\n<li><strong>Gereblye rendszerek<\/strong>Az FMP112 sebess\u00e9gv\u00e1lt\u00f3t sz\u00e9les k\u00f6rben haszn\u00e1lj\u00e1k mez\u0151gazdas\u00e1gi rendsodr\u00f3kban, p\u00e9ld\u00e1ul sz\u00e9na-, szalma- vagy f\u0171gerebly\u00e9z\u0151kben. Hat\u00e9konyan tov\u00e1bb\u00edtja az er\u0151t a traktorr\u00f3l a rendsodr\u00f3ra, biztos\u00edtva az anyag egyenletes \u00e9s hat\u00e9kony rendk\u00e9pz\u00e9s\u00e9t \u00e9s sz\u00f3r\u00e1s\u00e1t.<\/li>\n<li><strong>F\u0171ny\u00edr\u00f3 sz\u00e1rs\u00e9rt\u0151k<\/strong>A sz\u00e1rs\u00e9rt\u0151s f\u0171ny\u00edr\u00f3kban a sebess\u00e9gv\u00e1lt\u00f3 seg\u00edt a sz\u00e1rs\u00e9rt\u0151 rendszer meghajt\u00e1s\u00e1ban, jav\u00edtva a betakar\u00edtott term\u00e9nyek, p\u00e9ld\u00e1ul a sz\u00e9na vagy a sil\u00f3 sz\u00e1r\u00edt\u00e1si folyamat\u00e1t.<\/li>\n<li><strong>Sz\u00e9naforgat\u00f3k<\/strong>A sebess\u00e9gv\u00e1lt\u00f3t olyan rendforgat\u00f3 g\u00e9pekben haszn\u00e1lj\u00e1k, amelyek seg\u00edtenek a sz\u00e9na vagy a f\u0171 megforgat\u00e1s\u00e1ban a sz\u00e1r\u00edt\u00e1s megk\u00f6nny\u00edt\u00e9se \u00e9rdek\u00e9ben. Biztos\u00edtja, hogy a g\u00e9p hat\u00e9konyan m\u0171k\u00f6dj\u00f6n a k\u00edv\u00e1nt sebess\u00e9ggel.<\/li>\n<\/ul>\n<\/li>\n<li><strong>Tereprendez\u00e9si \u00e9s tereprendez\u00e9si berendez\u00e9sek<\/strong>:\n<ul>\n<li><strong>Gr\u00e9der peng\u00e9k<\/strong>A sebess\u00e9gv\u00e1lt\u00f3 megtal\u00e1lhat\u00f3 az \u00e9p\u00edt\u00e9si \u00e9s tereprendez\u00e9si projektek sor\u00e1n talaj kiegyenl\u00edt\u00e9s\u00e9re \u00e9s sim\u00edt\u00e1s\u00e1ra haszn\u00e1lt gr\u00e9derlap\u00e1tokban. A sebess\u00e9gv\u00e1lt\u00f3 a j\u00e1rm\u0171 teljes\u00edtm\u00e9nylead\u00f3 tengely\u00e9r\u0151l tov\u00e1bb\u00edtja az er\u0151t a gr\u00e9derlap\u00e1tnak, biztos\u00edtva annak hat\u00e9kony m\u0171k\u00f6d\u00e9s\u00e9t.<\/li>\n<li><strong>\u00datkarbantart\u00e1s<\/strong>Az \u00fatkarbantart\u00f3 berendez\u00e9sekben az FMP112 sebess\u00e9gv\u00e1lt\u00f3 seg\u00edti a gerebly\u00e9z\u00e9si \u00e9s szintel\u00e9si funkci\u00f3kat, el\u0151seg\u00edtve az utak \u00e9s egy\u00e9b infrastrukt\u00fara karbantart\u00e1s\u00e1t \u00e9s helyre\u00e1ll\u00edt\u00e1s\u00e1t.<\/li>\n<\/ul>\n<\/li>\n<li><strong>Erd\u00e9szeti berendez\u00e9sek<\/strong>:\n<ul>\n<li><strong>Faapr\u00edt\u00e9k gerebly\u00e9k<\/strong>A sebess\u00e9gv\u00e1lt\u00f3t gyakran haszn\u00e1lj\u00e1k erd\u00e9szeti berendez\u00e9sekben, k\u00fcl\u00f6n\u00f6sen faapr\u00edt\u00e9k-gerebly\u00e9z\u0151 rendszerekben, ahol seg\u00edt a faapr\u00edt\u00e9k egyenletes eloszt\u00e1s\u00e1ban a talajon a hat\u00e9kony feldolgoz\u00e1s vagy sz\u00e1r\u00edt\u00e1s \u00e9rdek\u00e9ben.<\/li>\n<li><strong>Boz\u00f3ttiszt\u00edt\u00f3 g\u00e9pek<\/strong>Hat\u00e9kony n\u00f6v\u00e9nyzetkezel\u00e9shez haszn\u00e1lj\u00e1k boz\u00f3ttiszt\u00edt\u00f3 g\u00e9pekben, biztos\u00edtva az erd\u00e9szeti \u00e9s f\u00f6ldgazd\u00e1lkod\u00e1si irt\u00e1si m\u0171veletek z\u00f6kken\u0151mentes m\u0171k\u00f6d\u00e9s\u00e9t.<\/li>\n<\/ul>\n<\/li>\n<li><strong>Sil\u00f3z\u00e1s \u00e9s sz\u00e9na betakar\u00edt\u00e1s<\/strong>:\n<ul>\n<li><strong>Rendrak\u00f3k<\/strong>Sz\u00e9na- \u00e9s sil\u00f3betakar\u00edt\u00e1skor a rendk\u00e9pz\u0151 g\u00e9pekben a sebess\u00e9gv\u00e1lt\u00f3t haszn\u00e1lj\u00e1k a rendk\u00e9pz\u0151 mechanizmus meghajt\u00e1s\u00e1ra, lehet\u0151v\u00e9 t\u00e9ve a g\u00e9p sz\u00e1m\u00e1ra a n\u00f6v\u00e9nyek hat\u00e9kony rendk\u00e9pz\u00e9s\u00e9t \u00e9s elrendez\u00e9s\u00e9t a k\u00f6nny\u0171 betakar\u00edt\u00e1s vagy b\u00e1l\u00e1z\u00e1s \u00e9rdek\u00e9ben.<\/li>\n<\/ul>\n<\/li>\n<li><strong>\u00d6nt\u00f6z\u0151rendszerek<\/strong>:\n<ul>\n<li style=\"list-style-type: none;\">\n<ul>\n<li><strong>\u00d6nt\u00f6z\u0151berendez\u00e9sek<\/strong>Egyes \u00f6nt\u00f6z\u0151rendszerekben a sebess\u00e9gv\u00e1lt\u00f3 seg\u00edti a forg\u00f3 gereblyekarok vagy hasonl\u00f3 mechanizmusok meghajt\u00e1s\u00e1t, amelyek egyenletesen osztj\u00e1k el a vizet a f\u00f6ldeken, biztos\u00edtva az optim\u00e1lis n\u00f6v\u00e9nyn\u00f6veked\u00e9st \u00e9s hat\u00e9konys\u00e1got.<\/li>\n<\/ul>\n<\/li>\n<\/ul>\n<\/li>\n<\/ol>\n<p>Ezekben az alkalmaz\u00e1sokban a gr\u00e9derhajt\u00e1s\u00fa FMP112 gereblye-hajt\u00f3m\u0171 biztos\u00edtja, hogy a g\u00e9p optim\u00e1lis sebess\u00e9ggel \u00e9s nyomat\u00e9kkal m\u0171k\u00f6dj\u00f6n, \u00edgy hat\u00e9konys\u00e1got, tart\u00f3ss\u00e1got \u00e9s eredm\u00e9nyes teljes\u00edtm\u00e9nyt biztos\u00edtva a k\u00fcl\u00f6nf\u00e9le feladatok sor\u00e1n.<\/p>\n<table style=\"border-collapse: collapse; width: 100.078%; height: 52px;\" border=\"0\" width=\"128\" cellspacing=\"0\" cellpadding=\"0\">\n<tbody>\n<tr style=\"height: 13.8pt;\">\n<td style=\"height: 13.8pt; width: 48pt;\" align=\"right\" width=\"64\" height=\"18\"><img loading=\"lazy\" decoding=\"async\" class=\"alignnone size-full wp-image-2739\" src=\"https:\/\/fmp-components.com\/wp-content\/uploads\/2025\/01\/Grader-Driven-Rake-Gearbox-EP112-Applications1.webp\" alt=\"Gr\u00e9derhajt\u00e1s\u00fa gerebly\u00e9z\u0151 sebess\u00e9gv\u00e1lt\u00f3 EP112 alkalmaz\u00e1sok(1)\" width=\"1200\" height=\"675\" title=\"\" srcset=\"https:\/\/fmp-components.com\/wp-content\/uploads\/2025\/01\/Grader-Driven-Rake-Gearbox-EP112-Applications1.webp 1200w, https:\/\/fmp-components.com\/wp-content\/uploads\/2025\/01\/Grader-Driven-Rake-Gearbox-EP112-Applications1-980x551.webp 980w, https:\/\/fmp-components.com\/wp-content\/uploads\/2025\/01\/Grader-Driven-Rake-Gearbox-EP112-Applications1-480x270.webp 480w\" sizes=\"(min-width: 0px) and (max-width: 480px) 480px, (min-width: 481px) and (max-width: 980px) 980px, (min-width: 981px) 1200px, 100vw\" \/><\/td>\n<td style=\"width: 48pt;\" align=\"right\" width=\"64\"><img loading=\"lazy\" decoding=\"async\" class=\"alignnone size-full wp-image-2737\" src=\"https:\/\/fmp-components.com\/wp-content\/uploads\/2025\/01\/Grader-Driven-Rake-Gearbox-EP112-Lubrication1.webp\" alt=\"Gr\u00e9derhajt\u00e1s\u00fa gereblye-hajt\u00f3m\u0171-EP112-ken\u00e9s(1)\" width=\"980\" height=\"542\" title=\"\" srcset=\"https:\/\/fmp-components.com\/wp-content\/uploads\/2025\/01\/Grader-Driven-Rake-Gearbox-EP112-Lubrication1.webp 980w, https:\/\/fmp-components.com\/wp-content\/uploads\/2025\/01\/Grader-Driven-Rake-Gearbox-EP112-Lubrication1-480x265.webp 480w\" sizes=\"(min-width: 0px) and (max-width: 480px) 480px, (min-width: 481px) 980px, 100vw\" \/><\/td>\n<\/tr>\n<\/tbody>\n<\/table>\n<h2>Az FMP-r\u0151l<\/h2>\n<p>Az olaszorsz\u00e1gi sz\u00e9khely\u0171 FMP vezet\u0151 gy\u00e1rt\u00f3, amely a nagy teljes\u00edtm\u00e9ny\u0171 sebess\u00e9gv\u00e1lt\u00f3k tervez\u00e9s\u00e9ben, fejleszt\u00e9s\u00e9ben \u00e9s gy\u00e1rt\u00e1s\u00e1ban szerzett szak\u00e9rtelm\u00e9r\u0151l ismert, k\u00fcl\u00f6n\u00f6s tekintettel a mez\u0151gazdas\u00e1gi g\u00e9piparra. A prec\u00edzi\u00f3s m\u00e9rn\u00f6ki munk\u00e1r\u00f3l, innovat\u00edv megold\u00e1sair\u00f3l \u00e9s rend\u00edthetetlen megb\u00edzhat\u00f3s\u00e1g\u00e1r\u00f3l ismert FMP megb\u00edzhat\u00f3 partnerk\u00e9nt szerzett h\u00edrnevet mind a mez\u0151gazdas\u00e1gi, mind az ipari szektorban. Kiterjedt term\u00e9kk\u00edn\u00e1latunkban megtal\u00e1lhat\u00f3k egyedi tervez\u00e9s\u0171 sebess\u00e9gv\u00e1lt\u00f3k f\u0171ny\u00edr\u00f3khoz, kard\u00e1ntengelyekhez \u00e9s egy\u00e9b alapvet\u0151 alkatr\u00e9szekhez, amelyek mindegyike a sz\u00e9les k\u00f6r\u0171 alkalmaz\u00e1sok sokr\u00e9t\u0171 ig\u00e9nyeinek kiel\u00e9g\u00edt\u00e9s\u00e9re szolg\u00e1l.<\/p>\n<p>Az FMP-n\u00e9l meg\u00e9rtj\u00fck, hogy minden \u00fcgyf\u00e9lnek egyedi kih\u00edv\u00e1sai \u00e9s ig\u00e9nyei vannak. Ez\u00e9rt specializ\u00e1l\u00f3dtunk a szem\u00e9lyre szabott megold\u00e1sok ny\u00fajt\u00e1s\u00e1ra, legyen sz\u00f3 ak\u00e1r egyedi komponensekr\u0151l, ak\u00e1r teljesen integr\u00e1lt rendszerekr\u0151l. \u00dcgyfeleinkkel szorosan egy\u00fcttm\u0171k\u00f6dve biztos\u00edtjuk, hogy minden megold\u00e1s ne csak megfeleljen az egyedi ig\u00e9nyeiknek, hanem n\u00f6velje a teljes\u00edtm\u00e9nyt \u00e9s az \u00e9rt\u00e9ket is. A gyors, professzion\u00e1lis v\u00e1laszok ir\u00e1nti elk\u00f6telezetts\u00e9g\u00fcnk, valamint a szak\u00e9rt\u0151i \u00fatmutat\u00e1s garant\u00e1lja, hogy minden megkeres\u00e9st a legnagyobb k\u00f6r\u00fcltekint\u00e9ssel \u00e9s pontoss\u00e1ggal kezel\u00fcnk, minden alkalommal optim\u00e1lis eredm\u00e9nyeket hozva.<\/p>\n<p>Els\u0151dleges szempontunk az \u00e1tl\u00e1that\u00f3 \u00e9s folyamatos kommunik\u00e1ci\u00f3 a teljes term\u00e9kfejleszt\u00e9si ciklus sor\u00e1n. Elk\u00f6telezett csapatunk k\u00f6zvetlen\u00fcl az \u00fcgyfelekkel dolgozik, hogy teljes m\u00e9rt\u00e9kben meg\u00e9rtse egyedi ig\u00e9nyeiket, \u00e9s \u00e1tfog\u00f3 aj\u00e1nl\u00e1sokat k\u00edn\u00e1ljon a lehet\u0151 legjobb eredm\u00e9nyek el\u00e9r\u00e9se \u00e9rdek\u00e9ben. Ak\u00e1r innovat\u00edv term\u00e9keket tervez\u00fcnk, ak\u00e1r folyamatos megrendel\u00e9seket teljes\u00edt\u00fcnk, az FMP elk\u00f6telezett amellett, hogy minden alkalommal kiv\u00e1l\u00f3 min\u0151s\u00e9g\u0171, prec\u00edzi\u00f3san megtervezett megold\u00e1sokat sz\u00e1ll\u00edtson id\u0151ben. C\u00e9lunk, hogy folyamatosan fel\u00fclm\u00faljuk \u00fcgyfeleink elv\u00e1r\u00e1sait, kiv\u00e9teles szolg\u00e1ltat\u00e1st \u00e9s eredm\u00e9nyeket ny\u00fajtva minden projektben.<\/p>\n<p>A min\u0151s\u00e9g az FMP m\u0171k\u00f6d\u00e9s\u00e9nek alapja. Betartjuk a legmagasabb gy\u00e1rt\u00e1si szabv\u00e1nyokat, \u00e9s szigor\u00fa min\u0151s\u00e9gellen\u0151rz\u00e9si int\u00e9zked\u00e9seket alkalmazunk annak biztos\u00edt\u00e1sa \u00e9rdek\u00e9ben, hogy minden term\u00e9k ne csak megfeleljen, hanem meghaladja az ipar\u00e1gi szabv\u00e1nyokat. Ez a kiv\u00e1l\u00f3s\u00e1g ir\u00e1nti elk\u00f6telezetts\u00e9g, valamint az integrit\u00e1s, a csapatmunka \u00e9s a kitart\u00e1s alapvet\u0151 \u00e9rt\u00e9kei lehet\u0151v\u00e9 tett\u00e9k sz\u00e1munkra, hogy tart\u00f3s, bizalmon alapul\u00f3 kapcsolatokat \u00e9p\u00edts\u00fcnk ki \u00fcgyfeleinkkel vil\u00e1gszerte k\u00f6zel 30 orsz\u00e1gban.<\/p>\n<p>Az FMP mindig is t\u00f6rekedett a glob\u00e1lis partners\u00e9gek \u00e1pol\u00e1s\u00e1ra, \u00e9s elk\u00f6telezett amellett, hogy szak\u00e9rt\u0151i tan\u00e1csokat \u00e9s szem\u00e9lyre szabott megold\u00e1sokat k\u00edn\u00e1ljon, amelyek megfelelnek \u00fcgyfeleink v\u00e1ltoz\u00f3 ig\u00e9nyeinek. Nemcsak a term\u00e9kek sz\u00e1ll\u00edt\u00e1s\u00e1ra t\u00f6reksz\u00fcnk \u2013 olyan tart\u00f3s kapcsolatok ki\u00e9p\u00edt\u00e9s\u00e9re t\u00f6reksz\u00fcnk, amelyek hozz\u00e1j\u00e1rulnak minden egyes projekt siker\u00e9hez. Ak\u00e1r innovat\u00edv megold\u00e1sokra van sz\u00fcks\u00e9ge egy \u00faj v\u00e1llalkoz\u00e1shoz, ak\u00e1r folyamatos t\u00e1mogat\u00e1sra egy megl\u00e9v\u0151 rendszerhez, az FMP k\u00e9szen \u00e1ll arra, hogy megfeleljen a technikai kih\u00edv\u00e1soknak \u00e9s biztos\u00edtsa a folyamatos sikert.<\/p>\n<p><img loading=\"lazy\" decoding=\"async\" class=\"alignnone wp-image-2695\" src=\"https:\/\/fmp-components.com\/wp-content\/uploads\/2025\/01\/agricultural-gearbox3.webp\" alt=\"mez\u0151gazdas\u00e1gi sebess\u00e9gv\u00e1lt\u00f3\" width=\"953\" height=\"951\" title=\"\" srcset=\"https:\/\/fmp-components.com\/wp-content\/uploads\/2025\/01\/agricultural-gearbox3.webp 953w, https:\/\/fmp-components.com\/wp-content\/uploads\/2025\/01\/agricultural-gearbox3-480x479.webp 480w\" sizes=\"(min-width: 0px) and (max-width: 480px) 480px, (min-width: 481px) 953px, 100vw\" \/><\/p>\n<p>Szerz\u0151: CX<\/p>","protected":false},"excerpt":{"rendered":"<p>Grader Driven Rake Gearbox FMP112 Dimensions\u00a0 Grader Driven Rake Gearbox FMP112 Technical Data i Suitable Rpm input Rpm output KW(Nom) KW(Max) Toothing r\/min r\/min hp hp Decelerate 1.62:1 Rotary Tillers, Beaters, etc 540 333 76 116 Gleason Helical Teeth Decelerate 1.82:1 540 296 70 120 Decelerate 2.03:1 540 266 68 114 Decelerate 2.28:1 540 236 [&hellip;]<\/p>","protected":false},"featured_media":2740,"comment_status":"open","ping_status":"closed","template":"","meta":{"_et_pb_use_builder":"","_et_pb_old_content":"","_et_gb_content_width":""},"product_brand":[],"product_cat":[66],"product_tag":[],"class_list":{"0":"post-2735","1":"product","2":"type-product","3":"status-publish","4":"has-post-thumbnail","6":"product_cat-grader-driven-rake-gearbox","8":"first","9":"instock","10":"shipping-taxable","11":"product-type-simple"},"_links":{"self":[{"href":"https:\/\/fmp-components.com\/hu\/wp-json\/wp\/v2\/product\/2735","targetHints":{"allow":["GET"]}}],"collection":[{"href":"https:\/\/fmp-components.com\/hu\/wp-json\/wp\/v2\/product"}],"about":[{"href":"https:\/\/fmp-components.com\/hu\/wp-json\/wp\/v2\/types\/product"}],"replies":[{"embeddable":true,"href":"https:\/\/fmp-components.com\/hu\/wp-json\/wp\/v2\/comments?post=2735"}],"wp:featuredmedia":[{"embeddable":true,"href":"https:\/\/fmp-components.com\/hu\/wp-json\/wp\/v2\/media\/2740"}],"wp:attachment":[{"href":"https:\/\/fmp-components.com\/hu\/wp-json\/wp\/v2\/media?parent=2735"}],"wp:term":[{"taxonomy":"product_brand","embeddable":true,"href":"https:\/\/fmp-components.com\/hu\/wp-json\/wp\/v2\/product_brand?post=2735"},{"taxonomy":"product_cat","embeddable":true,"href":"https:\/\/fmp-components.com\/hu\/wp-json\/wp\/v2\/product_cat?post=2735"},{"taxonomy":"product_tag","embeddable":true,"href":"https:\/\/fmp-components.com\/hu\/wp-json\/wp\/v2\/product_tag?post=2735"}],"curies":[{"name":"munkaf\u00fczet","href":"https:\/\/api.w.org\/{rel}","templated":true}]}}