{"id":2725,"date":"2025-01-04T02:27:50","date_gmt":"2025-01-04T02:27:50","guid":{"rendered":"https:\/\/fmp-components.com\/?page_id=8"},"modified":"2025-01-04T02:27:50","modified_gmt":"2025-01-04T02:27:50","slug":"grader-driven-rake-gearbox-fmp225-for-variable-speed-rotary-tillers-and-beaters","status":"publish","type":"product","link":"https:\/\/fmp-components.com\/hu\/product\/grader-driven-rake-gearbox-fmp225-for-variable-speed-rotary-tillers-and-beaters\/","title":{"rendered":"Gr\u00e9derhajt\u00e1s\u00fa gereblye-hajt\u00f3m\u0171 FMP225 v\u00e1ltoztathat\u00f3 sebess\u00e9g\u0171 talajmar\u00f3khoz \u00e9s ver\u0151kh\u00f6z"},"content":{"rendered":"<h2>Gr\u00e9derhajt\u00e1s\u00fa gereblye-hajt\u00f3m\u0171 FMP225 m\u00e9retei<\/h2>\n<p><img loading=\"lazy\" decoding=\"async\" class=\"alignnone size-full wp-image-2727\" src=\"https:\/\/fmp-components.com\/wp-content\/uploads\/2025\/01\/Grader-Driven-Rake-Gearbox-FMP225-Dimensions.webp\" alt=\"Gr\u00e9derhajt\u00e1s\u00fa gerebly\u00e9z\u0151 hajt\u00f3m\u0171-FMP225-M\u00e9retek\" width=\"1212\" height=\"716\" title=\"\" srcset=\"https:\/\/fmp-components.com\/wp-content\/uploads\/2025\/01\/Grader-Driven-Rake-Gearbox-FMP225-Dimensions.webp 1212w, https:\/\/fmp-components.com\/wp-content\/uploads\/2025\/01\/Grader-Driven-Rake-Gearbox-FMP225-Dimensions-980x579.webp 980w, https:\/\/fmp-components.com\/wp-content\/uploads\/2025\/01\/Grader-Driven-Rake-Gearbox-FMP225-Dimensions-480x284.webp 480w\" sizes=\"(min-width: 0px) and (max-width: 480px) 480px, (min-width: 481px) and (max-width: 980px) 980px, (min-width: 981px) 1212px, 100vw\" \/><\/p>\n<h2>Gr\u00e9der hajtott gereblye sebess\u00e9gv\u00e1lt\u00f3 FMP225 fordulat<\/h2>\n<h2><img loading=\"lazy\" decoding=\"async\" class=\"alignnone size-full wp-image-2728\" src=\"https:\/\/fmp-components.com\/wp-content\/uploads\/2025\/01\/Grader-Driven-Rake-Gearbox-FMP225-Turn.webp\" alt=\"Gr\u00e9derhajt\u00e1s\u00fa gerebly\u00e9z\u0151 hajt\u00f3m\u0171 FMP225 fordul\u00f3\" width=\"1195\" height=\"275\" title=\"\" srcset=\"https:\/\/fmp-components.com\/wp-content\/uploads\/2025\/01\/Grader-Driven-Rake-Gearbox-FMP225-Turn.webp 1195w, https:\/\/fmp-components.com\/wp-content\/uploads\/2025\/01\/Grader-Driven-Rake-Gearbox-FMP225-Turn-980x226.webp 980w, https:\/\/fmp-components.com\/wp-content\/uploads\/2025\/01\/Grader-Driven-Rake-Gearbox-FMP225-Turn-480x110.webp 480w\" sizes=\"(min-width: 0px) and (max-width: 480px) 480px, (min-width: 481px) and (max-width: 980px) 980px, (min-width: 981px) 1195px, 100vw\" \/> \u00a0Gr\u00e9derhajt\u00e1s\u00fa gereblye-hajt\u00f3m\u0171 FMP225 m\u0171szaki adatok<\/h2>\n<table style=\"width: 101.462%; height: 154px;\" border=\"1\" cellspacing=\"0\" cellpadding=\"0\">\n<tbody>\n<tr>\n<td colspan=\"2\" rowspan=\"2\">\u00e9n<\/td>\n<td rowspan=\"2\">Alkalmas<\/td>\n<td>Fordulatsz\u00e1m bemenet<\/td>\n<td>Fordulatsz\u00e1m-kimenet<\/td>\n<td>kW (n\u00e9vleges)<\/td>\n<td>kW (maximum)<\/td>\n<td rowspan=\"2\">Fogazat<\/td>\n<\/tr>\n<tr>\n<td>fordulat\/perc<\/td>\n<td>fordulat\/perc<\/td>\n<td>l\u00f3er\u0151<\/td>\n<td>l\u00f3er\u0151<\/td>\n<\/tr>\n<tr>\n<td>Lass\u00edt\u00e1s<\/td>\n<td>1.93:1<\/td>\n<td rowspan=\"2\">Talajmar\u00f3k, habver\u0151k stb.<\/td>\n<td>540<\/td>\n<td>280<\/td>\n<td>57<\/td>\n<td>75<\/td>\n<td rowspan=\"2\">Gleason spir\u00e1lis<br \/>\nFogak<\/td>\n<\/tr>\n<tr>\n<td>Lass\u00edt\u00e1s<\/td>\n<td>1.46: 1<\/td>\n<td>540<\/td>\n<td>370<\/td>\n<td>80<\/td>\n<td>110<\/td>\n<\/tr>\n<tr>\n<td colspan=\"8\">Megjegyz\u00e9s: Ha b\u00e1rmilyen k\u00fcl\u00f6nleges ig\u00e9nye van, nyugodtan sz\u00f3ljon, mi is elfogadjuk az egyedi megrendel\u00e9seket.<\/td>\n<\/tr>\n<\/tbody>\n<\/table>\n<h2>Gr\u00e9der hajtott gereblye sebess\u00e9gv\u00e1lt\u00f3 FMP225 tengely m\u00e9retei<\/h2>\n<p><img loading=\"lazy\" decoding=\"async\" class=\"alignnone size-full wp-image-2729\" src=\"https:\/\/fmp-components.com\/wp-content\/uploads\/2025\/01\/Grader-Driven-Rake-Gearbox-FMP225-Shaft-Dimensions.webp\" alt=\"Gr\u00e9derhajt\u00e1s\u00fa gereblye-hajt\u00f3m\u0171-FMP225-tengely-m\u00e9retek\" width=\"1182\" height=\"422\" title=\"\" srcset=\"https:\/\/fmp-components.com\/wp-content\/uploads\/2025\/01\/Grader-Driven-Rake-Gearbox-FMP225-Shaft-Dimensions.webp 1182w, https:\/\/fmp-components.com\/wp-content\/uploads\/2025\/01\/Grader-Driven-Rake-Gearbox-FMP225-Shaft-Dimensions-980x350.webp 980w, https:\/\/fmp-components.com\/wp-content\/uploads\/2025\/01\/Grader-Driven-Rake-Gearbox-FMP225-Shaft-Dimensions-480x171.webp 480w\" sizes=\"(min-width: 0px) and (max-width: 480px) 480px, (min-width: 481px) and (max-width: 980px) 980px, (min-width: 981px) 1182px, 100vw\" \/><\/p>\n<h2>Gr\u00e9der hajtott gereblye sebess\u00e9gv\u00e1lt\u00f3 FMP225 hosszabb\u00edt\u00f3 cs\u0151<\/h2>\n<p><img loading=\"lazy\" decoding=\"async\" class=\"alignnone size-full wp-image-2730\" src=\"https:\/\/fmp-components.com\/wp-content\/uploads\/2025\/01\/Grader-Driven-Rake-Gearbox-FMP225-Extension-Pipe.webp\" alt=\"Gr\u00e9derhajt\u00e1s\u00fa gereblye-hajt\u00f3m\u0171-FMP225-hosszabb\u00edt\u00f3cs\u0151\" width=\"1146\" height=\"581\" title=\"\" srcset=\"https:\/\/fmp-components.com\/wp-content\/uploads\/2025\/01\/Grader-Driven-Rake-Gearbox-FMP225-Extension-Pipe.webp 1146w, https:\/\/fmp-components.com\/wp-content\/uploads\/2025\/01\/Grader-Driven-Rake-Gearbox-FMP225-Extension-Pipe-980x497.webp 980w, https:\/\/fmp-components.com\/wp-content\/uploads\/2025\/01\/Grader-Driven-Rake-Gearbox-FMP225-Extension-Pipe-480x243.webp 480w\" sizes=\"(min-width: 0px) and (max-width: 480px) 480px, (min-width: 481px) and (max-width: 980px) 980px, (min-width: 981px) 1146px, 100vw\" \/><\/p>\n<h2>Az FMP225 gr\u00e9derhajt\u00e1s\u00fa gereblye-hajt\u00f3m\u0171 haszn\u00e1lat\u00e1nak el\u0151nyei:<\/h2>\n<p>Az FMP225 gr\u00e9derhajt\u00e1s\u00fa rendk\u00e9pz\u0151 hajt\u00f3m\u0171 sz\u00e1mos el\u0151nnyel rendelkezik, amelyek miatt kedvelt v\u00e1laszt\u00e1s mez\u0151gazdas\u00e1gi, ipari \u00e9s f\u00f6ldkarbantart\u00e1si alkalmaz\u00e1sokhoz. Az al\u00e1bbiakban a hajt\u00f3m\u0171 haszn\u00e1lat\u00e1nak f\u0151bb el\u0151nyei l\u00e1that\u00f3k:<\/p>\n<ol>\n<li><strong>Nagy nyomat\u00e9kkapacit\u00e1s<\/strong>:\n<ul>\n<li>Az FMP225 sebess\u00e9gv\u00e1lt\u00f3t nagy nyomat\u00e9kterhel\u00e9sek kezel\u00e9s\u00e9re tervezt\u00e9k, \u00edgy alkalmass\u00e1 teszi neh\u00e9z alkalmaz\u00e1sokhoz, p\u00e9ld\u00e1ul s\u0171r\u0171 sz\u00e9na gerebly\u00e9z\u00e9s\u00e9hez, neh\u00e9z talajviszonyokhoz vagy ak\u00e1r \u00fatfelsz\u00edni szintez\u00e9shez. Nagy nyomat\u00e9k\u00e1nak k\u00f6sz\u00f6nhet\u0151en terhel\u00e9s alatt is sima \u00e9s hat\u00e9kony m\u0171k\u00f6d\u00e9st biztos\u00edt.<\/li>\n<\/ul>\n<\/li>\n<li><strong>Tart\u00f3s \u00e9s hossz\u00fa \u00e9lettartam\u00fa<\/strong>:\n<ul>\n<li>A kiv\u00e1l\u00f3 min\u0151s\u00e9g\u0171 anyagokb\u00f3l \u00e9s prec\u00edzi\u00f3s m\u00e9rn\u00f6ki munk\u00e1val k\u00e9sz\u00fclt FMP225 sebess\u00e9gv\u00e1lt\u00f3 kiv\u00e9telesen tart\u00f3s. Robusztus konstrukci\u00f3ja lehet\u0151v\u00e9 teszi, hogy ellen\u00e1lljon a folyamatos m\u0171k\u00f6d\u00e9s kop\u00e1s\u00e1nak \u00e9s elhaszn\u00e1l\u00f3d\u00e1s\u00e1nak ig\u00e9nyes k\u00f6rnyezetben, cs\u00f6kkentve a gyakori karbantart\u00e1s \u00e9s csere sz\u00fcks\u00e9gess\u00e9g\u00e9t.<\/li>\n<li>Ide\u00e1lis zord k\u00f6r\u00fclm\u00e9nyekhez, p\u00e9ld\u00e1ul sz\u00e9ls\u0151s\u00e9ges id\u0151j\u00e1r\u00e1shoz, neh\u00e9z talajhoz \u00e9s egyenetlen terephez.<\/li>\n<\/ul>\n<\/li>\n<li><strong>Hat\u00e9kony er\u0151\u00e1tvitel<\/strong>:\n<ul>\n<li>A sebess\u00e9gv\u00e1lt\u00f3 hat\u00e9kony er\u0151\u00e1tvitelt biztos\u00edt, optimaliz\u00e1lja a teljes\u00edtm\u00e9nyt \u00e9s cs\u00f6kkenti az energiafogyaszt\u00e1st. Ez jobb \u00fczemanyag-hat\u00e9konys\u00e1got eredm\u00e9nyez, k\u00fcl\u00f6n\u00f6sen nagy\u00fczemi mez\u0151gazdas\u00e1gi vagy ipari m\u0171veletekn\u00e9l, ahol a k\u00f6lts\u00e9ghat\u00e9konys\u00e1g kritikus fontoss\u00e1g\u00fa.<\/li>\n<li>A z\u00f6kken\u0151mentes teljes\u00edtm\u00e9ny\u00e1tviteli k\u00e9pess\u00e9ge jav\u00edtja a hozz\u00e1 integr\u00e1lt g\u00e9pek \u00e1ltal\u00e1nos hat\u00e9konys\u00e1g\u00e1t.<\/li>\n<\/ul>\n<\/li>\n<li><strong>Fokozott teljes\u00edtm\u00e9ny mez\u0151gazdas\u00e1gi alkalmaz\u00e1sokban<\/strong>:\n<ul>\n<li><strong>Sz\u00e9na gerebly\u00e9z\u00e9s<\/strong>Az FMP225 k\u00fcl\u00f6n\u00f6sen hat\u00e9kony nagy mennyis\u00e9g\u0171 sz\u00e9na gerebly\u00e9z\u00e9s\u00e9ben, biztos\u00edtva az egyenletes \u00e9s konzisztens rendeket az optim\u00e1lis sz\u00e1r\u00edt\u00e1shoz. Ez seg\u00edt jav\u00edtani a sz\u00e9nak\u00e9sz\u00edt\u00e9s hat\u00e9konys\u00e1g\u00e1t.<\/li>\n<li><strong>Takarm\u00e1ny- \u00e9s f\u0171gy\u0171jt\u00e9s<\/strong>Ide\u00e1lis sil\u00f3z\u00f3g\u00e9pekhez \u00e9s f\u0171gy\u0171jt\u0151 rendszerekhez, a sebess\u00e9gv\u00e1lt\u00f3 megb\u00edzhat\u00f3 teljes\u00edtm\u00e9nyt ny\u00fajt a neh\u00e9z \u00e9s vastag anyagok kezel\u00e9s\u00e9ben.<\/li>\n<\/ul>\n<\/li>\n<li><strong>Sokoldal\u00fas\u00e1g k\u00fcl\u00f6nf\u00e9le alkalmaz\u00e1sokban<\/strong>:\n<ul>\n<li><strong>\u00datfel\u00fclet-felsz\u00ednez\u00e9s<\/strong>Az FMP225 rendk\u00edv\u00fcl hat\u00e9kony \u00fatgr\u00e9derekben, \u00e1lland\u00f3 teljes\u00edtm\u00e9nyt biztos\u00edtva a gereblye-mechanizmusnak. Seg\u00edt fenntartani az egyenletes fel\u00fcletet, \u00e9s talajszintez\u00e9shez, valamint kavicssz\u00f3r\u00e1shoz egyar\u00e1nt haszn\u00e1lj\u00e1k.<\/li>\n<li><strong>Talajel\u0151k\u00e9sz\u00edt\u00e9s<\/strong>A talajel\u0151k\u00e9sz\u00edt\u00e9s sor\u00e1n haszn\u00e1lt sebess\u00e9gv\u00e1lt\u00f3 k\u00f6nnyed\u00e9n kezeli a talajszintez\u00e9shez, sz\u00e1nt\u00e1shoz vagy gerebly\u00e9z\u00e9shez sz\u00fcks\u00e9ges er\u0151ket. Ez sokoldal\u00fav\u00e1 teszi mez\u0151gazdas\u00e1gi, \u00e9p\u00edt\u0151ipari \u00e9s ipari alkalmaz\u00e1sokhoz.<\/li>\n<\/ul>\n<\/li>\n<\/ol>\n<p>Az FMP225 gr\u00e9derhajt\u00e1s\u00fa rendk\u00e9pz\u0151 hajt\u00f3m\u0171 kiemelkedik nagy nyomat\u00e9kkapacit\u00e1s\u00e1val, tart\u00f3ss\u00e1g\u00e1val \u00e9s hat\u00e9konys\u00e1g\u00e1val, \u00edgy ide\u00e1lis mez\u0151gazdas\u00e1gi, ipari \u00e9s f\u00f6ldkarbantart\u00e1si alkalmaz\u00e1sokhoz. Fokozott teljes\u00edtm\u00e9nyt ny\u00fajt, cs\u00f6kkenti a karbantart\u00e1si ig\u00e9nyeket, \u00e9s sokoldal\u00fas\u00e1got k\u00edn\u00e1l a g\u00e9pek sz\u00e9les sk\u00e1l\u00e1j\u00e1n. Kompakt kialak\u00edt\u00e1s\u00e1nak, k\u00f6nny\u0171 integr\u00e1ci\u00f3j\u00e1nak \u00e9s minim\u00e1lis zajszintj\u00e9nek k\u00f6sz\u00f6nhet\u0151en az FMP225 sima, megb\u00edzhat\u00f3 \u00e9s k\u00f6lts\u00e9ghat\u00e9kony teljes\u00edtm\u00e9nyt biztos\u00edt, ami a k\u00fcl\u00f6nb\u00f6z\u0151 ipar\u00e1gakban dolgoz\u00f3 felhaszn\u00e1l\u00f3k sz\u00e1m\u00e1ra el\u0151ny\u00f6s.<\/p>\n<p><img loading=\"lazy\" decoding=\"async\" class=\"alignnone size-full wp-image-2731\" src=\"https:\/\/fmp-components.com\/wp-content\/uploads\/2025\/01\/Grader-Driven-Rake-Gearbox-FMP225-Maintainance1.webp\" alt=\"Gr\u00e9derhajt\u00e1s\u00fa gerebly\u00e9z\u0151 sebess\u00e9gv\u00e1lt\u00f3 FMP225 karbantart\u00e1s(1)\" width=\"980\" height=\"664\" title=\"\" srcset=\"https:\/\/fmp-components.com\/wp-content\/uploads\/2025\/01\/Grader-Driven-Rake-Gearbox-FMP225-Maintainance1.webp 980w, https:\/\/fmp-components.com\/wp-content\/uploads\/2025\/01\/Grader-Driven-Rake-Gearbox-FMP225-Maintainance1-480x325.webp 480w\" sizes=\"(min-width: 0px) and (max-width: 480px) 480px, (min-width: 481px) 980px, 100vw\" \/><\/p>\n<h2>Az FMP225 gr\u00e9derhajt\u00e1s\u00fa gereblye-hajt\u00f3m\u0171 alkalmaz\u00e1sai<\/h2>\n<p>Az FMP225 gr\u00e9derhajt\u00e1s\u00fa rendk\u00e9pz\u0151 hajt\u00f3m\u0171vet \u00fagy tervezt\u00e9k, hogy megb\u00edzhat\u00f3 \u00e9s hat\u00e9kony er\u0151\u00e1tvitelt biztos\u00edtson k\u00fcl\u00f6nf\u00e9le mez\u0151gazdas\u00e1gi, ipari \u00e9s f\u00f6ldkarbantart\u00e1si alkalmaz\u00e1sokhoz. \u00cdme n\u00e9h\u00e1ny f\u0151bb alkalmaz\u00e1sa:<\/p>\n<p><strong>1. Mez\u0151gazdas\u00e1gi g\u00e9pek:<\/strong><\/p>\n<ul>\n<li><strong>Sz\u00e9na gerebly\u00e9z\u00e9s:<\/strong> Az FMP225-\u00f6t sz\u00e9les k\u00f6rben haszn\u00e1lj\u00e1k sz\u00e9na rendk\u00e9pz\u0151 berendez\u00e9sekben, biztos\u00edtva a sz\u00e9na hat\u00e9kony \u00e9s egyenletes rendk\u00e9pz\u00e9s\u00e9t. Kulcsfontoss\u00e1g\u00fa szerepet j\u00e1tszik a z\u00f6kken\u0151mentes m\u0171k\u00f6d\u00e9s fenntart\u00e1s\u00e1ban, k\u00fcl\u00f6n\u00f6sen a sz\u00e9nagy\u0171jt\u00e9si szezonban. A nagy nyomat\u00e9k kezel\u00e9s\u00e9re val\u00f3 k\u00e9pess\u00e9ge hat\u00e9kony gerebly\u00e9z\u00e9st biztos\u00edt m\u00e9g nagy mennyis\u00e9g\u0171 sz\u00e9na eset\u00e9n is.<\/li>\n<li><strong>Szecsk\u00e1z\u00f3k:<\/strong> A sebess\u00e9gv\u00e1lt\u00f3t sil\u00f3z\u00f3g\u00e9pekben is haszn\u00e1lj\u00e1k, seg\u00edtve a takarm\u00e1ny begy\u0171jt\u00e9s\u00e9t \u00e9s sil\u00f3z\u00e1sra val\u00f3 el\u0151k\u00e9sz\u00edt\u00e9s\u00e9t. Biztos\u00edtja a rendsodr\u00f3 \u00e9s gy\u0171jt\u0151 mechanizmusok z\u00f6kken\u0151mentes \u00e9s hat\u00e9kony m\u0171k\u00f6d\u00e9s\u00e9t, jav\u00edtva a betakar\u00edt\u00e1s hat\u00e9konys\u00e1g\u00e1t.<\/li>\n<li><strong>F\u0171gy\u0171jt\u00e9s \u00e9s rendk\u00e9pz\u00e9s:<\/strong> A sebess\u00e9gv\u00e1lt\u00f3t f\u0171gy\u0171jt\u00e9shez \u00e9s rendk\u00e9pz\u00e9shez haszn\u00e1lj\u00e1k, seg\u00edtve a f\u0171 el\u0151k\u00e9sz\u00edt\u00e9s\u00e9t k\u00fcl\u00f6nf\u00e9le mez\u0151gazdas\u00e1gi folyamatokhoz, p\u00e9ld\u00e1ul sz\u00e1r\u00edt\u00e1shoz \u00e9s b\u00e1l\u00e1z\u00e1shoz.<\/li>\n<\/ul>\n<p><strong>2. \u00datfel\u00fclet-felsz\u00ednez\u00e9s:<\/strong><\/p>\n<ul>\n<li><strong>\u00datgr\u00e9derek:<\/strong> Az FMP225 ide\u00e1lis v\u00e1laszt\u00e1s \u00fategyenl\u00edt\u0151 g\u00e9pekhez, ahol a gereblye mechanizmus\u00e1t hajtja a talajegyenget\u00e9s, a kavicssz\u00f3r\u00e1s \u00e9s az \u00fatkarbantart\u00e1s sor\u00e1n. A sima \u00e9s \u00e1lland\u00f3 teljes\u00edtm\u00e9ny biztos\u00edt\u00e1s\u00e1nak k\u00e9pess\u00e9ge elengedhetetlenn\u00e9 teszi a j\u00f3l egyengetett \u00fatfel\u00fcletek l\u00e9trehoz\u00e1s\u00e1hoz mind mez\u0151gazdas\u00e1gi, mind ipari k\u00f6rnyezetben.<\/li>\n<li><strong>Talajszintez\u00e9s:<\/strong> A sebess\u00e9gv\u00e1lt\u00f3 biztos\u00edtja, hogy az \u00fatgr\u00e9derek hat\u00e9konyan tudj\u00e1k elosztani a talajt \u00e9s a kavicsot, egyengetve a fel\u00fcletet a burkol\u00e1sra vagy egy\u00e9b kezel\u00e9sekre val\u00f3 el\u0151k\u00e9sz\u00edt\u00e9sk\u00e9nt. Megb\u00edzhat\u00f3s\u00e1ga \u00e9s nyomat\u00e9kkapacit\u00e1sa alkalmass\u00e1 teszi neh\u00e9z feladatokhoz.<\/li>\n<\/ul>\n<p><strong>3. Talajel\u0151k\u00e9sz\u00edt\u00e9s \u00e9s talajgondoz\u00e1s:<\/strong><\/p>\n<ul>\n<li><strong>Talajrendez\u00e9s \u00e9s talajm\u0171vel\u00e9s:<\/strong> Az FMP225 sebess\u00e9gv\u00e1lt\u00f3t talajlaz\u00edt\u00e1sra \u00e9s -m\u0171vel\u00e9sre tervezett berendez\u00e9sekben haszn\u00e1lj\u00e1k. Seg\u00edt a talaj el\u0151k\u00e9sz\u00edt\u00e9s\u00e9ben \u00fcltet\u00e9sre vagy \u00e9p\u00edtkez\u00e9sre az\u00e1ltal, hogy biztos\u00edtja a talaj egyenletes eloszt\u00e1s\u00e1t \u00e9s kiegyenl\u00edt\u00e9s\u00e9t. Nyomat\u00e9k\u00e1nak k\u00f6sz\u00f6nhet\u0151en a kih\u00edv\u00e1st jelent\u0151 talajviszonyokkal is megbirk\u00f3zik.<\/li>\n<li><strong>\u00c1rok- \u00e9s v\u00edzelvezet\u0151 karbantart\u00e1s:<\/strong> A f\u00f6ldkarbantart\u00e1si feladatok, p\u00e9ld\u00e1ul az \u00e1roktiszt\u00edt\u00e1s \u00e9s a v\u00edzelvezet\u0151 rendszer karbantart\u00e1sa sor\u00e1n a sebess\u00e9gv\u00e1lt\u00f3 t\u00e1mogatja a g\u00e9peket az anyagok mozgat\u00e1s\u00e1ban \u00e9s kiegyenl\u00edt\u00e9s\u00e9ben, biztos\u00edtva a megfelel\u0151 v\u00edz\u00e1raml\u00e1st \u00e9s v\u00edzelvezet\u00e9st.<\/li>\n<\/ul>\n<p><strong>4. Ipari alkalmaz\u00e1sok:<\/strong><\/p>\n<ul>\n<li><strong>Anyagmozgat\u00e1s:<\/strong> A sebess\u00e9gv\u00e1lt\u00f3 ipari g\u00e9pekben haszn\u00e1lhat\u00f3 anyagmozgat\u00e1shoz, ahol olyan mechanizmusokat hajt, amelyek k\u00fcl\u00f6nf\u00e9le anyagokat, p\u00e9ld\u00e1ul homokot, kavicsot \u00e9s m\u00e1s \u00f6mlesztett \u00e1rukat mozgatnak, gerebly\u00e9znek vagy gy\u0171jtenek.<\/li>\n<li><strong>\u00c9p\u00edt\u0151ipari berendez\u00e9sek:<\/strong> Az \u00e9p\u00edt\u0151iparban az FMP225 sebess\u00e9gv\u00e1lt\u00f3 integr\u00e1lhat\u00f3 a f\u00f6ldmunk\u00e1khoz, szintez\u00e9shez \u00e9s terep-el\u0151k\u00e9sz\u00edt\u00e9shez haszn\u00e1lt szintel\u0151 \u00e9s talaj-el\u0151k\u00e9sz\u00edt\u0151 g\u00e9pekbe, hozz\u00e1j\u00e1rulva a hat\u00e9kony terepgazd\u00e1lkod\u00e1shoz.<\/li>\n<\/ul>\n<p><strong>5. H\u00f3eltakar\u00edt\u00f3 felszerel\u00e9s:<\/strong><\/p>\n<ul>\n<li><strong>H\u00f3ek\u00e9k \u00e9s h\u00f3gerebly\u00e9k:<\/strong> Az FMP225 sebess\u00e9gv\u00e1lt\u00f3t h\u00f3eltakar\u00edt\u00f3 berendez\u00e9sekben is haszn\u00e1lj\u00e1k, ahol a gereblye vagy h\u00f3kotr\u00f3 peng\u00e9it hajtja. Ez az alkalmaz\u00e1s k\u00fcl\u00f6n\u00f6sen hasznos azokon a r\u00e9gi\u00f3kban, ahol a felhalmoz\u00f3dott h\u00f3 rendszeres eltakar\u00edt\u00e1st ig\u00e9nyel a biztons\u00e1gos \u00e9s j\u00e1rhat\u00f3 utak \u00e9s \u00f6sv\u00e9nyek biztos\u00edt\u00e1sa \u00e9rdek\u00e9ben.<\/li>\n<\/ul>\n<p>Az FMP225 gr\u00e9derhajt\u00e1s\u00fa rendsodr\u00f3 hajt\u00f3m\u0171 egy sokoldal\u00fa \u00e9s nagy teljes\u00edtm\u00e9ny\u0171 hajt\u00f3m\u0171, amelyet sz\u00e9les k\u00f6rben haszn\u00e1lnak, bele\u00e9rtve a mez\u0151gazdas\u00e1got (sz\u00e9na gerebly\u00e9z\u00e9s, takarm\u00e1nybetakar\u00edt\u00e1s, f\u0171gy\u0171jt\u00e9s), \u00fat\u00e9p\u00edt\u00e9st, talaj-el\u0151k\u00e9sz\u00edt\u00e9st, ipari anyagmozgat\u00e1st, h\u00f3eltakar\u00edt\u00e1st \u00e9s gyepgazd\u00e1lkod\u00e1st. Tart\u00f3s kialak\u00edt\u00e1s\u00e1nak, nagy nyomat\u00e9kkapacit\u00e1s\u00e1nak \u00e9s megb\u00edzhat\u00f3 m\u0171k\u00f6d\u00e9s\u00e9nek k\u00f6sz\u00f6nhet\u0151en alkalmas neh\u00e9z feladatokra mind mez\u0151gazdas\u00e1gi, mind ipari k\u00f6rnyezetben.<\/p>\n<table style=\"border-collapse: collapse; width: 100.406%; height: 53px;\" border=\"0\" width=\"128\" cellspacing=\"0\" cellpadding=\"0\">\n<tbody>\n<tr style=\"height: 13.8pt;\">\n<td style=\"height: 13.8pt; width: 48pt;\" align=\"right\" width=\"64\" height=\"18\"><img loading=\"lazy\" decoding=\"async\" class=\"alignnone size-full wp-image-2732\" src=\"https:\/\/fmp-components.com\/wp-content\/uploads\/2025\/01\/Grader-Driven-Rake-Gearbox-FMP225-Applications-21.webp\" alt=\"Gr\u00e9derhajt\u00e1s\u00fa gerebly\u00e9z\u0151 hajt\u00f3m\u0171-FMP225-alkalmaz\u00e1sok-2(1)\" width=\"1024\" height=\"576\" title=\"\" srcset=\"https:\/\/fmp-components.com\/wp-content\/uploads\/2025\/01\/Grader-Driven-Rake-Gearbox-FMP225-Applications-21.webp 1024w, https:\/\/fmp-components.com\/wp-content\/uploads\/2025\/01\/Grader-Driven-Rake-Gearbox-FMP225-Applications-21-980x551.webp 980w, https:\/\/fmp-components.com\/wp-content\/uploads\/2025\/01\/Grader-Driven-Rake-Gearbox-FMP225-Applications-21-480x270.webp 480w\" sizes=\"(min-width: 0px) and (max-width: 480px) 480px, (min-width: 481px) and (max-width: 980px) 980px, (min-width: 981px) 1024px, 100vw\" \/><\/td>\n<td style=\"width: 48pt;\" align=\"right\" width=\"64\"><img loading=\"lazy\" decoding=\"async\" class=\"alignnone size-full wp-image-2733\" src=\"https:\/\/fmp-components.com\/wp-content\/uploads\/2025\/01\/Grader-Driven-Rake-Gearbox-FMP225-Applications-11.webp\" alt=\"Gr\u00e9derhajt\u00e1s\u00fa gerebly\u00e9z\u0151 hajt\u00f3m\u0171-FMP225-alkalmaz\u00e1sok-1(1)\" width=\"1024\" height=\"576\" title=\"\" srcset=\"https:\/\/fmp-components.com\/wp-content\/uploads\/2025\/01\/Grader-Driven-Rake-Gearbox-FMP225-Applications-11.webp 1024w, https:\/\/fmp-components.com\/wp-content\/uploads\/2025\/01\/Grader-Driven-Rake-Gearbox-FMP225-Applications-11-980x551.webp 980w, https:\/\/fmp-components.com\/wp-content\/uploads\/2025\/01\/Grader-Driven-Rake-Gearbox-FMP225-Applications-11-480x270.webp 480w\" sizes=\"(min-width: 0px) and (max-width: 480px) 480px, (min-width: 481px) and (max-width: 980px) 980px, (min-width: 981px) 1024px, 100vw\" \/><\/td>\n<\/tr>\n<\/tbody>\n<\/table>\n<h2>Az FMP-r\u0151l<\/h2>\n<p>Az olaszorsz\u00e1gi sz\u00e9khely\u0171 FMP egy kiemelked\u0151 gy\u00e1rt\u00f3, amely nagy teljes\u00edtm\u00e9ny\u0171 sebess\u00e9gv\u00e1lt\u00f3k tervez\u00e9s\u00e9re, fejleszt\u00e9s\u00e9re \u00e9s gy\u00e1rt\u00e1s\u00e1ra specializ\u00e1l\u00f3dott, k\u00fcl\u00f6n\u00f6s tekintettel a mez\u0151gazdas\u00e1gi g\u00e9piparra. A prec\u00edzi\u00f3s m\u00e9rn\u00f6ki munk\u00e1r\u00f3l, innovat\u00edv megold\u00e1sokr\u00f3l \u00e9s rend\u00edthetetlen megb\u00edzhat\u00f3s\u00e1gr\u00f3l ismert FMP ki\u00e9rdemelte mind a mez\u0151gazdas\u00e1gi, mind az ipari piac bizalm\u00e1t. Sz\u00e9les term\u00e9kk\u00edn\u00e1latunkban megtal\u00e1lhat\u00f3k a f\u0171ny\u00edr\u00f3khoz, kard\u00e1ntengelyekhez \u00e9s egy\u00e9b alapvet\u0151 alkatr\u00e9szekhez val\u00f3 speci\u00e1lis sebess\u00e9gv\u00e1lt\u00f3k, amelyek mindegyik\u00e9t apr\u00f3l\u00e9kosan \u00fagy tervezt\u00e9k, hogy a legk\u00fcl\u00f6nf\u00e9l\u00e9bb alkalmaz\u00e1sokhoz egyedi megold\u00e1sokat k\u00edn\u00e1ljon.<\/p>\n<p>Az FMP-n\u00e9l meg\u00e9rtj\u00fck, hogy minden \u00fcgyf\u00e9lnek egyedi ig\u00e9nyei \u00e9s kih\u00edv\u00e1sai vannak. Ez\u00e9rt hangs\u00falyozzuk a szem\u00e9lyre szabott megold\u00e1sok ny\u00fajt\u00e1s\u00e1t \u2013 legyen sz\u00f3 ak\u00e1r egyedi komponensekr\u0151l, ak\u00e1r teljesen integr\u00e1lt rendszerekr\u0151l. Szorosan egy\u00fcttm\u0171k\u00f6d\u00fcnk \u00fcgyfeleinkkel annak \u00e9rdek\u00e9ben, hogy minden megold\u00e1s ne csak hat\u00e9kony, hanem eredm\u00e9nyes is legyen, optimaliz\u00e1lva mind a teljes\u00edtm\u00e9nyt, mind a k\u00f6lts\u00e9ghat\u00e9konys\u00e1got. Elk\u00f6telezettek vagyunk a gyors, professzion\u00e1lis v\u00e1laszok \u00e9s a szak\u00e9rt\u0151i \u00fatmutat\u00e1s ir\u00e1nt, ami garant\u00e1lja, hogy minden megkeres\u00e9st prec\u00edzen kezel\u00fcnk, ami a lehet\u0151 legjobb eredm\u00e9nyeket eredm\u00e9nyezi.<\/p>\n<p>A ny\u00edlt \u00e9s folyamatos kommunik\u00e1ci\u00f3 megk\u00f6zel\u00edt\u00e9s\u00fcnk egyik kulcsfontoss\u00e1g\u00fa alapelve. Elk\u00f6telezett csapatunk a teljes term\u00e9kfejleszt\u00e9si folyamat sor\u00e1n egy\u00fcttm\u0171k\u00f6dik az \u00fcgyfelekkel, \u00e9s igyekszik m\u00e9lyrehat\u00f3an meg\u00e9rteni egyedi ig\u00e9nyeiket. \u00c9rt\u00e9kes betekint\u00e9st \u00e9s aj\u00e1nl\u00e1sokat k\u00edn\u00e1lunk annak \u00e9rdek\u00e9ben, hogy minden megold\u00e1s optimaliz\u00e1lt legyen. Ak\u00e1r innovat\u00edv term\u00e9keket tervez, ak\u00e1r folyamatos megrendel\u00e9seket teljes\u00edt, az FMP elk\u00f6telezett amellett, hogy minden alkalommal kiv\u00e1l\u00f3 min\u0151s\u00e9g\u0171, prec\u00edzi\u00f3san megtervezett megold\u00e1sokat sz\u00e1ll\u00edtson id\u0151ben. C\u00e9lunk, hogy fel\u00fclm\u00faljuk az \u00fcgyfelek elv\u00e1r\u00e1sait, kiv\u00e9teles szolg\u00e1ltat\u00e1st \u00e9s eredm\u00e9nyeket ny\u00fajtva minden projektben.<\/p>\n<p>A min\u0151s\u00e9g az FMP m\u0171k\u00f6d\u00e9s\u00e9nek sarokk\u00f6ve. A legmagasabb gy\u00e1rt\u00e1si szabv\u00e1nyokat tartjuk be, \u00e9s szigor\u00fa min\u0151s\u00e9gellen\u0151rz\u00e9si folyamatokat alkalmazunk annak biztos\u00edt\u00e1sa \u00e9rdek\u00e9ben, hogy minden term\u00e9k megfeleljen, vagy meghaladja az ipar\u00e1gi szabv\u00e1nyokat. Ez a kiv\u00e1l\u00f3s\u00e1g ir\u00e1nti rend\u00edthetetlen elk\u00f6telezetts\u00e9g, valamint az olyan alapvet\u0151 \u00e9rt\u00e9keink, mint az integrit\u00e1s, a csapatmunka \u00e9s a kitart\u00e1s, lehet\u0151v\u00e9 tette az FMP sz\u00e1m\u00e1ra, hogy hossz\u00fa t\u00e1v\u00fa, bizalmon alapul\u00f3 kapcsolatokat alak\u00edtson ki \u00fcgyfeleivel k\u00f6zel 30 orsz\u00e1gban.<\/p>\n<p>Az FMP mindig is t\u00f6rekedett a glob\u00e1lis partners\u00e9gek \u00e1pol\u00e1s\u00e1ra, \u00e9s elk\u00f6telezett amellett, hogy szak\u00e9rt\u0151i tan\u00e1csokat \u00e9s szem\u00e9lyre szabott megold\u00e1sokat k\u00edn\u00e1ljon, amelyek megfelelnek \u00fcgyfeleink sokr\u00e9t\u0171 ig\u00e9nyeinek. Nem csup\u00e1n term\u00e9keket sz\u00e1ll\u00edtunk; c\u00e9lunk olyan tart\u00f3s kapcsolatok ki\u00e9p\u00edt\u00e9se, amelyek hozz\u00e1j\u00e1rulnak minden egyes projekt hossz\u00fa t\u00e1v\u00fa siker\u00e9hez. Ak\u00e1r innovat\u00edv megold\u00e1sokra van sz\u00fcks\u00e9ge egy \u00faj kezdem\u00e9nyez\u00e9shez, ak\u00e1r folyamatos t\u00e1mogat\u00e1sra egy megl\u00e9v\u0151 rendszerhez, az FMP k\u00e9szen \u00e1ll, hogy megfeleljen a technikai kih\u00edv\u00e1soknak \u00e9s biztos\u00edtsa a folyamatos sikert.<\/p>\n<p><img loading=\"lazy\" decoding=\"async\" class=\"alignnone wp-image-2695\" src=\"https:\/\/fmp-components.com\/wp-content\/uploads\/2025\/01\/agricultural-gearbox3.webp\" alt=\"mez\u0151gazdas\u00e1gi sebess\u00e9gv\u00e1lt\u00f3\" width=\"953\" height=\"951\" title=\"\" srcset=\"https:\/\/fmp-components.com\/wp-content\/uploads\/2025\/01\/agricultural-gearbox3.webp 953w, https:\/\/fmp-components.com\/wp-content\/uploads\/2025\/01\/agricultural-gearbox3-480x479.webp 480w\" sizes=\"(min-width: 0px) and (max-width: 480px) 480px, (min-width: 481px) 953px, 100vw\" \/><\/p>\n<p>Szerz\u0151: CX<\/p>","protected":false},"excerpt":{"rendered":"<p>Grader Driven Rake Gearbox FMP225 Dimensions Grader Driven Rake Gearbox FMP225 Turn \u00a0Grader Driven Rake Gearbox FMP225 Technical Data i Suitable Rpm input Rpm output KW(Nom) KW(Max) Toothing r\/min r\/min hp hp Decelerate 1.93:1 Rotary Tillers, Beaters, etc 540 280 57 75 Gleason Helical Teeth Decelerate 1.46: 1 540 370 80 110 Remark: If you [&hellip;]<\/p>","protected":false},"featured_media":2734,"comment_status":"open","ping_status":"closed","template":"","meta":{"_et_pb_use_builder":"","_et_pb_old_content":"","_et_gb_content_width":""},"product_brand":[],"product_cat":[66],"product_tag":[],"class_list":{"0":"post-2725","1":"product","2":"type-product","3":"status-publish","4":"has-post-thumbnail","6":"product_cat-grader-driven-rake-gearbox","8":"first","9":"instock","10":"shipping-taxable","11":"product-type-simple"},"_links":{"self":[{"href":"https:\/\/fmp-components.com\/hu\/wp-json\/wp\/v2\/product\/2725","targetHints":{"allow":["GET"]}}],"collection":[{"href":"https:\/\/fmp-components.com\/hu\/wp-json\/wp\/v2\/product"}],"about":[{"href":"https:\/\/fmp-components.com\/hu\/wp-json\/wp\/v2\/types\/product"}],"replies":[{"embeddable":true,"href":"https:\/\/fmp-components.com\/hu\/wp-json\/wp\/v2\/comments?post=2725"}],"wp:featuredmedia":[{"embeddable":true,"href":"https:\/\/fmp-components.com\/hu\/wp-json\/wp\/v2\/media\/2734"}],"wp:attachment":[{"href":"https:\/\/fmp-components.com\/hu\/wp-json\/wp\/v2\/media?parent=2725"}],"wp:term":[{"taxonomy":"product_brand","embeddable":true,"href":"https:\/\/fmp-components.com\/hu\/wp-json\/wp\/v2\/product_brand?post=2725"},{"taxonomy":"product_cat","embeddable":true,"href":"https:\/\/fmp-components.com\/hu\/wp-json\/wp\/v2\/product_cat?post=2725"},{"taxonomy":"product_tag","embeddable":true,"href":"https:\/\/fmp-components.com\/hu\/wp-json\/wp\/v2\/product_tag?post=2725"}],"curies":[{"name":"munkaf\u00fczet","href":"https:\/\/api.w.org\/{rel}","templated":true}]}}