{"id":2696,"date":"2025-01-03T08:43:50","date_gmt":"2025-01-03T08:43:50","guid":{"rendered":"https:\/\/fmp-components.com\/?page_id=8"},"modified":"2025-01-03T08:44:42","modified_gmt":"2025-01-03T08:44:42","slug":"grader-driven-rake-gearbox-fmp-tbs128-for-crawler-rotary-cultivator","status":"publish","type":"product","link":"https:\/\/fmp-components.com\/hu\/product\/grader-driven-rake-gearbox-fmp-tbs128-for-crawler-rotary-cultivator\/","title":{"rendered":"Gr\u00e9derhajt\u00e1s\u00fa gereblye-hajt\u00f3m\u0171 FMP-TBS128 l\u00e1nctalpas forg\u00f3kultiv\u00e1torhoz"},"content":{"rendered":"<h2>Gr\u00e9derhajt\u00e1s\u00fa gereblye-hajt\u00f3m\u0171 FMP-TBS128 m\u00e9retei<\/h2>\n<p><img loading=\"lazy\" decoding=\"async\" class=\"alignnone size-full wp-image-2697\" src=\"https:\/\/fmp-components.com\/wp-content\/uploads\/2025\/01\/Grader-Driven-Rake-Gearbox-FMP-TBS128-Dimensions-1.webp\" alt=\"Gr\u00e9derhajt\u00e1s\u00fa gerebly\u00e9z\u0151 hajt\u00f3m\u0171-FMP-TBS128-M\u00e9retek-1\" width=\"1431\" height=\"910\" title=\"\" srcset=\"https:\/\/fmp-components.com\/wp-content\/uploads\/2025\/01\/Grader-Driven-Rake-Gearbox-FMP-TBS128-Dimensions-1.webp 1431w, https:\/\/fmp-components.com\/wp-content\/uploads\/2025\/01\/Grader-Driven-Rake-Gearbox-FMP-TBS128-Dimensions-1-1280x814.webp 1280w, https:\/\/fmp-components.com\/wp-content\/uploads\/2025\/01\/Grader-Driven-Rake-Gearbox-FMP-TBS128-Dimensions-1-980x623.webp 980w, https:\/\/fmp-components.com\/wp-content\/uploads\/2025\/01\/Grader-Driven-Rake-Gearbox-FMP-TBS128-Dimensions-1-480x305.webp 480w\" sizes=\"(min-width: 0px) and (max-width: 480px) 480px, (min-width: 481px) and (max-width: 980px) 980px, (min-width: 981px) and (max-width: 1280px) 1280px, (min-width: 1281px) 1431px, 100vw\" \/><\/p>\n<h2>Gr\u00e9derhajt\u00e1s\u00fa gereblye-hajt\u00f3m\u0171 FMP-TBS128 m\u0171szaki adatok<\/h2>\n<table style=\"width: 99.6141%; height: 188px;\" border=\"1\" cellspacing=\"0\" cellpadding=\"0\">\n<tbody>\n<tr style=\"height: 47px;\">\n<td style=\"height: 70px; width: 12.8399%;\" colspan=\"2\" rowspan=\"2\">\u00e9n<\/td>\n<td style=\"height: 70px; width: 27.1903%;\" rowspan=\"2\">Alkalmas<\/td>\n<td style=\"height: 47px; width: 9.66767%;\">Fordulatsz\u00e1m bemenet<\/td>\n<td style=\"height: 47px; width: 11.0272%;\">Fordulatsz\u00e1m-kimenet<\/td>\n<td style=\"height: 47px; width: 9.51662%;\">kW (n\u00e9vleges)<\/td>\n<td style=\"height: 47px; width: 9.06344%;\">kW (maximum)<\/td>\n<td style=\"height: 70px; width: 54.0785%;\" rowspan=\"2\">Fogazat<\/td>\n<\/tr>\n<tr style=\"height: 23px;\">\n<td style=\"height: 23px; width: 9.66767%;\">fordulat\/perc<\/td>\n<td style=\"height: 23px; width: 11.0272%;\">fordulat\/perc<\/td>\n<td style=\"height: 23px; width: 9.51662%;\">l\u00f3er\u0151<\/td>\n<td style=\"height: 23px; width: 9.06344%;\">l\u00f3er\u0151<\/td>\n<\/tr>\n<tr style=\"height: 47px;\">\n<td style=\"height: 47px; width: 6.19335%;\">1. fokozat<\/td>\n<td style=\"height: 47px; width: 6.64653%;\">3.69:1<\/td>\n<td style=\"height: 94px; width: 27.1903%;\" rowspan=\"2\">L\u00e1nctalpas forg\u00f3kultiv\u00e1tor stb.<\/td>\n<td style=\"height: 47px; width: 9.66767%;\">2400<\/td>\n<td style=\"height: 47px; width: 11.0272%;\">650<\/td>\n<td style=\"height: 94px; width: 9.51662%;\" rowspan=\"2\">80<\/td>\n<td style=\"height: 94px; width: 9.06344%;\" rowspan=\"2\">100<\/td>\n<td style=\"height: 94px; width: 54.0785%;\" rowspan=\"2\">Gleason spir\u00e1lis fogak<\/td>\n<\/tr>\n<tr style=\"height: 47px;\">\n<td style=\"height: 47px; width: 6.19335%;\">2. fokozat<\/td>\n<td style=\"height: 47px; width: 6.64653%;\">2.81: 1<\/td>\n<td style=\"height: 47px; width: 9.66767%;\">2400<\/td>\n<td style=\"height: 47px; width: 11.0272%;\">850<\/td>\n<\/tr>\n<tr style=\"height: 23px;\">\n<td style=\"height: 23px; width: 133.384%;\" colspan=\"8\">Megjegyz\u00e9s: Ha b\u00e1rmilyen k\u00fcl\u00f6nleges ig\u00e9nye van, nyugodtan sz\u00f3ljon, mi is elfogadjuk az egyedi megrendel\u00e9seket.<\/td>\n<\/tr>\n<\/tbody>\n<\/table>\n<h2>Az FMP-TBS128 gr\u00e9derhajt\u00e1s\u00fa gereblye-hajt\u00f3m\u0171 f\u0151bb jellemz\u0151i<\/h2>\n<p>Az FMP-TBS128 gr\u00e9derhajt\u00e1s\u00fa rendk\u00e9pz\u0151 hajt\u00f3m\u0171 robusztus er\u0151\u00e1tvitelt biztos\u00edt a mez\u0151gazdas\u00e1gi g\u00e9pekben haszn\u00e1lt rendk\u00e9pz\u0151 rendszerek sz\u00e1m\u00e1ra, biztos\u00edtva a hat\u00e9kony \u00e9s megb\u00edzhat\u00f3 m\u0171k\u00f6d\u00e9st. Az al\u00e1bbiakban a hajt\u00f3m\u0171 f\u0151bb jellemz\u0151it ismertetj\u00fck:<\/p>\n<p><strong>Nagy nyomat\u00e9k\u00fa v\u00e1lt\u00f3<\/strong><\/p>\n<ul>\n<li>Az FMP-TBS128 sebess\u00e9gv\u00e1lt\u00f3t nagy nyomat\u00e9kteljes\u00edtm\u00e9ny kezel\u00e9s\u00e9re tervezt\u00e9k, \u00edgy hat\u00e9konyan hajtja a rendsodr\u00f3 rendszereket m\u00e9g nagy terhel\u00e9s mellett is. Ez a nagy nyomat\u00e9kkapacit\u00e1s biztos\u00edtja a rendsodr\u00f3 sim\u00e1n t\u00f6rt\u00e9n\u0151 m\u0171k\u00f6d\u00e9s\u00e9t m\u00e9g s\u0171r\u0171 vagy kem\u00e9ny term\u00e9nyanyagok eset\u00e9n is.<\/li>\n<\/ul>\n<p><strong>Tart\u00f3s konstrukci\u00f3<\/strong><\/p>\n<ul>\n<li>A nagy szil\u00e1rds\u00e1g\u00fa anyagokb\u00f3l k\u00e9sz\u00fclt FMP-TBS128 sebess\u00e9gv\u00e1lt\u00f3 rendk\u00edv\u00fcl ellen\u00e1ll\u00f3 a kop\u00e1ssal \u00e9s elhaszn\u00e1l\u00f3d\u00e1ssal szemben. Ez a tart\u00f3ss\u00e1g kritikus fontoss\u00e1g\u00fa a hossz\u00fa t\u00e1v\u00fa m\u0171k\u00f6d\u00e9s biztos\u00edt\u00e1s\u00e1hoz kih\u00edv\u00e1st jelent\u0151 mez\u0151gazdas\u00e1gi k\u00f6rnyezetben, bele\u00e9rtve a mez\u0151gazdas\u00e1gi alkalmaz\u00e1sokra jellemz\u0151 magas p\u00e1ratartalm\u00fa \u00e9s poros k\u00f6r\u00fclm\u00e9nyeket is.<\/li>\n<\/ul>\n<p><strong>Kompakt kialak\u00edt\u00e1s<\/strong><\/p>\n<ul>\n<li>A sebess\u00e9gv\u00e1lt\u00f3 kompakt \u00e9s helytakar\u00e9kos kialak\u00edt\u00e1s\u00fa, \u00edgy alkalmass\u00e1 teszi sz\u0171k helyeken, mez\u0151gazdas\u00e1gi g\u00e9pekben val\u00f3 haszn\u00e1latra. Ez a kialak\u00edt\u00e1s k\u00f6nny\u0171 telep\u00edt\u00e9st \u00e9s minim\u00e1lis zavar\u00e1st biztos\u00edt a rendsodr\u00f3 vagy a traktor m\u00e1s alkatr\u00e9szeivel.<\/li>\n<\/ul>\n<p><strong>Megb\u00edzhat\u00f3 er\u0151\u00e1tvitel<\/strong><\/p>\n<ul>\n<li>A prec\u00edzi\u00f3san megtervezett bels\u0151 alkatr\u00e9szeknek k\u00f6sz\u00f6nhet\u0151en az FMP-TBS128 megb\u00edzhat\u00f3 er\u0151\u00e1tvitelt biztos\u00edt a traktor TLT-je \u00e9s a rendk\u00e9pz\u0151 mechanizmus k\u00f6z\u00f6tt. Ez cs\u00f6kkenti a teljes\u00edtm\u00e9nyvesztes\u00e9g kock\u00e1zat\u00e1t \u00e9s n\u00f6veli a m\u0171k\u00f6d\u00e9si hat\u00e9konys\u00e1got, \u00edgy rendk\u00edv\u00fcl megb\u00edzhat\u00f3 sebess\u00e9gv\u00e1lt\u00f3v\u00e1 v\u00e1lik az \u00e1lland\u00f3 eredm\u00e9nyek \u00e9rdek\u00e9ben.<\/li>\n<\/ul>\n<p><strong>Robusztus t\u00f6m\u00edt\u0151rendszer<\/strong><\/p>\n<ul>\n<li>Az FMP-TBS128 robusztus t\u00f6m\u00edt\u0151rendszerrel van felszerelve, amely megakad\u00e1lyozza a por, szennyez\u0151d\u00e9s \u00e9s nedvess\u00e9g bejut\u00e1s\u00e1t a sebess\u00e9gv\u00e1lt\u00f3ba. Ez a funkci\u00f3 seg\u00edt meg\u0151rizni a bels\u0151 alkatr\u00e9szek integrit\u00e1s\u00e1t, cs\u00f6kkentve a s\u00e9r\u00fcl\u00e9s val\u00f3sz\u00edn\u0171s\u00e9g\u00e9t \u00e9s a gyakori karbantart\u00e1s sz\u00fcks\u00e9gess\u00e9g\u00e9t.<\/li>\n<\/ul>\n<p>Ezek a kulcsfontoss\u00e1g\u00fa jellemz\u0151k teszik az FMP-TBS128 gr\u00e9derhajt\u00e1s\u00fa rendk\u00e9pz\u0151 hajt\u00f3m\u0171vet ide\u00e1lis v\u00e1laszt\u00e1ss\u00e1 mez\u0151gazdas\u00e1gi m\u0171veletekhez, nagy hat\u00e9konys\u00e1got, tart\u00f3ss\u00e1got \u00e9s alkalmazkod\u00f3k\u00e9pess\u00e9get k\u00edn\u00e1lva a k\u00fcl\u00f6nf\u00e9le alkalmaz\u00e1sokhoz.<\/p>\n<p><img loading=\"lazy\" decoding=\"async\" class=\"alignnone size-full wp-image-2698\" src=\"https:\/\/fmp-components.com\/wp-content\/uploads\/2025\/01\/uubxblFV-Grader-Driven-Rake-Gearbox-FMP-TBS128-Features1.webp\" alt=\"Gr\u00e9derhajt\u00e1s\u00fa rendk\u00e9pz\u0151 hajt\u00f3m\u0171-FMP-TBS128-Jellemz\u0151k(1)\" width=\"952\" height=\"453\" title=\"\" srcset=\"https:\/\/fmp-components.com\/wp-content\/uploads\/2025\/01\/uubxblFV-Grader-Driven-Rake-Gearbox-FMP-TBS128-Features1.webp 952w, https:\/\/fmp-components.com\/wp-content\/uploads\/2025\/01\/uubxblFV-Grader-Driven-Rake-Gearbox-FMP-TBS128-Features1-480x228.webp 480w\" sizes=\"(min-width: 0px) and (max-width: 480px) 480px, (min-width: 481px) 952px, 100vw\" \/><\/p>\n<h2>Az FMP-TBS128 gr\u00e9derhajt\u00e1s\u00fa gereblye-hajt\u00f3m\u0171 alkalmaz\u00e1sai<\/h2>\n<p>Az FMP-TBS128 gr\u00e9derhajt\u00e1s\u00fa rendk\u00e9pz\u0151 hajt\u00f3m\u0171vet k\u00fcl\u00f6nf\u00e9le mez\u0151gazdas\u00e1gi g\u00e9pekhez tervezt\u00e9k, ahol a megb\u00edzhat\u00f3 er\u0151\u00e1tvitel \u00e9s a hat\u00e9kony m\u0171k\u00f6d\u00e9s elengedhetetlen. Az al\u00e1bbiakban a hajt\u00f3m\u0171 leggyakoribb alkalmaz\u00e1sai l\u00e1that\u00f3k:<\/p>\n<p><strong>Sz\u00e9na- \u00e9s szalmagerebly\u00e9k<\/strong><\/p>\n<ul>\n<li>Alkalmaz\u00e1s: Az FMP-TBS128 sebess\u00e9gv\u00e1lt\u00f3t sz\u00e9les k\u00f6rben haszn\u00e1lj\u00e1k sz\u00e9na- \u00e9s szalmagerebly\u00e9kben a sz\u00e9na, szalma vagy f\u0171 hat\u00e9kony \u00f6sszegy\u0171jt\u00e9s\u00e9re \u00e9s rendekbe rendez\u00e9s\u00e9re sz\u00e1r\u00edt\u00e1s vagy tov\u00e1bbi feldolgoz\u00e1s c\u00e9lj\u00e1b\u00f3l.<\/li>\n<li>El\u0151ny: Biztos\u00edtja, hogy a rendk\u00e9pz\u0151 optim\u00e1lis sebess\u00e9ggel \u00e9s nyomat\u00e9kkal m\u0171k\u00f6dj\u00f6n, hat\u00e9konyan kezelve a neh\u00e9z sz\u00e9na- \u00e9s szalmaterhel\u00e9seket, mik\u00f6zben \u00e1lland\u00f3 teljes\u00edtm\u00e9nyt ny\u00fajt.<\/li>\n<\/ul>\n<p><strong>Rendrak\u00f3k<\/strong><\/p>\n<ul>\n<li>Alkalmaz\u00e1s: A rendk\u00e9pz\u0151k betakar\u00edtott term\u00e9nyek (p\u00e9ld\u00e1ul sz\u00e9na vagy szalma) rendk\u00e9pz\u00e9s\u00e9re szolg\u00e1lnak. Az FMP-TBS128 sebess\u00e9gv\u00e1lt\u00f3 seg\u00edti a teljes\u00edtm\u00e9ny \u00e1tvitel\u00e9t a traktor teljes\u00edtm\u00e9nylead\u00f3 tengely\u00e9r\u0151l a rendk\u00e9pz\u0151 mechanizmusra, biztos\u00edtva a rendk\u00e9pz\u0151 hat\u00e9kony m\u0171k\u00f6d\u00e9s\u00e9t.<\/li>\n<li>El\u0151ny: A sebess\u00e9gv\u00e1lt\u00f3 sima er\u0151\u00e1tvitelt \u00e9s nagy nyomat\u00e9kot biztos\u00edt, \u00edgy ide\u00e1lis a tiszta, egyenletes rendek kialak\u00edt\u00e1s\u00e1hoz a hat\u00e9kony sz\u00e1r\u00edt\u00e1s \u00e9rdek\u00e9ben.<\/li>\n<\/ul>\n<p><strong>Forg\u00f3 rendsodr\u00f3k<\/strong><\/p>\n<ul>\n<li>Alkalmaz\u00e1s: A forg\u00f3 gerebly\u00e9ket gyakran haszn\u00e1lj\u00e1k a sz\u00e9natermel\u00e9sben a sz\u00e9na forgat\u00e1s\u00e1ra \u00e9s fellaz\u00edt\u00e1s\u00e1ra, el\u0151seg\u00edtve az egyenletes sz\u00e1rad\u00e1st. Az FMP-TBS128 sebess\u00e9gv\u00e1lt\u00f3 hajtja a forg\u00f3 gerebly\u00e9z\u0151 mechanizmust, biztos\u00edtva az optim\u00e1lis sebess\u00e9get \u00e9s nyomat\u00e9kot.<\/li>\n<li>El\u0151ny: Lehet\u0151v\u00e9 teszi a sz\u00e9na hat\u00e9kony \u00e9s egyenletes sz\u00e9tter\u00edt\u00e9s\u00e9t vagy fellaz\u00edt\u00e1s\u00e1t, biztos\u00edtva, hogy a sz\u00e9na megfelel\u0151en leveg\u0151ztessen, \u00e9s k\u00e9szen \u00e1lljon a b\u00e1l\u00e1z\u00e1sra vagy tov\u00e1bbi feldolgoz\u00e1sra.<\/li>\n<\/ul>\n<p><strong>Sz\u00e9nforgat\u00f3k<\/strong><\/p>\n<ul>\n<li>Alkalmaz\u00e1s: A rendforgat\u00f3 g\u00e9peket sz\u00e9na \u00e9s f\u0171 sz\u00e9tter\u00edt\u00e9s\u00e9re \u00e9s fellaz\u00edt\u00e1s\u00e1ra haszn\u00e1lj\u00e1k, jav\u00edtva a l\u00e9g\u00e1raml\u00e1st a gyorsabb sz\u00e1rad\u00e1s \u00e9rdek\u00e9ben. A hajt\u00f3m\u0171 hajtja a rendforgat\u00f3 mechanizmust, lehet\u0151v\u00e9 t\u00e9ve a sima m\u0171k\u00f6d\u00e9st \u00e9s az er\u0151\u00e1tvitelt.<\/li>\n<li>El\u0151ny: A sebess\u00e9gv\u00e1lt\u00f3 biztos\u00edtja a rendforgat\u00f3 g\u00e9p z\u00f6kken\u0151mentes m\u0171k\u00f6d\u00e9s\u00e9t, cs\u00f6kkentve a sz\u00e9na \u00f6sszegubancol\u00f3d\u00e1s\u00e1nak kock\u00e1zat\u00e1t \u00e9s n\u00f6velve a sz\u00e1r\u00edt\u00e1si hat\u00e9konys\u00e1got.<\/li>\n<\/ul>\n<p><strong>Mez\u0151gazdas\u00e1gi gr\u00e9derek<\/strong><\/p>\n<ul>\n<li>Alkalmaz\u00e1s: Talajel\u0151k\u00e9sz\u00edt\u0151 \u00e9s -szintez\u0151 berendez\u00e9sekben az FMP-TBS128 sebess\u00e9gv\u00e1lt\u00f3t olyan szintez\u0151k hajt\u00e1s\u00e1ra haszn\u00e1lj\u00e1k, amelyek egyengetik vagy sim\u00edtj\u00e1k a talajfelsz\u00ednt \u00fcltet\u00e9shez vagy m\u0171vel\u00e9shez.<\/li>\n<li>El\u0151ny: A sebess\u00e9gv\u00e1lt\u00f3 biztos\u00edtja a sz\u00fcks\u00e9ges nyomat\u00e9kot \u00e9s stabilit\u00e1st a prec\u00edz talajelmunk\u00e1l\u00e1shoz, biztos\u00edtva az egyenletes talajel\u0151k\u00e9sz\u00edt\u00e9st.<\/li>\n<\/ul>\n<p>Ezek az alkalmaz\u00e1sok j\u00f3l mutatj\u00e1k az FMP-TBS128 gr\u00e9derhajt\u00e1s\u00fa rendk\u00e9pz\u0151 hajt\u00f3m\u0171 sokoldal\u00fas\u00e1g\u00e1t, amely alkalmass\u00e1 teszi sz\u00e1mos olyan mez\u0151gazdas\u00e1gi feladatra, amelyek megb\u00edzhat\u00f3 er\u0151\u00e1tvitelt, tart\u00f3ss\u00e1got \u00e9s hat\u00e9konys\u00e1got ig\u00e9nyelnek a sz\u00e1nt\u00f3f\u00f6ldi m\u0171veletek sor\u00e1n.<\/p>\n<p><img loading=\"lazy\" decoding=\"async\" class=\"alignnone size-full wp-image-2700\" src=\"https:\/\/fmp-components.com\/wp-content\/uploads\/2025\/01\/Grader-Driven-Rake-Gearbox-EP-TBS128-Applications1.webp\" alt=\"Gr\u00e9derhajt\u00e1s\u00fa gerebly\u00e9z\u0151 sebess\u00e9gv\u00e1lt\u00f3 FMP TBS128 alkalmaz\u00e1sok (1)\" width=\"1000\" height=\"700\" title=\"\" srcset=\"https:\/\/fmp-components.com\/wp-content\/uploads\/2025\/01\/Grader-Driven-Rake-Gearbox-EP-TBS128-Applications1.webp 1000w, https:\/\/fmp-components.com\/wp-content\/uploads\/2025\/01\/Grader-Driven-Rake-Gearbox-EP-TBS128-Applications1-980x686.webp 980w, https:\/\/fmp-components.com\/wp-content\/uploads\/2025\/01\/Grader-Driven-Rake-Gearbox-EP-TBS128-Applications1-480x336.webp 480w\" sizes=\"(min-width: 0px) and (max-width: 480px) 480px, (min-width: 481px) and (max-width: 980px) 980px, (min-width: 981px) 1000px, 100vw\" \/><\/p>\n<h2>Az FMP-r\u0151l<\/h2>\n<p>Az olaszorsz\u00e1gi sz\u00e9khely\u0171 FMP vezet\u0151 gy\u00e1rt\u00f3, amely nagy teljes\u00edtm\u00e9ny\u0171 sebess\u00e9gv\u00e1lt\u00f3k tervez\u00e9s\u00e9re, fejleszt\u00e9s\u00e9re \u00e9s gy\u00e1rt\u00e1s\u00e1ra specializ\u00e1l\u00f3dott, k\u00fcl\u00f6n\u00f6s tekintettel a mez\u0151gazdas\u00e1gi g\u00e9piparra. A prec\u00edzi\u00f3s m\u00e9rn\u00f6ki munk\u00e1r\u00f3l, innovat\u00edv megold\u00e1sair\u00f3l \u00e9s rend\u00edthetetlen megb\u00edzhat\u00f3s\u00e1g\u00e1r\u00f3l ismert FMP megb\u00edzhat\u00f3 partnerr\u00e9 v\u00e1lt mind a mez\u0151gazdas\u00e1gi, mind az ipari szektorban. \u00c1tfog\u00f3 term\u00e9kportf\u00f3li\u00f3nk mag\u00e1ban foglalja a f\u0171ny\u00edr\u00f3khoz, kard\u00e1ntengelyekhez \u00e9s m\u00e1s kulcsfontoss\u00e1g\u00fa alkatr\u00e9szekhez k\u00e9sz\u00fclt speci\u00e1lis sebess\u00e9gv\u00e1lt\u00f3kat, amelyek mindegyike apr\u00f3l\u00e9kosan kidolgozott, hogy sz\u00e9les k\u00f6r\u0171 alkalmaz\u00e1sokhoz k\u00edn\u00e1ljon egyedi megold\u00e1sokat.<\/p>\n<p>Az FMP-n\u00e9l felismerj\u00fck, hogy minden \u00fcgyf\u00e9l egyedi kih\u00edv\u00e1sokkal \u00e9s k\u00f6vetelm\u00e9nyekkel n\u00e9z szembe. Ez\u00e9rt \u00f6sszpontos\u00edtunk a szem\u00e9lyre szabott megold\u00e1sok sz\u00e1ll\u00edt\u00e1s\u00e1ra, legyen sz\u00f3 ak\u00e1r egyedi komponensekr\u0151l, ak\u00e1r teljesen integr\u00e1lt rendszerekr\u0151l. Szorosan egy\u00fcttm\u0171k\u00f6d\u00fcnk \u00fcgyfeleinkkel annak \u00e9rdek\u00e9ben, hogy minden megold\u00e1s ne csak hat\u00e9kony, hanem eredm\u00e9nyes is legyen, optimaliz\u00e1lva a teljes\u00edtm\u00e9nyt \u00e9s az \u00e9rt\u00e9ket. Elk\u00f6telezettek vagyunk a gyors, professzion\u00e1lis v\u00e1laszok ir\u00e1nt, szak\u00e9rt\u0151i \u00fatmutat\u00e1ssal kombin\u00e1lva, ami garant\u00e1lja, hogy minden megkeres\u00e9st a lehet\u0151 legnagyobb gondoss\u00e1ggal kezel\u00fcnk, a lehet\u0151 legjobb eredm\u00e9nyeket eredm\u00e9nyezve.<\/p>\n<p>A ny\u00edlt \u00e9s folyamatos kommunik\u00e1ci\u00f3 a megk\u00f6zel\u00edt\u00e9s\u00fcnk egyik sarokk\u00f6ve. Elk\u00f6telezett csapatunk szorosan egy\u00fcttm\u0171k\u00f6dik az \u00fcgyfelekkel a term\u00e9kfejleszt\u00e9si folyamat sor\u00e1n, hogy m\u00e9lyrehat\u00f3an meg\u00e9rtse egyedi ig\u00e9nyeiket. \u00c9rt\u00e9kes betekint\u00e9st \u00e9s aj\u00e1nl\u00e1sokat k\u00edn\u00e1lunk az optim\u00e1lis megold\u00e1sok biztos\u00edt\u00e1sa \u00e9rdek\u00e9ben. Ak\u00e1r \u00faj term\u00e9keket tervez\u00fcnk, ak\u00e1r folyamatban l\u00e9v\u0151 megrendel\u00e9seket teljes\u00edt\u00fcnk, az FMP elk\u00f6telezett amellett, hogy minden alkalommal kiv\u00e1l\u00f3 min\u0151s\u00e9g\u0171, prec\u00edzi\u00f3san megtervezett megold\u00e1sokat sz\u00e1ll\u00edtson hat\u00e1rid\u0151re. K\u00fcldet\u00e9s\u00fcnk, hogy fel\u00fclm\u00faljuk az \u00fcgyfelek elv\u00e1r\u00e1sait, kiemelked\u0151 szolg\u00e1ltat\u00e1st \u00e9s eredm\u00e9nyeket ny\u00fajtva minden projektben.<\/p>\n<p>A min\u0151s\u00e9g minden tev\u00e9kenys\u00e9g\u00fcnk k\u00f6z\u00e9ppontj\u00e1ban \u00e1ll. Betartjuk a legmagasabb gy\u00e1rt\u00e1si szabv\u00e1nyokat, \u00e9s szigor\u00fa min\u0151s\u00e9gellen\u0151rz\u00e9si elj\u00e1r\u00e1sokat alkalmazunk annak biztos\u00edt\u00e1sa \u00e9rdek\u00e9ben, hogy minden term\u00e9k megfeleljen, s\u0151t meghaladja az ipar\u00e1gi szabv\u00e1nyokat. Ez a kiv\u00e1l\u00f3s\u00e1g ir\u00e1nti elk\u00f6telezetts\u00e9g, p\u00e1rosulva az olyan alapvet\u0151 \u00e9rt\u00e9keinkkel, mint az integrit\u00e1s, a csapatmunka \u00e9s a kitart\u00e1s, seg\u00edtett az FMP-nek hossz\u00fa t\u00e1v\u00fa, bizalmon alapul\u00f3 kapcsolatokat kialak\u00edtani \u00fcgyfeleivel k\u00f6zel 30 orsz\u00e1gban vil\u00e1gszerte.<\/p>\n<p>Az FMP mindig is t\u00f6rekszik a glob\u00e1lis partners\u00e9gek \u00e1pol\u00e1s\u00e1ra, \u00e9s tov\u00e1bbra is elk\u00f6telezett amellett, hogy szak\u00e9rt\u0151i tan\u00e1csokat \u00e9s szem\u00e9lyre szabott megold\u00e1sokat k\u00edn\u00e1ljon, amelyek \u00fcgyfeleink sokr\u00e9t\u0171 ig\u00e9nyeit el\u00e9g\u00edtik ki. Nem csup\u00e1n term\u00e9keket sz\u00e1ll\u00edtunk \u2013 c\u00e9lunk olyan tart\u00f3s kapcsolatok ki\u00e9p\u00edt\u00e9se, amelyek hozz\u00e1j\u00e1rulnak minden egyes projekt hossz\u00fa t\u00e1v\u00fa siker\u00e9hez. Ak\u00e1r innovat\u00edv megold\u00e1sokra van sz\u00fcks\u00e9ge egy \u00faj kezdem\u00e9nyez\u00e9shez, ak\u00e1r folyamatos t\u00e1mogat\u00e1sra egy megl\u00e9v\u0151 rendszerhez, az FMP k\u00e9szen \u00e1ll arra, hogy megfeleljen a technikai kih\u00edv\u00e1soknak \u00e9s biztos\u00edtsa a folyamatos sikert.<\/p>\n<p><img loading=\"lazy\" decoding=\"async\" class=\"alignnone wp-image-2695\" src=\"https:\/\/fmp-components.com\/wp-content\/uploads\/2025\/01\/agricultural-gearbox3.webp\" alt=\"mez\u0151gazdas\u00e1gi sebess\u00e9gv\u00e1lt\u00f3\" width=\"953\" height=\"951\" title=\"\" srcset=\"https:\/\/fmp-components.com\/wp-content\/uploads\/2025\/01\/agricultural-gearbox3.webp 953w, https:\/\/fmp-components.com\/wp-content\/uploads\/2025\/01\/agricultural-gearbox3-480x479.webp 480w\" sizes=\"(min-width: 0px) and (max-width: 480px) 480px, (min-width: 481px) 953px, 100vw\" \/><\/p>\n<p>Szerz\u0151: CX<\/p>","protected":false},"excerpt":{"rendered":"<p>Grader Driven Rake Gearbox FMP-TBS128 Dimensions Grader Driven Rake Gearbox FMP-TBS128 Technical Data i Suitable Rpm input Rpm output KW(Nom) KW(Max) Toothing r\/min r\/min hp hp gear 1 3.69:1 Crawler Rotary Cultivator, etc 2400 650 80 100 Gleason Helical Teeth gear 2 2.81: 1 2400 850 Remark: If you have any special require feel free [&hellip;]<\/p>","protected":false},"featured_media":2699,"comment_status":"open","ping_status":"closed","template":"","meta":{"_et_pb_use_builder":"","_et_pb_old_content":"","_et_gb_content_width":""},"product_brand":[],"product_cat":[66],"product_tag":[],"class_list":{"0":"post-2696","1":"product","2":"type-product","3":"status-publish","4":"has-post-thumbnail","6":"product_cat-grader-driven-rake-gearbox","8":"first","9":"instock","10":"shipping-taxable","11":"product-type-simple"},"_links":{"self":[{"href":"https:\/\/fmp-components.com\/hu\/wp-json\/wp\/v2\/product\/2696","targetHints":{"allow":["GET"]}}],"collection":[{"href":"https:\/\/fmp-components.com\/hu\/wp-json\/wp\/v2\/product"}],"about":[{"href":"https:\/\/fmp-components.com\/hu\/wp-json\/wp\/v2\/types\/product"}],"replies":[{"embeddable":true,"href":"https:\/\/fmp-components.com\/hu\/wp-json\/wp\/v2\/comments?post=2696"}],"wp:featuredmedia":[{"embeddable":true,"href":"https:\/\/fmp-components.com\/hu\/wp-json\/wp\/v2\/media\/2699"}],"wp:attachment":[{"href":"https:\/\/fmp-components.com\/hu\/wp-json\/wp\/v2\/media?parent=2696"}],"wp:term":[{"taxonomy":"product_brand","embeddable":true,"href":"https:\/\/fmp-components.com\/hu\/wp-json\/wp\/v2\/product_brand?post=2696"},{"taxonomy":"product_cat","embeddable":true,"href":"https:\/\/fmp-components.com\/hu\/wp-json\/wp\/v2\/product_cat?post=2696"},{"taxonomy":"product_tag","embeddable":true,"href":"https:\/\/fmp-components.com\/hu\/wp-json\/wp\/v2\/product_tag?post=2696"}],"curies":[{"name":"munkaf\u00fczet","href":"https:\/\/api.w.org\/{rel}","templated":true}]}}