{"id":2655,"date":"2025-01-03T05:45:44","date_gmt":"2025-01-03T05:45:44","guid":{"rendered":"https:\/\/fmp-components.com\/product\/high-quality-hydraulic-cylinder-of-platform-lifting\/"},"modified":"2025-01-04T00:42:34","modified_gmt":"2025-01-04T00:42:34","slug":"high-quality-hydraulic-cylinder-of-platform-lifting","status":"publish","type":"product","link":"https:\/\/fmp-components.com\/hu\/product\/high-quality-hydraulic-cylinder-of-platform-lifting\/","title":{"rendered":"Kiv\u00e1l\u00f3 min\u0151s\u00e9g\u0171 hidraulikus munkahenger platformemel\u0151h\u00f6z"},"content":{"rendered":"<h3>Kiv\u00e1l\u00f3 min\u0151s\u00e9g\u0171 hidraulikus henger emel\u0151kosaras emel\u00e9shez<\/h3>\n<p><strong>Term\u00e9kle\u00edr\u00e1s:<\/strong><\/p>\n<p>Kiv\u00e1l\u00f3 min\u0151s\u00e9g\u0171, emel\u0151platformokhoz val\u00f3 hidraulikus munkahenger\u00fcnket \u00fagy tervezt\u00fck, hogy kiv\u00e9teles teljes\u00edtm\u00e9nyt \u00e9s megb\u00edzhat\u00f3s\u00e1got biztos\u00edtson k\u00fcl\u00f6nf\u00e9le emel\u00e9si alkalmaz\u00e1sokban. A prec\u00edz tervez\u00e9snek k\u00f6sz\u00f6nhet\u0151en ez a hidraulikus munkahenger ide\u00e1lis ipari, \u00e9p\u00edt\u0151ipari \u00e9s aut\u00f3ipari k\u00f6rnyezetben val\u00f3 haszn\u00e1latra.<\/p>\n<p><strong>F\u0151bb jellemz\u0151k:<\/strong><\/p>\n<ul>\n<li><strong>Robusztus konstrukci\u00f3:<\/strong> Nagy szil\u00e1rds\u00e1g\u00fa ac\u00e9lb\u00f3l k\u00e9sz\u00fclt hidraulikus henger\u00fcnk nagy terhel\u00e9seknek \u00e9s zord k\u00f6rnyezeti k\u00f6r\u00fclm\u00e9nyeknek is ellen\u00e1ll, \u00edgy hossz\u00fa t\u00e1v\u00fa tart\u00f3ss\u00e1got biztos\u00edt.<\/li>\n<li><strong>Fejlett t\u00f6m\u00edt\u00e9si technol\u00f3gia:<\/strong> Korszer\u0171 t\u00f6m\u00edt\u00e9sekkel van felszerelve a sziv\u00e1rg\u00e1s megakad\u00e1lyoz\u00e1sa \u00e9s az optim\u00e1lis hidraulikus nyom\u00e1s fenntart\u00e1sa \u00e9rdek\u00e9ben, n\u00f6velve a hat\u00e9konys\u00e1got \u00e9s a biztons\u00e1got.<\/li>\n<li><strong>Sima m\u0171k\u00f6d\u00e9s:<\/strong> A henger kialak\u00edt\u00e1sa lehet\u0151v\u00e9 teszi a sima \u00e9s ellen\u0151rz\u00f6tt emel\u00e9st, minimaliz\u00e1lva a g\u00e9pek kop\u00e1s\u00e1t.<\/li>\n<li><strong>Sokoldal\u00fa alkalmaz\u00e1sok:<\/strong> Sz\u00e9les k\u00f6r\u0171 emel\u0151platformokhoz alkalmas, bele\u00e9rtve az oll\u00f3s emel\u0151ket, a szem\u00e9lyg\u00e9pkocsi-munka\u00e1llv\u00e1nyokat \u00e9s egy\u00e9b neh\u00e9zg\u00e9peket.<\/li>\n<li><strong>Testreszabhat\u00f3 be\u00e1ll\u00edt\u00e1sok:<\/strong> K\u00fcl\u00f6nb\u00f6z\u0151 m\u00e9retekben \u00e9s l\u00f6kethosszakban kaphat\u00f3, hogy megfeleljen az adott m\u0171k\u00f6d\u00e9si k\u00f6vetelm\u00e9nyeknek.<\/li>\n<li><strong>K\u00f6nny\u0171 telep\u00edt\u00e9s:<\/strong> Egyszer\u0171 telep\u00edt\u00e9sre tervezt\u00e9k, \u00edgy k\u00f6nnyen integr\u00e1lhat\u00f3 a megl\u00e9v\u0151 rendszerekbe.<\/li>\n<\/ul>\n<p>Fektessen be kiv\u00e1l\u00f3 min\u0151s\u00e9g\u0171 emel\u0151platform-hidraulikus munkahenger\u00fcnkbe, \u00e9s tapasztalja meg a megb\u00edzhat\u00f3s\u00e1g, a hat\u00e9konys\u00e1g \u00e9s a biztons\u00e1g t\u00f6k\u00e9letes kombin\u00e1ci\u00f3j\u00e1t emel\u00e9si m\u0171veletei sor\u00e1n.<\/p>\n<h3>A hidraulikus rendszerek m\u0171k\u00f6d\u00e9si elve \u00e9s alkalmaz\u00e1sai<\/h3>\n<p>A hidraulikus henger a folyad\u00e9kenergia elv\u00e9n m\u0171k\u00f6dik, ahol a nyom\u00e1st egy ponton alkalmazz\u00e1k, majd egy \u00f6sszenyomhatatlan folyad\u00e9k, jelen esetben olaj seg\u00edts\u00e9g\u00e9vel tov\u00e1bb\u00edtj\u00e1k egy m\u00e1sik pontra. A henger sz\u00e9les k\u00f6rben alkalmazhat\u00f3 azokban az ipar\u00e1gakban, ahol neh\u00e9z terhek emel\u00e9se sz\u00fcks\u00e9ges. Hidraulikus henger\u00fcnkkel a m\u0171veletek biztons\u00e1gosabb\u00e1, hat\u00e9konyabb\u00e1 \u00e9s megb\u00edzhat\u00f3bb\u00e1 v\u00e1lnak.<\/p>\n<h2>A d\u00f6mper \u00e9s p\u00f3tkocsi hidraulikus henger\u00e9nek el\u0151nyei<\/h2>\n<ul>\n<li><strong>Megn\u00f6velt hat\u00e9konys\u00e1g:<\/strong> A hidraulikus hengerekkel felszerelt d\u00f6mperek \u00e9s p\u00f3tkocsik hat\u00e9konyabban m\u0171k\u00f6dhetnek, mint az ilyen hengerekkel nem rendelkez\u0151k. A hidraulikus rendszer sima, megb\u00edzhat\u00f3 er\u0151\u00e1tvitelt biztos\u00edt, amely lehet\u0151v\u00e9 teszi az anyagok gyorsabb \u00e9s pontosabb \u00fcr\u00edt\u00e9s\u00e9t. Ez id\u0151t \u00e9s munkak\u00f6lts\u00e9geket takar\u00edt meg, mik\u00f6zben n\u00f6veli az \u00f6ssztermel\u00e9kenys\u00e9get. Ezenk\u00edv\u00fcl a hidraulikus rendszerek energiafogyaszt\u00e1s szempontj\u00e1b\u00f3l is rendk\u00edv\u00fcl hat\u00e9konyak. M\u0171k\u00f6dtet\u00e9s\u00fckh\u00f6z kevesebb energi\u00e1ra van sz\u00fcks\u00e9g a mechanikus rendszerekhez k\u00e9pest, ami alacsonyabb \u00fczemanyagk\u00f6lts\u00e9geket \u00e9s kisebb k\u00f6rnyezeti terhel\u00e9st jelent. Ezenk\u00edv\u00fcl a hidraulikus hengereket hossz\u00fa \u00e9lettartamra tervezt\u00e9k, cs\u00f6kkentve a gyakori karbantart\u00e1s \u00e9s jav\u00edt\u00e1sok sz\u00fcks\u00e9gess\u00e9g\u00e9t.<\/li>\n<li><strong>Fokozott biztons\u00e1g:<\/strong> A d\u00f6mperek \u00e9s p\u00f3tkocsik vesz\u00e9lyesek lehetnek, ha nem megfelel\u0151en \u00fczemeltetik \u0151ket. A hidraulikus hengerek azonban jav\u00edthatj\u00e1k a biztons\u00e1got az\u00e1ltal, hogy cs\u00f6kkentik a felborul\u00e1s vagy ki\u00f6ml\u00e9s kock\u00e1zat\u00e1t a \u00fcr\u00edt\u00e9si folyamat sor\u00e1n. A hidraulikus rendszer stabil \u00e9s sima er\u0151\u00e1tvitelt biztos\u00edt, megakad\u00e1lyozva a hirtelen mozg\u00e1sokat vagy r\u00e1ngat\u00e1sokat, amelyek destabiliz\u00e1lhatj\u00e1k a j\u00e1rm\u0171vet. Ezenk\u00edv\u00fcl a hidraulikus rendszerek olyan biztons\u00e1gi funkci\u00f3kkal is tervezhet\u0151k, mint a nyom\u00e1scs\u00f6kkent\u0151 szelepek \u00e9s a t\u00falterhel\u00e9s elleni v\u00e9delem, amelyek biztos\u00edtj\u00e1k, hogy a rendszer ne l\u00e9pje t\u00fal a maxim\u00e1lis kapacit\u00e1s\u00e1t. A biztons\u00e1g jav\u00edt\u00e1s\u00e1val a hidraulikus hengerek seg\u00edthetnek cs\u00f6kkenteni a balesetek \u00e9s s\u00e9r\u00fcl\u00e9sek kock\u00e1zat\u00e1t, v\u00e9dve mind a munkav\u00e1llal\u00f3kat, mind a berendez\u00e9seket.<\/li>\n<li><strong>Fokozott sokoldal\u00fas\u00e1g:<\/strong> A hidraulikus hengerekkel felszerelt d\u00f6mperek \u00e9s p\u00f3tkocsik sz\u00e1mos alkalmaz\u00e1si ter\u00fcletre haszn\u00e1lhat\u00f3k. A hidraulikus rendszerek rendk\u00edv\u00fcl rugalmasak, \u00e9s testre szabhat\u00f3k a k\u00fcl\u00f6nb\u00f6z\u0151 ipar\u00e1gak \u00e9s alkalmaz\u00e1sok speci\u00e1lis ig\u00e9nyeihez. P\u00e9ld\u00e1ul a hidraulikus hengerek \u00fagy tervezhet\u0151k, hogy k\u00fcl\u00f6nb\u00f6z\u0151 nyom\u00e1son \u00e9s sebess\u00e9ggel m\u0171k\u00f6djenek, lehet\u0151v\u00e9 t\u00e9ve a \u00fcr\u00edt\u00e9si folyamat pontos szab\u00e1lyoz\u00e1s\u00e1t. Neh\u00e9z terhek emel\u00e9s\u00e9re vagy anyagok f\u00e9lretol\u00e1s\u00e1ra is haszn\u00e1lhat\u00f3k, \u00edgy hasznosak az \u00e9p\u00edt\u0151iparban, a b\u00e1ny\u00e1szatban \u00e9s a mez\u0151gazdas\u00e1gban.<\/li>\n<li><strong>Fokozott k\u00e9nyelem:<\/strong> A d\u00f6mperek \u00e9s p\u00f3tkocsik kezel\u0151i profit\u00e1lhatnak a hidraulikus rendszerek \u00e1ltal biztos\u00edtott fokozott k\u00e9nyelemb\u0151l. A hidraulikus hengerek sima m\u0171k\u00f6d\u00e9se cs\u00f6kkenti a rezg\u00e9seket \u00e9s a r\u00e1zk\u00f3d\u00e1sokat, m\u00e9rs\u00e9kli a kezel\u0151 f\u00e1radts\u00e1g\u00e1t \u00e9s jav\u00edtja az \u00e1ltal\u00e1nos k\u00e9nyelmet. Ezenk\u00edv\u00fcl a hidraulikus rendszerek \u00fagy is tervezhet\u0151k, hogy csendesen m\u0171k\u00f6djenek, cs\u00f6kkentve a zajszennyez\u00e9st \u00e9s k\u00e9nyelmesebb munkak\u00f6rnyezetet teremtve. Ez k\u00fcl\u00f6n\u00f6sen fontos lehet azokn\u00e1l az alkalmaz\u00e1sokn\u00e1l, ahol a munkav\u00e1llal\u00f3k hosszabb ideig tart\u00f3zkodnak a berendez\u00e9s k\u00f6zel\u00e9ben.<\/li>\n<li><strong>Fokozott kontroll:<\/strong> A hidraulikus hengerek prec\u00edz vez\u00e9rl\u00e9st biztos\u00edtanak a \u00fcr\u00edt\u00e9si folyamat felett, lehet\u0151v\u00e9 t\u00e9ve a kezel\u0151k sz\u00e1m\u00e1ra a \u00fcr\u00edt\u00e9si sebess\u00e9g \u00e9s sz\u00f6g be\u00e1ll\u00edt\u00e1s\u00e1t. Ez a vez\u00e9rl\u00e9si szint k\u00fcl\u00f6n\u00f6sen hasznos lehet olyan alkalmaz\u00e1sokn\u00e1l, ahol a \u00fcr\u00edtend\u0151 anyagok k\u00e9nyesek, vagy prec\u00edz pozicion\u00e1l\u00e1st ig\u00e9nyelnek. Ezenk\u00edv\u00fcl a hidraulikus hengerek t\u00e1volr\u00f3l is m\u0171k\u00f6dtethet\u0151k, ami m\u00e9g nagyobb vez\u00e9rl\u00e9st \u00e9s rugalmass\u00e1got biztos\u00edt. Ez olyan alkalmaz\u00e1sokn\u00e1l lehet hasznos, ahol a kezel\u0151nek a berendez\u00e9st\u0151l elt\u00e9r\u0151 helyen kell lennie, vagy ahol a l\u00e1t\u00f3t\u00e1vols\u00e1g korl\u00e1tozott.<\/li>\n<\/ul>\n<p><img loading=\"lazy\" decoding=\"async\" class=\"alignnone size-full wp-image-2676\" src=\"https:\/\/fmp-components.com\/wp-content\/uploads\/2025\/01\/hydraulic-cylinder-workshop.webp\" alt=\"hidraulikus henger m\u0171hely\" width=\"914\" height=\"733\" title=\"\" srcset=\"https:\/\/fmp-components.com\/wp-content\/uploads\/2025\/01\/hydraulic-cylinder-workshop.webp 914w, https:\/\/fmp-components.com\/wp-content\/uploads\/2025\/01\/hydraulic-cylinder-workshop-480x385.webp 480w\" sizes=\"(min-width: 0px) and (max-width: 480px) 480px, (min-width: 481px) 914px, 100vw\" \/><\/p>\n<h2>Az FMP-r\u0151l<\/h2>\n<p>Az FMP egy vezet\u0151 olaszorsz\u00e1gi v\u00e1llalat, amely \u00e9p\u00edt\u0151ipari g\u00e9pek tartoz\u00e9kainak \u00e9s komplett g\u00e9peinek \u00e9rt\u00e9kes\u00edt\u00e9s\u00e9re \u00e9s szervizel\u00e9s\u00e9re specializ\u00e1l\u00f3dott. C\u00e9g\u00fcnk sz\u00e9lesk\u00f6r\u0171 ipar\u00e1gi tapasztalattal \u00e9s professzion\u00e1lis csapattal rendelkezik, amely elk\u00f6telezett amellett, hogy \u00fcgyfeleinknek kiv\u00e1l\u00f3 min\u0151s\u00e9g\u0171 \u00e9s megb\u00edzhat\u00f3 \u00e9p\u00edt\u0151ipari g\u00e9p\u00e9szeti megold\u00e1sokat ny\u00fajtson.<\/p>\n<p>\u00cdme \u00f6t ok, ami\u00e9rt \u00e9rdemes az FMP-t v\u00e1lasztania:<\/p>\n<p>1. Kiv\u00e1l\u00f3 min\u0151s\u00e9g\u0171 prec\u00edzi\u00f3s hidraulikus hengerek<br \/>\nAz FMP-n\u00e9l minden tev\u00e9kenys\u00e9g\u00fcnk szintj\u00e9n elk\u00f6telezettek vagyunk a min\u0151s\u00e9g ir\u00e1nt. Hidraulikus hengereinket prec\u00edzi\u00f3san gy\u00e1rtjuk, hogy megfeleljenek a legmagasabb ipar\u00e1gi szabv\u00e1nyoknak. Kiz\u00e1r\u00f3lag kiv\u00e1l\u00f3 min\u0151s\u00e9g\u0171 alapanyagokat haszn\u00e1lunk, \u00e9s szigor\u00fa min\u0151s\u00e9gellen\u0151rz\u00e9seket v\u00e9gz\u00fcnk a k\u00e9szterm\u00e9keken annak \u00e9rdek\u00e9ben, hogy \u00fcgyfeleink a lehet\u0151 legjobb term\u00e9keket kapj\u00e1k.<\/p>\n<p>2. Sz\u00e9les term\u00e9kv\u00e1laszt\u00e9k<br \/>\nSz\u00e9les v\u00e1laszt\u00e9kban k\u00edn\u00e1lunk \u00e9p\u00edt\u0151ipari g\u00e9pek tartoz\u00e9kait \u00e9s komplett g\u00e9peket, bele\u00e9rtve k\u00fcl\u00f6nf\u00e9le hidraulikus hengereket, sebess\u00e9gv\u00e1lt\u00f3kat, l\u00e1ncokat \u00e9s l\u00e1nckerekeket. Term\u00e9kpalett\u00e1nk minden t\u00edpus\u00fa \u00e9p\u00edt\u0151ipari g\u00e9pet \u00e9s tartoz\u00e9kot lefed, bele\u00e9rtve a motortartoz\u00e9kokat, hidraulikus rendszer alkatr\u00e9szeket, alv\u00e1ztartoz\u00e9kokat \u00e9s elektromos rendszer tartoz\u00e9kokat.<\/p>\n<p>3. Hossz\u00fa t\u00e1v\u00fa \u00e9s stabil egy\u00fcttm\u0171k\u00f6d\u00e9si kapcsolatok a besz\u00e1ll\u00edt\u00f3kkal<br \/>\nAz FMP hossz\u00fa t\u00e1v\u00fa \u00e9s stabil egy\u00fcttm\u0171k\u00f6d\u00e9si kapcsolatot \u00e9p\u00edtett ki sz\u00e1mos kiv\u00e1l\u00f3 min\u0151s\u00e9g\u0171 hazai \u00e9s k\u00fclf\u00f6ldi besz\u00e1ll\u00edt\u00f3val. Ez biztos\u00edtja, hogy minden sz\u00e1ll\u00edtott tartoz\u00e9k megfeleljen a szigor\u00fa min\u0151s\u00e9gi el\u0151\u00edr\u00e1soknak, \u00e9s \u00fcgyfeleink a lehet\u0151 legjobb term\u00e9keket kapj\u00e1k.<\/p>\n<p>4. Tapasztalt \u00e9s k\u00e9pzett \u00e9rt\u00e9kes\u00edt\u00e9si csapat<br \/>\n\u00c9rt\u00e9kes\u00edt\u00e9si csapatunk tapasztalt \u00e9s k\u00e9pzett az \u00e9p\u00edt\u0151ipari g\u00e9piparban. Ismerik a leg\u00fajabb fejleszt\u00e9si trendeket \u00e9s az \u00fcgyfelek ig\u00e9nyeit, \u00e9s professzion\u00e1lis term\u00e9ktan\u00e1csad\u00e1st, valamint intelligens v\u00e1s\u00e1rl\u00e1si tan\u00e1csad\u00e1st tudnak ny\u00fajtani annak \u00e9rdek\u00e9ben, hogy \u00fcgyfeleink a megfelel\u0151 term\u00e9keket kapj\u00e1k meg ig\u00e9nyeiknek megfelel\u0151en.<\/p>\n<p>5. Hat\u00e9kony logisztikai eloszt\u00e1si rendszer<br \/>\nHat\u00e9kony logisztikai eloszt\u00e1si rendszerrel rendelkez\u00fcnk, amely biztos\u00edtja, hogy \u00fcgyfeleink id\u0151ben \u00e9s pontosan megkapj\u00e1k a sz\u00fcks\u00e9ges alkatr\u00e9szeket. Logisztikai csapatunk elk\u00f6telezett a lehet\u0151 legjobb szolg\u00e1ltat\u00e1s ny\u00fajt\u00e1sa ir\u00e1nt, hogy \u00fcgyfeleink el\u00e9gedettek legyenek.<\/p>\n<p>Ha kiv\u00e1l\u00f3 min\u0151s\u00e9g\u0171 \u00e9p\u00edt\u0151ipari g\u00e9p tartoz\u00e9kokat \u00e9s komplett g\u00e9peket keres, az FMP a legjobb v\u00e1laszt\u00e1s. L\u00e9pjen kapcsolatba vel\u00fcnk m\u00e9g ma, hogy t\u00f6bbet megtudjon term\u00e9keinkr\u0151l \u00e9s arr\u00f3l, hogyan seg\u00edthet\u00fcnk \u00d6nnek \u00e9p\u00edt\u0151ipari g\u00e9pekkel kapcsolatos ig\u00e9nyeinek kiel\u00e9g\u00edt\u00e9s\u00e9ben.<\/p>\n<p><img loading=\"lazy\" decoding=\"async\" class=\"alignnone wp-image-2672\" src=\"https:\/\/fmp-components.com\/wp-content\/uploads\/2025\/01\/Dump-Truck-Trailer-Hydraulic-Cylinder-product-3-2.webp\" alt=\"Billencsaut\u00f3 \u00e9s p\u00f3tkocsi hidraulikus henger-term\u00e9k-3\" width=\"921\" height=\"675\" title=\"\" srcset=\"https:\/\/fmp-components.com\/wp-content\/uploads\/2025\/01\/Dump-Truck-Trailer-Hydraulic-Cylinder-product-3-2.webp 921w, https:\/\/fmp-components.com\/wp-content\/uploads\/2025\/01\/Dump-Truck-Trailer-Hydraulic-Cylinder-product-3-2-480x352.webp 480w\" sizes=\"(min-width: 0px) and (max-width: 480px) 480px, (min-width: 481px) 921px, 100vw\" \/><br \/>\nSzerz\u0151: CX<\/p>","protected":false},"excerpt":{"rendered":"<p>High Quality Hydraulic Cylinder for Platform Lifting Product Description: Our High-Quality Hydraulic Cylinder for Platform Lifting is designed to deliver exceptional performance and reliability in various lifting applications. Engineered with precision, this hydraulic cylinder is ideal for use in industrial, construction, and automotive settings. Key Features: Robust Construction: Made from high-strength steel, our hydraulic cylinder [&hellip;]<\/p>","protected":false},"featured_media":2656,"comment_status":"closed","ping_status":"closed","template":"","meta":{"_et_pb_use_builder":"","_et_pb_old_content":"","_et_gb_content_width":""},"product_brand":[],"product_cat":[63],"product_tag":[65,34],"class_list":{"0":"post-2655","1":"product","2":"type-product","3":"status-publish","4":"has-post-thumbnail","6":"product_cat-dump-truck-trailer-hydraulic-cylinder","7":"product_tag-dump-truck-trailer-hydraulic-cylinder","8":"product_tag-hydraulic-cylinder","10":"first","11":"instock","12":"product-type-simple"},"_links":{"self":[{"href":"https:\/\/fmp-components.com\/hu\/wp-json\/wp\/v2\/product\/2655","targetHints":{"allow":["GET"]}}],"collection":[{"href":"https:\/\/fmp-components.com\/hu\/wp-json\/wp\/v2\/product"}],"about":[{"href":"https:\/\/fmp-components.com\/hu\/wp-json\/wp\/v2\/types\/product"}],"replies":[{"embeddable":true,"href":"https:\/\/fmp-components.com\/hu\/wp-json\/wp\/v2\/comments?post=2655"}],"wp:featuredmedia":[{"embeddable":true,"href":"https:\/\/fmp-components.com\/hu\/wp-json\/wp\/v2\/media\/2656"}],"wp:attachment":[{"href":"https:\/\/fmp-components.com\/hu\/wp-json\/wp\/v2\/media?parent=2655"}],"wp:term":[{"taxonomy":"product_brand","embeddable":true,"href":"https:\/\/fmp-components.com\/hu\/wp-json\/wp\/v2\/product_brand?post=2655"},{"taxonomy":"product_cat","embeddable":true,"href":"https:\/\/fmp-components.com\/hu\/wp-json\/wp\/v2\/product_cat?post=2655"},{"taxonomy":"product_tag","embeddable":true,"href":"https:\/\/fmp-components.com\/hu\/wp-json\/wp\/v2\/product_tag?post=2655"}],"curies":[{"name":"munkaf\u00fczet","href":"https:\/\/api.w.org\/{rel}","templated":true}]}}