{"id":2633,"date":"2025-01-03T03:36:28","date_gmt":"2025-01-03T03:36:28","guid":{"rendered":"https:\/\/fmp-components.com\/?page_id=8"},"modified":"2025-01-03T03:37:26","modified_gmt":"2025-01-03T03:37:26","slug":"square-baler-gearbox-fmp-dfk45-for-big-square-baler","status":"publish","type":"product","link":"https:\/\/fmp-components.com\/hu\/product\/square-baler-gearbox-fmp-dfk45-for-big-square-baler\/","title":{"rendered":"FMP-DFK45 hajt\u00f3m\u0171 nagy sz\u00f6gletes b\u00e1l\u00e1z\u00f3hoz"},"content":{"rendered":"<h2>FMP-DFK45 sz\u00f6gletes b\u00e1l\u00e1z\u00f3 hajt\u00f3m\u0171 m\u00e9retei<\/h2>\n<p><img loading=\"lazy\" decoding=\"async\" class=\"alignnone size-full wp-image-2638\" src=\"https:\/\/fmp-components.com\/wp-content\/uploads\/2025\/01\/Square-Baler-Gearbox-EP-DFK45-Dimensions-1.webp\" alt=\"Sz\u00f6gletes-B\u00e1l\u00e1z\u00f3-Hajt\u00f3m\u0171-FMP-DFK45-M\u00e9retek-1\" width=\"1256\" height=\"781\" title=\"\" srcset=\"https:\/\/fmp-components.com\/wp-content\/uploads\/2025\/01\/Square-Baler-Gearbox-EP-DFK45-Dimensions-1.webp 1256w, https:\/\/fmp-components.com\/wp-content\/uploads\/2025\/01\/Square-Baler-Gearbox-EP-DFK45-Dimensions-1-980x609.webp 980w, https:\/\/fmp-components.com\/wp-content\/uploads\/2025\/01\/Square-Baler-Gearbox-EP-DFK45-Dimensions-1-480x298.webp 480w\" sizes=\"(min-width: 0px) and (max-width: 480px) 480px, (min-width: 481px) and (max-width: 980px) 980px, (min-width: 981px) 1256px, 100vw\" \/> <img loading=\"lazy\" decoding=\"async\" class=\"alignnone size-full wp-image-2639\" src=\"https:\/\/fmp-components.com\/wp-content\/uploads\/2025\/01\/Square-Baler-Gearbox-EP-DFK45-Dimensions-2.webp\" alt=\"Sz\u00f6gletes-B\u00e1l\u00e1z\u00f3-Hajt\u00f3m\u0171-FMP-DFK45-M\u00e9retek-2\" width=\"1196\" height=\"439\" title=\"\" srcset=\"https:\/\/fmp-components.com\/wp-content\/uploads\/2025\/01\/Square-Baler-Gearbox-EP-DFK45-Dimensions-2.webp 1196w, https:\/\/fmp-components.com\/wp-content\/uploads\/2025\/01\/Square-Baler-Gearbox-EP-DFK45-Dimensions-2-980x360.webp 980w, https:\/\/fmp-components.com\/wp-content\/uploads\/2025\/01\/Square-Baler-Gearbox-EP-DFK45-Dimensions-2-480x176.webp 480w\" sizes=\"(min-width: 0px) and (max-width: 480px) 480px, (min-width: 481px) and (max-width: 980px) 980px, (min-width: 981px) 1196px, 100vw\" \/><\/p>\n<h2>FMP-DFK45 sz\u00f6gletes b\u00e1l\u00e1z\u00f3 hajt\u00f3m\u0171 m\u0171szaki adatai<\/h2>\n<table style=\"width: 92.8%; height: 145px;\" border=\"1\" cellspacing=\"0\" cellpadding=\"0\">\n<tbody>\n<tr>\n<td colspan=\"3\" rowspan=\"2\">\u00e9n<\/td>\n<td rowspan=\"2\">Alkalmas<\/td>\n<td>Fordulatsz\u00e1m bemenet<\/td>\n<td>Fordulatsz\u00e1m-kimenet<br \/>\nfordulat\/perc<\/td>\n<td colspan=\"2\">Hatalom<\/td>\n<td rowspan=\"2\">Fogazat<\/td>\n<\/tr>\n<tr>\n<td>fordulat\/perc<\/td>\n<td>fordulat\/perc<\/td>\n<td>kW<\/td>\n<td>l\u00f3er\u0151<\/td>\n<\/tr>\n<tr>\n<td colspan=\"3\">2.1: 1<\/td>\n<td>Nagy sz\u00f6gletes b\u00e1l\u00e1z\u00f3<\/td>\n<td>266<\/td>\n<td>126<\/td>\n<td>45<\/td>\n<td>60<\/td>\n<td>Gleason spir\u00e1lis fogak<\/td>\n<\/tr>\n<tr>\n<td colspan=\"9\">Megjegyz\u00e9s: Ha b\u00e1rmilyen k\u00fcl\u00f6nleges ig\u00e9nye van, nyugodtan sz\u00f3ljon, mi is elfogadjuk az egyedi megrendel\u00e9seket.<\/td>\n<\/tr>\n<\/tbody>\n<\/table>\n<h2>Az FMP-DFK45 sz\u00f6gletes b\u00e1l\u00e1z\u00f3 hajt\u00f3m\u0171v\u00e9nek alkatr\u00e9szei<\/h2>\n<p>Az FMP-DFK45 sz\u00f6gletes b\u00e1l\u00e1z\u00f3 sebess\u00e9gv\u00e1lt\u00f3 kulcsfontoss\u00e1g\u00fa eleme a nagym\u00e9ret\u0171 mez\u0151gazdas\u00e1gi g\u00e9peknek, k\u00fcl\u00f6n\u00f6sen a sz\u00f6gletes b\u00e1l\u00e1z\u00f3knak. Hat\u00e9konyan tov\u00e1bb\u00edtja az er\u0151t a traktor teljes\u00edtm\u00e9nylead\u00f3 rendszer\u00e9r\u0151l a b\u00e1l\u00e1z\u00f3n bel\u00fcli k\u00fcl\u00f6nb\u00f6z\u0151 mechanizmusokhoz, biztos\u00edtva az optim\u00e1lis m\u0171k\u00f6d\u00e9st. \u00cdme az FMP-DFK45 sebess\u00e9gv\u00e1lt\u00f3 tipikus alkatr\u00e9szei:<\/p>\n<p><strong>Bemeneti tengely<\/strong><\/p>\n<ul>\n<li>Funkci\u00f3: A bemen\u0151 tengely a traktor teljes\u00edtm\u00e9nylead\u00f3 tengely\u00e9hez csatlakozik, \u00e9s a forg\u00f3er\u0151t a sebess\u00e9gv\u00e1lt\u00f3ba tov\u00e1bb\u00edtja.<\/li>\n<li>Kialak\u00edt\u00e1s: \u00c1ltal\u00e1ban nagy szil\u00e1rds\u00e1g\u00fa ac\u00e9lb\u00f3l k\u00e9sz\u00fcl, hogy ellen\u00e1lljon a nagy nyomat\u00e9knak \u00e9s terhel\u00e9snek m\u0171k\u00f6d\u00e9s k\u00f6zben.<\/li>\n<\/ul>\n<p><strong>F\u0151 fogaskerekek (ferde vagy homlokkerekes fogaskerekek)<\/strong><\/p>\n<ul>\n<li>Funkci\u00f3: Ezek a fogaskerekek felel\u0151sek a forg\u00e1si energia \u00e1tvitel\u00e9\u00e9rt a bemeneti tengelyr\u0151l a kimeneti tengelyre, sz\u00fcks\u00e9g szerint m\u00f3dos\u00edtva a sebess\u00e9get \u00e9s a nyomat\u00e9kot.<\/li>\n<li>Kialak\u00edt\u00e1s: Prec\u00edzi\u00f3s tervez\u00e9s a sima m\u0171k\u00f6d\u00e9s\u00e9rt, a kop\u00e1s cs\u00f6kkent\u00e9s\u00e9\u00e9rt \u00e9s a magas hat\u00e9konys\u00e1g biztos\u00edt\u00e1s\u00e1\u00e9rt.<\/li>\n<\/ul>\n<p><strong>Kimen\u0151 tengely<\/strong><\/p>\n<ul>\n<li>Funkci\u00f3: A kimen\u0151 tengely tov\u00e1bb\u00edtja az er\u0151t a b\u00e1l\u00e1z\u00f3 m\u0171k\u00f6d\u00e9si rendszereihez, p\u00e9ld\u00e1ul a b\u00e1lakamr\u00e1hoz, a t\u00f6m\u00f6r\u00edt\u0151h\u00f6z \u00e9s a k\u00f6t\u00f6z\u0151 mechanizmusokhoz.<\/li>\n<li>Kialak\u00edt\u00e1s: A b\u00e1l\u00e1z\u00e1si folyamat nagy nyomat\u00e9kig\u00e9ny\u00e9nek kezel\u00e9s\u00e9re tervezt\u00e9k, gyakran bord\u00e1s tengelyekkel felszerelve a b\u00e1l\u00e1z\u00f3 k\u00fcl\u00f6nb\u00f6z\u0151 r\u00e9szeihez val\u00f3 biztons\u00e1gos r\u00f6gz\u00edt\u00e9s \u00e9rdek\u00e9ben.<\/li>\n<\/ul>\n<p><strong>Csap\u00e1gyak<\/strong><\/p>\n<ul>\n<li>Funkci\u00f3: A csap\u00e1gyak t\u00e1masztj\u00e1k al\u00e1 a mozg\u00f3 tengelyeket \u00e9s fogaskerekeket, biztos\u00edtva a sima forg\u00e1st \u00e9s cs\u00f6kkentve a s\u00farl\u00f3d\u00e1st.<\/li>\n<li>Kialak\u00edt\u00e1s: \u00c1ltal\u00e1ban t\u00f6m\u00edtett csap\u00e1gyak, amelyek megakad\u00e1lyozz\u00e1k a szennyez\u0151d\u00e9sek, nedvess\u00e9g \u00e9s egy\u00e9b szennyez\u0151d\u00e9sek bejut\u00e1s\u00e1t \u00e9s kop\u00e1s\u00e1t.<\/li>\n<\/ul>\n<p>Az FMP-DFK45 sz\u00f6gletes b\u00e1l\u00e1z\u00f3 hajt\u00f3m\u0171 kiv\u00e1laszt\u00e1sakor vagy karbantart\u00e1sakor elengedhetetlen annak biztos\u00edt\u00e1sa, hogy minden alkatr\u00e9sz megfelel\u0151en kenve, t\u00f6m\u00edtve \u00e9s kop\u00e1smentesen legyen ell\u00e1tva, hogy fenntartsa a hajt\u00f3m\u0171 hat\u00e9konys\u00e1g\u00e1t \u00e9s meghosszabb\u00edtsa \u00e9lettartam\u00e1t.<\/p>\n<p><img loading=\"lazy\" decoding=\"async\" class=\"alignnone size-full wp-image-2640\" src=\"https:\/\/fmp-components.com\/wp-content\/uploads\/2025\/01\/Square-Baler-Gearbox-EP-DFK45-Applications.webp\" alt=\"Sz\u00f6gletes-B\u00e1l\u00e1z\u00f3-Hajt\u00f3m\u0171-FMP-DFK45-Alkalmaz\u00e1s\" width=\"1000\" height=\"620\" title=\"\" srcset=\"https:\/\/fmp-components.com\/wp-content\/uploads\/2025\/01\/Square-Baler-Gearbox-EP-DFK45-Applications.webp 1000w, https:\/\/fmp-components.com\/wp-content\/uploads\/2025\/01\/Square-Baler-Gearbox-EP-DFK45-Applications-980x608.webp 980w, https:\/\/fmp-components.com\/wp-content\/uploads\/2025\/01\/Square-Baler-Gearbox-EP-DFK45-Applications-480x298.webp 480w\" sizes=\"(min-width: 0px) and (max-width: 480px) 480px, (min-width: 481px) and (max-width: 980px) 980px, (min-width: 981px) 1000px, 100vw\" \/><\/p>\n<h2>Az FMP-DFK45 sz\u00f6gletes b\u00e1l\u00e1z\u00f3 sebess\u00e9gv\u00e1lt\u00f3 alkalmaz\u00e1sai<\/h2>\n<div class=\"group\/conversation-turn relative flex w-full min-w-0 flex-col agent-turn\">\n<div class=\"flex-col gap-1 md:gap-3\">\n<div class=\"flex max-w-full flex-col flex-grow\">\n<div class=\"min-h-8 text-message flex w-full flex-col items-end gap-2 whitespace-normal break-words text-start [.text-message+&amp;]:mt-5\" dir=\"auto\" data-message-author-role=\"assistant\" data-message-id=\"9455a869-4f3f-4093-8494-3ba86af706bc\" data-message-model-slug=\"gpt-4o\">\n<div class=\"flex w-full flex-col gap-1 empty:hidden first:pt-[3px]\">\n<div class=\"markdown prose w-full break-words dark:prose-invert light\">\n<p>Az FMP-DFK45 sz\u00f6gletes b\u00e1l\u00e1z\u00f3 hajt\u00f3m\u0171vet kifejezetten a mez\u0151gazdas\u00e1gi g\u00e9pek, k\u00fcl\u00f6n\u00f6sen a nagy sz\u00f6gletes b\u00e1l\u00e1z\u00f3k \u00fczemeltet\u00e9se sor\u00e1n alkalmazott ig\u00e9nyes k\u00f6vetelm\u00e9nyek kiel\u00e9g\u00edt\u00e9s\u00e9re tervezt\u00e9k. \u00cdme a hajt\u00f3m\u0171 f\u0151bb alkalmaz\u00e1sai:<\/p>\n<p><strong>Nagy sz\u00f6gletes b\u00e1l\u00e1z\u00f3 g\u00e9pek<\/strong><\/p>\n<ul>\n<li>Els\u0151dleges alkalmaz\u00e1s: Az FMP-DFK45 sebess\u00e9gv\u00e1lt\u00f3t els\u0151sorban nagym\u00e9ret\u0171, sz\u00f6gletes b\u00e1l\u00e1z\u00f3 g\u00e9pekben haszn\u00e1lj\u00e1k, amelyeket sz\u00e9na, szalma vagy egy\u00e9b n\u00f6v\u00e9nyi maradv\u00e1nyok gy\u0171jt\u00e9s\u00e9re \u00e9s t\u00f6m\u00f6r\u00edt\u00e9s\u00e9re haszn\u00e1lnak t\u00e1rol\u00e1s \u00e9s sz\u00e1ll\u00edt\u00e1s c\u00e9lj\u00e1b\u00f3l, sz\u00e9p, sz\u00f6gletes b\u00e1l\u00e1kk\u00e1.<\/li>\n<li>Funkci\u00f3: Megk\u00f6nny\u00edti az er\u0151\u00e1tvitelt a traktor TLT rendszer\u00e9r\u0151l a b\u00e1l\u00e1z\u00f3 bels\u0151 alkatr\u00e9szeire, bele\u00e9rtve a rendfelszed\u0151t, az adagol\u00f3 mechanizmust, a t\u00f6m\u00f6r\u00edt\u0151kamr\u00e1t \u00e9s a k\u00f6t\u00f6z\u0151rendszert.<\/li>\n<\/ul>\n<p><strong>Sz\u00e9na- \u00e9s szalmabetakar\u00edt\u00e1s<\/strong><\/p>\n<ul>\n<li>Alkalmaz\u00e1s sz\u00e9nagy\u0171jt\u00e9sben: A sebess\u00e9gv\u00e1lt\u00f3t a sz\u00e9na feldolgoz\u00e1s\u00e1ra szolg\u00e1l\u00f3 sz\u00f6gletes b\u00e1l\u00e1z\u00f3kban haszn\u00e1lj\u00e1k, biztos\u00edtva, hogy a betakar\u00edtott term\u00e9ny megfelel\u0151en t\u00f6m\u00f6r\u00f6dj\u00f6n s\u0171r\u0171, egyenletes b\u00e1l\u00e1kk\u00e1.<\/li>\n<li>Szalmagy\u0171jt\u00e9s: A sz\u00e9n\u00e1hoz hasonl\u00f3an a hajt\u00f3m\u0171 is fontos szerepet j\u00e1tszik a szalma kezelhet\u0151, n\u00e9gyzet alak\u00fa b\u00e1l\u00e1kk\u00e1 t\u00f6m\u00f6r\u00edt\u00e9s\u00e9ben, optimaliz\u00e1lva a t\u00e1rol\u00e1si \u00e9s sz\u00e1ll\u00edt\u00e1si hat\u00e9konys\u00e1got.<\/li>\n<\/ul>\n<p><strong>Sil\u00f3z\u00e1si el\u0151\u00e1ll\u00edt\u00e1s (b\u00e1laform\u00e1l\u00e1s)<\/strong><\/p>\n<ul>\n<li>Sil\u00f3z\u00e1si alkalmaz\u00e1sok: Sil\u00f3z\u00e1si termel\u00e9s eset\u00e9n, ahol a n\u00f6v\u00e9nyeket \u00e1llati takarm\u00e1nyoz\u00e1s c\u00e9lj\u00e1b\u00f3l takar\u00edtj\u00e1k be, az FMP-DFK45 sebess\u00e9gv\u00e1lt\u00f3 t\u00e1mogatja a k\u00fcl\u00f6nf\u00e9le sil\u00f3z\u00e1si anyagok, p\u00e9ld\u00e1ul f\u0171, kukorica vagy m\u00e1s z\u00f6ldtakarm\u00e1nyok n\u00e9gyzet alak\u00fa b\u00e1l\u00e1kba pr\u00e9sel\u00e9s\u00e9t.<\/li>\n<li>B\u00e1las\u0171r\u0171s\u00e9g \u00e9s egyenletess\u00e9g: Biztos\u00edtja a hat\u00e9kony b\u00e1l\u00e1z\u00e1si folyamatot, egyenletesen t\u00f6m\u00f6r b\u00e1l\u00e1kat hozva l\u00e9tre a hat\u00e9kony sil\u00f3z\u00e1si erjed\u00e9s \u00e9s a hossz\u00fa t\u00e1v\u00fa tart\u00f3s\u00edt\u00e1s \u00e9rdek\u00e9ben.<\/li>\n<\/ul>\n<p><strong>Takarm\u00e1nybetakar\u00edt\u00e1s<\/strong><\/p>\n<ul>\n<li>Takarm\u00e1nybetakar\u00edt\u00f3 berendez\u00e9sek: Nagy takarm\u00e1nybetakar\u00edt\u00f3 rendszerekben haszn\u00e1lj\u00e1k, a sebess\u00e9gv\u00e1lt\u00f3 seg\u00edt a n\u00f6v\u00e9nyek, p\u00e9ld\u00e1ul a lucerna, a l\u00f3here \u00e9s m\u00e1s takarm\u00e1nyok n\u00e9gyzet alak\u00fa b\u00e1l\u00e1kk\u00e1 alak\u00edt\u00e1s\u00e1ban k\u00e9s\u0151bbi etet\u00e9shez, t\u00e1rol\u00e1shoz vagy sz\u00e1ll\u00edt\u00e1shoz.<\/li>\n<li>B\u00e1l\u00e1z\u00f3 mechanizmusok: A nehezebb vagy terjedelmesebb takarm\u00e1nyn\u00f6v\u00e9nyek kezel\u00e9s\u00e9re tervezett b\u00e1l\u00e1z\u00f3kban az FMP-DFK45 sebess\u00e9gv\u00e1lt\u00f3 biztos\u00edtja a sima er\u0151\u00e1tvitelt a hat\u00e9kony \u00e9s egyenletes b\u00e1lak\u00e9pz\u0151d\u00e9s \u00e9rdek\u00e9ben.<\/li>\n<\/ul>\n<p>Az FMP-DFK45 sebess\u00e9gv\u00e1lt\u00f3 l\u00e9tfontoss\u00e1g\u00fa eleme a nagym\u00e9ret\u0171 sz\u00f6gletes b\u00e1l\u00e1z\u00f3k teljes\u00edtm\u00e9ny\u00e9nek \u00e9s hat\u00e9konys\u00e1g\u00e1nak optimaliz\u00e1l\u00e1s\u00e1nak, sz\u00e1mos mez\u0151gazdas\u00e1gi alkalmaz\u00e1st t\u00e1mogatva, amelyek hozz\u00e1j\u00e1rulnak a hat\u00e9kony betakar\u00edt\u00e1shoz, a maradv\u00e1nyok kezel\u00e9s\u00e9hez \u00e9s a hat\u00e9kony gazd\u00e1lkod\u00e1si gyakorlatokhoz.<\/p>\n<p><img loading=\"lazy\" decoding=\"async\" class=\"alignnone size-full wp-image-2641\" src=\"https:\/\/fmp-components.com\/wp-content\/uploads\/2025\/01\/Square-Baler-Gearbox-EP-DFK45-for-Big-Square-Baler.webp\" alt=\"Sz\u00f6gletes-B\u00e1l\u00e1z\u00f3-Sebess\u00e9gv\u00e1lt\u00f3-FMP-DFK45-Nagy-Sz\u00f6gletes-B\u00e1l\u00e1z\u00f3hoz\" width=\"1000\" height=\"510\" title=\"\" srcset=\"https:\/\/fmp-components.com\/wp-content\/uploads\/2025\/01\/Square-Baler-Gearbox-EP-DFK45-for-Big-Square-Baler.webp 1000w, https:\/\/fmp-components.com\/wp-content\/uploads\/2025\/01\/Square-Baler-Gearbox-EP-DFK45-for-Big-Square-Baler-980x500.webp 980w, https:\/\/fmp-components.com\/wp-content\/uploads\/2025\/01\/Square-Baler-Gearbox-EP-DFK45-for-Big-Square-Baler-480x245.webp 480w\" sizes=\"(min-width: 0px) and (max-width: 480px) 480px, (min-width: 481px) and (max-width: 980px) 980px, (min-width: 981px) 1000px, 100vw\" \/><\/p>\n<div class=\"group\/conversation-turn relative flex w-full min-w-0 flex-col agent-turn\">\n<div class=\"flex-col gap-1 md:gap-3\">\n<div class=\"flex max-w-full flex-col flex-grow\">\n<div class=\"min-h-8 text-message flex w-full flex-col items-end gap-2 whitespace-normal break-words text-start [.text-message+&amp;]:mt-5\" dir=\"auto\" data-message-author-role=\"assistant\" data-message-id=\"315fae6f-a490-45b4-9a83-c79e6de69105\" data-message-model-slug=\"gpt-4o\">\n<div class=\"flex w-full flex-col gap-1 empty:hidden first:pt-[3px]\">\n<div class=\"markdown prose w-full break-words dark:prose-invert light\">\n<h3>Az FMP-r\u0151l<\/h3>\n<p>Az olaszorsz\u00e1gi sz\u00e9khely\u0171 FMP vezet\u0151 gy\u00e1rt\u00f3k\u00e9nt sz\u00e9les k\u00f6rben elismert a nagy teljes\u00edtm\u00e9ny\u0171 sebess\u00e9gv\u00e1lt\u00f3k tervez\u00e9s\u00e9ben, fejleszt\u00e9s\u00e9ben \u00e9s gy\u00e1rt\u00e1s\u00e1ban szerzett szak\u00e9rtelm\u00e9r\u0151l. A mez\u0151gazdas\u00e1gi g\u00e9pek szektor\u00e1ra szakosodott FMP elk\u00f6telezett a prec\u00edzi\u00f3s m\u00e9rn\u00f6ki megold\u00e1sok sz\u00e1ll\u00edt\u00e1sa ir\u00e1nt, amelyek mind a mez\u0151gazdas\u00e1gi, mind az ipari piacok dinamikus ig\u00e9nyeit kiel\u00e9g\u00edtik. Term\u00e9kportf\u00f3li\u00f3nk sz\u00e9les sk\u00e1l\u00e1t \u00f6lel fel, bele\u00e9rtve a f\u0171ny\u00edr\u00f3khoz val\u00f3 speci\u00e1lis sebess\u00e9gv\u00e1lt\u00f3kat, kard\u00e1ntengelyeket \u00e9s m\u00e1s kritikus alkatr\u00e9szeket, amelyek mindegyik\u00e9t apr\u00f3l\u00e9kosan \u00fagy tervezt\u00fck, hogy testreszabott megold\u00e1sokat k\u00edn\u00e1ljon a k\u00fcl\u00f6nf\u00e9le alkalmaz\u00e1sokhoz.<\/p>\n<p>Az FMP-n\u00e9l tiszt\u00e1ban vagyunk azzal, hogy minden \u00fcgyf\u00e9l egyedi kih\u00edv\u00e1sokkal \u00e9s k\u00f6vetelm\u00e9nyekkel n\u00e9z szembe. Ez a meg\u00e9rt\u00e9s \u00f6szt\u00f6n\u00f6z minket az egyedi megold\u00e1sok ir\u00e1nti elk\u00f6telezetts\u00e9g\u00fcnkre, legyen sz\u00f3 ak\u00e1r egyedi komponensekr\u0151l, ak\u00e1r teljesen integr\u00e1lt rendszerekr\u0151l. \u00dcgyfeleinkkel val\u00f3 szoros egy\u00fcttm\u0171k\u00f6d\u00e9s\u00fcnk r\u00e9v\u00e9n biztos\u00edtjuk, hogy minden megold\u00e1s optimaliz\u00e1lva legyen mind a teljes\u00edtm\u00e9ny, mind a k\u00f6lts\u00e9ghat\u00e9konys\u00e1g szempontj\u00e1b\u00f3l, minden szakaszban \u00e9rt\u00e9ket teremtve. Gyors, professzion\u00e1lis v\u00e1laszaink, szak\u00e9rt\u0151i \u00fatmutat\u00e1ssal kombin\u00e1lva, biztos\u00edtj\u00e1k, hogy minden megkeres\u00e9st prec\u00edzen kezelj\u00fcnk, ami a lehet\u0151 legjobb eredm\u00e9nyekhez vezet.<\/p>\n<p>Nagy hangs\u00falyt fektet\u00fcnk a ny\u00edlt, \u00e1tl\u00e1that\u00f3 kommunik\u00e1ci\u00f3ra a teljes term\u00e9kfejleszt\u00e9si folyamat sor\u00e1n. Csapatunk k\u00f6zvetlen\u00fcl egy\u00fcttm\u0171k\u00f6dik az \u00fcgyfelekkel, hogy alaposan meg\u00e9rtse ig\u00e9nyeiket, \u00e9rt\u00e9kes betekint\u00e9st \u00e9s aj\u00e1nl\u00e1sokat ny\u00fajtson, amelyek biztos\u00edtj\u00e1k a leghat\u00e9konyabb megold\u00e1sokat. Ak\u00e1r innovat\u00edv term\u00e9keket fejleszt, ak\u00e1r folyamatos megrendel\u00e9seket teljes\u00edt, az FMP elk\u00f6telezett amellett, hogy minden alkalommal kiv\u00e1l\u00f3 min\u0151s\u00e9g\u0171, prec\u00edzi\u00f3san megtervezett term\u00e9keket sz\u00e1ll\u00edtson id\u0151ben. C\u00e9lunk, hogy fel\u00fclm\u00faljuk az \u00fcgyfelek elv\u00e1r\u00e1sait, biztos\u00edtva a legmagasabb szint\u0171 szolg\u00e1ltat\u00e1st \u00e9s eredm\u00e9nyeket minden projektn\u00e9l.<\/p>\n<p>A min\u0151s\u00e9g minden tev\u00e9kenys\u00e9g\u00fcnk k\u00f6z\u00e9ppontj\u00e1ban \u00e1ll. Betartjuk a legszigor\u00fabb gy\u00e1rt\u00e1si szabv\u00e1nyokat, \u00e9s szigor\u00fa min\u0151s\u00e9gellen\u0151rz\u00e9si folyamatokat alkalmazunk annak biztos\u00edt\u00e1sa \u00e9rdek\u00e9ben, hogy minden term\u00e9k\u00fcnk meghaladja az ipar\u00e1gi norm\u00e1kat. A min\u0151s\u00e9gre val\u00f3 rend\u00edthetetlen \u00f6sszpontos\u00edt\u00e1sunk, valamint az olyan alapvet\u0151 \u00e9rt\u00e9keink, mint az integrit\u00e1s, a csapatmunka \u00e9s a kitart\u00e1s, lehet\u0151v\u00e9 tette sz\u00e1munkra, hogy hossz\u00fa t\u00e1v\u00fa, bizalmon alapul\u00f3 kapcsolatokat \u00e9p\u00edts\u00fcnk ki \u00fcgyfeleinkkel k\u00f6zel 30 orsz\u00e1gban vil\u00e1gszerte.<\/p>\n<p>Az FMP elk\u00f6telezett a glob\u00e1lis partners\u00e9gek \u00e1pol\u00e1sa, valamint a szak\u00e9rt\u0151i tan\u00e1csad\u00e1s \u00e9s az \u00fcgyfeleink sokr\u00e9t\u0171 ig\u00e9nyeit kiel\u00e9g\u00edt\u0151, szem\u00e9lyre szabott megold\u00e1sok k\u00edn\u00e1lata ir\u00e1nt. Nemcsak term\u00e9keket sz\u00e1ll\u00edtunk, hanem tart\u00f3s kapcsolatok ki\u00e9p\u00edt\u00e9s\u00e9re is t\u00f6reksz\u00fcnk, amelyek hozz\u00e1j\u00e1rulnak minden projekt siker\u00e9hez. Ak\u00e1r innovat\u00edv megold\u00e1sokra van sz\u00fcks\u00e9ge egy \u00faj kezdem\u00e9nyez\u00e9shez, ak\u00e1r folyamatos t\u00e1mogat\u00e1sra egy megl\u00e9v\u0151 rendszerhez, az FMP k\u00e9szen \u00e1ll, hogy megfeleljen a technikai kih\u00edv\u00e1soknak \u00e9s biztos\u00edtsa a folyamatos sikert.<\/p>\n<\/div>\n<\/div>\n<\/div>\n<\/div>\n<\/div>\n<\/div>\n<p><img loading=\"lazy\" decoding=\"async\" class=\"alignnone size-full wp-image-1861\" src=\"https:\/\/fmp-components.com\/wp-content\/uploads\/2024\/12\/Other-Agricultural-Gearboxes.webp\" sizes=\"(min-width: 0px) and (max-width: 480px) 480px, (min-width: 481px) and (max-width: 980px) 980px, (min-width: 981px) 1200px, 100vw\" srcset=\"https:\/\/fmp-components.com\/wp-content\/uploads\/2024\/12\/Other-Agricultural-Gearboxes.webp 1200w, https:\/\/fmp-components.com\/wp-content\/uploads\/2024\/12\/Other-Agricultural-Gearboxes-980x1143.webp 980w, https:\/\/fmp-components.com\/wp-content\/uploads\/2024\/12\/Other-Agricultural-Gearboxes-480x560.webp 480w\" alt=\"Altri-cambi-agricoli\" width=\"1200\" height=\"1400\" title=\"\"><\/p>\n<p>Szerz\u0151: CX<\/p>\n<\/div>\n<\/div>\n<\/div>\n<\/div>\n<\/div>\n<\/div>","protected":false},"excerpt":{"rendered":"<p>Square Baler Gearbox FMP-DFK45 Dimensions Square Baler Gearbox FMP-DFK45 Technical Data i Suitable Rpm input Rpm output r\/min Power Toothing r\/min r\/min kw hp 2.1: 1 Big Square Baler 266 126 45 60 Gleason Helical Teeth Remark: If you have any special require feel free let me know, we also accept custom. Components of Square [&hellip;]<\/p>","protected":false},"featured_media":2637,"comment_status":"open","ping_status":"closed","template":"","meta":{"_et_pb_use_builder":"","_et_pb_old_content":"","_et_gb_content_width":""},"product_brand":[],"product_cat":[62],"product_tag":[],"class_list":{"0":"post-2633","1":"product","2":"type-product","3":"status-publish","4":"has-post-thumbnail","6":"product_cat-square-baler-gearbox","8":"first","9":"instock","10":"shipping-taxable","11":"product-type-simple"},"_links":{"self":[{"href":"https:\/\/fmp-components.com\/hu\/wp-json\/wp\/v2\/product\/2633","targetHints":{"allow":["GET"]}}],"collection":[{"href":"https:\/\/fmp-components.com\/hu\/wp-json\/wp\/v2\/product"}],"about":[{"href":"https:\/\/fmp-components.com\/hu\/wp-json\/wp\/v2\/types\/product"}],"replies":[{"embeddable":true,"href":"https:\/\/fmp-components.com\/hu\/wp-json\/wp\/v2\/comments?post=2633"}],"wp:featuredmedia":[{"embeddable":true,"href":"https:\/\/fmp-components.com\/hu\/wp-json\/wp\/v2\/media\/2637"}],"wp:attachment":[{"href":"https:\/\/fmp-components.com\/hu\/wp-json\/wp\/v2\/media?parent=2633"}],"wp:term":[{"taxonomy":"product_brand","embeddable":true,"href":"https:\/\/fmp-components.com\/hu\/wp-json\/wp\/v2\/product_brand?post=2633"},{"taxonomy":"product_cat","embeddable":true,"href":"https:\/\/fmp-components.com\/hu\/wp-json\/wp\/v2\/product_cat?post=2633"},{"taxonomy":"product_tag","embeddable":true,"href":"https:\/\/fmp-components.com\/hu\/wp-json\/wp\/v2\/product_tag?post=2633"}],"curies":[{"name":"munkaf\u00fczet","href":"https:\/\/api.w.org\/{rel}","templated":true}]}}