{"id":2622,"date":"2025-01-03T03:07:12","date_gmt":"2025-01-03T03:07:12","guid":{"rendered":"https:\/\/fmp-components.com\/?page_id=8"},"modified":"2025-01-03T03:24:45","modified_gmt":"2025-01-03T03:24:45","slug":"square-baler-gearbox-fmp-fk157-for-straw-chopper","status":"publish","type":"product","link":"https:\/\/fmp-components.com\/hu\/product\/square-baler-gearbox-fmp-fk157-for-straw-chopper\/","title":{"rendered":"FMP-FK157 sz\u00f6gletes b\u00e1l\u00e1z\u00f3 sebess\u00e9gv\u00e1lt\u00f3 szalma apr\u00edt\u00f3hoz"},"content":{"rendered":"<h2>FMP-FK157 sz\u00f6gletes b\u00e1l\u00e1z\u00f3 hajt\u00f3m\u0171 m\u00e9retei<\/h2>\n<p><img loading=\"lazy\" decoding=\"async\" class=\"alignnone size-full wp-image-2623\" src=\"https:\/\/fmp-components.com\/wp-content\/uploads\/2025\/01\/Square-Baler-Gearbox-FMP-FK157-Dimensions.webp\" alt=\"Sz\u00f6gletes-B\u00e1l\u00e1z\u00f3-Hajt\u00f3m\u0171-FMP-FK157-M\u00e9retek\" width=\"1186\" height=\"816\" title=\"\" srcset=\"https:\/\/fmp-components.com\/wp-content\/uploads\/2025\/01\/Square-Baler-Gearbox-FMP-FK157-Dimensions.webp 1186w, https:\/\/fmp-components.com\/wp-content\/uploads\/2025\/01\/Square-Baler-Gearbox-FMP-FK157-Dimensions-980x674.webp 980w, https:\/\/fmp-components.com\/wp-content\/uploads\/2025\/01\/Square-Baler-Gearbox-FMP-FK157-Dimensions-480x330.webp 480w\" sizes=\"(min-width: 0px) and (max-width: 480px) 480px, (min-width: 481px) and (max-width: 980px) 980px, (min-width: 981px) 1186px, 100vw\" \/><\/p>\n<h2>FMP-FK157 sz\u00f6gletes b\u00e1l\u00e1z\u00f3 hajt\u00f3m\u0171 tengelym\u00e9retei<\/h2>\n<p><img loading=\"lazy\" decoding=\"async\" class=\"alignnone size-full wp-image-2624\" src=\"https:\/\/fmp-components.com\/wp-content\/uploads\/2025\/01\/Square-Baler-Gearbox-FMP-FK157-Shaft-Dimensions.webp\" alt=\"Sz\u00f6gletes-B\u00e1l\u00e1z\u00f3-Hajt\u00f3m\u0171-FMP-FK157-Tengely-M\u00e9retek\" width=\"1371\" height=\"414\" title=\"\" srcset=\"https:\/\/fmp-components.com\/wp-content\/uploads\/2025\/01\/Square-Baler-Gearbox-FMP-FK157-Shaft-Dimensions.webp 1371w, https:\/\/fmp-components.com\/wp-content\/uploads\/2025\/01\/Square-Baler-Gearbox-FMP-FK157-Shaft-Dimensions-1280x387.webp 1280w, https:\/\/fmp-components.com\/wp-content\/uploads\/2025\/01\/Square-Baler-Gearbox-FMP-FK157-Shaft-Dimensions-980x296.webp 980w, https:\/\/fmp-components.com\/wp-content\/uploads\/2025\/01\/Square-Baler-Gearbox-FMP-FK157-Shaft-Dimensions-480x145.webp 480w\" sizes=\"(min-width: 0px) and (max-width: 480px) 480px, (min-width: 481px) and (max-width: 980px) 980px, (min-width: 981px) and (max-width: 1280px) 1280px, (min-width: 1281px) 1371px, 100vw\" \/><\/p>\n<h2>FMP-FK157 sz\u00f6gletes b\u00e1l\u00e1z\u00f3 hajt\u00f3m\u0171 m\u0171szaki adatai<\/h2>\n<table style=\"width: 100.77%; height: 141px;\" border=\"1\" cellspacing=\"0\" cellpadding=\"0\">\n<tbody>\n<tr>\n<td colspan=\"2\" rowspan=\"2\">\u00e9n<\/td>\n<td rowspan=\"2\">Alkalmas<\/td>\n<td>Fordulatsz\u00e1m bemenet<\/td>\n<td>Fordulatsz\u00e1m-kimenet<\/td>\n<td>kW (n\u00e9vleges)<\/td>\n<td>kW (maximum)<\/td>\n<td rowspan=\"2\">Fogazat<\/td>\n<\/tr>\n<tr>\n<td>fordulat\/perc<\/td>\n<td>fordulat\/perc<\/td>\n<td>l\u00f3er\u0151<\/td>\n<td>l\u00f3er\u0151<\/td>\n<\/tr>\n<tr>\n<td>Sebess\u00e9gn\u00f6veked\u00e9s<\/td>\n<td>1:2.46<\/td>\n<td rowspan=\"2\">Szalmav\u00e1g\u00f3 stb.<\/td>\n<td>540<\/td>\n<td>1328.4<\/td>\n<td>180<\/td>\n<td>700<\/td>\n<td rowspan=\"2\">Gleason spir\u00e1lis<br \/>\nFogak<\/td>\n<\/tr>\n<tr>\n<td>Sebess\u00e9gn\u00f6veked\u00e9s<\/td>\n<td>1:2.07<\/td>\n<td>720<\/td>\n<td>1190.4<\/td>\n<td>180<\/td>\n<td>700<\/td>\n<\/tr>\n<tr>\n<td colspan=\"8\">Megjegyz\u00e9s: Ha b\u00e1rmilyen k\u00fcl\u00f6nleges ig\u00e9nye van, nyugodtan sz\u00f3ljon, mi is elfogadjuk az egyedi megrendel\u00e9seket.<\/td>\n<\/tr>\n<\/tbody>\n<\/table>\n<h3>Az FMP-FK157 sz\u00f6gletes b\u00e1l\u00e1z\u00f3 sebess\u00e9gv\u00e1lt\u00f3j\u00e1nak alkatr\u00e9szei szalma apr\u00edt\u00f3hoz<\/h3>\n<p>Az FMP-FK157 sz\u00f6gletes b\u00e1l\u00e1z\u00f3 hajt\u00f3m\u0171 olyan alkalmaz\u00e1sokhoz k\u00e9sz\u00fclt, mint a szalma apr\u00edt\u00e1sa \u00e9s b\u00e1l\u00e1z\u00e1sa, ahol a tart\u00f3ss\u00e1g, a hat\u00e9konys\u00e1g \u00e9s a pontoss\u00e1g kritikus fontoss\u00e1g\u00fa. Az al\u00e1bbiakban a kifejezetten szalma apr\u00edt\u00f3val val\u00f3 haszn\u00e1latra tervezett FMP-FK157 sz\u00f6gletes b\u00e1l\u00e1z\u00f3 hajt\u00f3m\u0171ben jellemz\u0151en megtal\u00e1lhat\u00f3 f\u0151bb alkatr\u00e9szek tal\u00e1lhat\u00f3k:<\/p>\n<ol>\n<li>Bemeneti tengely\n<ul>\n<li>Funkci\u00f3: A bemen\u0151 tengely k\u00f6ti \u00f6ssze a sebess\u00e9gv\u00e1lt\u00f3t a traktorral vagy a teljes\u00edtm\u00e9nylead\u00f3 (TLT) rendszerrel. Ez tov\u00e1bb\u00edtja a forg\u00f3er\u0151t a traktor motorj\u00e1t\u00f3l a sebess\u00e9gv\u00e1lt\u00f3hoz, lehet\u0151v\u00e9 t\u00e9ve a szecsk\u00e1z\u00f3 m\u0171k\u00f6d\u00e9s\u00e9t.<\/li>\n<li>Anyag: \u00c1ltal\u00e1ban nagy szil\u00e1rds\u00e1g\u00fa ac\u00e9lb\u00f3l k\u00e9sz\u00fcl a tart\u00f3ss\u00e1g \u00e9s a mez\u0151gazdas\u00e1gi alkalmaz\u00e1sokban a folyamatos haszn\u00e1lat okozta terhel\u00e9s elvisel\u00e9se \u00e9rdek\u00e9ben.<\/li>\n<\/ul>\n<\/li>\n<li>Kimen\u0151 tengely\n<ul>\n<li>Funkci\u00f3: A kihajt\u00f3tengely tov\u00e1bb\u00edtja a mechanikai teljes\u00edtm\u00e9nyt a sebess\u00e9gv\u00e1lt\u00f3r\u00f3l a csatlakoztatott szalmav\u00e1g\u00f3 alkatr\u00e9szeire, p\u00e9ld\u00e1ul a v\u00e1g\u00f3peng\u00e9kre vagy a cs\u00e9pl\u0151g\u00e9pekre.<\/li>\n<li>Anyag: Ac\u00e9lt vagy \u00f6tv\u00f6z\u00f6tt anyagokat haszn\u00e1lnak a szalma apr\u00edt\u00e1s\u00e1nak nagy ig\u00e9nybev\u00e9tel\u00e9vel j\u00e1r\u00f3 kop\u00e1s- \u00e9s ig\u00e9nybev\u00e9tel\u00e1ll\u00f3s\u00e1g \u00e9rdek\u00e9ben.<\/li>\n<\/ul>\n<\/li>\n<li>Fogasker\u00e9kk\u00e9szlet (ferde vagy homlokkerekes fogaskerekek)\n<ul>\n<li>Funkci\u00f3: A fogasker\u00e9kk\u00e9szlet egy kritikus alkatr\u00e9sz, amely a be- \u00e9s kimen\u0151 tengelyek k\u00f6z\u00f6tti forg\u00e1si sebess\u00e9get \u00e9s nyomat\u00e9kot \u00e1ll\u00edtja be. Biztos\u00edtja a hat\u00e9kony teljes\u00edtm\u00e9ny\u00e1tvitelt a szaggat\u00f3 mechanizmushoz.<\/li>\n<li>T\u00edpus: A kivitelt\u0151l f\u00fcgg\u0151en a sebess\u00e9gv\u00e1lt\u00f3 ferde vagy homlokkerekes fogaskerekeket haszn\u00e1lhat a nyomat\u00e9k optimaliz\u00e1l\u00e1sa, valamint a zaj \u00e9s rezg\u00e9s cs\u00f6kkent\u00e9se \u00e9rdek\u00e9ben \u00fczem k\u00f6zben.<\/li>\n<li>Anyag: Edzett ac\u00e9l a szil\u00e1rds\u00e1g \u00e9s tart\u00f3ss\u00e1g \u00e9rdek\u00e9ben.<\/li>\n<\/ul>\n<\/li>\n<li>Csap\u00e1gyak\n<ul>\n<li>Funkci\u00f3: A csap\u00e1gyak t\u00e1masztj\u00e1k meg a tengelyeket, cs\u00f6kkentik a s\u00farl\u00f3d\u00e1st \u00e9s biztos\u00edtj\u00e1k a sima forg\u00e1st. Elengedhetetlenek a sebess\u00e9gv\u00e1lt\u00f3 hossz\u00fa t\u00e1v\u00fa hat\u00e9konys\u00e1g\u00e1nak \u00e9s stabilit\u00e1s\u00e1nak fenntart\u00e1s\u00e1hoz.<\/li>\n<li>T\u00edpus: Goly\u00f3s- vagy g\u00f6rg\u0151scsap\u00e1gyak, a kivitelt\u0151l \u00e9s az alkalmaz\u00e1st\u00f3l f\u00fcgg\u0151en.<\/li>\n<\/ul>\n<\/li>\n<li>T\u00f6m\u00edt\u00e9sek\n<ul>\n<li>Funkci\u00f3: A t\u00f6m\u00edt\u00e9sek megakad\u00e1lyozz\u00e1k az olaj vagy ken\u0151anyag sziv\u00e1rg\u00e1s\u00e1t, \u00e9s v\u00e9dik a sebess\u00e9gv\u00e1lt\u00f3 bels\u0151 alkatr\u00e9szeit a szennyez\u0151d\u00e9sekt\u0151l, nedvess\u00e9gt\u0151l \u00e9s egy\u00e9b szennyez\u0151d\u00e9sekt\u0151l.<\/li>\n<li>Anyag: Gumi, nitril vagy m\u00e1s szintetikus anyagokat haszn\u00e1lnak a k\u00f6rnyezeti t\u00e9nyez\u0151k elleni tart\u00f3s v\u00e9delem \u00e9rdek\u00e9ben.<\/li>\n<\/ul>\n<\/li>\n<\/ol>\n<p>Az FMP-FK157 sz\u00f6gletes b\u00e1l\u00e1z\u00f3 sebess\u00e9gv\u00e1lt\u00f3j\u00e1t nagy teherb\u00edr\u00e1s\u00fa mez\u0151gazdas\u00e1gi alkalmaz\u00e1sokhoz, bele\u00e9rtve a szalma apr\u00edt\u00e1s\u00e1t is, tervezt\u00e9k. A tart\u00f3s anyagok, a prec\u00edz fogasker\u00e9k-k\u00e9szletek, a hat\u00e9kony ken\u00e9s \u00e9s a v\u00e9d\u0151elemek kombin\u00e1ci\u00f3ja optim\u00e1lis teljes\u00edtm\u00e9nyt \u00e9s hossz\u00fa \u00e9lettartamot biztos\u00edt a mez\u0151gazdas\u00e1gi m\u0171veletek kih\u00edv\u00e1st jelent\u0151 k\u00f6r\u00fclm\u00e9nyei k\u00f6z\u00f6tt. Minden alkatr\u00e9sz l\u00e9tfontoss\u00e1g\u00fa szerepet j\u00e1tszik abban, hogy a sebess\u00e9gv\u00e1lt\u00f3 megb\u00edzhat\u00f3an \u00e9s hat\u00e9konyan m\u0171k\u00f6dj\u00f6n, megk\u00f6nny\u00edtve a z\u00f6kken\u0151mentes \u00e9s hat\u00e9kony szalma apr\u00edt\u00e1st \u00e9s b\u00e1l\u00e1z\u00e1st.<\/p>\n<p><img loading=\"lazy\" decoding=\"async\" class=\"alignnone size-full wp-image-2625\" src=\"https:\/\/fmp-components.com\/wp-content\/uploads\/2025\/01\/Square-Baler-Gearbox-391.jpg\" alt=\"Sz\u00f6gletes-B\u00e1l\u00e1z\u00f3-Sebess\u00e9gv\u00e1lt\u00f3-39(1)\" width=\"2152\" height=\"1061\" title=\"\" srcset=\"https:\/\/fmp-components.com\/wp-content\/uploads\/2025\/01\/Square-Baler-Gearbox-391.jpg 2152w, https:\/\/fmp-components.com\/wp-content\/uploads\/2025\/01\/Square-Baler-Gearbox-391-1280x631.jpg 1280w, https:\/\/fmp-components.com\/wp-content\/uploads\/2025\/01\/Square-Baler-Gearbox-391-980x483.jpg 980w, https:\/\/fmp-components.com\/wp-content\/uploads\/2025\/01\/Square-Baler-Gearbox-391-480x237.jpg 480w\" sizes=\"(min-width: 0px) and (max-width: 480px) 480px, (min-width: 481px) and (max-width: 980px) 980px, (min-width: 981px) and (max-width: 1280px) 1280px, (min-width: 1281px) 2152px, 100vw\" \/><\/p>\n<h3>A szalm\u00e1cs\u00faztat\u00f3hoz tartoz\u00f3 sz\u00f6gletes b\u00e1l\u00e1z\u00f3 sebess\u00e9gv\u00e1lt\u00f3j\u00e1nak l\u00e9p\u00e9sr\u0151l l\u00e9p\u00e9sre t\u00f6rt\u00e9n\u0151 kezel\u00e9se<\/h3>\n<p>A szalm\u00e1cs\u00faztat\u00f3hoz tartoz\u00f3 sz\u00f6gletes b\u00e1l\u00e1z\u00f3 sebess\u00e9gv\u00e1lt\u00f3ja egy l\u00e9tfontoss\u00e1g\u00fa mechanikus alkatr\u00e9sz, amely hat\u00e9konyan tov\u00e1bb\u00edtja az er\u0151t a traktor teljes\u00edtm\u00e9nylead\u00f3 tengely\u00e9r\u0151l (TLT) a szalm\u00e1cs\u00faztat\u00f3ra, lehet\u0151v\u00e9 t\u00e9ve annak feladatainak hat\u00e9kony ell\u00e1t\u00e1s\u00e1t. \u00cdgy m\u0171k\u00f6dik a sebess\u00e9gv\u00e1lt\u00f3 egy szalm\u00e1cs\u00faztat\u00f3 eset\u00e9ben:<\/p>\n<ol>\n<li>Er\u0151\u00e1tvitel a kard\u00e1ntengelyr\u0151l a bemen\u0151 tengelyre\n<ul>\n<li>A sebess\u00e9gv\u00e1lt\u00f3 a traktor kard\u00e1ntengely\u00e9hez van csatlakoztatva, amely a traktor motorj\u00e1b\u00f3l biztos\u00edtja a forg\u00f3teljes\u00edtm\u00e9nyt.<\/li>\n<li>Amikor a traktor beindul, megforgatja a kard\u00e1ntengelyt, amely ezt a forg\u00f3er\u0151t a sebess\u00e9gv\u00e1lt\u00f3 bemen\u0151 tengely\u00e9n kereszt\u00fcl tov\u00e1bb\u00edtja.<\/li>\n<\/ul>\n<\/li>\n<li>Cs\u00f6kkent\u00e9s vagy sebess\u00e9g\u00e1ll\u00edt\u00e1s a fogasker\u00e9k-k\u00e9szleten kereszt\u00fcl\n<ul>\n<li>A sebess\u00e9gv\u00e1lt\u00f3 belsej\u00e9ben egy fogasker\u00e9k-k\u00e9szlet (ferde vagy homlokkerekes fogaskerekek) \u00e1ll\u00edtja be a forg\u00e1si sebess\u00e9get \u00e9s a nyomat\u00e9kot. A fogaskerekek cs\u00f6kkentik a TLT nagy sebess\u00e9g\u0171 forg\u00e1s\u00e1t, alacsonyabb sebess\u00e9g\u0171, nagyobb nyomat\u00e9k\u00fa teljes\u00edtm\u00e9nyre alak\u00edtva azt, ami alkalmas a szalmav\u00e1g\u00f3 m\u0171k\u00f6d\u00e9s\u00e9hez.<\/li>\n<li>Ez a reduktoros \u00e1tt\u00e9tel biztos\u00edtja, hogy a szalmav\u00e1g\u00f3 a megfelel\u0151 sebess\u00e9ggel m\u0171k\u00f6dj\u00f6n, hat\u00e9konyan apr\u00edtsa fel a szalm\u00e1t \u00e9s adagolja a b\u00e1l\u00e1z\u00f3kamr\u00e1ba.<\/li>\n<\/ul>\n<\/li>\n<li>Er\u0151\u00e1tvitel a kimen\u0151 tengelyre\n<ul>\n<li>Miut\u00e1n a fogaskerekek be\u00e1ll\u00edtott\u00e1k a sebess\u00e9get \u00e9s a nyomat\u00e9kot, a kimen\u0151 tengely \u00e1tadja a m\u00f3dos\u00edtott teljes\u00edtm\u00e9nyt a szalmav\u00e1g\u00f3nak.<\/li>\n<li>A kimeneti tengely k\u00f6zvetlen\u00fcl a szalmav\u00e1g\u00f3 v\u00e1g\u00f3mechanizmus\u00e1hoz csatlakozik, amely forg\u00f3 peng\u00e9ket vagy cs\u00e9pl\u0151ket tartalmaz, amelyek kisebb darabokra v\u00e1gj\u00e1k vagy apr\u00edtj\u00e1k a szalm\u00e1t.<\/li>\n<\/ul>\n<\/li>\n<li>A Chopper mechanizmus mozg\u00e1sa\n<ul>\n<li>Ahogy a kimeneti tengely forog, meghajtja a szalmav\u00e1g\u00f3 peng\u00e9it vagy cs\u00e9pl\u0151it, amelyek felel\u0151sek a szalma apr\u00f3, egyenletes darabokra apr\u00edt\u00e1s\u00e1\u00e9rt.<\/li>\n<li>A felapr\u00edtott szalm\u00e1t ezut\u00e1n a b\u00e1l\u00e1z\u00f3kamr\u00e1ba adagolj\u00e1k, vagy sz\u00e9tsz\u00f3rj\u00e1k a felhaszn\u00e1l\u00e1si c\u00e9lt\u00f3l f\u00fcgg\u0151en (pl. mulcsoz\u00e1s vagy komposzt\u00e1l\u00e1s).<\/li>\n<\/ul>\n<\/li>\n<li>Ken\u00e9s \u00e9s h\u0171t\u00e9s\n<ul>\n<li>A sebess\u00e9gv\u00e1lt\u00f3 egy ken\u0151rendszerre (olajra vagy zs\u00edrra) t\u00e1maszkodik, amely a bels\u0151 alkatr\u00e9szekben (fogaskerekek \u00e9s csap\u00e1gyak) kering, hogy minimaliz\u00e1lja a s\u00farl\u00f3d\u00e1st, cs\u00f6kkentse a kop\u00e1st \u00e9s biztos\u00edtsa a rendszer z\u00f6kken\u0151mentes m\u0171k\u00f6d\u00e9s\u00e9t.<\/li>\n<li>Bizonyos konstrukci\u00f3kban h\u0171t\u0151bord\u00e1kat vagy m\u00e1s h\u0171t\u0151mechanizmusokat lehet haszn\u00e1lni a sebess\u00e9gv\u00e1lt\u00f3 \u00e9s a szaggat\u00f3 mechanizmus folyamatos mozg\u00e1sa \u00e1ltal termelt h\u0151 elvezet\u00e9s\u00e9re.<\/li>\n<\/ul>\n<\/li>\n<\/ol>\n<p>A szalm\u00e1cs\u00faztat\u00f3hoz val\u00f3 sz\u00f6gletes b\u00e1l\u00e1z\u00f3 sebess\u00e9gv\u00e1lt\u00f3ja alapvet\u0151 szerepet j\u00e1tszik abban, hogy a traktor TLT-teljes\u00edtm\u00e9ny\u00e9t a szalma hat\u00e9kony apr\u00edt\u00e1s\u00e1hoz \u00e9s b\u00e1l\u00e1z\u00e1s\u00e1hoz sz\u00fcks\u00e9ges megfelel\u0151 sebess\u00e9gg\u00e9 \u00e9s nyomat\u00e9kk\u00e1 alak\u00edtsa. Ezt a be- \u00e9s kimen\u0151 tengelyek, fogasker\u00e9k-k\u00e9szletek \u00e9s v\u00e9d\u0151elemek kombin\u00e1ci\u00f3j\u00e1nak haszn\u00e1lat\u00e1val teszi, mik\u00f6zben biztos\u00edtja a ken\u00e9st \u00e9s a t\u00falzott terhel\u00e9s elleni v\u00e9delmet. Ez a mechanikai folyamat biztos\u00edtja a szalm\u00e1cs\u00faztat\u00f3 megb\u00edzhat\u00f3 m\u0171k\u00f6d\u00e9s\u00e9t, cs\u00f6kkenti az \u00e1ll\u00e1sid\u0151t \u00e9s n\u00f6veli a mez\u0151gazdas\u00e1gi m\u0171veletek \u00e1ltal\u00e1nos termel\u00e9kenys\u00e9g\u00e9t.<\/p>\n<p><img loading=\"lazy\" decoding=\"async\" class=\"alignnone size-full wp-image-2615\" src=\"https:\/\/fmp-components.com\/wp-content\/uploads\/2025\/01\/Square-Baler-Gearbox-EP-FK150-Application-Area-1-1024x6861-1.webp\" alt=\"Sz\u00f6gletes-B\u00e1l\u00e1z\u00f3-Hajt\u00f3m\u0171-EP-FK150-Alkalmaz\u00e1si-Ter\u00fclet-1-1024x686(1)\" width=\"1024\" height=\"686\" title=\"\" srcset=\"https:\/\/fmp-components.com\/wp-content\/uploads\/2025\/01\/Square-Baler-Gearbox-EP-FK150-Application-Area-1-1024x6861-1.webp 1024w, https:\/\/fmp-components.com\/wp-content\/uploads\/2025\/01\/Square-Baler-Gearbox-EP-FK150-Application-Area-1-1024x6861-1-980x657.webp 980w, https:\/\/fmp-components.com\/wp-content\/uploads\/2025\/01\/Square-Baler-Gearbox-EP-FK150-Application-Area-1-1024x6861-1-480x322.webp 480w\" sizes=\"(min-width: 0px) and (max-width: 480px) 480px, (min-width: 481px) and (max-width: 980px) 980px, (min-width: 981px) 1024px, 100vw\" \/><\/p>\n<h3>Az FMP-r\u0151l<\/h3>\n<p>Az olaszorsz\u00e1gi sz\u00e9khely\u0171 FMP vezet\u0151 gy\u00e1rt\u00f3, amely a nagy teljes\u00edtm\u00e9ny\u0171 sebess\u00e9gv\u00e1lt\u00f3k tervez\u00e9s\u00e9ben, fejleszt\u00e9s\u00e9ben \u00e9s gy\u00e1rt\u00e1s\u00e1ban szerzett szak\u00e9rtelm\u00e9r\u0151l ismert, k\u00fcl\u00f6n\u00f6s tekintettel a mez\u0151gazdas\u00e1gi g\u00e9piparra. A prec\u00edzi\u00f3s m\u00e9rn\u00f6ki munka, az innovat\u00edv megold\u00e1sok \u00e9s a rend\u00edthetetlen megb\u00edzhat\u00f3s\u00e1g r\u00e9v\u00e9n az FMP megb\u00edzhat\u00f3 partnerr\u00e9 v\u00e1lt mind a mez\u0151gazdas\u00e1gi, mind az ipari szektor v\u00e1ltoz\u00f3 ig\u00e9nyeinek kiel\u00e9g\u00edt\u00e9s\u00e9ben. Soksz\u00edn\u0171 term\u00e9kk\u00edn\u00e1latunkban megtal\u00e1lhat\u00f3k a f\u0171ny\u00edr\u00f3khoz val\u00f3 speci\u00e1lis sebess\u00e9gv\u00e1lt\u00f3k, kard\u00e1ntengelyek \u00e9s egy\u00e9b alapvet\u0151 alkatr\u00e9szek, amelyek mindegyik\u00e9t apr\u00f3l\u00e9kosan \u00fagy tervezt\u00fck, hogy sz\u00e9les k\u00f6r\u0171 alkalmaz\u00e1si ter\u00fcleteken k\u00edn\u00e1ljon egyedi megold\u00e1sokat.<\/p>\n<p>Az FMP-n\u00e9l meg\u00e9rtj\u00fck, hogy minden \u00fcgyf\u00e9lnek egyedi ig\u00e9nyei \u00e9s kih\u00edv\u00e1sai vannak. Ez\u00e9rt specializ\u00e1l\u00f3dtunk a szem\u00e9lyre szabott megold\u00e1sok k\u00edn\u00e1lat\u00e1ra, legyen sz\u00f3 ak\u00e1r egyedi komponensekr\u0151l, ak\u00e1r teljesen integr\u00e1lt rendszerekr\u0151l. Szorosan egy\u00fcttm\u0171k\u00f6d\u00fcnk \u00fcgyfeleinkkel annak \u00e9rdek\u00e9ben, hogy minden megold\u00e1s ne csak hat\u00e9kony, hanem eredm\u00e9nyes is legyen, optimaliz\u00e1lva a teljes\u00edtm\u00e9nyt \u00e9s az \u00e9rt\u00e9ket. Elk\u00f6telezettek vagyunk a gyors, professzion\u00e1lis v\u00e1laszok \u00e9s a szak\u00e9rt\u0151i \u00fatmutat\u00e1s ir\u00e1nt, \u00edgy minden megkeres\u00e9st a lehet\u0151 legnagyobb gondoss\u00e1ggal \u00e9s precizit\u00e1ssal kezel\u00fcnk, ami a lehet\u0151 legjobb eredm\u00e9nyekhez vezet.<\/p>\n<p>A teljes term\u00e9kfejleszt\u00e9si folyamat sor\u00e1n a ny\u00edlt \u00e9s folyamatos kommunik\u00e1ci\u00f3t helyezz\u00fck el\u0151t\u00e9rbe. Elk\u00f6telezett csapatunk k\u00f6zvetlen\u00fcl az \u00fcgyfelekkel dolgozik, hogy teljes m\u00e9rt\u00e9kben meg\u00e9rtse egyedi ig\u00e9nyeiket, \u00e9rt\u00e9kes betekint\u00e9st \u00e9s aj\u00e1nl\u00e1sokat k\u00edn\u00e1lva az optim\u00e1lis megold\u00e1sok biztos\u00edt\u00e1sa \u00e9rdek\u00e9ben. Ak\u00e1r innovat\u00edv term\u00e9keket tervez, ak\u00e1r folyamatos megrendel\u00e9seket teljes\u00edt, az FMP elk\u00f6telezett amellett, hogy minden alkalommal kiv\u00e1l\u00f3 min\u0151s\u00e9g\u0171, prec\u00edzi\u00f3san megtervezett megold\u00e1sokat sz\u00e1ll\u00edtson id\u0151ben. C\u00e9lunk, hogy \u00fcgyfeleink sz\u00e1m\u00e1ra a legjobb szolg\u00e1ltat\u00e1st \u00e9s eredm\u00e9nyeket ny\u00fajtsuk, minden projekttel fel\u00fclm\u00falva az elv\u00e1r\u00e1sokat.<\/p>\n<p>A min\u0151s\u00e9g az FMP m\u0171k\u00f6d\u00e9s\u00e9nek sarokk\u00f6ve. A legmagasabb gy\u00e1rt\u00e1si szabv\u00e1nyokat tartjuk be, szigor\u00fa min\u0151s\u00e9gellen\u0151rz\u00e9si int\u00e9zked\u00e9seket alkalmazva annak biztos\u00edt\u00e1s\u00e1ra, hogy minden term\u00e9k ne csak megfeleljen, hanem meghaladja az ipar\u00e1gi szabv\u00e1nyokat. Ez a min\u0151s\u00e9g ir\u00e1nti rend\u00edthetetlen elk\u00f6telezetts\u00e9g, valamint az integrit\u00e1s, a csapatmunka \u00e9s a kitart\u00e1s alapvet\u0151 \u00e9rt\u00e9kei lehet\u0151v\u00e9 tett\u00e9k sz\u00e1munkra, hogy hossz\u00fa t\u00e1v\u00fa, bizalmon alapul\u00f3 kapcsolatokat \u00e9p\u00edts\u00fcnk ki \u00fcgyfeleinkkel vil\u00e1gszerte k\u00f6zel 30 orsz\u00e1gban.<\/p>\n<p>Az FMP mindig nyitott a glob\u00e1lis partners\u00e9gek \u00e1pol\u00e1s\u00e1ra, \u00e9s tov\u00e1bbra is elk\u00f6telezett amellett, hogy szak\u00e9rt\u0151i tan\u00e1csokat \u00e9s szem\u00e9lyre szabott megold\u00e1sokat k\u00edn\u00e1ljon, amelyek megfelelnek \u00fcgyfeleink sokr\u00e9t\u0171 ig\u00e9nyeinek. Nemcsak term\u00e9keket sz\u00e1ll\u00edtunk; olyan tart\u00f3s kapcsolatok ki\u00e9p\u00edt\u00e9s\u00e9re t\u00f6reksz\u00fcnk, amelyek hozz\u00e1j\u00e1rulnak minden projekt siker\u00e9hez. Ak\u00e1r innovat\u00edv megold\u00e1sokra van sz\u00fcks\u00e9ge egy \u00faj kezdem\u00e9nyez\u00e9shez, ak\u00e1r folyamatos t\u00e1mogat\u00e1sra egy megl\u00e9v\u0151 rendszerhez, az FMP itt van, hogy megoldja a technikai kih\u00edv\u00e1sokat \u00e9s biztos\u00edtsa a folyamatos sikert.<\/p>\n<p><img loading=\"lazy\" decoding=\"async\" class=\"alignnone size-full wp-image-1861\" src=\"https:\/\/fmp-components.com\/wp-content\/uploads\/2024\/12\/Other-Agricultural-Gearboxes.webp\" sizes=\"(min-width: 0px) and (max-width: 480px) 480px, (min-width: 481px) and (max-width: 980px) 980px, (min-width: 981px) 1200px, 100vw\" srcset=\"https:\/\/fmp-components.com\/wp-content\/uploads\/2024\/12\/Other-Agricultural-Gearboxes.webp 1200w, https:\/\/fmp-components.com\/wp-content\/uploads\/2024\/12\/Other-Agricultural-Gearboxes-980x1143.webp 980w, https:\/\/fmp-components.com\/wp-content\/uploads\/2024\/12\/Other-Agricultural-Gearboxes-480x560.webp 480w\" alt=\"Altri-cambi-agricoli\" width=\"1200\" height=\"1400\" title=\"\"><\/p>\n<p>Szerz\u0151: CX<\/p>","protected":false},"excerpt":{"rendered":"<p>Square Baler Gearbox FMP-FK157 Dimensions Square Baler Gearbox FMP-FK157 Shaft Dimensions Square Baler Gearbox FMP-FK157 Technical Data i Suitable Rpm input Rpm output KW(Nom) KW(Max) Toothing r\/min r\/min hp hp Speed increase 1:2.46 Straw chopper, etc 540 1328.4 180 700 Gleason Helical Teeth Speed increase 1:2.07 720 1190.4 180 700 Remark: If you have any [&hellip;]<\/p>","protected":false},"featured_media":2626,"comment_status":"open","ping_status":"closed","template":"","meta":{"_et_pb_use_builder":"","_et_pb_old_content":"","_et_gb_content_width":""},"product_brand":[],"product_cat":[62],"product_tag":[],"class_list":{"0":"post-2622","1":"product","2":"type-product","3":"status-publish","4":"has-post-thumbnail","6":"product_cat-square-baler-gearbox","8":"first","9":"instock","10":"shipping-taxable","11":"product-type-simple"},"_links":{"self":[{"href":"https:\/\/fmp-components.com\/hu\/wp-json\/wp\/v2\/product\/2622","targetHints":{"allow":["GET"]}}],"collection":[{"href":"https:\/\/fmp-components.com\/hu\/wp-json\/wp\/v2\/product"}],"about":[{"href":"https:\/\/fmp-components.com\/hu\/wp-json\/wp\/v2\/types\/product"}],"replies":[{"embeddable":true,"href":"https:\/\/fmp-components.com\/hu\/wp-json\/wp\/v2\/comments?post=2622"}],"wp:featuredmedia":[{"embeddable":true,"href":"https:\/\/fmp-components.com\/hu\/wp-json\/wp\/v2\/media\/2626"}],"wp:attachment":[{"href":"https:\/\/fmp-components.com\/hu\/wp-json\/wp\/v2\/media?parent=2622"}],"wp:term":[{"taxonomy":"product_brand","embeddable":true,"href":"https:\/\/fmp-components.com\/hu\/wp-json\/wp\/v2\/product_brand?post=2622"},{"taxonomy":"product_cat","embeddable":true,"href":"https:\/\/fmp-components.com\/hu\/wp-json\/wp\/v2\/product_cat?post=2622"},{"taxonomy":"product_tag","embeddable":true,"href":"https:\/\/fmp-components.com\/hu\/wp-json\/wp\/v2\/product_tag?post=2622"}],"curies":[{"name":"munkaf\u00fczet","href":"https:\/\/api.w.org\/{rel}","templated":true}]}}