{"id":2610,"date":"2025-01-03T02:45:39","date_gmt":"2025-01-03T02:45:39","guid":{"rendered":"https:\/\/fmp-components.com\/?page_id=8"},"modified":"2025-01-03T02:51:12","modified_gmt":"2025-01-03T02:51:12","slug":"square-baler-gearbox-fmp-fk150","status":"publish","type":"product","link":"https:\/\/fmp-components.com\/hu\/product\/square-baler-gearbox-fmp-fk150\/","title":{"rendered":"FMP-FK150 sz\u00f6gletes b\u00e1l\u00e1z\u00f3 sebess\u00e9gv\u00e1lt\u00f3"},"content":{"rendered":"<p><img loading=\"lazy\" decoding=\"async\" class=\"size-full wp-image-2613 aligncenter\" src=\"https:\/\/fmp-components.com\/wp-content\/uploads\/2025\/01\/Square-Baler-Gearbox-FMP-FK1501.webp\" alt=\"Sz\u00f6gletes-B\u00e1l\u00e1z\u00f3-Sebess\u00e9gv\u00e1lt\u00f3-FMP-FK150(1)\" width=\"600\" height=\"600\" title=\"\" srcset=\"https:\/\/fmp-components.com\/wp-content\/uploads\/2025\/01\/Square-Baler-Gearbox-FMP-FK1501.webp 600w, https:\/\/fmp-components.com\/wp-content\/uploads\/2025\/01\/Square-Baler-Gearbox-FMP-FK1501-480x480.webp 480w\" sizes=\"(min-width: 0px) and (max-width: 480px) 480px, (min-width: 481px) 600px, 100vw\" \/><\/p>\n<h2>FMP-FK150 sz\u00f6gletes b\u00e1l\u00e1z\u00f3 hajt\u00f3m\u0171 m\u00e9retei<\/h2>\n<p><img loading=\"lazy\" decoding=\"async\" class=\"alignnone size-full wp-image-2611\" src=\"https:\/\/fmp-components.com\/wp-content\/uploads\/2025\/01\/Square-Baler-Gearbox-FMP-FK150-Dimensions.webp\" alt=\"Sz\u00f6gletes-B\u00e1l\u00e1z\u00f3-Hajt\u00f3m\u0171-FMP-FK150-M\u00e9retek\" width=\"1335\" height=\"818\" title=\"\" srcset=\"https:\/\/fmp-components.com\/wp-content\/uploads\/2025\/01\/Square-Baler-Gearbox-FMP-FK150-Dimensions.webp 1335w, https:\/\/fmp-components.com\/wp-content\/uploads\/2025\/01\/Square-Baler-Gearbox-FMP-FK150-Dimensions-1280x784.webp 1280w, https:\/\/fmp-components.com\/wp-content\/uploads\/2025\/01\/Square-Baler-Gearbox-FMP-FK150-Dimensions-980x600.webp 980w, https:\/\/fmp-components.com\/wp-content\/uploads\/2025\/01\/Square-Baler-Gearbox-FMP-FK150-Dimensions-480x294.webp 480w\" sizes=\"(min-width: 0px) and (max-width: 480px) 480px, (min-width: 481px) and (max-width: 980px) 980px, (min-width: 981px) and (max-width: 1280px) 1280px, (min-width: 1281px) 1335px, 100vw\" \/><\/p>\n<h2>FMP-FK150 sz\u00f6gletes b\u00e1l\u00e1z\u00f3 hajt\u00f3m\u0171 tengelym\u00e9retei<\/h2>\n<p><img loading=\"lazy\" decoding=\"async\" class=\"alignnone size-full wp-image-2612\" src=\"https:\/\/fmp-components.com\/wp-content\/uploads\/2025\/01\/Square-Baler-Gearbox-FMP-FK150-Shaft-Dimensions.webp\" alt=\"Sz\u00f6gletes-B\u00e1l\u00e1z\u00f3-Hajt\u00f3m\u0171-FMP-FK150-Tengely-M\u00e9retek\" width=\"1376\" height=\"417\" title=\"\" srcset=\"https:\/\/fmp-components.com\/wp-content\/uploads\/2025\/01\/Square-Baler-Gearbox-FMP-FK150-Shaft-Dimensions.webp 1376w, https:\/\/fmp-components.com\/wp-content\/uploads\/2025\/01\/Square-Baler-Gearbox-FMP-FK150-Shaft-Dimensions-1280x388.webp 1280w, https:\/\/fmp-components.com\/wp-content\/uploads\/2025\/01\/Square-Baler-Gearbox-FMP-FK150-Shaft-Dimensions-980x297.webp 980w, https:\/\/fmp-components.com\/wp-content\/uploads\/2025\/01\/Square-Baler-Gearbox-FMP-FK150-Shaft-Dimensions-480x145.webp 480w\" sizes=\"(min-width: 0px) and (max-width: 480px) 480px, (min-width: 481px) and (max-width: 980px) 980px, (min-width: 981px) and (max-width: 1280px) 1280px, (min-width: 1281px) 1376px, 100vw\" \/><\/p>\n<h2>FMP-FK150 sz\u00f6gletes b\u00e1l\u00e1z\u00f3 hajt\u00f3m\u0171 m\u0171szaki adatai<\/h2>\n<table style=\"width: 100.825%; height: 130px;\" border=\"1\" cellspacing=\"0\" cellpadding=\"0\">\n<tbody>\n<tr>\n<td colspan=\"2\" rowspan=\"2\">\u00e9n<\/td>\n<td rowspan=\"2\">Alkalmas<\/td>\n<td>Fordulatsz\u00e1m bemenet<\/td>\n<td>Fordulatsz\u00e1m-kimenet<\/td>\n<td>kW (n\u00e9vleges)<\/td>\n<td>kW (maximum)<\/td>\n<td rowspan=\"2\">Fogazat<\/td>\n<\/tr>\n<tr>\n<td>fordulat\/perc<\/td>\n<td>fordulat\/perc<\/td>\n<td>l\u00f3er\u0151<\/td>\n<td>l\u00f3er\u0151<\/td>\n<\/tr>\n<tr>\n<td>Sebess\u00e9gn\u00f6veked\u00e9s<\/td>\n<td>1:2.07<\/td>\n<td>Sz\u00f6gletes b\u00e1l\u00e1z\u00f3 stb.<\/td>\n<td>540<\/td>\n<td>1117.8<\/td>\n<td>120<\/td>\n<td>550<\/td>\n<td>Gleason-egyenes<br \/>\nFogak<\/td>\n<\/tr>\n<tr>\n<td colspan=\"8\">Megjegyz\u00e9s: Ha b\u00e1rmilyen k\u00fcl\u00f6nleges ig\u00e9nye van, nyugodtan sz\u00f3ljon, mi is elfogadjuk az egyedi megrendel\u00e9seket.<\/td>\n<\/tr>\n<\/tbody>\n<\/table>\n<article class=\"w-full scroll-mb-[var(--thread-trailing-height,150px)] text-token-text-primary focus-visible:outline-2 focus-visible:outline-offset-[-4px]\" dir=\"auto\" data-testid=\"conversation-turn-26\" data-scroll-anchor=\"false\">\n<div class=\"m-auto text-base py-[18px] px-3 md:px-4 w-full md:px-5 lg:px-4 xl:px-5\">\n<div class=\"mx-auto flex flex-1 gap-4 text-base md:gap-5 lg:gap-6 md:max-w-3xl lg:max-w-[40rem] xl:max-w-[48rem]\">\n<div class=\"group\/conversation-turn relative flex w-full min-w-0 flex-col\">\n<div class=\"flex-col gap-1 md:gap-3\">\n<div class=\"flex max-w-full flex-col flex-grow\">\n<div class=\"min-h-8 text-message flex w-full flex-col items-end gap-2 whitespace-normal break-words text-start [.text-message+&amp;]:mt-5\" dir=\"auto\" data-message-author-role=\"user\" data-message-id=\"aaa2abf4-977c-48e0-ae16-b607cec7c331\">\n<div class=\"flex w-full flex-col gap-1 empty:hidden items-end rtl:items-start\">\n<div class=\"relative max-w-[var(--user-chat-width,70%)] rounded-3xl bg-token-message-surface px-5 py-2.5\">\n<h2 class=\"whitespace-pre-wrap\">FMP-FK150 sz\u00f6gletes b\u00e1l\u00e1z\u00f3 hajt\u00f3m\u0171 tervez\u00e9si jellemz\u0151i<\/h2>\n<\/div>\n<\/div>\n<\/div>\n<\/div>\n<\/div>\n<\/div>\n<\/div>\n<\/div>\n<\/article>\n<p>Az FMP-FK150 sz\u00f6gletes b\u00e1l\u00e1z\u00f3 hajt\u00f3m\u0171 kifejezetten a mez\u0151gazdas\u00e1gi b\u00e1l\u00e1z\u00f3 g\u00e9pek ig\u00e9nyes k\u00f6vetelm\u00e9nyeinek kiel\u00e9g\u00edt\u00e9s\u00e9re lett tervezve, k\u00fcl\u00f6n\u00f6sen a sz\u00e9na, szalma, sil\u00f3 \u00e9s egy\u00e9b term\u00e9nyek sz\u00f6gletes b\u00e1l\u00e1inak k\u00e9sz\u00edt\u00e9s\u00e9hez. Kialak\u00edt\u00e1sa fejlett m\u00e9rn\u00f6ki jellemz\u0151ket integr\u00e1l a megb\u00edzhat\u00f3 teljes\u00edtm\u00e9ny, a tart\u00f3ss\u00e1g \u00e9s a k\u00f6nny\u0171 kezelhet\u0151s\u00e9g \u00e9rdek\u00e9ben. Az al\u00e1bbiakban az FMP-FK150 sz\u00f6gletes b\u00e1l\u00e1z\u00f3 hajt\u00f3m\u0171 f\u0151bb tervez\u00e9si jellemz\u0151i l\u00e1that\u00f3k:<\/p>\n<h4><strong>Nagy nyomat\u00e9kkapacit\u00e1s<\/strong><\/h4>\n<ul>\n<li><strong>Jellemz\u0151<\/strong>Az FMP-FK150 sebess\u00e9gv\u00e1lt\u00f3t nagy nyomat\u00e9kszintek kezel\u00e9s\u00e9re tervezt\u00e9k, \u00edgy alkalmass\u00e1 teszi olyan ig\u00e9nyes mez\u0151gazdas\u00e1gi feladatokhoz, mint a b\u00e1l\u00e1z\u00e1s. Robusztus bels\u0151 alkatr\u00e9szei ellen\u00e1llnak a b\u00e1l\u00e1z\u00e1si folyamat sor\u00e1n kifejtett nagy er\u0151knek.<\/li>\n<li><strong>Haszon<\/strong>Biztos\u00edtja a sima \u00e9s hat\u00e9kony m\u0171k\u00f6d\u00e9st terhel\u00e9s alatt is, lehet\u0151v\u00e9 t\u00e9ve a b\u00e1l\u00e1z\u00f3 sz\u00e1m\u00e1ra, hogy s\u0171r\u0171, egyenletes b\u00e1l\u00e1kat k\u00e9pezzen teljes\u00edtm\u00e9nyprobl\u00e9m\u00e1k vagy alkatr\u00e9szmeghib\u00e1sod\u00e1sok kock\u00e1zata n\u00e9lk\u00fcl.<\/li>\n<\/ul>\n<h4><strong>Prec\u00edzi\u00f3s fogasker\u00e9k-tervez\u00e9s<\/strong><\/h4>\n<ul>\n<li><strong>Jellemz\u0151<\/strong>Az FMP-FK150 sebess\u00e9gv\u00e1lt\u00f3ban tal\u00e1lhat\u00f3 fogaskerekek prec\u00edz kialak\u00edt\u00e1s\u00faak, hogy sima kapcsol\u00f3d\u00e1st \u00e9s minim\u00e1lis kop\u00e1st biztos\u00edtsanak. A kiv\u00e1l\u00f3 min\u0151s\u00e9g\u0171 fogaskerekek optimaliz\u00e1lj\u00e1k az er\u0151\u00e1tvitel hat\u00e9konys\u00e1g\u00e1t.<\/li>\n<li><strong>Haszon<\/strong>Ez cs\u00f6kkenti az energiavesztes\u00e9get, hat\u00e9konyabb\u00e1 teszi a b\u00e1l\u00e1z\u00e1si folyamatot, \u00e9s a bels\u0151 alkatr\u00e9szek kop\u00e1s\u00e1nak cs\u00f6kkent\u00e9s\u00e9vel n\u00f6veli a sebess\u00e9gv\u00e1lt\u00f3 \u00e9lettartam\u00e1t.<\/li>\n<\/ul>\n<h4><strong>Nagy teherb\u00edr\u00e1s\u00fa h\u00e1z<\/strong><\/h4>\n<ul>\n<li><strong>Jellemz\u0151<\/strong>A sebess\u00e9gv\u00e1lt\u00f3 egy er\u0151s, tart\u00f3s h\u00e1zban tal\u00e1lhat\u00f3, amely kiv\u00e1l\u00f3 min\u0151s\u00e9g\u0171 anyagokb\u00f3l, p\u00e9ld\u00e1ul \u00f6nt\u00f6ttvasb\u00f3l vagy meger\u0151s\u00edtett \u00f6tv\u00f6zetekb\u0151l k\u00e9sz\u00fclt.<\/li>\n<li><strong>Haszon<\/strong>A robusztus h\u00e1z megv\u00e9di a bels\u0151 fogaskerekeket a k\u00fcls\u0151 behat\u00e1sokt\u00f3l \u00e9s a zord mez\u0151gazdas\u00e1gi k\u00f6rnyezett\u0151l, biztos\u00edtva a hossz\u00fa t\u00e1v\u00fa tart\u00f3ss\u00e1got \u00e9s megb\u00edzhat\u00f3s\u00e1got.<\/li>\n<\/ul>\n<h4><strong>Hat\u00e9kony ken\u0151rendszer<\/strong><\/h4>\n<ul>\n<li><strong>Jellemz\u0151<\/strong>Az FMP-FK150 hat\u00e9kony ken\u0151rendszerrel van ell\u00e1tva, amely biztos\u00edtja a ken\u0151anyag egyenletes eloszl\u00e1s\u00e1t az \u00f6sszes mozg\u00f3 alkatr\u00e9szen. Ez a rendszer seg\u00edt fenntartani az optim\u00e1lis \u00fczemi h\u0151m\u00e9rs\u00e9kletet \u00e9s minimaliz\u00e1lja a s\u00farl\u00f3d\u00e1st.<\/li>\n<li><strong>Haszon<\/strong>A tov\u00e1bbfejlesztett ken\u0151rendszer cs\u00f6kkenti a fogaskerekek kop\u00e1s\u00e1t, m\u00e9rs\u00e9kli a t\u00falmeleged\u00e9s kock\u00e1zat\u00e1t, \u00e9s meghosszabb\u00edtja a sebess\u00e9gv\u00e1lt\u00f3 \u00e9lettartam\u00e1t, m\u00e9g hosszabb \u00fczemel\u00e9s eset\u00e9n is.<\/li>\n<\/ul>\n<p>Az FMP-FK150 sz\u00f6gletes b\u00e1l\u00e1z\u00f3 hajt\u00f3m\u0171 fejlett funkci\u00f3kkal rendelkezik, amelyek nagy hat\u00e9konys\u00e1got, tart\u00f3ss\u00e1got \u00e9s k\u00f6nny\u0171 haszn\u00e1latot biztos\u00edtanak a neh\u00e9z mez\u0151gazdas\u00e1gi k\u00f6rnyezetben. Nagy nyomat\u00e9kkapacit\u00e1sa, prec\u00edzi\u00f3s m\u00e9rn\u00f6ki munk\u00e1ja \u00e9s tart\u00f3s h\u00e1za megb\u00edzhat\u00f3 v\u00e1laszt\u00e1ss\u00e1 teszi az egyenletes, kiv\u00e1l\u00f3 min\u0151s\u00e9g\u0171 sz\u00f6gletes b\u00e1l\u00e1k k\u00e9sz\u00edt\u00e9s\u00e9hez. A sokoldal\u00fa, kompakt kialak\u00edt\u00e1s biztos\u00edtja a kompatibilit\u00e1st a b\u00e1l\u00e1z\u00f3k \u00e9s mez\u0151gazdas\u00e1gi berendez\u00e9sek sz\u00e9les v\u00e1laszt\u00e9k\u00e1val, m\u00edg a megb\u00edzhat\u00f3s\u00e1gra \u00e9s az alacsony karbantart\u00e1si ig\u00e9nyre val\u00f3 \u00f6sszpontos\u00edt\u00e1s seg\u00edt cs\u00f6kkenteni az \u00fczemeltet\u00e9si k\u00f6lts\u00e9geket \u00e9s n\u00f6velni a termel\u00e9kenys\u00e9get. Ak\u00e1r sz\u00e9na, szalma, sil\u00f3z\u00e1s vagy egy\u00e9b alkalmaz\u00e1sokhoz haszn\u00e1lj\u00e1k, az FMP-FK150 hajt\u00f3m\u0171 a modern mez\u0151gazdas\u00e1gi m\u0171veletek kritikus fontoss\u00e1g\u00fa eleme.<\/p>\n<p><img loading=\"lazy\" decoding=\"async\" class=\"alignnone size-full wp-image-2588\" src=\"https:\/\/fmp-components.com\/wp-content\/uploads\/2025\/01\/FMP-FK215-Square-Baler-Gearbox-Applications-980x4831-1.webp\" alt=\"FMP-FK215-Sz\u00f6gletes-B\u00e1l\u00e1z\u00f3-Hajt\u00f3m\u0171-Alkalmaz\u00e1s-980x483(1)\" width=\"980\" height=\"483\" title=\"\" srcset=\"https:\/\/fmp-components.com\/wp-content\/uploads\/2025\/01\/FMP-FK215-Square-Baler-Gearbox-Applications-980x4831-1.webp 980w, https:\/\/fmp-components.com\/wp-content\/uploads\/2025\/01\/FMP-FK215-Square-Baler-Gearbox-Applications-980x4831-1-480x237.webp 480w\" sizes=\"(min-width: 0px) and (max-width: 480px) 480px, (min-width: 481px) 980px, 100vw\" \/><\/p>\n<h3>Az FMP-FK150 sz\u00f6gletes b\u00e1l\u00e1z\u00f3 sebess\u00e9gv\u00e1lt\u00f3 alkalmaz\u00e1si ter\u00fcletei<\/h3>\n<p>Az FMP-FK150 sz\u00f6gletes b\u00e1l\u00e1z\u00f3 hajt\u00f3m\u0171vet kifejezetten k\u00fcl\u00f6nf\u00e9le mez\u0151gazdas\u00e1gi alkalmaz\u00e1sokhoz, k\u00fcl\u00f6n\u00f6sen b\u00e1l\u00e1z\u00f3rendszerekhez tervezt\u00e9k. Robusztus \u00e9s nagy teljes\u00edtm\u00e9ny\u0171 kialak\u00edt\u00e1s\u00e1nak k\u00f6sz\u00f6nhet\u0151en sz\u00e9les k\u00f6r\u0171 mez\u0151gazdas\u00e1gi g\u00e9pekhez \u00e9s m\u0171veletekhez alkalmas. Az al\u00e1bbiakban felsoroljuk azokat a f\u0151bb alkalmaz\u00e1si ter\u00fcleteket, ahol az FMP-FK150 hajt\u00f3m\u0171 kiemelked\u0151en teljes\u00edt:<\/p>\n<h4><strong>Sz\u00e9na b\u00e1l\u00e1z\u00e1s<\/strong><\/h4>\n<ul>\n<li><strong>Alkalmaz\u00e1s<\/strong>Az FMP-FK150 sebess\u00e9gv\u00e1lt\u00f3t sz\u00e9les k\u00f6rben haszn\u00e1lj\u00e1k sz\u00e9nab\u00e1l\u00e1z\u00f3kban sz\u00e1r\u00edtott f\u0171b\u0151l vagy sz\u00e9n\u00e1b\u00f3l k\u00e9sz\u00fclt, n\u00e9gyzet alak\u00fa b\u00e1l\u00e1k k\u00e9sz\u00edt\u00e9s\u00e9hez, ami kritikus fontoss\u00e1g\u00fa eleme az \u00e1llati takarm\u00e1nytermel\u00e9snek.<\/li>\n<li><strong>Haszon<\/strong>A sebess\u00e9gv\u00e1lt\u00f3 hat\u00e9kony er\u0151\u00e1tvitelt biztos\u00edt a b\u00e1l\u00e1z\u00f3 mechanizmusokhoz, ami j\u00f3l form\u00e1zott, szorosan csomagolt, n\u00e9gyzet alak\u00fa sz\u00e9nab\u00e1l\u00e1kat eredm\u00e9nyez, amelyek k\u00f6nnyen t\u00e1rolhat\u00f3k \u00e9s sz\u00e1ll\u00edthat\u00f3k.<\/li>\n<\/ul>\n<h4><strong>Szalmab\u00e1l\u00e1z\u00e1s<\/strong><\/h4>\n<ul>\n<li><strong>Alkalmaz\u00e1s<\/strong>A szalm\u00e1t, amely olyan n\u00f6v\u00e9nyek mell\u00e9kterm\u00e9ke, mint a b\u00faza, az \u00e1rpa \u00e9s a zab, gyakran b\u00e1l\u00e1zz\u00e1k, hogy \u00e1llatok alomanyagak\u00e9nt, vagy komposzt\u00e1l\u00e1s\u00e1ra \u00e9s bioenergia el\u0151\u00e1ll\u00edt\u00e1s\u00e1ra haszn\u00e1lj\u00e1k. Az FMP-FK150 sebess\u00e9gv\u00e1lt\u00f3 ide\u00e1lis erre az alkalmaz\u00e1sra.<\/li>\n<li><strong>Haszon<\/strong>Nagy nyomat\u00e9kkapacit\u00e1s\u00e1nak \u00e9s megb\u00edzhat\u00f3 teljes\u00edtm\u00e9ny\u00e9nek k\u00f6sz\u00f6nhet\u0151en a b\u00e1l\u00e1z\u00f3 hat\u00e9konyan m\u0171k\u00f6dik m\u00e9g s\u0171r\u0171 vagy kem\u00e9ny szalm\u00e1val is, er\u0151s, egyenletes b\u00e1l\u00e1kat k\u00e9sz\u00edtve.<\/li>\n<\/ul>\n<h4><strong>Sil\u00f3z\u00e1si b\u00e1l\u00e1z\u00e1s<\/strong><\/h4>\n<ul>\n<li><strong>Alkalmaz\u00e1s<\/strong>A sil\u00f3z\u00e1si termel\u00e9s sor\u00e1n a n\u00f6v\u00e9nyeket, p\u00e9ld\u00e1ul a f\u00fcvet, a kukoric\u00e1t vagy a h\u00fcvelyeseket b\u00e1l\u00e1zz\u00e1k anaerob k\u00f6rnyezetben t\u00f6rt\u00e9n\u0151 t\u00e1rol\u00e1s c\u00e9lj\u00e1b\u00f3l, hogy meg\u0151rizz\u00e9k t\u00e1p\u00e9rt\u00e9k\u00fcket. Az FMP-FK150 sebess\u00e9gv\u00e1lt\u00f3 sil\u00f3z\u00f3ban haszn\u00e1lhat\u00f3 kompakt, lez\u00e1rt, n\u00e9gysz\u00f6gletes b\u00e1l\u00e1k k\u00e9sz\u00edt\u00e9s\u00e9hez.<\/li>\n<li><strong>Haszon<\/strong>A sebess\u00e9gv\u00e1lt\u00f3 biztos\u00edtja a sz\u00fcks\u00e9ges nyomat\u00e9kot a nedves, neh\u00e9z szil\u00e1zs t\u00f6m\u00f6r\u00edt\u00e9s\u00e9hez, biztos\u00edtva a nagy s\u0171r\u0171s\u00e9g\u0171, k\u00f6nnyen t\u00e1rolhat\u00f3 \u00e9s tart\u00f3s\u00edthat\u00f3 b\u00e1l\u00e1kat.<\/li>\n<\/ul>\n<h4><strong>N\u00f6v\u00e9nyi maradv\u00e1nyok b\u00e1l\u00e1z\u00e1sa<\/strong><\/h4>\n<ul>\n<li><strong>Alkalmaz\u00e1s<\/strong>Betakar\u00edt\u00e1s ut\u00e1n a n\u00f6v\u00e9nyi maradv\u00e1nyokat, p\u00e9ld\u00e1ul a kukoricasz\u00e1rat, a gyapotsz\u00e1rat \u00e9s m\u00e1s n\u00f6v\u00e9nyi anyagokat gyakran b\u00e1l\u00e1zz\u00e1k, hogy bioenergia-termel\u00e9sben vagy k\u00fcl\u00f6nf\u00e9le mez\u0151gazdas\u00e1gi folyamatok alapanyagak\u00e9nt haszn\u00e1lj\u00e1k fel.<\/li>\n<li><strong>Haszon<\/strong>A hajt\u00f3m\u0171 a kem\u00e9ny, rostos n\u00f6v\u00e9nyi maradv\u00e1nyok b\u00e1l\u00e1z\u00e1s\u00e1nak magas k\u00f6vetelm\u00e9nyeit is kezeli, biztos\u00edtva, hogy a b\u00e1l\u00e1k szorosan csomagol\u00f3djanak \u00e9s tov\u00e1bbi feldolgoz\u00e1sra vagy felhaszn\u00e1l\u00e1sra alkalmasak legyenek.<\/li>\n<\/ul>\n<p>Az FMP-FK150 sz\u00f6gletes b\u00e1l\u00e1z\u00f3 hajt\u00f3m\u0171 ide\u00e1lis sz\u00e9les k\u00f6r\u0171 mez\u0151gazdas\u00e1gi alkalmaz\u00e1sokhoz, ahol nagy s\u0171r\u0171s\u00e9g\u0171 sz\u00f6gletes b\u00e1l\u00e1kra van sz\u00fcks\u00e9g. Legyen sz\u00f3 sz\u00e9n\u00e1r\u00f3l, szalm\u00e1r\u00f3l, sil\u00f3r\u00f3l vagy n\u00f6v\u00e9nyi maradv\u00e1nyokr\u00f3l, a hajt\u00f3m\u0171 megb\u00edzhat\u00f3 \u00e9s hat\u00e9kony teljes\u00edtm\u00e9nyt biztos\u00edt, maximaliz\u00e1lja a b\u00e1l\u00e1z\u00f3g\u00e9pek m\u0171k\u00f6d\u00e9si hat\u00e9konys\u00e1g\u00e1t. Sokoldal\u00fas\u00e1ga, nagy nyomat\u00e9kkapacit\u00e1sa \u00e9s tart\u00f3ss\u00e1ga \u00e9rt\u00e9kes elemm\u00e9 teszi a mez\u0151gazdas\u00e1gi m\u0171veletekhez, legyen sz\u00f3 kis csal\u00e1di gazdas\u00e1gokr\u00f3l vagy nagy kereskedelmi v\u00e1llalkoz\u00e1sokr\u00f3l.<\/p>\n<table style=\"border-collapse: collapse; width: 99.3125%; height: 24px;\" border=\"0\" width=\"128\" cellspacing=\"0\" cellpadding=\"0\">\n<tbody>\n<tr style=\"height: 13.8pt;\">\n<td style=\"height: 13.8pt; width: 48pt;\" align=\"right\" width=\"64\" height=\"18\"><img loading=\"lazy\" decoding=\"async\" class=\"alignnone size-full wp-image-2615\" src=\"https:\/\/fmp-components.com\/wp-content\/uploads\/2025\/01\/Square-Baler-Gearbox-EP-FK150-Application-Area-1-1024x6861-1.webp\" alt=\"Sz\u00f6gletes-B\u00e1l\u00e1z\u00f3-Hajt\u00f3m\u0171-EP-FK150-Alkalmaz\u00e1si-Ter\u00fclet-1-1024x686(1)\" width=\"1024\" height=\"686\" title=\"\" srcset=\"https:\/\/fmp-components.com\/wp-content\/uploads\/2025\/01\/Square-Baler-Gearbox-EP-FK150-Application-Area-1-1024x6861-1.webp 1024w, https:\/\/fmp-components.com\/wp-content\/uploads\/2025\/01\/Square-Baler-Gearbox-EP-FK150-Application-Area-1-1024x6861-1-980x657.webp 980w, https:\/\/fmp-components.com\/wp-content\/uploads\/2025\/01\/Square-Baler-Gearbox-EP-FK150-Application-Area-1-1024x6861-1-480x322.webp 480w\" sizes=\"(min-width: 0px) and (max-width: 480px) 480px, (min-width: 481px) and (max-width: 980px) 980px, (min-width: 981px) 1024px, 100vw\" \/><\/td>\n<td style=\"width: 48pt;\" align=\"right\" width=\"64\"><img loading=\"lazy\" decoding=\"async\" class=\"alignnone size-full wp-image-2614\" src=\"https:\/\/fmp-components.com\/wp-content\/uploads\/2025\/01\/Square-Baler-Gearbox-EP-FK150-Application-Area-2-1024x6861-1.webp\" alt=\"Sz\u00f6gletes-B\u00e1l\u00e1z\u00f3-Hajt\u00f3m\u0171-EP-FK150-Alkalmaz\u00e1si-Ter\u00fclet-2-1024x686(1)\" width=\"1024\" height=\"686\" title=\"\" srcset=\"https:\/\/fmp-components.com\/wp-content\/uploads\/2025\/01\/Square-Baler-Gearbox-EP-FK150-Application-Area-2-1024x6861-1.webp 1024w, https:\/\/fmp-components.com\/wp-content\/uploads\/2025\/01\/Square-Baler-Gearbox-EP-FK150-Application-Area-2-1024x6861-1-980x657.webp 980w, https:\/\/fmp-components.com\/wp-content\/uploads\/2025\/01\/Square-Baler-Gearbox-EP-FK150-Application-Area-2-1024x6861-1-480x322.webp 480w\" sizes=\"(min-width: 0px) and (max-width: 480px) 480px, (min-width: 481px) and (max-width: 980px) 980px, (min-width: 981px) 1024px, 100vw\" \/><\/td>\n<\/tr>\n<\/tbody>\n<\/table>\n<h3>Az FMP-r\u0151l<\/h3>\n<p>Az olaszorsz\u00e1gi sz\u00e9khely\u0171 FMP vezet\u0151 gy\u00e1rt\u00f3, amely a nagy teljes\u00edtm\u00e9ny\u0171 sebess\u00e9gv\u00e1lt\u00f3k tervez\u00e9s\u00e9ben, fejleszt\u00e9s\u00e9ben \u00e9s gy\u00e1rt\u00e1s\u00e1ban szerzett szak\u00e9rtelm\u00e9r\u0151l ismert, k\u00fcl\u00f6n\u00f6s tekintettel a mez\u0151gazdas\u00e1gi g\u00e9piparra. A prec\u00edzi\u00f3s m\u00e9rn\u00f6ki munka, az innovat\u00edv megold\u00e1sok \u00e9s a rend\u00edthetetlen megb\u00edzhat\u00f3s\u00e1g r\u00e9v\u00e9n az FMP megb\u00edzhat\u00f3 partnerr\u00e9 v\u00e1lt mind a mez\u0151gazdas\u00e1gi, mind az ipari szektor v\u00e1ltoz\u00f3 ig\u00e9nyeinek kiel\u00e9g\u00edt\u00e9s\u00e9ben. Soksz\u00edn\u0171 term\u00e9kk\u00edn\u00e1latunkban megtal\u00e1lhat\u00f3k a f\u0171ny\u00edr\u00f3khoz val\u00f3 speci\u00e1lis sebess\u00e9gv\u00e1lt\u00f3k, kard\u00e1ntengelyek \u00e9s egy\u00e9b alapvet\u0151 alkatr\u00e9szek, amelyek mindegyik\u00e9t apr\u00f3l\u00e9kosan \u00fagy tervezt\u00fck, hogy sz\u00e9les k\u00f6r\u0171 alkalmaz\u00e1si ter\u00fcleteken k\u00edn\u00e1ljon egyedi megold\u00e1sokat.<\/p>\n<p>Az FMP-n\u00e9l meg\u00e9rtj\u00fck, hogy minden \u00fcgyf\u00e9lnek egyedi ig\u00e9nyei \u00e9s kih\u00edv\u00e1sai vannak. Ez\u00e9rt specializ\u00e1l\u00f3dtunk a szem\u00e9lyre szabott megold\u00e1sok k\u00edn\u00e1lat\u00e1ra, legyen sz\u00f3 ak\u00e1r egyedi komponensekr\u0151l, ak\u00e1r teljesen integr\u00e1lt rendszerekr\u0151l. Szorosan egy\u00fcttm\u0171k\u00f6d\u00fcnk \u00fcgyfeleinkkel annak \u00e9rdek\u00e9ben, hogy minden megold\u00e1s ne csak hat\u00e9kony, hanem eredm\u00e9nyes is legyen, optimaliz\u00e1lva a teljes\u00edtm\u00e9nyt \u00e9s az \u00e9rt\u00e9ket. Elk\u00f6telezettek vagyunk a gyors, professzion\u00e1lis v\u00e1laszok \u00e9s a szak\u00e9rt\u0151i \u00fatmutat\u00e1s ir\u00e1nt, \u00edgy minden megkeres\u00e9st a lehet\u0151 legnagyobb gondoss\u00e1ggal \u00e9s precizit\u00e1ssal kezel\u00fcnk, ami a lehet\u0151 legjobb eredm\u00e9nyekhez vezet.<\/p>\n<p>A teljes term\u00e9kfejleszt\u00e9si folyamat sor\u00e1n a ny\u00edlt \u00e9s folyamatos kommunik\u00e1ci\u00f3t helyezz\u00fck el\u0151t\u00e9rbe. Elk\u00f6telezett csapatunk k\u00f6zvetlen\u00fcl az \u00fcgyfelekkel dolgozik, hogy teljes m\u00e9rt\u00e9kben meg\u00e9rtse egyedi ig\u00e9nyeiket, \u00e9rt\u00e9kes betekint\u00e9st \u00e9s aj\u00e1nl\u00e1sokat k\u00edn\u00e1lva az optim\u00e1lis megold\u00e1sok biztos\u00edt\u00e1sa \u00e9rdek\u00e9ben. Ak\u00e1r innovat\u00edv term\u00e9keket tervez, ak\u00e1r folyamatos megrendel\u00e9seket teljes\u00edt, az FMP elk\u00f6telezett amellett, hogy minden alkalommal kiv\u00e1l\u00f3 min\u0151s\u00e9g\u0171, prec\u00edzi\u00f3san megtervezett megold\u00e1sokat sz\u00e1ll\u00edtson id\u0151ben. C\u00e9lunk, hogy \u00fcgyfeleink sz\u00e1m\u00e1ra a legjobb szolg\u00e1ltat\u00e1st \u00e9s eredm\u00e9nyeket ny\u00fajtsuk, minden projekttel fel\u00fclm\u00falva az elv\u00e1r\u00e1sokat.<\/p>\n<p>A min\u0151s\u00e9g az FMP m\u0171k\u00f6d\u00e9s\u00e9nek sarokk\u00f6ve. A legmagasabb gy\u00e1rt\u00e1si szabv\u00e1nyokat tartjuk be, szigor\u00fa min\u0151s\u00e9gellen\u0151rz\u00e9si int\u00e9zked\u00e9seket alkalmazva annak biztos\u00edt\u00e1s\u00e1ra, hogy minden term\u00e9k ne csak megfeleljen, hanem meghaladja az ipar\u00e1gi szabv\u00e1nyokat. Ez a min\u0151s\u00e9g ir\u00e1nti rend\u00edthetetlen elk\u00f6telezetts\u00e9g, valamint az integrit\u00e1s, a csapatmunka \u00e9s a kitart\u00e1s alapvet\u0151 \u00e9rt\u00e9kei lehet\u0151v\u00e9 tett\u00e9k sz\u00e1munkra, hogy hossz\u00fa t\u00e1v\u00fa, bizalmon alapul\u00f3 kapcsolatokat \u00e9p\u00edts\u00fcnk ki \u00fcgyfeleinkkel vil\u00e1gszerte k\u00f6zel 30 orsz\u00e1gban.<\/p>\n<p>Az FMP mindig nyitott a glob\u00e1lis partners\u00e9gek \u00e1pol\u00e1s\u00e1ra, \u00e9s tov\u00e1bbra is elk\u00f6telezett amellett, hogy szak\u00e9rt\u0151i tan\u00e1csokat \u00e9s szem\u00e9lyre szabott megold\u00e1sokat k\u00edn\u00e1ljon, amelyek megfelelnek \u00fcgyfeleink sokr\u00e9t\u0171 ig\u00e9nyeinek. Nemcsak term\u00e9keket sz\u00e1ll\u00edtunk; olyan tart\u00f3s kapcsolatok ki\u00e9p\u00edt\u00e9s\u00e9re t\u00f6reksz\u00fcnk, amelyek hozz\u00e1j\u00e1rulnak minden projekt siker\u00e9hez. Ak\u00e1r innovat\u00edv megold\u00e1sokra van sz\u00fcks\u00e9ge egy \u00faj kezdem\u00e9nyez\u00e9shez, ak\u00e1r folyamatos t\u00e1mogat\u00e1sra egy megl\u00e9v\u0151 rendszerhez, az FMP itt van, hogy megoldja a technikai kih\u00edv\u00e1sokat \u00e9s biztos\u00edtsa a folyamatos sikert.<\/p>\n<p><img loading=\"lazy\" decoding=\"async\" class=\"alignnone size-full wp-image-1861\" src=\"https:\/\/fmp-components.com\/wp-content\/uploads\/2024\/12\/Other-Agricultural-Gearboxes.webp\" sizes=\"(min-width: 0px) and (max-width: 480px) 480px, (min-width: 481px) and (max-width: 980px) 980px, (min-width: 981px) 1200px, 100vw\" srcset=\"https:\/\/fmp-components.com\/wp-content\/uploads\/2024\/12\/Other-Agricultural-Gearboxes.webp 1200w, https:\/\/fmp-components.com\/wp-content\/uploads\/2024\/12\/Other-Agricultural-Gearboxes-980x1143.webp 980w, https:\/\/fmp-components.com\/wp-content\/uploads\/2024\/12\/Other-Agricultural-Gearboxes-480x560.webp 480w\" alt=\"Altri-cambi-agricoli\" width=\"1200\" height=\"1400\" title=\"\"><\/p>\n<p>Szerz\u0151: CX<\/p>","protected":false},"excerpt":{"rendered":"<p>Square Baler Gearbox FMP-FK150 Dimensions Square Baler Gearbox FMP-FK150 Shaft Dimensions Square Baler Gearbox FMP-FK150 Technical Data i Suitable Rpm input Rpm output KW(Nom) KW(Max) Toothing r\/min r\/min hp hp Speed increase 1:2.07 Square Baler, etc 540 1117.8 120 550 Gleason Straight Teeth Remark: If you have any special require feel free let me know, [&hellip;]<\/p>","protected":false},"featured_media":2613,"comment_status":"open","ping_status":"closed","template":"","meta":{"_et_pb_use_builder":"","_et_pb_old_content":"","_et_gb_content_width":""},"product_brand":[],"product_cat":[62],"product_tag":[],"class_list":{"0":"post-2610","1":"product","2":"type-product","3":"status-publish","4":"has-post-thumbnail","6":"product_cat-square-baler-gearbox","8":"first","9":"instock","10":"shipping-taxable","11":"product-type-simple"},"_links":{"self":[{"href":"https:\/\/fmp-components.com\/hu\/wp-json\/wp\/v2\/product\/2610","targetHints":{"allow":["GET"]}}],"collection":[{"href":"https:\/\/fmp-components.com\/hu\/wp-json\/wp\/v2\/product"}],"about":[{"href":"https:\/\/fmp-components.com\/hu\/wp-json\/wp\/v2\/types\/product"}],"replies":[{"embeddable":true,"href":"https:\/\/fmp-components.com\/hu\/wp-json\/wp\/v2\/comments?post=2610"}],"wp:featuredmedia":[{"embeddable":true,"href":"https:\/\/fmp-components.com\/hu\/wp-json\/wp\/v2\/media\/2613"}],"wp:attachment":[{"href":"https:\/\/fmp-components.com\/hu\/wp-json\/wp\/v2\/media?parent=2610"}],"wp:term":[{"taxonomy":"product_brand","embeddable":true,"href":"https:\/\/fmp-components.com\/hu\/wp-json\/wp\/v2\/product_brand?post=2610"},{"taxonomy":"product_cat","embeddable":true,"href":"https:\/\/fmp-components.com\/hu\/wp-json\/wp\/v2\/product_cat?post=2610"},{"taxonomy":"product_tag","embeddable":true,"href":"https:\/\/fmp-components.com\/hu\/wp-json\/wp\/v2\/product_tag?post=2610"}],"curies":[{"name":"munkaf\u00fczet","href":"https:\/\/api.w.org\/{rel}","templated":true}]}}