{"id":2604,"date":"2025-01-03T02:27:59","date_gmt":"2025-01-03T02:27:59","guid":{"rendered":"https:\/\/fmp-components.com\/?page_id=8"},"modified":"2025-01-03T02:27:59","modified_gmt":"2025-01-03T02:27:59","slug":"square-baler-gearbox-fmp-fk136","status":"publish","type":"product","link":"https:\/\/fmp-components.com\/hu\/product\/square-baler-gearbox-fmp-fk136\/","title":{"rendered":"FMP-FK136 sz\u00f6gletes b\u00e1l\u00e1z\u00f3 sebess\u00e9gv\u00e1lt\u00f3"},"content":{"rendered":"<p><img loading=\"lazy\" decoding=\"async\" class=\"size-full wp-image-2609 aligncenter\" src=\"https:\/\/fmp-components.com\/wp-content\/uploads\/2025\/01\/Square-Baler-Gearbox-FMP-FK136.webp\" alt=\"Sz\u00f6gletes-B\u00e1l\u00e1z\u00f3-Sebess\u00e9gv\u00e1lt\u00f3-FMP-FK136\" width=\"600\" height=\"600\" title=\"\" srcset=\"https:\/\/fmp-components.com\/wp-content\/uploads\/2025\/01\/Square-Baler-Gearbox-FMP-FK136.webp 600w, https:\/\/fmp-components.com\/wp-content\/uploads\/2025\/01\/Square-Baler-Gearbox-FMP-FK136-480x480.webp 480w\" sizes=\"(min-width: 0px) and (max-width: 480px) 480px, (min-width: 481px) 600px, 100vw\" \/><\/p>\n<h2>FMP-FK136 sz\u00f6gletes b\u00e1l\u00e1z\u00f3 hajt\u00f3m\u0171 m\u00e9retei<\/h2>\n<p><img loading=\"lazy\" decoding=\"async\" class=\"alignnone size-full wp-image-2605\" src=\"https:\/\/fmp-components.com\/wp-content\/uploads\/2025\/01\/Square-Baler-Gearbox-FMP-FK136-Dimensions.webp\" alt=\"Sz\u00f6gletes-B\u00e1l\u00e1z\u00f3-Hajt\u00f3m\u0171-FMP-FK136-M\u00e9retek\" width=\"1374\" height=\"821\" title=\"\" srcset=\"https:\/\/fmp-components.com\/wp-content\/uploads\/2025\/01\/Square-Baler-Gearbox-FMP-FK136-Dimensions.webp 1374w, https:\/\/fmp-components.com\/wp-content\/uploads\/2025\/01\/Square-Baler-Gearbox-FMP-FK136-Dimensions-1280x765.webp 1280w, https:\/\/fmp-components.com\/wp-content\/uploads\/2025\/01\/Square-Baler-Gearbox-FMP-FK136-Dimensions-980x586.webp 980w, https:\/\/fmp-components.com\/wp-content\/uploads\/2025\/01\/Square-Baler-Gearbox-FMP-FK136-Dimensions-480x287.webp 480w\" sizes=\"(min-width: 0px) and (max-width: 480px) 480px, (min-width: 481px) and (max-width: 980px) 980px, (min-width: 981px) and (max-width: 1280px) 1280px, (min-width: 1281px) 1374px, 100vw\" \/><\/p>\n<h2>FMP-FK136 sz\u00f6gletes b\u00e1l\u00e1z\u00f3 hajt\u00f3m\u0171 tengelym\u00e9retei<\/h2>\n<p><img loading=\"lazy\" decoding=\"async\" class=\"alignnone size-full wp-image-2606\" src=\"https:\/\/fmp-components.com\/wp-content\/uploads\/2025\/01\/Square-Baler-Gearbox-FMP-FK136-Shaft-Dimensions.webp\" alt=\"Sz\u00f6gletes-B\u00e1l\u00e1z\u00f3-Hajt\u00f3m\u0171-FMP-FK136-Tengely-M\u00e9retek\" width=\"1366\" height=\"418\" title=\"\" srcset=\"https:\/\/fmp-components.com\/wp-content\/uploads\/2025\/01\/Square-Baler-Gearbox-FMP-FK136-Shaft-Dimensions.webp 1366w, https:\/\/fmp-components.com\/wp-content\/uploads\/2025\/01\/Square-Baler-Gearbox-FMP-FK136-Shaft-Dimensions-1280x392.webp 1280w, https:\/\/fmp-components.com\/wp-content\/uploads\/2025\/01\/Square-Baler-Gearbox-FMP-FK136-Shaft-Dimensions-980x300.webp 980w, https:\/\/fmp-components.com\/wp-content\/uploads\/2025\/01\/Square-Baler-Gearbox-FMP-FK136-Shaft-Dimensions-480x147.webp 480w\" sizes=\"(min-width: 0px) and (max-width: 480px) 480px, (min-width: 481px) and (max-width: 980px) 980px, (min-width: 981px) and (max-width: 1280px) 1280px, (min-width: 1281px) 1366px, 100vw\" \/><\/p>\n<h2>FMP-FK270 sz\u00f6gletes b\u00e1l\u00e1z\u00f3 hajt\u00f3m\u0171 m\u0171szaki adatai<\/h2>\n<table style=\"width: 99.3987%; height: 186px;\" border=\"1\" cellspacing=\"0\" cellpadding=\"0\">\n<tbody>\n<tr>\n<td colspan=\"2\" rowspan=\"2\">\u00e9n<\/td>\n<td rowspan=\"2\">Alkalmas<\/td>\n<td>Fordulatsz\u00e1m bemenet<\/td>\n<td>Fordulatsz\u00e1m-kimenet<\/td>\n<td>kW (n\u00e9vleges)<\/td>\n<td>kW (maximum)<\/td>\n<td rowspan=\"2\">Fogazat<\/td>\n<\/tr>\n<tr>\n<td>fordulat\/perc<\/td>\n<td>fordulat\/perc<\/td>\n<td>l\u00f3er\u0151<\/td>\n<td>l\u00f3er\u0151<\/td>\n<\/tr>\n<tr>\n<td>Sebess\u00e9gn\u00f6veked\u00e9s<\/td>\n<td>1:2.28<\/td>\n<td>Sz\u00f6gletes b\u00e1l\u00e1z\u00f3 stb.<\/td>\n<td>540<\/td>\n<td>1231.2<\/td>\n<td>140<\/td>\n<td>500<\/td>\n<td>Gleason-egyenes<br \/>\nFogak<\/td>\n<\/tr>\n<tr>\n<td colspan=\"8\">Megjegyz\u00e9s: Ha b\u00e1rmilyen k\u00fcl\u00f6nleges ig\u00e9nye van, nyugodtan sz\u00f3ljon, mi is elfogadjuk az egyedi megrendel\u00e9seket.<\/td>\n<\/tr>\n<\/tbody>\n<\/table>\n<h2>FMP-FK136 sz\u00f6gletes b\u00e1l\u00e1z\u00f3 sebess\u00e9gv\u00e1lt\u00f3 szerkezeti alkatr\u00e9szei<\/h2>\n<div class=\"flex max-w-full flex-col flex-grow\">\n<div class=\"min-h-8 text-message flex w-full flex-col items-end gap-2 whitespace-normal break-words text-start [.text-message+&amp;]:mt-5\" dir=\"auto\" data-message-author-role=\"assistant\" data-message-id=\"487f2f15-9842-4252-8a89-0028add5a077\" data-message-model-slug=\"gpt-4o\">\n<div class=\"flex w-full flex-col gap-1 empty:hidden first:pt-[3px]\">\n<div class=\"markdown prose w-full break-words dark:prose-invert light\">\n<p>Az FMP-FK136 sz\u00f6gletes b\u00e1l\u00e1z\u00f3 sebess\u00e9gv\u00e1lt\u00f3 egy robusztus \u00e9s prec\u00edzi\u00f3san megtervezett sebess\u00e9gv\u00e1lt\u00f3, amelyet a sz\u00f6gletes b\u00e1l\u00e1z\u00f3 g\u00e9pek nagy nyomat\u00e9kig\u00e9ny\u00e9nek kezel\u00e9s\u00e9re terveztek. Szerkezeti elemei hat\u00e9kony er\u0151\u00e1tvitelt, tart\u00f3ss\u00e1got \u00e9s z\u00f6kken\u0151mentes m\u0171k\u00f6d\u00e9st biztos\u00edtanak m\u00e9g zord mez\u0151gazdas\u00e1gi k\u00f6r\u00fclm\u00e9nyek k\u00f6z\u00f6tt is. Az al\u00e1bbiakban az FMP-FK136 sz\u00f6gletes b\u00e1l\u00e1z\u00f3 sebess\u00e9gv\u00e1lt\u00f3 f\u0151bb szerkezeti elemei l\u00e1that\u00f3k:<\/p>\n<h4>1. <strong>Bemeneti tengely<\/strong><\/h4>\n<ul>\n<li><strong>Funkci\u00f3<\/strong>A bemen\u0151 tengely az az alkatr\u00e9sz, amely \u00f6sszek\u00f6ti a sebess\u00e9gv\u00e1lt\u00f3t a traktor teljes\u00edtm\u00e9nylead\u00f3 tengely\u00e9vel (TLT). Ez viszi \u00e1t a traktor forg\u00e1si erej\u00e9t a sebess\u00e9gv\u00e1lt\u00f3nak.<\/li>\n<li><strong>Anyag<\/strong>A jellemz\u0151en nagy szil\u00e1rds\u00e1g\u00fa ac\u00e9lb\u00f3l k\u00e9sz\u00fclt bemen\u0151 tengelyt \u00fagy tervezt\u00e9k, hogy ellen\u00e1lljon a traktorr\u00f3l k\u00f6zvet\u00edtett nyomat\u00e9knak.<\/li>\n<\/ul>\n<h4>2. <strong>F\u0151 h\u00e1z<\/strong><\/h4>\n<ul>\n<li><strong>Funkci\u00f3<\/strong>A <strong>f\u0151 h\u00e1z<\/strong> a k\u00fcls\u0151 burkolat, amely a sebess\u00e9gv\u00e1lt\u00f3 \u00f6sszes bels\u0151 fogaskerek\u00e9t \u00e9s alkatr\u00e9sz\u00e9t k\u00f6r\u00fclveszi. V\u00e9di a bels\u0151 alkatr\u00e9szeket a szennyez\u0151d\u00e9sekt\u0151l, t\u00f6rmel\u00e9kekt\u0151l \u00e9s a k\u00f6rnyezeti hat\u00e1sokt\u00f3l, mik\u00f6zben a ken\u0151rendszert is mag\u00e1ban foglalja.<\/li>\n<li><strong>Anyag<\/strong>A tart\u00f3s, nagy szil\u00e1rds\u00e1g\u00fa \u00f6nt\u00f6ttvasb\u00f3l vagy ac\u00e9lb\u00f3l k\u00e9sz\u00fclt h\u00e1zat \u00fagy tervezt\u00e9k, hogy ellen\u00e1lljon az \u00fct\u00e9seknek \u00e9s a kop\u00e1snak.<\/li>\n<\/ul>\n<h4>3. <strong>Bolyg\u00f3ker\u00e9k-k\u00e9szlet<\/strong><\/h4>\n<ul>\n<li><strong>Funkci\u00f3<\/strong>A bolyg\u00f3kerekes hajt\u00f3m\u0171 sz\u00e1mos sebess\u00e9gv\u00e1lt\u00f3, k\u00f6zt\u00fck az FMP-FK136 kulcsfontoss\u00e1g\u00fa alkatr\u00e9sze. A napker\u00e9kb\u0151l, a bolyg\u00f3kerekekb\u0151l \u00e9s a t\u00e1ny\u00e9rker\u00e9kb\u0151l \u00e1ll, amelyek egy\u00fcttesen biztos\u00edtj\u00e1k a sz\u00fcks\u00e9ges \u00e1tt\u00e9telt a sima er\u0151\u00e1tvitelhez.<\/li>\n<li><strong>Anyag<\/strong>A fogaskerekek jellemz\u0151en edzett ac\u00e9lb\u00f3l k\u00e9sz\u00fclnek, prec\u00edzi\u00f3s megmunk\u00e1l\u00e1ssal \u00e9s h\u0151kezel\u00e9ssel a minim\u00e1lis kop\u00e1s \u00e9s a hossz\u00fa \u00e9lettartam biztos\u00edt\u00e1sa \u00e9rdek\u00e9ben.<\/li>\n<\/ul>\n<h4>4. <strong>K\u00fapkerekek<\/strong><\/h4>\n<ul>\n<li><strong>Funkci\u00f3<\/strong>A ferde fogaskerekek a sebess\u00e9gv\u00e1lt\u00f3n bel\u00fcli forg\u00e1sir\u00e1ny megv\u00e1ltoztat\u00e1s\u00e1ra szolg\u00e1lnak. Ezek a fogaskerekek k\u00fcl\u00f6n\u00f6sen fontosak, amikor a bemen\u0151 tengely sz\u00f6gben hajtja a sebess\u00e9gv\u00e1lt\u00f3t, \u00e9s ez\u00e1ltal a b\u00e1l\u00e1z\u00f3 k\u00fcl\u00f6nb\u00f6z\u0151 alkatr\u00e9szeihez tov\u00e1bb\u00edtja az er\u0151t.<\/li>\n<li><strong>Anyag<\/strong>A k\u00fapkerekek nagy szil\u00e1rds\u00e1g\u00fa, h\u0151kezelt ac\u00e9lb\u00f3l k\u00e9sz\u00fclnek, ami biztos\u00edtja, hogy nagy terhel\u00e9snek ellen\u00e1lljanak \u00e9s tov\u00e1bbra is sim\u00e1n m\u0171k\u00f6djenek.<\/li>\n<\/ul>\n<h4>5. <strong>Kimen\u0151 tengely<\/strong><\/h4>\n<ul>\n<li><strong>Funkci\u00f3<\/strong>A kimen\u0151 tengelyen kereszt\u00fcl jut el a sebess\u00e9gv\u00e1lt\u00f3 teljes\u00edtm\u00e9nye a b\u00e1l\u00e1z\u00f3 m\u0171k\u00f6d\u00e9si alkatr\u00e9szeihez, p\u00e9ld\u00e1ul az adagol\u00f3rendszerhez, a csom\u00f3z\u00f3 mechanizmushoz \u00e9s a s\u0171r\u00edt\u0151kamr\u00e1hoz. A kimen\u0151 tengelyt \u00fagy tervezt\u00e9k, hogy a megfelel\u0151 sebess\u00e9get \u00e9s nyomat\u00e9kot biztos\u00edtsa ezen alkatr\u00e9szek hat\u00e9kony m\u0171k\u00f6dtet\u00e9s\u00e9hez.<\/li>\n<li><strong>Anyag<\/strong>A bemen\u0151 tengelyhez hasonl\u00f3an a kimen\u0151 tengely is nagy szil\u00e1rds\u00e1g\u00fa ac\u00e9lb\u00f3l k\u00e9sz\u00fclt a tart\u00f3ss\u00e1g \u00e9s a hossz\u00fa \u00e9lettartam biztos\u00edt\u00e1sa \u00e9rdek\u00e9ben.<\/li>\n<\/ul>\n<p>Az FMP-FK136 sz\u00f6gletes b\u00e1l\u00e1z\u00f3 hajt\u00f3m\u0171 sz\u00e1mos prec\u00edzi\u00f3san megtervezett alkatr\u00e9szb\u0151l \u00e1ll, amelyeket \u00fagy terveztek, hogy z\u00f6kken\u0151mentesen m\u0171k\u00f6djenek egy\u00fctt, biztos\u00edtva a megb\u00edzhat\u00f3 er\u0151\u00e1tvitelt \u00e9s a hat\u00e9kony m\u0171k\u00f6d\u00e9st a mez\u0151gazdas\u00e1gi b\u00e1l\u00e1z\u00f3 berendez\u00e9sekben. A nagy szil\u00e1rds\u00e1g\u00fa be- \u00e9s kimen\u0151 tengelyekt\u0151l kezdve a bolyg\u00f3kerekes hajt\u00f3m\u0171veken, csap\u00e1gyakon \u00e9s t\u00f6m\u00edt\u00e9seken \u00e1t minden alkatr\u00e9sz tart\u00f3ss\u00e1gra \u00e9s hossz\u00fa t\u00e1v\u00fa teljes\u00edtm\u00e9nyre lett tervezve. A robusztus kialak\u00edt\u00e1s \u00e9s az alkatr\u00e9szek strat\u00e9giai elrendez\u00e9se biztos\u00edtja, hogy a hajt\u00f3m\u0171 nagy nyomat\u00e9kot \u00e9s ig\u00e9nyes mez\u0151gazdas\u00e1gi k\u00f6r\u00fclm\u00e9nyeket is k\u00e9pes kezelni, \u00edgy a modern b\u00e1l\u00e1z\u00f3 g\u00e9pek megb\u00edzhat\u00f3 r\u00e9sz\u00e9v\u00e9 v\u00e1lik.<\/p>\n<p><img loading=\"lazy\" decoding=\"async\" class=\"alignnone size-full wp-image-2607\" src=\"https:\/\/fmp-components.com\/wp-content\/uploads\/2025\/01\/Square-Baler-Gearbox-EP-FK136-Structure-Components1.webp\" alt=\"Sz\u00f6gletes-B\u00e1l\u00e1z\u00f3-Hajt\u00f3m\u0171-FMP-FK136-Szerkezeti-Alkatr\u00e9szek(1)\" width=\"1457\" height=\"906\" title=\"\" srcset=\"https:\/\/fmp-components.com\/wp-content\/uploads\/2025\/01\/Square-Baler-Gearbox-EP-FK136-Structure-Components1.webp 1457w, https:\/\/fmp-components.com\/wp-content\/uploads\/2025\/01\/Square-Baler-Gearbox-EP-FK136-Structure-Components1-1280x796.webp 1280w, https:\/\/fmp-components.com\/wp-content\/uploads\/2025\/01\/Square-Baler-Gearbox-EP-FK136-Structure-Components1-980x609.webp 980w, https:\/\/fmp-components.com\/wp-content\/uploads\/2025\/01\/Square-Baler-Gearbox-EP-FK136-Structure-Components1-480x298.webp 480w\" sizes=\"(min-width: 0px) and (max-width: 480px) 480px, (min-width: 481px) and (max-width: 980px) 980px, (min-width: 981px) and (max-width: 1280px) 1280px, (min-width: 1281px) 1457px, 100vw\" \/><\/p>\n<h2>FMP-FK136 sz\u00f6gletes b\u00e1l\u00e1z\u00f3 sebess\u00e9gv\u00e1lt\u00f3 \u00c1ltal\u00e1nos alkalmaz\u00e1sok<\/h2>\n<p>Az FMP-FK136 sz\u00f6gletes b\u00e1l\u00e1z\u00f3 sebess\u00e9gv\u00e1lt\u00f3 kifejezetten mez\u0151gazdas\u00e1gi g\u00e9pekben, els\u0151sorban b\u00e1l\u00e1z\u00e1si folyamatban val\u00f3 haszn\u00e1latra k\u00e9sz\u00fclt. Robusztus fel\u00e9p\u00edt\u00e9se \u00e9s hat\u00e9kony er\u0151\u00e1tvitele alkalmass\u00e1 teszi k\u00fcl\u00f6nf\u00e9le b\u00e1l\u00e1z\u00e1si alkalmaz\u00e1sokhoz, ahol nagy nyomat\u00e9kra, tart\u00f3ss\u00e1gra \u00e9s pontoss\u00e1gra van sz\u00fcks\u00e9g. Az al\u00e1bbiakban az FMP-FK136 sz\u00f6gletes b\u00e1l\u00e1z\u00f3 sebess\u00e9gv\u00e1lt\u00f3 n\u00e9h\u00e1ny gyakori alkalmaz\u00e1si ter\u00fclet\u00e9t ismertetj\u00fck:<\/p>\n<p><strong>Sz\u00e9na b\u00e1l\u00e1z\u00e1s<\/strong><\/p>\n<ul>\n<li>Alkalmaz\u00e1s: Az FMP-FK136 sebess\u00e9gv\u00e1lt\u00f3t gyakran haszn\u00e1lj\u00e1k sz\u00e9nab\u00e1l\u00e1z\u00e1si m\u0171veletekn\u00e9l, ahol a sz\u00e9n\u00e1t \u00f6sszegy\u0171jtik, t\u00f6m\u00f6r\u00edtik \u00e9s t\u00e9glalap alak\u00fa b\u00e1l\u00e1kba k\u00f6tik t\u00e1rol\u00e1s \u00e9s sz\u00e1ll\u00edt\u00e1s c\u00e9lj\u00e1b\u00f3l. A sebess\u00e9gv\u00e1lt\u00f3 hat\u00e9konyan tov\u00e1bb\u00edtja az er\u0151t a traktor teljes\u00edtm\u00e9nylead\u00f3 tengely\u00e9r\u0151l a b\u00e1l\u00e1z\u00f3 bels\u0151 mechanizmusaihoz.<\/li>\n<li>El\u0151ny\u00f6k: A sebess\u00e9gv\u00e1lt\u00f3 biztos\u00edtja az egyenletes b\u00e1lak\u00e9pz\u0151d\u00e9st, m\u00e9g v\u00e1ltoz\u00f3 nedvess\u00e9gtartalom \u00e9s sz\u00e9nas\u0171r\u0171s\u00e9g eset\u00e9n is, mik\u00f6zben optim\u00e1lis teljes\u00edtm\u00e9nyt ny\u00fajt hossz\u00fa \u00fczem\u00f3r\u00e1k alatt.<\/li>\n<\/ul>\n<p><strong>Szalmab\u00e1l\u00e1z\u00e1s<\/strong><\/p>\n<ul>\n<li>Alkalmaz\u00e1s: Az FMP-FK136 sebess\u00e9gv\u00e1lt\u00f3t sz\u00e9les k\u00f6rben alkalmazz\u00e1k szalmab\u00e1l\u00e1z\u00e1shoz, k\u00fcl\u00f6n\u00f6sen gabonaf\u00e9l\u00e9k, p\u00e9ld\u00e1ul b\u00faza vagy \u00e1rpa betakar\u00edt\u00e1sa ut\u00e1n. Seg\u00edt a szalma n\u00e9gyzet alak\u00fa b\u00e1l\u00e1kk\u00e1 t\u00f6m\u00f6r\u00edt\u00e9s\u00e9ben, megk\u00f6nny\u00edtve a t\u00e1rol\u00e1st, sz\u00e1ll\u00edt\u00e1st \u00e9s felhaszn\u00e1l\u00e1st k\u00fcl\u00f6nf\u00e9le c\u00e9lokra, p\u00e9ld\u00e1ul almoz\u00e1shoz vagy biomassza-t\u00fczel\u0151anyagk\u00e9nt.<\/li>\n<li>El\u0151ny\u00f6k: Er\u0151s \u00e9s hat\u00e9kony er\u0151\u00e1tvitel\u00e9nek k\u00f6sz\u00f6nhet\u0151en m\u00e9g a s\u0171r\u0171 \u00e9s rostos szalma is megfelel\u0151en b\u00e1l\u00e1z\u00f3dik, megakad\u00e1lyozva az elt\u00f6m\u0151d\u00e9st \u00e9s cs\u00f6kkentve a b\u00e1l\u00e1z\u00f3 kop\u00e1s\u00e1t.<\/li>\n<\/ul>\n<p><strong>Sil\u00f3z\u00e1si b\u00e1l\u00e1z\u00e1s<\/strong><\/p>\n<ul>\n<li>Alkalmaz\u00e1s: A sil\u00f3z\u00e1shoz haszn\u00e1lt FMP-FK136 sebess\u00e9gv\u00e1lt\u00f3 seg\u00edt a nedves, z\u00f6ld takarm\u00e1nyn\u00f6v\u00e9nyek, p\u00e9ld\u00e1ul a lucerna vagy a kukoricaszil\u00e1zs b\u00e1l\u00e1z\u00e1s\u00e1ban, amelyeket erjesztenek \u00e9s \u00e1llati takarm\u00e1nyk\u00e9nt haszn\u00e1lnak. Ezek az anyagok magas nedvess\u00e9gtartalmuk miatt k\u00fcl\u00f6nleges kezel\u00e9st ig\u00e9nyelnek, \u00e9s a sebess\u00e9gv\u00e1lt\u00f3t \u00fagy tervezt\u00e9k, hogy ilyen k\u00f6r\u00fclm\u00e9nyek k\u00f6z\u00f6tt is megb\u00edzhat\u00f3an m\u0171k\u00f6dj\u00f6n.<\/li>\n<li>El\u0151ny\u00f6k: A hajt\u00f3m\u0171 sima \u00e9s hat\u00e9kony m\u0171k\u00f6d\u00e9se t\u00f6m\u00f6r b\u00e1l\u00e1kat biztos\u00edt m\u00e9g nedves, kih\u00edv\u00e1st jelent\u0151 k\u00f6r\u00fclm\u00e9nyek k\u00f6z\u00f6tt is, \u00e9s seg\u00edt meg\u0151rizni a szil\u00e1zs t\u00e1p\u00e9rt\u00e9k\u00e9t.<\/li>\n<\/ul>\n<p><strong>Lucerna b\u00e1l\u00e1z\u00e1s<\/strong><\/p>\n<ul>\n<li>Alkalmaz\u00e1s: A lucerna b\u00e1l\u00e1z\u00e1sa az FMP-FK136 sebess\u00e9gv\u00e1lt\u00f3 m\u00e1sik kulcsfontoss\u00e1g\u00fa alkalmaz\u00e1sa. A lucerna egy magas feh\u00e9rjetartalm\u00fa takarm\u00e1nyn\u00f6v\u00e9ny, amelyet \u00e1llati takarm\u00e1nyoz\u00e1s c\u00e9lj\u00e1b\u00f3l b\u00e1l\u00e1znak. A sebess\u00e9gv\u00e1lt\u00f3 biztos\u00edtja a b\u00e1l\u00e1z\u00e1si folyamatot, biztos\u00edtva, hogy a n\u00f6v\u00e9ny j\u00f3l form\u00e1zott, s\u0171r\u0171 b\u00e1l\u00e1kk\u00e1 pr\u00e9sel\u0151dik.<\/li>\n<li>El\u0151ny\u00f6k: A hajt\u00f3m\u0171 biztos\u00edtja az egyenletes b\u00e1las\u0171r\u0171s\u00e9get \u00e9s a megfelel\u0151 t\u00f6m\u00f6r\u00edt\u00e9st, ami elengedhetetlen a lucernasz\u00e9na min\u0151s\u00e9g\u00e9nek \u00e9s t\u00e1p\u00e9rt\u00e9k\u00e9nek meg\u0151rz\u00e9s\u00e9hez.<\/li>\n<\/ul>\n<p><strong>N\u00f6v\u00e9nyi maradv\u00e1nyok b\u00e1l\u00e1z\u00e1sa<\/strong><\/p>\n<ul>\n<li>Alkalmaz\u00e1s: Az FMP-FK136 sebess\u00e9gv\u00e1lt\u00f3t n\u00f6v\u00e9nyi maradv\u00e1nyok b\u00e1l\u00e1z\u00e1s\u00e1ra haszn\u00e1lj\u00e1k, ahol a f\u0151 term\u00e9ny betakar\u00edt\u00e1sa ut\u00e1n visszamaradt anyagokat, p\u00e9ld\u00e1ul kukoricasz\u00e1rat, b\u00fazaszalm\u00e1t \u00e9s egy\u00e9b n\u00f6v\u00e9nyi anyagokat b\u00e1l\u00e1znak. Ezek a maradv\u00e1nyok k\u00fcl\u00f6nf\u00e9le c\u00e9lokra hasznos\u00edthat\u00f3k, bele\u00e9rtve a bioenergia-termel\u00e9st, az \u00e1llat\u00e1llom\u00e1ny alomoz\u00e1s\u00e1t \u00e9s a komposzt\u00e1l\u00e1st.<\/li>\n<li>El\u0151ny\u00f6k: A k\u00fcl\u00f6nf\u00e9le anyagok kezel\u00e9s\u00e9re \u00e9s a kompakt b\u00e1l\u00e1k k\u00f6vetkezetes el\u0151\u00e1ll\u00edt\u00e1s\u00e1ra val\u00f3 k\u00e9pess\u00e9ge ide\u00e1liss\u00e1 teszi ezt az alkalmaz\u00e1st, ami seg\u00edt cs\u00f6kkenteni a sz\u00e1nt\u00f3f\u00f6ldi hullad\u00e9kot \u00e9s jav\u00edtani a gazdas\u00e1g hat\u00e9konys\u00e1g\u00e1t.<\/li>\n<\/ul>\n<p>Az FMP-FK136 sz\u00f6gletes b\u00e1l\u00e1z\u00f3 hajt\u00f3m\u0171 kulcsfontoss\u00e1g\u00fa eleme a k\u00fcl\u00f6nf\u00e9le mez\u0151gazdas\u00e1gi b\u00e1l\u00e1z\u00e1si alkalmaz\u00e1soknak, k\u00fcl\u00f6n\u00f6sen ott, ahol elengedhetetlen a nagy nyomat\u00e9k \u00e9s a tart\u00f3ss\u00e1g. A v\u00e1ltozatos k\u00f6r\u00fclm\u00e9nyek k\u00f6z\u00f6tti teljes\u00edtm\u00e9ny\u00e9nek k\u00f6sz\u00f6nhet\u0151en \u2013 a sz\u00e9na- \u00e9s szalmab\u00e1l\u00e1z\u00e1st\u00f3l kezdve a biomassza- \u00e9s sil\u00f3b\u00e1l\u00e1z\u00e1sig \u2013 rendk\u00edv\u00fcl sokoldal\u00fa \u00e9s megb\u00edzhat\u00f3 hajt\u00f3m\u0171v\u00e9 teszi a modern mez\u0151gazdas\u00e1gi \u00e9s mez\u0151gazdas\u00e1gi m\u0171veletekhez. Ak\u00e1r kis-, ak\u00e1r nagy\u00fczemi gazd\u00e1lkod\u00e1sban haszn\u00e1lj\u00e1k, az FMP-FK136 hajt\u00f3m\u0171 kritikus szerepet j\u00e1tszik a hat\u00e9kony \u00e9s kiv\u00e1l\u00f3 min\u0151s\u00e9g\u0171 b\u00e1l\u00e1k biztos\u00edt\u00e1s\u00e1ban k\u00fcl\u00f6nf\u00e9le c\u00e9lokra.<\/p>\n<p><img loading=\"lazy\" decoding=\"async\" class=\"alignnone size-full wp-image-2608\" src=\"https:\/\/fmp-components.com\/wp-content\/uploads\/2025\/01\/Square-Baler-Gearbox-EP-FK136-Common-Applications1.webp\" alt=\"Sz\u00f6gletes-B\u00e1l\u00e1z\u00f3-Sebess\u00e9gv\u00e1lt\u00f3-FMP-FK136-\u00c1ltal\u00e1nos-Alkalmaz\u00e1si(1)\" width=\"1024\" height=\"564\" title=\"\" srcset=\"https:\/\/fmp-components.com\/wp-content\/uploads\/2025\/01\/Square-Baler-Gearbox-EP-FK136-Common-Applications1.webp 1024w, https:\/\/fmp-components.com\/wp-content\/uploads\/2025\/01\/Square-Baler-Gearbox-EP-FK136-Common-Applications1-980x540.webp 980w, https:\/\/fmp-components.com\/wp-content\/uploads\/2025\/01\/Square-Baler-Gearbox-EP-FK136-Common-Applications1-480x264.webp 480w\" sizes=\"(min-width: 0px) and (max-width: 480px) 480px, (min-width: 481px) and (max-width: 980px) 980px, (min-width: 981px) 1024px, 100vw\" \/><\/p>\n<h2>Az FMP-r\u0151l<\/h2>\n<p>Az olaszorsz\u00e1gi sz\u00e9khely\u0171 FMP vezet\u0151 gy\u00e1rt\u00f3, amely nagy teljes\u00edtm\u00e9ny\u0171 sebess\u00e9gv\u00e1lt\u00f3k tervez\u00e9s\u00e9ben, fejleszt\u00e9s\u00e9ben \u00e9s gy\u00e1rt\u00e1s\u00e1ban szerzett szak\u00e9rtelm\u00e9r\u0151l ismert, k\u00fcl\u00f6n\u00f6s tekintettel a mez\u0151gazdas\u00e1gi g\u00e9piparra. A prec\u00edzi\u00f3s m\u00e9rn\u00f6ki munk\u00e1r\u00f3l, innovat\u00edv megold\u00e1sair\u00f3l \u00e9s rend\u00edthetetlen megb\u00edzhat\u00f3s\u00e1g\u00e1r\u00f3l ismert FMP megb\u00edzhat\u00f3 partnerr\u00e9 v\u00e1lt mind a mez\u0151gazdas\u00e1gi, mind az ipari piacok v\u00e1ltoz\u00f3 ig\u00e9nyeinek kiel\u00e9g\u00edt\u00e9s\u00e9ben. \u00c1tfog\u00f3 term\u00e9kportf\u00f3li\u00f3nk speci\u00e1lis sebess\u00e9gv\u00e1lt\u00f3kat tartalmaz f\u0171ny\u00edr\u00f3khoz, kard\u00e1ntengelyekhez \u00e9s m\u00e1s kritikus alkatr\u00e9szekhez, amelyeket apr\u00f3l\u00e9kosan \u00fagy tervezt\u00fcnk, hogy szem\u00e9lyre szabott megold\u00e1sokat k\u00edn\u00e1ljunk a legk\u00fcl\u00f6nb\u00f6z\u0151bb alkalmaz\u00e1sokhoz.<\/p>\n<p>Az FMP-n\u00e9l felismerj\u00fck, hogy minden \u00fcgyf\u00e9l egyedi kih\u00edv\u00e1sokkal n\u00e9z szembe. Ez\u00e9rt specializ\u00e1l\u00f3dtunk az egyedi megold\u00e1sok biztos\u00edt\u00e1s\u00e1ra, legyen sz\u00f3 ak\u00e1r egyedi alkatr\u00e9szekr\u0151l, ak\u00e1r teljesen integr\u00e1lt rendszerekr\u0151l. Szorosan egy\u00fcttm\u0171k\u00f6d\u00fcnk \u00fcgyfeleinkkel annak \u00e9rdek\u00e9ben, hogy minden megold\u00e1s ne csak hat\u00e9kony, hanem eredm\u00e9nyes is legyen, optimaliz\u00e1lja a teljes\u00edtm\u00e9nyt \u00e9s maxim\u00e1lis \u00e9rt\u00e9ket biztos\u00edtson. Elk\u00f6telezettek vagyunk a gyors, professzion\u00e1lis v\u00e1laszok ir\u00e1nt, szak\u00e9rt\u0151i \u00fatmutat\u00e1ssal kombin\u00e1lva, ami biztos\u00edtja, hogy minden megkeres\u00e9st prec\u00edzen \u00e9s gondosan kezelj\u00fcnk, ami a lehet\u0151 legjobb eredm\u00e9nyekhez vezet.<\/p>\n<p>A ny\u00edlt \u00e9s folyamatos kommunik\u00e1ci\u00f3t a teljes term\u00e9kfejleszt\u00e9si \u00e9letciklus sor\u00e1n el\u0151t\u00e9rbe helyezz\u00fck. Elk\u00f6telezett csapatunk k\u00f6zvetlen\u00fcl az \u00fcgyfelekkel dolgozik, hogy m\u00e9lyrehat\u00f3an meg\u00e9rtse egyedi ig\u00e9nyeiket, \u00e9rt\u00e9kes betekint\u00e9st \u00e9s aj\u00e1nl\u00e1sokat k\u00edn\u00e1lva a leghat\u00e9konyabb megold\u00e1sok biztos\u00edt\u00e1sa \u00e9rdek\u00e9ben. Ak\u00e1r \u00faj term\u00e9keket tervez, ak\u00e1r folyamatban l\u00e9v\u0151 megrendel\u00e9seket teljes\u00edt, az FMP elk\u00f6telezett amellett, hogy minden alkalommal kiv\u00e1l\u00f3 min\u0151s\u00e9g\u0171, prec\u00edzi\u00f3san megtervezett megold\u00e1sokat sz\u00e1ll\u00edtson id\u0151ben. C\u00e9lunk, hogy folyamatosan fel\u00fclm\u00faljuk az elv\u00e1r\u00e1sokat, \u00e9s minden projektben a legjobb szolg\u00e1ltat\u00e1st \u00e9s eredm\u00e9nyeket ny\u00fajtsuk \u00fcgyfeleinknek.<\/p>\n<p>A min\u0151s\u00e9g az FMP m\u0171k\u00f6d\u00e9s\u00e9nek sarokk\u00f6ve. A legmagasabb gy\u00e1rt\u00e1si szabv\u00e1nyokat k\u00f6vetj\u00fck, szigor\u00fa min\u0151s\u00e9gellen\u0151rz\u00e9si folyamatokat alkalmazva annak biztos\u00edt\u00e1s\u00e1ra, hogy minden term\u00e9k ne csak megfeleljen, hanem t\u00fal is sz\u00e1rnyalja az ipar\u00e1gi k\u00f6vetelm\u00e9nyeket. Ez a min\u0151s\u00e9g ir\u00e1nti rend\u00edthetetlen elk\u00f6telezetts\u00e9g, valamint az olyan alapvet\u0151 \u00e9rt\u00e9keink, mint az integrit\u00e1s, a csapatmunka \u00e9s a kitart\u00e1s, lehet\u0151v\u00e9 tette sz\u00e1munkra, hogy hossz\u00fa t\u00e1v\u00fa, bizalmon alapul\u00f3 kapcsolatokat \u00e9p\u00edts\u00fcnk ki \u00fcgyfeleinkkel a vil\u00e1g t\u00f6bb mint 30 orsz\u00e1g\u00e1ban.<\/p>\n<p>Az FMP mindig is t\u00f6rekedett a glob\u00e1lis partners\u00e9gek \u00e1pol\u00e1s\u00e1ra, \u00e9s tov\u00e1bbra is elk\u00f6telezett amellett, hogy szak\u00e9rt\u0151i tan\u00e1csokat \u00e9s szem\u00e9lyre szabott megold\u00e1sokat k\u00edn\u00e1ljon, amelyek megfelelnek \u00fcgyfeleink sokr\u00e9t\u0171 ig\u00e9nyeinek. Nemcsak term\u00e9keket k\u00edn\u00e1lunk; olyan tart\u00f3s kapcsolatok \u00e1pol\u00e1s\u00e1ra t\u00f6reksz\u00fcnk, amelyek hozz\u00e1j\u00e1rulnak minden projekt siker\u00e9hez. Ak\u00e1r innovat\u00edv megold\u00e1sokat keres egy \u00faj kezdem\u00e9nyez\u00e9shez, ak\u00e1r folyamatos t\u00e1mogat\u00e1st egy megl\u00e9v\u0151 rendszerhez, az FMP k\u00e9szen \u00e1ll, hogy megoldja a technikai kih\u00edv\u00e1sokat \u00e9s biztos\u00edtsa a folyamatos sikert.<\/p>\n<p><img loading=\"lazy\" decoding=\"async\" class=\"alignnone size-full wp-image-1861\" src=\"https:\/\/fmp-components.com\/wp-content\/uploads\/2024\/12\/Other-Agricultural-Gearboxes.webp\" sizes=\"(min-width: 0px) and (max-width: 480px) 480px, (min-width: 481px) and (max-width: 980px) 980px, (min-width: 981px) 1200px, 100vw\" srcset=\"https:\/\/fmp-components.com\/wp-content\/uploads\/2024\/12\/Other-Agricultural-Gearboxes.webp 1200w, https:\/\/fmp-components.com\/wp-content\/uploads\/2024\/12\/Other-Agricultural-Gearboxes-980x1143.webp 980w, https:\/\/fmp-components.com\/wp-content\/uploads\/2024\/12\/Other-Agricultural-Gearboxes-480x560.webp 480w\" alt=\"Altri-cambi-agricoli\" width=\"1200\" height=\"1400\" title=\"\"><\/p>\n<p>Szerz\u0151: CX<\/p>\n<\/div>\n<\/div>\n<\/div>\n<\/div>","protected":false},"excerpt":{"rendered":"<p>Square Baler Gearbox FMP-FK136 Dimensions Square Baler Gearbox FMP-FK136 Shaft Dimensions Square Baler Gearbox FMP-FK270 Technical Data i Suitable Rpm input Rpm output KW(Nom) KW(Max) Toothing r\/min r\/min hp hp Speed increase 1:2.28 Square Baler, etc 540 1231.2 140 500 Gleason Straight Teeth Remark: If you have any special require feel free let me know, [&hellip;]<\/p>","protected":false},"featured_media":2609,"comment_status":"open","ping_status":"closed","template":"","meta":{"_et_pb_use_builder":"","_et_pb_old_content":"","_et_gb_content_width":""},"product_brand":[],"product_cat":[62],"product_tag":[],"class_list":{"0":"post-2604","1":"product","2":"type-product","3":"status-publish","4":"has-post-thumbnail","6":"product_cat-square-baler-gearbox","8":"first","9":"instock","10":"shipping-taxable","11":"product-type-simple"},"_links":{"self":[{"href":"https:\/\/fmp-components.com\/hu\/wp-json\/wp\/v2\/product\/2604","targetHints":{"allow":["GET"]}}],"collection":[{"href":"https:\/\/fmp-components.com\/hu\/wp-json\/wp\/v2\/product"}],"about":[{"href":"https:\/\/fmp-components.com\/hu\/wp-json\/wp\/v2\/types\/product"}],"replies":[{"embeddable":true,"href":"https:\/\/fmp-components.com\/hu\/wp-json\/wp\/v2\/comments?post=2604"}],"wp:featuredmedia":[{"embeddable":true,"href":"https:\/\/fmp-components.com\/hu\/wp-json\/wp\/v2\/media\/2609"}],"wp:attachment":[{"href":"https:\/\/fmp-components.com\/hu\/wp-json\/wp\/v2\/media?parent=2604"}],"wp:term":[{"taxonomy":"product_brand","embeddable":true,"href":"https:\/\/fmp-components.com\/hu\/wp-json\/wp\/v2\/product_brand?post=2604"},{"taxonomy":"product_cat","embeddable":true,"href":"https:\/\/fmp-components.com\/hu\/wp-json\/wp\/v2\/product_cat?post=2604"},{"taxonomy":"product_tag","embeddable":true,"href":"https:\/\/fmp-components.com\/hu\/wp-json\/wp\/v2\/product_tag?post=2604"}],"curies":[{"name":"munkaf\u00fczet","href":"https:\/\/api.w.org\/{rel}","templated":true}]}}