{"id":2573,"date":"2025-01-03T01:07:52","date_gmt":"2025-01-03T01:07:52","guid":{"rendered":"https:\/\/fmp-components.com\/?page_id=8"},"modified":"2025-01-03T01:14:05","modified_gmt":"2025-01-03T01:14:05","slug":"square-baler-gearbox-fmp-fk215","status":"publish","type":"product","link":"https:\/\/fmp-components.com\/hu\/product\/square-baler-gearbox-fmp-fk215\/","title":{"rendered":"FMP-FK215 sz\u00f6gletes b\u00e1l\u00e1z\u00f3 sebess\u00e9gv\u00e1lt\u00f3"},"content":{"rendered":"<p><img loading=\"lazy\" decoding=\"async\" class=\"size-full wp-image-2587 aligncenter\" src=\"https:\/\/fmp-components.com\/wp-content\/uploads\/2025\/01\/FMP-FK215-Square-Baler-Gearbox-Components1.webp\" alt=\"FMP-FK215-Sz\u00f6gletes-B\u00e1l\u00e1z\u00f3-Hajt\u00f3m\u0171-Alkatr\u00e9szek(1)\" width=\"684\" height=\"425\" title=\"\" srcset=\"https:\/\/fmp-components.com\/wp-content\/uploads\/2025\/01\/FMP-FK215-Square-Baler-Gearbox-Components1.webp 684w, https:\/\/fmp-components.com\/wp-content\/uploads\/2025\/01\/FMP-FK215-Square-Baler-Gearbox-Components1-480x298.webp 480w\" sizes=\"(min-width: 0px) and (max-width: 480px) 480px, (min-width: 481px) 684px, 100vw\" \/><\/p>\n<h2>Az FMP-FK215 sz\u00f6gletes b\u00e1l\u00e1z\u00f3 hajt\u00f3m\u0171 m\u00e9retei<\/h2>\n<p><img loading=\"lazy\" decoding=\"async\" class=\"alignnone size-full wp-image-2583\" src=\"https:\/\/fmp-components.com\/wp-content\/uploads\/2025\/01\/FMP-FK215-Square-Baler-Gearbox-Dimensions.webp\" alt=\"FMP-FK215-Sz\u00f6gletes-B\u00e1l\u00e1z\u00f3-Hajt\u00f3m\u0171-M\u00e9retek\" width=\"1207\" height=\"743\" title=\"\" srcset=\"https:\/\/fmp-components.com\/wp-content\/uploads\/2025\/01\/FMP-FK215-Square-Baler-Gearbox-Dimensions.webp 1207w, https:\/\/fmp-components.com\/wp-content\/uploads\/2025\/01\/FMP-FK215-Square-Baler-Gearbox-Dimensions-980x603.webp 980w, https:\/\/fmp-components.com\/wp-content\/uploads\/2025\/01\/FMP-FK215-Square-Baler-Gearbox-Dimensions-480x295.webp 480w\" sizes=\"(min-width: 0px) and (max-width: 480px) 480px, (min-width: 481px) and (max-width: 980px) 980px, (min-width: 981px) 1207px, 100vw\" \/><\/p>\n<h2>FMP-FK215 sz\u00f6gletes b\u00e1l\u00e1z\u00f3 hajt\u00f3m\u0171 tengely\u00e9nek m\u00e9retei<\/h2>\n<p><img loading=\"lazy\" decoding=\"async\" class=\"alignnone size-full wp-image-2584\" src=\"https:\/\/fmp-components.com\/wp-content\/uploads\/2025\/01\/FMP-FK215-Square-Baler-Gearbox-Shaft-Dimensions.webp\" alt=\"FMP-FK215-Sz\u00f6gletes-B\u00e1l\u00e1z\u00f3-Hajt\u00f3m\u0171-Tengely-M\u00e9retek\" width=\"1537\" height=\"456\" title=\"\" srcset=\"https:\/\/fmp-components.com\/wp-content\/uploads\/2025\/01\/FMP-FK215-Square-Baler-Gearbox-Shaft-Dimensions.webp 1537w, https:\/\/fmp-components.com\/wp-content\/uploads\/2025\/01\/FMP-FK215-Square-Baler-Gearbox-Shaft-Dimensions-1280x380.webp 1280w, https:\/\/fmp-components.com\/wp-content\/uploads\/2025\/01\/FMP-FK215-Square-Baler-Gearbox-Shaft-Dimensions-980x291.webp 980w, https:\/\/fmp-components.com\/wp-content\/uploads\/2025\/01\/FMP-FK215-Square-Baler-Gearbox-Shaft-Dimensions-480x142.webp 480w\" sizes=\"(min-width: 0px) and (max-width: 480px) 480px, (min-width: 481px) and (max-width: 980px) 980px, (min-width: 981px) and (max-width: 1280px) 1280px, (min-width: 1281px) 1537px, 100vw\" \/><\/p>\n<h2>FMP-FK215 sz\u00f6gletes b\u00e1l\u00e1z\u00f3 sebess\u00e9gv\u00e1lt\u00f3 m\u0171szaki adatai<\/h2>\n<table style=\"width: 99.5102%; height: 122px;\" border=\"1\" cellspacing=\"0\" cellpadding=\"0\">\n<tbody>\n<tr style=\"height: 23px;\">\n<td style=\"height: 46px;\" colspan=\"2\" rowspan=\"2\">\u00e9n<\/td>\n<td style=\"height: 46px;\" rowspan=\"2\">Alkalmas<\/td>\n<td style=\"height: 23px;\">Fordulatsz\u00e1m bemenet<\/td>\n<td style=\"height: 23px;\">Fordulatsz\u00e1m-kimenet<\/td>\n<td style=\"height: 23px;\">kW (n\u00e9vleges)<\/td>\n<td style=\"height: 23px;\">kW (maximum)<\/td>\n<td style=\"height: 46px;\" rowspan=\"2\">Fogazat<\/td>\n<\/tr>\n<tr style=\"height: 23px;\">\n<td style=\"height: 23px;\">fordulat\/perc<\/td>\n<td style=\"height: 23px;\">fordulat\/perc<\/td>\n<td style=\"height: 23px;\">l\u00f3er\u0151<\/td>\n<td style=\"height: 23px;\">l\u00f3er\u0151<\/td>\n<\/tr>\n<tr style=\"height: 47px;\">\n<td style=\"height: 47px;\">Sebess\u00e9gn\u00f6veked\u00e9s<\/td>\n<td style=\"height: 47px;\">1:1.33<\/td>\n<td style=\"height: 47px;\">Sz\u00f6gletes b\u00e1l\u00e1z\u00f3 stb.<\/td>\n<td style=\"height: 47px;\">540<\/td>\n<td style=\"height: 47px;\">718.2<\/td>\n<td style=\"height: 47px;\">80<\/td>\n<td style=\"height: 47px;\">120<\/td>\n<td style=\"height: 47px;\">Gleason-egyenes<br \/>\nFogak<\/td>\n<\/tr>\n<tr style=\"height: 23px;\">\n<td style=\"height: 23px;\" colspan=\"8\">Megjegyz\u00e9s: Ha b\u00e1rmilyen k\u00fcl\u00f6nleges ig\u00e9nye van, nyugodtan sz\u00f3ljon, mi is elfogadjuk az egyedi megrendel\u00e9seket.<\/td>\n<\/tr>\n<\/tbody>\n<\/table>\n<h2>Az FMP-FK215 sz\u00f6gletes b\u00e1l\u00e1z\u00f3 sebess\u00e9gv\u00e1lt\u00f3j\u00e1nak alkatr\u00e9szei<\/h2>\n<p>Az FMP-FK215 sz\u00f6gletes b\u00e1l\u00e1z\u00f3 sebess\u00e9gv\u00e1lt\u00f3j\u00e1t a sz\u00f6gletes b\u00e1l\u00e1z\u00f3 g\u00e9pek speci\u00e1lis ig\u00e9nyeinek kiel\u00e9g\u00edt\u00e9s\u00e9re tervezt\u00e9k, biztos\u00edtva a hat\u00e9kony er\u0151\u00e1tvitelt, a megb\u00edzhat\u00f3 teljes\u00edtm\u00e9nyt \u00e9s a hossz\u00fa t\u00e1v\u00fa tart\u00f3ss\u00e1got. A sebess\u00e9gv\u00e1lt\u00f3 t\u00f6bb kulcsfontoss\u00e1g\u00fa alkatr\u00e9szb\u0151l \u00e1ll, amelyek egy\u00fcttesen optimaliz\u00e1lj\u00e1k a b\u00e1l\u00e1z\u00f3 m\u0171k\u00f6d\u00e9s\u00e9t \u00e9s \u00e9lettartam\u00e1t. \u00cdme az FMP-FK215 sz\u00f6gletes b\u00e1l\u00e1z\u00f3 sebess\u00e9gv\u00e1lt\u00f3 f\u0151bb alkatr\u00e9szei:<\/p>\n<p><strong>H\u00e1z<\/strong><\/p>\n<ul>\n<li><strong>Anyag<\/strong>A h\u00e1z jellemz\u0151en nagy szil\u00e1rds\u00e1g\u00fa \u00f6nt\u00f6ttvasb\u00f3l vagy ac\u00e9lb\u00f3l k\u00e9sz\u00fcl, v\u00e9di a bels\u0151 alkatr\u00e9szeket \u00e9s szerkezeti integrit\u00e1st biztos\u00edt.<\/li>\n<li><strong>Tervez\u00e9s<\/strong>Prec\u00edzi\u00f3s tervez\u00e9s\u0171, hogy ellen\u00e1lljon a b\u00e1l\u00e1z\u00e1si m\u0171veletek terhel\u00e9s\u00e9nek, mik\u00f6zben hat\u00e9kony h\u0151elvezet\u00e9st biztos\u00edt.<\/li>\n<\/ul>\n<p><strong>Bemeneti tengely<\/strong><\/p>\n<ul>\n<li><strong>Funkci\u00f3<\/strong>: Az er\u0151forr\u00e1shoz csatlakozik (\u00e1ltal\u00e1ban a traktor kard\u00e1ntengely\u00e9hez), \u00e9s nyomat\u00e9kot tov\u00e1bb\u00edt a sebess\u00e9gv\u00e1lt\u00f3nak.<\/li>\n<li><strong>Tervez\u00e9s<\/strong>Tart\u00f3s ac\u00e9lb\u00f3l k\u00e9sz\u00fclt, nagy nyomat\u00e9kterhel\u00e9snek val\u00f3 ellen\u00e1ll\u00e1sra tervezve.<\/li>\n<\/ul>\n<p><strong>K\u00fapkerekek<\/strong><\/p>\n<ul>\n<li><strong>Funkci\u00f3<\/strong>Az FMP-FK215 k\u00fapkerekes fogaskerekeit gyakran haszn\u00e1lj\u00e1k der\u00e9ksz\u00f6g\u0171 er\u0151\u00e1tvitelre, \u00e9s megk\u00f6nny\u00edtik az er\u0151\u00e1tvitel ir\u00e1ny\u00e1nak megv\u00e1ltoztat\u00e1s\u00e1t, lehet\u0151v\u00e9 t\u00e9ve a sebess\u00e9gv\u00e1lt\u00f3 sz\u00e1m\u00e1ra, hogy a b\u00e1l\u00e1z\u00f3 t\u00f6bb r\u00e9sz\u00e9t is meghajtsa.<\/li>\n<li><strong>Anyag<\/strong>Kiv\u00e1l\u00f3 min\u0151s\u00e9g\u0171, h\u0151kezelt ac\u00e9l a fokozott tart\u00f3ss\u00e1g \u00e9rdek\u00e9ben.<\/li>\n<\/ul>\n<p><strong>Homlokfogaskerekek<\/strong><\/p>\n<ul>\n<li><strong>Funkci\u00f3<\/strong>A sebess\u00e9gv\u00e1lt\u00f3n bel\u00fcl homlokkerekes fogaskerekeket haszn\u00e1lnak a forg\u00e1si teljes\u00edtm\u00e9ny egyik tengelyr\u0151l a m\u00e1sikra t\u00f6rt\u00e9n\u0151 \u00e1tvitel\u00e9re, fenntartva a nyomat\u00e9kot \u00e9s a sebess\u00e9get.<\/li>\n<li><strong>Tervez\u00e9s<\/strong>Prec\u00edzi\u00f3s v\u00e1g\u00e1s a sima m\u0171k\u00f6d\u00e9s \u00e9s a nagy hat\u00e9konys\u00e1g \u00e9rdek\u00e9ben.<\/li>\n<\/ul>\n<p><strong>Kimen\u0151 tengely<\/strong><\/p>\n<ul>\n<li><strong>Funkci\u00f3<\/strong>: \u00c1tadja az er\u0151t a sebess\u00e9gv\u00e1lt\u00f3r\u00f3l a b\u00e1l\u00e1z\u00f3 m\u0171k\u00f6d\u00e9si alkatr\u00e9szeire, p\u00e9ld\u00e1ul a felszed\u0151 mechanizmusra vagy a csom\u00f3z\u00f3rendszerre.<\/li>\n<li><strong>Anyag<\/strong>: Ac\u00e9l\u00f6tv\u00f6zet, edzett a nagyobb szil\u00e1rds\u00e1g \u00e9s kop\u00e1s\u00e1ll\u00f3s\u00e1g \u00e9rdek\u00e9ben.<\/li>\n<\/ul>\n<p>Ezek az alkatr\u00e9szek z\u00f6kken\u0151mentesen m\u0171k\u00f6dnek egy\u00fctt a hat\u00e9kony \u00e9s megb\u00edzhat\u00f3 teljes\u00edtm\u00e9ny \u00e9rdek\u00e9ben, \u00edgy az FMP-FK215 sz\u00f6gletes b\u00e1l\u00e1z\u00f3 sebess\u00e9gv\u00e1lt\u00f3ja a sz\u00f6gletes b\u00e1l\u00e1z\u00e1si folyamat elengedhetetlen r\u00e9sz\u00e9v\u00e9 v\u00e1lt. A sebess\u00e9gv\u00e1lt\u00f3t szil\u00e1rds\u00e1gra, precizit\u00e1sra \u00e9s tart\u00f3ss\u00e1gra tervezt\u00e9k, biztos\u00edtva, hogy a mez\u0151gazdas\u00e1gi g\u00e9pek szigor\u00fa k\u00f6vetelm\u00e9nyeinek is megfeleljen k\u00fcl\u00f6nb\u00f6z\u0151 k\u00f6r\u00fclm\u00e9nyek k\u00f6z\u00f6tt.<\/p>\n<p><img loading=\"lazy\" decoding=\"async\" class=\"alignnone size-full wp-image-2588\" src=\"https:\/\/fmp-components.com\/wp-content\/uploads\/2025\/01\/FMP-FK215-Square-Baler-Gearbox-Applications-980x4831-1.webp\" alt=\"FMP-FK215-Sz\u00f6gletes-B\u00e1l\u00e1z\u00f3-Hajt\u00f3m\u0171-Alkalmaz\u00e1s-980x483(1)\" width=\"980\" height=\"483\" title=\"\" srcset=\"https:\/\/fmp-components.com\/wp-content\/uploads\/2025\/01\/FMP-FK215-Square-Baler-Gearbox-Applications-980x4831-1.webp 980w, https:\/\/fmp-components.com\/wp-content\/uploads\/2025\/01\/FMP-FK215-Square-Baler-Gearbox-Applications-980x4831-1-480x237.webp 480w\" sizes=\"(min-width: 0px) and (max-width: 480px) 480px, (min-width: 481px) 980px, 100vw\" \/><\/p>\n<h2>Az FMP-FK215 sz\u00f6gletes b\u00e1l\u00e1z\u00f3 sebess\u00e9gv\u00e1lt\u00f3 alkalmaz\u00e1sai<\/h2>\n<div class=\"flex max-w-full flex-col flex-grow\">\n<div class=\"min-h-8 text-message flex w-full flex-col items-end gap-2 whitespace-normal break-words text-start [.text-message+&amp;]:mt-5\" dir=\"auto\" data-message-author-role=\"assistant\" data-message-id=\"3c7df252-c509-4480-9f6e-9203a002b444\" data-message-model-slug=\"gpt-4o\">\n<div class=\"flex w-full flex-col gap-1 empty:hidden first:pt-[3px]\">\n<div class=\"markdown prose w-full break-words dark:prose-invert light\">\n<p>Az FMP-FK215 sz\u00f6gletes b\u00e1l\u00e1z\u00f3 sebess\u00e9gv\u00e1lt\u00f3t kifejezetten a mez\u0151gazdas\u00e1gi alkalmaz\u00e1sokban haszn\u00e1lt sz\u00f6gletes b\u00e1l\u00e1z\u00f3k megb\u00edzhat\u00f3 er\u0151\u00e1tvitel\u00e9re \u00e9s hat\u00e9kony m\u0171k\u00f6d\u00e9s\u00e9re tervezt\u00e9k. Robusztus fel\u00e9p\u00edt\u00e9se \u00e9s prec\u00edzi\u00f3s m\u00e9rn\u00f6ki munk\u00e1ja alkalmass\u00e1 teszi a mez\u0151gazdas\u00e1gi szektorban sz\u00e1mos feladat elv\u00e9gz\u00e9s\u00e9re. \u00cdme az FMP-FK215 sz\u00f6gletes b\u00e1l\u00e1z\u00f3 sebess\u00e9gv\u00e1lt\u00f3 f\u0151bb alkalmaz\u00e1sai:<\/p>\n<p><strong>Sz\u00e9na- \u00e9s szalmab\u00e1l\u00e1z\u00e1s<\/strong><\/p>\n<ul>\n<li><strong>Alkalmaz\u00e1s<\/strong>Az FMP-FK215 sz\u00f6gletes b\u00e1l\u00e1z\u00f3 sebess\u00e9gv\u00e1lt\u00f3j\u00e1t gyakran haszn\u00e1lj\u00e1k sz\u00e9na- \u00e9s szalmab\u00e1l\u00e1z\u00f3 g\u00e9pekben. Seg\u00edti a b\u00e1l\u00e1z\u00f3 mechanizmus m\u0171k\u00f6dtet\u00e9s\u00e9t, biztos\u00edtva a sz\u00e9na, szalma vagy m\u00e1s takarm\u00e1nyn\u00f6v\u00e9nyek hat\u00e9kony \u00f6sszegy\u0171jt\u00e9s\u00e9t \u00e9s t\u00f6m\u00f6r\u00edt\u00e9s\u00e9t szorosan k\u00f6t\u00f6tt t\u00e9glalap alak\u00fa b\u00e1l\u00e1kk\u00e1.<\/li>\n<li><strong>El\u0151ny\u00f6k<\/strong>Biztos\u00edtja a z\u00f6kken\u0151mentes \u00e9s k\u00f6vetkezetes m\u0171k\u00f6d\u00e9st, jav\u00edtja a termel\u00e9kenys\u00e9get \u00e9s cs\u00f6kkenti az \u00e1ll\u00e1sid\u0151t a sz\u00e9na- \u00e9s szalmabetakar\u00edt\u00e1s sor\u00e1n.<\/li>\n<\/ul>\n<p><strong>Sil\u00f3z\u00e1si b\u00e1l\u00e1z\u00e1s<\/strong><\/p>\n<ul>\n<li><strong>Alkalmaz\u00e1s<\/strong>Ezt a sebess\u00e9gv\u00e1lt\u00f3t sil\u00f3b\u00e1l\u00e1z\u00f3kban is haszn\u00e1lj\u00e1k a sil\u00f3 \u00f6sszegy\u0171jt\u00e9s\u00e9re \u00e9s t\u00f6m\u00f6r\u00edt\u00e9s\u00e9re, amelyet \u00e1llati takarm\u00e1nyk\u00e9nt haszn\u00e1lnak. Az FMP-FK215 seg\u00edt a nedves \u00e9s s\u0171r\u0171 anyagok feldolgoz\u00e1s\u00e1ban, biztos\u00edtva, hogy a b\u00e1l\u00e1z\u00f3 hat\u00e9konyan m\u0171k\u00f6dj\u00f6n m\u00e9g a nehezebb, nedvess\u00e9gben gazdagabb anyagok eset\u00e9n is.<\/li>\n<li><strong>El\u0151ny\u00f6k<\/strong>Egyenletes nyomat\u00e9kot biztos\u00edt m\u00e9g nagy terhel\u00e9s mellett is, biztos\u00edtva az egyenletes b\u00e1lam\u00e9retet \u00e9s cs\u00f6kkentve a b\u00e1l\u00e1z\u00f3 egy\u00e9b alkatr\u00e9szeinek terhel\u00e9s\u00e9t.<\/li>\n<\/ul>\n<p><strong>Lucerna b\u00e1l\u00e1z\u00e1s<\/strong><\/p>\n<ul>\n<li><strong>Alkalmaz\u00e1s<\/strong>A lucerna, mivel magas feh\u00e9rjetartalm\u00fa takarm\u00e1nyn\u00f6v\u00e9ny, gyakran betakar\u00edtj\u00e1k \u00e9s b\u00e1l\u00e1zz\u00e1k \u00e1llati takarm\u00e1nyoz\u00e1s c\u00e9lj\u00e1b\u00f3l. Az FMP-FK215 sebess\u00e9gv\u00e1lt\u00f3 kulcsszerepet j\u00e1tszik a b\u00e1l\u00e1z\u00e1si folyamatban, biztos\u00edtva, hogy a g\u00e9p k\u00e9pes legyen kezelni a lucerna nagy t\u00e9rfogat\u00fa \u00e9s s\u0171r\u0171 jelleg\u00e9t.<\/li>\n<li><strong>El\u0151ny\u00f6k<\/strong>A sebess\u00e9gv\u00e1lt\u00f3 biztos\u00edtja a sima er\u0151\u00e1tvitelt \u00e9s a hat\u00e9kony m\u0171k\u00f6d\u00e9st, m\u00e9g a lucerna n\u00f6v\u00e9nyek gyorsan mozg\u00f3 \u00e9s nagy s\u0171r\u0171s\u00e9g\u0171 jellege eset\u00e9n is.<\/li>\n<\/ul>\n<p><strong>N\u00f6v\u00e9nyi maradv\u00e1nyok b\u00e1l\u00e1z\u00e1sa<\/strong><\/p>\n<ul>\n<li><strong>Alkalmaz\u00e1s<\/strong>A f\u0151 term\u00e9s betakar\u00edt\u00e1sa ut\u00e1n a n\u00f6v\u00e9nyi maradv\u00e1nyokat (p\u00e9ld\u00e1ul b\u00faza-, \u00e1rpa- vagy kukoricasz\u00e1rakat) \u00f6sszegy\u0171jtik \u00e9s b\u00e1l\u00e1zz\u00e1k, hogy \u00e1llat\u00e1llom\u00e1ny almoz\u00e1s\u00e1ra, talajtakar\u00f3k\u00e9nt vagy bioenergia-termel\u00e9sre haszn\u00e1lj\u00e1k fel. Az FMP-FK215 sebess\u00e9gv\u00e1lt\u00f3 alkalmas ezekre az alkalmaz\u00e1sokra, mivel t\u00e1mogatja az ilyen anyagok b\u00e1l\u00e1z\u00e1s\u00e1nak nagy ig\u00e9nybev\u00e9tel\u0171 k\u00f6vetelm\u00e9nyeit.<\/li>\n<li><strong>El\u0151ny\u00f6k<\/strong>Biztos\u00edtja, hogy a b\u00e1l\u00e1z\u00f3 k\u00e9pes legyen kezelni a n\u00f6v\u00e9nyi maradv\u00e1nyok olykor kem\u00e9ny \u00e9s rostos jelleg\u00e9t, n\u00f6velve a maradv\u00e1nykezel\u00e9s hat\u00e9konys\u00e1g\u00e1t a mez\u0151gazdas\u00e1gi m\u0171veletek sor\u00e1n.<\/li>\n<\/ul>\n<h3>Az FMP-FK215 sz\u00f6gletes b\u00e1l\u00e1z\u00f3 sebess\u00e9gv\u00e1lt\u00f3 haszn\u00e1lat\u00e1nak f\u0151 el\u0151nyei a k\u00f6vetkez\u0151 alkalmaz\u00e1sokban:<\/h3>\n<ul>\n<li><strong>Megb\u00edzhat\u00f3s\u00e1g<\/strong>: \u00dagy tervezt\u00e9k, hogy minim\u00e1lis karbantart\u00e1st ig\u00e9nyeljen, \u00e9s nagy ig\u00e9nybev\u00e9telt jelent\u0151 alkalmaz\u00e1sokhoz is alkalmas.<\/li>\n<li><strong>Hat\u00e9konys\u00e1g<\/strong>Biztos\u00edtja az \u00e1lland\u00f3 teljes\u00edtm\u00e9nyt, optimaliz\u00e1lva a b\u00e1l\u00e1z\u00e1si folyamat sebess\u00e9g\u00e9t \u00e9s pontoss\u00e1g\u00e1t.<\/li>\n<li><strong>Tart\u00f3ss\u00e1g<\/strong>Kiv\u00e1l\u00f3 min\u0151s\u00e9g\u0171 anyagokb\u00f3l \u00e9s prec\u00edzi\u00f3san megtervezett alkatr\u00e9szekb\u0151l k\u00e9sz\u00fclt, hogy a neh\u00e9z mez\u0151gazdas\u00e1gi feladatokhoz is megfeleljen.<\/li>\n<li><strong>Testreszab\u00e1s<\/strong>Sz\u00e9les k\u00f6r\u0171 term\u00e9nyt\u00edpusokhoz \u00e9s b\u00e1l\u00e1z\u00e1si k\u00f6r\u00fclm\u00e9nyekhez alkalmas, rugalmass\u00e1got biztos\u00edtva a k\u00fcl\u00f6nb\u00f6z\u0151 mez\u0151gazdas\u00e1gi m\u0171veletekhez.<\/li>\n<\/ul>\n<p>Az FMP-FK215 sz\u00f6gletes b\u00e1l\u00e1z\u00f3 hajt\u00f3m\u0171 egy sokoldal\u00fa \u00e9s megb\u00edzhat\u00f3 alkatr\u00e9sz, amely kritikus szerepet j\u00e1tszik a sz\u00f6gletes b\u00e1l\u00e1z\u00f3k hat\u00e9kony m\u0171k\u00f6d\u00e9s\u00e9ben a k\u00fcl\u00f6nf\u00e9le mez\u0151gazdas\u00e1gi alkalmaz\u00e1sokban. Robusztus teljes\u00edtm\u00e9nye biztos\u00edtja, hogy a gazd\u00e1lkod\u00f3k \u00e9s a mez\u0151gazdas\u00e1gi \u00fczemek magas termel\u00e9kenys\u00e9get \u00e9s m\u0171k\u00f6d\u00e9si hat\u00e9konys\u00e1got tudjanak fenntartani a k\u00fcl\u00f6nf\u00e9le b\u00e1l\u00e1z\u00e1si feladatok sor\u00e1n.<\/p>\n<p><img loading=\"lazy\" decoding=\"async\" class=\"alignnone size-full wp-image-2585\" src=\"https:\/\/fmp-components.com\/wp-content\/uploads\/2025\/01\/Square-Baler-Gearbox-FMP-FK215-Maintenance1.webp\" alt=\"Sz\u00f6gletes-B\u00e1l\u00e1z\u00f3-Hajt\u00f3m\u0171-FMP-FK215-Karbantart\u00e1s(1)\" width=\"1090\" height=\"864\" title=\"\" srcset=\"https:\/\/fmp-components.com\/wp-content\/uploads\/2025\/01\/Square-Baler-Gearbox-FMP-FK215-Maintenance1.webp 1090w, https:\/\/fmp-components.com\/wp-content\/uploads\/2025\/01\/Square-Baler-Gearbox-FMP-FK215-Maintenance1-980x777.webp 980w, https:\/\/fmp-components.com\/wp-content\/uploads\/2025\/01\/Square-Baler-Gearbox-FMP-FK215-Maintenance1-480x380.webp 480w\" sizes=\"(min-width: 0px) and (max-width: 480px) 480px, (min-width: 481px) and (max-width: 980px) 980px, (min-width: 981px) 1090px, 100vw\" \/><\/p>\n<h2>Az FMP-r\u0151l<\/h2>\n<p>Az olaszorsz\u00e1gi sz\u00e9khely\u0171 FMP egy vezet\u0151 gy\u00e1rt\u00f3, amely nagy teljes\u00edtm\u00e9ny\u0171 sebess\u00e9gv\u00e1lt\u00f3k tervez\u00e9s\u00e9re, fejleszt\u00e9s\u00e9re \u00e9s gy\u00e1rt\u00e1s\u00e1ra specializ\u00e1l\u00f3dott, k\u00fcl\u00f6n\u00f6s tekintettel a mez\u0151gazdas\u00e1gi g\u00e9piparra. A prec\u00edzi\u00f3s m\u00e9rn\u00f6ki munk\u00e1r\u00f3l, innovat\u00edv megold\u00e1sokr\u00f3l \u00e9s rend\u00edthetetlen megb\u00edzhat\u00f3s\u00e1gr\u00f3l ismert FMP ki\u00e9rdemelte \u00fcgyfelei bizalm\u00e1t mind a mez\u0151gazdas\u00e1gi, mind az ipari piacon. Kiterjedt term\u00e9kportf\u00f3li\u00f3nk mag\u00e1ban foglalja a f\u0171ny\u00edr\u00f3khoz, kard\u00e1ntengelyekhez \u00e9s m\u00e1s kritikus alkatr\u00e9szekhez k\u00e9sz\u00fclt speci\u00e1lis sebess\u00e9gv\u00e1lt\u00f3kat, amelyek mindegyike apr\u00f3l\u00e9kosan kidolgozott, hogy testreszabott megold\u00e1sokat k\u00edn\u00e1ljon a legk\u00fcl\u00f6nf\u00e9l\u00e9bb alkalmaz\u00e1sokhoz.<\/p>\n<p>Az FMP-n\u00e9l felismerj\u00fck, hogy minden \u00fcgyf\u00e9l ig\u00e9nyei \u00e9s kih\u00edv\u00e1sai egyediek. Ez\u00e9rt specializ\u00e1l\u00f3dtunk a szem\u00e9lyre szabott megold\u00e1sok ny\u00fajt\u00e1s\u00e1ra, legyen sz\u00f3 ak\u00e1r egyedi komponensekr\u0151l, ak\u00e1r teljesen integr\u00e1lt rendszerekr\u0151l. Szorosan egy\u00fcttm\u0171k\u00f6d\u00fcnk \u00fcgyfeleinkkel annak \u00e9rdek\u00e9ben, hogy minden megold\u00e1s ne csak megfeleljen az ig\u00e9nyeiknek, hanem optimaliz\u00e1lja a teljes\u00edtm\u00e9nyt \u00e9s az \u00e9rt\u00e9ket is. Elk\u00f6telezettek vagyunk a gyors, professzion\u00e1lis v\u00e1laszok \u00e9s a szak\u00e9rt\u0151i \u00fatmutat\u00e1s ir\u00e1nt, \u00edgy minden megkeres\u00e9st a legnagyobb gondoss\u00e1ggal kezel\u00fcnk, ami optim\u00e1lis eredm\u00e9nyekhez vezet.<\/p>\n<p>Nagy hangs\u00falyt fektet\u00fcnk a ny\u00edlt, folyamatos kommunik\u00e1ci\u00f3ra a teljes term\u00e9kfejleszt\u00e9si \u00e9letciklus sor\u00e1n. Elk\u00f6telezett csapatunk k\u00f6zvetlen\u00fcl egy\u00fcttm\u0171k\u00f6dik az \u00fcgyfelekkel, hogy teljes m\u00e9rt\u00e9kben meg\u00e9rtse egyedi ig\u00e9nyeiket, \u00e9rt\u00e9kes betekint\u00e9st \u00e9s aj\u00e1nl\u00e1sokat ny\u00fajtva a leghat\u00e9konyabb megold\u00e1sok garant\u00e1l\u00e1sa \u00e9rdek\u00e9ben. Ak\u00e1r innovat\u00edv term\u00e9keket tervez, ak\u00e1r folyamatos megrendel\u00e9seket teljes\u00edt, az FMP elk\u00f6telezett amellett, hogy minden alkalommal kiv\u00e1l\u00f3 min\u0151s\u00e9g\u0171, prec\u00edzi\u00f3san megtervezett megold\u00e1sokat sz\u00e1ll\u00edtson id\u0151ben. C\u00e9lunk, hogy fel\u00fclm\u00faljuk az \u00fcgyfelek elv\u00e1r\u00e1sait, \u00e9s kiv\u00e9teles szolg\u00e1ltat\u00e1st \u00e9s eredm\u00e9nyeket biztos\u00edtsunk minden projekthez.<\/p>\n<p>A min\u0151s\u00e9g az FMP m\u0171k\u00f6d\u00e9s\u00e9nek alapja. A legmagasabb gy\u00e1rt\u00e1si szabv\u00e1nyokat k\u00f6vetj\u00fck, szigor\u00fa min\u0151s\u00e9gellen\u0151rz\u00e9si folyamatokat alkalmazva annak biztos\u00edt\u00e1s\u00e1ra, hogy minden term\u00e9k ne csak megfeleljen, hanem t\u00fal is sz\u00e1rnyalja az ipar\u00e1gi szabv\u00e1nyokat. Ez a kiv\u00e1l\u00f3s\u00e1g ir\u00e1nti rend\u00edthetetlen elk\u00f6telezetts\u00e9g, valamint az integrit\u00e1s, a csapatmunka \u00e9s a kitart\u00e1s alapvet\u0151 \u00e9rt\u00e9kei lehet\u0151v\u00e9 tett\u00e9k sz\u00e1munkra, hogy hossz\u00fa t\u00e1v\u00fa, bizalmon alapul\u00f3 kapcsolatokat \u00e1poljunk \u00fcgyfeleinkkel vil\u00e1gszerte k\u00f6zel 30 orsz\u00e1gban.<\/p>\n<p>Az FMP mindig nyitott a glob\u00e1lis partners\u00e9gek ki\u00e9p\u00edt\u00e9s\u00e9re, \u00e9s elk\u00f6telezett amellett, hogy szak\u00e9rt\u0151i tan\u00e1csokat \u00e9s szem\u00e9lyre szabott megold\u00e1sokat k\u00edn\u00e1ljon, amelyek megfelelnek \u00fcgyfeleink sokr\u00e9t\u0171 ig\u00e9nyeinek. Nem csup\u00e1n term\u00e9keket k\u00edn\u00e1lunk; tart\u00f3s kapcsolatokat \u00e9p\u00edt\u00fcnk, amelyek hozz\u00e1j\u00e1rulnak minden projekt siker\u00e9hez. Ak\u00e1r innovat\u00edv megold\u00e1sokat keres egy \u00faj v\u00e1llalkoz\u00e1shoz, ak\u00e1r folyamatos t\u00e1mogat\u00e1st egy megl\u00e9v\u0151 rendszerhez, az FMP elk\u00f6telezett a technikai kih\u00edv\u00e1sok lek\u00fczd\u00e9se \u00e9s a tart\u00f3s siker biztos\u00edt\u00e1sa mellett.<\/p>\n<p><img loading=\"lazy\" decoding=\"async\" class=\"alignnone size-full wp-image-1861\" src=\"https:\/\/fmp-components.com\/wp-content\/uploads\/2024\/12\/Other-Agricultural-Gearboxes.webp\" sizes=\"(min-width: 0px) and (max-width: 480px) 480px, (min-width: 481px) and (max-width: 980px) 980px, (min-width: 981px) 1200px, 100vw\" srcset=\"https:\/\/fmp-components.com\/wp-content\/uploads\/2024\/12\/Other-Agricultural-Gearboxes.webp 1200w, https:\/\/fmp-components.com\/wp-content\/uploads\/2024\/12\/Other-Agricultural-Gearboxes-980x1143.webp 980w, https:\/\/fmp-components.com\/wp-content\/uploads\/2024\/12\/Other-Agricultural-Gearboxes-480x560.webp 480w\" alt=\"Altri-cambi-agricoli\" width=\"1200\" height=\"1400\" title=\"\"><\/p>\n<p>Szerz\u0151: CX<\/p>\n<\/div>\n<\/div>\n<\/div>\n<\/div>","protected":false},"excerpt":{"rendered":"<p>Dimensions of Square Baler Gearbox FMP-FK215 FMP-FK215 Square Baler Gearbox Shaft\u00a0Dimensions FMP-FK215 Square Baler Gearbox Technical Data i Suitable Rpm input Rpm output KW(Nom) KW(Max) Toothing r\/min r\/min hp hp Speed increase 1:1.33 Square Baler, etc 540 718.2 80 120 Gleason Straight Teeth Remark: If you have any special require feel free let me know, [&hellip;]<\/p>","protected":false},"featured_media":2586,"comment_status":"open","ping_status":"closed","template":"","meta":{"_et_pb_use_builder":"","_et_pb_old_content":"","_et_gb_content_width":""},"product_brand":[],"product_cat":[62],"product_tag":[],"class_list":{"0":"post-2573","1":"product","2":"type-product","3":"status-publish","4":"has-post-thumbnail","6":"product_cat-square-baler-gearbox","8":"first","9":"instock","10":"shipping-taxable","11":"product-type-simple"},"_links":{"self":[{"href":"https:\/\/fmp-components.com\/hu\/wp-json\/wp\/v2\/product\/2573","targetHints":{"allow":["GET"]}}],"collection":[{"href":"https:\/\/fmp-components.com\/hu\/wp-json\/wp\/v2\/product"}],"about":[{"href":"https:\/\/fmp-components.com\/hu\/wp-json\/wp\/v2\/types\/product"}],"replies":[{"embeddable":true,"href":"https:\/\/fmp-components.com\/hu\/wp-json\/wp\/v2\/comments?post=2573"}],"wp:featuredmedia":[{"embeddable":true,"href":"https:\/\/fmp-components.com\/hu\/wp-json\/wp\/v2\/media\/2586"}],"wp:attachment":[{"href":"https:\/\/fmp-components.com\/hu\/wp-json\/wp\/v2\/media?parent=2573"}],"wp:term":[{"taxonomy":"product_brand","embeddable":true,"href":"https:\/\/fmp-components.com\/hu\/wp-json\/wp\/v2\/product_brand?post=2573"},{"taxonomy":"product_cat","embeddable":true,"href":"https:\/\/fmp-components.com\/hu\/wp-json\/wp\/v2\/product_cat?post=2573"},{"taxonomy":"product_tag","embeddable":true,"href":"https:\/\/fmp-components.com\/hu\/wp-json\/wp\/v2\/product_tag?post=2573"}],"curies":[{"name":"munkaf\u00fczet","href":"https:\/\/api.w.org\/{rel}","templated":true}]}}