{"id":2523,"date":"2025-01-02T03:45:19","date_gmt":"2025-01-02T03:45:19","guid":{"rendered":"https:\/\/fmp-components.com\/?page_id=8"},"modified":"2025-01-02T03:59:23","modified_gmt":"2025-01-02T03:59:23","slug":"round-baler-gearbox-fmp2100-t3-for-round-baler-and-harvester","status":"publish","type":"product","link":"https:\/\/fmp-components.com\/hu\/product\/round-baler-gearbox-fmp2100-t3-for-round-baler-and-harvester\/","title":{"rendered":"FMP2100-T3 k\u00f6rb\u00e1l\u00e1z\u00f3 sebess\u00e9gv\u00e1lt\u00f3 k\u00f6rb\u00e1l\u00e1z\u00f3hoz \u00e9s betakar\u00edt\u00f3hoz"},"content":{"rendered":"<p><img loading=\"lazy\" decoding=\"async\" class=\"size-full wp-image-2524 aligncenter\" src=\"https:\/\/fmp-components.com\/wp-content\/uploads\/2025\/01\/Round-Baler-Gearbox-EP2100-T31.webp\" alt=\"K\u00f6rb\u00e1l\u00e1z\u00f3-hajt\u00f3m\u0171-FMP2100-T3(1)\" width=\"600\" height=\"600\" title=\"\" srcset=\"https:\/\/fmp-components.com\/wp-content\/uploads\/2025\/01\/Round-Baler-Gearbox-EP2100-T31.webp 600w, https:\/\/fmp-components.com\/wp-content\/uploads\/2025\/01\/Round-Baler-Gearbox-EP2100-T31-480x480.webp 480w\" sizes=\"(min-width: 0px) and (max-width: 480px) 480px, (min-width: 481px) 600px, 100vw\" \/><\/p>\n<h2>FMP2100-T3 k\u00f6rb\u00e1l\u00e1z\u00f3 hajt\u00f3m\u0171 m\u0171szaki adatai<\/h2>\n<table style=\"width: 93.8969%; height: 116px;\" border=\"1\" cellspacing=\"0\" cellpadding=\"0\">\n<tbody>\n<tr style=\"height: 23px;\">\n<td style=\"height: 46px; width: 15.8921%;\" colspan=\"2\" rowspan=\"2\">\u00e9n<\/td>\n<td style=\"height: 46px; width: 25.3373%;\" rowspan=\"2\">Alkalmas<\/td>\n<td style=\"height: 23px; width: 9.89505%;\">Fordulatsz\u00e1m bemenet<\/td>\n<td style=\"height: 23px; width: 11.0945%;\">Fordulatsz\u00e1m-kimenet<\/td>\n<td style=\"height: 23px; width: 9.44528%;\">kW (n\u00e9vleges)<\/td>\n<td style=\"height: 23px; width: 13.0435%;\">Kimeneti nyomat\u00e9k<\/td>\n<td style=\"height: 46px; width: 45.2774%;\" rowspan=\"2\">Fogazat<\/td>\n<\/tr>\n<tr style=\"height: 23px;\">\n<td style=\"height: 23px; width: 9.89505%;\">fordulat\/perc<\/td>\n<td style=\"height: 23px; width: 11.0945%;\">fordulat\/perc<\/td>\n<td style=\"height: 23px; width: 9.44528%;\">l\u00f3er\u0151<\/td>\n<td style=\"height: 23px; width: 13.0435%;\">Nm<\/td>\n<\/tr>\n<tr style=\"height: 47px;\">\n<td style=\"height: 47px; width: 10.3448%;\">Lass\u00edt\u00e1s<\/td>\n<td style=\"height: 47px; width: 5.54723%;\">2.1 :1<\/td>\n<td style=\"height: 47px; width: 25.3373%;\">K\u00f6rb\u00e1l\u00e1z\u00f3, betakar\u00edt\u00f3 stb.<\/td>\n<td style=\"height: 47px; width: 9.89505%;\">540<\/td>\n<td style=\"height: 47px; width: 11.0945%;\">257<\/td>\n<td style=\"height: 47px; width: 9.44528%;\">80<\/td>\n<td style=\"height: 47px; width: 13.0435%;\">100<\/td>\n<td style=\"height: 47px; width: 45.2774%;\">Gleason spir\u00e1lis<br \/>\nFogak<\/td>\n<\/tr>\n<tr style=\"height: 23px;\">\n<td style=\"height: 23px; width: 129.985%;\" colspan=\"8\">Megjegyz\u00e9s: Ha b\u00e1rmilyen k\u00fcl\u00f6nleges ig\u00e9nye van, nyugodtan sz\u00f3ljon, mi is elfogadjuk az egyedi megrendel\u00e9seket.<\/td>\n<\/tr>\n<\/tbody>\n<\/table>\n<h2>K\u00f6rb\u00e1l\u00e1z\u00f3 hajt\u00f3m\u0171 FMP2100-T3 alkatr\u00e9sz fel\u00e9p\u00edt\u00e9se<\/h2>\n<p>Az FMP2100-T3 k\u00f6rb\u00e1l\u00e1z\u00f3 hajt\u00f3m\u0171 nagy teljes\u00edtm\u00e9nyt \u00e9s megb\u00edzhat\u00f3s\u00e1got k\u00edn\u00e1l a nagy ig\u00e9nybev\u00e9tel\u0171 mez\u0151gazdas\u00e1gi alkalmaz\u00e1sokban. A hajt\u00f3m\u0171 j\u00f3l megtervezett alkatr\u00e9sz-szerkezettel rendelkezik, amely biztos\u00edtja az optim\u00e1lis m\u0171k\u00f6d\u00e9st \u00e9s tart\u00f3ss\u00e1got. Az al\u00e1bbiakban a f\u0151bb alkatr\u00e9szeit ismertetj\u00fck:<\/p>\n<p><strong>Sebess\u00e9gv\u00e1lt\u00f3 h\u00e1z<\/strong><\/p>\n<ul>\n<li>Anyag: Nagy szil\u00e1rds\u00e1g\u00fa \u00f6nt\u00f6ttvasb\u00f3l vagy ac\u00e9lb\u00f3l k\u00e9sz\u00fclt, amely biztos\u00edtja a robusztuss\u00e1got, valamint a kop\u00e1s- \u00e9s fesz\u00fclts\u00e9g\u00e1ll\u00f3s\u00e1got.<\/li>\n<li>Funkci\u00f3: A bels\u0151 alkatr\u00e9szeket tartalmazza, v\u00e9delmet ny\u00fajt a k\u00fcls\u0151 s\u00e9r\u00fcl\u00e9sekkel szemben, \u00e9s biztos\u00edtja a z\u00f6kken\u0151mentes m\u0171k\u00f6d\u00e9st.<\/li>\n<\/ul>\n<p><strong>Bemeneti tengely<\/strong><\/p>\n<ul>\n<li>Anyag: Nagy szil\u00e1rds\u00e1g\u00fa ac\u00e9l.<\/li>\n<li>Funkci\u00f3: \u00c1tadja a forg\u00e1si teljes\u00edtm\u00e9nyt a traktor teljes\u00edtm\u00e9nylead\u00f3 tengely\u00e9r\u0151l a sebess\u00e9gv\u00e1lt\u00f3 bels\u0151 fogaskerekeire.<\/li>\n<\/ul>\n<p><strong>Kimen\u0151 tengely<\/strong><\/p>\n<ul>\n<li>Anyag: Edzett ac\u00e9l.<\/li>\n<li>Funkci\u00f3: A sebess\u00e9gv\u00e1lt\u00f3b\u00f3l juttatja el az er\u0151t a b\u00e1l\u00e1z\u00f3 munkamechanizmusaihoz, biztos\u00edtva az energia hat\u00e9kony \u00e1tvitel\u00e9t olyan m\u0171veletekhez, mint p\u00e9ld\u00e1ul a b\u00e1laform\u00e1z\u00e1s.<\/li>\n<\/ul>\n<p><strong>Fogaskerekek<\/strong><\/p>\n<ul>\n<li>Anyag: \u00d6tv\u00f6z\u00f6tt ac\u00e9l, fokozott tart\u00f3ss\u00e1g \u00e9s kop\u00e1s\u00e1ll\u00f3s\u00e1g \u00e9rdek\u00e9ben kezelve.<\/li>\n<li>Funkci\u00f3: A bels\u0151 fogaskerekek (pl. k\u00fapkerekek vagy homlokkerekek) megk\u00f6nny\u00edtik az er\u0151 \u00e9s a nyomat\u00e9k \u00e1tvitel\u00e9t, lehet\u0151v\u00e9 t\u00e9ve a b\u00e1l\u00e1z\u00f3 alkatr\u00e9szeinek megfelel\u0151 forg\u00e1si sebess\u00e9g\u00e9t.<\/li>\n<\/ul>\n<p><strong>Csap\u00e1gyak<\/strong><\/p>\n<ul>\n<li>Anyag: Mez\u0151gazdas\u00e1gi g\u00e9pekhez tervezett, kiv\u00e1l\u00f3 min\u0151s\u00e9g\u0171 csap\u00e1gyak.<\/li>\n<li>Funkci\u00f3: Megt\u00e1masztja a tengelyeket \u00e9s a fogaskerekeket, biztos\u00edtva a sima m\u0171k\u00f6d\u00e9st \u00e9s cs\u00f6kkentve a s\u00farl\u00f3d\u00e1st a hosszabb \u00e9lettartam \u00e9rdek\u00e9ben.<\/li>\n<\/ul>\n<p>Az FMP2100-T3 k\u00f6rb\u00e1l\u00e1z\u00f3 hajt\u00f3m\u0171v\u00e9nek alkatr\u00e9sz-szerkezet\u00e9t apr\u00f3l\u00e9kosan \u00fagy tervezt\u00e9k, hogy megbirk\u00f3zzon a mez\u0151gazdas\u00e1gi m\u0171veletek kih\u00edv\u00e1st jelent\u0151 k\u00f6r\u00fclm\u00e9nyeivel, mik\u00f6zben hat\u00e9kony er\u0151\u00e1tvitelt biztos\u00edt az optim\u00e1lis b\u00e1l\u00e1z\u00f3teljes\u00edtm\u00e9ny \u00e9rdek\u00e9ben.<\/p>\n<table style=\"width: 101.691%; height: 5px;\" width=\"136\">\n<tbody>\n<tr style=\"height: 23px;\">\n<td style=\"height: 23px; width: 49.5218%;\" width=\"72\"><img loading=\"lazy\" decoding=\"async\" class=\"alignnone size-full wp-image-2526\" src=\"https:\/\/fmp-components.com\/wp-content\/uploads\/2025\/01\/Round-Baler-Gearbox-EP2100-T3-Agricultural-Applications-2-980x6321-1.webp\" alt=\"K\u00f6rb\u00e1l\u00e1z\u00f3 sebess\u00e9gv\u00e1lt\u00f3\" width=\"980\" height=\"632\" title=\"\" srcset=\"https:\/\/fmp-components.com\/wp-content\/uploads\/2025\/01\/Round-Baler-Gearbox-EP2100-T3-Agricultural-Applications-2-980x6321-1.webp 980w, https:\/\/fmp-components.com\/wp-content\/uploads\/2025\/01\/Round-Baler-Gearbox-EP2100-T3-Agricultural-Applications-2-980x6321-1-480x310.webp 480w\" sizes=\"(min-width: 0px) and (max-width: 480px) 480px, (min-width: 481px) 980px, 100vw\" \/><\/td>\n<td style=\"height: 23px; width: 49.8406%;\" width=\"64\"><img loading=\"lazy\" decoding=\"async\" class=\"alignnone size-full wp-image-2525\" src=\"https:\/\/fmp-components.com\/wp-content\/uploads\/2025\/01\/Round-Baler-Gearbox-EP2100-T3-Agricultural-Applications-1-980x6321-1.webp\" alt=\"K\u00f6rb\u00e1l\u00e1z\u00f3-Sebess\u00e9gv\u00e1lt\u00f3-EP2100-T3-Mez\u0151gazdas\u00e1gi-Alkalmaz\u00e1sok-1\" width=\"980\" height=\"632\" title=\"\" srcset=\"https:\/\/fmp-components.com\/wp-content\/uploads\/2025\/01\/Round-Baler-Gearbox-EP2100-T3-Agricultural-Applications-1-980x6321-1.webp 980w, https:\/\/fmp-components.com\/wp-content\/uploads\/2025\/01\/Round-Baler-Gearbox-EP2100-T3-Agricultural-Applications-1-980x6321-1-480x310.webp 480w\" sizes=\"(min-width: 0px) and (max-width: 480px) 480px, (min-width: 481px) 980px, 100vw\" \/><\/td>\n<\/tr>\n<\/tbody>\n<\/table>\n<h2>Az FMP2100-T3 k\u00f6rb\u00e1l\u00e1z\u00f3 hajt\u00f3m\u0171 haszn\u00e1lat\u00e1nak el\u0151nyei<\/h2>\n<p>Az FMP2100-T3 k\u00f6rb\u00e1l\u00e1z\u00f3 hajt\u00f3m\u0171 sz\u00e1mos el\u0151nnyel rendelkezik, amelyek ide\u00e1lis v\u00e1laszt\u00e1ss\u00e1 teszik mez\u0151gazdas\u00e1gi alkalmaz\u00e1sokhoz, k\u00fcl\u00f6n\u00f6sen a k\u00f6rb\u00e1l\u00e1z\u00f3k hat\u00e9kony m\u0171k\u00f6dtet\u00e9s\u00e9hez. Az al\u00e1bbiakban a legfontosabb el\u0151ny\u00f6ket ismertetj\u00fck:<\/p>\n<p><strong>Nagy tart\u00f3ss\u00e1g \u00e9s megb\u00edzhat\u00f3s\u00e1g<\/strong><\/p>\n<ul>\n<li>El\u0151ny: A robusztus kialak\u00edt\u00e1s \u00e9s a kiv\u00e1l\u00f3 min\u0151s\u00e9g\u0171 anyagok, mint p\u00e9ld\u00e1ul az \u00f6tv\u00f6z\u00f6tt ac\u00e9l \u00e9s az \u00f6nt\u00f6ttvas, biztos\u00edtj\u00e1k, hogy a sebess\u00e9gv\u00e1lt\u00f3 ellen\u00e1lljon a zord mez\u0151gazdas\u00e1gi k\u00f6r\u00fclm\u00e9nyeknek, cs\u00f6kkentve a kop\u00e1s \u00e9s a meghib\u00e1sod\u00e1s val\u00f3sz\u00edn\u0171s\u00e9g\u00e9t.<\/li>\n<li>El\u0151ny: Ez n\u00f6veli a sebess\u00e9gv\u00e1lt\u00f3 \u00e9lettartam\u00e1t, lehet\u0151v\u00e9 t\u00e9ve a folyamatos m\u0171k\u00f6d\u00e9st gyakori cser\u00e9k vagy jav\u00edt\u00e1sok n\u00e9lk\u00fcl.<\/li>\n<\/ul>\n<p><strong>Hat\u00e9kony er\u0151\u00e1tvitel<\/strong><\/p>\n<ul>\n<li>El\u0151ny: A j\u00f3l megtervezett fogaskerekek \u00e9s a nagy szil\u00e1rds\u00e1g\u00fa tengelyek biztos\u00edtj\u00e1k a hat\u00e9kony er\u0151\u00e1tvitelt a traktor teljes\u00edtm\u00e9nylead\u00f3 tengely\u00e9r\u0151l a b\u00e1l\u00e1z\u00f3ra.<\/li>\n<li>El\u0151ny: Ez sima \u00e9s egyenletes b\u00e1lak\u00e9pz\u0151d\u00e9st eredm\u00e9nyez, cs\u00f6kkenti a berendez\u00e9s \u00fczemi terhel\u00e9s\u00e9t \u00e9s jav\u00edtja az \u00e1ltal\u00e1nos termel\u00e9kenys\u00e9get.<\/li>\n<\/ul>\n<p><strong>Kompakt \u00e9s helytakar\u00e9kos kialak\u00edt\u00e1s<\/strong><\/p>\n<ul>\n<li>El\u0151ny: Az FMP2100-T3 sebess\u00e9gv\u00e1lt\u00f3 kompakt kialak\u00edt\u00e1sa lehet\u0151v\u00e9 teszi a k\u00f6nny\u0171 integr\u00e1ci\u00f3t a k\u00f6rb\u00e1l\u00e1z\u00f3val an\u00e9lk\u00fcl, hogy t\u00falzott helyet foglalna el.<\/li>\n<li>El\u0151ny: Leegyszer\u0171s\u00edtett, hat\u00e9kony be\u00e1ll\u00edt\u00e1st biztos\u00edt, ami kulcsfontoss\u00e1g\u00fa a mez\u0151gazdas\u00e1gi g\u00e9pek m\u00e9ret\u00e9nek cs\u00f6kkent\u00e9se \u00e9s a man\u0151verezhet\u0151s\u00e9g jav\u00edt\u00e1sa szempontj\u00e1b\u00f3l.<\/li>\n<\/ul>\n<p><strong>K\u00f6nny\u0171 karbantart\u00e1s<\/strong><\/p>\n<ul>\n<li>El\u0151ny: A sebess\u00e9gv\u00e1lt\u00f3 felhaszn\u00e1l\u00f3bar\u00e1t ken\u0151rendszerrel, t\u00f6m\u00edt\u00e9sekkel \u00e9s k\u00f6nnyen hozz\u00e1f\u00e9rhet\u0151 alkatr\u00e9szekkel rendelkezik az egyszer\u0171 karbantart\u00e1s \u00e9rdek\u00e9ben.<\/li>\n<li>El\u0151ny: Ez leegyszer\u0171s\u00edti a rendszeres karbantart\u00e1si feladatokat, cs\u00f6kkenti az \u00e1ll\u00e1sid\u0151t \u00e9s cs\u00f6kkenti a fenntart\u00e1si k\u00f6lts\u00e9geket.<\/li>\n<\/ul>\n<p><strong>Optim\u00e1lis teljes\u00edtm\u00e9ny nagy terhel\u00e9s alatt<\/strong><\/p>\n<ul>\n<li>El\u0151ny: Az FMP2100-T3 hat\u00e9kony m\u0171k\u00f6d\u00e9sre k\u00e9sz\u00fclt nagy terhel\u00e9s alatt, nagy nyomat\u00e9kkapacit\u00e1st \u00e9s minim\u00e1lis teljes\u00edtm\u00e9nyvesztes\u00e9get k\u00edn\u00e1l.<\/li>\n<li>El\u0151ny: Ez\u00e1ltal ide\u00e1lis megold\u00e1st k\u00edn\u00e1l nagy mennyis\u00e9g\u0171 anyag, p\u00e9ld\u00e1ul sz\u00e9na \u00e9s szalma kezel\u00e9s\u00e9re, nagy teljes\u00edtm\u00e9nyt ny\u00fajtva m\u00e9g kih\u00edv\u00e1st jelent\u0151 k\u00f6r\u00fclm\u00e9nyek k\u00f6z\u00f6tt is.<\/li>\n<\/ul>\n<p>Az FMP2100-T3 k\u00f6rb\u00e1l\u00e1z\u00f3 hajt\u00f3m\u0171 a megb\u00edzhat\u00f3s\u00e1g, a hat\u00e9konys\u00e1g \u00e9s a k\u00f6nny\u0171 haszn\u00e1lat \u00f6tv\u00f6zet\u00e9t k\u00edn\u00e1lja, \u00edgy kiv\u00e1l\u00f3 v\u00e1laszt\u00e1s a mez\u0151gazdas\u00e1gi k\u00f6rb\u00e1l\u00e1z\u00f3k teljes\u00edtm\u00e9ny\u00e9nek fokoz\u00e1s\u00e1ra.<\/p>\n<table style=\"width: 98.0248%; height: 103px;\" width=\"136\">\n<tbody>\n<tr style=\"height: 45px;\">\n<td style=\"height: 45px; width: 49.7243%;\" width=\"72\"><img loading=\"lazy\" decoding=\"async\" class=\"alignnone size-full wp-image-2531\" src=\"https:\/\/fmp-components.com\/wp-content\/uploads\/2025\/01\/Round-Baler-Gearbox-EP2100-T3-Agricultural-Applications-3.webp\" alt=\"K\u00f6rb\u00e1l\u00e1z\u00f3-Sebess\u00e9gv\u00e1lt\u00f3-FMP2100-T3-Mez\u0151gazdas\u00e1gi-Alkalmaz\u00e1sok-3\" width=\"980\" height=\"632\" title=\"\" srcset=\"https:\/\/fmp-components.com\/wp-content\/uploads\/2025\/01\/Round-Baler-Gearbox-EP2100-T3-Agricultural-Applications-3.webp 980w, https:\/\/fmp-components.com\/wp-content\/uploads\/2025\/01\/Round-Baler-Gearbox-EP2100-T3-Agricultural-Applications-3-480x310.webp 480w\" sizes=\"(min-width: 0px) and (max-width: 480px) 480px, (min-width: 481px) 980px, 100vw\" \/><\/td>\n<td style=\"height: 45px; width: 49.6141%;\" width=\"64\"><img loading=\"lazy\" decoding=\"async\" class=\"alignnone size-full wp-image-2527\" src=\"https:\/\/fmp-components.com\/wp-content\/uploads\/2025\/01\/Round-Baler-Gearbox-EP2100-T3-Agricultural-Applications-4-980x6321-1.webp\" alt=\"K\u00f6rb\u00e1l\u00e1z\u00f3 sebess\u00e9gv\u00e1lt\u00f3\" width=\"980\" height=\"632\" title=\"\" srcset=\"https:\/\/fmp-components.com\/wp-content\/uploads\/2025\/01\/Round-Baler-Gearbox-EP2100-T3-Agricultural-Applications-4-980x6321-1.webp 980w, https:\/\/fmp-components.com\/wp-content\/uploads\/2025\/01\/Round-Baler-Gearbox-EP2100-T3-Agricultural-Applications-4-980x6321-1-480x310.webp 480w\" sizes=\"(min-width: 0px) and (max-width: 480px) 480px, (min-width: 481px) 980px, 100vw\" \/><\/td>\n<\/tr>\n<\/tbody>\n<\/table>\n<h2>K\u00f6rb\u00e1l\u00e1z\u00f3 sebess\u00e9gv\u00e1lt\u00f3 FMP2100-T3 Alkalmaz\u00e1sok a mez\u0151gazdas\u00e1gban<\/h2>\n<p>Az FMP2100-T3 k\u00f6rb\u00e1l\u00e1z\u00f3 sebess\u00e9gv\u00e1lt\u00f3t kifejezetten mez\u0151gazdas\u00e1gi g\u00e9pekhez tervezt\u00e9k, a k\u00f6rb\u00e1l\u00e1z\u00f3k m\u0171k\u00f6d\u00e9s\u00e9nek optimaliz\u00e1l\u00e1s\u00e1ra \u00f6sszpontos\u00edtva. Az al\u00e1bbiakban a sebess\u00e9gv\u00e1lt\u00f3 f\u0151bb mez\u0151gazdas\u00e1gi alkalmaz\u00e1sai l\u00e1that\u00f3k:<\/p>\n<p><strong>K\u00f6rb\u00e1l\u00e1z\u00e1si m\u0171veletek<\/strong><\/p>\n<ul>\n<li>Alkalmaz\u00e1s: Az FMP2100-T3 sebess\u00e9gv\u00e1lt\u00f3t els\u0151sorban k\u00f6rb\u00e1l\u00e1z\u00f3kban haszn\u00e1lj\u00e1k, amelyek kulcsfontoss\u00e1g\u00fa berendez\u00e9sek a sz\u00e9na, szalma \u00e9s sil\u00f3 betakar\u00edt\u00e1s\u00e1t v\u00e9gz\u0151 mez\u0151gazdas\u00e1gi m\u0171veletekben.<\/li>\n<li>El\u0151ny: Biztos\u00edtja az egyenletes k\u00f6rb\u00e1l\u00e1k hat\u00e9kony kialak\u00edt\u00e1s\u00e1t, n\u00f6veli a termel\u00e9kenys\u00e9get, \u00e9s lehet\u0151v\u00e9 teszi a gazd\u00e1lkod\u00f3k sz\u00e1m\u00e1ra, hogy gyorsan \u00e9s hat\u00e9konyan gy\u0171jts\u00e9k be \u00e9s t\u00e1rolj\u00e1k a term\u00e9nyt k\u00e9s\u0151bbi felhaszn\u00e1l\u00e1sra vagy \u00e9rt\u00e9kes\u00edt\u00e9sre.<\/li>\n<\/ul>\n<p><strong>Sz\u00e9na- \u00e9s takarm\u00e1nybetakar\u00edt\u00e1s<\/strong><\/p>\n<ul>\n<li>Alkalmaz\u00e1s: A sebess\u00e9gv\u00e1lt\u00f3 ide\u00e1lis sz\u00e9na- \u00e9s takarm\u00e1nybetakar\u00edt\u00f3 g\u00e9pekhez, ahol a kard\u00e1ntengelyes k\u00f6rb\u00e1l\u00e1z\u00f3 a lev\u00e1gott f\u00fcvet b\u00e1l\u00e1kk\u00e1 pr\u00e9seli t\u00e1rol\u00e1s vagy sz\u00e1ll\u00edt\u00e1s c\u00e9lj\u00e1b\u00f3l.<\/li>\n<li>El\u0151ny: A sebess\u00e9gv\u00e1lt\u00f3 hat\u00e9konyan tov\u00e1bb\u00edtja a teljes\u00edtm\u00e9nyt a v\u00e1ltoz\u00f3 term\u00e9nyviszonyok kezel\u00e9s\u00e9hez, biztos\u00edtva a sz\u00e1raz sz\u00e9na, sil\u00f3 \u00e9s egy\u00e9b takarm\u00e1nyanyagok hat\u00e9kony feldolgoz\u00e1s\u00e1t.<\/li>\n<\/ul>\n<p><strong>Sil\u00f3z\u00e1si termel\u00e9s<\/strong><\/p>\n<ul>\n<li>Alkalmaz\u00e1s: A sil\u00f3z\u00e1si folyamat sor\u00e1n a hajt\u00f3m\u0171 kulcsszerepet j\u00e1tszik a sil\u00f3zat t\u00f6m\u00f6r\u00edt\u00e9s\u00e9re \u00e9s t\u00e1rol\u00e1s\u00e1ra haszn\u00e1lt k\u00f6rb\u00e1l\u00e1z\u00f3k meghajt\u00e1s\u00e1ban.<\/li>\n<li>El\u0151ny: A sil\u00f3b\u00e1l\u00e1k elengedhetetlenek az \u00e1llati takarm\u00e1nyoz\u00e1shoz, k\u00fcl\u00f6n\u00f6sen a korl\u00e1tozott legeltet\u00e9si szezonnal rendelkez\u0151 r\u00e9gi\u00f3kban, a hajt\u00f3m\u0171 pedig biztos\u00edtja a b\u00e1l\u00e1z\u00e1si folyamat megb\u00edzhat\u00f3 \u00e9s hat\u00e9kony m\u0171k\u00f6d\u00e9s\u00e9t, m\u00e9g nedves \u00e9s s\u0171r\u0171 anyagok eset\u00e9n is.<\/li>\n<\/ul>\n<p><strong>Szalmagy\u0171jtem\u00e9ny<\/strong><\/p>\n<ul>\n<li>Alkalmaz\u00e1s: Betakar\u00edt\u00e1s ut\u00e1ni m\u0171veletek sor\u00e1n az FMP2100-T3 sebess\u00e9gv\u00e1lt\u00f3t gabona- \u00e9s gabonaf\u00f6ldeken szalmagy\u0171jt\u00e9sre haszn\u00e1lj\u00e1k.<\/li>\n<li>El\u0151ny: A hajt\u00f3m\u0171 lehet\u0151v\u00e9 teszi a szalma hat\u00e9kony b\u00e1l\u00e1kk\u00e1 t\u00f6m\u00f6r\u00edt\u00e9s\u00e9t, amelyek almoz\u00e1shoz, \u00e1llati takarm\u00e1nyk\u00e9nt vagy bio\u00fczemanyagk\u00e9nt haszn\u00e1lhat\u00f3k, n\u00f6velve a betakar\u00edtott n\u00f6v\u00e9nyek \u00e9rt\u00e9k\u00e9t.<\/li>\n<\/ul>\n<p><strong>Vegyes term\u00e9ny betakar\u00edt\u00e1sa<\/strong><\/p>\n<ul>\n<li>Alkalmaz\u00e1s: A sebess\u00e9gv\u00e1lt\u00f3 sokoldal\u00fa, \u00e9s vegyes term\u00e9ny betakar\u00edt\u00e1si alkalmaz\u00e1sokban is haszn\u00e1lhat\u00f3, ahol k\u00fcl\u00f6nb\u00f6z\u0151 t\u00edpus\u00fa anyagokat (f\u0171, sz\u00e9na, szalma stb.) b\u00e1l\u00e1znak ugyanazzal a k\u00f6rb\u00e1l\u00e1z\u00f3val.<\/li>\n<li>El\u0151ny: Az FMP2100-T3 sz\u00e1mos n\u00f6v\u00e9nyfajjal kompatibilis, \u00edgy ide\u00e1lis v\u00e1laszt\u00e1s azoknak a gazd\u00e1lkod\u00f3knak, akik v\u00e1ltozatos mez\u0151gazdas\u00e1gi tev\u00e9kenys\u00e9get v\u00e9geznek, \u00e9s adapt\u00e1lhat\u00f3 felszerel\u00e9st ig\u00e9nyelnek.<\/li>\n<\/ul>\n<p>Az FMP2100-T3 k\u00f6rb\u00e1l\u00e1z\u00f3 hajt\u00f3m\u0171 egy rendk\u00edv\u00fcl sokoldal\u00fa \u00e9s megb\u00edzhat\u00f3 alkatr\u00e9sz, amely sz\u00e9les k\u00f6r\u0171 mez\u0151gazdas\u00e1gi alkalmaz\u00e1sokhoz haszn\u00e1lhat\u00f3, k\u00fcl\u00f6n\u00f6sen a takarm\u00e1ny-, sil\u00f3-, szalma- \u00e9s biomassza-termel\u00e9s ter\u00fclet\u00e9n. Hat\u00e9konys\u00e1ga \u00e9s tart\u00f3ss\u00e1ga biztos\u00edtja a k\u00f6rb\u00e1l\u00e1z\u00f3 berendez\u00e9sek z\u00f6kken\u0151mentes m\u0171k\u00f6d\u00e9s\u00e9t, n\u00f6velve a termel\u00e9kenys\u00e9get \u00e9s optimaliz\u00e1lva a term\u00e9nyt\u00e1rol\u00e1st a k\u00fcl\u00f6nf\u00e9le mez\u0151gazdas\u00e1gi ig\u00e9nyek kiel\u00e9g\u00edt\u00e9se \u00e9rdek\u00e9ben.<\/p>\n<p><img loading=\"lazy\" decoding=\"async\" class=\"alignnone size-full wp-image-2528\" src=\"https:\/\/fmp-components.com\/wp-content\/uploads\/2025\/01\/Using-the-Round-Baler-Gearbox-EP2100-T3-Advantages1-scaled.webp\" alt=\"K\u00f6rb\u00e1l\u00e1z\u00f3-hajt\u00f3m\u0171-FMP2100-T3\" width=\"2560\" height=\"1421\" title=\"\" srcset=\"https:\/\/fmp-components.com\/wp-content\/uploads\/2025\/01\/Using-the-Round-Baler-Gearbox-EP2100-T3-Advantages1-scaled.webp 2560w, https:\/\/fmp-components.com\/wp-content\/uploads\/2025\/01\/Using-the-Round-Baler-Gearbox-EP2100-T3-Advantages1-1280x711.webp 1280w, https:\/\/fmp-components.com\/wp-content\/uploads\/2025\/01\/Using-the-Round-Baler-Gearbox-EP2100-T3-Advantages1-980x544.webp 980w, https:\/\/fmp-components.com\/wp-content\/uploads\/2025\/01\/Using-the-Round-Baler-Gearbox-EP2100-T3-Advantages1-480x266.webp 480w\" sizes=\"(min-width: 0px) and (max-width: 480px) 480px, (min-width: 481px) and (max-width: 980px) 980px, (min-width: 981px) and (max-width: 1280px) 1280px, (min-width: 1281px) 2560px, 100vw\" \/><\/p>\n<h3>Az FMP-r\u0151l<\/h3>\n<p>Az olaszorsz\u00e1gi sz\u00e9khely\u0171 FMP vezet\u0151 gy\u00e1rt\u00f3, amely a nagy teljes\u00edtm\u00e9ny\u0171 sebess\u00e9gv\u00e1lt\u00f3k tervez\u00e9s\u00e9ben, fejleszt\u00e9s\u00e9ben \u00e9s gy\u00e1rt\u00e1s\u00e1ban szerzett szak\u00e9rtelm\u00e9r\u0151l ismert, k\u00fcl\u00f6n\u00f6s tekintettel a mez\u0151gazdas\u00e1gi g\u00e9piparra. A prec\u00edzi\u00f3s m\u00e9rn\u00f6ki munka, az innovat\u00edv megold\u00e1sok \u00e9s a rend\u00edthetetlen megb\u00edzhat\u00f3s\u00e1g r\u00e9v\u00e9n az FMP megb\u00edzhat\u00f3 partnerr\u00e9 v\u00e1lt mind a mez\u0151gazdas\u00e1gi, mind az ipari szektor v\u00e1ltoz\u00f3 ig\u00e9nyeinek kiel\u00e9g\u00edt\u00e9s\u00e9ben. Soksz\u00edn\u0171 term\u00e9kk\u00edn\u00e1latunkban megtal\u00e1lhat\u00f3k a f\u0171ny\u00edr\u00f3khoz val\u00f3 speci\u00e1lis sebess\u00e9gv\u00e1lt\u00f3k, kard\u00e1ntengelyek \u00e9s egy\u00e9b alapvet\u0151 alkatr\u00e9szek, amelyek mindegyik\u00e9t apr\u00f3l\u00e9kosan \u00fagy tervezt\u00fck, hogy sz\u00e9les k\u00f6r\u0171 alkalmaz\u00e1si ter\u00fcleteken k\u00edn\u00e1ljon egyedi megold\u00e1sokat.<\/p>\n<p>Az FMP-n\u00e9l meg\u00e9rtj\u00fck, hogy minden \u00fcgyf\u00e9lnek egyedi ig\u00e9nyei \u00e9s kih\u00edv\u00e1sai vannak. Ez\u00e9rt specializ\u00e1l\u00f3dtunk a szem\u00e9lyre szabott megold\u00e1sok k\u00edn\u00e1lat\u00e1ra, legyen sz\u00f3 ak\u00e1r egyedi komponensekr\u0151l, ak\u00e1r teljesen integr\u00e1lt rendszerekr\u0151l. Szorosan egy\u00fcttm\u0171k\u00f6d\u00fcnk \u00fcgyfeleinkkel annak \u00e9rdek\u00e9ben, hogy minden megold\u00e1s ne csak hat\u00e9kony, hanem eredm\u00e9nyes is legyen, optimaliz\u00e1lva a teljes\u00edtm\u00e9nyt \u00e9s az \u00e9rt\u00e9ket. Elk\u00f6telezettek vagyunk a gyors, professzion\u00e1lis v\u00e1laszok \u00e9s a szak\u00e9rt\u0151i \u00fatmutat\u00e1s ir\u00e1nt, \u00edgy minden megkeres\u00e9st a lehet\u0151 legnagyobb gondoss\u00e1ggal \u00e9s precizit\u00e1ssal kezel\u00fcnk, ami a lehet\u0151 legjobb eredm\u00e9nyekhez vezet.<\/p>\n<p>A teljes term\u00e9kfejleszt\u00e9si folyamat sor\u00e1n a ny\u00edlt \u00e9s folyamatos kommunik\u00e1ci\u00f3t helyezz\u00fck el\u0151t\u00e9rbe. Elk\u00f6telezett csapatunk k\u00f6zvetlen\u00fcl az \u00fcgyfelekkel dolgozik, hogy teljes m\u00e9rt\u00e9kben meg\u00e9rtse egyedi ig\u00e9nyeiket, \u00e9rt\u00e9kes betekint\u00e9st \u00e9s aj\u00e1nl\u00e1sokat k\u00edn\u00e1lva az optim\u00e1lis megold\u00e1sok biztos\u00edt\u00e1sa \u00e9rdek\u00e9ben. Ak\u00e1r innovat\u00edv term\u00e9keket tervez, ak\u00e1r folyamatos megrendel\u00e9seket teljes\u00edt, az FMP elk\u00f6telezett amellett, hogy minden alkalommal kiv\u00e1l\u00f3 min\u0151s\u00e9g\u0171, prec\u00edzi\u00f3san megtervezett megold\u00e1sokat sz\u00e1ll\u00edtson id\u0151ben. C\u00e9lunk, hogy \u00fcgyfeleink sz\u00e1m\u00e1ra a legjobb szolg\u00e1ltat\u00e1st \u00e9s eredm\u00e9nyeket ny\u00fajtsuk, minden projekttel fel\u00fclm\u00falva az elv\u00e1r\u00e1sokat.<\/p>\n<p>A min\u0151s\u00e9g az FMP m\u0171k\u00f6d\u00e9s\u00e9nek sarokk\u00f6ve. A legmagasabb gy\u00e1rt\u00e1si szabv\u00e1nyokat tartjuk be, szigor\u00fa min\u0151s\u00e9gellen\u0151rz\u00e9si int\u00e9zked\u00e9seket alkalmazva annak biztos\u00edt\u00e1s\u00e1ra, hogy minden term\u00e9k ne csak megfeleljen, hanem meghaladja az ipar\u00e1gi szabv\u00e1nyokat. Ez a min\u0151s\u00e9g ir\u00e1nti rend\u00edthetetlen elk\u00f6telezetts\u00e9g, valamint az integrit\u00e1s, a csapatmunka \u00e9s a kitart\u00e1s alapvet\u0151 \u00e9rt\u00e9kei lehet\u0151v\u00e9 tett\u00e9k sz\u00e1munkra, hogy hossz\u00fa t\u00e1v\u00fa, bizalmon alapul\u00f3 kapcsolatokat \u00e9p\u00edts\u00fcnk ki \u00fcgyfeleinkkel vil\u00e1gszerte k\u00f6zel 30 orsz\u00e1gban.<\/p>\n<p>Az FMP mindig nyitott a glob\u00e1lis partners\u00e9gek \u00e1pol\u00e1s\u00e1ra, \u00e9s tov\u00e1bbra is elk\u00f6telezett amellett, hogy szak\u00e9rt\u0151i tan\u00e1csokat \u00e9s szem\u00e9lyre szabott megold\u00e1sokat k\u00edn\u00e1ljon, amelyek megfelelnek \u00fcgyfeleink sokr\u00e9t\u0171 ig\u00e9nyeinek. Nemcsak term\u00e9keket sz\u00e1ll\u00edtunk; olyan tart\u00f3s kapcsolatok ki\u00e9p\u00edt\u00e9s\u00e9re t\u00f6reksz\u00fcnk, amelyek hozz\u00e1j\u00e1rulnak minden projekt siker\u00e9hez. Ak\u00e1r innovat\u00edv megold\u00e1sokra van sz\u00fcks\u00e9ge egy \u00faj kezdem\u00e9nyez\u00e9shez, ak\u00e1r folyamatos t\u00e1mogat\u00e1sra egy megl\u00e9v\u0151 rendszerhez, az FMP itt van, hogy megoldja a technikai kih\u00edv\u00e1sokat \u00e9s biztos\u00edtsa a folyamatos sikert.<\/p>\n<p><img loading=\"lazy\" decoding=\"async\" class=\"alignnone size-full wp-image-1861\" src=\"https:\/\/fmp-components.com\/wp-content\/uploads\/2024\/12\/Other-Agricultural-Gearboxes.webp\" sizes=\"(min-width: 0px) and (max-width: 480px) 480px, (min-width: 481px) and (max-width: 980px) 980px, (min-width: 981px) 1200px, 100vw\" srcset=\"https:\/\/fmp-components.com\/wp-content\/uploads\/2024\/12\/Other-Agricultural-Gearboxes.webp 1200w, https:\/\/fmp-components.com\/wp-content\/uploads\/2024\/12\/Other-Agricultural-Gearboxes-980x1143.webp 980w, https:\/\/fmp-components.com\/wp-content\/uploads\/2024\/12\/Other-Agricultural-Gearboxes-480x560.webp 480w\" alt=\"Altri-cambi-agricoli\" width=\"1200\" height=\"1400\" title=\"\"><\/p>\n<p>Szerz\u0151: CX<\/p>","protected":false},"excerpt":{"rendered":"<p>Round Baler Gearbox FMP2100-T3 Technical Data i Suitable Rpm input Rpm output KW(Nom) Output torque Toothing r\/min r\/min hp N.m Decelerate 2.1 :1 Round baler, harvester, etc 540 257 80 100 Gleason Helical Teeth Remark: If you have any special require feel free let me know, we also accept custom. Round Baler Gearbox FMP2100-T3 Component [&hellip;]<\/p>","protected":false},"featured_media":2524,"comment_status":"open","ping_status":"closed","template":"","meta":{"_et_pb_use_builder":"","_et_pb_old_content":"","_et_gb_content_width":""},"product_brand":[],"product_cat":[59],"product_tag":[],"class_list":{"0":"post-2523","1":"product","2":"type-product","3":"status-publish","4":"has-post-thumbnail","6":"product_cat-round-baler-gearbox","8":"first","9":"instock","10":"shipping-taxable","11":"product-type-simple"},"_links":{"self":[{"href":"https:\/\/fmp-components.com\/hu\/wp-json\/wp\/v2\/product\/2523","targetHints":{"allow":["GET"]}}],"collection":[{"href":"https:\/\/fmp-components.com\/hu\/wp-json\/wp\/v2\/product"}],"about":[{"href":"https:\/\/fmp-components.com\/hu\/wp-json\/wp\/v2\/types\/product"}],"replies":[{"embeddable":true,"href":"https:\/\/fmp-components.com\/hu\/wp-json\/wp\/v2\/comments?post=2523"}],"wp:featuredmedia":[{"embeddable":true,"href":"https:\/\/fmp-components.com\/hu\/wp-json\/wp\/v2\/media\/2524"}],"wp:attachment":[{"href":"https:\/\/fmp-components.com\/hu\/wp-json\/wp\/v2\/media?parent=2523"}],"wp:term":[{"taxonomy":"product_brand","embeddable":true,"href":"https:\/\/fmp-components.com\/hu\/wp-json\/wp\/v2\/product_brand?post=2523"},{"taxonomy":"product_cat","embeddable":true,"href":"https:\/\/fmp-components.com\/hu\/wp-json\/wp\/v2\/product_cat?post=2523"},{"taxonomy":"product_tag","embeddable":true,"href":"https:\/\/fmp-components.com\/hu\/wp-json\/wp\/v2\/product_tag?post=2523"}],"curies":[{"name":"munkaf\u00fczet","href":"https:\/\/api.w.org\/{rel}","templated":true}]}}