{"id":2510,"date":"2025-01-02T02:57:49","date_gmt":"2025-01-02T02:57:49","guid":{"rendered":"https:\/\/fmp-components.com\/?page_id=8"},"modified":"2025-01-02T03:35:08","modified_gmt":"2025-01-02T03:35:08","slug":"round-baler-gearbox-fmp9-35-for-round-baler-and-harvester","status":"publish","type":"product","link":"https:\/\/fmp-components.com\/hu\/product\/round-baler-gearbox-fmp9-35-for-round-baler-and-harvester\/","title":{"rendered":"FMP9.35 k\u00f6rb\u00e1l\u00e1z\u00f3 sebess\u00e9gv\u00e1lt\u00f3 k\u00f6rb\u00e1l\u00e1z\u00f3hoz \u00e9s betakar\u00edt\u00f3hoz"},"content":{"rendered":"<p><img loading=\"lazy\" decoding=\"async\" class=\"alignnone size-full wp-image-2514\" src=\"https:\/\/fmp-components.com\/wp-content\/uploads\/2025\/01\/Round-Baler-Gearbox-EP9.35-Advantages.webp\" alt=\"K\u00f6rb\u00e1l\u00e1z\u00f3-Sebess\u00e9gv\u00e1lt\u00f3-FMP9.35-El\u0151ny\u00f6k\" width=\"1440\" height=\"789\" title=\"\" srcset=\"https:\/\/fmp-components.com\/wp-content\/uploads\/2025\/01\/Round-Baler-Gearbox-EP9.35-Advantages.webp 1440w, https:\/\/fmp-components.com\/wp-content\/uploads\/2025\/01\/Round-Baler-Gearbox-EP9.35-Advantages-1280x701.webp 1280w, https:\/\/fmp-components.com\/wp-content\/uploads\/2025\/01\/Round-Baler-Gearbox-EP9.35-Advantages-980x537.webp 980w, https:\/\/fmp-components.com\/wp-content\/uploads\/2025\/01\/Round-Baler-Gearbox-EP9.35-Advantages-480x263.webp 480w\" sizes=\"(min-width: 0px) and (max-width: 480px) 480px, (min-width: 481px) and (max-width: 980px) 980px, (min-width: 981px) and (max-width: 1280px) 1280px, (min-width: 1281px) 1440px, 100vw\" \/><\/p>\n<h2>K\u00f6rb\u00e1l\u00e1z\u00f3 hajt\u00f3m\u0171 FMP9.35 m\u00e9retei<\/h2>\n<p><img loading=\"lazy\" decoding=\"async\" class=\"alignnone size-full wp-image-2513\" src=\"https:\/\/fmp-components.com\/wp-content\/uploads\/2025\/01\/Round-Baler-Gearbox-EP9.35-Dimensions-2.webp\" alt=\"K\u00f6rb\u00e1l\u00e1z\u00f3-Sebess\u00e9gv\u00e1lt\u00f3-FMP9.35-M\u00e9retek-2\" width=\"1530\" height=\"489\" title=\"\" srcset=\"https:\/\/fmp-components.com\/wp-content\/uploads\/2025\/01\/Round-Baler-Gearbox-EP9.35-Dimensions-2.webp 1530w, https:\/\/fmp-components.com\/wp-content\/uploads\/2025\/01\/Round-Baler-Gearbox-EP9.35-Dimensions-2-1280x409.webp 1280w, https:\/\/fmp-components.com\/wp-content\/uploads\/2025\/01\/Round-Baler-Gearbox-EP9.35-Dimensions-2-980x313.webp 980w, https:\/\/fmp-components.com\/wp-content\/uploads\/2025\/01\/Round-Baler-Gearbox-EP9.35-Dimensions-2-480x153.webp 480w\" sizes=\"(min-width: 0px) and (max-width: 480px) 480px, (min-width: 481px) and (max-width: 980px) 980px, (min-width: 981px) and (max-width: 1280px) 1280px, (min-width: 1281px) 1530px, 100vw\" \/><\/p>\n<p><img loading=\"lazy\" decoding=\"async\" class=\"alignnone size-full wp-image-2512\" src=\"https:\/\/fmp-components.com\/wp-content\/uploads\/2025\/01\/Round-Baler-Gearbox-EP9.35-Dimensions-1.webp\" alt=\"K\u00f6rb\u00e1l\u00e1z\u00f3-Sebess\u00e9gv\u00e1lt\u00f3-FMP9.35-M\u00e9retek-1\" width=\"1548\" height=\"889\" title=\"\" srcset=\"https:\/\/fmp-components.com\/wp-content\/uploads\/2025\/01\/Round-Baler-Gearbox-EP9.35-Dimensions-1.webp 1548w, https:\/\/fmp-components.com\/wp-content\/uploads\/2025\/01\/Round-Baler-Gearbox-EP9.35-Dimensions-1-1280x735.webp 1280w, https:\/\/fmp-components.com\/wp-content\/uploads\/2025\/01\/Round-Baler-Gearbox-EP9.35-Dimensions-1-980x563.webp 980w, https:\/\/fmp-components.com\/wp-content\/uploads\/2025\/01\/Round-Baler-Gearbox-EP9.35-Dimensions-1-480x276.webp 480w\" sizes=\"(min-width: 0px) and (max-width: 480px) 480px, (min-width: 481px) and (max-width: 980px) 980px, (min-width: 981px) and (max-width: 1280px) 1280px, (min-width: 1281px) 1548px, 100vw\" \/><\/p>\n<h2>FMP9.35 k\u00f6rb\u00e1l\u00e1z\u00f3 hajt\u00f3m\u0171 m\u0171szaki adatai<\/h2>\n<table style=\"width: 99.9284%; height: 128px;\" border=\"1\" cellspacing=\"0\" cellpadding=\"0\">\n<tbody>\n<tr>\n<td colspan=\"2\" rowspan=\"2\">\u00e9n<\/td>\n<td rowspan=\"2\">Alkalmas<\/td>\n<td>Fordulatsz\u00e1m bemenet<\/td>\n<td>Fordulatsz\u00e1m-kimenet<\/td>\n<td>kW (n\u00e9vleges)<\/td>\n<td>kW (maximum)<\/td>\n<td rowspan=\"2\">Fogazat<\/td>\n<\/tr>\n<tr>\n<td>fordulat\/perc<\/td>\n<td>fordulat\/perc<\/td>\n<td>l\u00f3er\u0151<\/td>\n<td>l\u00f3er\u0151<\/td>\n<\/tr>\n<tr>\n<td>Lass\u00edt\u00e1s<\/td>\n<td>1.92:1<\/td>\n<td>K\u00f6rb\u00e1l\u00e1z\u00f3,<br \/>\narat\u00f3g\u00e9p stb.<\/td>\n<td>540<\/td>\n<td>282<\/td>\n<td>120<\/td>\n<td>3000<\/td>\n<td>Gleason spir\u00e1lis<br \/>\nFogak<\/td>\n<\/tr>\n<tr>\n<td colspan=\"8\">Megjegyz\u00e9s: Ha b\u00e1rmilyen k\u00fcl\u00f6nleges ig\u00e9nye van, nyugodtan sz\u00f3ljon, mi is elfogadjuk az egyedi megrendel\u00e9seket.<\/td>\n<\/tr>\n<\/tbody>\n<\/table>\n<h3>Az FMP9.35 k\u00f6rb\u00e1l\u00e1z\u00f3 sebess\u00e9gv\u00e1lt\u00f3 el\u0151nyei<\/h3>\n<p>Az FMP9.35 k\u00f6rb\u00e1l\u00e1z\u00f3 sebess\u00e9gv\u00e1lt\u00f3 egy nagy teljes\u00edtm\u00e9ny\u0171 sebess\u00e9gv\u00e1lt\u00f3, amelyet kifejezetten mez\u0151gazdas\u00e1gi k\u00f6rb\u00e1l\u00e1z\u00f3khoz terveztek, \u00e9s sz\u00e1mos el\u0151nnyel j\u00e1r a m\u0171k\u00f6d\u00e9si hat\u00e9konys\u00e1g \u00e9s a tart\u00f3ss\u00e1g n\u00f6vel\u00e9se \u00e9rdek\u00e9ben. Az al\u00e1bbiakban az FMP9.35 sebess\u00e9gv\u00e1lt\u00f3 f\u0151bb el\u0151nyeit ismertetj\u00fck:<\/p>\n<p><strong>Nagy teljes\u00edtm\u00e9ny\u0171 kezel\u00e9si k\u00e9pess\u00e9g<\/strong><\/p>\n<ul>\n<li>El\u0151ny: Az FMP9.35 nagy nyomat\u00e9kterhel\u00e9sek kezel\u00e9s\u00e9re lett tervezve, \u00edgy ide\u00e1lis nagy teherb\u00edr\u00e1s\u00fa b\u00e1l\u00e1z\u00e1si alkalmaz\u00e1sokhoz.<\/li>\n<li>El\u0151ny: Ez lehet\u0151v\u00e9 teszi a hajt\u00f3m\u0171 sz\u00e1m\u00e1ra, hogy hat\u00e9konyan kezelje a kem\u00e9ny anyagokat, p\u00e9ld\u00e1ul a sz\u00e9n\u00e1t, a szalm\u00e1t, a sil\u00f3z\u00e1st \u00e9s a mez\u0151gazdas\u00e1gi hullad\u00e9kot, biztos\u00edtva a megb\u00edzhat\u00f3 er\u0151\u00e1tvitelt \u00e9s az optim\u00e1lis b\u00e1l\u00e1z\u00e1si teljes\u00edtm\u00e9nyt, m\u00e9g kih\u00edv\u00e1st jelent\u0151 k\u00f6r\u00fclm\u00e9nyek k\u00f6z\u00f6tt is.<\/li>\n<\/ul>\n<p><strong>Fokozott tart\u00f3ss\u00e1g \u00e9s hossz\u00fa \u00e9lettartam<\/strong><\/p>\n<ul>\n<li>El\u0151ny: Pr\u00e9mium anyagokb\u00f3l k\u00e9sz\u00fclt \u00e9s robusztus konstrukci\u00f3j\u00fa, az FMP9.35 sebess\u00e9gv\u00e1lt\u00f3t hossz\u00fa t\u00e1v\u00fa teljes\u00edtm\u00e9nyre tervezt\u00e9k.<\/li>\n<li>El\u0151ny: Tart\u00f3s kialak\u00edt\u00e1sa jelent\u0151sen cs\u00f6kkenti a kop\u00e1st, \u00edgy \u00e9vekig tart\u00f3, intenz\u00edv haszn\u00e1latot is kib\u00edr gyakori jav\u00edt\u00e1sok vagy cser\u00e9k n\u00e9lk\u00fcl, ami cs\u00f6kkenti a gazd\u00e1lkod\u00f3k \u00e1ltal\u00e1nos m\u0171k\u00f6d\u00e9si k\u00f6lts\u00e9geit.<\/li>\n<\/ul>\n<p><strong>Z\u00f6kken\u0151mentes \u00e9s hat\u00e9kony m\u0171k\u00f6d\u00e9s<\/strong><\/p>\n<ul>\n<li>El\u0151ny: Az FMP9.35 sebess\u00e9gv\u00e1lt\u00f3 a sima er\u0151\u00e1tvitelre van optimaliz\u00e1lva, minimaliz\u00e1lva az energiavesztes\u00e9get \u00fczem k\u00f6zben.<\/li>\n<li>El\u0151ny: A hat\u00e9kony er\u0151\u00e1tvitel cs\u00f6kkenti az \u00fczemanyag-fogyaszt\u00e1st \u00e9s jav\u00edtja a b\u00e1l\u00e1z\u00f3 \u00f6sszteljes\u00edtm\u00e9ny\u00e9t, biztos\u00edtva, hogy a m\u0171veletek ne csak hat\u00e9konyak, hanem k\u00f6lts\u00e9ghat\u00e9konyak is legyenek.<\/li>\n<\/ul>\n<p><strong>Alacsony karbantart\u00e1si ig\u00e9ny<\/strong><\/p>\n<ul>\n<li>El\u0151ny: A sebess\u00e9gv\u00e1lt\u00f3t a k\u00f6nny\u0171 karbantart\u00e1s \u00e9rdek\u00e9ben tervezt\u00e9k, olyan funkci\u00f3kkal, amelyek lehet\u0151v\u00e9 teszik a gyors ellen\u0151rz\u00e9st \u00e9s az egyszer\u0171 szervizel\u00e9st.<\/li>\n<li>El\u0151ny: Ez cs\u00f6kkenti az \u00e1ll\u00e1sid\u0151t, \u00e9s minim\u00e1lis er\u0151fesz\u00edt\u00e9ssel biztos\u00edtja, hogy a sebess\u00e9gv\u00e1lt\u00f3 a legjobb \u00e1llapotban maradjon, ami folyamatosabb m\u0171k\u00f6d\u00e9st \u00e9s kevesebb megszak\u00edt\u00e1st tesz lehet\u0151v\u00e9 a b\u00e1l\u00e1z\u00e1si szezonban.<\/li>\n<\/ul>\n<p><strong>Kompakt \u00e9s helytakar\u00e9kos kialak\u00edt\u00e1s<\/strong><\/p>\n<ul>\n<li>El\u0151ny: Az FMP9.35 kompakt kialak\u00edt\u00e1s\u00fa, ami helyet takar\u00edt meg, mik\u00f6zben optim\u00e1lis teljes\u00edtm\u00e9nyt ny\u00fajt.<\/li>\n<li>El\u0151ny: Kompakt m\u00e9rete k\u00f6nnyebb\u00e9 \u00e9s man\u0151verezhet\u0151bb\u00e9 teszi a b\u00e1l\u00e1z\u00f3g\u00e9pet, ami nagyobb rugalmass\u00e1got biztos\u00edt sz\u0171k ter\u00fcleteken vagy nehezen el\u00e9rhet\u0151 ter\u00fcleteken val\u00f3 munkav\u00e9gz\u00e9s sor\u00e1n.<\/li>\n<\/ul>\n<p><strong>Sokoldal\u00fas\u00e1g k\u00fcl\u00f6nf\u00e9le alkalmaz\u00e1sokhoz<\/strong><\/p>\n<ul>\n<li>El\u0151ny: Az FMP9.35 sebess\u00e9gv\u00e1lt\u00f3 sokoldal\u00fa, k\u00fcl\u00f6nb\u00f6z\u0151 t\u00edpus\u00fa b\u00e1l\u00e1z\u00e1shoz alkalmas, bele\u00e9rtve a sz\u00e9na, szalma \u00e9s sil\u00f3 b\u00e1l\u00e1z\u00e1s\u00e1t.<\/li>\n<li>El\u0151ny: Alkalmazkod\u00f3k\u00e9pess\u00e9ge miatt nagyszer\u0171 v\u00e1laszt\u00e1s azoknak a gazd\u00e1lkod\u00f3knak, akiknek olyan sebess\u00e9gv\u00e1lt\u00f3ra van sz\u00fcks\u00e9g\u00fck, amely k\u00fcl\u00f6nf\u00e9le term\u00e9nyeket \u00e9s anyagokat k\u00e9pes kezelni, biztos\u00edtva, hogy a b\u00e1l\u00e1z\u00f3 j\u00f3l teljes\u00edtsen k\u00fcl\u00f6nb\u00f6z\u0151 mez\u0151gazdas\u00e1gi k\u00f6r\u00fclm\u00e9nyek k\u00f6z\u00f6tt.<\/li>\n<\/ul>\n<p>Az FMP9.35 k\u00f6rb\u00e1l\u00e1z\u00f3 sebess\u00e9gv\u00e1lt\u00f3 egy nagy teljes\u00edtm\u00e9ny\u0171, tart\u00f3s \u00e9s hat\u00e9kony sebess\u00e9gv\u00e1lt\u00f3, amelyet a modern mez\u0151gazdas\u00e1gi b\u00e1l\u00e1z\u00e1si m\u0171veletek ig\u00e9nyes ig\u00e9nyeinek kiel\u00e9g\u00edt\u00e9s\u00e9re terveztek. Robusztus fel\u00e9p\u00edt\u00e9se, sima m\u0171k\u00f6d\u00e9se \u00e9s alacsony karbantart\u00e1si ig\u00e9nye ide\u00e1lis v\u00e1laszt\u00e1ss\u00e1 teszi a megb\u00edzhat\u00f3 \u00e9s nagy teljes\u00edtm\u00e9ny\u0171 sebess\u00e9gv\u00e1lt\u00f3t keres\u0151 gazd\u00e1lkod\u00f3k sz\u00e1m\u00e1ra. Az FMP9.35 seg\u00edt maximaliz\u00e1lni a hat\u00e9konys\u00e1got, cs\u00f6kkenteni az \u00fczemeltet\u00e9si k\u00f6lts\u00e9geket \u00e9s biztos\u00edtani a hossz\u00fa t\u00e1v\u00fa megb\u00edzhat\u00f3s\u00e1got, hozz\u00e1j\u00e1rulva a k\u00f6rb\u00e1l\u00e1z\u00e1si feladatok \u00e1ltal\u00e1nos siker\u00e9hez k\u00fcl\u00f6nb\u00f6z\u0151 mez\u0151gazdas\u00e1gi k\u00f6rnyezetben.<\/p>\n<p><img loading=\"lazy\" decoding=\"async\" class=\"alignnone size-full wp-image-2507\" src=\"https:\/\/fmp-components.com\/wp-content\/uploads\/2025\/01\/Round-Baler-Gearbox-EP9.0-HL01-for-Agricultural-21.webp\" alt=\"K\u00f6rb\u00e1l\u00e1z\u00f3-hajt\u00f3m\u0171-FMP9.0-HL01-mez\u0151gazdas\u00e1gi-2(1)\" width=\"980\" height=\"653\" title=\"\" srcset=\"https:\/\/fmp-components.com\/wp-content\/uploads\/2025\/01\/Round-Baler-Gearbox-EP9.0-HL01-for-Agricultural-21.webp 980w, https:\/\/fmp-components.com\/wp-content\/uploads\/2025\/01\/Round-Baler-Gearbox-EP9.0-HL01-for-Agricultural-21-480x320.webp 480w\" sizes=\"(min-width: 0px) and (max-width: 480px) 480px, (min-width: 481px) 980px, 100vw\" \/><\/p>\n<h3>Az FMP9.35 k\u00f6rb\u00e1l\u00e1z\u00f3 sebess\u00e9gv\u00e1lt\u00f3 funkci\u00f3ja a mez\u0151gazdas\u00e1gban<\/h3>\n<p>Az FMP9.35 k\u00f6rb\u00e1l\u00e1z\u00f3 sebess\u00e9gv\u00e1lt\u00f3 kritikus szerepet j\u00e1tszik a k\u00f6rb\u00e1l\u00e1z\u00f3k m\u0171k\u00f6d\u00e9s\u00e9ben, amelyek alapvet\u0151 mez\u0151gazdas\u00e1gi g\u00e9pek olyan anyagok t\u00f6m\u00f6r\u00edt\u00e9s\u00e9hez \u00e9s b\u00e1l\u00e1z\u00e1s\u00e1hoz, mint a sz\u00e9na, a szalma \u00e9s a sil\u00f3. Ez a sebess\u00e9gv\u00e1lt\u00f3 biztos\u00edtja, hogy a teljes\u00edtm\u00e9ny hat\u00e9konyan tov\u00e1bb\u00edt\u00f3djon a traktorr\u00f3l a b\u00e1l\u00e1z\u00f3ra, el\u0151seg\u00edtve az optim\u00e1lis teljes\u00edtm\u00e9nyt a b\u00e1l\u00e1z\u00e1si feladatok sor\u00e1n. Az al\u00e1bbiakban az FMP9.35 k\u00f6rb\u00e1l\u00e1z\u00f3 sebess\u00e9gv\u00e1lt\u00f3 f\u0151bb funkci\u00f3i l\u00e1that\u00f3k:<\/p>\n<p><strong>Er\u0151\u00e1tvitel<\/strong><\/p>\n<ul>\n<li>Funkci\u00f3: Az FMP9.35 sebess\u00e9gv\u00e1lt\u00f3 els\u0151dleges funkci\u00f3ja a traktor teljes\u00edtm\u00e9nylead\u00f3 tengely\u00e9r\u0151l (TLT) \u00e9rkez\u0151 teljes\u00edtm\u00e9ny tov\u00e1bb\u00edt\u00e1sa a k\u00f6rb\u00e1l\u00e1z\u00f3 bels\u0151 mechanizmusaihoz.<\/li>\n<li>El\u0151ny: Z\u00f6kken\u0151mentes \u00e9s hat\u00e9kony er\u0151\u00e1tvitelt biztos\u00edt, lehet\u0151v\u00e9 t\u00e9ve a b\u00e1l\u00e1z\u00f3 sz\u00e1m\u00e1ra a k\u00fcl\u00f6nf\u00e9le funkci\u00f3k ell\u00e1t\u00e1s\u00e1t, p\u00e9ld\u00e1ul az anyagok adagol\u00e1s\u00e1t, t\u00f6m\u00f6r\u00edt\u00e9s\u00e9t \u00e9s k\u00f6t\u00f6z\u00e9s\u00e9t kompakt b\u00e1l\u00e1k kialak\u00edt\u00e1sa \u00e9rdek\u00e9ben.<\/li>\n<\/ul>\n<p><strong>Nyomat\u00e9kszorz\u00e1s<\/strong><\/p>\n<ul>\n<li>Funkci\u00f3: A sebess\u00e9gv\u00e1lt\u00f3 nyomat\u00e9ksokszoroz\u00e1st biztos\u00edt, n\u00f6velve a b\u00e1l\u00e1z\u00f3 alkatr\u00e9szeire hat\u00f3 forg\u00f3er\u0151t.<\/li>\n<li>El\u0151ny: Ez k\u00fcl\u00f6n\u00f6sen fontos kem\u00e9ny, s\u0171r\u0171 anyagok, p\u00e9ld\u00e1ul nedves sz\u00e9na vagy szalma eset\u00e9n, biztos\u00edtva, hogy a b\u00e1l\u00e1z\u00f3 a k\u00edv\u00e1nt hat\u00e9konys\u00e1ggal \u00e9s teljes\u00edtm\u00e9nyszinten m\u0171k\u00f6dj\u00f6n a rendszer t\u00falterhel\u00e9se n\u00e9lk\u00fcl.<\/li>\n<\/ul>\n<p><strong>Sebess\u00e9gcs\u00f6kkent\u00e9s<\/strong><\/p>\n<ul>\n<li>Funkci\u00f3: Az FMP9.35 sebess\u00e9gv\u00e1lt\u00f3 a traktor teljes\u00edtm\u00e9nylead\u00f3 tengely\u00e9r\u0151l \u00e9rkez\u0151 magas forg\u00e1si sebess\u00e9get a b\u00e1l\u00e1z\u00f3 m\u0171k\u00f6d\u00e9si alkatr\u00e9szeinek, p\u00e9ld\u00e1ul a hengereknek \u00e9s a t\u00f6m\u00f6r\u00edt\u0151 mechanizmusnak az optim\u00e1lis sebess\u00e9g\u00e9re cs\u00f6kkenti.<\/li>\n<li>El\u0151ny: Ez a szab\u00e1lyozott sebess\u00e9gcs\u00f6kkent\u00e9s megakad\u00e1lyozza a b\u00e1l\u00e1z\u00f3rendszer k\u00e1rosod\u00e1s\u00e1t, \u00e9s biztos\u00edtja, hogy a b\u00e1l\u00e1z\u00f3 ide\u00e1lis \u00fctemben dolgozzon a hat\u00e9kony t\u00f6m\u00f6r\u00edt\u00e9s \u00e9s b\u00e1laform\u00e1l\u00e1s \u00e9rdek\u00e9ben.<\/li>\n<\/ul>\n<p><strong>B\u00e1l\u00e1z\u00f3 mechanizmusok szinkroniz\u00e1l\u00e1sa<\/strong><\/p>\n<ul>\n<li>Funkci\u00f3: A sebess\u00e9gv\u00e1lt\u00f3 felel\u0151s a b\u00e1l\u00e1z\u00f3n bel\u00fcli k\u00fcl\u00f6nb\u00f6z\u0151 mechanikus alkatr\u00e9szek szinkroniz\u00e1l\u00e1s\u00e1\u00e9rt, bele\u00e9rtve a sz\u00edv\u00f3-, nyom\u00f3- \u00e9s k\u00f6t\u00f6z\u0151rendszereket.<\/li>\n<li>El\u0151ny: Ezen alkatr\u00e9szek mozg\u00e1s\u00e1nak \u00f6sszehangol\u00e1s\u00e1val a sebess\u00e9gv\u00e1lt\u00f3 biztos\u00edtja, hogy minden m\u0171velet harmonikusan menjen v\u00e9gbe, ami egyenletes \u00e9s kiv\u00e1l\u00f3 min\u0151s\u00e9g\u0171 b\u00e1lak\u00e9pz\u0151d\u00e9st eredm\u00e9nyez.<\/li>\n<\/ul>\n<p><strong>Terhel\u00e9s-eloszt\u00e1s<\/strong><\/p>\n<ul>\n<li>Funkci\u00f3: Az FMP9.35 sebess\u00e9gv\u00e1lt\u00f3 seg\u00edt egyenletesen elosztani a mechanikai terhel\u00e9st a rendszerben, biztos\u00edtva, hogy egyetlen alkatr\u00e9sz se legyen t\u00falterhelve.<\/li>\n<li>El\u0151ny: Ez a terhel\u00e9seloszt\u00e1s minimaliz\u00e1lja a kritikus alkatr\u00e9szek kop\u00e1s\u00e1t, n\u00f6velve a b\u00e1l\u00e1z\u00f3 \u00e9lettartam\u00e1t \u00e9s cs\u00f6kkentve a karbantart\u00e1si ig\u00e9nyt.<\/li>\n<\/ul>\n<p>Az FMP9.35 k\u00f6rb\u00e1l\u00e1z\u00f3 hajt\u00f3m\u0171 n\u00e9lk\u00fcl\u00f6zhetetlen a mez\u0151gazdas\u00e1gi alkalmaz\u00e1sokban haszn\u00e1lt k\u00f6rb\u00e1l\u00e1z\u00f3k hat\u00e9kony \u00e9s megb\u00edzhat\u00f3 m\u0171k\u00f6d\u00e9s\u00e9nek biztos\u00edt\u00e1s\u00e1hoz. A sima er\u0151\u00e1tvitel, a nyomat\u00e9ksokszoroz\u00e1s, a sebess\u00e9gcs\u00f6kkent\u00e9s \u00e9s a terhel\u00e9seloszt\u00e1s biztos\u00edt\u00e1s\u00e1val maximaliz\u00e1lja a b\u00e1l\u00e1z\u00f3 teljes\u00edtm\u00e9ny\u00e9t, mik\u00f6zben minimaliz\u00e1lja az \u00fczemeltet\u00e9si k\u00f6lts\u00e9geket \u00e9s a karbantart\u00e1si ig\u00e9nyeket. Ez a hajt\u00f3m\u0171 seg\u00edt a gazd\u00e1lkod\u00f3knak az \u00e1lland\u00f3, kiv\u00e1l\u00f3 min\u0151s\u00e9g\u0171 b\u00e1l\u00e1k el\u00e9r\u00e9s\u00e9ben, \u00e9s n\u00f6veli a b\u00e1l\u00e1z\u00e1si m\u0171veletek \u00e1ltal\u00e1nos termel\u00e9kenys\u00e9g\u00e9t.<\/p>\n<p><img loading=\"lazy\" decoding=\"async\" class=\"alignnone size-full wp-image-2505\" src=\"https:\/\/fmp-components.com\/wp-content\/uploads\/2025\/01\/Round-Baler-Gearbox-191-scaled.webp\" alt=\"K\u00f6rb\u00e1l\u00e1z\u00f3-Sebess\u00e9gv\u00e1lt\u00f3-19(1)\" width=\"2560\" height=\"1920\" title=\"\" srcset=\"https:\/\/fmp-components.com\/wp-content\/uploads\/2025\/01\/Round-Baler-Gearbox-191-scaled.webp 2560w, https:\/\/fmp-components.com\/wp-content\/uploads\/2025\/01\/Round-Baler-Gearbox-191-1280x960.webp 1280w, https:\/\/fmp-components.com\/wp-content\/uploads\/2025\/01\/Round-Baler-Gearbox-191-980x735.webp 980w, https:\/\/fmp-components.com\/wp-content\/uploads\/2025\/01\/Round-Baler-Gearbox-191-480x360.webp 480w\" sizes=\"(min-width: 0px) and (max-width: 480px) 480px, (min-width: 481px) and (max-width: 980px) 980px, (min-width: 981px) and (max-width: 1280px) 1280px, (min-width: 1281px) 2560px, 100vw\" \/><\/p>\n<h3>Az FMP-r\u0151l<\/h3>\n<p>Az olaszorsz\u00e1gi sz\u00e9khely\u0171 FMP vezet\u0151 gy\u00e1rt\u00f3, amely a nagy teljes\u00edtm\u00e9ny\u0171 sebess\u00e9gv\u00e1lt\u00f3k tervez\u00e9s\u00e9ben, fejleszt\u00e9s\u00e9ben \u00e9s gy\u00e1rt\u00e1s\u00e1ban szerzett szak\u00e9rtelm\u00e9r\u0151l ismert, k\u00fcl\u00f6n\u00f6sen a mez\u0151gazdas\u00e1gi g\u00e9pek szektor\u00e1ban. A prec\u00edzi\u00f3s m\u00e9rn\u00f6ki munk\u00e1r\u00f3l, innovat\u00edv megold\u00e1sair\u00f3l \u00e9s rend\u00edthetetlen megb\u00edzhat\u00f3s\u00e1g\u00e1r\u00f3l ismert FMP megb\u00edzhat\u00f3 partnerr\u00e9 v\u00e1lt mind a mez\u0151gazdas\u00e1gi, mind az ipari piacok v\u00e1ltoz\u00f3 ig\u00e9nyeinek kiel\u00e9g\u00edt\u00e9s\u00e9ben. Kiterjedt term\u00e9kportf\u00f3li\u00f3nk mag\u00e1ban foglalja a f\u0171ny\u00edr\u00f3khoz, kard\u00e1ntengelyekhez \u00e9s k\u00fcl\u00f6nf\u00e9le egy\u00e9b kritikus alkatr\u00e9szekhez k\u00e9sz\u00fclt speci\u00e1lis sebess\u00e9gv\u00e1lt\u00f3kat, amelyek mindegyik\u00e9t \u00fagy tervezt\u00fck, hogy testreszabott megold\u00e1sokat k\u00edn\u00e1ljon a legk\u00fcl\u00f6nb\u00f6z\u0151bb alkalmaz\u00e1sokhoz.<\/p>\n<p>Az FMP-n\u00e9l felismerj\u00fck, hogy minden \u00fcgyf\u00e9l ig\u00e9nyei egyediek. Ez\u00e9rt specializ\u00e1l\u00f3dtunk a szem\u00e9lyre szabott megold\u00e1sok ny\u00fajt\u00e1s\u00e1ra, legyen sz\u00f3 ak\u00e1r egyedi alkatr\u00e9szekr\u0151l, ak\u00e1r teljesen integr\u00e1lt rendszerekr\u0151l. \u00dcgyfeleinkkel szorosan egy\u00fcttm\u0171k\u00f6dve biztos\u00edtjuk, hogy minden megold\u00e1s ne csak hat\u00e9kony, hanem a hat\u00e9konys\u00e1g, a teljes\u00edtm\u00e9ny \u00e9s az \u00e9rt\u00e9k szempontj\u00e1b\u00f3l is optimaliz\u00e1lt legyen. Elk\u00f6telezettek vagyunk a gyors, professzion\u00e1lis v\u00e1laszok ir\u00e1nt, szak\u00e9rt\u0151i \u00fatmutat\u00e1ssal t\u00e1mogatva, \u00edgy minden megkeres\u00e9st prec\u00edzen kezel\u00fcnk, ami a lehet\u0151 legjobb eredm\u00e9nyeket eredm\u00e9nyezi.<\/p>\n<p>A teljes term\u00e9kfejleszt\u00e9si folyamat sor\u00e1n kiemelt fontoss\u00e1g\u00fanak tartjuk az \u00e1tl\u00e1that\u00f3 \u00e9s folyamatos kommunik\u00e1ci\u00f3t. Elk\u00f6telezett csapatunk k\u00f6zvetlen\u00fcl az \u00fcgyfelekkel dolgozik egy\u00fctt, hogy alaposan meg\u00e9rtse egyedi ig\u00e9nyeiket, gyakorlatias betekint\u00e9st \u00e9s aj\u00e1nl\u00e1sokat k\u00edn\u00e1lva, amelyek optim\u00e1lis megold\u00e1sokhoz vezetnek. Ak\u00e1r innovat\u00edv term\u00e9keket tervez\u00fcnk, ak\u00e1r folyamatos megrendel\u00e9seket teljes\u00edt\u00fcnk, az FMP elk\u00f6telezett amellett, hogy minden alkalommal kiv\u00e1l\u00f3 min\u0151s\u00e9g\u0171, prec\u00edzi\u00f3san megtervezett megold\u00e1sokat sz\u00e1ll\u00edtson id\u0151ben. K\u00fcldet\u00e9s\u00fcnk, hogy \u00fcgyfeleinknek kiv\u00e1l\u00f3 szolg\u00e1ltat\u00e1st \u00e9s eredm\u00e9nyeket ny\u00fajtsunk, minden projekttel k\u00f6vetkezetesen fel\u00fclm\u00falva az elv\u00e1r\u00e1sokat.<\/p>\n<p>A min\u0151s\u00e9g az FMP m\u0171k\u00f6d\u00e9s\u00e9nek alapja. A legmagasabb gy\u00e1rt\u00e1si szabv\u00e1nyokat k\u00f6vetj\u00fck, szigor\u00fa min\u0151s\u00e9gellen\u0151rz\u00e9si folyamatokat alkalmazva annak biztos\u00edt\u00e1s\u00e1ra, hogy minden term\u00e9k ne csak megfeleljen, hanem meghaladja az ipar\u00e1gi szabv\u00e1nyokat. Ez a min\u0151s\u00e9g ir\u00e1nti rend\u00edthetetlen elk\u00f6telezetts\u00e9g, valamint az olyan alapvet\u0151 \u00e9rt\u00e9keink, mint az integrit\u00e1s, a csapatmunka \u00e9s a kitart\u00e1s, lehet\u0151v\u00e9 tette sz\u00e1munkra, hogy hossz\u00fa t\u00e1v\u00fa, bizalmon alapul\u00f3 kapcsolatokat \u00e9p\u00edts\u00fcnk ki \u00fcgyfeleinkkel k\u00f6zel 30 orsz\u00e1gban vil\u00e1gszerte.<\/p>\n<p>Az FMP-n\u00e9l mindig nyitottak vagyunk a glob\u00e1lis partners\u00e9gek kialak\u00edt\u00e1s\u00e1ra, \u00e9s elk\u00f6telezettek vagyunk a szak\u00e9rt\u0151i tan\u00e1csad\u00e1s \u00e9s az \u00fcgyfeleink sokr\u00e9t\u0171 ig\u00e9nyeit kiel\u00e9g\u00edt\u0151, szem\u00e9lyre szabott megold\u00e1sok ir\u00e1nt. Nemcsak term\u00e9keket k\u00edn\u00e1lunk, hanem tart\u00f3s kapcsolatok ki\u00e9p\u00edt\u00e9s\u00e9re is t\u00f6reksz\u00fcnk, amelyek hozz\u00e1j\u00e1rulnak minden projekt siker\u00e9hez. Ak\u00e1r innovat\u00edv megold\u00e1sokra van sz\u00fcks\u00e9ge egy \u00faj kezdem\u00e9nyez\u00e9shez, ak\u00e1r folyamatos t\u00e1mogat\u00e1sra egy megl\u00e9v\u0151 rendszerhez, az FMP k\u00e9szen \u00e1ll, hogy megoldja a technikai kih\u00edv\u00e1sokat \u00e9s biztos\u00edtsa a folyamatos sikert.<\/p>\n<p><img loading=\"lazy\" decoding=\"async\" class=\"alignnone size-full wp-image-1861\" src=\"https:\/\/fmp-components.com\/wp-content\/uploads\/2024\/12\/Other-Agricultural-Gearboxes.webp\" sizes=\"(min-width: 0px) and (max-width: 480px) 480px, (min-width: 481px) and (max-width: 980px) 980px, (min-width: 981px) 1200px, 100vw\" srcset=\"https:\/\/fmp-components.com\/wp-content\/uploads\/2024\/12\/Other-Agricultural-Gearboxes.webp 1200w, https:\/\/fmp-components.com\/wp-content\/uploads\/2024\/12\/Other-Agricultural-Gearboxes-980x1143.webp 980w, https:\/\/fmp-components.com\/wp-content\/uploads\/2024\/12\/Other-Agricultural-Gearboxes-480x560.webp 480w\" alt=\"Altri-cambi-agricoli\" width=\"1200\" height=\"1400\" title=\"\"><\/p>\n<p>Szerz\u0151: CX<\/p>","protected":false},"excerpt":{"rendered":"<p>Round Baler Gearbox FMP9.35 Dimensions Round Baler Gearbox FMP9.35 Technical Data i Suitable Rpm input Rpm output KW(Nom) KW(Max) Toothing r\/min r\/min hp hp Decelerate 1.92:1 Round baler, harvester, etc 540 282 120 3000 Gleason Helical Teeth Remark: If you have any special require feel free let me know, we also accept custom. Advantages of [&hellip;]<\/p>","protected":false},"featured_media":2514,"comment_status":"open","ping_status":"closed","template":"","meta":{"_et_pb_use_builder":"","_et_pb_old_content":"","_et_gb_content_width":""},"product_brand":[],"product_cat":[59],"product_tag":[],"class_list":{"0":"post-2510","1":"product","2":"type-product","3":"status-publish","4":"has-post-thumbnail","6":"product_cat-round-baler-gearbox","8":"first","9":"instock","10":"shipping-taxable","11":"product-type-simple"},"_links":{"self":[{"href":"https:\/\/fmp-components.com\/hu\/wp-json\/wp\/v2\/product\/2510","targetHints":{"allow":["GET"]}}],"collection":[{"href":"https:\/\/fmp-components.com\/hu\/wp-json\/wp\/v2\/product"}],"about":[{"href":"https:\/\/fmp-components.com\/hu\/wp-json\/wp\/v2\/types\/product"}],"replies":[{"embeddable":true,"href":"https:\/\/fmp-components.com\/hu\/wp-json\/wp\/v2\/comments?post=2510"}],"wp:featuredmedia":[{"embeddable":true,"href":"https:\/\/fmp-components.com\/hu\/wp-json\/wp\/v2\/media\/2514"}],"wp:attachment":[{"href":"https:\/\/fmp-components.com\/hu\/wp-json\/wp\/v2\/media?parent=2510"}],"wp:term":[{"taxonomy":"product_brand","embeddable":true,"href":"https:\/\/fmp-components.com\/hu\/wp-json\/wp\/v2\/product_brand?post=2510"},{"taxonomy":"product_cat","embeddable":true,"href":"https:\/\/fmp-components.com\/hu\/wp-json\/wp\/v2\/product_cat?post=2510"},{"taxonomy":"product_tag","embeddable":true,"href":"https:\/\/fmp-components.com\/hu\/wp-json\/wp\/v2\/product_tag?post=2510"}],"curies":[{"name":"munkaf\u00fczet","href":"https:\/\/api.w.org\/{rel}","templated":true}]}}