{"id":2501,"date":"2025-01-02T02:44:16","date_gmt":"2025-01-02T02:44:16","guid":{"rendered":"https:\/\/fmp-components.com\/?page_id=8"},"modified":"2025-01-02T02:46:27","modified_gmt":"2025-01-02T02:46:27","slug":"round-baler-gearbox-fmp9-0-hl01-for-round-baler-and-harvester","status":"publish","type":"product","link":"https:\/\/fmp-components.com\/hu\/product\/round-baler-gearbox-fmp9-0-hl01-for-round-baler-and-harvester\/","title":{"rendered":"FMP9.0-HL01 k\u00f6rb\u00e1l\u00e1z\u00f3 sebess\u00e9gv\u00e1lt\u00f3 k\u00f6rb\u00e1l\u00e1z\u00f3hoz \u00e9s betakar\u00edt\u00f3hoz"},"content":{"rendered":"<p><img loading=\"lazy\" decoding=\"async\" class=\"alignnone size-full wp-image-2506\" src=\"https:\/\/fmp-components.com\/wp-content\/uploads\/2025\/01\/Round-Baler-Gearbox-FMP9.0-HL01-Features1.webp\" alt=\"K\u00f6rb\u00e1l\u00e1z\u00f3-Sebess\u00e9gv\u00e1lt\u00f3-FMP9.0-HL01-Jellemz\u0151k(1)\" width=\"1340\" height=\"773\" title=\"\" srcset=\"https:\/\/fmp-components.com\/wp-content\/uploads\/2025\/01\/Round-Baler-Gearbox-FMP9.0-HL01-Features1.webp 1340w, https:\/\/fmp-components.com\/wp-content\/uploads\/2025\/01\/Round-Baler-Gearbox-FMP9.0-HL01-Features1-1280x738.webp 1280w, https:\/\/fmp-components.com\/wp-content\/uploads\/2025\/01\/Round-Baler-Gearbox-FMP9.0-HL01-Features1-980x565.webp 980w, https:\/\/fmp-components.com\/wp-content\/uploads\/2025\/01\/Round-Baler-Gearbox-FMP9.0-HL01-Features1-480x277.webp 480w\" sizes=\"(min-width: 0px) and (max-width: 480px) 480px, (min-width: 481px) and (max-width: 980px) 980px, (min-width: 981px) and (max-width: 1280px) 1280px, (min-width: 1281px) 1340px, 100vw\" \/><\/p>\n<h2>K\u00f6rb\u00e1l\u00e1z\u00f3 hajt\u00f3m\u0171 FMP9.0-HL01 m\u00e9retei<\/h2>\n<p><img loading=\"lazy\" decoding=\"async\" class=\"alignnone size-full wp-image-2508\" src=\"https:\/\/fmp-components.com\/wp-content\/uploads\/2025\/01\/Round-Baler-Gearbox-EP9.0-HL01-Dimensions-2.webp\" alt=\"K\u00f6rb\u00e1l\u00e1z\u00f3-hajt\u00f3m\u0171-FMP9.0-HL01-M\u00e9retek-2\" width=\"1380\" height=\"893\" title=\"\" srcset=\"https:\/\/fmp-components.com\/wp-content\/uploads\/2025\/01\/Round-Baler-Gearbox-EP9.0-HL01-Dimensions-2.webp 1380w, https:\/\/fmp-components.com\/wp-content\/uploads\/2025\/01\/Round-Baler-Gearbox-EP9.0-HL01-Dimensions-2-1280x828.webp 1280w, https:\/\/fmp-components.com\/wp-content\/uploads\/2025\/01\/Round-Baler-Gearbox-EP9.0-HL01-Dimensions-2-980x634.webp 980w, https:\/\/fmp-components.com\/wp-content\/uploads\/2025\/01\/Round-Baler-Gearbox-EP9.0-HL01-Dimensions-2-480x311.webp 480w\" sizes=\"(min-width: 0px) and (max-width: 480px) 480px, (min-width: 481px) and (max-width: 980px) 980px, (min-width: 981px) and (max-width: 1280px) 1280px, (min-width: 1281px) 1380px, 100vw\" \/> <img loading=\"lazy\" decoding=\"async\" class=\"alignnone size-full wp-image-2509\" src=\"https:\/\/fmp-components.com\/wp-content\/uploads\/2025\/01\/Round-Baler-Gearbox-EP9.0-HL01-Dimensions-1.webp\" alt=\"K\u00f6rb\u00e1l\u00e1z\u00f3-hajt\u00f3m\u0171-FMP9.0-HL01-M\u00e9retek-1\" width=\"1386\" height=\"437\" title=\"\" srcset=\"https:\/\/fmp-components.com\/wp-content\/uploads\/2025\/01\/Round-Baler-Gearbox-EP9.0-HL01-Dimensions-1.webp 1386w, https:\/\/fmp-components.com\/wp-content\/uploads\/2025\/01\/Round-Baler-Gearbox-EP9.0-HL01-Dimensions-1-1280x404.webp 1280w, https:\/\/fmp-components.com\/wp-content\/uploads\/2025\/01\/Round-Baler-Gearbox-EP9.0-HL01-Dimensions-1-980x309.webp 980w, https:\/\/fmp-components.com\/wp-content\/uploads\/2025\/01\/Round-Baler-Gearbox-EP9.0-HL01-Dimensions-1-480x151.webp 480w\" sizes=\"(min-width: 0px) and (max-width: 480px) 480px, (min-width: 481px) and (max-width: 980px) 980px, (min-width: 981px) and (max-width: 1280px) 1280px, (min-width: 1281px) 1386px, 100vw\" \/><\/p>\n<h2>K\u00f6rb\u00e1l\u00e1z\u00f3 hajt\u00f3m\u0171 FMP9.0-HL01 M\u0171szaki adatok<\/h2>\n<table style=\"width: 99.6064%; height: 141px;\" border=\"1\" cellspacing=\"0\" cellpadding=\"0\">\n<tbody>\n<tr>\n<td colspan=\"2\" rowspan=\"2\">\u00e9n<\/td>\n<td rowspan=\"2\">Alkalmas<\/td>\n<td>Fordulatsz\u00e1m bemenet<\/td>\n<td>Fordulatsz\u00e1m-kimenet<\/td>\n<td>kW (n\u00e9vleges)<\/td>\n<td>kW (maximum)<\/td>\n<td rowspan=\"2\">Fogazat<\/td>\n<\/tr>\n<tr>\n<td>fordulat\/perc<\/td>\n<td>fordulat\/perc<\/td>\n<td>l\u00f3er\u0151<\/td>\n<td>l\u00f3er\u0151<\/td>\n<\/tr>\n<tr>\n<td>Lass\u00edt\u00e1s<\/td>\n<td>1.92:1<\/td>\n<td>K\u00f6rb\u00e1l\u00e1z\u00f3,<br \/>\narat\u00f3g\u00e9p stb.<\/td>\n<td>540<\/td>\n<td>282<\/td>\n<td>120<\/td>\n<td>3000<\/td>\n<td>Gleason spir\u00e1lis<br \/>\nFogak<\/td>\n<\/tr>\n<tr>\n<td colspan=\"8\">Megjegyz\u00e9s: Ha b\u00e1rmilyen k\u00fcl\u00f6nleges ig\u00e9nye van, nyugodtan sz\u00f3ljon, mi is elfogadjuk az egyedi megrendel\u00e9seket.<\/td>\n<\/tr>\n<\/tbody>\n<\/table>\n<h2>K\u00f6rb\u00e1l\u00e1z\u00f3 hajt\u00f3m\u0171 FMP9.0-HL01 Jellemz\u0151k<\/h2>\n<p>Az FMP9.0-HL01 k\u00f6rb\u00e1l\u00e1z\u00f3 sebess\u00e9gv\u00e1lt\u00f3 egy nagy teljes\u00edtm\u00e9ny\u0171 sebess\u00e9gv\u00e1lt\u00f3, amelyet kifejezetten mez\u0151gazdas\u00e1gi k\u00f6rb\u00e1l\u00e1z\u00f3khoz terveztek. A tart\u00f3ss\u00e1got, a hat\u00e9konys\u00e1got \u00e9s a sokoldal\u00fas\u00e1got szem el\u0151tt tartva tervezt\u00e9k, ez a sebess\u00e9gv\u00e1lt\u00f3 sz\u00e9les k\u00f6r\u0171 b\u00e1l\u00e1z\u00e1si alkalmaz\u00e1sokhoz alkalmas, a sz\u00e9n\u00e1t\u00f3l \u00e9s szalm\u00e1t\u00f3l kezdve a sil\u00f3z\u00e1son \u00e1t a mez\u0151gazdas\u00e1gi hullad\u00e9kig. Az al\u00e1bbiakban az FMP9.0-HL01 sebess\u00e9gv\u00e1lt\u00f3 f\u0151bb jellemz\u0151it ismertetj\u00fck:<\/p>\n<p><strong>Nagy nyomat\u00e9k\u00fa v\u00e1lt\u00f3<\/strong><\/p>\n<ul>\n<li>Jellemz\u0151: Az FMP9.0-HL01 sebess\u00e9gv\u00e1lt\u00f3t nagy nyomat\u00e9k kezel\u00e9s\u00e9re tervezt\u00e9k, biztos\u00edtva a hat\u00e9kony er\u0151\u00e1tvitelt a traktorr\u00f3l a b\u00e1l\u00e1z\u00f3 mechanizmusra.<\/li>\n<li>El\u0151ny: Ez a k\u00e9pess\u00e9g lehet\u0151v\u00e9 teszi a sebess\u00e9gv\u00e1lt\u00f3 sz\u00e1m\u00e1ra, hogy kezelje a neh\u00e9z b\u00e1l\u00e1z\u00e1si m\u0171veleteket, biztos\u00edtva az olyan anyagok, mint a sz\u00e9na, a szalma \u00e9s a sil\u00f3 sima \u00e9s megb\u00edzhat\u00f3 t\u00f6m\u00f6r\u00edt\u00e9s\u00e9t, m\u00e9g neh\u00e9z k\u00f6r\u00fclm\u00e9nyek k\u00f6z\u00f6tt is.<\/li>\n<\/ul>\n<p><strong>Prec\u00edzi\u00f3s m\u00e9rn\u00f6ki munka a hossz\u00fa \u00e9lettartam\u00e9rt<\/strong><\/p>\n<ul>\n<li>Jellemz\u0151: Kiv\u00e1l\u00f3 min\u0151s\u00e9g\u0171 anyagokb\u00f3l \u00e9s prec\u00edzi\u00f3s m\u00e9rn\u00f6ki munk\u00e1val k\u00e9sz\u00fclt, az FMP9.0-HL01 hossz\u00fa t\u00e1v\u00fa teljes\u00edtm\u00e9nyt ny\u00fajt nagy ig\u00e9nybev\u00e9tel mellett.<\/li>\n<li>El\u0151ny: A robusztus konstrukci\u00f3 cs\u00f6kkenti a kop\u00e1st, n\u00f6veli a sebess\u00e9gv\u00e1lt\u00f3 \u00e9lettartam\u00e1t \u00e9s biztos\u00edtja a megb\u00edzhat\u00f3 m\u0171k\u00f6d\u00e9st hossz\u00fa t\u00e1von, minimaliz\u00e1lva a gyakori jav\u00edt\u00e1sok vagy cser\u00e9k sz\u00fcks\u00e9gess\u00e9g\u00e9t.<\/li>\n<\/ul>\n<p><strong>Kompakt \u00e9s helytakar\u00e9kos kialak\u00edt\u00e1s<\/strong><\/p>\n<ul>\n<li>Jellemz\u0151: Az FMP9.0-HL01 sebess\u00e9gv\u00e1lt\u00f3 kompakt, helytakar\u00e9kos kialak\u00edt\u00e1s\u00fa, \u00edgy k\u00f6nnyen integr\u00e1lhat\u00f3 k\u00fcl\u00f6nf\u00e9le k\u00f6rb\u00e1l\u00e1z\u00f3 modellekbe an\u00e9lk\u00fcl, hogy felesleges helyet foglalna el.<\/li>\n<li>El\u0151ny: Kis m\u00e9rete seg\u00edt optimaliz\u00e1lni a b\u00e1l\u00e1z\u00f3 \u00e1ltal\u00e1nos kialak\u00edt\u00e1s\u00e1t, cs\u00f6kkentve a s\u00falyt \u00e9s jobb man\u0151verezhet\u0151s\u00e9get biztos\u00edtva a sz\u00e1nt\u00f3f\u00f6ld\u00f6n, mik\u00f6zben meg\u0151rzi a nagy teljes\u00edtm\u00e9nyt.<\/li>\n<\/ul>\n<p><img loading=\"lazy\" decoding=\"async\" class=\"alignnone size-full wp-image-2507\" src=\"https:\/\/fmp-components.com\/wp-content\/uploads\/2025\/01\/Round-Baler-Gearbox-EP9.0-HL01-for-Agricultural-21.webp\" alt=\"K\u00f6rb\u00e1l\u00e1z\u00f3-hajt\u00f3m\u0171-FMP9.0-HL01-mez\u0151gazdas\u00e1gi-2(1)\" width=\"980\" height=\"653\" title=\"\" srcset=\"https:\/\/fmp-components.com\/wp-content\/uploads\/2025\/01\/Round-Baler-Gearbox-EP9.0-HL01-for-Agricultural-21.webp 980w, https:\/\/fmp-components.com\/wp-content\/uploads\/2025\/01\/Round-Baler-Gearbox-EP9.0-HL01-for-Agricultural-21-480x320.webp 480w\" sizes=\"(min-width: 0px) and (max-width: 480px) 480px, (min-width: 481px) 980px, 100vw\" \/><\/p>\n<p><strong>Sima m\u0171k\u00f6d\u00e9s alacsony zajszinttel<\/strong><\/p>\n<ul>\n<li>Jellemz\u0151: A sebess\u00e9gv\u00e1lt\u00f3t a sima m\u0171k\u00f6d\u00e9sre tervezt\u00e9k, fejlett bels\u0151 alkatr\u00e9szekkel, amelyek minimaliz\u00e1lj\u00e1k a s\u00farl\u00f3d\u00e1st \u00e9s a zajt m\u0171k\u00f6d\u00e9s k\u00f6zben.<\/li>\n<li>El\u0151ny: Ez csendesebb m\u0171k\u00f6d\u00e9st biztos\u00edt, n\u00f6veli a kezel\u0151 k\u00e9nyelm\u00e9t \u00e9s cs\u00f6kkenti a zajszennyez\u00e9st a gazdas\u00e1gokban \u00e9s a mez\u0151gazdas\u00e1gi k\u00f6rnyezetben.<\/li>\n<\/ul>\n<p><strong>Nagy hat\u00e9konys\u00e1g\u00fa energia\u00e1tvitel<\/strong><\/p>\n<ul>\n<li>Jellemz\u0151: Az FMP9.0-HL01 sebess\u00e9gv\u00e1lt\u00f3 hat\u00e9konyan tov\u00e1bb\u00edtja a teljes\u00edtm\u00e9nyt a traktorr\u00f3l a b\u00e1l\u00e1z\u00f3rendszerre, cs\u00f6kkentve az energiavesztes\u00e9get \u00e9s biztos\u00edtva a hat\u00e9konyabb b\u00e1l\u00e1z\u00e1st.<\/li>\n<li>El\u0151ny: A nagyobb hat\u00e9konys\u00e1g azt jelenti, hogy kevesebb energia v\u00e9sz k\u00e1rba a b\u00e1l\u00e1z\u00e1si folyamat sor\u00e1n, ami hat\u00e9konyabb \u00fczemanyag-felhaszn\u00e1l\u00e1st, jobb termel\u00e9kenys\u00e9get \u00e9s alacsonyabb \u00fczemeltet\u00e9si k\u00f6lts\u00e9geket eredm\u00e9nyez.<\/li>\n<\/ul>\n<p>Az FMP9.0-HL01 k\u00f6rb\u00e1l\u00e1z\u00f3 hajt\u00f3m\u0171 a tart\u00f3ss\u00e1got, a hat\u00e9konys\u00e1got \u00e9s a sokoldal\u00fas\u00e1got \u00f6tv\u00f6zi, hogy optim\u00e1lis teljes\u00edtm\u00e9nyt ny\u00fajtson a nagy ig\u00e9nybev\u00e9telt jelent\u0151 mez\u0151gazdas\u00e1gi alkalmaz\u00e1sokban. A nagy nyomat\u00e9k\u00fa \u00e1tvitelnek, a kompakt kialak\u00edt\u00e1snak, az egyszer\u0171 karbantart\u00e1snak \u00e9s az alacsony zajszint\u0171 m\u0171k\u00f6d\u00e9snek k\u00f6sz\u00f6nhet\u0151en ide\u00e1lis v\u00e1laszt\u00e1s azoknak a gazd\u00e1lkod\u00f3knak, akik jav\u00edtani szeretn\u00e9k b\u00e1l\u00e1z\u00e1si m\u0171veleteik hat\u00e9konys\u00e1g\u00e1t \u00e9s megb\u00edzhat\u00f3s\u00e1g\u00e1t. Ak\u00e1r sz\u00e9na, szalma, sil\u00f3z\u00e1s vagy mez\u0151gazdas\u00e1gi hullad\u00e9k b\u00e1l\u00e1z\u00e1s\u00e1ra haszn\u00e1lj\u00e1k, az FMP9.0-HL01-et a modern mez\u0151gazdas\u00e1g ig\u00e9nyeinek megfelel\u0151en tervezt\u00e9k, hossz\u00fa t\u00e1v\u00fa \u00e9rt\u00e9ket \u00e9s teljes\u00edtm\u00e9nyt k\u00edn\u00e1lva.<\/p>\n<p><img loading=\"lazy\" decoding=\"async\" class=\"alignnone size-full wp-image-2505\" src=\"https:\/\/fmp-components.com\/wp-content\/uploads\/2025\/01\/Round-Baler-Gearbox-191-scaled.webp\" alt=\"\" width=\"2560\" height=\"1920\" title=\"\" srcset=\"https:\/\/fmp-components.com\/wp-content\/uploads\/2025\/01\/Round-Baler-Gearbox-191-scaled.webp 2560w, https:\/\/fmp-components.com\/wp-content\/uploads\/2025\/01\/Round-Baler-Gearbox-191-1280x960.webp 1280w, https:\/\/fmp-components.com\/wp-content\/uploads\/2025\/01\/Round-Baler-Gearbox-191-980x735.webp 980w, https:\/\/fmp-components.com\/wp-content\/uploads\/2025\/01\/Round-Baler-Gearbox-191-480x360.webp 480w\" sizes=\"(min-width: 0px) and (max-width: 480px) 480px, (min-width: 481px) and (max-width: 980px) 980px, (min-width: 981px) and (max-width: 1280px) 1280px, (min-width: 1281px) 2560px, 100vw\" \/><\/p>\n<h2>FMP9.0-HL01 k\u00f6rb\u00e1l\u00e1z\u00f3 hajt\u00f3m\u0171 mez\u0151gazdas\u00e1gi alkalmaz\u00e1sokhoz<\/h2>\n<p>Az FMP9.0-HL01 k\u00f6rb\u00e1l\u00e1z\u00f3 sebess\u00e9gv\u00e1lt\u00f3 egy robusztus \u00e9s nagy teljes\u00edtm\u00e9ny\u0171 sebess\u00e9gv\u00e1lt\u00f3, amelyet kifejezetten mez\u0151gazdas\u00e1gi k\u00f6rb\u00e1l\u00e1z\u00f3khoz terveztek. A maxim\u00e1lis hat\u00e9konys\u00e1g, tart\u00f3ss\u00e1g \u00e9s sokoldal\u00fas\u00e1g jegy\u00e9ben tervezett sebess\u00e9gv\u00e1lt\u00f3 ide\u00e1lis a b\u00e1l\u00e1z\u00e1si alkalmaz\u00e1sok sz\u00e9les sk\u00e1l\u00e1j\u00e1hoz, bele\u00e9rtve a sz\u00e9na, szalma, sil\u00f3 \u00e9s egy\u00e9b mez\u0151gazdas\u00e1gi anyagok b\u00e1l\u00e1z\u00e1s\u00e1t. Az al\u00e1bbiakban az FMP9.0-HL01 sebess\u00e9gv\u00e1lt\u00f3 f\u0151bb jellemz\u0151it \u00e9s el\u0151nyeit ismertetj\u00fck:<\/p>\n<h3>Nagy nyomat\u00e9kkapacit\u00e1s neh\u00e9z alkalmaz\u00e1sokhoz<\/h3>\n<ul>\n<li>Jellemz\u0151: Az FMP9.0-HL01 nagy nyomat\u00e9kterhel\u00e9sek kezel\u00e9s\u00e9re lett tervezve, biztos\u00edtva a hat\u00e9kony er\u0151\u00e1tvitelt a b\u00e1l\u00e1z\u00f3 mechanizmushoz.<\/li>\n<li>El\u0151ny: Ez lehet\u0151v\u00e9 teszi a sebess\u00e9gv\u00e1lt\u00f3 sz\u00e1m\u00e1ra, hogy neh\u00e9z k\u00f6r\u00fclm\u00e9nyek k\u00f6z\u00f6tt is m\u0171k\u00f6dj\u00f6n, k\u00f6nnyed\u00e9n kezelje a kem\u00e9ny anyagokat, p\u00e9ld\u00e1ul a sil\u00f3t, a sz\u00e9n\u00e1t \u00e9s a szalm\u00e1t, biztos\u00edtva a z\u00f6kken\u0151mentes b\u00e1l\u00e1z\u00e1si folyamatot m\u00e9g kih\u00edv\u00e1st jelent\u0151 k\u00f6rnyezetben is.<\/li>\n<\/ul>\n<p><strong>Kompakt \u00e9s hat\u00e9kony kialak\u00edt\u00e1s<\/strong><\/p>\n<ul>\n<li>Jellemz\u0151: A sebess\u00e9gv\u00e1lt\u00f3 kompakt kialak\u00edt\u00e1s\u00fa, \u00edgy ide\u00e1lis sz\u0171k helyeken val\u00f3 haszn\u00e1latra, mik\u00f6zben tov\u00e1bbra is nagy teljes\u00edtm\u00e9nyt ny\u00fajt.<\/li>\n<li>El\u0151ny: Helytakar\u00e9kos kialak\u00edt\u00e1sa seg\u00edt cs\u00f6kkenteni a b\u00e1l\u00e1z\u00f3 \u00f6sszt\u00f6meg\u00e9t, jav\u00edtva a man\u0151verezhet\u0151s\u00e9get a teljes\u00edtm\u00e9ny fel\u00e1ldoz\u00e1sa n\u00e9lk\u00fcl. Emellett seg\u00edt a b\u00e1l\u00e1z\u00f3rendszer kialak\u00edt\u00e1s\u00e1nak optimaliz\u00e1l\u00e1s\u00e1ban, ez\u00e1ltal hat\u00e9konyabb\u00e1 t\u00e9ve azt.<\/li>\n<\/ul>\n<p><strong>Kiv\u00e1l\u00f3 tart\u00f3ss\u00e1g \u00e9s hossz\u00fa \u00e9lettartam<\/strong><\/p>\n<ul>\n<li>Jellemz\u0151: A kiv\u00e1l\u00f3 min\u0151s\u00e9g\u0171 anyagokb\u00f3l \u00e9s prec\u00edzi\u00f3s m\u00e9rn\u00f6ki munk\u00e1val k\u00e9sz\u00fclt FMP9.0-HL01 sebess\u00e9gv\u00e1lt\u00f3t hossz\u00fa t\u00e1v\u00fa teljes\u00edtm\u00e9nyre \u00e9s megb\u00edzhat\u00f3s\u00e1gra tervezt\u00e9k.<\/li>\n<li>El\u0151ny: A sebess\u00e9gv\u00e1lt\u00f3 robusztus konstrukci\u00f3ja hosszabb \u00fczemid\u0151t biztos\u00edt, minimaliz\u00e1lja a gyakori karbantart\u00e1s vagy csere sz\u00fcks\u00e9gess\u00e9g\u00e9t, \u00e9s megb\u00edzhat\u00f3 szolg\u00e1ltat\u00e1st ny\u00fajt t\u00f6bb szezonban is, neh\u00e9z ig\u00e9nybev\u00e9tel eset\u00e9n.<\/li>\n<\/ul>\n<p><strong>Alacsony zajszint \u00e9s vibr\u00e1ci\u00f3 a fokozott k\u00e9nyelem \u00e9rdek\u00e9ben<\/strong><\/p>\n<ul>\n<li>Jellemz\u0151: Az FMP9.0-HL01 sebess\u00e9gv\u00e1lt\u00f3t alacsony zajszintre \u00e9s minim\u00e1lis rezg\u00e9sre tervezt\u00e9k, cs\u00f6kkentve a m\u0171k\u00f6d\u00e9s k\u00f6zbeni zavarokat.<\/li>\n<li>El\u0151ny: Ez csendesebb munkak\u00f6rnyezetet eredm\u00e9nyez a kezel\u0151 sz\u00e1m\u00e1ra, fokozza a k\u00e9nyelmet \u00e9s cs\u00f6kkenti a f\u00e1radts\u00e1got a hossz\u00fa b\u00e1l\u00e1z\u00e1si \u00f3r\u00e1k alatt, valamint minimaliz\u00e1lja a zajszennyez\u00e9st a gazdas\u00e1gban.<\/li>\n<\/ul>\n<p><strong>Nagy hat\u00e9konys\u00e1g\u00fa energia\u00e1tvitel<\/strong><\/p>\n<ul>\n<li>Jellemz\u0151: A sebess\u00e9gv\u00e1lt\u00f3t \u00fagy tervezt\u00e9k, hogy hat\u00e9konyan vigye \u00e1t az er\u0151t a traktorr\u00f3l a b\u00e1l\u00e1z\u00f3ra, minim\u00e1lis energiavesztes\u00e9get biztos\u00edtva.<\/li>\n<li>El\u0151ny: A nagy hat\u00e9konys\u00e1g\u00fa er\u0151\u00e1tvitel lehet\u0151v\u00e9 teszi a b\u00e1l\u00e1z\u00f3 optim\u00e1lis m\u0171k\u00f6d\u00e9s\u00e9t, \u00fczemanyag-megtakar\u00edt\u00e1st \u00e9s k\u00f6lts\u00e9ghat\u00e9konyabb m\u0171k\u00f6d\u00e9st biztos\u00edtva.<\/li>\n<\/ul>\n<p>Az FMP9.0-HL01 k\u00f6rb\u00e1l\u00e1z\u00f3 sebess\u00e9gv\u00e1lt\u00f3 egy nagy teljes\u00edtm\u00e9ny\u0171 \u00e9s megb\u00edzhat\u00f3 sebess\u00e9gv\u00e1lt\u00f3, amelyet mez\u0151gazdas\u00e1gi alkalmaz\u00e1sokhoz terveztek. Nagy nyomat\u00e9kkapacit\u00e1s\u00e1val, hat\u00e9konys\u00e1g\u00e1val, tart\u00f3ss\u00e1g\u00e1val \u00e9s alacsony karbantart\u00e1si ig\u00e9ny\u00e9vel kiv\u00e1l\u00f3 v\u00e1laszt\u00e1s azoknak a gazd\u00e1lkod\u00f3knak, akik optimaliz\u00e1lni szeretn\u00e9k k\u00f6rb\u00e1l\u00e1z\u00e1si m\u0171veleteiket. Kompakt kialak\u00edt\u00e1sa, sima m\u0171k\u00f6d\u00e9se \u00e9s fejlett funkci\u00f3i r\u00e9v\u00e9n ez egy cs\u00facskateg\u00f3ri\u00e1s sebess\u00e9gv\u00e1lt\u00f3, amely kiv\u00e1l\u00f3 teljes\u00edtm\u00e9nyt, hossz\u00fa \u00e9lettartamot \u00e9s k\u00f6lts\u00e9ghat\u00e9konys\u00e1got biztos\u00edt, hozz\u00e1j\u00e1rulva a mez\u0151gazdas\u00e1gi b\u00e1l\u00e1z\u00e1si feladatok \u00e1ltal\u00e1nos siker\u00e9hez.<\/p>\n<p><img loading=\"lazy\" decoding=\"async\" class=\"alignnone size-full wp-image-2503\" src=\"https:\/\/fmp-components.com\/wp-content\/uploads\/2025\/01\/Round-Baler-Gearbox-EP9.0-HL01-for-Agricultural-11.webp\" alt=\"K\u00f6rb\u00e1l\u00e1z\u00f3-hajt\u00f3m\u0171-FMP9.0-HL01-mez\u0151gazdas\u00e1gi-1(1)\" width=\"980\" height=\"653\" title=\"\" srcset=\"https:\/\/fmp-components.com\/wp-content\/uploads\/2025\/01\/Round-Baler-Gearbox-EP9.0-HL01-for-Agricultural-11.webp 980w, https:\/\/fmp-components.com\/wp-content\/uploads\/2025\/01\/Round-Baler-Gearbox-EP9.0-HL01-for-Agricultural-11-480x320.webp 480w\" sizes=\"(min-width: 0px) and (max-width: 480px) 480px, (min-width: 481px) 980px, 100vw\" \/><\/p>","protected":false},"excerpt":{"rendered":"<p>Round Baler Gearbox FMP9.0-HL01 Dimensions Round Baler Gearbox FMP9.0-HL01 Technical Data i Suitable Rpm input Rpm output KW(Nom) KW(Max) Toothing r\/min r\/min hp hp Decelerate 1.92:1 Round baler, harvester, etc 540 282 120 3000 Gleason Helical Teeth Remark: If you have any special require feel free let me know, we also accept custom. Round Baler [&hellip;]<\/p>","protected":false},"featured_media":2504,"comment_status":"open","ping_status":"closed","template":"","meta":{"_et_pb_use_builder":"","_et_pb_old_content":"","_et_gb_content_width":""},"product_brand":[],"product_cat":[59],"product_tag":[],"class_list":{"0":"post-2501","1":"product","2":"type-product","3":"status-publish","4":"has-post-thumbnail","6":"product_cat-round-baler-gearbox","8":"first","9":"instock","10":"shipping-taxable","11":"product-type-simple"},"_links":{"self":[{"href":"https:\/\/fmp-components.com\/hu\/wp-json\/wp\/v2\/product\/2501","targetHints":{"allow":["GET"]}}],"collection":[{"href":"https:\/\/fmp-components.com\/hu\/wp-json\/wp\/v2\/product"}],"about":[{"href":"https:\/\/fmp-components.com\/hu\/wp-json\/wp\/v2\/types\/product"}],"replies":[{"embeddable":true,"href":"https:\/\/fmp-components.com\/hu\/wp-json\/wp\/v2\/comments?post=2501"}],"wp:featuredmedia":[{"embeddable":true,"href":"https:\/\/fmp-components.com\/hu\/wp-json\/wp\/v2\/media\/2504"}],"wp:attachment":[{"href":"https:\/\/fmp-components.com\/hu\/wp-json\/wp\/v2\/media?parent=2501"}],"wp:term":[{"taxonomy":"product_brand","embeddable":true,"href":"https:\/\/fmp-components.com\/hu\/wp-json\/wp\/v2\/product_brand?post=2501"},{"taxonomy":"product_cat","embeddable":true,"href":"https:\/\/fmp-components.com\/hu\/wp-json\/wp\/v2\/product_cat?post=2501"},{"taxonomy":"product_tag","embeddable":true,"href":"https:\/\/fmp-components.com\/hu\/wp-json\/wp\/v2\/product_tag?post=2501"}],"curies":[{"name":"munkaf\u00fczet","href":"https:\/\/api.w.org\/{rel}","templated":true}]}}