{"id":2482,"date":"2025-01-02T01:34:55","date_gmt":"2025-01-02T01:34:55","guid":{"rendered":"https:\/\/fmp-components.com\/?page_id=8"},"modified":"2025-01-02T01:34:55","modified_gmt":"2025-01-02T01:34:55","slug":"round-baler-gearbox-replacement-of-comer-code-t-290hd","status":"publish","type":"product","link":"https:\/\/fmp-components.com\/hu\/product\/round-baler-gearbox-replacement-of-comer-code-t-290hd\/","title":{"rendered":"K\u00f6rb\u00e1l\u00e1z\u00f3 hajt\u00f3m\u0171 \u2013 Comer Code T-290HD csere"},"content":{"rendered":"<p><img loading=\"lazy\" decoding=\"async\" class=\"size-full wp-image-2484 aligncenter\" src=\"https:\/\/fmp-components.com\/wp-content\/uploads\/2025\/01\/round-baler-gearbox-t290hd1.webp\" alt=\"k\u00f6rb\u00e1l\u00e1z\u00f3-sebess\u00e9gv\u00e1lt\u00f3-t290hd\" width=\"500\" height=\"500\" title=\"\" srcset=\"https:\/\/fmp-components.com\/wp-content\/uploads\/2025\/01\/round-baler-gearbox-t290hd1.webp 500w, https:\/\/fmp-components.com\/wp-content\/uploads\/2025\/01\/round-baler-gearbox-t290hd1-480x480.webp 480w\" sizes=\"(min-width: 0px) and (max-width: 480px) 480px, (min-width: 481px) 500px, 100vw\" \/><\/p>\n<h2>A T-290HD k\u00f6rb\u00e1l\u00e1z\u00f3 sebess\u00e9gv\u00e1lt\u00f3 specifik\u00e1ci\u00f3ja<\/h2>\n<p><img loading=\"lazy\" decoding=\"async\" class=\"alignnone size-full wp-image-2483\" src=\"https:\/\/fmp-components.com\/wp-content\/uploads\/2025\/01\/round-baler-gearbox-details-t290hd.webp\" alt=\"k\u00f6rb\u00e1l\u00e1z\u00f3-sebess\u00e9gv\u00e1lt\u00f3-r\u00e9szletek-t290hd\" width=\"891\" height=\"512\" title=\"\" srcset=\"https:\/\/fmp-components.com\/wp-content\/uploads\/2025\/01\/round-baler-gearbox-details-t290hd.webp 891w, https:\/\/fmp-components.com\/wp-content\/uploads\/2025\/01\/round-baler-gearbox-details-t290hd-480x276.webp 480w\" sizes=\"(min-width: 0px) and (max-width: 480px) 480px, (min-width: 481px) 891px, 100vw\" \/><\/p>\n<table style=\"width: 95.2683%; height: 332px;\" border=\"1\">\n<tbody>\n<tr style=\"height: 27px;\">\n<td style=\"height: 27px;\"><strong>\u00e9n<\/strong><\/td>\n<td style=\"height: 27px;\">1.63\/3.0<\/td>\n<\/tr>\n<tr style=\"height: 27px;\">\n<td style=\"height: 27px;\"><strong>\u00c9<sub>1<\/sub>[fordulat]<\/strong><\/td>\n<td style=\"height: 27px;\">540\/1000<\/td>\n<\/tr>\n<tr style=\"height: 27px;\">\n<td style=\"height: 27px;\"><strong>P<sub>1<\/sub>[kW]<\/strong><\/td>\n<td style=\"height: 27px;\">78\/58<\/td>\n<\/tr>\n<tr style=\"height: 27px;\">\n<td style=\"height: 27px;\"><strong>M<sub>2<\/sub>[Nm]<\/strong><\/td>\n<td style=\"height: 27px;\">2180\/1694<\/td>\n<\/tr>\n<tr style=\"height: 73px;\">\n<td style=\"height: 73px;\"><strong>X tengely<img loading=\"lazy\" decoding=\"async\" class=\"size-full wp-image-2472 aligncenter\" src=\"https:\/\/fmp-components.com\/wp-content\/uploads\/2025\/01\/shaft.webp\" alt=\"tengely\" width=\"64\" height=\"57\" title=\"\" srcset=\"https:\/\/fmp-components.com\/wp-content\/uploads\/2025\/01\/shaft.webp 64w, https:\/\/fmp-components.com\/wp-content\/uploads\/2025\/01\/shaft-13x12.webp 13w\" sizes=\"(max-width: 64px) 100vw, 64px\" \/>\u00a0<\/strong><\/td>\n<td style=\"height: 73px;\">40*2*18<\/td>\n<\/tr>\n<tr style=\"height: 27px;\">\n<td style=\"height: 27px;\"><strong>Y tengely<img loading=\"lazy\" decoding=\"async\" class=\"size-full wp-image-2472 aligncenter\" src=\"https:\/\/fmp-components.com\/wp-content\/uploads\/2025\/01\/shaft.webp\" alt=\"tengely\" width=\"64\" height=\"57\" title=\"\" srcset=\"https:\/\/fmp-components.com\/wp-content\/uploads\/2025\/01\/shaft.webp 64w, https:\/\/fmp-components.com\/wp-content\/uploads\/2025\/01\/shaft-13x12.webp 13w\" sizes=\"(max-width: 64px) 100vw, 64px\" \/><\/strong><\/td>\n<td style=\"height: 27px;\">40*2*18<\/td>\n<\/tr>\n<tr style=\"height: 97px;\">\n<td style=\"height: 97px;\"><strong>Z tengely<img loading=\"lazy\" decoding=\"async\" class=\"size-full wp-image-2473 aligncenter\" src=\"https:\/\/fmp-components.com\/wp-content\/uploads\/2025\/01\/shaft-x.webp\" alt=\"tengely-x\" width=\"81\" height=\"78\" title=\"\" srcset=\"https:\/\/fmp-components.com\/wp-content\/uploads\/2025\/01\/shaft-x.webp 81w, https:\/\/fmp-components.com\/wp-content\/uploads\/2025\/01\/shaft-x-12x12.webp 12w\" sizes=\"(max-width: 81px) 100vw, 81px\" \/><\/strong><\/td>\n<td style=\"height: 97px;\">1\u201d 3\/8 Z6<\/td>\n<\/tr>\n<tr style=\"height: 27px;\">\n<td style=\"height: 27px;\"><strong>Bemenet<\/strong><\/td>\n<td style=\"height: 27px;\">Z<\/td>\n<\/tr>\n<\/tbody>\n<\/table>\n<h3>K\u00f6rb\u00e1l\u00e1z\u00f3 sebess\u00e9gv\u00e1lt\u00f3k t\u00edpusai<\/h3>\n<p>A k\u00f6rb\u00e1l\u00e1z\u00f3k sebess\u00e9gv\u00e1lt\u00f3i kulcsfontoss\u00e1g\u00fa alkatr\u00e9szek, amelyek a b\u00e1l\u00e1z\u00f3 k\u00fcl\u00f6nb\u00f6z\u0151 funkci\u00f3it vez\u00e9rlik, bele\u00e9rtve a hengerek forg\u00e1s\u00e1t, a b\u00e1la k\u00f6t\u00f6z\u00e9s\u00e9t \u00e9s a g\u00e9p \u00e1ltal\u00e1nos hat\u00e9konys\u00e1g\u00e1t. A k\u00fcl\u00f6nb\u00f6z\u0151 t\u00edpus\u00fa k\u00f6rb\u00e1l\u00e1z\u00f3k sebess\u00e9gv\u00e1lt\u00f3i speci\u00e1lis m\u0171k\u00f6d\u00e9si k\u00f6vetelm\u00e9nyeket el\u00e9g\u00edtenek ki, \u00e9s mindegyiket egyedi tulajdons\u00e1gokkal tervezt\u00e9k, hogy megfeleljenek a k\u00fcl\u00f6nf\u00e9le mez\u0151gazdas\u00e1gi ig\u00e9nyeknek. Az al\u00e1bbiakban n\u00e9h\u00e1ny gyakori k\u00f6rb\u00e1l\u00e1z\u00f3 sebess\u00e9gv\u00e1lt\u00f3 t\u00edpust l\u00e1that:<\/p>\n<p><strong>Standard sebess\u00e9gv\u00e1lt\u00f3k<\/strong><\/p>\n<p>A szabv\u00e1nyos k\u00f6rb\u00e1l\u00e1z\u00f3k sebess\u00e9gv\u00e1lt\u00f3i \u00e1ltal\u00e1nos b\u00e1l\u00e1z\u00e1si feladatokra k\u00e9sz\u00fcltek, \u00e9s kisebb \u00e9s k\u00f6zepes m\u00e9ret\u0171 m\u0171veletekhez alkalmasak. Ezek a sebess\u00e9gv\u00e1lt\u00f3k gyakran egysebess\u00e9ges hajt\u00e1ssal rendelkeznek, amelynek \u00e1tt\u00e9tele \u00e1ltal\u00e1ban 1:3 \u00e9s 1:4 k\u00f6z\u00f6tt van, a b\u00e1l\u00e1z\u00f3 modellj\u00e9t\u0151l f\u00fcgg\u0151en.<\/p>\n<ul>\n<li>Jellemz\u0151k: Egyszer\u0171s\u00e9g, megb\u00edzhat\u00f3s\u00e1g \u00e9s k\u00f6nny\u0171 karbantart\u00e1s.<\/li>\n<li>Alkalmaz\u00e1sok: Tipikus sz\u00e9na-, szalma- \u00e9s f\u0171b\u00e1l\u00e1z\u00e1si m\u0171veletekhez haszn\u00e1lj\u00e1k.<\/li>\n<li>El\u0151ny\u00f6k: K\u00f6lts\u00e9ghat\u00e9kony \u00e9s tart\u00f3s k\u00f6nnyebb \u00e9s k\u00f6zepes munkaterhel\u00e9sekhez.<\/li>\n<\/ul>\n<p><strong>Nagy nyomat\u00e9k\u00fa sebess\u00e9gv\u00e1lt\u00f3k<\/strong><\/p>\n<p>A nagy nyomat\u00e9k\u00fa sebess\u00e9gv\u00e1lt\u00f3kat kifejezetten \u00fagy tervezt\u00e9k, hogy megn\u00f6velt teljes\u00edtm\u00e9nyt ny\u00fajtsanak az ig\u00e9nyes feladatokhoz, p\u00e9ld\u00e1ul a nedves vagy s\u0171r\u0171 anyagok, p\u00e9ld\u00e1ul a sil\u00f3 nagy ig\u00e9nybev\u00e9tel\u0171 b\u00e1l\u00e1z\u00e1s\u00e1hoz. Ezeket a sebess\u00e9gv\u00e1lt\u00f3kat nagyobb teherb\u00edr\u00e1s \u00e9s nagyobb ellen\u00e1ll\u00e1s kezel\u00e9s\u00e9re tervezt\u00e9k.<\/p>\n<ul>\n<li>Jellemz\u0151k: Nagy nyomat\u00e9k a neh\u00e9z alkalmaz\u00e1sokhoz, robusztus konstrukci\u00f3.<\/li>\n<li>Alkalmaz\u00e1sok: Ide\u00e1lis sil\u00f3z\u00e1s vagy kem\u00e9ny, nedvess\u00e9gben gazdag anyagok b\u00e1l\u00e1z\u00e1s\u00e1hoz.<\/li>\n<li>El\u0151ny\u00f6k: Nagy terhel\u00e9s alatt is \u00e1lland\u00f3 teljes\u00edtm\u00e9nyt biztos\u00edt, cs\u00f6kkentve a sebess\u00e9gv\u00e1lt\u00f3 meghib\u00e1sod\u00e1s\u00e1nak kock\u00e1zat\u00e1t.<\/li>\n<\/ul>\n<p><strong>T\u00f6bbsebess\u00e9ges sebess\u00e9gv\u00e1lt\u00f3k<\/strong><\/p>\n<p>A t\u00f6bbsebess\u00e9ges k\u00f6rb\u00e1l\u00e1z\u00f3k sebess\u00e9gv\u00e1lt\u00f3i v\u00e1ltoztathat\u00f3 sebess\u00e9gszab\u00e1lyoz\u00e1st tesznek lehet\u0151v\u00e9, ami nagyobb rugalmass\u00e1got biztos\u00edt a m\u0171k\u00f6d\u00e9s sor\u00e1n. Ezek a sebess\u00e9gv\u00e1lt\u00f3k lehet\u0151v\u00e9 teszik a kezel\u0151k sz\u00e1m\u00e1ra, hogy a b\u00e1laform\u00e1z\u00e1si folyamat sebess\u00e9g\u00e9t a term\u00e9ny t\u00edpus\u00e1t\u00f3l vagy a k\u00f6rnyezeti felt\u00e9telekt\u0151l f\u00fcgg\u0151en \u00e1ll\u00edts\u00e1k be.<\/p>\n<ul>\n<li>Jellemz\u0151k: \u00c1ll\u00edthat\u00f3 sebess\u00e9gbe\u00e1ll\u00edt\u00e1sok, jobb b\u00e1l\u00e1z\u00e1si kontroll.<\/li>\n<li>Alkalmaz\u00e1sok: K\u00f6nny\u0171 \u00e9s neh\u00e9z b\u00e1l\u00e1z\u00e1si m\u0171veletekhez egyar\u00e1nt haszn\u00e1lhat\u00f3, k\u00fcl\u00f6n\u00f6sen v\u00e1ltozatos term\u00e9nyviszonyok eset\u00e9n.<\/li>\n<li>El\u0151ny\u00f6k: Sokoldal\u00fas\u00e1got \u00e9s optimaliz\u00e1lt teljes\u00edtm\u00e9nyt biztos\u00edt a k\u00fcl\u00f6nb\u00f6z\u0151 n\u00f6v\u00e9nyfajt\u00e1khoz.<\/li>\n<\/ul>\n<p><strong>Bolyg\u00f3m\u0171ves sebess\u00e9gv\u00e1lt\u00f3k<\/strong><\/p>\n<p>A bolyg\u00f3m\u0171ves hajt\u00f3m\u0171veket gyakran haszn\u00e1lj\u00e1k nagy teljes\u00edtm\u00e9ny\u0171 k\u00f6rb\u00e1l\u00e1z\u00f3kban kompakt kialak\u00edt\u00e1suk \u00e9s nagy hat\u00e1sfokuk miatt. A fogaskerekek bolyg\u00f3mozg\u00e1st v\u00e9geznek, egyenletesen elosztva a terhel\u00e9st, ami n\u00f6veli a hajt\u00f3m\u0171 tart\u00f3ss\u00e1g\u00e1t \u00e9s cs\u00f6kkenti a gyakori karbantart\u00e1s sz\u00fcks\u00e9gess\u00e9g\u00e9t.<\/p>\n<ul>\n<li>Jellemz\u0151k: Kompakt, nagy hat\u00e9konys\u00e1g\u00fa \u00e9s minim\u00e1lis m\u00e9ret mellett nagy teljes\u00edtm\u00e9nyre k\u00e9pes.<\/li>\n<li>Alkalmaz\u00e1sok: Alkalmas neh\u00e9z kereskedelmi \u00e9s mez\u0151gazdas\u00e1gi b\u00e1l\u00e1z\u00e1si feladatokhoz.<\/li>\n<li>El\u0151ny\u00f6k: Nagyobb nyomat\u00e9kkapacit\u00e1s, hosszabb \u00e9lettartam \u00e9s kevesebb karbantart\u00e1s.<\/li>\n<\/ul>\n<p><strong>Kett\u0151s tengely\u0171 sebess\u00e9gv\u00e1lt\u00f3k<\/strong><\/p>\n<p>A k\u00e9ttengelyes sebess\u00e9gv\u00e1lt\u00f3k k\u00e9t tengellyel rendelkeznek a kett\u0151s hajt\u00e1sfunkci\u00f3 \u00e9rdek\u00e9ben. Ezeket \u00e1ltal\u00e1ban kett\u0151s m\u0171k\u00f6d\u00e9s\u0171 b\u00e1l\u00e1z\u00f3kban vagy nagy teljes\u00edtm\u00e9ny\u0171 modellekben haszn\u00e1lj\u00e1k, ahol k\u00e9t k\u00fcl\u00f6nb\u00f6z\u0151 rendszert kell egyszerre meghajtani, p\u00e9ld\u00e1ul a rendfelszed\u0151 rendszert \u00e9s a t\u00f6m\u00f6r\u00edt\u0151rendszert.<\/p>\n<ul>\n<li>Jellemz\u0151k: Kett\u0151s meghajt\u00e1s, fokozott sokoldal\u00fas\u00e1g.<\/li>\n<li>Alkalmaz\u00e1sok: Nagy teljes\u00edtm\u00e9ny\u0171 vagy kett\u0151s m\u0171k\u00f6d\u00e9s\u0171 b\u00e1l\u00e1z\u00f3rendszerek.<\/li>\n<li>El\u0151ny\u00f6k: Nagyobb m\u0171k\u00f6d\u00e9si rugalmass\u00e1got \u00e9s hat\u00e9konys\u00e1got biztos\u00edt \u00f6sszetett b\u00e1l\u00e1z\u00f3rendszerekben.<\/li>\n<\/ul>\n<p>A k\u00f6rb\u00e1l\u00e1z\u00f3 sebess\u00e9gv\u00e1lt\u00f3j\u00e1nak kiv\u00e1laszt\u00e1sa nagym\u00e9rt\u00e9kben f\u00fcgg a m\u0171k\u00f6d\u00e9s konkr\u00e9t ig\u00e9nyeit\u0151l, p\u00e9ld\u00e1ul a b\u00e1l\u00e1zand\u00f3 anyag t\u00edpus\u00e1t\u00f3l, a k\u00edv\u00e1nt teljes\u00edtm\u00e9nyt\u0151l \u00e9s a mez\u0151gazdas\u00e1gi tev\u00e9kenys\u00e9g m\u00e9rt\u00e9k\u00e9t\u0151l. Ak\u00e1r egy egyszer\u0171, megb\u00edzhat\u00f3 sebess\u00e9gv\u00e1lt\u00f3ra van sz\u00fcks\u00e9ge k\u00f6nny\u0171 feladatokhoz, ak\u00e1r egy nagy nyomat\u00e9k\u00fa, t\u00f6bbsebess\u00e9ges sebess\u00e9gv\u00e1lt\u00f3ra neh\u00e9z munk\u00e1khoz, a megfelel\u0151 sebess\u00e9gv\u00e1lt\u00f3 jelent\u0151s k\u00fcl\u00f6nbs\u00e9get jelenthet a k\u00f6rb\u00e1l\u00e1z\u00f3 hat\u00e9konys\u00e1g\u00e1ban \u00e9s \u00e9lettartam\u00e1ban.<\/p>\n<p><img loading=\"lazy\" decoding=\"async\" class=\"alignnone  wp-image-2464\" src=\"https:\/\/fmp-components.com\/wp-content\/uploads\/2025\/01\/PTO-Shaft-for-Round-Baler-Gearbox-11.webp\" alt=\"Kard\u00e1ntengely-k\u00f6rb\u00e1l\u00e1z\u00f3-hajt\u00f3m\u0171h\u00f6z-1(1)\" width=\"912\" height=\"806\" title=\"\" srcset=\"https:\/\/fmp-components.com\/wp-content\/uploads\/2025\/01\/PTO-Shaft-for-Round-Baler-Gearbox-11.webp 912w, https:\/\/fmp-components.com\/wp-content\/uploads\/2025\/01\/PTO-Shaft-for-Round-Baler-Gearbox-11-480x424.webp 480w\" sizes=\"(min-width: 0px) and (max-width: 480px) 480px, (min-width: 481px) 912px, 100vw\" \/><\/p>\n<h2>Kard\u00e1ntengelyek k\u00f6rb\u00e1l\u00e1z\u00f3 sebess\u00e9gv\u00e1lt\u00f3hoz<\/h2>\n<p>A teljes\u00edtm\u00e9nylead\u00f3 tengelyek (PTO) elengedhetetlen alkatr\u00e9szek a traktorr\u00f3l a k\u00f6rb\u00e1l\u00e1z\u00f3 sebess\u00e9gv\u00e1lt\u00f3j\u00e1ra t\u00f6rt\u00e9n\u0151 er\u0151\u00e1tvitelhez, lehet\u0151v\u00e9 t\u00e9ve a b\u00e1l\u00e1z\u00f3 hat\u00e9kony m\u0171k\u00f6d\u00e9s\u00e9t. A teljes\u00edtm\u00e9nylead\u00f3 tengely \u00f6sszek\u00f6ti a traktor teljes\u00edtm\u00e9nylead\u00f3 rendszer\u00e9t a sebess\u00e9gv\u00e1lt\u00f3val, lehet\u0151v\u00e9 t\u00e9ve a b\u00e1l\u00e1z\u00e1si folyamathoz sz\u00fcks\u00e9ges mechanikai energia \u00e1tvitel\u00e9t. Az al\u00e1bbiakban a k\u00f6rb\u00e1l\u00e1z\u00f3k sebess\u00e9gv\u00e1lt\u00f3ihoz tervezett teljes\u00edtm\u00e9nylead\u00f3 tengelyek f\u0151bb szempontjait, jellemz\u0151it \u00e9s el\u0151nyeit ismertetj\u00fck:<\/p>\n<p><strong>Nagy hat\u00e9konys\u00e1g \u00e9s teljes\u00edtm\u00e9ny\u00e1tvitel<\/strong><\/p>\n<p>A k\u00f6rb\u00e1l\u00e1z\u00f3k sebess\u00e9gv\u00e1lt\u00f3inak kard\u00e1ntengelyei hat\u00e9konyan viszik \u00e1t az er\u0151t a traktor motorj\u00e1r\u00f3l a b\u00e1l\u00e1z\u00f3 sebess\u00e9gv\u00e1lt\u00f3j\u00e1ra. Ezeknek a tengelyeknek a nagy nyomat\u00e9kkapacit\u00e1sa biztos\u00edtja a vesztes\u00e9gmentes energia\u00e1tvitelt, fenntartva a b\u00e1l\u00e1z\u00f3 \u00fczemi teljes\u00edtm\u00e9ny\u00e9t.<\/p>\n<ul>\n<li>F\u0151bb jellemz\u0151: Hat\u00e9kony er\u0151\u00e1tvitel minim\u00e1lis energiavesztes\u00e9ggel.<\/li>\n<li>El\u0151ny: Biztos\u00edtja a b\u00e1l\u00e1z\u00f3 egyenletes m\u0171k\u00f6d\u00e9s\u00e9t, cs\u00f6kkenti az \u00fczemanyag-fogyaszt\u00e1st \u00e9s maximaliz\u00e1lja a termel\u00e9kenys\u00e9get.<\/li>\n<\/ul>\n<p><strong>Tart\u00f3ss\u00e1g \u00e9s szil\u00e1rds\u00e1g<\/strong><\/p>\n<p>A k\u00f6rb\u00e1l\u00e1z\u00f3k kard\u00e1ntengelyei kiv\u00e1l\u00f3 min\u0151s\u00e9g\u0171, tart\u00f3s anyagokb\u00f3l k\u00e9sz\u00fclnek, amelyek ellen\u00e1llnak a mez\u0151gazdas\u00e1gi m\u0171veletek neh\u00e9z k\u00f6r\u00fclm\u00e9nyeinek. Ezeket a tengelyeket \u00fagy tervezt\u00e9k, hogy elviselj\u00e9k a nagy nyomat\u00e9ker\u0151ket \u00e9s a sz\u00e1nt\u00f3f\u00f6ld\u00f6n gyakran el\u0151fordul\u00f3 zord k\u00f6rnyezeti viszonyokat, p\u00e9ld\u00e1ul a nedvess\u00e9get, a port \u00e9s a t\u00f6rmel\u00e9ket.<\/p>\n<ul>\n<li>F\u0151bb jellemz\u0151k: Nagy szil\u00e1rds\u00e1g\u00fa, kop\u00e1s\u00e1ll\u00f3 konstrukci\u00f3.<\/li>\n<li>El\u0151ny: Hossz\u00fa \u00e9lettartam, cs\u00f6kkentve a karbantart\u00e1s \u00e9s a csere gyakoris\u00e1g\u00e1t.<\/li>\n<\/ul>\n<p><strong>Testreszabhat\u00f3 hossz\u00fas\u00e1gok \u00e9s konfigur\u00e1ci\u00f3k<\/strong><\/p>\n<p>A k\u00f6rb\u00e1l\u00e1z\u00f3khoz tartoz\u00f3 kard\u00e1ntengelyek k\u00fcl\u00f6nb\u00f6z\u0151 hossz\u00fas\u00e1gban \u00e9s konfigur\u00e1ci\u00f3ban kaphat\u00f3k, hogy megfeleljenek a k\u00fcl\u00f6nb\u00f6z\u0151 b\u00e1l\u00e1z\u00f3modellek \u00e9s traktorbe\u00e1ll\u00edt\u00e1sok egyedi k\u00f6vetelm\u00e9nyeinek. A kard\u00e1ntengely hossza kritikus fontoss\u00e1g\u00fa a megfelel\u0151 csatlakoz\u00e1s biztos\u00edt\u00e1sa \u00e9s a m\u0171k\u00f6d\u00e9s k\u00f6zbeni s\u00e9r\u00fcl\u00e9sek elker\u00fcl\u00e9se \u00e9rdek\u00e9ben.<\/p>\n<ul>\n<li>F\u0151bb jellemz\u0151k: \u00c1ll\u00edthat\u00f3 hossz\u00fas\u00e1gban \u00e9s konfigur\u00e1ci\u00f3ban kaphat\u00f3.<\/li>\n<li>El\u0151ny: Testreszabhat\u00f3, hogy illeszkedjen a k\u00fcl\u00f6nb\u00f6z\u0151 traktor- \u00e9s b\u00e1l\u00e1z\u00f3 kombin\u00e1ci\u00f3khoz, biztos\u00edtva az optim\u00e1lis hat\u00e9konys\u00e1got \u00e9s biztons\u00e1got.<\/li>\n<\/ul>\n<p><strong>Biztons\u00e1gi funkci\u00f3k<\/strong><\/p>\n<p>A biztons\u00e1g kiemelked\u0151 fontoss\u00e1g\u00fa a kard\u00e1ntengelyekkel v\u00e9gzett munka sor\u00e1n, mivel azok nagy sebess\u00e9ggel m\u0171k\u00f6dnek. A k\u00f6rb\u00e1l\u00e1z\u00f3k hajt\u00f3m\u0171veihez tartoz\u00f3 modern kard\u00e1ntengelyek biztons\u00e1gi funkci\u00f3kkal, p\u00e9ld\u00e1ul ny\u00edr\u00f3csavarokkal, v\u00e9d\u0151elemekkel \u00e9s pajzsokkal vannak felszerelve, hogy megakad\u00e1lyozz\u00e1k a baleseteket \u00e9s s\u00e9r\u00fcl\u00e9seket \u00fczem k\u00f6zben.<\/p>\n<ul>\n<li>F\u0151bb jellemz\u0151k: Biztons\u00e1gi v\u00e9d\u0151burkolatok, ny\u00edr\u00f3csavarok \u00e9s v\u00e9d\u0151pajzsok.<\/li>\n<li>El\u0151ny: Minimaliz\u00e1lja a s\u00e9r\u00fcl\u00e9s kock\u00e1zat\u00e1t \u00e9s megv\u00e9di a tengelyt a t\u00falzott terhel\u00e9s vagy k\u00fcls\u0151 behat\u00e1s okozta s\u00e9r\u00fcl\u00e9sekt\u0151l.<\/li>\n<\/ul>\n<p><strong>K\u00f6nny\u0171 karbantart\u00e1s \u00e9s \u00fczemeltet\u00e9s<\/strong><\/p>\n<p>A k\u00f6rb\u00e1l\u00e1z\u00f3k kard\u00e1ntengelyeit a k\u00f6nny\u0171 karbantart\u00e1s \u00e9s \u00fczemeltet\u00e9s jegy\u00e9ben tervezt\u00e9k. Gyorscsatlakoz\u00f3kkal vannak felszerelve, \u00edgy a tengely k\u00f6nnyen fel- \u00e9s lecsatlakoztathat\u00f3 mind a traktorr\u00f3l, mind a b\u00e1l\u00e1z\u00f3r\u00f3l. A rendszeres ken\u00e9s \u00e9s az id\u0151szakos ellen\u0151rz\u00e9sek biztos\u00edtj\u00e1k a z\u00f6kken\u0151mentes m\u0171k\u00f6d\u00e9st \u00e9s megel\u0151zik a kop\u00e1ssal kapcsolatos probl\u00e9m\u00e1kat.<\/p>\n<ul>\n<li><strong>F\u0151bb jellemz\u0151<\/strong>Gyorscsatlakoz\u00f3k \u00e9s alacsony karbantart\u00e1si ig\u00e9ny\u0171 kialak\u00edt\u00e1s.<\/li>\n<li><strong>Haszon<\/strong>Leegyszer\u0171s\u00edti a be\u00e1ll\u00edt\u00e1st \u00e9s a karbantart\u00e1st, lehet\u0151v\u00e9 t\u00e9ve az id\u0151 \u00e9s az er\u0151forr\u00e1sok hat\u00e9konyabb felhaszn\u00e1l\u00e1s\u00e1t.<\/li>\n<\/ul>\n<p>A kard\u00e1ntengelyek kritikus fontoss\u00e1g\u00fa alkatr\u00e9szek, amelyek \u00f6sszek\u00f6tik a traktor kard\u00e1ntengely-rendszer\u00e9t a k\u00f6rb\u00e1l\u00e1z\u00f3 sebess\u00e9gv\u00e1lt\u00f3j\u00e1val, biztos\u00edtva a b\u00e1l\u00e1z\u00e1si m\u0171veletekhez sz\u00fcks\u00e9ges teljes\u00edtm\u00e9nyt. A k\u00f6rb\u00e1l\u00e1z\u00f3hoz megfelel\u0151 kard\u00e1ntengely kiv\u00e1laszt\u00e1sa biztos\u00edtja a hat\u00e9kony er\u0151\u00e1tvitelt, a biztons\u00e1got \u00e9s a hossz\u00fa t\u00e1v\u00fa teljes\u00edtm\u00e9nyt. Kard\u00e1ntengely kiv\u00e1laszt\u00e1sakor elengedhetetlen a kompatibilit\u00e1s, a tart\u00f3ss\u00e1g \u00e9s a biztons\u00e1gi jellemz\u0151k figyelembev\u00e9tele, hogy megfeleljenek a b\u00e1l\u00e1z\u00f3berendez\u00e9sek \u00e9s a terepviszonyok egyedi ig\u00e9nyeinek.<\/p>\n<p><img loading=\"lazy\" decoding=\"async\" class=\"alignnone  wp-image-2485\" src=\"https:\/\/fmp-components.com\/wp-content\/uploads\/2025\/01\/pto-shaft-for-sale.webp\" alt=\"\" width=\"909\" height=\"680\" title=\"\" srcset=\"https:\/\/fmp-components.com\/wp-content\/uploads\/2025\/01\/pto-shaft-for-sale.webp 909w, https:\/\/fmp-components.com\/wp-content\/uploads\/2025\/01\/pto-shaft-for-sale-480x359.webp 480w\" sizes=\"(min-width: 0px) and (max-width: 480px) 480px, (min-width: 481px) 909px, 100vw\" \/><\/p>\n<h3>Az FMP-r\u0151l<\/h3>\n<p>Az olaszorsz\u00e1gi sz\u00e9khely\u0171 FMP vezet\u0151 gy\u00e1rt\u00f3, amely a nagy teljes\u00edtm\u00e9ny\u0171 sebess\u00e9gv\u00e1lt\u00f3k tervez\u00e9s\u00e9ben, fejleszt\u00e9s\u00e9ben \u00e9s gy\u00e1rt\u00e1s\u00e1ban szerzett szak\u00e9rtelm\u00e9r\u0151l ismert, k\u00fcl\u00f6n\u00f6s tekintettel a mez\u0151gazdas\u00e1gi g\u00e9piparra. A prec\u00edzi\u00f3s m\u00e9rn\u00f6ki munka, az innovat\u00edv megold\u00e1sok \u00e9s a rend\u00edthetetlen megb\u00edzhat\u00f3s\u00e1g r\u00e9v\u00e9n az FMP megb\u00edzhat\u00f3 partnerr\u00e9 v\u00e1lt mind a mez\u0151gazdas\u00e1gi, mind az ipari szektor v\u00e1ltoz\u00f3 ig\u00e9nyeinek kiel\u00e9g\u00edt\u00e9s\u00e9ben. Soksz\u00edn\u0171 term\u00e9kk\u00edn\u00e1latunkban megtal\u00e1lhat\u00f3k a f\u0171ny\u00edr\u00f3khoz val\u00f3 speci\u00e1lis sebess\u00e9gv\u00e1lt\u00f3k, kard\u00e1ntengelyek \u00e9s egy\u00e9b alapvet\u0151 alkatr\u00e9szek, amelyek mindegyik\u00e9t apr\u00f3l\u00e9kosan \u00fagy tervezt\u00fck, hogy sz\u00e9les k\u00f6r\u0171 alkalmaz\u00e1si ter\u00fcleteken k\u00edn\u00e1ljon egyedi megold\u00e1sokat.<\/p>\n<p>Az FMP-n\u00e9l meg\u00e9rtj\u00fck, hogy minden \u00fcgyf\u00e9lnek egyedi ig\u00e9nyei \u00e9s kih\u00edv\u00e1sai vannak. Ez\u00e9rt specializ\u00e1l\u00f3dtunk a szem\u00e9lyre szabott megold\u00e1sok k\u00edn\u00e1lat\u00e1ra, legyen sz\u00f3 ak\u00e1r egyedi komponensekr\u0151l, ak\u00e1r teljesen integr\u00e1lt rendszerekr\u0151l. Szorosan egy\u00fcttm\u0171k\u00f6d\u00fcnk \u00fcgyfeleinkkel annak \u00e9rdek\u00e9ben, hogy minden megold\u00e1s ne csak hat\u00e9kony, hanem eredm\u00e9nyes is legyen, optimaliz\u00e1lva a teljes\u00edtm\u00e9nyt \u00e9s az \u00e9rt\u00e9ket. Elk\u00f6telezettek vagyunk a gyors, professzion\u00e1lis v\u00e1laszok \u00e9s a szak\u00e9rt\u0151i \u00fatmutat\u00e1s ir\u00e1nt, \u00edgy minden megkeres\u00e9st a lehet\u0151 legnagyobb gondoss\u00e1ggal \u00e9s precizit\u00e1ssal kezel\u00fcnk, ami a lehet\u0151 legjobb eredm\u00e9nyekhez vezet.<\/p>\n<p>A teljes term\u00e9kfejleszt\u00e9si folyamat sor\u00e1n a ny\u00edlt \u00e9s folyamatos kommunik\u00e1ci\u00f3t helyezz\u00fck el\u0151t\u00e9rbe. Elk\u00f6telezett csapatunk k\u00f6zvetlen\u00fcl az \u00fcgyfelekkel dolgozik, hogy teljes m\u00e9rt\u00e9kben meg\u00e9rtse egyedi ig\u00e9nyeiket, \u00e9rt\u00e9kes betekint\u00e9st \u00e9s aj\u00e1nl\u00e1sokat k\u00edn\u00e1lva az optim\u00e1lis megold\u00e1sok biztos\u00edt\u00e1sa \u00e9rdek\u00e9ben. Ak\u00e1r innovat\u00edv term\u00e9keket tervez, ak\u00e1r folyamatos megrendel\u00e9seket teljes\u00edt, az FMP elk\u00f6telezett amellett, hogy minden alkalommal kiv\u00e1l\u00f3 min\u0151s\u00e9g\u0171, prec\u00edzi\u00f3san megtervezett megold\u00e1sokat sz\u00e1ll\u00edtson id\u0151ben. C\u00e9lunk, hogy \u00fcgyfeleink sz\u00e1m\u00e1ra a legjobb szolg\u00e1ltat\u00e1st \u00e9s eredm\u00e9nyeket ny\u00fajtsuk, minden projekttel fel\u00fclm\u00falva az elv\u00e1r\u00e1sokat.<\/p>\n<p>A min\u0151s\u00e9g az FMP m\u0171k\u00f6d\u00e9s\u00e9nek sarokk\u00f6ve. A legmagasabb gy\u00e1rt\u00e1si szabv\u00e1nyokat tartjuk be, szigor\u00fa min\u0151s\u00e9gellen\u0151rz\u00e9si int\u00e9zked\u00e9seket alkalmazva annak biztos\u00edt\u00e1s\u00e1ra, hogy minden term\u00e9k ne csak megfeleljen, hanem meghaladja az ipar\u00e1gi szabv\u00e1nyokat. Ez a min\u0151s\u00e9g ir\u00e1nti rend\u00edthetetlen elk\u00f6telezetts\u00e9g, valamint az integrit\u00e1s, a csapatmunka \u00e9s a kitart\u00e1s alapvet\u0151 \u00e9rt\u00e9kei lehet\u0151v\u00e9 tett\u00e9k sz\u00e1munkra, hogy hossz\u00fa t\u00e1v\u00fa, bizalmon alapul\u00f3 kapcsolatokat \u00e9p\u00edts\u00fcnk ki \u00fcgyfeleinkkel vil\u00e1gszerte k\u00f6zel 30 orsz\u00e1gban.<\/p>\n<p>Az FMP mindig nyitott a glob\u00e1lis partners\u00e9gek \u00e1pol\u00e1s\u00e1ra, \u00e9s tov\u00e1bbra is elk\u00f6telezett amellett, hogy szak\u00e9rt\u0151i tan\u00e1csokat \u00e9s szem\u00e9lyre szabott megold\u00e1sokat k\u00edn\u00e1ljon, amelyek megfelelnek \u00fcgyfeleink sokr\u00e9t\u0171 ig\u00e9nyeinek. Nemcsak term\u00e9keket sz\u00e1ll\u00edtunk; olyan tart\u00f3s kapcsolatok ki\u00e9p\u00edt\u00e9s\u00e9re t\u00f6reksz\u00fcnk, amelyek hozz\u00e1j\u00e1rulnak minden projekt siker\u00e9hez. Ak\u00e1r innovat\u00edv megold\u00e1sokra van sz\u00fcks\u00e9ge egy \u00faj kezdem\u00e9nyez\u00e9shez, ak\u00e1r folyamatos t\u00e1mogat\u00e1sra egy megl\u00e9v\u0151 rendszerhez, az FMP itt van, hogy megoldja a technikai kih\u00edv\u00e1sokat \u00e9s biztos\u00edtsa a folyamatos sikert.<\/p>\n<p><img loading=\"lazy\" decoding=\"async\" class=\"alignnone size-full wp-image-1861\" src=\"https:\/\/fmp-components.com\/wp-content\/uploads\/2024\/12\/Other-Agricultural-Gearboxes.webp\" sizes=\"(min-width: 0px) and (max-width: 480px) 480px, (min-width: 481px) and (max-width: 980px) 980px, (min-width: 981px) 1200px, 100vw\" srcset=\"https:\/\/fmp-components.com\/wp-content\/uploads\/2024\/12\/Other-Agricultural-Gearboxes.webp 1200w, https:\/\/fmp-components.com\/wp-content\/uploads\/2024\/12\/Other-Agricultural-Gearboxes-980x1143.webp 980w, https:\/\/fmp-components.com\/wp-content\/uploads\/2024\/12\/Other-Agricultural-Gearboxes-480x560.webp 480w\" alt=\"Altri-cambi-agricoli\" width=\"1200\" height=\"1400\" title=\"\"><\/p>\n<p>Szerz\u0151: CX<\/p>","protected":false},"excerpt":{"rendered":"<p>Specification of Round Baler Gearbox T-290HD i 1.63\/3.0 N1[rpm] 540\/1000 P1[kW] 78\/58 M2[Nm] 2180\/1694 Shaft X\u00a0 40*2*18 Shaft Y 40*2*18 Shaft Z 1&#8221; 3\/8 Z6 Input Z Types of Round Baler Gearboxes Round baler gearboxes are crucial components that drive the baler\u2019s various functions, including the rotation of the rollers, the binding of the bale, [&hellip;]<\/p>","protected":false},"featured_media":2484,"comment_status":"open","ping_status":"closed","template":"","meta":{"_et_pb_use_builder":"","_et_pb_old_content":"","_et_gb_content_width":""},"product_brand":[],"product_cat":[59],"product_tag":[],"class_list":{"0":"post-2482","1":"product","2":"type-product","3":"status-publish","4":"has-post-thumbnail","6":"product_cat-round-baler-gearbox","8":"first","9":"instock","10":"shipping-taxable","11":"product-type-simple"},"_links":{"self":[{"href":"https:\/\/fmp-components.com\/hu\/wp-json\/wp\/v2\/product\/2482","targetHints":{"allow":["GET"]}}],"collection":[{"href":"https:\/\/fmp-components.com\/hu\/wp-json\/wp\/v2\/product"}],"about":[{"href":"https:\/\/fmp-components.com\/hu\/wp-json\/wp\/v2\/types\/product"}],"replies":[{"embeddable":true,"href":"https:\/\/fmp-components.com\/hu\/wp-json\/wp\/v2\/comments?post=2482"}],"wp:featuredmedia":[{"embeddable":true,"href":"https:\/\/fmp-components.com\/hu\/wp-json\/wp\/v2\/media\/2484"}],"wp:attachment":[{"href":"https:\/\/fmp-components.com\/hu\/wp-json\/wp\/v2\/media?parent=2482"}],"wp:term":[{"taxonomy":"product_brand","embeddable":true,"href":"https:\/\/fmp-components.com\/hu\/wp-json\/wp\/v2\/product_brand?post=2482"},{"taxonomy":"product_cat","embeddable":true,"href":"https:\/\/fmp-components.com\/hu\/wp-json\/wp\/v2\/product_cat?post=2482"},{"taxonomy":"product_tag","embeddable":true,"href":"https:\/\/fmp-components.com\/hu\/wp-json\/wp\/v2\/product_tag?post=2482"}],"curies":[{"name":"munkaf\u00fczet","href":"https:\/\/api.w.org\/{rel}","templated":true}]}}