{"id":2358,"date":"2025-01-01T02:08:52","date_gmt":"2025-01-01T02:08:52","guid":{"rendered":"https:\/\/fmp-components.com\/?page_id=8"},"modified":"2025-01-01T02:08:52","modified_gmt":"2025-01-01T02:08:52","slug":"flail-mower-gearboxes-replacement-of-comer-code-tl281e","status":"publish","type":"product","link":"https:\/\/fmp-components.com\/hu\/product\/flail-mower-gearboxes-replacement-of-comer-code-tl281e\/","title":{"rendered":"Sz\u00e1rnyas f\u0171ny\u00edr\u00f3 hajt\u00f3m\u0171vek \u2013 Comer TL281E k\u00f3d\u00fa hajt\u00f3m\u0171vek cser\u00e9je"},"content":{"rendered":"<p><img loading=\"lazy\" decoding=\"async\" class=\"size-full wp-image-2366 aligncenter\" src=\"https:\/\/fmp-components.com\/wp-content\/uploads\/2025\/01\/Flail-Mower-Gearbox-2.webp\" alt=\"F\u0171ny\u00edr\u00f3-hajt\u00f3m\u0171-2\" width=\"500\" height=\"500\" title=\"\" srcset=\"https:\/\/fmp-components.com\/wp-content\/uploads\/2025\/01\/Flail-Mower-Gearbox-2.webp 500w, https:\/\/fmp-components.com\/wp-content\/uploads\/2025\/01\/Flail-Mower-Gearbox-2-480x480.webp 480w\" sizes=\"(min-width: 0px) and (max-width: 480px) 480px, (min-width: 481px) 500px, 100vw\" \/><\/p>\n<h2>A TL281E sz\u00e1rz\u00faz\u00f3 hajt\u00f3m\u0171vek specifik\u00e1ci\u00f3i<\/h2>\n<p><img loading=\"lazy\" decoding=\"async\" class=\"alignnone size-full wp-image-2364\" src=\"https:\/\/fmp-components.com\/wp-content\/uploads\/2025\/01\/Flail-Mower-Gearbox-L-5A-Specifications-1.webp\" alt=\"Sz\u00e1rnyas-F\u0171ny\u00edr\u00f3-Hajt\u00f3m\u0171-L-5A-Specifik\u00e1ci\u00f3k-1\" width=\"1362\" height=\"829\" title=\"\" srcset=\"https:\/\/fmp-components.com\/wp-content\/uploads\/2025\/01\/Flail-Mower-Gearbox-L-5A-Specifications-1.webp 1362w, https:\/\/fmp-components.com\/wp-content\/uploads\/2025\/01\/Flail-Mower-Gearbox-L-5A-Specifications-1-1280x779.webp 1280w, https:\/\/fmp-components.com\/wp-content\/uploads\/2025\/01\/Flail-Mower-Gearbox-L-5A-Specifications-1-980x596.webp 980w, https:\/\/fmp-components.com\/wp-content\/uploads\/2025\/01\/Flail-Mower-Gearbox-L-5A-Specifications-1-480x292.webp 480w\" sizes=\"(min-width: 0px) and (max-width: 480px) 480px, (min-width: 481px) and (max-width: 980px) 980px, (min-width: 981px) and (max-width: 1280px) 1280px, (min-width: 1281px) 1362px, 100vw\" \/><\/p>\n<table style=\"width: 97.8889%; height: 320px;\" border=\"1\">\n<tbody>\n<tr>\n<td><strong>\u00e9n<\/strong><\/td>\n<td>2.91\/1.85<\/td>\n<\/tr>\n<tr>\n<td><strong>\u00c9<sub>1<\/sub>[fordulat]<\/strong><\/td>\n<td>540<\/td>\n<\/tr>\n<tr>\n<td><strong>P<sub>1<\/sub>[kW]<\/strong><\/td>\n<td>8.1-14.7<\/td>\n<\/tr>\n<tr>\n<td><strong>M<sub>2<\/sub>[Nm]<\/strong><\/td>\n<td>48-136<\/td>\n<\/tr>\n<tr>\n<td><strong>X tengely<img loading=\"lazy\" decoding=\"async\" class=\"size-full wp-image-2180 aligncenter\" src=\"https:\/\/fmp-components.com\/wp-content\/uploads\/2024\/12\/shaft-x-3.webp\" alt=\"tengely-x\" width=\"81\" height=\"78\" title=\"\" srcset=\"https:\/\/fmp-components.com\/wp-content\/uploads\/2024\/12\/shaft-x-3.webp 81w, https:\/\/fmp-components.com\/wp-content\/uploads\/2024\/12\/shaft-x-3-12x12.webp 12w\" sizes=\"(max-width: 81px) 100vw, 81px\" \/>\u00a0<\/strong><\/td>\n<td>1\u201d 3\/8 Z6<\/td>\n<\/tr>\n<tr>\n<td><strong>Z tengely<img loading=\"lazy\" decoding=\"async\" class=\"size-full wp-image-2181 aligncenter\" src=\"https:\/\/fmp-components.com\/wp-content\/uploads\/2024\/12\/shaft-z.webp\" alt=\"tengely-z\" width=\"81\" height=\"84\" title=\"\" srcset=\"https:\/\/fmp-components.com\/wp-content\/uploads\/2024\/12\/shaft-z.webp 81w, https:\/\/fmp-components.com\/wp-content\/uploads\/2024\/12\/shaft-z-12x12.webp 12w\" sizes=\"(max-width: 81px) 100vw, 81px\" \/><\/strong><\/td>\n<td>\u03a625\/\u03a630<\/td>\n<\/tr>\n<tr>\n<td><strong>Bemenet<\/strong><\/td>\n<td>X<\/td>\n<\/tr>\n<\/tbody>\n<\/table>\n<h2>A sz\u00e1rz\u00faz\u00f3 hajt\u00f3m\u0171 jellemz\u0151i<\/h2>\n<p>A sz\u00e1rz\u00faz\u00f3 hajt\u00f3m\u0171ve egy kritikus fontoss\u00e1g\u00fa alkatr\u00e9sz, amely l\u00e9tfontoss\u00e1g\u00fa szerepet j\u00e1tszik a traktor teljes\u00edtm\u00e9nylead\u00f3 tengely\u00e9nek (TLT) a f\u0171ny\u00edr\u00f3 k\u00e9sei sz\u00e1m\u00e1ra felhaszn\u00e1lhat\u00f3 energi\u00e1v\u00e1 alak\u00edt\u00e1s\u00e1ban. Kialak\u00edt\u00e1sa biztos\u00edtja, hogy a f\u0171ny\u00edr\u00f3 hat\u00e9konyan m\u0171k\u00f6dj\u00f6n k\u00fcl\u00f6nf\u00e9le mez\u0151gazdas\u00e1gi, erd\u00e9szeti \u00e9s tereprendez\u00e9si feladatokban, k\u00fcl\u00f6nb\u00f6z\u0151 t\u00edpus\u00fa n\u00f6v\u00e9nyzet kezel\u00e9s\u00e9vel. \u00cdme a sz\u00e1rz\u00faz\u00f3 hajt\u00f3m\u0171 f\u0151bb jellemz\u0151i:<\/p>\n<p><strong>Er\u0151\u00e1tvitel \u00e9s nyomat\u00e9k\u00e1talak\u00edt\u00e1s<\/strong><\/p>\n<p>A sz\u00e1rz\u00faz\u00f3 hajt\u00f3m\u0171 egyik legfontosabb jellemz\u0151je, hogy a nagy sebess\u00e9g\u0171 TLT-teljes\u00edtm\u00e9nyt a f\u0171ny\u00edr\u00f3 k\u00e9sek megfelel\u0151 nyomat\u00e9k\u00e1v\u00e1 \u00e9s forg\u00e1si sebess\u00e9g\u00e9v\u00e9 alak\u00edtja. A hajt\u00f3m\u0171 a traktor TLT-j\u00e9nek fordulatsz\u00e1m\u00e1t, jellemz\u0151en 540 vagy 1000 fordulat\/perc \u00e9rt\u00e9ket, alacsonyabb, a hat\u00e9kony v\u00e1g\u00e1shoz megfelel\u0151bb sebess\u00e9gre cs\u00f6kkenti. Ez az \u00e1talak\u00edt\u00e1s biztos\u00edtja, hogy a f\u0171ny\u00edr\u00f3 k\u00e9sek a megfelel\u0151 sebess\u00e9ggel forogjanak, hogy s\u0171r\u0171 f\u00fcvet, boz\u00f3tot vagy vastag n\u00f6v\u00e9nyzetet v\u00e1gjanak \u00e1t a rendszer t\u00falterhel\u00e9se n\u00e9lk\u00fcl.<\/p>\n<p><strong>Tart\u00f3ss\u00e1g \u00e9s szil\u00e1rds\u00e1g<\/strong><\/p>\n<p>A sz\u00e1rz\u00faz\u00f3 hajt\u00f3m\u0171veket \u00fagy tervezt\u00e9k, hogy ellen\u00e1lljanak a nagy terhel\u00e9seknek \u00e9s a zord k\u00f6r\u00fclm\u00e9nyeknek. Ezek a hajt\u00f3m\u0171vek kiv\u00e1l\u00f3 min\u0151s\u00e9g\u0171, tart\u00f3s anyagokb\u00f3l, p\u00e9ld\u00e1ul edzett ac\u00e9lb\u00f3l vagy \u00f6nt\u00f6ttvasb\u00f3l k\u00e9sz\u00fclnek, amelyek k\u00e9pesek kezelni a neh\u00e9z mez\u0151gazdas\u00e1gi alkalmaz\u00e1sokhoz kapcsol\u00f3d\u00f3 extr\u00e9m er\u0151ket \u00e9s nagy nyomat\u00e9kig\u00e9nyt. A bels\u0151 fogaskerekek \u00e9s csap\u00e1gyak \u00fagy vannak kialak\u00edtva, hogy ellen\u00e1lljanak a l\u00f6k\u00e9sszer\u0171 terhel\u00e9seknek, a kop\u00e1snak \u00e9s a rezg\u00e9seknek, \u00edgy biztos\u00edtva a hossz\u00fa t\u00e1v\u00fa teljes\u00edtm\u00e9nyt m\u00e9g ig\u00e9nyes k\u00f6rnyezetben is.<\/p>\n<p><strong>Nagy hat\u00e9konys\u00e1g<\/strong><\/p>\n<p>A sz\u00e1rz\u00faz\u00f3 f\u0171ny\u00edr\u00f3k sebess\u00e9gv\u00e1lt\u00f3it nagy hat\u00e9konys\u00e1g\u00fa er\u0151\u00e1tvitelre tervezt\u00e9k. A fogaskerekek jellemz\u0151en ferde vagy k\u00fap alak\u00faak, ami cs\u00f6kkenti a s\u00farl\u00f3d\u00e1st \u00e9s az energiavesztes\u00e9get, ami sim\u00e1bb m\u0171k\u00f6d\u00e9st \u00e9s nagyobb \u00fczemanyag-hat\u00e9konys\u00e1got eredm\u00e9nyez. A hat\u00e9kony er\u0151\u00e1tvitel azt jelenti, hogy kevesebb energia v\u00e9sz k\u00e1rba az \u00e1talak\u00edt\u00e1si folyamatban, biztos\u00edtva, hogy a traktor motorj\u00e1nak nagyobb r\u00e9sze a f\u0171ny\u00edr\u00f3 k\u00e9sek meghajt\u00e1s\u00e1ra szolg\u00e1ljon. Ez jobb \u00f6sszteljes\u00edtm\u00e9nyhez \u00e9s alacsonyabb \u00fczemanyag-fogyaszt\u00e1shoz vezet \u00fczem k\u00f6zben.<\/p>\n<p><strong>T\u00f6bb kimen\u0151 tengely (k\u00fcl\u00f6nb\u00f6z\u0151 v\u00e1g\u00e1si sz\u00f6gekhez)<\/strong><\/p>\n<p>Sok sz\u00e1rz\u00faz\u00f3 hajt\u00f3m\u0171 t\u00f6bb kihajt\u00f3tengellyel van felszerelve, amelyek lehet\u0151v\u00e9 teszik a f\u0171ny\u00edr\u00f3 k\u00e9sek k\u00fcl\u00f6nb\u00f6z\u0151 v\u00e1g\u00e1si sz\u00f6gekben t\u00f6rt\u00e9n\u0151 meghajt\u00e1s\u00e1t. Ez k\u00fcl\u00f6n\u00f6sen hasznos a v\u00e1g\u00e1si magass\u00e1g be\u00e1ll\u00edt\u00e1s\u00e1hoz vagy a k\u00fcl\u00f6nb\u00f6z\u0151 t\u00edpus\u00fa n\u00f6v\u00e9nyzet kezel\u00e9s\u00e9hez. Egyes hajt\u00f3m\u0171vek k\u00fapker\u00e9k-rendszerrel rendelkeznek, amely megv\u00e1ltoztathatja az er\u0151\u00e1tvitel ir\u00e1ny\u00e1t, lehet\u0151v\u00e9 t\u00e9ve a f\u0171ny\u00edr\u00f3 sz\u00e1m\u00e1ra, hogy k\u00fcl\u00f6nb\u00f6z\u0151 konfigur\u00e1ci\u00f3kban m\u0171k\u00f6dj\u00f6n. Ezek a t\u00f6bb kihajt\u00f3tengelyek biztos\u00edtj\u00e1k, hogy a f\u0171ny\u00edr\u00f3 alkalmazkodjon a k\u00fcl\u00f6nb\u00f6z\u0151 feladatokhoz \u00e9s terepviszonyokhoz.<\/p>\n<p><strong>Biztons\u00e1gi funkci\u00f3k<\/strong><\/p>\n<p>A sz\u00e1rz\u00faz\u00f3 f\u0171ny\u00edr\u00f3k sebess\u00e9gv\u00e1lt\u00f3inak tervez\u00e9sekor a biztons\u00e1g kritikus szempont. Ny\u00edr\u00f3csavarokat, nyomat\u00e9khat\u00e1rol\u00f3kat vagy t\u00falterhel\u00e9s elleni tengelykapcsol\u00f3kat gyakran haszn\u00e1lnak a sebess\u00e9gv\u00e1lt\u00f3, a kard\u00e1ntengely vagy a f\u0171ny\u00edr\u00f3k\u00e9sek k\u00e1rosod\u00e1s\u00e1nak megakad\u00e1lyoz\u00e1s\u00e1ra hirtelen akad\u00e1ly, p\u00e9ld\u00e1ul nagy k\u0151 vagy s\u0171r\u0171 t\u00f6rmel\u00e9k eset\u00e9n. Ezek a biztons\u00e1gi funkci\u00f3k biztos\u00edtj\u00e1k, hogy ha a f\u0171ny\u00edr\u00f3 akad\u00e1lyba \u00fctk\u00f6zik, a sebess\u00e9gv\u00e1lt\u00f3 kiold vagy elnyeli az \u00fct\u00e9st, \u00edgy v\u00e9dve a berendez\u00e9st \u00e9s megel\u0151zve a k\u00f6lts\u00e9ges k\u00e1rokat.<\/p>\n<p>A sz\u00e1rz\u00faz\u00f3 sebess\u00e9gv\u00e1lt\u00f3j\u00e1t \u00fagy tervezt\u00e9k, hogy hat\u00e9kony er\u0151\u00e1tvitelt, tart\u00f3ss\u00e1got \u00e9s alkalmazkod\u00f3k\u00e9pess\u00e9get biztos\u00edtson a mez\u0151gazdas\u00e1gi \u00e9s tereprendez\u00e9si alkalmaz\u00e1sok sz\u00e9les sk\u00e1l\u00e1j\u00e1hoz. Az olyan kulcsfontoss\u00e1g\u00fa jellemz\u0151knek k\u00f6sz\u00f6nhet\u0151en, mint a nyomat\u00e9k\u00e1talak\u00edt\u00e1s, a nagy hat\u00e1sfok, a biztons\u00e1gi funkci\u00f3k \u00e9s az egyszer\u0171 karbantart\u00e1s, a sebess\u00e9gv\u00e1lt\u00f3 biztos\u00edtja, hogy a sz\u00e1rz\u00faz\u00f3 cs\u00facsteljes\u00edtm\u00e9nyen m\u0171k\u00f6dj\u00f6n, mik\u00f6zben meg\u0151rzi a g\u00e9p hossz\u00fa \u00e9lettartam\u00e1t. Ak\u00e1r s\u0171r\u0171 n\u00f6v\u00e9nyzettel, neh\u00e9z terepen vagy ig\u00e9nyes munkak\u00f6r\u00fclm\u00e9nyekkel foglalkozik, a sz\u00e1rz\u00faz\u00f3 sebess\u00e9gv\u00e1lt\u00f3j\u00e1t \u00fagy tervezt\u00e9k, hogy megfeleljen a kih\u00edv\u00e1soknak, \u00e9s megb\u00edzhat\u00f3 megold\u00e1st k\u00edn\u00e1ljon a kezel\u0151knek a f\u0171ny\u00edr\u00e1si \u00e9s tiszt\u00edt\u00e1si feladatokhoz.<\/p>\n<p><img loading=\"lazy\" decoding=\"async\" class=\"alignnone size-full wp-image-2367\" src=\"https:\/\/fmp-components.com\/wp-content\/uploads\/2025\/01\/flail-mower-gearbox1.webp\" alt=\"sz\u00e1rz\u00faz\u00f3-f\u0171ny\u00edr\u00f3-hajt\u00f3m\u0171\" width=\"900\" height=\"600\" title=\"\" srcset=\"https:\/\/fmp-components.com\/wp-content\/uploads\/2025\/01\/flail-mower-gearbox1.webp 900w, https:\/\/fmp-components.com\/wp-content\/uploads\/2025\/01\/flail-mower-gearbox1-480x320.webp 480w\" sizes=\"(min-width: 0px) and (max-width: 480px) 480px, (min-width: 481px) 900px, 100vw\" \/><\/p>\n<h2>Kard\u00e1ntengelyek f\u0171ny\u00edr\u00f3 hajt\u00f3m\u0171h\u00f6z<\/h2>\n<p>A kard\u00e1ntengelyek (TLT) kulcsfontoss\u00e1g\u00fa alkatr\u00e9szek, amelyek \u00f6sszek\u00f6tik a traktor er\u0151\u00e1tviteli rendszer\u00e9t a sz\u00e1rz\u00faz\u00f3 sebess\u00e9gv\u00e1lt\u00f3j\u00e1val, \u00e9s mechanikai energi\u00e1t tov\u00e1bb\u00edtanak a f\u0171ny\u00edr\u00f3 k\u00e9sek m\u0171k\u00f6dtet\u00e9s\u00e9hez. A kard\u00e1ntengely a traktor motorja \u00e9s a sebess\u00e9gv\u00e1lt\u00f3 k\u00f6z\u00f6tti \u00f6sszek\u00f6t\u0151 kapocs, biztos\u00edtva, hogy a f\u0171ny\u00edr\u00f3 \u00e1lland\u00f3 \u00e9s megb\u00edzhat\u00f3 teljes\u00edtm\u00e9nyt kapjon a hat\u00e9kony m\u0171k\u00f6d\u00e9shez. \u00cdme a sz\u00e1rz\u00faz\u00f3 sebess\u00e9gv\u00e1lt\u00f3k kard\u00e1ntengelyeinek legfontosabb szempontjai:<\/p>\n<p><strong>Er\u0151\u00e1tvitel<\/strong><\/p>\n<p>A kard\u00e1ntengelyek felel\u0151sek a forg\u00f3er\u0151 \u00e1tvitel\u00e9\u00e9rt a traktor kard\u00e1ntengely\u00e9r\u0151l a sz\u00e1rz\u00faz\u00f3 hajt\u00f3m\u0171v\u00e9be. Ezek a tengelyek jellemz\u0151en mindk\u00e9t v\u00e9g\u00e9n univerz\u00e1lis csatlakoz\u00e1sokkal rendelkeznek, \u00edgy biztos\u00edtva a sima er\u0151\u00e1tvitelt m\u00e9g akkor is, ha a kard\u00e1ntengely nincs t\u00f6k\u00e9letesen egy vonalban a hajt\u00f3m\u0171vel. A kard\u00e1ntengely k\u00f6zvetlen\u00fcl a sz\u00e1rz\u00faz\u00f3 hajt\u00f3m\u0171v\u00e9nek bemenet\u00e9hez csatlakozik, biztos\u00edtva, hogy a hajt\u00f3m\u0171 a megfelel\u0151 teljes\u00edtm\u00e9nyt kapja a k\u00e9sek hat\u00e9kony forgat\u00e1s\u00e1hoz.<\/p>\n<p><strong>Nyomat\u00e9k- \u00e9s sebess\u00e9g\u00e1ll\u00edt\u00e1s<\/strong><\/p>\n<p>A sz\u00e1rz\u00faz\u00f3 hajt\u00f3m\u0171 kard\u00e1ntengely\u00e9nek k\u00e9pesnek kell lennie a hajt\u00f3m\u0171 \u00e1ltal megk\u00f6vetelt specifikus nyomat\u00e9k \u00e9s fordulatsz\u00e1m kezel\u00e9s\u00e9re. A hajt\u00f3m\u0171 bemen\u0151 tengelye fogadja a kard\u00e1ntengely forg\u00e1si teljes\u00edtm\u00e9ny\u00e9t, cs\u00f6kkentve a traktor magas fordulatsz\u00e1m\u00e1t (\u00e1ltal\u00e1ban 540 vagy 1000 fordulat\/perc) egy alacsonyabb, a kaszapeng\u00e9k sz\u00e1m\u00e1ra megfelel\u0151bb sebess\u00e9gre. Ez biztos\u00edtja, hogy a kaszapeng\u00e9k hat\u00e9kony v\u00e1g\u00e1si sebess\u00e9ggel m\u0171k\u00f6djenek a traktor motorj\u00e1nak t\u00falterhel\u00e9se n\u00e9lk\u00fcl.<\/p>\n<p><strong>Tart\u00f3ss\u00e1g \u00e9s szil\u00e1rds\u00e1g<\/strong><\/p>\n<p>A sz\u00e1rz\u00faz\u00f3 f\u0171ny\u00edr\u00f3k hajt\u00f3m\u0171veinek kard\u00e1ntengelyei nagy ig\u00e9nybev\u00e9telnek \u00e9s nagy nyomat\u00e9kterhel\u00e9snek vannak kit\u00e9ve. Ezek a tengelyek er\u0151s ac\u00e9lb\u00f3l vagy kiv\u00e1l\u00f3 min\u0151s\u00e9g\u0171 anyagokb\u00f3l k\u00e9sz\u00fclnek, amelyek k\u00e9pesek kezelni a folyamatos haszn\u00e1lattal j\u00e1r\u00f3 ig\u00e9nybev\u00e9teleket a neh\u00e9z mez\u0151gazdas\u00e1gi \u00e9s tereprendez\u00e9si k\u00f6rnyezetben. A tengelyeket jellemz\u0151en h\u0151kezelik a nagyobb tart\u00f3ss\u00e1g \u00e9rdek\u00e9ben, biztos\u00edtva, hogy hosszabb ideig tartsanak, m\u00e9g neh\u00e9z munkak\u00f6r\u00fclm\u00e9nyek k\u00f6z\u00f6tt is, p\u00e9ld\u00e1ul s\u0171r\u0171 f\u0171 vagy boz\u00f3t ny\u00edr\u00e1sa eset\u00e9n.<\/p>\n<p><strong>Biztons\u00e1gi funkci\u00f3k<\/strong><\/p>\n<p>A biztons\u00e1gos \u00fczemeltet\u00e9s \u00e9rdek\u00e9ben sz\u00e1mos kard\u00e1ntengely biztons\u00e1gi v\u00e9d\u0151burkolattal vagy v\u00e9d\u0151burkolattal van felszerelve, hogy megakad\u00e1lyozza a forg\u00f3 alkatr\u00e9szekkel val\u00f3 v\u00e9letlen \u00e9rintkez\u00e9st. A kard\u00e1ntengely-rendszerbe gyakran be\u00e9p\u00edtenek t\u00falterhel\u00e9s elleni v\u00e9d\u0151berendez\u00e9seket, p\u00e9ld\u00e1ul ny\u00edr\u00f3csavarokat vagy nyomat\u00e9khat\u00e1rol\u00f3kat. Ezek a mechanizmusok v\u00e9dik mind a traktort, mind a sz\u00e1rz\u00faz\u00f3 hajt\u00f3m\u0171v\u00e9t a s\u00e9r\u00fcl\u00e9sekt\u0151l elakad\u00e1s vagy t\u00falzott terhel\u00e9s eset\u00e9n m\u0171k\u00f6d\u00e9s k\u00f6zben.<\/p>\n<p><strong>K\u00f6nny\u0171 telep\u00edt\u00e9s \u00e9s karbantart\u00e1s<\/strong><\/p>\n<p>A kard\u00e1ntengelyeket k\u00f6nny\u0171 csatlakoztatni \u00e9s lev\u00e1lasztani, jellemz\u0151en gyorskiold\u00f3 mechanizmusokkal vagy teleszk\u00f3pos r\u00e9szekkel, amelyek a sz\u00fcks\u00e9ges hossz\u00fas\u00e1gra \u00e1ll\u00edthat\u00f3k. Ez a rugalmass\u00e1g lehet\u0151v\u00e9 teszi a k\u00f6nny\u0171 be\u00e1ll\u00edt\u00e1st a k\u00fcl\u00f6nb\u00f6z\u0151 traktormodellekhez \u00e9s f\u0171ny\u00edr\u00f3-konfigur\u00e1ci\u00f3khoz. A rendszeres karbantart\u00e1s, p\u00e9ld\u00e1ul az univerz\u00e1lis csatlakoz\u00e1sok ken\u00e9s\u00e9nek biztos\u00edt\u00e1sa, valamint a kop\u00e1s vagy s\u00e9r\u00fcl\u00e9s ellen\u0151rz\u00e9se, seg\u00edt meghosszabb\u00edtani a kard\u00e1ntengely \u00e9lettartam\u00e1t \u00e9s fenntartani a z\u00f6kken\u0151mentes m\u0171k\u00f6d\u00e9st.<\/p>\n<p>A sz\u00e1rz\u00faz\u00f3 hajt\u00f3m\u0171 kard\u00e1ntengelye szerves szerepet j\u00e1tszik a traktor kard\u00e1ntengely\u00e9r\u0151l a hajt\u00f3m\u0171re t\u00f6rt\u00e9n\u0151 er\u0151\u00e1tvitelben. A tart\u00f3ss\u00e1g, a biztons\u00e1gi mechanizmusok \u00e9s a rugalmas be\u00e1ll\u00edt\u00e1si lehet\u0151s\u00e9gek biztos\u00edtj\u00e1k a sz\u00e1rz\u00faz\u00f3 hat\u00e9kony \u00e9s biztons\u00e1gos m\u0171k\u00f6d\u00e9s\u00e9t. A megfelel\u0151 karbantart\u00e1s, valamint a traktorhoz \u00e9s a f\u0171ny\u00edr\u00f3 hajt\u00f3m\u0171v\u00e9hez ill\u0151 tengely gondos kiv\u00e1laszt\u00e1sa seg\u00edt optimaliz\u00e1lni a teljes\u00edtm\u00e9nyt \u00e9s meghosszabb\u00edtani a berendez\u00e9s \u00e9lettartam\u00e1t. Ak\u00e1r rendszeres f\u0171ny\u00edr\u00e1sr\u00f3l, ak\u00e1r ig\u00e9nyesebb boz\u00f3tv\u00e1g\u00e1si feladatokr\u00f3l van sz\u00f3, a kard\u00e1ntengelyek elengedhetetlenek ahhoz, hogy a sz\u00e1rz\u00faz\u00f3 megb\u00edzhat\u00f3an m\u0171k\u00f6dj\u00f6n a k\u00fcl\u00f6nf\u00e9le alkalmaz\u00e1sokban.<\/p>\n<p><img loading=\"lazy\" decoding=\"async\" class=\"alignnone  wp-image-2365\" src=\"https:\/\/fmp-components.com\/wp-content\/uploads\/2025\/01\/pto-shaft-for-flail-mower-gearbox1.webp\" alt=\"kard\u00e1ntengely-sz\u00e1rz\u00faz\u00f3-hajt\u00f3m\u0171h\u00f6z(1)\" width=\"1016\" height=\"518\" title=\"\" srcset=\"https:\/\/fmp-components.com\/wp-content\/uploads\/2025\/01\/pto-shaft-for-flail-mower-gearbox1.webp 1016w, https:\/\/fmp-components.com\/wp-content\/uploads\/2025\/01\/pto-shaft-for-flail-mower-gearbox1-480x245.webp 480w\" sizes=\"(min-width: 0px) and (max-width: 480px) 480px, (min-width: 481px) 1016px, 100vw\" \/><\/p>\n<h3>Az FMP-r\u0151l<\/h3>\n<p>Az olaszorsz\u00e1gi sz\u00e9khely\u0171 FMP vezet\u0151 gy\u00e1rt\u00f3, amely a nagy teljes\u00edtm\u00e9ny\u0171 sebess\u00e9gv\u00e1lt\u00f3k tervez\u00e9s\u00e9ben, fejleszt\u00e9s\u00e9ben \u00e9s gy\u00e1rt\u00e1s\u00e1ban szerzett szak\u00e9rtelm\u00e9r\u0151l ismert, k\u00fcl\u00f6n\u00f6s tekintettel a mez\u0151gazdas\u00e1gi g\u00e9piparra. A prec\u00edzi\u00f3s m\u00e9rn\u00f6ki munka, az innovat\u00edv megold\u00e1sok \u00e9s a rend\u00edthetetlen megb\u00edzhat\u00f3s\u00e1g r\u00e9v\u00e9n az FMP megb\u00edzhat\u00f3 partnerr\u00e9 v\u00e1lt mind a mez\u0151gazdas\u00e1gi, mind az ipari szektor v\u00e1ltoz\u00f3 ig\u00e9nyeinek kiel\u00e9g\u00edt\u00e9s\u00e9ben. Soksz\u00edn\u0171 term\u00e9kk\u00edn\u00e1latunkban megtal\u00e1lhat\u00f3k a f\u0171ny\u00edr\u00f3khoz val\u00f3 speci\u00e1lis sebess\u00e9gv\u00e1lt\u00f3k, kard\u00e1ntengelyek \u00e9s egy\u00e9b alapvet\u0151 alkatr\u00e9szek, amelyek mindegyik\u00e9t apr\u00f3l\u00e9kosan \u00fagy tervezt\u00fck, hogy sz\u00e9les k\u00f6r\u0171 alkalmaz\u00e1si ter\u00fcleteken k\u00edn\u00e1ljon egyedi megold\u00e1sokat.<\/p>\n<p>Az FMP-n\u00e9l meg\u00e9rtj\u00fck, hogy minden \u00fcgyf\u00e9lnek egyedi ig\u00e9nyei \u00e9s kih\u00edv\u00e1sai vannak. Ez\u00e9rt specializ\u00e1l\u00f3dtunk a szem\u00e9lyre szabott megold\u00e1sok k\u00edn\u00e1lat\u00e1ra, legyen sz\u00f3 ak\u00e1r egyedi komponensekr\u0151l, ak\u00e1r teljesen integr\u00e1lt rendszerekr\u0151l. Szorosan egy\u00fcttm\u0171k\u00f6d\u00fcnk \u00fcgyfeleinkkel annak \u00e9rdek\u00e9ben, hogy minden megold\u00e1s ne csak hat\u00e9kony, hanem eredm\u00e9nyes is legyen, optimaliz\u00e1lva a teljes\u00edtm\u00e9nyt \u00e9s az \u00e9rt\u00e9ket. Elk\u00f6telezettek vagyunk a gyors, professzion\u00e1lis v\u00e1laszok \u00e9s a szak\u00e9rt\u0151i \u00fatmutat\u00e1s ir\u00e1nt, \u00edgy minden megkeres\u00e9st a lehet\u0151 legnagyobb gondoss\u00e1ggal \u00e9s precizit\u00e1ssal kezel\u00fcnk, ami a lehet\u0151 legjobb eredm\u00e9nyekhez vezet.<\/p>\n<p>A teljes term\u00e9kfejleszt\u00e9si folyamat sor\u00e1n a ny\u00edlt \u00e9s folyamatos kommunik\u00e1ci\u00f3t helyezz\u00fck el\u0151t\u00e9rbe. Elk\u00f6telezett csapatunk k\u00f6zvetlen\u00fcl az \u00fcgyfelekkel dolgozik, hogy teljes m\u00e9rt\u00e9kben meg\u00e9rtse egyedi ig\u00e9nyeiket, \u00e9rt\u00e9kes betekint\u00e9st \u00e9s aj\u00e1nl\u00e1sokat k\u00edn\u00e1lva az optim\u00e1lis megold\u00e1sok biztos\u00edt\u00e1sa \u00e9rdek\u00e9ben. Ak\u00e1r innovat\u00edv term\u00e9keket tervez, ak\u00e1r folyamatos megrendel\u00e9seket teljes\u00edt, az FMP elk\u00f6telezett amellett, hogy minden alkalommal kiv\u00e1l\u00f3 min\u0151s\u00e9g\u0171, prec\u00edzi\u00f3san megtervezett megold\u00e1sokat sz\u00e1ll\u00edtson id\u0151ben. C\u00e9lunk, hogy \u00fcgyfeleink sz\u00e1m\u00e1ra a legjobb szolg\u00e1ltat\u00e1st \u00e9s eredm\u00e9nyeket ny\u00fajtsuk, minden projekttel fel\u00fclm\u00falva az elv\u00e1r\u00e1sokat.<\/p>\n<p>A min\u0151s\u00e9g az FMP m\u0171k\u00f6d\u00e9s\u00e9nek sarokk\u00f6ve. A legmagasabb gy\u00e1rt\u00e1si szabv\u00e1nyokat tartjuk be, szigor\u00fa min\u0151s\u00e9gellen\u0151rz\u00e9si int\u00e9zked\u00e9seket alkalmazva annak biztos\u00edt\u00e1s\u00e1ra, hogy minden term\u00e9k ne csak megfeleljen, hanem meghaladja az ipar\u00e1gi szabv\u00e1nyokat. Ez a min\u0151s\u00e9g ir\u00e1nti rend\u00edthetetlen elk\u00f6telezetts\u00e9g, valamint az integrit\u00e1s, a csapatmunka \u00e9s a kitart\u00e1s alapvet\u0151 \u00e9rt\u00e9kei lehet\u0151v\u00e9 tett\u00e9k sz\u00e1munkra, hogy hossz\u00fa t\u00e1v\u00fa, bizalmon alapul\u00f3 kapcsolatokat \u00e9p\u00edts\u00fcnk ki \u00fcgyfeleinkkel vil\u00e1gszerte k\u00f6zel 30 orsz\u00e1gban.<\/p>\n<p>Az FMP mindig nyitott a glob\u00e1lis partners\u00e9gek \u00e1pol\u00e1s\u00e1ra, \u00e9s tov\u00e1bbra is elk\u00f6telezett amellett, hogy szak\u00e9rt\u0151i tan\u00e1csokat \u00e9s szem\u00e9lyre szabott megold\u00e1sokat k\u00edn\u00e1ljon, amelyek megfelelnek \u00fcgyfeleink sokr\u00e9t\u0171 ig\u00e9nyeinek. Nemcsak term\u00e9keket sz\u00e1ll\u00edtunk; olyan tart\u00f3s kapcsolatok ki\u00e9p\u00edt\u00e9s\u00e9re t\u00f6reksz\u00fcnk, amelyek hozz\u00e1j\u00e1rulnak minden projekt siker\u00e9hez. Ak\u00e1r innovat\u00edv megold\u00e1sokra van sz\u00fcks\u00e9ge egy \u00faj kezdem\u00e9nyez\u00e9shez, ak\u00e1r folyamatos t\u00e1mogat\u00e1sra egy megl\u00e9v\u0151 rendszerhez, az FMP itt van, hogy megoldja a technikai kih\u00edv\u00e1sokat \u00e9s biztos\u00edtsa a folyamatos sikert.<\/p>\n<p><img loading=\"lazy\" decoding=\"async\" class=\"alignnone size-full wp-image-1861\" src=\"https:\/\/fmp-components.com\/wp-content\/uploads\/2024\/12\/Other-Agricultural-Gearboxes.webp\" sizes=\"(min-width: 0px) and (max-width: 480px) 480px, (min-width: 481px) and (max-width: 980px) 980px, (min-width: 981px) 1200px, 100vw\" srcset=\"https:\/\/fmp-components.com\/wp-content\/uploads\/2024\/12\/Other-Agricultural-Gearboxes.webp 1200w, https:\/\/fmp-components.com\/wp-content\/uploads\/2024\/12\/Other-Agricultural-Gearboxes-980x1143.webp 980w, https:\/\/fmp-components.com\/wp-content\/uploads\/2024\/12\/Other-Agricultural-Gearboxes-480x560.webp 480w\" alt=\"Altri-cambi-agricoli\" width=\"1200\" height=\"1400\" title=\"\"><\/p>\n<p>Szerz\u0151: CX<\/p>","protected":false},"excerpt":{"rendered":"<p>Specifications of Flail Mower Gearboxes TL281E i 2.91\/1.85 N1[rpm] 540 P1[kW] 8.1-14.7 M2[Nm] 48-136 Shaft X\u00a0 1&#8221; 3\/8 Z6 Shaft Z \u03a625\/\u03a630 Input X Characteristics of Flail Mower Gearbox The flail mower gearbox is a critical component that plays a vital role in converting the tractor&#8217;s PTO (Power Take-Off) power into usable energy for the [&hellip;]<\/p>","protected":false},"featured_media":2366,"comment_status":"open","ping_status":"closed","template":"","meta":{"_et_pb_use_builder":"","_et_pb_old_content":"","_et_gb_content_width":""},"product_brand":[],"product_cat":[58],"product_tag":[],"class_list":{"0":"post-2358","1":"product","2":"type-product","3":"status-publish","4":"has-post-thumbnail","6":"product_cat-flail-mower-gearbox","8":"first","9":"instock","10":"shipping-taxable","11":"product-type-simple"},"_links":{"self":[{"href":"https:\/\/fmp-components.com\/hu\/wp-json\/wp\/v2\/product\/2358","targetHints":{"allow":["GET"]}}],"collection":[{"href":"https:\/\/fmp-components.com\/hu\/wp-json\/wp\/v2\/product"}],"about":[{"href":"https:\/\/fmp-components.com\/hu\/wp-json\/wp\/v2\/types\/product"}],"replies":[{"embeddable":true,"href":"https:\/\/fmp-components.com\/hu\/wp-json\/wp\/v2\/comments?post=2358"}],"wp:featuredmedia":[{"embeddable":true,"href":"https:\/\/fmp-components.com\/hu\/wp-json\/wp\/v2\/media\/2366"}],"wp:attachment":[{"href":"https:\/\/fmp-components.com\/hu\/wp-json\/wp\/v2\/media?parent=2358"}],"wp:term":[{"taxonomy":"product_brand","embeddable":true,"href":"https:\/\/fmp-components.com\/hu\/wp-json\/wp\/v2\/product_brand?post=2358"},{"taxonomy":"product_cat","embeddable":true,"href":"https:\/\/fmp-components.com\/hu\/wp-json\/wp\/v2\/product_cat?post=2358"},{"taxonomy":"product_tag","embeddable":true,"href":"https:\/\/fmp-components.com\/hu\/wp-json\/wp\/v2\/product_tag?post=2358"}],"curies":[{"name":"munkaf\u00fczet","href":"https:\/\/api.w.org\/{rel}","templated":true}]}}