{"id":2297,"date":"2024-12-31T06:50:02","date_gmt":"2024-12-31T06:50:02","guid":{"rendered":"https:\/\/fmp-components.com\/?page_id=8"},"modified":"2024-12-31T07:35:56","modified_gmt":"2024-12-31T07:35:56","slug":"irrigation-reels-gearboxes-replacement-of-comer-code-a-4a","status":"publish","type":"product","link":"https:\/\/fmp-components.com\/hu\/product\/irrigation-reels-gearboxes-replacement-of-comer-code-a-4a\/","title":{"rendered":"\u00d6nt\u00f6z\u0151ors\u00f3k hajt\u00f3m\u0171vei \u2013 Az A-4A Comer k\u00f3d cser\u00e9je"},"content":{"rendered":"<h2 style=\"text-align: center;\">\u00d6nt\u00f6z\u0151ors\u00f3k hajt\u00f3m\u0171vei \u2013 Az A-4A Comer k\u00f3d cser\u00e9je<\/h2>\n<p>Az \u00f6nt\u00f6z\u0151ors\u00f3k sebess\u00e9gv\u00e1lt\u00f3ja \u2013 a Comer Code A-4A v\u00e1lt\u00f3 cser\u00e9je \u2013 egy nagy teljes\u00edtm\u00e9ny\u0171, tart\u00f3s sebess\u00e9gv\u00e1lt\u00f3, amelyet a Comer Code A-4A sebess\u00e9gv\u00e1lt\u00f3 cser\u00e9j\u00e9re terveztek \u00f6nt\u00f6z\u0151ors\u00f3-rendszerekben. Ez a cseresebess\u00e9gv\u00e1lt\u00f3 megb\u00edzhat\u00f3 er\u0151\u00e1tvitelt \u00e9s fokozott hat\u00e9konys\u00e1got biztos\u00edt a k\u00fcl\u00f6nf\u00e9le mez\u0151gazdas\u00e1gi \u00f6nt\u00f6z\u00e9si alkalmaz\u00e1sokhoz, biztos\u00edtva az \u00f6nt\u00f6z\u0151ors\u00f3k k\u00f6vetkezetes m\u0171k\u00f6d\u00e9s\u00e9t. Ak\u00e1r nagym\u00e9ret\u0171 mez\u0151gazdas\u00e1gi ter\u00fcleteken, ak\u00e1r tereprendez\u00e9si projektekben haszn\u00e1lj\u00e1k, ez a sebess\u00e9gv\u00e1lt\u00f3 optim\u00e1lis v\u00edzeloszt\u00e1st \u00e9s minim\u00e1lis \u00e1ll\u00e1sid\u0151t biztos\u00edt, hozz\u00e1j\u00e1rulva a jobb \u00f6nt\u00f6z\u00e9sgazd\u00e1lkod\u00e1shoz.<\/p>\n<p><img loading=\"lazy\" decoding=\"async\" class=\"size-full wp-image-2300 aligncenter\" src=\"https:\/\/fmp-components.com\/wp-content\/uploads\/2024\/12\/irrigation-gearbox-1.webp\" alt=\"\u00f6nt\u00f6z\u0151rendszer-hajt\u00f3m\u0171\" width=\"500\" height=\"500\" title=\"\" srcset=\"https:\/\/fmp-components.com\/wp-content\/uploads\/2024\/12\/irrigation-gearbox-1.webp 500w, https:\/\/fmp-components.com\/wp-content\/uploads\/2024\/12\/irrigation-gearbox-1-480x480.webp 480w\" sizes=\"(min-width: 0px) and (max-width: 480px) 480px, (min-width: 481px) 500px, 100vw\" \/><\/p>\n<h3>F\u0151bb jellemz\u0151k:<\/h3>\n<ol>\n<li>Nagy teljes\u00edtm\u00e9ny\u0171 kapacit\u00e1s<br \/>\nA Comer Code A-4A v\u00e1lt\u00f3m\u0171v\u00e9nek nagy teljes\u00edtm\u00e9ny lead\u00e1s\u00e1ra tervezt\u00e9k, biztos\u00edtva az \u00f6nt\u00f6z\u0151rendszer hat\u00e9kony m\u0171k\u00f6d\u00e9s\u00e9t. Jelent\u0151s nyomat\u00e9k\u00e1nak \u00e9s teljes\u00edtm\u00e9ny\u00e9nek k\u00f6sz\u00f6nhet\u0151en ez a v\u00e1lt\u00f3m\u0171 j\u00f3l megfelel az \u00f6nt\u00f6z\u0151rendszerek ig\u00e9nyes ig\u00e9nyeinek, \u00edgy ide\u00e1lis a robusztus teljes\u00edtm\u00e9nyt ig\u00e9nyl\u0151 mez\u0151gazdas\u00e1gi m\u0171veletekhez.<\/li>\n<li>Tart\u00f3s konstrukci\u00f3<br \/>\nA kiv\u00e1l\u00f3 min\u0151s\u00e9g\u0171 anyagokb\u00f3l k\u00e9sz\u00fclt csere sebess\u00e9gv\u00e1lt\u00f3t hossz\u00fa t\u00e1v\u00fa tart\u00f3ss\u00e1gra \u00e9s kop\u00e1s\u00e1ll\u00f3s\u00e1gra tervezt\u00e9k. Strapab\u00edr\u00f3 konstrukci\u00f3ja megb\u00edzhat\u00f3 teljes\u00edtm\u00e9nyt biztos\u00edt m\u00e9g zord id\u0151j\u00e1r\u00e1si k\u00f6r\u00fclm\u00e9nyek k\u00f6z\u00f6tt \u00e9s ig\u00e9nyes k\u00f6rnyezetben is, biztos\u00edtva, hogy a sebess\u00e9gv\u00e1lt\u00f3 ellen\u00e1lljon az \u00f6nt\u00f6z\u0151rendszerekben a folyamatos m\u0171k\u00f6d\u00e9s terhel\u00e9s\u00e9nek.<\/li>\n<li>Hat\u00e9kony er\u0151\u00e1tvitel<br \/>\nA sebess\u00e9gv\u00e1lt\u00f3 \u00fagy van kialak\u00edtva, hogy sima \u00e9s hat\u00e9kony er\u0151\u00e1tvitelt biztos\u00edtson a meghajt\u00f3motort\u00f3l az \u00f6nt\u00f6z\u0151ors\u00f3ig. Optim\u00e1lis sebess\u00e9gcs\u00f6kkent\u00e9st \u00e9s nyomat\u00e9kn\u00f6vel\u00e9st biztos\u00edt, lehet\u0151v\u00e9 t\u00e9ve az \u00f6nt\u00f6z\u0151ors\u00f3 \u00e1lland\u00f3 sebess\u00e9ggel \u00e9s szab\u00e1lyozotts\u00e1ggal t\u00f6rt\u00e9n\u0151 mozg\u00e1s\u00e1t. Ez a prec\u00edz er\u0151\u00e1tvitel minimaliz\u00e1lja az energiavesztes\u00e9get \u00e9s jav\u00edtja az \u00e1ltal\u00e1nos hat\u00e9konys\u00e1got, cs\u00f6kkentve az \u00fczemeltet\u00e9si k\u00f6lts\u00e9geket.<\/li>\n<\/ol>\n<p>Az \u00f6nt\u00f6z\u0151ors\u00f3k hajt\u00f3m\u0171ve \u2013 az A-4A t\u00edpus\u00fa Comer hajt\u00f3m\u0171 cser\u00e9je \u2013 egy robusztus, hat\u00e9kony \u00e9s megb\u00edzhat\u00f3 megold\u00e1s \u00f6nt\u00f6z\u0151ors\u00f3s rendszerekhez. Nagy teljes\u00edtm\u00e9nykapacit\u00e1s\u00e1val, tart\u00f3s konstrukci\u00f3j\u00e1val \u00e9s alacsony karbantart\u00e1si ig\u00e9nyeivel ez a hajt\u00f3m\u0171 optim\u00e1lis teljes\u00edtm\u00e9nyt biztos\u00edt mez\u0151gazdas\u00e1gi, tereprendez\u00e9si \u00e9s kert\u00e9szeti alkalmaz\u00e1sokhoz. Az egyszer\u0171 telep\u00edt\u00e9s \u00e9s a megl\u00e9v\u0151 rendszerekkel val\u00f3 kompatibilit\u00e1s ide\u00e1lis cserelehet\u0151s\u00e9get k\u00edn\u00e1l, cs\u00f6kkentve az \u00e1ll\u00e1sid\u0151t \u00e9s jav\u00edtva az \u00f6nt\u00f6z\u00e9s hat\u00e9konys\u00e1g\u00e1t.<\/p>\n<h2 class=\"et_pb_module_header\">\u00d6nt\u00f6z\u0151ors\u00f3k hajt\u00f3m\u0171vei \u2013 Az A-4A Comer k\u00f3d cser\u00e9je<\/h2>\n<table style=\"width: 100%;\" border=\"1\" width=\"100%\" cellspacing=\"0\" cellpadding=\"0\">\n<tbody>\n<tr>\n<th>Le\u00edr\u00e1s<\/th>\n<td>\u00d6nt\u00f6z\u0151ors\u00f3k hajt\u00f3m\u0171vei \u2013 Az A-4A Comer k\u00f3d cser\u00e9je<\/td>\n<\/tr>\n<tr>\n<th>Alkalmaz\u00e1s<\/th>\n<td>K\u00fcl\u00f6nb\u00f6z\u0151 (mez\u0151gazdas\u00e1gi) alkalmaz\u00e1sok<\/td>\n<\/tr>\n<tr>\n<th>Tartalmaz<\/th>\n<td>Sebess\u00e9gv\u00e1lt\u00f3<\/td>\n<\/tr>\n<tr>\n<th>Olaj n\u00e9lk\u00fcl<\/th>\n<td>M\u0171szaki inform\u00e1ci\u00f3k<\/td>\n<\/tr>\n<tr>\n<th><\/th>\n<td>Ha b\u00e1rmilyen k\u00e9rd\u00e9se van a k\u00fcl\u00f6nb\u00f6z\u0151 sebess\u00e9gek melletti teljes\u00edtm\u00e9nnyel kapcsolatban, k\u00e9rj\u00fck, ne habozzon kapcsolatba l\u00e9pni vel\u00fcnk.<\/td>\n<\/tr>\n<tr>\n<th><\/th>\n<td>Els\u0151 haszn\u00e1latkor 50 \u00fczem\u00f3ra ut\u00e1n cser\u00e9lje ki az olajat.<\/td>\n<\/tr>\n<tr>\n<th>Olajat tartalmaz<\/th>\n<td>Nem<\/td>\n<\/tr>\n<tr>\n<th>Max. olajkapacit\u00e1s<\/th>\n<td>1 liter<\/td>\n<\/tr>\n<tr>\n<th>Max. olajcsere-intervallum<\/th>\n<td>500 \u00f3ra<\/td>\n<\/tr>\n<tr>\n<th>Olaj SAE viszkozit\u00e1si fokozat<\/th>\n<td>80W-90<\/td>\n<\/tr>\n<tr>\n<th>H\u00e1z anyaga<\/th>\n<td>\u00d6nt\u00f6ttvas GG25<\/td>\n<\/tr>\n<tr>\n<th>S\u00faly<\/th>\n<td>41 kg<\/td>\n<\/tr>\n<tr>\n<th>Fogasker\u00e9k-elrendez\u00e9s n\u00f6vel\u00e9se<\/th>\n<td>46 &#8211; 47<\/td>\n<\/tr>\n<tr>\n<th>Fogasker\u00e9k-elrendez\u00e9s cs\u00f6kkent\u00e9se<\/th>\n<td>57 &#8211; 58<\/td>\n<\/tr>\n<tr>\n<th>Bemeneti teljes\u00edtm\u00e9ny kW \/ LE n\u00f6vekv\u0151<\/th>\n<td>56,7 \/ 77 kW\/LE<\/td>\n<\/tr>\n<tr>\n<th>Bemeneti tengely n\u00f6vel\u00e9se<\/th>\n<td>X<\/td>\n<\/tr>\n<tr>\n<th>Bemeneti tengely cs\u00f6kkent\u00e9se<\/th>\n<td>Y<\/td>\n<\/tr>\n<tr>\n<th>Bemeneti teljes\u00edtm\u00e9ny kW \/ LE Cs\u00f6kkent\u0151<\/th>\n<td>15,8 \/ 21,5 kW\/LE<\/td>\n<\/tr>\n<tr>\n<th>Kimeneti nyomat\u00e9k DaNm n\u00f6vekv\u0151<\/th>\n<td>24,2 daNm<\/td>\n<\/tr>\n<tr>\n<th>Ar\u00e1ny n\u00f6vel\u00e9se<\/th>\n<td>1 : 4<\/td>\n<\/tr>\n<tr>\n<th>Ar\u00e1nycs\u00f6kkent\u00e9s<\/th>\n<td>4 : 1<\/td>\n<\/tr>\n<tr>\n<th>X tengely<\/th>\n<td>1 3\/8\u2033 (6) (A)<\/td>\n<\/tr>\n<tr>\n<th>Y-tengely<\/th>\n<td>35 (C)<\/td>\n<\/tr>\n<\/tbody>\n<\/table>\n<h2 class=\"et_pb_module_header\">\u00d6nt\u00f6z\u0151ors\u00f3k hajt\u00f3m\u0171vei \u2013 A-4A sarokk\u00f3d cser\u00e9je 1:1<\/h2>\n<table style=\"width: 100%;\" border=\"1\" width=\"100%\" cellspacing=\"0\" cellpadding=\"0\">\n<tbody>\n<tr>\n<th>Le\u00edr\u00e1s<\/th>\n<td>\u00d6nt\u00f6z\u0151ors\u00f3k hajt\u00f3m\u0171vei \u2013 A-4A sarokk\u00f3d cser\u00e9je 1:1<\/td>\n<\/tr>\n<tr>\n<th>Alkalmaz\u00e1s<\/th>\n<td>K\u00fcl\u00f6nb\u00f6z\u0151 (mez\u0151gazdas\u00e1gi) alkalmaz\u00e1sok<\/td>\n<\/tr>\n<tr>\n<th>Tartalmaz<\/th>\n<td>Sebess\u00e9gv\u00e1lt\u00f3<\/td>\n<\/tr>\n<tr>\n<th>Olaj n\u00e9lk\u00fcl<\/th>\n<td>\u00d6nt\u00f6z\u0151ors\u00f3k sebess\u00e9gv\u00e1lt\u00f3i<\/td>\n<\/tr>\n<tr>\n<th>M\u0171szaki inform\u00e1ci\u00f3k<\/th>\n<td>Ha b\u00e1rmilyen k\u00e9rd\u00e9se van a k\u00fcl\u00f6nb\u00f6z\u0151 sebess\u00e9gek melletti teljes\u00edtm\u00e9nnyel kapcsolatban, k\u00e9rj\u00fck, ne habozzon kapcsolatba l\u00e9pni vel\u00fcnk.<\/td>\n<\/tr>\n<tr>\n<th><\/th>\n<td>Els\u0151 haszn\u00e1latkor 50 \u00fczem\u00f3ra ut\u00e1n cser\u00e9lje ki az olajat.<\/td>\n<\/tr>\n<tr>\n<th>Max. bemeneti teljes\u00edtm\u00e9ny<\/th>\n<td>62,6 kW<\/td>\n<\/tr>\n<tr>\n<th>Max. kimeneti nyomat\u00e9k<\/th>\n<td>1071 Nm<\/td>\n<\/tr>\n<tr>\n<th>Olajat tartalmaz<\/th>\n<td>Nem<\/td>\n<\/tr>\n<tr>\n<th>Max. olajkapacit\u00e1s<\/th>\n<td>1 liter<\/td>\n<\/tr>\n<tr>\n<th>Max. olajcsere-intervallum<\/th>\n<td>500 \u00f3ra<\/td>\n<\/tr>\n<tr>\n<th>Olaj SAE viszkozit\u00e1si fokozat<\/th>\n<td>80W-90<\/td>\n<\/tr>\n<tr>\n<th>H\u00e1z anyaga<\/th>\n<td>\u00d6nt\u00f6ttvas GG25<\/td>\n<\/tr>\n<tr>\n<th>S\u00faly<\/th>\n<td>41 kg<\/td>\n<\/tr>\n<tr>\n<th>Fogasker\u00e9k-elrendez\u00e9s<\/th>\n<td>51 &#8211; 52<\/td>\n<\/tr>\n<tr>\n<th>H\u00e1nyados<\/th>\n<td>1 : 1<\/td>\n<\/tr>\n<tr>\n<th>Bemeneti tengely<\/th>\n<td>Y<\/td>\n<\/tr>\n<tr>\n<th>X tengely<\/th>\n<td>1 3\/8\u2033 (6) (A)<\/td>\n<\/tr>\n<tr>\n<th>Y-tengely<\/th>\n<td>1 3\/8\u2033 (6) (B)<\/td>\n<\/tr>\n<\/tbody>\n<\/table>\n<h2>Az \u00f6nt\u00f6z\u0151ors\u00f3k sebess\u00e9gv\u00e1lt\u00f3inak jellemz\u0151i<\/h2>\n<p>Az \u00f6nt\u00f6z\u0151ors\u00f3k sebess\u00e9gv\u00e1lt\u00f3i elengedhetetlen alkatr\u00e9szek a modern \u00f6nt\u00f6z\u0151rendszerekben, amelyeket arra terveztek, hogy a traktor teljes\u00edtm\u00e9nylead\u00f3 tengely\u00e9nek (TLT) erej\u00e9t az \u00f6nt\u00f6z\u0151t\u00f6ml\u0151k felteker\u00e9s\u00e9hez vagy leteker\u00e9s\u00e9hez sz\u00fcks\u00e9ges forg\u00f3mozg\u00e1ss\u00e1 alak\u00edts\u00e1k. Ezek a sebess\u00e9gv\u00e1lt\u00f3k biztos\u00edtj\u00e1k a hat\u00e9kony m\u0171k\u00f6d\u00e9st, a tart\u00f3ss\u00e1got \u00e9s a sima er\u0151\u00e1tvitelt, lehet\u0151v\u00e9 t\u00e9ve a megb\u00edzhat\u00f3 \u00f6nt\u00f6z\u00e9st mez\u0151gazdas\u00e1gi \u00e9s tereprendez\u00e9si alkalmaz\u00e1sokban. Az al\u00e1bbiakban az \u00f6nt\u00f6z\u0151ors\u00f3k sebess\u00e9gv\u00e1lt\u00f3inak n\u00e9h\u00e1ny f\u0151bb jellemz\u0151j\u00e9t ismertetj\u00fck:<\/p>\n<p><strong>Nagy nyomat\u00e9kkapacit\u00e1s<\/strong><\/p>\n<p>Az \u00f6nt\u00f6z\u0151hengerek sebess\u00e9gv\u00e1lt\u00f3it nagy nyomat\u00e9k kezel\u00e9s\u00e9re tervezt\u00e9k, \u00edgy biztos\u00edtva a hat\u00e9kony m\u0171k\u00f6d\u00e9st m\u00e9g nagy terhel\u00e9s mellett is. \u00dagy tervezt\u00e9k \u0151ket, hogy a sz\u00fcks\u00e9ges forg\u00e1si teljes\u00edtm\u00e9nyt a teljes\u00edtm\u00e9nylead\u00f3 tengelyr\u0151l az \u00f6nt\u00f6z\u0151hengerre tov\u00e1bb\u00edts\u00e1k, lehet\u0151v\u00e9 t\u00e9ve az \u00f6nt\u00f6z\u0151t\u00f6ml\u0151k sima, fesz\u00fclts\u00e9gmentes fel- \u00e9s leteker\u00e9s\u00e9t. A nagy nyomat\u00e9kkapacit\u00e1s alkalmass\u00e1 teszi \u0151ket nagym\u00e9ret\u0171 \u00f6nt\u00f6z\u00e9si m\u0171veletekhez, mivel jelent\u0151s munkaterhel\u00e9st is k\u00e9pesek meghib\u00e1sod\u00e1s n\u00e9lk\u00fcl kezelni.<\/p>\n<p><strong>Tart\u00f3s konstrukci\u00f3<\/strong><\/p>\n<p>Az \u00f6nt\u00f6z\u0151ors\u00f3k sebess\u00e9gv\u00e1lt\u00f3i kiv\u00e1l\u00f3 min\u0151s\u00e9g\u0171, korr\u00f3zi\u00f3\u00e1ll\u00f3 anyagokb\u00f3l, p\u00e9ld\u00e1ul edzett ac\u00e9lb\u00f3l \u00e9s kezelt \u00f6tv\u00f6zetekb\u0151l k\u00e9sz\u00fclnek, hogy ellen\u00e1lljanak a k\u00fclt\u00e9ri k\u00f6rnyezet zord k\u00f6r\u00fclm\u00e9nyeinek. Ezek az anyagok biztos\u00edtj\u00e1k, hogy a sebess\u00e9gv\u00e1lt\u00f3 id\u0151vel tart\u00f3s maradjon, ellen\u00e1lljon a kop\u00e1snak, a rozsd\u00e1nak, valamint a nedvess\u00e9g, a szennyez\u0151d\u00e9s \u00e9s a mez\u0151gazdas\u00e1gi vegyszerek okozta k\u00e1roknak. Ez a tart\u00f3ss\u00e1g meghosszabb\u00edtja a sebess\u00e9gv\u00e1lt\u00f3 \u00e9lettartam\u00e1t, cs\u00f6kkentve a karbantart\u00e1si \u00e9s cserek\u00f6lts\u00e9geket.<\/p>\n<p><strong>Hat\u00e9kony er\u0151\u00e1tvitel<\/strong><\/p>\n<p>A sebess\u00e9gv\u00e1lt\u00f3t \u00fagy tervezt\u00e9k, hogy hat\u00e9konyan vigye \u00e1t az er\u0151t a traktor TLT-j\u00e9r\u0151l az \u00f6nt\u00f6z\u0151ors\u00f3ra. A megfelel\u0151 sebess\u00e9gcs\u00f6kkent\u00e9ssel \u00e9s nyomat\u00e9kn\u00f6vel\u00e9ssel biztos\u00edtja, hogy az ors\u00f3 a megfelel\u0151 sebess\u00e9ggel m\u0171k\u00f6dj\u00f6n az optim\u00e1lis \u00f6nt\u00f6z\u00e9si teljes\u00edtm\u00e9ny \u00e9rdek\u00e9ben. Ez a prec\u00edz er\u0151\u00e1tvitel minimaliz\u00e1lja az energiavesztes\u00e9get, jav\u00edtja a hat\u00e9konys\u00e1got, \u00e9s lehet\u0151v\u00e9 teszi a rendszer \u00e1lland\u00f3 sebess\u00e9g\u0171 m\u0171k\u00f6d\u00e9s\u00e9t, biztos\u00edtva az egyenletes \u00e9s hat\u00e9kony v\u00edzeloszt\u00e1st.<\/p>\n<p><strong>Alacsony karbantart\u00e1si ig\u00e9ny<\/strong><\/p>\n<p>Az \u00f6nt\u00f6z\u0151ors\u00f3k sebess\u00e9gv\u00e1lt\u00f3it minim\u00e1lis karbantart\u00e1st szem el\u0151tt tartva tervezt\u00e9k. \u00c1ltal\u00e1ban kiv\u00e1l\u00f3 min\u0151s\u00e9g\u0171 csap\u00e1gyakkal, t\u00f6m\u00edt\u00e9sekkel \u00e9s ken\u0151anyagokkal rendelkeznek, amelyek cs\u00f6kkentik a s\u00farl\u00f3d\u00e1st \u00e9s a kop\u00e1st, \u00edgy biztos\u00edtva a z\u00f6kken\u0151mentes m\u0171k\u00f6d\u00e9st az id\u0151 m\u00fal\u00e1s\u00e1val. A rendszeres ellen\u0151rz\u00e9sek \u00e9s az id\u0151szakos ken\u00e9s \u00e1ltal\u00e1ban elegend\u0151 ahhoz, hogy a sebess\u00e9gv\u00e1lt\u00f3 j\u00f3 \u00fczem\u00e1llapotban maradjon. Ez az alacsony karbantart\u00e1si ig\u00e9ny\u0171 kialak\u00edt\u00e1s seg\u00edt cs\u00f6kkenteni az \u00fczemi \u00e1ll\u00e1sid\u0151t \u00e9s cs\u00f6kkenti a teljes birtokl\u00e1si k\u00f6lts\u00e9get.<\/p>\n<p><strong>K\u00f6nny\u0171 telep\u00edt\u00e9s \u00e9s kompatibilit\u00e1s<\/strong><\/p>\n<p>Az \u00f6nt\u00f6z\u0151ors\u00f3k sebess\u00e9gv\u00e1lt\u00f3it \u00fagy tervezt\u00e9k, hogy k\u00f6nnyen telep\u00edthet\u0151k \u00e9s cser\u00e9lhet\u0151k legyenek, sz\u00e1mos modell univerz\u00e1lis r\u00f6gz\u00edt\u00e9si pontokkal rendelkezik, amelyek lehet\u0151v\u00e9 teszik a kompatibilit\u00e1st a k\u00fcl\u00f6nf\u00e9le \u00f6nt\u00f6z\u0151ors\u00f3-rendszerekkel. Ak\u00e1r standard, ak\u00e1r egyedi \u00f6nt\u00f6z\u0151ors\u00f3-rendszerr\u0151l van sz\u00f3, a sebess\u00e9gv\u00e1lt\u00f3 \u00e1ltal\u00e1ban k\u00f6nnyen csatlakoztathat\u00f3 a kard\u00e1ntengelyhez \u00e9s az \u00f6nt\u00f6z\u0151ors\u00f3hoz. A vil\u00e1gos telep\u00edt\u00e9si utas\u00edt\u00e1sok \u00e9s az egyszer\u0171 kialak\u00edt\u00e1s gyors \u00e9s egyszer\u0171v\u00e9 teszi a be\u00e1ll\u00edt\u00e1st, cs\u00f6kkentve az \u00e1ll\u00e1sid\u0151t a karbantart\u00e1s vagy a rendszerfriss\u00edt\u00e9sek sor\u00e1n.<\/p>\n<p>Az \u00f6nt\u00f6z\u0151ors\u00f3k sebess\u00e9gv\u00e1lt\u00f3it maxim\u00e1lis hat\u00e9konys\u00e1gra, tart\u00f3ss\u00e1gra \u00e9s k\u00f6nny\u0171 karbantart\u00e1sra tervezt\u00e9k. Nagy nyomat\u00e9kkapacit\u00e1sukkal, tart\u00f3s konstrukci\u00f3jukkal \u00e9s hat\u00e9kony er\u0151\u00e1tvitel\u00fckkel ezek a sebess\u00e9gv\u00e1lt\u00f3k kritikus szerepet j\u00e1tszanak az \u00f6nt\u00f6z\u0151rendszerek z\u00f6kken\u0151mentes \u00e9s megb\u00edzhat\u00f3 m\u0171k\u00f6d\u00e9s\u00e9nek biztos\u00edt\u00e1s\u00e1ban. Ak\u00e1r mez\u0151gazdas\u00e1gi ter\u00fcletekr\u0151l, tereprendez\u00e9sr\u0151l vagy kert\u00e9szeti alkalmaz\u00e1sokr\u00f3l van sz\u00f3, az \u00f6nt\u00f6z\u0151ors\u00f3k sebess\u00e9gv\u00e1lt\u00f3inak fejlett funkci\u00f3i seg\u00edtenek optimaliz\u00e1lni az \u00f6nt\u00f6z\u00e9si folyamatokat, cs\u00f6kkenteni az \u00e1ll\u00e1sid\u0151t \u00e9s jav\u00edtani a rendszer teljes\u00edtm\u00e9ny\u00e9t.<\/p>\n<h3>Az FMP-r\u0151l<\/h3>\n<p>Az olaszorsz\u00e1gi sz\u00e9khely\u0171 FMP vezet\u0151 gy\u00e1rt\u00f3, amely a nagy teljes\u00edtm\u00e9ny\u0171 sebess\u00e9gv\u00e1lt\u00f3k tervez\u00e9s\u00e9ben, fejleszt\u00e9s\u00e9ben \u00e9s gy\u00e1rt\u00e1s\u00e1ban szerzett szak\u00e9rtelm\u00e9r\u0151l ismert, k\u00fcl\u00f6n\u00f6s tekintettel a mez\u0151gazdas\u00e1gi g\u00e9piparra. A prec\u00edzi\u00f3s m\u00e9rn\u00f6ki munka, az innovat\u00edv megold\u00e1sok \u00e9s a rend\u00edthetetlen megb\u00edzhat\u00f3s\u00e1g r\u00e9v\u00e9n az FMP megb\u00edzhat\u00f3 partnerr\u00e9 v\u00e1lt mind a mez\u0151gazdas\u00e1gi, mind az ipari szektor v\u00e1ltoz\u00f3 ig\u00e9nyeinek kiel\u00e9g\u00edt\u00e9s\u00e9ben. Soksz\u00edn\u0171 term\u00e9kk\u00edn\u00e1latunkban megtal\u00e1lhat\u00f3k a f\u0171ny\u00edr\u00f3khoz val\u00f3 speci\u00e1lis sebess\u00e9gv\u00e1lt\u00f3k, kard\u00e1ntengelyek \u00e9s egy\u00e9b alapvet\u0151 alkatr\u00e9szek, amelyek mindegyik\u00e9t apr\u00f3l\u00e9kosan \u00fagy tervezt\u00fck, hogy sz\u00e9les k\u00f6r\u0171 alkalmaz\u00e1si ter\u00fcleteken k\u00edn\u00e1ljon egyedi megold\u00e1sokat.<\/p>\n<p>Az FMP-n\u00e9l meg\u00e9rtj\u00fck, hogy minden \u00fcgyf\u00e9lnek egyedi ig\u00e9nyei \u00e9s kih\u00edv\u00e1sai vannak. Ez\u00e9rt specializ\u00e1l\u00f3dtunk a szem\u00e9lyre szabott megold\u00e1sok k\u00edn\u00e1lat\u00e1ra, legyen sz\u00f3 ak\u00e1r egyedi komponensekr\u0151l, ak\u00e1r teljesen integr\u00e1lt rendszerekr\u0151l. Szorosan egy\u00fcttm\u0171k\u00f6d\u00fcnk \u00fcgyfeleinkkel annak \u00e9rdek\u00e9ben, hogy minden megold\u00e1s ne csak hat\u00e9kony, hanem eredm\u00e9nyes is legyen, optimaliz\u00e1lva a teljes\u00edtm\u00e9nyt \u00e9s az \u00e9rt\u00e9ket. Elk\u00f6telezettek vagyunk a gyors, professzion\u00e1lis v\u00e1laszok \u00e9s a szak\u00e9rt\u0151i \u00fatmutat\u00e1s ir\u00e1nt, \u00edgy minden megkeres\u00e9st a lehet\u0151 legnagyobb gondoss\u00e1ggal \u00e9s precizit\u00e1ssal kezel\u00fcnk, ami a lehet\u0151 legjobb eredm\u00e9nyekhez vezet.<\/p>\n<p>A teljes term\u00e9kfejleszt\u00e9si folyamat sor\u00e1n a ny\u00edlt \u00e9s folyamatos kommunik\u00e1ci\u00f3t helyezz\u00fck el\u0151t\u00e9rbe. Elk\u00f6telezett csapatunk k\u00f6zvetlen\u00fcl az \u00fcgyfelekkel dolgozik, hogy teljes m\u00e9rt\u00e9kben meg\u00e9rtse egyedi ig\u00e9nyeiket, \u00e9rt\u00e9kes betekint\u00e9st \u00e9s aj\u00e1nl\u00e1sokat k\u00edn\u00e1lva az optim\u00e1lis megold\u00e1sok biztos\u00edt\u00e1sa \u00e9rdek\u00e9ben. Ak\u00e1r innovat\u00edv term\u00e9keket tervez, ak\u00e1r folyamatos megrendel\u00e9seket teljes\u00edt, az FMP elk\u00f6telezett amellett, hogy minden alkalommal kiv\u00e1l\u00f3 min\u0151s\u00e9g\u0171, prec\u00edzi\u00f3san megtervezett megold\u00e1sokat sz\u00e1ll\u00edtson id\u0151ben. C\u00e9lunk, hogy \u00fcgyfeleink sz\u00e1m\u00e1ra a legjobb szolg\u00e1ltat\u00e1st \u00e9s eredm\u00e9nyeket ny\u00fajtsuk, minden projekttel fel\u00fclm\u00falva az elv\u00e1r\u00e1sokat.<\/p>\n<p>A min\u0151s\u00e9g az FMP m\u0171k\u00f6d\u00e9s\u00e9nek sarokk\u00f6ve. A legmagasabb gy\u00e1rt\u00e1si szabv\u00e1nyokat tartjuk be, szigor\u00fa min\u0151s\u00e9gellen\u0151rz\u00e9si int\u00e9zked\u00e9seket alkalmazva annak biztos\u00edt\u00e1s\u00e1ra, hogy minden term\u00e9k ne csak megfeleljen, hanem meghaladja az ipar\u00e1gi szabv\u00e1nyokat. Ez a min\u0151s\u00e9g ir\u00e1nti rend\u00edthetetlen elk\u00f6telezetts\u00e9g, valamint az integrit\u00e1s, a csapatmunka \u00e9s a kitart\u00e1s alapvet\u0151 \u00e9rt\u00e9kei lehet\u0151v\u00e9 tett\u00e9k sz\u00e1munkra, hogy hossz\u00fa t\u00e1v\u00fa, bizalmon alapul\u00f3 kapcsolatokat \u00e9p\u00edts\u00fcnk ki \u00fcgyfeleinkkel vil\u00e1gszerte k\u00f6zel 30 orsz\u00e1gban.<\/p>\n<p>Az FMP mindig nyitott a glob\u00e1lis partners\u00e9gek \u00e1pol\u00e1s\u00e1ra, \u00e9s tov\u00e1bbra is elk\u00f6telezett amellett, hogy szak\u00e9rt\u0151i tan\u00e1csokat \u00e9s szem\u00e9lyre szabott megold\u00e1sokat k\u00edn\u00e1ljon, amelyek megfelelnek \u00fcgyfeleink sokr\u00e9t\u0171 ig\u00e9nyeinek. Nemcsak term\u00e9keket sz\u00e1ll\u00edtunk; olyan tart\u00f3s kapcsolatok ki\u00e9p\u00edt\u00e9s\u00e9re t\u00f6reksz\u00fcnk, amelyek hozz\u00e1j\u00e1rulnak minden projekt siker\u00e9hez. Ak\u00e1r innovat\u00edv megold\u00e1sokra van sz\u00fcks\u00e9ge egy \u00faj kezdem\u00e9nyez\u00e9shez, ak\u00e1r folyamatos t\u00e1mogat\u00e1sra egy megl\u00e9v\u0151 rendszerhez, az FMP itt van, hogy megoldja a technikai kih\u00edv\u00e1sokat \u00e9s biztos\u00edtsa a folyamatos sikert.<\/p>\n<p><img loading=\"lazy\" decoding=\"async\" class=\"alignnone size-full wp-image-1861\" src=\"https:\/\/fmp-components.com\/wp-content\/uploads\/2024\/12\/Other-Agricultural-Gearboxes.webp\" sizes=\"(min-width: 0px) and (max-width: 480px) 480px, (min-width: 481px) and (max-width: 980px) 980px, (min-width: 981px) 1200px, 100vw\" srcset=\"https:\/\/fmp-components.com\/wp-content\/uploads\/2024\/12\/Other-Agricultural-Gearboxes.webp 1200w, https:\/\/fmp-components.com\/wp-content\/uploads\/2024\/12\/Other-Agricultural-Gearboxes-980x1143.webp 980w, https:\/\/fmp-components.com\/wp-content\/uploads\/2024\/12\/Other-Agricultural-Gearboxes-480x560.webp 480w\" alt=\"Altri-cambi-agricoli\" width=\"1200\" height=\"1400\" title=\"\"><\/p>\n<p>Szerz\u0151: CX<\/p>","protected":false},"excerpt":{"rendered":"<p>Irrigation Reels Gearboxes \u2013 Replacement of Comer Code A-4A The Irrigation Reels Gearbox \u2013 Replacement of Comer Code A-4A is a high-performance, durable gearbox designed to replace the Comer Code A-4A gearbox in irrigation reel systems. This replacement gearbox provides reliable power transmission and enhanced efficiency for various agricultural irrigation applications, ensuring consistent operation of [&hellip;]<\/p>","protected":false},"featured_media":2300,"comment_status":"open","ping_status":"closed","template":"","meta":{"_et_pb_use_builder":"","_et_pb_old_content":"","_et_gb_content_width":""},"product_brand":[],"product_cat":[57],"product_tag":[],"class_list":{"0":"post-2297","1":"product","2":"type-product","3":"status-publish","4":"has-post-thumbnail","6":"product_cat-irrigation-gearbox","8":"first","9":"instock","10":"shipping-taxable","11":"product-type-simple"},"_links":{"self":[{"href":"https:\/\/fmp-components.com\/hu\/wp-json\/wp\/v2\/product\/2297","targetHints":{"allow":["GET"]}}],"collection":[{"href":"https:\/\/fmp-components.com\/hu\/wp-json\/wp\/v2\/product"}],"about":[{"href":"https:\/\/fmp-components.com\/hu\/wp-json\/wp\/v2\/types\/product"}],"replies":[{"embeddable":true,"href":"https:\/\/fmp-components.com\/hu\/wp-json\/wp\/v2\/comments?post=2297"}],"wp:featuredmedia":[{"embeddable":true,"href":"https:\/\/fmp-components.com\/hu\/wp-json\/wp\/v2\/media\/2300"}],"wp:attachment":[{"href":"https:\/\/fmp-components.com\/hu\/wp-json\/wp\/v2\/media?parent=2297"}],"wp:term":[{"taxonomy":"product_brand","embeddable":true,"href":"https:\/\/fmp-components.com\/hu\/wp-json\/wp\/v2\/product_brand?post=2297"},{"taxonomy":"product_cat","embeddable":true,"href":"https:\/\/fmp-components.com\/hu\/wp-json\/wp\/v2\/product_cat?post=2297"},{"taxonomy":"product_tag","embeddable":true,"href":"https:\/\/fmp-components.com\/hu\/wp-json\/wp\/v2\/product_tag?post=2297"}],"curies":[{"name":"munkaf\u00fczet","href":"https:\/\/api.w.org\/{rel}","templated":true}]}}