{"id":2203,"date":"2024-12-30T08:55:17","date_gmt":"2024-12-30T08:55:17","guid":{"rendered":"https:\/\/fmp-components.com\/?page_id=8"},"modified":"2025-03-20T00:46:26","modified_gmt":"2025-03-20T00:46:26","slug":"agricultural-sprayer-gearbox-replacement-of-comer-code-d21b-d21f","status":"publish","type":"product","link":"https:\/\/fmp-components.com\/hu\/product\/agricultural-sprayer-gearbox-replacement-of-comer-code-d21b-d21f\/","title":{"rendered":"Mez\u0151gazdas\u00e1gi permetez\u0151g\u00e9p sebess\u00e9gv\u00e1lt\u00f3ja \u2013 A D21B \u00e9s D21F k\u00f3d\u00fa sarokv\u00e1lt\u00f3 cser\u00e9je"},"content":{"rendered":"<h2>A D21B\/D21F mez\u0151gazdas\u00e1gi permetez\u0151 sebess\u00e9gv\u00e1lt\u00f3 m\u0171szaki adatai<\/h2>\n<p><img loading=\"lazy\" decoding=\"async\" class=\"alignnone size-full wp-image-2205\" src=\"https:\/\/fmp-components.com\/wp-content\/uploads\/2024\/12\/agricultural-sprayer-gearbox-specification-D21B-D21F.webp\" alt=\"mez\u0151gazdas\u00e1gi-permetez\u0151-sebess\u00e9gv\u00e1lt\u00f3-specifik\u00e1ci\u00f3-D21B-D21F\" width=\"851\" height=\"439\" title=\"\" srcset=\"https:\/\/fmp-components.com\/wp-content\/uploads\/2024\/12\/agricultural-sprayer-gearbox-specification-D21B-D21F.webp 851w, https:\/\/fmp-components.com\/wp-content\/uploads\/2024\/12\/agricultural-sprayer-gearbox-specification-D21B-D21F-480x248.webp 480w\" sizes=\"(min-width: 0px) and (max-width: 480px) 480px, (min-width: 481px) 851px, 100vw\" \/><\/p>\n<table style=\"width: 90.6811%; height: 309px;\" border=\"1\" cellspacing=\"0\" cellpadding=\"0\">\n<tbody>\n<tr>\n<td rowspan=\"2\"><strong>\u00e9n<\/strong><\/td>\n<td rowspan=\"2\"><strong>\u00c9<sub>1<\/sub>[fordulat]<\/strong><\/td>\n<td rowspan=\"2\"><strong>P<sub>1<\/sub>[kW]<\/strong><\/td>\n<td rowspan=\"2\"><strong>M<sub>2<\/sub>[Nm]<\/strong><\/td>\n<td colspan=\"2\"><strong>Tengely t\u00edpusa<\/strong><strong><br \/>\n<\/strong><\/td>\n<td rowspan=\"2\"><strong>Bemenet<\/strong><\/td>\n<\/tr>\n<tr>\n<td><strong>X<br \/>\n<\/strong>\u00a0<img loading=\"lazy\" decoding=\"async\" class=\"alignnone size-full wp-image-2180\" src=\"https:\/\/fmp-components.com\/wp-content\/uploads\/2024\/12\/shaft-x-3.webp\" alt=\"tengely-x\" width=\"81\" height=\"78\" title=\"\" srcset=\"https:\/\/fmp-components.com\/wp-content\/uploads\/2024\/12\/shaft-x-3.webp 81w, https:\/\/fmp-components.com\/wp-content\/uploads\/2024\/12\/shaft-x-3-12x12.webp 12w\" sizes=\"(max-width: 81px) 100vw, 81px\" \/><\/td>\n<td><strong>Z<img loading=\"lazy\" decoding=\"async\" class=\"size-full wp-image-2181 aligncenter\" src=\"https:\/\/fmp-components.com\/wp-content\/uploads\/2024\/12\/shaft-z.webp\" alt=\"tengely-z\" width=\"81\" height=\"84\" title=\"\" srcset=\"https:\/\/fmp-components.com\/wp-content\/uploads\/2024\/12\/shaft-z.webp 81w, https:\/\/fmp-components.com\/wp-content\/uploads\/2024\/12\/shaft-z-12x12.webp 12w\" sizes=\"(max-width: 81px) 100vw, 81px\" \/><\/strong><\/td>\n<\/tr>\n<tr>\n<td>3.90<br \/>\n4.90<\/td>\n<td>540<\/td>\n<td>38.9<\/td>\n<td>&#8211;<\/td>\n<td>1\u201d 3\/8 Z6<\/td>\n<td>L270 35<\/td>\n<td>X<\/td>\n<\/tr>\n<tr>\n<td>3.60<br \/>\n4.50<\/td>\n<td>540<\/td>\n<td>40.5<\/td>\n<td>&#8211;<\/td>\n<td>1\u201d 3\/8 Z6<\/td>\n<td>L165 40<\/td>\n<td>X<\/td>\n<\/tr>\n<tr>\n<td>3.60<br \/>\n4.50<\/td>\n<td>540<\/td>\n<td>47.8<\/td>\n<td>&#8211;<\/td>\n<td>1\u201d 3\/8 Z6<\/td>\n<td>L286 40<\/td>\n<td>X<\/td>\n<\/tr>\n<tr>\n<td>2.90<br \/>\n3.90<\/td>\n<td>540<\/td>\n<td>41.2<\/td>\n<td>&#8211;<\/td>\n<td>1\u201d 3\/8 Z6<\/td>\n<td>L221 35<\/td>\n<td>X<\/td>\n<\/tr>\n<\/tbody>\n<\/table>\n<h3>A mez\u0151gazdas\u00e1gi permetez\u0151 sebess\u00e9gv\u00e1lt\u00f3j\u00e1nak f\u0151bb elemei<\/h3>\n<p>A mez\u0151gazdas\u00e1gi permetez\u0151g\u00e9p sebess\u00e9gv\u00e1lt\u00f3j\u00e1nak kulcsfontoss\u00e1g\u00fa alkatr\u00e9szei kritikus fontoss\u00e1g\u00faak a m\u0171k\u00f6d\u00e9se, tart\u00f3ss\u00e1ga \u00e9s hat\u00e9konys\u00e1ga szempontj\u00e1b\u00f3l a permetez\u00e9si m\u0171veletek sor\u00e1n. Ezek az alkatr\u00e9szek biztos\u00edtj\u00e1k a z\u00f6kken\u0151mentes er\u0151\u00e1tvitelt \u00e9s el\u0151seg\u00edtik az optim\u00e1lis teljes\u00edtm\u00e9nyt a mez\u0151gazdas\u00e1gi feladatok sor\u00e1n. A f\u0151 alkatr\u00e9szek jellemz\u0151en a k\u00f6vetkez\u0151k:<\/p>\n<ol>\n<li><strong>Bemeneti tengely<\/strong>A bemen\u0151 tengely k\u00f6ti \u00f6ssze a sebess\u00e9gv\u00e1lt\u00f3t az er\u0151forr\u00e1ssal, \u00e1ltal\u00e1ban a traktor teljes\u00edtm\u00e9nylead\u00f3 tengely\u00e9vel (TLT). Ez tov\u00e1bb\u00edtja a forg\u00f3er\u0151t a traktorr\u00f3l a sebess\u00e9gv\u00e1lt\u00f3nak, lehet\u0151v\u00e9 t\u00e9ve a sebess\u00e9gv\u00e1lt\u00f3 m\u0171k\u00f6d\u00e9s\u00e9t.<\/li>\n<li><strong>Fogasker\u00e9kk\u00e9szlet (ferde vagy homlokkerekes fogaskerekek)<\/strong>A fogasker\u00e9kk\u00e9szlet elengedhetetlen a forg\u00f3er\u0151 \u00e1tvitel\u00e9hez a bemen\u0151 tengelyr\u0151l a kimen\u0151 tengelyre. A fogaskerekek c\u00e9lja, hogy biztos\u00edts\u00e1k a permetez\u0151g\u00e9p szivatty\u00faj\u00e1hoz vagy m\u00e1s kapcsol\u00f3d\u00f3 mechanizmusokhoz sz\u00fcks\u00e9ges sebess\u00e9g- \u00e9s nyomat\u00e9kbe\u00e1ll\u00edt\u00e1sokat.<\/li>\n<li><strong>Kimen\u0151 tengely<\/strong>A kimen\u0151 tengely tov\u00e1bb\u00edtja az er\u0151t a permetez\u0151g\u00e9p alkatr\u00e9szeihez, p\u00e9ld\u00e1ul a szivatty\u00fahoz vagy a sz\u00f3r\u00f3karokhoz. A tengely \u00f6sszek\u00f6ttet\u00e9sben \u00e1ll a permetez\u00e9st vez\u00e9rl\u0151 alkatr\u00e9szekkel, \u00e9s \u00f6sszehangoltan hajtja azokat.<\/li>\n<li><strong>Csap\u00e1gyak \u00e9s t\u00f6m\u00edt\u00e9sek<\/strong>A csap\u00e1gyak cs\u00f6kkentik a mozg\u00f3 alkatr\u00e9szek k\u00f6z\u00f6tti s\u00farl\u00f3d\u00e1st, biztos\u00edtj\u00e1k a sima forg\u00e1st \u00e9s megakad\u00e1lyozz\u00e1k a kop\u00e1st. A t\u00f6m\u00edt\u00e9sek kritikus fontoss\u00e1g\u00faak az olajsziv\u00e1rg\u00e1s, a szennyez\u0151d\u00e9s \u00e9s a nedvess\u00e9g bejut\u00e1s\u00e1nak megakad\u00e1lyoz\u00e1sa \u00e9rdek\u00e9ben, ez\u00e1ltal meghosszabb\u00edtva a sebess\u00e9gv\u00e1lt\u00f3 \u00e9lettartam\u00e1t.<\/li>\n<li><strong>H\u00e1z<\/strong>A sebess\u00e9gv\u00e1lt\u00f3 h\u00e1za k\u00f6r\u00fclveszi az \u00f6sszes bels\u0151 alkatr\u00e9szt, \u00e9s szerkezeti integrit\u00e1st biztos\u00edt. \u00dagy tervezt\u00e9k, hogy ellen\u00e1lljon a nagy nyom\u00e1snak, a k\u00f6rnyezeti felt\u00e9teleknek \u00e9s a m\u0171k\u00f6d\u00e9s sor\u00e1n keletkez\u0151 mechanikai ig\u00e9nybev\u00e9teleknek.<\/li>\n<li><strong>Ken\u0151rendszer<\/strong>A ken\u0151rendszer biztos\u00edtja a sebess\u00e9gv\u00e1lt\u00f3 mozg\u00f3 alkatr\u00e9szeinek sim\u00e1n t\u00f6rt\u00e9n\u0151 m\u0171k\u00f6d\u00e9s\u00e9t, cs\u00f6kkentve a s\u00farl\u00f3d\u00e1st \u00e9s megakad\u00e1lyozva a t\u00falmeleged\u00e9st. A megfelel\u0151 ken\u00e9s elengedhetetlen a sebess\u00e9gv\u00e1lt\u00f3 \u00e9lettartam\u00e1nak \u00e9s hat\u00e9konys\u00e1g\u00e1nak meghosszabb\u00edt\u00e1s\u00e1hoz.<\/li>\n<li><strong>T\u00falterhel\u00e9s elleni v\u00e9delem<\/strong>N\u00e9h\u00e1ny mez\u0151gazdas\u00e1gi permetez\u0151g\u00e9p sebess\u00e9gv\u00e1lt\u00f3ja t\u00falterhel\u00e9s elleni v\u00e9delmi funkci\u00f3kkal, p\u00e9ld\u00e1ul ny\u00edr\u00f3csapokkal vagy tengelykapcsol\u00f3 mechanizmusokkal van felszerelve, hogy megakad\u00e1lyozza a sebess\u00e9gv\u00e1lt\u00f3 k\u00e1rosod\u00e1s\u00e1t v\u00e1ratlan ellen\u00e1ll\u00e1s vagy \u00fczemi ig\u00e9nybev\u00e9tel eset\u00e9n.<\/li>\n<\/ol>\n<p>Ezek a kulcsfontoss\u00e1g\u00fa alkatr\u00e9szek egy\u00fcttesen biztos\u00edtj\u00e1k a sebess\u00e9gv\u00e1lt\u00f3 hat\u00e9kony teljes\u00edtm\u00e9ny\u00e1tvitel\u00e9t, a sebess\u00e9g \u00e9s a nyomat\u00e9k kezel\u00e9s\u00e9t, valamint a permetez\u0151g\u00e9p funkcionalit\u00e1s\u00e1nak t\u00e1mogat\u00e1s\u00e1t. Ezen alkatr\u00e9szek rendszeres karbantart\u00e1sa \u00e9s ellen\u0151rz\u00e9se elengedhetetlen az optim\u00e1lis teljes\u00edtm\u00e9ny \u00e9s tart\u00f3ss\u00e1g szempontj\u00e1b\u00f3l.<\/p>\n<p><img loading=\"lazy\" decoding=\"async\" class=\"alignnone size-full wp-image-2193\" src=\"https:\/\/fmp-components.com\/wp-content\/uploads\/2024\/12\/Agricultural-Sprayer-Gearbox-19.webp\" alt=\"Mez\u0151gazdas\u00e1gi permetez\u0151g\u00e9p sebess\u00e9gv\u00e1lt\u00f3\" width=\"2016\" height=\"1512\" title=\"\" srcset=\"https:\/\/fmp-components.com\/wp-content\/uploads\/2024\/12\/Agricultural-Sprayer-Gearbox-19.webp 2016w, https:\/\/fmp-components.com\/wp-content\/uploads\/2024\/12\/Agricultural-Sprayer-Gearbox-19-1280x960.webp 1280w, https:\/\/fmp-components.com\/wp-content\/uploads\/2024\/12\/Agricultural-Sprayer-Gearbox-19-980x735.webp 980w, https:\/\/fmp-components.com\/wp-content\/uploads\/2024\/12\/Agricultural-Sprayer-Gearbox-19-480x360.webp 480w\" sizes=\"(min-width: 0px) and (max-width: 480px) 480px, (min-width: 481px) and (max-width: 980px) 980px, (min-width: 981px) and (max-width: 1280px) 1280px, (min-width: 1281px) 2016px, 100vw\" \/><\/p>\n<h2>A permetez\u0151 sebess\u00e9gv\u00e1lt\u00f3 mez\u0151gazdas\u00e1gi alkalmaz\u00e1sai<\/h2>\n<p>A mez\u0151gazdas\u00e1gi permetez\u0151g\u00e9pek sebess\u00e9gv\u00e1lt\u00f3i kulcsfontoss\u00e1g\u00fa szerepet j\u00e1tszanak a k\u00fcl\u00f6nf\u00e9le mez\u0151gazdas\u00e1gi alkalmaz\u00e1sokban, mivel biztos\u00edtj\u00e1k a m\u0171tr\u00e1gy\u00e1k, n\u00f6v\u00e9nyv\u00e9d\u0151 szerek, gyomirt\u00f3 szerek \u00e9s egy\u00e9b vegyszerek hat\u00e9kony \u00e9s pontos permetez\u00e9s\u00e9t. \u00cdme n\u00e9h\u00e1ny kulcsfontoss\u00e1g\u00fa mez\u0151gazdas\u00e1gi alkalmaz\u00e1s, ahol a permetez\u0151g\u00e9pek sebess\u00e9gv\u00e1lt\u00f3it sz\u00e9les k\u00f6rben haszn\u00e1lj\u00e1k:<\/p>\n<ol>\n<li><strong>N\u00f6v\u00e9nyv\u00e9delem<\/strong>A permetez\u0151g\u00e9pek sebess\u00e9gv\u00e1lt\u00f3i szerves r\u00e9sz\u00e9t k\u00e9pezik a n\u00f6v\u00e9nyv\u00e9delemre haszn\u00e1lt permetez\u0151g\u00e9pek m\u0171k\u00f6d\u00e9s\u00e9nek. Lehet\u0151v\u00e9 teszik a n\u00f6v\u00e9nyv\u00e9d\u0151 szerek, gyomirt\u00f3k, gomba\u00f6l\u0151 szerek \u00e9s rovarirt\u00f3k hat\u00e9kony kijuttat\u00e1s\u00e1t. Ezek a sebess\u00e9gv\u00e1lt\u00f3k seg\u00edtenek fenntartani az \u00e1lland\u00f3 nyom\u00e1st \u00e9s \u00e1raml\u00e1st, biztos\u00edtva, hogy a vegyszerek egyenletesen oszoljanak el a nagy ter\u00fcleteken, v\u00e9dve a n\u00f6v\u00e9nyeket a k\u00e1rtev\u0151kt\u0151l \u00e9s a betegs\u00e9gekt\u0151l.<\/li>\n<li><strong>Megterm\u00e9keny\u00edt\u00e9s<\/strong>A m\u0171tr\u00e1gyasz\u00f3r\u00f3 permetez\u0151g\u00e9pek sebess\u00e9gv\u00e1lt\u00f3i seg\u00edtenek szab\u00e1lyozni a foly\u00e9kony m\u0171tr\u00e1gy\u00e1k \u00e1raml\u00e1s\u00e1t \u00e9s eloszl\u00e1s\u00e1t a mez\u0151gazdas\u00e1gi ter\u00fcleteken. Biztos\u00edtj\u00e1k a m\u0171tr\u00e1gy\u00e1k egyenletes kijuttat\u00e1s\u00e1t, ami elengedhetetlen az eg\u00e9szs\u00e9ges n\u00f6v\u00e9nyn\u00f6veked\u00e9s el\u0151seg\u00edt\u00e9s\u00e9hez \u00e9s a term\u00e9shozam optimaliz\u00e1l\u00e1s\u00e1hoz. Ezeket a rendszereket k\u00fcl\u00f6nf\u00e9le foly\u00e9kony m\u0171tr\u00e1gy\u00e1k kezel\u00e9s\u00e9re tervezt\u00e9k, \u00edgy pontos kijuttat\u00e1st biztos\u00edtanak k\u00fcl\u00f6nb\u00f6z\u0151 talajviszonyok k\u00f6z\u00f6tt.<\/li>\n<li><strong>Gyomirt\u00e1s<\/strong>A mez\u0151gazdas\u00e1gi permetez\u0151g\u00e9pek sebess\u00e9gv\u00e1lt\u00f3it gyomirt\u00e1sra tervezett permetez\u0151g\u00e9pekben haszn\u00e1lj\u00e1k. A herbicidek hat\u00e9kony adagol\u00e1s\u00e1val ezek a sebess\u00e9gv\u00e1lt\u00f3k lehet\u0151v\u00e9 teszik a gyomok c\u00e9lzott irt\u00e1s\u00e1t, cs\u00f6kkentve a n\u00f6v\u00e9nyek t\u00e1panyagok\u00e9rt \u00e9s v\u00edz\u00e9rt folytatott verseny\u00e9t. Ez az alkalmaz\u00e1s elengedhetetlen a n\u00f6v\u00e9nyek termel\u00e9kenys\u00e9g\u00e9nek jav\u00edt\u00e1s\u00e1hoz \u00e9s a k\u00e9zi munkaer\u0151 sz\u00fcks\u00e9gess\u00e9g\u00e9nek cs\u00f6kkent\u00e9s\u00e9hez.<\/li>\n<li><strong>Betakar\u00edt\u00e1s ut\u00e1ni alkalmaz\u00e1sok<\/strong>A permetez\u0151g\u00e9pek sebess\u00e9gv\u00e1lt\u00f3it a n\u00f6v\u00e9nyek betakar\u00edt\u00e1s ut\u00e1ni kezel\u00e9s\u00e9ben is alkalmazz\u00e1k. A betakar\u00edt\u00e1s ut\u00e1n a permetez\u0151g\u00e9pek v\u00e9d\u0151bevonatok vagy tart\u00f3s\u00edt\u00f3szerek felvitel\u00e9re haszn\u00e1lhat\u00f3k gy\u00fcm\u00f6lcs\u00f6kre, z\u00f6lds\u00e9gekre \u00e9s gabonaf\u00e9l\u00e9kre, n\u00f6velve azok eltarthat\u00f3s\u00e1g\u00e1t \u00e9s megakad\u00e1lyozva a roml\u00e1st sz\u00e1ll\u00edt\u00e1s \u00e9s t\u00e1rol\u00e1s sor\u00e1n.<\/li>\n<li><strong>Sz\u00e1nt\u00f3f\u00f6ldi \u00f6nt\u00f6z\u00e9s \u00e9s vegyszerkever\u00e9s<\/strong>N\u00e9h\u00e1ny permetez\u0151g\u00e9p sebess\u00e9gv\u00e1lt\u00f3ja \u00f6nt\u00f6z\u0151rendszerek r\u00e9sz\u00e9t k\u00e9pezi, ahol seg\u00edtenek a vegyszerek, p\u00e9ld\u00e1ul n\u00f6veked\u00e9sszab\u00e1lyoz\u00f3k vagy gomba\u00f6l\u0151 szerek kever\u00e9s\u00e9ben \u00e9s eloszt\u00e1s\u00e1ban a v\u00edzzel egy\u00fctt. Ezek a sebess\u00e9gv\u00e1lt\u00f3k biztos\u00edtj\u00e1k az oldat egyenletes \u00e9s szab\u00e1lyozott eloszl\u00e1s\u00e1t a n\u00f6v\u00e9nyeken, biztos\u00edtva az optim\u00e1lis n\u00f6veked\u00e9si felt\u00e9teleket.<\/li>\n<li><strong>Gy\u00fcm\u00f6lcs\u00f6s\u00f6k \u00e9s sz\u0151l\u0151\u00fcltetv\u00e9nyek permetez\u00e9se<\/strong>Speci\u00e1lis alkalmaz\u00e1sokban, mint p\u00e9ld\u00e1ul a gy\u00fcm\u00f6lcs\u00f6s\u00f6kben \u00e9s sz\u0151l\u0151\u00fcltetv\u00e9nyekben, a permetez\u0151g\u00e9pek sebess\u00e9gv\u00e1lt\u00f3i elengedhetetlenek a n\u00f6v\u00e9nyek k\u00e1rtev\u0151kt\u0151l, betegs\u00e9gekt\u0151l \u00e9s k\u00f6rnyezeti stresszt\u0151l val\u00f3 v\u00e9delm\u00e9hez. A sebess\u00e9gv\u00e1lt\u00f3k egyenletes teljes\u00edtm\u00e9nyt biztos\u00edtanak a permetez\u0151g\u00e9pnek, biztos\u00edtva a n\u00f6v\u00e9nyek \u00e9s f\u00e1k pontos lefedetts\u00e9g\u00e9t sorokban \u00e9s v\u00e1ltoz\u00f3 terepen.<\/li>\n<li><strong>Talajkezel\u00e9s<\/strong>Bizonyos mez\u0151gazdas\u00e1gi rendszerekben a permetez\u0151g\u00e9pek sebess\u00e9gv\u00e1lt\u00f3it talajkezel\u00e9si c\u00e9lokra haszn\u00e1lj\u00e1k, p\u00e9ld\u00e1ul talajjav\u00edt\u00f3 szerek vagy vet\u00e9s el\u0151tti vegyszerek kijuttat\u00e1s\u00e1ra. Ezek a sebess\u00e9gv\u00e1lt\u00f3k biztos\u00edtj\u00e1k a talajkezel\u00e9sek pontos \u00e9s egyenletes eloszt\u00e1s\u00e1t, jav\u00edtva a talaj eg\u00e9szs\u00e9g\u00e9t \u00e9s t\u00e1mogatva a jobb term\u00e9shozamot.<\/li>\n<\/ol>\n<p>Ezek a sokr\u00e9t\u0171 mez\u0151gazdas\u00e1gi alkalmaz\u00e1sok j\u00f3l mutatj\u00e1k a permetez\u0151g\u00e9pek sebess\u00e9gv\u00e1lt\u00f3inak kritikus szerep\u00e9t a hat\u00e9kony \u00e9s eredm\u00e9nyes permetez\u00e9si folyamatok biztos\u00edt\u00e1s\u00e1ban. Az\u00e1ltal, hogy \u00e1lland\u00f3 teljes\u00edtm\u00e9nyt, pontos vez\u00e9rl\u00e9st \u00e9s megb\u00edzhat\u00f3 teljes\u00edtm\u00e9nyt biztos\u00edtanak, a permetez\u0151g\u00e9pek sebess\u00e9gv\u00e1lt\u00f3i hozz\u00e1j\u00e1rulnak a magasabb term\u00e9shozamhoz, a k\u00e1rtev\u0151k \u00e9s betegs\u00e9gek jobb kezel\u00e9s\u00e9hez, valamint a gazdas\u00e1gok \u00e1ltal\u00e1nos termel\u00e9kenys\u00e9g\u00e9nek javul\u00e1s\u00e1hoz.<\/p>\n<p><img loading=\"lazy\" decoding=\"async\" class=\"alignnone size-full wp-image-2185\" src=\"https:\/\/fmp-components.com\/wp-content\/uploads\/2024\/12\/Agricultural-Sprayer-Gearbox-Applications.webp\" alt=\"Mez\u0151gazdas\u00e1gi permetez\u0151g\u00e9p-sebess\u00e9gv\u00e1lt\u00f3-alkalmaz\u00e1sok\" width=\"1200\" height=\"770\" title=\"\" srcset=\"https:\/\/fmp-components.com\/wp-content\/uploads\/2024\/12\/Agricultural-Sprayer-Gearbox-Applications.webp 1200w, https:\/\/fmp-components.com\/wp-content\/uploads\/2024\/12\/Agricultural-Sprayer-Gearbox-Applications-980x629.webp 980w, https:\/\/fmp-components.com\/wp-content\/uploads\/2024\/12\/Agricultural-Sprayer-Gearbox-Applications-480x308.webp 480w\" sizes=\"(min-width: 0px) and (max-width: 480px) 480px, (min-width: 481px) and (max-width: 980px) 980px, (min-width: 981px) 1200px, 100vw\" \/><\/p>\n<h3>Az FMP-r\u0151l<\/h3>\n<p>Az olaszorsz\u00e1gi sz\u00e9khely\u0171 FMP vezet\u0151 gy\u00e1rt\u00f3, amely szak\u00e9rtelm\u00e9r\u0151l ismert a nagy teljes\u00edtm\u00e9ny\u0171 sebess\u00e9gv\u00e1lt\u00f3k tervez\u00e9s\u00e9ben, fejleszt\u00e9s\u00e9ben \u00e9s gy\u00e1rt\u00e1s\u00e1ban, els\u0151sorban a mez\u0151gazdas\u00e1gi g\u00e9pipar sz\u00e1m\u00e1ra. A prec\u00edzi\u00f3s m\u00e9rn\u00f6ki munk\u00e1r\u00f3l, az innov\u00e1ci\u00f3r\u00f3l \u00e9s a rend\u00edthetetlen megb\u00edzhat\u00f3s\u00e1gr\u00f3l ismert FMP megb\u00edzhat\u00f3 partnerr\u00e9 v\u00e1lt mind a mez\u0151gazdas\u00e1gi, mind az ipari piacok v\u00e1ltoz\u00f3 ig\u00e9nyeinek kiel\u00e9g\u00edt\u00e9s\u00e9ben. \u00c1tfog\u00f3 term\u00e9kportf\u00f3li\u00f3nk speci\u00e1lis sebess\u00e9gv\u00e1lt\u00f3kat tartalmaz f\u0171ny\u00edr\u00f3khoz, kard\u00e1ntengelyekhez \u00e9s m\u00e1s kritikus alkatr\u00e9szekhez, amelyek mindegyike hat\u00e9kony, szem\u00e9lyre szabott megold\u00e1sokat k\u00edn\u00e1l sz\u00e9les k\u00f6r\u0171 alkalmaz\u00e1sokhoz.<\/p>\n<p>Az FMP-n\u00e9l meg\u00e9rtj\u00fck, hogy minden \u00fcgyf\u00e9lnek egyedi ig\u00e9nyei \u00e9s kih\u00edv\u00e1sai vannak. Ez\u00e9rt specializ\u00e1l\u00f3dtunk a szem\u00e9lyre szabott megold\u00e1sok k\u00edn\u00e1lat\u00e1ra, legyen sz\u00f3 ak\u00e1r egyedi komponensekr\u0151l, ak\u00e1r teljesen integr\u00e1lt rendszerekr\u0151l. Egy\u00fcttm\u0171k\u00f6d\u0151 megk\u00f6zel\u00edt\u00e9st alkalmazunk, szorosan egy\u00fcttm\u0171k\u00f6dve \u00fcgyfeleinkkel annak biztos\u00edt\u00e1sa \u00e9rdek\u00e9ben, hogy minden megold\u00e1s ne csak hat\u00e9kony, hanem eredm\u00e9nyes is legyen. A gyors, professzion\u00e1lis v\u00e1laszok \u00e9s a szak\u00e9rt\u0151i \u00fatmutat\u00e1s ir\u00e1nti elk\u00f6telezetts\u00e9g\u00fcnk garant\u00e1lja, hogy minden megkeres\u00e9st a legnagyobb gondoss\u00e1ggal \u00e9s precizit\u00e1ssal kezel\u00fcnk, biztos\u00edtva \u00fcgyfeleink sz\u00e1m\u00e1ra a legjobb eredm\u00e9nyeket.<\/p>\n<p>Nagy hangs\u00falyt fektet\u00fcnk a ny\u00edlt \u00e9s folyamatos kommunik\u00e1ci\u00f3ra, k\u00fcl\u00f6n\u00f6sen az \u00faj term\u00e9kek fejleszt\u00e9se sor\u00e1n. Elk\u00f6telezett csapatunk k\u00f6zvetlen\u00fcl az \u00fcgyfelekkel dolgozik, hogy teljes m\u00e9rt\u00e9kben meg\u00e9rtse ig\u00e9nyeiket, \u00e9rt\u00e9kes betekint\u00e9st \u00e9s aj\u00e1nl\u00e1sokat k\u00edn\u00e1lva, amelyek optim\u00e1lis megold\u00e1sokhoz vezetnek. Ak\u00e1r innovat\u00edv term\u00e9keket tervez\u00fcnk, ak\u00e1r megl\u00e9v\u0151 megrendel\u00e9seket teljes\u00edt\u00fcnk, az FMP elk\u00f6telezett amellett, hogy minden alkalommal kiv\u00e1l\u00f3 min\u0151s\u00e9g\u0171, prec\u00edzi\u00f3san megtervezett megold\u00e1sokat sz\u00e1ll\u00edtson id\u0151ben, biztos\u00edtva, hogy \u00fcgyfeleink a legjobb szolg\u00e1ltat\u00e1st \u00e9s eredm\u00e9nyeket kapj\u00e1k.<\/p>\n<p>Az FMP m\u0171k\u00f6d\u00e9s\u00e9nek k\u00f6z\u00e9ppontj\u00e1ban a min\u0151s\u00e9g ir\u00e1nti rend\u00edthetetlen elk\u00f6telezetts\u00e9g \u00e1ll. A legmagasabb gy\u00e1rt\u00e1si szabv\u00e1nyokat k\u00f6vetj\u00fck, szigor\u00fa min\u0151s\u00e9gellen\u0151rz\u00e9si int\u00e9zked\u00e9seket alkalmazva annak biztos\u00edt\u00e1s\u00e1ra, hogy minden term\u00e9k ne csak megfeleljen, hanem meghaladja az ipar\u00e1gi elv\u00e1r\u00e1sokat. Ez a min\u0151s\u00e9g ir\u00e1nti elk\u00f6telezetts\u00e9g, valamint az olyan alapvet\u0151 \u00e9rt\u00e9keink, mint az integrit\u00e1s, a csapatmunka \u00e9s a kitart\u00e1s, lehet\u0151v\u00e9 tette sz\u00e1munkra, hogy tart\u00f3s, bizalmi kapcsolatokat \u00e9p\u00edts\u00fcnk ki \u00fcgyfeleinkkel a vil\u00e1g k\u00f6zel 30 orsz\u00e1g\u00e1ban.<\/p>\n<p>Az FMP mindig is t\u00f6rekedett a glob\u00e1lis partners\u00e9gek ki\u00e9p\u00edt\u00e9s\u00e9re, \u00e9s tov\u00e1bbra is elk\u00f6telezett amellett, hogy szak\u00e9rt\u0151i \u00fatmutat\u00e1st \u00e9s egyedi megold\u00e1sokat ny\u00fajtson \u00fcgyfeleink sokr\u00e9t\u0171 ig\u00e9nyeinek kiel\u00e9g\u00edt\u00e9s\u00e9re. Megk\u00f6zel\u00edt\u00e9s\u00fcnk t\u00falmutat a term\u00e9kek egyszer\u0171 lesz\u00e1ll\u00edt\u00e1s\u00e1n; olyan hossz\u00fa t\u00e1v\u00fa kapcsolatok \u00e1pol\u00e1s\u00e1ra t\u00f6reksz\u00fcnk, amelyek hozz\u00e1j\u00e1rulnak minden projekt siker\u00e9hez. Ak\u00e1r innovat\u00edv megold\u00e1sokra van sz\u00fcks\u00e9ge egy \u00faj v\u00e1llalkoz\u00e1shoz, ak\u00e1r folyamatos t\u00e1mogat\u00e1sra egy megl\u00e9v\u0151 rendszerhez, az FMP k\u00e9szen \u00e1ll, hogy megoldja technikai kih\u00edv\u00e1sait \u00e9s seg\u00edtsen biztos\u00edtani a fenntarthat\u00f3 sikert.<\/p>\n<p><img loading=\"lazy\" decoding=\"async\" class=\"alignnone size-full wp-image-1861\" src=\"https:\/\/fmp-components.com\/wp-content\/uploads\/2024\/12\/Other-Agricultural-Gearboxes.webp\" sizes=\"(min-width: 0px) and (max-width: 480px) 480px, (min-width: 481px) and (max-width: 980px) 980px, (min-width: 981px) 1200px, 100vw\" srcset=\"https:\/\/fmp-components.com\/wp-content\/uploads\/2024\/12\/Other-Agricultural-Gearboxes.webp 1200w, https:\/\/fmp-components.com\/wp-content\/uploads\/2024\/12\/Other-Agricultural-Gearboxes-980x1143.webp 980w, https:\/\/fmp-components.com\/wp-content\/uploads\/2024\/12\/Other-Agricultural-Gearboxes-480x560.webp 480w\" alt=\"Altri-cambi-agricoli\" width=\"1200\" height=\"1400\" title=\"\"><\/p>\n<p>Szerz\u0151: CX<\/p>","protected":false},"excerpt":{"rendered":"<p>Specifications of Agricultural Sprayer Gearbox D21B\/D21F i N1[rpm] P1[kW] M2[Nm] Shaft Type Input X \u00a0 Z 3.90 4.90 540 38.9 &#8211; 1&#8221; 3\/8 Z6 L270 35 X 3.60 4.50 540 40.5 &#8211; 1&#8221; 3\/8 Z6 L165 40 X 3.60 4.50 540 47.8 &#8211; 1&#8221; 3\/8 Z6 L286 40 X 2.90 3.90 540 41.2 &#8211; 1&#8221; [&hellip;]<\/p>","protected":false},"featured_media":2182,"comment_status":"open","ping_status":"closed","template":"","meta":{"_et_pb_use_builder":"","_et_pb_old_content":"","_et_gb_content_width":""},"product_brand":[],"product_cat":[55],"product_tag":[],"class_list":{"0":"post-2203","1":"product","2":"type-product","3":"status-publish","4":"has-post-thumbnail","6":"product_cat-agricultural-sprayer-gearbox","8":"first","9":"instock","10":"shipping-taxable","11":"product-type-simple"},"_links":{"self":[{"href":"https:\/\/fmp-components.com\/hu\/wp-json\/wp\/v2\/product\/2203","targetHints":{"allow":["GET"]}}],"collection":[{"href":"https:\/\/fmp-components.com\/hu\/wp-json\/wp\/v2\/product"}],"about":[{"href":"https:\/\/fmp-components.com\/hu\/wp-json\/wp\/v2\/types\/product"}],"replies":[{"embeddable":true,"href":"https:\/\/fmp-components.com\/hu\/wp-json\/wp\/v2\/comments?post=2203"}],"wp:featuredmedia":[{"embeddable":true,"href":"https:\/\/fmp-components.com\/hu\/wp-json\/wp\/v2\/media\/2182"}],"wp:attachment":[{"href":"https:\/\/fmp-components.com\/hu\/wp-json\/wp\/v2\/media?parent=2203"}],"wp:term":[{"taxonomy":"product_brand","embeddable":true,"href":"https:\/\/fmp-components.com\/hu\/wp-json\/wp\/v2\/product_brand?post=2203"},{"taxonomy":"product_cat","embeddable":true,"href":"https:\/\/fmp-components.com\/hu\/wp-json\/wp\/v2\/product_cat?post=2203"},{"taxonomy":"product_tag","embeddable":true,"href":"https:\/\/fmp-components.com\/hu\/wp-json\/wp\/v2\/product_tag?post=2203"}],"curies":[{"name":"munkaf\u00fczet","href":"https:\/\/api.w.org\/{rel}","templated":true}]}}