{"id":2158,"date":"2024-12-30T07:35:02","date_gmt":"2024-12-30T07:35:02","guid":{"rendered":"https:\/\/fmp-components.com\/?page_id=8"},"modified":"2024-12-30T08:06:30","modified_gmt":"2024-12-30T08:06:30","slug":"fertilizer-spreader-gearbox-replacement-of-comer-code-l-25j","status":"publish","type":"product","link":"https:\/\/fmp-components.com\/hu\/product\/fertilizer-spreader-gearbox-replacement-of-comer-code-l-25j\/","title":{"rendered":"M\u0171tr\u00e1gyasz\u00f3r\u00f3 sebess\u00e9gv\u00e1lt\u00f3 \u2013 Comer k\u00f3d L-25J cser\u00e9je"},"content":{"rendered":"<p><img loading=\"lazy\" decoding=\"async\" class=\"alignnone size-full wp-image-2159\" src=\"https:\/\/fmp-components.com\/wp-content\/uploads\/2024\/12\/Agricultural-Gearbox-and-PTO-Drive-Shaft-3.webp\" alt=\"Mez\u0151gazdas\u00e1gi-Sebess\u00e9gv\u00e1lt\u00f3-\u00e9s-TLT-kard\u00e1ntengely-3\" width=\"1200\" height=\"540\" title=\"\" srcset=\"https:\/\/fmp-components.com\/wp-content\/uploads\/2024\/12\/Agricultural-Gearbox-and-PTO-Drive-Shaft-3.webp 1200w, https:\/\/fmp-components.com\/wp-content\/uploads\/2024\/12\/Agricultural-Gearbox-and-PTO-Drive-Shaft-3-980x441.webp 980w, https:\/\/fmp-components.com\/wp-content\/uploads\/2024\/12\/Agricultural-Gearbox-and-PTO-Drive-Shaft-3-480x216.webp 480w\" sizes=\"(min-width: 0px) and (max-width: 480px) 480px, (min-width: 481px) and (max-width: 980px) 980px, (min-width: 981px) 1200px, 100vw\" \/><\/p>\n<h2>Az L-25J m\u0171tr\u00e1gyasz\u00f3r\u00f3 sebess\u00e9gv\u00e1lt\u00f3 m\u0171szaki adatai<\/h2>\n<table style=\"width: 103.326%; height: 185px;\" width=\"270\">\n<tbody>\n<tr>\n<td width=\"132\"><img loading=\"lazy\" decoding=\"async\" class=\"alignnone size-full wp-image-2163\" src=\"https:\/\/fmp-components.com\/wp-content\/uploads\/2024\/12\/Fertilizer-Spreader-Gearbox-L-25J-Specifications-1.webp\" alt=\"M\u0171tr\u00e1gyasz\u00f3r\u00f3-Sebess\u00e9gv\u00e1lt\u00f3-L-25J-Specifik\u00e1ci\u00f3k-1\" width=\"600\" height=\"600\" title=\"\" srcset=\"https:\/\/fmp-components.com\/wp-content\/uploads\/2024\/12\/Fertilizer-Spreader-Gearbox-L-25J-Specifications-1.webp 600w, https:\/\/fmp-components.com\/wp-content\/uploads\/2024\/12\/Fertilizer-Spreader-Gearbox-L-25J-Specifications-1-480x480.webp 480w\" sizes=\"(min-width: 0px) and (max-width: 480px) 480px, (min-width: 481px) 600px, 100vw\" \/><\/td>\n<td width=\"138\"><img loading=\"lazy\" decoding=\"async\" class=\"alignnone size-full wp-image-2164\" src=\"https:\/\/fmp-components.com\/wp-content\/uploads\/2024\/12\/Fertilizer-Spreader-Gearbox-L-25J-Specifications-2.webp\" alt=\"M\u0171tr\u00e1gyasz\u00f3r\u00f3-Sebess\u00e9gv\u00e1lt\u00f3-L-25J-M\u0171szaki adatok-2\" width=\"600\" height=\"600\" title=\"\" srcset=\"https:\/\/fmp-components.com\/wp-content\/uploads\/2024\/12\/Fertilizer-Spreader-Gearbox-L-25J-Specifications-2.webp 600w, https:\/\/fmp-components.com\/wp-content\/uploads\/2024\/12\/Fertilizer-Spreader-Gearbox-L-25J-Specifications-2-480x480.webp 480w\" sizes=\"(min-width: 0px) and (max-width: 480px) 480px, (min-width: 481px) 600px, 100vw\" \/><\/td>\n<\/tr>\n<\/tbody>\n<\/table>\n<table class=\"kh-1xzm1su\" border=\"1\" cellspacing=\"0\" cellpadding=\"0\" data-intent=\"lists-product-attributes\" data-test-id=\"attributes-list\">\n<tbody class=\"kh-1ago99h\">\n<tr id=\"attLongDescription\" class=\"kh-bwvum6\">\n<th class=\"kh-10oizfy\">Le\u00edr\u00e1s<\/th>\n<td class=\"kh-1f5nhat\">\n<div class=\"kh-pkx4zo\">M\u0171tr\u00e1gyasz\u00f3r\u00f3 sebess\u00e9gv\u00e1lt\u00f3ja \u2013 Comer sebess\u00e9gv\u00e1lt\u00f3 L-25J cser\u00e9je<\/div>\n<\/td>\n<\/tr>\n<tr id=\"attApplicationRange\" class=\"kh-bwvum6\">\n<th class=\"kh-10oizfy\">Alkalmaz\u00e1s<\/th>\n<td class=\"kh-1f5nhat\">\n<ul>\n<li class=\"kh-16zd49f\">K\u00fcl\u00f6nb\u00f6z\u0151 (mez\u0151gazdas\u00e1gi) alkalmaz\u00e1sok<\/li>\n<li class=\"kh-16zd49f\">F\u0171ny\u00edr\u00f3k<\/li>\n<li class=\"kh-16zd49f\">Vegyi m\u0171tr\u00e1gyasz\u00f3r\u00f3k<\/li>\n<li class=\"kh-16zd49f\">Szalagf\u0171r\u00e9szek<\/li>\n<\/ul>\n<\/td>\n<\/tr>\n<tr id=\"attConsistsOf\" class=\"kh-bwvum6\">\n<th class=\"kh-10oizfy\">Tartalmaz<\/th>\n<td class=\"kh-1f5nhat\">\n<ul>\n<li class=\"kh-16zd49f\">Sebess\u00e9gv\u00e1lt\u00f3<\/li>\n<li class=\"kh-16zd49f\">Olaj n\u00e9lk\u00fcl<\/li>\n<\/ul>\n<\/td>\n<\/tr>\n<tr id=\"attTechnicalInformation\" class=\"kh-bwvum6\">\n<th class=\"kh-10oizfy\">M\u0171szaki inform\u00e1ci\u00f3k<\/th>\n<td class=\"kh-1f5nhat\">\n<ul>\n<li class=\"kh-16zd49f\">Ha b\u00e1rmilyen k\u00e9rd\u00e9se van a k\u00fcl\u00f6nb\u00f6z\u0151 sebess\u00e9gek melletti teljes\u00edtm\u00e9nnyel kapcsolatban, k\u00e9rj\u00fck, ne habozzon kapcsolatba l\u00e9pni vel\u00fcnk.<\/li>\n<li class=\"kh-16zd49f\">Els\u0151 haszn\u00e1latkor 50 \u00fczem\u00f3ra ut\u00e1n cser\u00e9lje ki az olajat.<\/li>\n<\/ul>\n<\/td>\n<\/tr>\n<tr id=\"taMaxOutputTorqueDaNm\" class=\"kh-bwvum6\">\n<th class=\"kh-10oizfy\">Max. kimeneti nyomat\u00e9k<\/th>\n<td class=\"kh-1f5nhat\">\n<div class=\"kh-pkx4zo\">22,7 daNm<\/div>\n<\/td>\n<\/tr>\n<tr id=\"taContainsOil\" class=\"kh-bwvum6\">\n<th class=\"kh-10oizfy\">Olajat tartalmaz<\/th>\n<td class=\"kh-1f5nhat\">\n<div class=\"kh-pkx4zo\">Nem<\/div>\n<\/td>\n<\/tr>\n<tr id=\"taMaxOilCapacityL\" class=\"kh-bwvum6\">\n<th class=\"kh-10oizfy\">Max. olajkapacit\u00e1s<\/th>\n<td class=\"kh-1f5nhat\">\n<div class=\"kh-pkx4zo\">0,35 liter<\/div>\n<\/td>\n<\/tr>\n<tr id=\"taMaxOilChangeIntervalH\" class=\"kh-bwvum6\">\n<th class=\"kh-10oizfy\">Max. olajcsere-intervallum<\/th>\n<td class=\"kh-1f5nhat\">\n<div class=\"kh-pkx4zo\">500 \u00f3ra<\/div>\n<\/td>\n<\/tr>\n<tr id=\"taOilSAEViscosityGrade\" class=\"kh-bwvum6\">\n<th class=\"kh-10oizfy\">SAE viszkozit\u00e1si oszt\u00e1ly\u00fa olaj<\/th>\n<td class=\"kh-1f5nhat\">\n<div class=\"kh-pkx4zo\">80W-90<\/div>\n<\/td>\n<\/tr>\n<tr id=\"taHousingMaterial_16\" class=\"kh-bwvum6\">\n<th class=\"kh-10oizfy\">H\u00e1z anyaga<\/th>\n<td class=\"kh-1f5nhat\">\n<div class=\"kh-pkx4zo\">Alum\u00ednium<\/div>\n<\/td>\n<\/tr>\n<tr id=\"taWeightKg_75\" class=\"kh-bwvum6\">\n<th class=\"kh-10oizfy\">S\u00faly<\/th>\n<td class=\"kh-1f5nhat\">\n<div class=\"kh-pkx4zo\">4,1 kg<\/div>\n<\/td>\n<\/tr>\n<tr id=\"taGearArrangementRed\" class=\"kh-bwvum6\">\n<th class=\"kh-10oizfy\">Fogasker\u00e9k elrendez\u00e9s Reduk\u00e1l\u00f3<\/th>\n<td class=\"kh-1f5nhat\">\n<div class=\"kh-pkx4zo\">3 &#8211; 4<\/div>\n<\/td>\n<\/tr>\n<tr id=\"taInputPowerKwHpInc\" class=\"kh-bwvum6\">\n<th class=\"kh-10oizfy\">Bemeneti teljes\u00edtm\u00e9ny kW \/ LE N\u00f6vekv\u0151<\/th>\n<td class=\"kh-1f5nhat\">\n<div class=\"kh-pkx4zo\">11 \/ 15 kW\/LE<\/div>\n<\/td>\n<\/tr>\n<tr id=\"taInputShaftIncreasi\" class=\"kh-bwvum6\">\n<th class=\"kh-10oizfy\">Bemeneti tengely N\u00f6vekv\u0151<\/th>\n<td class=\"kh-1f5nhat\">\n<div class=\"kh-pkx4zo\">X<\/div>\n<\/td>\n<\/tr>\n<tr id=\"taInputShaftReducing\" class=\"kh-bwvum6\">\n<th class=\"kh-10oizfy\">Bemeneti tengely cs\u00f6kkent\u00e9se<\/th>\n<td class=\"kh-1f5nhat\">\n<div class=\"kh-pkx4zo\">Z<\/div>\n<\/td>\n<\/tr>\n<tr id=\"taNSInputpowerKW-HPR\" class=\"kh-bwvum6\">\n<th class=\"kh-10oizfy\">Bemeneti teljes\u00edtm\u00e9ny kW \/ LE Reducing<\/th>\n<td class=\"kh-1f5nhat\">\n<div class=\"kh-pkx4zo\">7 \/ 9,5 kW\/LE<\/div>\n<\/td>\n<\/tr>\n<tr id=\"taNSOutputTorqueDaNm_1\" class=\"kh-bwvum6\">\n<th class=\"kh-10oizfy\">Kimeneti nyomat\u00e9k DaNm n\u00f6vekv\u0151<\/th>\n<td class=\"kh-1f5nhat\">\n<div class=\"kh-pkx4zo\">9,9 daNm<\/div>\n<\/td>\n<\/tr>\n<tr id=\"taRatioIncreasing\" class=\"kh-bwvum6\">\n<th class=\"kh-10oizfy\">Ar\u00e1ny n\u00f6vel\u00e9se<\/th>\n<td class=\"kh-1f5nhat\">\n<div class=\"kh-pkx4zo\">1: 1,9<\/div>\n<\/td>\n<\/tr>\n<tr id=\"taRatioReducing\" class=\"kh-bwvum6\">\n<th class=\"kh-10oizfy\">Ar\u00e1nycs\u00f6kkent\u00e9s<\/th>\n<td class=\"kh-1f5nhat\">\n<div class=\"kh-pkx4zo\">1.9: 1<\/div>\n<\/td>\n<\/tr>\n<tr id=\"taShaftX\" class=\"kh-bwvum6\">\n<th class=\"kh-10oizfy\">X tengely<\/th>\n<td class=\"kh-1f5nhat\">\n<div class=\"kh-pkx4zo\">1 3\/8\u2033 (6) (A)<\/div>\n<\/td>\n<\/tr>\n<tr id=\"taShaftZ\" class=\"kh-bwvum6\">\n<th class=\"kh-10oizfy\">Z tengely<\/th>\n<td class=\"kh-1f5nhat\">\n<div class=\"kh-pkx4zo\">22 (D)<\/div>\n<\/td>\n<\/tr>\n<\/tbody>\n<\/table>\n<h2>Az L-25J m\u0171tr\u00e1gyasz\u00f3r\u00f3 sebess\u00e9gv\u00e1lt\u00f3 jellemz\u0151i<\/h2>\n<ol>\n<li><strong>Nagy teljes\u00edtm\u00e9ny \u00e9s hat\u00e9konys\u00e1g<\/strong>Az L-25J m\u0171tr\u00e1gyasz\u00f3r\u00f3 sebess\u00e9gv\u00e1lt\u00f3j\u00e1t \u00fagy tervezt\u00e9k, hogy optim\u00e1lis teljes\u00edtm\u00e9nyt ny\u00fajtson a sz\u00f3r\u00e1si alkalmaz\u00e1sok sz\u00e9les k\u00f6r\u00e9ben. Hat\u00e9konyan tov\u00e1bb\u00edtja a teljes\u00edtm\u00e9nyt a traktor TLT-rendszer\u00e9r\u0151l a m\u0171tr\u00e1gyasz\u00f3r\u00f3ra, biztos\u00edtva a sima \u00e9s k\u00f6vetkezetes m\u0171k\u00f6d\u00e9st. Nagy hat\u00e1sfoka lehet\u0151v\u00e9 teszi az er\u0151forr\u00e1sok hat\u00e9kony felhaszn\u00e1l\u00e1s\u00e1t, cs\u00f6kkenti az \u00fczemanyag-fogyaszt\u00e1st, mik\u00f6zben n\u00f6veli a termel\u00e9kenys\u00e9get.<\/li>\n<li><strong>Tart\u00f3s konstrukci\u00f3<\/strong>A robusztus anyagokb\u00f3l k\u00e9sz\u00fclt L-25J sebess\u00e9gv\u00e1lt\u00f3t \u00fagy tervezt\u00e9k, hogy ellen\u00e1lljon a mez\u0151gazdas\u00e1gi k\u00f6rnyezetben gyakran el\u0151fordul\u00f3 zord k\u00f6r\u00fclm\u00e9nyeknek. Nagy szil\u00e1rds\u00e1g\u00fa h\u00e1za \u00e9s bels\u0151 alkatr\u00e9szei ellen\u00e1llnak a kop\u00e1snak \u00e9s a korr\u00f3zi\u00f3nak, \u00edgy hossz\u00fa t\u00e1v\u00fa tart\u00f3ss\u00e1got biztos\u00edtanak, \u00e9s cs\u00f6kkentik a karbantart\u00e1s vagy csere gyakoris\u00e1g\u00e1t.<\/li>\n<li><strong>Kompakt \u00e9s helytakar\u00e9kos kialak\u00edt\u00e1s<\/strong>Az L-25J sebess\u00e9gv\u00e1lt\u00f3 kompakt \u00e9s k\u00f6nnyen integr\u00e1lhat\u00f3 a m\u0171tr\u00e1gyasz\u00f3r\u00f3 rendszerekbe. Helytakar\u00e9kos kialak\u00edt\u00e1s\u00e1nak k\u00f6sz\u00f6nhet\u0151en felesleges bonyolults\u00e1g n\u00e9lk\u00fcl telep\u00edthet\u0151, \u00edgy k\u00f6nnyen haszn\u00e1lhat\u00f3 \u00e9s sz\u00e1mos mez\u0151gazdas\u00e1gi berendez\u00e9sbe beszerelhet\u0151.<\/li>\n<li><strong>Sima er\u0151\u00e1tvitel<\/strong>Ez a sebess\u00e9gv\u00e1lt\u00f3 sima er\u0151\u00e1tviteli mechanizmussal rendelkezik, amely biztos\u00edtja a m\u0171tr\u00e1gya egyenletes sz\u00f3r\u00e1s\u00e1t, seg\u00edtve az egyenletes eloszl\u00e1st nagy mez\u0151gazdas\u00e1gi ter\u00fcleteken. Kialak\u00edt\u00e1sa minimaliz\u00e1lja a rezg\u00e9seket, stabil \u00e9s szab\u00e1lyozott m\u0171k\u00f6d\u00e9st biztos\u00edtva, amely megakad\u00e1lyozza az egyenetlen m\u0171tr\u00e1gyasz\u00f3r\u00e1st.<\/li>\n<li><strong>Sokoldal\u00fa alkalmaz\u00e1s<\/strong>Az L-25J sebess\u00e9gv\u00e1lt\u00f3 rendk\u00edv\u00fcl sokoldal\u00fa, \u00e9s k\u00fcl\u00f6nf\u00e9le m\u0171tr\u00e1gyasz\u00f3r\u00f3kban haszn\u00e1lj\u00e1k, bele\u00e9rtve a granul\u00e1lt vagy pelletiz\u00e1lt m\u0171tr\u00e1gy\u00e1khoz haszn\u00e1ltakat is. K\u00fcl\u00f6nb\u00f6z\u0151 sz\u00f3r\u00e1si sz\u00e9less\u00e9geket \u00e9s \u00e1ll\u00edthat\u00f3 \u00e1raml\u00e1si sebess\u00e9geket k\u00e9pes kezelni, \u00edgy sz\u00e9les k\u00f6r\u0171 mez\u0151gazdas\u00e1gi alkalmaz\u00e1sokhoz alkalmas, a kis\u00fczemiekt\u0151l a nagy mez\u0151gazdas\u00e1gi m\u0171veletekig.<\/li>\n<\/ol>\n<p>Az L-25J m\u0171tr\u00e1gyasz\u00f3r\u00f3 sebess\u00e9gv\u00e1lt\u00f3 megb\u00edzhat\u00f3 \u00e9s hat\u00e9kony megold\u00e1st k\u00edn\u00e1l a m\u0171tr\u00e1gyasz\u00f3r\u00e1si feladatokhoz, amelyet tart\u00f3ss\u00e1ga, sima teljes\u00edtm\u00e9nye \u00e9s sokoldal\u00fas\u00e1ga jellemez, \u00edgy n\u00e9lk\u00fcl\u00f6zhetetlen eleme a mez\u0151gazdas\u00e1gi m\u0171veletek optimaliz\u00e1l\u00e1s\u00e1nak.<\/p>\n<p><img loading=\"lazy\" decoding=\"async\" class=\"alignnone size-full wp-image-2172\" src=\"https:\/\/fmp-components.com\/wp-content\/uploads\/2024\/12\/Characteristic-of-Fertilizer-Spreader-Gearbox-L-25J.webp\" alt=\"M\u0171tr\u00e1gyasz\u00f3r\u00f3-sebess\u00e9gv\u00e1lt\u00f3-L-25J jellemz\u0151i\" width=\"1200\" height=\"743\" title=\"\" srcset=\"https:\/\/fmp-components.com\/wp-content\/uploads\/2024\/12\/Characteristic-of-Fertilizer-Spreader-Gearbox-L-25J.webp 1200w, https:\/\/fmp-components.com\/wp-content\/uploads\/2024\/12\/Characteristic-of-Fertilizer-Spreader-Gearbox-L-25J-980x607.webp 980w, https:\/\/fmp-components.com\/wp-content\/uploads\/2024\/12\/Characteristic-of-Fertilizer-Spreader-Gearbox-L-25J-480x297.webp 480w\" sizes=\"(min-width: 0px) and (max-width: 480px) 480px, (min-width: 481px) and (max-width: 980px) 980px, (min-width: 981px) 1200px, 100vw\" \/><\/p>\n<h3>Kard\u00e1ntengelyek mez\u0151gazdas\u00e1gi m\u0171tr\u00e1gyasz\u00f3r\u00f3 sebess\u00e9gv\u00e1lt\u00f3hoz<\/h3>\n<ol>\n<li><strong>Megb\u00edzhat\u00f3 er\u0151\u00e1tvitel<\/strong><br \/>\nA mez\u0151gazdas\u00e1gi m\u0171tr\u00e1gyasz\u00f3r\u00f3k sebess\u00e9gv\u00e1lt\u00f3inak kard\u00e1ntengelyei elengedhetetlenek a traktor \u00e9s a sebess\u00e9gv\u00e1lt\u00f3 k\u00f6z\u00f6tti hat\u00e9kony er\u0151\u00e1tvitelhez. Ezeket a tengelyeket \u00fagy tervezt\u00e9k, hogy egyenletes \u00e9s megb\u00edzhat\u00f3 er\u0151\u00e1tvitelt biztos\u00edtsanak, biztos\u00edtva a m\u0171tr\u00e1gyasz\u00f3r\u00f3 z\u00f6kken\u0151mentes m\u0171k\u00f6d\u00e9s\u00e9t. Egy j\u00f3l megtervezett kard\u00e1ntengellyel a sebess\u00e9gv\u00e1lt\u00f3 hat\u00e9konyan tudja meghajtani a sz\u00f3r\u00f3szerkezetet, fenntartva a m\u0171tr\u00e1gya megfelel\u0151 kijuttat\u00e1si mennyis\u00e9g\u00e9t.<\/li>\n<li><strong>Nagy teherb\u00edr\u00e1s\u00fa konstrukci\u00f3<\/strong><br \/>\nA mez\u0151gazdas\u00e1gi kard\u00e1ntengelyeket \u00fagy tervezt\u00e9k, hogy ellen\u00e1lljanak a mez\u0151gazdas\u00e1gi m\u0171veletek neh\u00e9z k\u00f6r\u00fclm\u00e9nyeinek. Nagy szil\u00e1rds\u00e1g\u00fa anyagokb\u00f3l k\u00e9sz\u00fclnek, \u00e9s \u00fagy tervezt\u00e9k \u0151ket, hogy ellen\u00e1lljanak a nagy terhel\u00e9seknek, \u00fct\u00e9seknek \u00e9s fesz\u00fclts\u00e9geknek folyamatos haszn\u00e1lat sor\u00e1n. Ak\u00e1r sz\u00e1raz, nedves vagy s\u00e1ros k\u00f6rnyezetben haszn\u00e1lj\u00e1k \u0151ket, ezek a kard\u00e1ntengelyek kop\u00e1s- \u00e9s korr\u00f3zi\u00f3\u00e1ll\u00f3ak, \u00edgy hossz\u00fa t\u00e1v\u00fa tart\u00f3ss\u00e1got \u00e9s megb\u00edzhat\u00f3 teljes\u00edtm\u00e9nyt biztos\u00edtanak m\u00e9g zord mez\u0151gazdas\u00e1gi k\u00f6r\u00fclm\u00e9nyek k\u00f6z\u00f6tt is.<\/li>\n<li><strong>K\u00f6nny\u0171 csatlakoztat\u00e1s \u00e9s lev\u00e1laszt\u00e1s<\/strong><br \/>\nA m\u0171tr\u00e1gyasz\u00f3r\u00f3k kard\u00e1ntengelyeinek egyik kiemelked\u0151 tulajdons\u00e1ga a k\u00f6nny\u0171 csatlakoztat\u00e1s \u00e9s lev\u00e1laszt\u00e1s. \u00dagy tervezt\u00e9k, hogy gyorsan csatlakoztathat\u00f3k legyenek mind a traktorhoz, mind a sebess\u00e9gv\u00e1lt\u00f3hoz, \u00edgy k\u00e9nyelmet biztos\u00edtanak a gazd\u00e1lkod\u00f3knak a munkav\u00e9gz\u00e9s sor\u00e1n. Ez a gyorscsatlakoz\u00f3 funkci\u00f3 minimaliz\u00e1lja az \u00e1ll\u00e1sid\u0151t, \u00e9s lehet\u0151v\u00e9 teszi a kezel\u0151k sz\u00e1m\u00e1ra, hogy sz\u00fcks\u00e9g szerint gyorsan v\u00e1ltsanak a k\u00fcl\u00f6nb\u00f6z\u0151 berendez\u00e9sek k\u00f6z\u00f6tt, n\u00f6velve ezzel a m\u0171k\u00f6d\u00e9si hat\u00e9konys\u00e1got.<\/li>\n<li><strong>Biztons\u00e1gi funkci\u00f3k<\/strong><br \/>\nA mez\u0151gazdas\u00e1gi g\u00e9pekn\u00e9l a biztons\u00e1g kritikus fontoss\u00e1g\u00fa, \u00e9s a m\u0171tr\u00e1gyasz\u00f3r\u00f3k kard\u00e1ntengelyei be\u00e9p\u00edtett biztons\u00e1gi funkci\u00f3kkal vannak felszerelve. Ezek jellemz\u0151en v\u00e9d\u0151burkolatokat \u00e9s biztons\u00e1gi tengelykapcsol\u00f3kat tartalmaznak, amelyek megakad\u00e1lyozz\u00e1k a v\u00e9letlen lekapcsol\u00e1st \u00e9s cs\u00f6kkentik a s\u00e9r\u00fcl\u00e9svesz\u00e9lyt. A burkolatok v\u00e9dik a forg\u00f3 alkatr\u00e9szeket, m\u00edg a biztons\u00e1gi tengelykapcsol\u00f3k biztos\u00edtj\u00e1k a tengely leold\u00e1s\u00e1t meghib\u00e1sod\u00e1s eset\u00e9n, \u00edgy nagyobb biztons\u00e1got ny\u00fajtva a kezel\u0151nek haszn\u00e1lat k\u00f6zben.<\/li>\n<li><strong>\u00c1ll\u00edthat\u00f3 hossz\u00fas\u00e1g a sokoldal\u00fas\u00e1g \u00e9rdek\u00e9ben<\/strong><br \/>\nA kard\u00e1ntengelyek \u00e1ll\u00edthat\u00f3 hossz\u00fas\u00e1gban kaphat\u00f3k, hogy illeszkedjenek a k\u00fcl\u00f6nf\u00e9le mez\u0151gazdas\u00e1gi g\u00e9pek be\u00e1ll\u00edt\u00e1saihoz. Ez a rugalmass\u00e1g biztos\u00edtja, hogy a tengely a m\u0171tr\u00e1gyasz\u00f3r\u00f3k \u00e9s traktorok sz\u00e9les v\u00e1laszt\u00e9k\u00e1val haszn\u00e1lhat\u00f3 legyen, m\u00e9rett\u0151l \u00e9s konfigur\u00e1ci\u00f3t\u00f3l f\u00fcggetlen\u00fcl. A tengelyhossz be\u00e1ll\u00edt\u00e1s\u00e1nak lehet\u0151s\u00e9ge biztos\u00edtja az optim\u00e1lis be\u00e1ll\u00edt\u00e1st \u00e9s a hat\u00e9kony er\u0151\u00e1tvitelt, \u00edgy ezek a kard\u00e1ntengelyek sokoldal\u00fa megold\u00e1st jelentenek a k\u00fcl\u00f6nb\u00f6z\u0151 t\u00edpus\u00fa mez\u0151gazdas\u00e1gi m\u0171veletekhez.<\/li>\n<\/ol>\n<table style=\"width: 103.326%; height: 185px;\" width=\"270\">\n<tbody>\n<tr>\n<td style=\"width: 49.6862%;\" width=\"132\"><img loading=\"lazy\" decoding=\"async\" class=\"alignnone size-full wp-image-2170\" src=\"https:\/\/fmp-components.com\/wp-content\/uploads\/2024\/12\/PTO-Shafts-for-Agricultural-Fertilizer-Spreader-Gearbox-2.webp\" alt=\"Kard\u00e1ntengelyek-Mez\u0151gazdas\u00e1gi-M\u0171tr\u00e1gyasz\u00f3r\u00f3-Sebess\u00e9gv\u00e1lt\u00f3hoz-2\" width=\"1200\" height=\"800\" title=\"\" srcset=\"https:\/\/fmp-components.com\/wp-content\/uploads\/2024\/12\/PTO-Shafts-for-Agricultural-Fertilizer-Spreader-Gearbox-2.webp 1200w, https:\/\/fmp-components.com\/wp-content\/uploads\/2024\/12\/PTO-Shafts-for-Agricultural-Fertilizer-Spreader-Gearbox-2-980x653.webp 980w, https:\/\/fmp-components.com\/wp-content\/uploads\/2024\/12\/PTO-Shafts-for-Agricultural-Fertilizer-Spreader-Gearbox-2-480x320.webp 480w\" sizes=\"(min-width: 0px) and (max-width: 480px) 480px, (min-width: 481px) and (max-width: 980px) 980px, (min-width: 981px) 1200px, 100vw\" \/><\/td>\n<td style=\"width: 49.6862%;\" width=\"138\"><img loading=\"lazy\" decoding=\"async\" class=\"alignnone size-full wp-image-2171\" src=\"https:\/\/fmp-components.com\/wp-content\/uploads\/2024\/12\/PTO-Shafts-for-Agricultural-Fertilizer-Spreader-Gearbox-1.webp\" alt=\"Kard\u00e1ntengelyek-Mez\u0151gazdas\u00e1gi-M\u0171tr\u00e1gyasz\u00f3r\u00f3-Sebess\u00e9gv\u00e1lt\u00f3hoz-1\" width=\"1200\" height=\"800\" title=\"\" srcset=\"https:\/\/fmp-components.com\/wp-content\/uploads\/2024\/12\/PTO-Shafts-for-Agricultural-Fertilizer-Spreader-Gearbox-1.webp 1200w, https:\/\/fmp-components.com\/wp-content\/uploads\/2024\/12\/PTO-Shafts-for-Agricultural-Fertilizer-Spreader-Gearbox-1-980x653.webp 980w, https:\/\/fmp-components.com\/wp-content\/uploads\/2024\/12\/PTO-Shafts-for-Agricultural-Fertilizer-Spreader-Gearbox-1-480x320.webp 480w\" sizes=\"(min-width: 0px) and (max-width: 480px) 480px, (min-width: 481px) and (max-width: 980px) 980px, (min-width: 981px) 1200px, 100vw\" \/><\/td>\n<\/tr>\n<\/tbody>\n<\/table>\n<h3>Az FMP-r\u0151l<\/h3>\n<p>Az olaszorsz\u00e1gi sz\u00e9khely\u0171 FMP a sebess\u00e9gv\u00e1lt\u00f3-gy\u00e1rt\u00e1s \u00e9lvonal\u00e1ban \u00e1ll, \u00e9s a nagy teljes\u00edtm\u00e9ny\u0171 sebess\u00e9gv\u00e1lt\u00f3k tervez\u00e9s\u00e9ben, fejleszt\u00e9s\u00e9ben \u00e9s gy\u00e1rt\u00e1s\u00e1ban szerzett szak\u00e9rtelm\u00e9r\u0151l ismert. A mez\u0151gazdas\u00e1gi g\u00e9pekre szakosodott FMP megb\u00edzhat\u00f3 n\u00e9vv\u00e9 v\u00e1lt az \u00e1gazatban. A prec\u00edzi\u00f3s m\u00e9rn\u00f6ki munk\u00e1ra, az innov\u00e1ci\u00f3ra \u00e9s a rend\u00edthetetlen megb\u00edzhat\u00f3s\u00e1gra \u00e9p\u00fcl\u0151 h\u00edrn\u00e9vnek k\u00f6sz\u00f6nhet\u0151en pr\u00e9mium term\u00e9keket sz\u00e1ll\u00edtunk, amelyek megfelelnek mind a mez\u0151gazdas\u00e1gi, mind az ipari piacok folyamatosan v\u00e1ltoz\u00f3 ig\u00e9nyeinek. Soksz\u00edn\u0171 term\u00e9kportf\u00f3li\u00f3nk mag\u00e1ban foglalja a f\u0171ny\u00edr\u00f3khoz, kard\u00e1ntengelyekhez \u00e9s m\u00e1s kritikus alkatr\u00e9szekhez k\u00e9sz\u00fclt speci\u00e1lis sebess\u00e9gv\u00e1lt\u00f3kat, amelyek mindegyike testreszabott megold\u00e1sokat k\u00edn\u00e1l a legk\u00fcl\u00f6nb\u00f6z\u0151bb alkalmaz\u00e1sokhoz.<\/p>\n<p>Az FMP elk\u00f6telezett amellett, hogy ne csak term\u00e9keket k\u00edn\u00e1ljon; \u00e1tfog\u00f3, testreszabott megold\u00e1sokat k\u00edn\u00e1lunk, amelyek \u00fcgyfeleink egyedi kih\u00edv\u00e1saira adnak v\u00e1laszt. Legyen sz\u00f3 ak\u00e1r egyedi alkatr\u00e9szekr\u0151l, ak\u00e1r komplett, teljesen integr\u00e1lt rendszerekr\u0151l, olyan megold\u00e1sok kidolgoz\u00e1s\u00e1ra specializ\u00e1l\u00f3dtunk, amelyek optimaliz\u00e1lj\u00e1k a teljes\u00edtm\u00e9nyt \u00e9s \u00e9rt\u00e9ket teremtenek. \u00dcgyfeleinkkel szorosan egy\u00fcttm\u0171k\u00f6dve biztos\u00edtjuk, hogy minden megold\u00e1s hat\u00e9kony \u00e9s eredm\u00e9nyes legyen, gondosan megtervezve az adott ig\u00e9nyek kiel\u00e9g\u00edt\u00e9s\u00e9re, mik\u00f6zben maximaliz\u00e1lja a teljes\u00edtm\u00e9nyt. A gyors, professzion\u00e1lis v\u00e1laszok ir\u00e1nti elk\u00f6telezetts\u00e9g\u00fcnk a szak\u00e9rt\u0151i \u00fatmutat\u00e1ssal kombin\u00e1lva biztos\u00edtja, hogy minden megkeres\u00e9st prec\u00edzen \u00e9s gondosan kezelj\u00fcnk, meger\u0151s\u00edtve megb\u00edzhat\u00f3s\u00e1gunkr\u00f3l szerzett h\u00edrnev\u00fcnket.<\/p>\n<p>A ny\u00edlt kommunik\u00e1ci\u00f3 kulcsfontoss\u00e1g\u00fa a siker\u00fcnkh\u00f6z, k\u00fcl\u00f6n\u00f6sen \u00faj term\u00e9kek fejleszt\u00e9se sor\u00e1n. Elk\u00f6telezett csapatunk szorosan egy\u00fcttm\u0171k\u00f6dik \u00fcgyfeleinkkel, hogy teljes m\u00e9rt\u00e9kben meg\u00e9rtse egyedi ig\u00e9nyeiket, \u00e9s \u00e9rt\u00e9kes betekint\u00e9st ny\u00fajtson, amelyek a leghat\u00e9konyabb megold\u00e1sokhoz vezetnek. Ak\u00e1r \u00e9lvonalbeli term\u00e9keket tervez\u00fcnk, ak\u00e1r folyamatos megrendel\u00e9seket teljes\u00edt\u00fcnk, elk\u00f6telezettek vagyunk a kiv\u00e1l\u00f3 min\u0151s\u00e9g\u0171, prec\u00edzi\u00f3s m\u00e9rn\u00f6ki megold\u00e1sok hat\u00e9kony \u00e9s k\u00f6vetkezetes sz\u00e1ll\u00edt\u00e1sa ir\u00e1nt. Az FMP-n\u00e9l minden projektet a hossz\u00fa t\u00e1v\u00fa el\u00e9gedetts\u00e9g \u00e9s a kiv\u00e1l\u00f3 funkcionalit\u00e1s biztos\u00edt\u00e1sa c\u00e9lj\u00e1b\u00f3l k\u00f6zel\u00edt\u00fcnk meg.<\/p>\n<p>A min\u0151s\u00e9g minden tev\u00e9kenys\u00e9g\u00fcnk k\u00f6z\u00e9ppontj\u00e1ban \u00e1ll. Betartjuk a legmagasabb gy\u00e1rt\u00e1si szabv\u00e1nyokat, szigor\u00fa min\u0151s\u00e9gellen\u0151rz\u00e9si folyamatokat integr\u00e1lva annak biztos\u00edt\u00e1s\u00e1ra, hogy minden term\u00e9k ne csak megfeleljen, hanem meghaladja az ipar\u00e1gi elv\u00e1r\u00e1sokat. A folyamatos fejleszt\u00e9s ir\u00e1nti elk\u00f6telezetts\u00e9g\u00fcnk, valamint az integrit\u00e1s, az egy\u00fcttm\u0171k\u00f6d\u00e9s \u00e9s a kitart\u00e1s alapvet\u0151 \u00e9rt\u00e9keink lehet\u0151v\u00e9 tett\u00e9k sz\u00e1munkra, hogy tart\u00f3s kapcsolatokat \u00e9p\u00edts\u00fcnk ki \u00fcgyfeleinkkel t\u00f6bb mint 30 orsz\u00e1gban vil\u00e1gszerte. Ez a kiv\u00e1l\u00f3s\u00e1g ir\u00e1nti elk\u00f6telezetts\u00e9g biztos\u00edtja, hogy az FMP tov\u00e1bbra is el\u0151nyben r\u00e9szes\u00edtett partner maradjon a megb\u00edzhat\u00f3, nagy teljes\u00edtm\u00e9ny\u0171 alkatr\u00e9szeket keres\u0151 v\u00e1llalkoz\u00e1sok sz\u00e1m\u00e1ra.<\/p>\n<p>Az FMP mindig nyitott a glob\u00e1lis partners\u00e9gek ki\u00e9p\u00edt\u00e9s\u00e9re \u00e9s \u00e1pol\u00e1s\u00e1ra. Meg\u00e9rtj\u00fck, hogy minden \u00fcgyf\u00e9lnek egyedi ig\u00e9nyei vannak, \u00e9s elk\u00f6telezettek vagyunk amellett, hogy szak\u00e9rt\u0151i tan\u00e1csokat \u00e9s szem\u00e9lyre szabott megold\u00e1sokat k\u00edn\u00e1ljunk ezen ig\u00e9nyek kiel\u00e9g\u00edt\u00e9s\u00e9re. Megk\u00f6zel\u00edt\u00e9s\u00fcnk t\u00falmutat a puszta term\u00e9ksz\u00e1ll\u00edt\u00e1son; olyan hossz\u00fa t\u00e1v\u00fa kapcsolatok kialak\u00edt\u00e1s\u00e1ra t\u00f6reksz\u00fcnk, amelyek minden projekt siker\u00e9t t\u00e1mogatj\u00e1k. Ak\u00e1r innovat\u00edv megold\u00e1sokra van sz\u00fcks\u00e9ge egy \u00faj kezdem\u00e9nyez\u00e9shez, ak\u00e1r folyamatos t\u00e1mogat\u00e1sra egy megl\u00e9v\u0151 rendszerhez, az FMP itt van, hogy megoldja a technikai kih\u00edv\u00e1sokat \u00e9s biztos\u00edtsa a folyamatos sikert. Az FMP-vel t\u00f6bbet kap, mint egy besz\u00e1ll\u00edt\u00f3t \u2013 egy megb\u00edzhat\u00f3 partnert, aki elk\u00f6telezett v\u00e1llalkoz\u00e1sa el\u0151mozd\u00edt\u00e1sa ir\u00e1nt.<\/p>\n<p><img loading=\"lazy\" decoding=\"async\" class=\"alignnone size-full wp-image-1861\" src=\"https:\/\/fmp-components.com\/wp-content\/uploads\/2024\/12\/Other-Agricultural-Gearboxes.webp\" sizes=\"(min-width: 0px) and (max-width: 480px) 480px, (min-width: 481px) and (max-width: 980px) 980px, (min-width: 981px) 1200px, 100vw\" srcset=\"https:\/\/fmp-components.com\/wp-content\/uploads\/2024\/12\/Other-Agricultural-Gearboxes.webp 1200w, https:\/\/fmp-components.com\/wp-content\/uploads\/2024\/12\/Other-Agricultural-Gearboxes-980x1143.webp 980w, https:\/\/fmp-components.com\/wp-content\/uploads\/2024\/12\/Other-Agricultural-Gearboxes-480x560.webp 480w\" alt=\"Altri-cambi-agricoli\" width=\"1200\" height=\"1400\" title=\"\"><\/p>\n<p>Szerz\u0151: CX<\/p>","protected":false},"excerpt":{"rendered":"<p>Specifications of Fertilizer Spreader Gearbox L-25J Description Fertilizer Spreader Gearbox &#8211; Replacement of Comer Gearbox L-25J Application Various (agricultural) applications Mowers Chemical fertilizer spreaders Band saws Consists of Gearbox Without oil Technical information If you have any questions regarding performance at different speeds, please do not hesitate to contact us. When using it for the [&hellip;]<\/p>","protected":false},"featured_media":2160,"comment_status":"open","ping_status":"closed","template":"","meta":{"_et_pb_use_builder":"","_et_pb_old_content":"","_et_gb_content_width":""},"product_brand":[],"product_cat":[53],"product_tag":[],"class_list":{"0":"post-2158","1":"product","2":"type-product","3":"status-publish","4":"has-post-thumbnail","6":"product_cat-rotary-tiller-gearbox","8":"first","9":"instock","10":"shipping-taxable","11":"product-type-simple"},"_links":{"self":[{"href":"https:\/\/fmp-components.com\/hu\/wp-json\/wp\/v2\/product\/2158","targetHints":{"allow":["GET"]}}],"collection":[{"href":"https:\/\/fmp-components.com\/hu\/wp-json\/wp\/v2\/product"}],"about":[{"href":"https:\/\/fmp-components.com\/hu\/wp-json\/wp\/v2\/types\/product"}],"replies":[{"embeddable":true,"href":"https:\/\/fmp-components.com\/hu\/wp-json\/wp\/v2\/comments?post=2158"}],"wp:featuredmedia":[{"embeddable":true,"href":"https:\/\/fmp-components.com\/hu\/wp-json\/wp\/v2\/media\/2160"}],"wp:attachment":[{"href":"https:\/\/fmp-components.com\/hu\/wp-json\/wp\/v2\/media?parent=2158"}],"wp:term":[{"taxonomy":"product_brand","embeddable":true,"href":"https:\/\/fmp-components.com\/hu\/wp-json\/wp\/v2\/product_brand?post=2158"},{"taxonomy":"product_cat","embeddable":true,"href":"https:\/\/fmp-components.com\/hu\/wp-json\/wp\/v2\/product_cat?post=2158"},{"taxonomy":"product_tag","embeddable":true,"href":"https:\/\/fmp-components.com\/hu\/wp-json\/wp\/v2\/product_tag?post=2158"}],"curies":[{"name":"munkaf\u00fczet","href":"https:\/\/api.w.org\/{rel}","templated":true}]}}