{"id":2148,"date":"2024-12-30T06:48:50","date_gmt":"2024-12-30T06:48:50","guid":{"rendered":"https:\/\/fmp-components.com\/?page_id=8"},"modified":"2024-12-30T08:06:20","modified_gmt":"2024-12-30T08:06:20","slug":"fertilizer-spreader-gearbox-replacement-of-comer-code-l-150c","status":"publish","type":"product","link":"https:\/\/fmp-components.com\/hu\/product\/fertilizer-spreader-gearbox-replacement-of-comer-code-l-150c\/","title":{"rendered":"M\u0171tr\u00e1gyasz\u00f3r\u00f3 sebess\u00e9gv\u00e1lt\u00f3 \u2013 Comer Code L-150C csere"},"content":{"rendered":"<p><img loading=\"lazy\" decoding=\"async\" class=\"wp-image-2150 aligncenter\" src=\"https:\/\/fmp-components.com\/wp-content\/uploads\/2024\/12\/fertilizer-spreader-gearbox-l150c1.webp\" alt=\"m\u0171tr\u00e1gyasz\u00f3r\u00f3-sebess\u00e9gv\u00e1lt\u00f3-l150c\" width=\"453\" height=\"453\" title=\"\" srcset=\"https:\/\/fmp-components.com\/wp-content\/uploads\/2024\/12\/fertilizer-spreader-gearbox-l150c1.webp 300w, https:\/\/fmp-components.com\/wp-content\/uploads\/2024\/12\/fertilizer-spreader-gearbox-l150c1-150x150.webp 150w, https:\/\/fmp-components.com\/wp-content\/uploads\/2024\/12\/fertilizer-spreader-gearbox-l150c1-12x12.webp 12w, https:\/\/fmp-components.com\/wp-content\/uploads\/2024\/12\/fertilizer-spreader-gearbox-l150c1-100x100.webp 100w\" sizes=\"(max-width: 453px) 100vw, 453px\" \/><\/p>\n<h2>Az L-150C m\u0171tr\u00e1gyasz\u00f3r\u00f3 sebess\u00e9gv\u00e1lt\u00f3 m\u0171szaki adatai<\/h2>\n<p><img loading=\"lazy\" decoding=\"async\" class=\"alignnone size-full wp-image-2149\" src=\"https:\/\/fmp-components.com\/wp-content\/uploads\/2024\/12\/fertilizer-spreader-gearbox-specifications-l150c.webp\" alt=\"m\u0171tr\u00e1gyasz\u00f3r\u00f3-sebess\u00e9gv\u00e1lt\u00f3-specifik\u00e1ci\u00f3k-l150c\" width=\"1000\" height=\"744\" title=\"\" srcset=\"https:\/\/fmp-components.com\/wp-content\/uploads\/2024\/12\/fertilizer-spreader-gearbox-specifications-l150c.webp 1000w, https:\/\/fmp-components.com\/wp-content\/uploads\/2024\/12\/fertilizer-spreader-gearbox-specifications-l150c-980x729.webp 980w, https:\/\/fmp-components.com\/wp-content\/uploads\/2024\/12\/fertilizer-spreader-gearbox-specifications-l150c-480x357.webp 480w\" sizes=\"(min-width: 0px) and (max-width: 480px) 480px, (min-width: 481px) and (max-width: 980px) 980px, (min-width: 981px) 1000px, 100vw\" \/><\/p>\n<table style=\"width: 100%;\" border=\"1\" width=\"100%\" cellspacing=\"0\" cellpadding=\"0\">\n<tbody>\n<tr>\n<th style=\"width: 53.9957%;\">Bemeneti ar\u00e1ny (i)<\/th>\n<td style=\"width: 45.7883%;\">1.35<\/td>\n<\/tr>\n<tr>\n<th style=\"width: 53.9957%;\">Bemeneti fordulatsz\u00e1m (N1 [ford\/perc])<\/th>\n<td style=\"width: 45.7883%;\">540<\/td>\n<\/tr>\n<tr>\n<th style=\"width: 53.9957%;\">Bemeneti teljes\u00edtm\u00e9ny (P1 [kW])<\/th>\n<td style=\"width: 45.7883%;\">9.9<\/td>\n<\/tr>\n<tr>\n<th style=\"width: 53.9957%;\">Kimeneti nyomat\u00e9k (M2 [Nm])<\/th>\n<td style=\"width: 45.7883%;\">126<\/td>\n<\/tr>\n<\/tbody>\n<\/table>\n<h3>A m\u0171tr\u00e1gyasz\u00f3r\u00f3 sebess\u00e9gv\u00e1lt\u00f3j\u00e1nak jellemz\u0151i<\/h3>\n<ol>\n<li><strong>Nagy pontoss\u00e1g \u00e9s hat\u00e9konys\u00e1g<\/strong><br \/>\nA m\u0171tr\u00e1gyasz\u00f3r\u00f3 sebess\u00e9gv\u00e1lt\u00f3j\u00e1t \u00fagy tervezt\u00e9k, hogy prec\u00edz \u00e9s hat\u00e9kony er\u0151\u00e1tvitelt biztos\u00edtson a mez\u0151gazdas\u00e1gi sz\u00f3r\u00f3g\u00e9pek sz\u00e1m\u00e1ra. Biztos\u00edtja, hogy az \u00e1tt\u00e9tel optimaliz\u00e1lva legyen a m\u0171tr\u00e1gya k\u00f6vetkezetes \u00e9s egyenletes sz\u00f3r\u00e1s\u00e1hoz, ami kulcsfontoss\u00e1g\u00fa a term\u00e9shozam maximaliz\u00e1l\u00e1sa \u00e9s a hullad\u00e9k cs\u00f6kkent\u00e9se \u00e9rdek\u00e9ben. Megb\u00edzhat\u00f3 teljes\u00edtm\u00e9ny\u00e9vel a sebess\u00e9gv\u00e1lt\u00f3 seg\u00edt fenntartani a prec\u00edz m\u0171tr\u00e1gyaeloszt\u00e1shoz sz\u00fcks\u00e9ges megfelel\u0151 sebess\u00e9get \u00e9s nyomat\u00e9kot.<\/li>\n<li><strong>Tart\u00f3ss\u00e1g \u00e9s szil\u00e1rds\u00e1g<\/strong><br \/>\nA mez\u0151gazdas\u00e1gi munk\u00e1k meger\u0151ltet\u0151 k\u00f6r\u00fclm\u00e9nyeinek elvisel\u00e9s\u00e9re tervezett m\u0171tr\u00e1gyasz\u00f3r\u00f3 sebess\u00e9gv\u00e1lt\u00f3ja tart\u00f3s anyagokb\u00f3l k\u00e9sz\u00fclt, amelyek hossz\u00fa t\u00e1v\u00fa teljes\u00edtm\u00e9nyt biztos\u00edtanak. A strapab\u00edr\u00f3 konstrukci\u00f3 biztos\u00edtja, hogy k\u00e9pes kezelni a nagy terhel\u00e9seket \u00e9s az \u00e1lland\u00f3 m\u0171k\u00f6d\u00e9st kih\u00edv\u00e1st jelent\u0151 k\u00f6rnyezetben, p\u00e9ld\u00e1ul egyenetlen terepen vagy zord id\u0151j\u00e1r\u00e1si k\u00f6r\u00fclm\u00e9nyek k\u00f6z\u00f6tt.<\/li>\n<li><strong>Kompakt \u00e9s helytakar\u00e9kos kialak\u00edt\u00e1s<\/strong><br \/>\nA sebess\u00e9gv\u00e1lt\u00f3 kompakt, m\u00e9gis nagy teljes\u00edtm\u00e9ny\u0171 kialak\u00edt\u00e1s\u00fa, \u00edgy z\u00f6kken\u0151mentesen illeszkedik a sz\u00f3r\u00f3g\u00e9pbe an\u00e9lk\u00fcl, hogy felesleges helyet foglalna. Ez a helytakar\u00e9kos kialak\u00edt\u00e1s seg\u00edt cs\u00f6kkenteni a g\u00e9p \u00f6sszt\u00f6meg\u00e9t, mik\u00f6zben optim\u00e1lis teljes\u00edtm\u00e9nyt ny\u00fajt. A kompakt kialak\u00edt\u00e1s megk\u00f6nny\u00edti a telep\u00edt\u00e9st \u00e9s a karbantart\u00e1st is, \u00e9rt\u00e9kes id\u0151t \u00e9s energi\u00e1t takar\u00edtva meg.<\/li>\n<li><strong>Alacsony karbantart\u00e1si ig\u00e9ny \u00e9s egyszer\u0171 kezel\u00e9s<\/strong><br \/>\nA m\u0171tr\u00e1gyasz\u00f3r\u00f3 sebess\u00e9gv\u00e1lt\u00f3j\u00e1t a k\u00f6nny\u0171 kezelhet\u0151s\u00e9g \u00e9s a minim\u00e1lis karbantart\u00e1s jegy\u00e9ben tervezt\u00e9k. A kiv\u00e1l\u00f3 min\u0151s\u00e9g\u0171 t\u00f6m\u00edt\u00e9seknek \u00e9s ken\u0151rendszereknek k\u00f6sz\u00f6nhet\u0151en a sebess\u00e9gv\u00e1lt\u00f3 sim\u00e1n m\u0171k\u00f6dik, ritk\u00e1bb szervizel\u00e9st ig\u00e9nyel. A rendszeres ellen\u0151rz\u00e9sek \u00e9s az alapvet\u0151 karbantart\u00e1s \u00e1ltal\u00e1ban elegend\u0151 ahhoz, hogy a sebess\u00e9gv\u00e1lt\u00f3 cs\u00facshat\u00e9konyan m\u0171k\u00f6dj\u00f6n, \u00edgy ide\u00e1lis megold\u00e1s a forgalmas mez\u0151gazdas\u00e1gi m\u0171veletekhez.<\/li>\n<li><strong>Sokoldal\u00fas\u00e1g \u00e9s testreszabhat\u00f3s\u00e1g<\/strong><br \/>\nEzek a sebess\u00e9gv\u00e1lt\u00f3k sokoldal\u00faak, \u00e9s testre szabhat\u00f3k a k\u00fcl\u00f6nf\u00e9le m\u0171tr\u00e1gyasz\u00f3r\u00f3khoz, legyen sz\u00f3 kis- vagy nagy\u00fczemi mez\u0151gazdas\u00e1gi m\u0171veletekr\u0151l. Az \u00e1ll\u00edthat\u00f3 \u00e1tt\u00e9teleknek \u00e9s konfigur\u00e1ci\u00f3knak k\u00f6sz\u00f6nhet\u0151en a sebess\u00e9gv\u00e1lt\u00f3 az adott \u00fczemi k\u00f6vetelm\u00e9nyekhez igaz\u00edthat\u00f3, biztos\u00edtva a kompatibilit\u00e1st a k\u00fcl\u00f6nb\u00f6z\u0151 m\u0171tr\u00e1gyat\u00edpusokkal \u00e9s sz\u00f3r\u00f3g\u00e9p-modellekkel. Ez a rugalmass\u00e1g lehet\u0151v\u00e9 teszi a felhaszn\u00e1l\u00f3k sz\u00e1m\u00e1ra, hogy optimaliz\u00e1lj\u00e1k berendez\u00e9seiket a maxim\u00e1lis hat\u00e9konys\u00e1g \u00e9s termel\u00e9kenys\u00e9g \u00e9rdek\u00e9ben.<\/li>\n<\/ol>\n<p><img loading=\"lazy\" decoding=\"async\" class=\"wp-image-2152 aligncenter\" src=\"https:\/\/fmp-components.com\/wp-content\/uploads\/2024\/12\/pto-shaft-for-fertilizer-spreader.webp\" alt=\"kard\u00e1ntengely-m\u0171tr\u00e1gyasz\u00f3r\u00f3hoz\" width=\"881\" height=\"663\" title=\"\" srcset=\"https:\/\/fmp-components.com\/wp-content\/uploads\/2024\/12\/pto-shaft-for-fertilizer-spreader.webp 881w, https:\/\/fmp-components.com\/wp-content\/uploads\/2024\/12\/pto-shaft-for-fertilizer-spreader-480x361.webp 480w\" sizes=\"(min-width: 0px) and (max-width: 480px) 480px, (min-width: 481px) 881px, 100vw\" \/><\/p>\n<h3>Kard\u00e1ntengely m\u0171tr\u00e1gyasz\u00f3r\u00f3hoz<\/h3>\n<ol>\n<li><strong>Hat\u00e9kony er\u0151\u00e1tvitel<\/strong><br \/>\nA m\u0171tr\u00e1gyasz\u00f3r\u00f3k kard\u00e1ntengelye hat\u00e9konyan viszi \u00e1t a mechanikai teljes\u00edtm\u00e9nyt a traktor kard\u00e1ntengely\u00e9r\u0151l (TLT) a sz\u00f3r\u00f3g\u00e9p sebess\u00e9gv\u00e1lt\u00f3j\u00e1ra. Ez a k\u00f6zvetlen er\u0151\u00e1tvitel biztos\u00edtja a m\u0171tr\u00e1gyasz\u00f3r\u00f3 z\u00f6kken\u0151mentes \u00e9s egyenletes m\u0171k\u00f6d\u00e9s\u00e9t, optimaliz\u00e1lva a berendez\u00e9s teljes\u00edtm\u00e9ny\u00e9t a sz\u00f3r\u00e1si feladatok sor\u00e1n. A kard\u00e1ntengely biztos\u00edtja a sz\u00fcks\u00e9ges nyomat\u00e9kot a sz\u00f3r\u00f3g\u00e9p alkatr\u00e9szeinek meghajt\u00e1s\u00e1hoz, biztos\u00edtva az egyenletes \u00e9s pontos m\u0171tr\u00e1gyaeloszt\u00e1st.<\/li>\n<li><strong>Tart\u00f3ss\u00e1g \u00e9s robusztuss\u00e1g<\/strong><br \/>\nA mez\u0151gazdas\u00e1gi k\u00f6rnyezet viszontags\u00e1gainak elvisel\u00e9s\u00e9re tervezett m\u0171tr\u00e1gyasz\u00f3r\u00f3k kard\u00e1ntengelye kiv\u00e1l\u00f3 min\u0151s\u00e9g\u0171, szil\u00e1rd \u00e9s tart\u00f3s anyagokb\u00f3l k\u00e9sz\u00fclt. Nagy ter\u00fcleteken is k\u00e9pes kezelni a m\u0171tr\u00e1gya kijuttat\u00e1s\u00e1val j\u00e1r\u00f3 intenz\u00edv munkaterhel\u00e9st, m\u00e9g kih\u00edv\u00e1st jelent\u0151 id\u0151j\u00e1r\u00e1si k\u00f6r\u00fclm\u00e9nyek \u00e9s egyenetlen terep eset\u00e9n is. A robusztus kialak\u00edt\u00e1s hossz\u00fa \u00e9lettartamot biztos\u00edt, minimaliz\u00e1lva a gyakori cser\u00e9k vagy jav\u00edt\u00e1sok sz\u00fcks\u00e9gess\u00e9g\u00e9t.<\/li>\n<li><strong>Biztons\u00e1gi funkci\u00f3k<\/strong><br \/>\nA m\u0171tr\u00e1gyasz\u00f3r\u00f3k kard\u00e1ntengely\u00e9nek tervez\u00e9sekor a biztons\u00e1g kulcsfontoss\u00e1g\u00fa szempont. Biztons\u00e1gi pajzsokkal \u00e9s egy\u00e9b v\u00e9d\u0151elemekkel felszerelve a tengely seg\u00edt megel\u0151zni a baleseteket az\u00e1ltal, hogy minimaliz\u00e1lja a beakad\u00e1s vagy s\u00e9r\u00fcl\u00e9s kock\u00e1zat\u00e1t m\u0171k\u00f6d\u00e9s k\u00f6zben. Ezek a biztons\u00e1gi elemek kritikus fontoss\u00e1g\u00faak a biztons\u00e1gos \u00e9s megb\u00edzhat\u00f3 m\u0171k\u00f6d\u00e9s biztos\u00edt\u00e1s\u00e1ban, cs\u00f6kkentve a kezel\u0151k \u00e9s a k\u00f6zelben tart\u00f3zkod\u00f3 \u00e1llatok s\u00e9r\u00fcl\u00e9s\u00e9nek lehet\u0151s\u00e9g\u00e9t.<\/li>\n<li><strong>K\u00f6nny\u0171 telep\u00edt\u00e9s \u00e9s karbantart\u00e1s<\/strong><br \/>\nA m\u0171tr\u00e1gyasz\u00f3r\u00f3k kard\u00e1ntengely\u00e9t \u00fagy tervezt\u00e9k, hogy k\u00f6nnyen fel- \u00e9s le lehessen szerelni a traktorr\u00f3l \u00e9s a sz\u00f3r\u00f3g\u00e9pr\u0151l. Ez a felhaszn\u00e1l\u00f3bar\u00e1t funkci\u00f3 id\u0151t \u00e9s energi\u00e1t takar\u00edt meg a telep\u00edt\u00e9si \u00e9s karbantart\u00e1si elj\u00e1r\u00e1sok sor\u00e1n. Ezenk\u00edv\u00fcl a kard\u00e1ntengely rendszeres ken\u00e9se \u00e9s karbantart\u00e1sa egyszer\u0171, ami biztos\u00edtja a z\u00f6kken\u0151mentes m\u0171k\u00f6d\u00e9st \u00e9s meghosszabb\u00edtja mind a kard\u00e1ntengely, mind a m\u0171tr\u00e1gyasz\u00f3r\u00f3 \u00e9lettartam\u00e1t.<\/li>\n<li><strong>Sokoldal\u00fa kompatibilit\u00e1s<\/strong><br \/>\nK\u00fcl\u00f6nb\u00f6z\u0151 m\u00e9retekben \u00e9s konfigur\u00e1ci\u00f3kban kaphat\u00f3, a m\u0171tr\u00e1gyasz\u00f3r\u00f3khoz val\u00f3 kard\u00e1ntengely sokoldal\u00fa, \u00e9s a sz\u00f3r\u00f3g\u00e9p modellek \u00e9s traktort\u00edpusok sz\u00e9les sk\u00e1l\u00e1j\u00e1hoz igaz\u00edthat\u00f3. Ak\u00e1r kis\u00fczemi gazdas\u00e1gokr\u00f3l, ak\u00e1r nagy mez\u0151gazdas\u00e1gi m\u0171veletekr\u0151l van sz\u00f3, a kard\u00e1ntengely testreszabhat\u00f3 a sz\u00f3r\u00f3g\u00e9p konkr\u00e9t teljes\u00edtm\u00e9nyig\u00e9ny\u00e9nek megfelel\u0151en, biztos\u00edtva a kompatibilit\u00e1st \u00e9s az optim\u00e1lis teljes\u00edtm\u00e9nyt a k\u00fcl\u00f6nb\u00f6z\u0151 alkalmaz\u00e1sokban. Ez a rugalmass\u00e1g lehet\u0151v\u00e9 teszi a felhaszn\u00e1l\u00f3k sz\u00e1m\u00e1ra, hogy hat\u00e9konyan haszn\u00e1lj\u00e1k berendez\u00e9seiket, f\u00fcggetlen\u00fcl a m\u0171k\u00f6d\u00e9s m\u00e9rt\u00e9k\u00e9t\u0151l.<\/li>\n<\/ol>\n<p><img loading=\"lazy\" decoding=\"async\" class=\"alignnone size-full wp-image-2088\" src=\"https:\/\/fmp-components.com\/wp-content\/uploads\/2024\/12\/Agricultural-Gearbox-and-PTO-Drive-Shaft1.webp\" alt=\"Mez\u0151gazdas\u00e1gi sebess\u00e9gv\u00e1lt\u00f3 \u00e9s kard\u00e1ntengely\" width=\"1200\" height=\"540\" title=\"\" srcset=\"https:\/\/fmp-components.com\/wp-content\/uploads\/2024\/12\/Agricultural-Gearbox-and-PTO-Drive-Shaft1.webp 1200w, https:\/\/fmp-components.com\/wp-content\/uploads\/2024\/12\/Agricultural-Gearbox-and-PTO-Drive-Shaft1-980x441.webp 980w, https:\/\/fmp-components.com\/wp-content\/uploads\/2024\/12\/Agricultural-Gearbox-and-PTO-Drive-Shaft1-480x216.webp 480w\" sizes=\"(min-width: 0px) and (max-width: 480px) 480px, (min-width: 481px) and (max-width: 980px) 980px, (min-width: 981px) 1200px, 100vw\" \/><\/p>\n<h3>Az FMP-r\u0151l<\/h3>\n<p>Az olaszorsz\u00e1gi sz\u00e9khely\u0171 FMP vezet\u0151 gy\u00e1rt\u00f3, amely a nagy teljes\u00edtm\u00e9ny\u0171 sebess\u00e9gv\u00e1lt\u00f3k tervez\u00e9s\u00e9ben, fejleszt\u00e9s\u00e9ben \u00e9s gy\u00e1rt\u00e1s\u00e1ban szerzett szak\u00e9rtelm\u00e9r\u0151l ismert, k\u00fcl\u00f6n\u00f6s tekintettel a mez\u0151gazdas\u00e1gi g\u00e9piparra. A prec\u00edzi\u00f3s m\u00e9rn\u00f6ki munka, az innovat\u00edv megold\u00e1sok \u00e9s a rend\u00edthetetlen megb\u00edzhat\u00f3s\u00e1g r\u00e9v\u00e9n az FMP megb\u00edzhat\u00f3 partnerr\u00e9 v\u00e1lt mind a mez\u0151gazdas\u00e1gi, mind az ipari szektor v\u00e1ltoz\u00f3 ig\u00e9nyeinek kiel\u00e9g\u00edt\u00e9s\u00e9ben. Soksz\u00edn\u0171 term\u00e9kk\u00edn\u00e1latunkban megtal\u00e1lhat\u00f3k a f\u0171ny\u00edr\u00f3khoz val\u00f3 speci\u00e1lis sebess\u00e9gv\u00e1lt\u00f3k, kard\u00e1ntengelyek \u00e9s egy\u00e9b alapvet\u0151 alkatr\u00e9szek, amelyek mindegyik\u00e9t apr\u00f3l\u00e9kosan \u00fagy tervezt\u00fck, hogy sz\u00e9les k\u00f6r\u0171 alkalmaz\u00e1si ter\u00fcleteken k\u00edn\u00e1ljon egyedi megold\u00e1sokat.<\/p>\n<p>Az FMP-n\u00e9l meg\u00e9rtj\u00fck, hogy minden \u00fcgyf\u00e9lnek egyedi ig\u00e9nyei \u00e9s kih\u00edv\u00e1sai vannak. Ez\u00e9rt specializ\u00e1l\u00f3dtunk a szem\u00e9lyre szabott megold\u00e1sok k\u00edn\u00e1lat\u00e1ra, legyen sz\u00f3 ak\u00e1r egyedi komponensekr\u0151l, ak\u00e1r teljesen integr\u00e1lt rendszerekr\u0151l. Szorosan egy\u00fcttm\u0171k\u00f6d\u00fcnk \u00fcgyfeleinkkel annak \u00e9rdek\u00e9ben, hogy minden megold\u00e1s ne csak hat\u00e9kony, hanem eredm\u00e9nyes is legyen, optimaliz\u00e1lva a teljes\u00edtm\u00e9nyt \u00e9s az \u00e9rt\u00e9ket. Elk\u00f6telezettek vagyunk a gyors, professzion\u00e1lis v\u00e1laszok \u00e9s a szak\u00e9rt\u0151i \u00fatmutat\u00e1s ir\u00e1nt, \u00edgy minden megkeres\u00e9st a lehet\u0151 legnagyobb gondoss\u00e1ggal \u00e9s precizit\u00e1ssal kezel\u00fcnk, ami a lehet\u0151 legjobb eredm\u00e9nyekhez vezet.<\/p>\n<p>A teljes term\u00e9kfejleszt\u00e9si folyamat sor\u00e1n a ny\u00edlt \u00e9s folyamatos kommunik\u00e1ci\u00f3t helyezz\u00fck el\u0151t\u00e9rbe. Elk\u00f6telezett csapatunk k\u00f6zvetlen\u00fcl az \u00fcgyfelekkel dolgozik, hogy teljes m\u00e9rt\u00e9kben meg\u00e9rtse egyedi ig\u00e9nyeiket, \u00e9rt\u00e9kes betekint\u00e9st \u00e9s aj\u00e1nl\u00e1sokat k\u00edn\u00e1lva az optim\u00e1lis megold\u00e1sok biztos\u00edt\u00e1sa \u00e9rdek\u00e9ben. Ak\u00e1r innovat\u00edv term\u00e9keket tervez, ak\u00e1r folyamatos megrendel\u00e9seket teljes\u00edt, az FMP elk\u00f6telezett amellett, hogy minden alkalommal kiv\u00e1l\u00f3 min\u0151s\u00e9g\u0171, prec\u00edzi\u00f3san megtervezett megold\u00e1sokat sz\u00e1ll\u00edtson id\u0151ben. C\u00e9lunk, hogy \u00fcgyfeleink sz\u00e1m\u00e1ra a legjobb szolg\u00e1ltat\u00e1st \u00e9s eredm\u00e9nyeket ny\u00fajtsuk, minden projekttel fel\u00fclm\u00falva az elv\u00e1r\u00e1sokat.<\/p>\n<p>A min\u0151s\u00e9g az FMP m\u0171k\u00f6d\u00e9s\u00e9nek sarokk\u00f6ve. A legmagasabb gy\u00e1rt\u00e1si szabv\u00e1nyokat tartjuk be, szigor\u00fa min\u0151s\u00e9gellen\u0151rz\u00e9si int\u00e9zked\u00e9seket alkalmazva annak biztos\u00edt\u00e1s\u00e1ra, hogy minden term\u00e9k ne csak megfeleljen, hanem meghaladja az ipar\u00e1gi szabv\u00e1nyokat. Ez a min\u0151s\u00e9g ir\u00e1nti rend\u00edthetetlen elk\u00f6telezetts\u00e9g, valamint az integrit\u00e1s, a csapatmunka \u00e9s a kitart\u00e1s alapvet\u0151 \u00e9rt\u00e9kei lehet\u0151v\u00e9 tett\u00e9k sz\u00e1munkra, hogy hossz\u00fa t\u00e1v\u00fa, bizalmon alapul\u00f3 kapcsolatokat \u00e9p\u00edts\u00fcnk ki \u00fcgyfeleinkkel vil\u00e1gszerte k\u00f6zel 30 orsz\u00e1gban.<\/p>\n<p>Az FMP mindig nyitott a glob\u00e1lis partners\u00e9gek \u00e1pol\u00e1s\u00e1ra, \u00e9s tov\u00e1bbra is elk\u00f6telezett amellett, hogy szak\u00e9rt\u0151i tan\u00e1csokat \u00e9s szem\u00e9lyre szabott megold\u00e1sokat k\u00edn\u00e1ljon, amelyek megfelelnek \u00fcgyfeleink sokr\u00e9t\u0171 ig\u00e9nyeinek. Nemcsak term\u00e9keket sz\u00e1ll\u00edtunk; olyan tart\u00f3s kapcsolatok ki\u00e9p\u00edt\u00e9s\u00e9re t\u00f6reksz\u00fcnk, amelyek hozz\u00e1j\u00e1rulnak minden projekt siker\u00e9hez. Ak\u00e1r innovat\u00edv megold\u00e1sokra van sz\u00fcks\u00e9ge egy \u00faj kezdem\u00e9nyez\u00e9shez, ak\u00e1r folyamatos t\u00e1mogat\u00e1sra egy megl\u00e9v\u0151 rendszerhez, az FMP itt van, hogy megoldja a technikai kih\u00edv\u00e1sokat \u00e9s biztos\u00edtsa a folyamatos sikert.<\/p>\n<p><img loading=\"lazy\" decoding=\"async\" class=\"alignnone size-full wp-image-1861\" src=\"https:\/\/fmp-components.com\/wp-content\/uploads\/2024\/12\/Other-Agricultural-Gearboxes.webp\" sizes=\"(min-width: 0px) and (max-width: 480px) 480px, (min-width: 481px) and (max-width: 980px) 980px, (min-width: 981px) 1200px, 100vw\" srcset=\"https:\/\/fmp-components.com\/wp-content\/uploads\/2024\/12\/Other-Agricultural-Gearboxes.webp 1200w, https:\/\/fmp-components.com\/wp-content\/uploads\/2024\/12\/Other-Agricultural-Gearboxes-980x1143.webp 980w, https:\/\/fmp-components.com\/wp-content\/uploads\/2024\/12\/Other-Agricultural-Gearboxes-480x560.webp 480w\" alt=\"Altri-cambi-agricoli\" width=\"1200\" height=\"1400\" title=\"\"><\/p>\n<p>Szerz\u0151: CX<\/p>\n<p>&nbsp;<\/p>","protected":false},"excerpt":{"rendered":"<p>Az L-150C m\u0171tr\u00e1gyasz\u00f3r\u00f3 sebess\u00e9gv\u00e1lt\u00f3j\u00e1nak m\u0171szaki adatai Bemeneti \u00e1tt\u00e9tel (i) 1,35 Bemeneti fordulatsz\u00e1m (N1 [ford\/perc]) 540 Bemeneti teljes\u00edtm\u00e9ny (P1 [kW]) 9,9 Kimeneti nyomat\u00e9k (M2 [Nm]) 126 A m\u0171tr\u00e1gyasz\u00f3r\u00f3 sebess\u00e9gv\u00e1lt\u00f3j\u00e1nak jellemz\u0151i Nagy pontoss\u00e1g \u00e9s hat\u00e9konys\u00e1g A m\u0171tr\u00e1gyasz\u00f3r\u00f3 sebess\u00e9gv\u00e1lt\u00f3j\u00e1t \u00fagy tervezt\u00e9k, hogy prec\u00edz \u00e9s hat\u00e9kony er\u0151\u00e1tvitelt biztos\u00edtson a mez\u0151gazdas\u00e1gi sz\u00f3r\u00f3g\u00e9pek sz\u00e1m\u00e1ra. Biztos\u00edtja, hogy az \u00e1tt\u00e9tel [\u2026]<\/p>","protected":false},"featured_media":2150,"comment_status":"open","ping_status":"closed","template":"","meta":{"_et_pb_use_builder":"","_et_pb_old_content":"","_et_gb_content_width":""},"product_brand":[],"product_cat":[54],"product_tag":[],"class_list":{"0":"post-2148","1":"product","2":"type-product","3":"status-publish","4":"has-post-thumbnail","6":"product_cat-fertilizer-spreader-gearbox","8":"first","9":"instock","10":"shipping-taxable","11":"product-type-simple"},"_links":{"self":[{"href":"https:\/\/fmp-components.com\/hu\/wp-json\/wp\/v2\/product\/2148","targetHints":{"allow":["GET"]}}],"collection":[{"href":"https:\/\/fmp-components.com\/hu\/wp-json\/wp\/v2\/product"}],"about":[{"href":"https:\/\/fmp-components.com\/hu\/wp-json\/wp\/v2\/types\/product"}],"replies":[{"embeddable":true,"href":"https:\/\/fmp-components.com\/hu\/wp-json\/wp\/v2\/comments?post=2148"}],"wp:featuredmedia":[{"embeddable":true,"href":"https:\/\/fmp-components.com\/hu\/wp-json\/wp\/v2\/media\/2150"}],"wp:attachment":[{"href":"https:\/\/fmp-components.com\/hu\/wp-json\/wp\/v2\/media?parent=2148"}],"wp:term":[{"taxonomy":"product_brand","embeddable":true,"href":"https:\/\/fmp-components.com\/hu\/wp-json\/wp\/v2\/product_brand?post=2148"},{"taxonomy":"product_cat","embeddable":true,"href":"https:\/\/fmp-components.com\/hu\/wp-json\/wp\/v2\/product_cat?post=2148"},{"taxonomy":"product_tag","embeddable":true,"href":"https:\/\/fmp-components.com\/hu\/wp-json\/wp\/v2\/product_tag?post=2148"}],"curies":[{"name":"munkaf\u00fczet","href":"https:\/\/api.w.org\/{rel}","templated":true}]}}