{"id":2142,"date":"2024-12-30T06:40:20","date_gmt":"2024-12-30T06:40:20","guid":{"rendered":"https:\/\/fmp-components.com\/?page_id=8"},"modified":"2024-12-30T08:07:38","modified_gmt":"2024-12-30T08:07:38","slug":"fertilizer-spreader-gearbox-replacement-of-comer-code-l-150j","status":"publish","type":"product","link":"https:\/\/fmp-components.com\/hu\/product\/fertilizer-spreader-gearbox-replacement-of-comer-code-l-150j\/","title":{"rendered":"M\u0171tr\u00e1gyasz\u00f3r\u00f3 sebess\u00e9gv\u00e1lt\u00f3 \u2013 Comer k\u00f3d L-150J cser\u00e9je"},"content":{"rendered":"<p><img loading=\"lazy\" decoding=\"async\" class=\"size-full wp-image-2146 aligncenter\" src=\"https:\/\/fmp-components.com\/wp-content\/uploads\/2024\/12\/fertilizer-spreader-gearbox-l150j.webp\" alt=\"m\u0171tr\u00e1gyasz\u00f3r\u00f3-sebess\u00e9gv\u00e1lt\u00f3-l150j\" width=\"300\" height=\"300\" title=\"\" srcset=\"https:\/\/fmp-components.com\/wp-content\/uploads\/2024\/12\/fertilizer-spreader-gearbox-l150j.webp 300w, https:\/\/fmp-components.com\/wp-content\/uploads\/2024\/12\/fertilizer-spreader-gearbox-l150j-150x150.webp 150w, https:\/\/fmp-components.com\/wp-content\/uploads\/2024\/12\/fertilizer-spreader-gearbox-l150j-12x12.webp 12w, https:\/\/fmp-components.com\/wp-content\/uploads\/2024\/12\/fertilizer-spreader-gearbox-l150j-100x100.webp 100w\" sizes=\"(max-width: 300px) 100vw, 300px\" \/><\/p>\n<table style=\"width: 100%;\" border=\"1\" width=\"100%\" cellspacing=\"0\" cellpadding=\"0\">\n<tbody>\n<tr>\n<th>M\u0171szaki jellemz\u0151k<\/th>\n<td>Az FMP-L150J sebess\u00e9gv\u00e1lt\u00f3 \u00e1tt\u00e9tele 1:1,93.<\/td>\n<\/tr>\n<tr>\n<th>Bemeneti tengely<\/th>\n<td>1-3\/8\u2033-es kerek furat<\/td>\n<\/tr>\n<tr>\n<th>Kimen\u0151 tengely<\/th>\n<td>A k\u00fapos bord\u00e1kat \u00e9s a perselyt k\u00fcl\u00f6n kell megrendelni.<\/td>\n<\/tr>\n<tr>\n<th>Sebess\u00e9gv\u00e1lt\u00f3 \u00e9rt\u00e9kel\u00e9se<\/th>\n<td>60 LE 540 fordulat\/percn\u00e9l<\/td>\n<\/tr>\n<tr>\n<th>Forg\u00e1s<\/th>\n<td>\u00d3ramutat\u00f3 j\u00e1r\u00e1s\u00e1val ellent\u00e9tes ir\u00e1nyba (CCW)<\/td>\n<\/tr>\n<tr>\n<th>Kompatibilit\u00e1s<\/th>\n<td>Comer forg\u00f3v\u00e1g\u00f3k cser\u00e9j\u00e9hez illik<\/td>\n<\/tr>\n<tr>\n<th>Szerel\u00e9si minta<\/th>\n<td>203,2 mm<\/td>\n<\/tr>\n<tr>\n<th>Alkalmaz\u00e1s<\/th>\n<td>m\u0171tr\u00e1gy\u00e1k<\/td>\n<\/tr>\n<tr>\n<th>Test anyaga<\/th>\n<td>Alum\u00ednium<\/td>\n<\/tr>\n<tr>\n<th>Bej\u00e1rati tengely<\/th>\n<td>\u03a635\/\u03966 \u00e1tm\u00e9r\u0151j\u0171 (1 3\/8\u2033 z6) m\u00e9r\u0151fej<\/td>\n<\/tr>\n<tr>\n<th>Kij\u00e1rati akna<\/th>\n<td>\u03a625 mm k\u00e9t f\u00fcgg\u0151leges furattal. Reteszhorony nem \u00e1ll rendelkez\u00e9sre.<\/td>\n<\/tr>\n<tr>\n<th>Bel\u00e9p\u00e9si teljes\u00edtm\u00e9ny 540 fordulat\/percn\u00e9l<\/th>\n<td>8 kW<\/td>\n<\/tr>\n<tr>\n<th>Ken\u00e9s<\/th>\n<td>Zs\u00edr. Nem tartoz\u00e9k.<\/td>\n<\/tr>\n<\/tbody>\n<\/table>\n<p><img loading=\"lazy\" decoding=\"async\" class=\"alignnone size-full wp-image-2145\" src=\"https:\/\/fmp-components.com\/wp-content\/uploads\/2024\/12\/fertilizer-spreader-gearbox-specifications-l150j.webp\" alt=\"m\u0171tr\u00e1gyasz\u00f3r\u00f3-sebess\u00e9gv\u00e1lt\u00f3-specifik\u00e1ci\u00f3k-l150j\" width=\"971\" height=\"619\" title=\"\" srcset=\"https:\/\/fmp-components.com\/wp-content\/uploads\/2024\/12\/fertilizer-spreader-gearbox-specifications-l150j.webp 971w, https:\/\/fmp-components.com\/wp-content\/uploads\/2024\/12\/fertilizer-spreader-gearbox-specifications-l150j-480x306.webp 480w\" sizes=\"(min-width: 0px) and (max-width: 480px) 480px, (min-width: 481px) 971px, 100vw\" \/><\/p>\n<table style=\"width: 100.459%; height: 116px;\" border=\"1\">\n<tbody>\n<tr>\n<td rowspan=\"2\"><strong>\u00c9<sub>1<\/sub>[fordulat]<\/strong><\/td>\n<td rowspan=\"2\"><strong>P<sub>1<\/sub>[kW]<\/strong><\/td>\n<td rowspan=\"2\"><strong>M<sub>2<\/sub>[Nm]<\/strong><\/td>\n<td><strong>Tengely t\u00edpusa<\/strong><\/td>\n<td><strong>\u00a0<\/strong><\/td>\n<td rowspan=\"2\"><strong>Bemenet<\/strong><\/td>\n<\/tr>\n<tr>\n<td><strong>X<\/strong><\/td>\n<td><strong>Z<\/strong><\/td>\n<\/tr>\n<tr>\n<td>540<\/td>\n<td>8.0<\/td>\n<td>137<\/td>\n<td>\u03a625<\/td>\n<td>1\u201d 3\/8 Z6<\/td>\n<td>Z<\/td>\n<\/tr>\n<tr>\n<td>540<\/td>\n<td>8.0<\/td>\n<td>137<\/td>\n<td>\u03a625<\/td>\n<td>\u03a625<\/td>\n<td>Z<\/td>\n<\/tr>\n<tr>\n<td>540<\/td>\n<td>8.0<\/td>\n<td>137<\/td>\n<td>\u03a63\/4\u201d<\/td>\n<td>\u03a63\/4\u201d<\/td>\n<td>Z<\/td>\n<\/tr>\n<\/tbody>\n<\/table>\n<h3>Kard\u00e1ntengelyek m\u0171tr\u00e1gyasz\u00f3r\u00f3 sebess\u00e9gv\u00e1lt\u00f3hoz<\/h3>\n<p>A m\u0171tr\u00e1gyasz\u00f3r\u00f3k sebess\u00e9gv\u00e1lt\u00f3inak kard\u00e1ntengelyei kulcsszerepet j\u00e1tszanak a traktorr\u00f3l a sebess\u00e9gv\u00e1lt\u00f3ra t\u00f6rt\u00e9n\u0151 er\u0151\u00e1tvitelben, biztos\u00edtva a sz\u00f3r\u00f3g\u00e9p hat\u00e9kony m\u0171k\u00f6d\u00e9s\u00e9t. Nagy teljes\u00edtm\u00e9ny\u0171 alkalmaz\u00e1sokhoz tervezt\u00e9k ezeket a tengelyeket, hogy ellen\u00e1lljanak a m\u0171tr\u00e1gya mez\u0151gazdas\u00e1gi ter\u00fcleteken t\u00f6rt\u00e9n\u0151 kijuttat\u00e1s\u00e1nak szigor\u00fa k\u00f6vetelm\u00e9nyeinek. Robusztus fel\u00e9p\u00edt\u00e9s\u00fcknek \u00e9s prec\u00edzi\u00f3s m\u00e9rn\u00f6ki munk\u00e1juknak k\u00f6sz\u00f6nhet\u0151en a kard\u00e1ntengelyek megb\u00edzhat\u00f3 er\u0151\u00e1tvitelt biztos\u00edtanak, hozz\u00e1j\u00e1rulva a m\u0171tr\u00e1gyasz\u00f3r\u00f3 z\u00f6kken\u0151mentes \u00e9s k\u00f6vetkezetes m\u0171k\u00f6d\u00e9s\u00e9hez.<\/p>\n<p>A m\u0171tr\u00e1gyasz\u00f3r\u00f3k sebess\u00e9gv\u00e1lt\u00f3ihoz tartoz\u00f3 kard\u00e1ntengelyek kialak\u00edt\u00e1sa olyan jellemz\u0151ket tartalmaz, amelyek n\u00f6velik a tart\u00f3ss\u00e1got \u00e9s a k\u00f6nny\u0171 kezelhet\u0151s\u00e9get. Ezek a tengelyek univerz\u00e1lis csatlakoz\u00e1sokkal vannak felszerelve, amelyek rugalmass\u00e1got \u00e9s sima forg\u00e1st tesznek lehet\u0151v\u00e9, alkalmazkodva a traktor \u00e9s a sz\u00f3r\u00f3g\u00e9p k\u00f6z\u00f6tti v\u00e1ltoz\u00f3 sz\u00f6gekhez \u00e9s mozg\u00e1shoz. A tengelyeket \u00fagy is tervezt\u00e9k, hogy kezelj\u00e9k a nagy terhel\u00e9s\u0171 \u00fczemeltet\u00e9s sor\u00e1n keletkez\u0151 nyomat\u00e9kot \u00e9s terhel\u00e9st, biztos\u00edtva a hossz\u00fa t\u00e1v\u00fa megb\u00edzhat\u00f3s\u00e1got m\u00e9g neh\u00e9z k\u00f6r\u00fclm\u00e9nyek k\u00f6z\u00f6tt is.<\/p>\n<p>Az FMP m\u0171tr\u00e1gyasz\u00f3r\u00f3k sebess\u00e9gv\u00e1lt\u00f3ihoz val\u00f3 kard\u00e1ntengelyei k\u00fcl\u00f6nf\u00e9le konfigur\u00e1ci\u00f3kban kaphat\u00f3k, hogy megfeleljenek a k\u00fcl\u00f6nb\u00f6z\u0151 modellek \u00e9s g\u00e9pig\u00e9nyeknek. Ak\u00e1r standard tengelyekre, ak\u00e1r egyedi megold\u00e1sokra van sz\u00fcks\u00e9ge, az FMP olyan kard\u00e1ntengelyeket k\u00edn\u00e1l, amelyek a mez\u0151gazdas\u00e1gi g\u00e9pek sz\u00e9les sk\u00e1l\u00e1j\u00e1val kompatibilisek. Ezeket a tengelyeket a m\u0171tr\u00e1gyasz\u00f3r\u00f3k sebess\u00e9gv\u00e1lt\u00f3ival val\u00f3 z\u00f6kken\u0151mentes integr\u00e1ci\u00f3ra tervezt\u00e9k, biztos\u00edtva az optim\u00e1lis teljes\u00edtm\u00e9nyt \u00e9s minimaliz\u00e1lva az \u00e1ll\u00e1sid\u0151t a sz\u00e1nt\u00f3f\u00f6ldi m\u0171veletek sor\u00e1n.<\/p>\n<p>A biztons\u00e1g \u00e9s a k\u00f6nny\u0171 karbantart\u00e1s szint\u00e9n kulcsfontoss\u00e1g\u00fa szempont ezen kard\u00e1ntengelyek tervez\u00e9sekor. Minden tengely olyan jellemz\u0151kkel rendelkezik, amelyek megk\u00f6nny\u00edtik a telep\u00edt\u00e9st, cser\u00e9t \u00e9s karbantart\u00e1st, cs\u00f6kkentve a karbantart\u00e1shoz \u00e9s jav\u00edt\u00e1shoz sz\u00fcks\u00e9ges id\u0151t. Ezenk\u00edv\u00fcl a tengelyek biztons\u00e1gi funkci\u00f3kkal, p\u00e9ld\u00e1ul v\u00e9d\u0151elemekkel \u00e9s v\u00e9d\u0151elemekkel vannak felszerelve, hogy megv\u00e9dj\u00e9k a kezel\u0151ket a m\u0171k\u00f6d\u00e9s k\u00f6zbeni potenci\u00e1lis vesz\u00e9lyekt\u0151l.<\/p>\n<p>\u00d6sszefoglalva, a m\u0171tr\u00e1gyasz\u00f3r\u00f3k sebess\u00e9gv\u00e1lt\u00f3inak kard\u00e1ntengelyei alapvet\u0151 fontoss\u00e1g\u00fa alkatr\u00e9szek, amelyek biztos\u00edtj\u00e1k a hat\u00e9kony er\u0151\u00e1tvitelt a traktorr\u00f3l a m\u0171tr\u00e1gyasz\u00f3r\u00f3ra. Az FMP kard\u00e1ntengelyei kiv\u00e9teles teljes\u00edtm\u00e9nyt, tart\u00f3ss\u00e1got \u00e9s k\u00f6nny\u0171 haszn\u00e1latot k\u00edn\u00e1lnak, seg\u00edtve a mez\u0151gazdas\u00e1gi \u00fczemeltet\u0151ket a m\u0171tr\u00e1gya egyenletes \u00e9s hat\u00e9kony kijuttat\u00e1s\u00e1ban, ami kritikus fontoss\u00e1g\u00fa az optim\u00e1lis n\u00f6v\u00e9nyn\u00f6veked\u00e9s \u00e9s a gazdas\u00e1g termel\u00e9kenys\u00e9ge szempontj\u00e1b\u00f3l.<\/p>\n<p><img loading=\"lazy\" decoding=\"async\" class=\"alignnone size-full wp-image-2170\" src=\"https:\/\/fmp-components.com\/wp-content\/uploads\/2024\/12\/PTO-Shafts-for-Agricultural-Fertilizer-Spreader-Gearbox-2.webp\" alt=\"Kard\u00e1ntengelyek-Mez\u0151gazdas\u00e1gi-M\u0171tr\u00e1gyasz\u00f3r\u00f3-Sebess\u00e9gv\u00e1lt\u00f3hoz-2\" width=\"1200\" height=\"800\" title=\"\" srcset=\"https:\/\/fmp-components.com\/wp-content\/uploads\/2024\/12\/PTO-Shafts-for-Agricultural-Fertilizer-Spreader-Gearbox-2.webp 1200w, https:\/\/fmp-components.com\/wp-content\/uploads\/2024\/12\/PTO-Shafts-for-Agricultural-Fertilizer-Spreader-Gearbox-2-980x653.webp 980w, https:\/\/fmp-components.com\/wp-content\/uploads\/2024\/12\/PTO-Shafts-for-Agricultural-Fertilizer-Spreader-Gearbox-2-480x320.webp 480w\" sizes=\"(min-width: 0px) and (max-width: 480px) 480px, (min-width: 481px) and (max-width: 980px) 980px, (min-width: 981px) 1200px, 100vw\" \/><\/p>\n<h3>Az FMP-r\u0151l<\/h3>\n<p>Az olaszorsz\u00e1gi sz\u00e9khely\u0171 FMP vezet\u0151 gy\u00e1rt\u00f3, amely a nagy teljes\u00edtm\u00e9ny\u0171 sebess\u00e9gv\u00e1lt\u00f3k tervez\u00e9s\u00e9ben, fejleszt\u00e9s\u00e9ben \u00e9s gy\u00e1rt\u00e1s\u00e1ban szerzett szak\u00e9rtelm\u00e9r\u0151l ismert, k\u00fcl\u00f6n\u00f6s tekintettel a mez\u0151gazdas\u00e1gi g\u00e9piparra. A prec\u00edzi\u00f3s m\u00e9rn\u00f6ki munka, az innovat\u00edv megold\u00e1sok \u00e9s a rend\u00edthetetlen megb\u00edzhat\u00f3s\u00e1g r\u00e9v\u00e9n az FMP megb\u00edzhat\u00f3 partnerr\u00e9 v\u00e1lt mind a mez\u0151gazdas\u00e1gi, mind az ipari szektor v\u00e1ltoz\u00f3 ig\u00e9nyeinek kiel\u00e9g\u00edt\u00e9s\u00e9ben. Soksz\u00edn\u0171 term\u00e9kk\u00edn\u00e1latunkban megtal\u00e1lhat\u00f3k a f\u0171ny\u00edr\u00f3khoz val\u00f3 speci\u00e1lis sebess\u00e9gv\u00e1lt\u00f3k, kard\u00e1ntengelyek \u00e9s egy\u00e9b alapvet\u0151 alkatr\u00e9szek, amelyek mindegyik\u00e9t apr\u00f3l\u00e9kosan \u00fagy tervezt\u00fck, hogy sz\u00e9les k\u00f6r\u0171 alkalmaz\u00e1si ter\u00fcleteken k\u00edn\u00e1ljon egyedi megold\u00e1sokat.<\/p>\n<p>Az FMP-n\u00e9l meg\u00e9rtj\u00fck, hogy minden \u00fcgyf\u00e9lnek egyedi ig\u00e9nyei \u00e9s kih\u00edv\u00e1sai vannak. Ez\u00e9rt specializ\u00e1l\u00f3dtunk a szem\u00e9lyre szabott megold\u00e1sok k\u00edn\u00e1lat\u00e1ra, legyen sz\u00f3 ak\u00e1r egyedi komponensekr\u0151l, ak\u00e1r teljesen integr\u00e1lt rendszerekr\u0151l. Szorosan egy\u00fcttm\u0171k\u00f6d\u00fcnk \u00fcgyfeleinkkel annak \u00e9rdek\u00e9ben, hogy minden megold\u00e1s ne csak hat\u00e9kony, hanem eredm\u00e9nyes is legyen, optimaliz\u00e1lva a teljes\u00edtm\u00e9nyt \u00e9s az \u00e9rt\u00e9ket. Elk\u00f6telezettek vagyunk a gyors, professzion\u00e1lis v\u00e1laszok \u00e9s a szak\u00e9rt\u0151i \u00fatmutat\u00e1s ir\u00e1nt, \u00edgy minden megkeres\u00e9st a lehet\u0151 legnagyobb gondoss\u00e1ggal \u00e9s precizit\u00e1ssal kezel\u00fcnk, ami a lehet\u0151 legjobb eredm\u00e9nyekhez vezet.<\/p>\n<p>A teljes term\u00e9kfejleszt\u00e9si folyamat sor\u00e1n a ny\u00edlt \u00e9s folyamatos kommunik\u00e1ci\u00f3t helyezz\u00fck el\u0151t\u00e9rbe. Elk\u00f6telezett csapatunk k\u00f6zvetlen\u00fcl az \u00fcgyfelekkel dolgozik, hogy teljes m\u00e9rt\u00e9kben meg\u00e9rtse egyedi ig\u00e9nyeiket, \u00e9rt\u00e9kes betekint\u00e9st \u00e9s aj\u00e1nl\u00e1sokat k\u00edn\u00e1lva az optim\u00e1lis megold\u00e1sok biztos\u00edt\u00e1sa \u00e9rdek\u00e9ben. Ak\u00e1r innovat\u00edv term\u00e9keket tervez, ak\u00e1r folyamatos megrendel\u00e9seket teljes\u00edt, az FMP elk\u00f6telezett amellett, hogy minden alkalommal kiv\u00e1l\u00f3 min\u0151s\u00e9g\u0171, prec\u00edzi\u00f3san megtervezett megold\u00e1sokat sz\u00e1ll\u00edtson id\u0151ben. C\u00e9lunk, hogy \u00fcgyfeleink sz\u00e1m\u00e1ra a legjobb szolg\u00e1ltat\u00e1st \u00e9s eredm\u00e9nyeket ny\u00fajtsuk, minden projekttel fel\u00fclm\u00falva az elv\u00e1r\u00e1sokat.<\/p>\n<p>A min\u0151s\u00e9g az FMP m\u0171k\u00f6d\u00e9s\u00e9nek sarokk\u00f6ve. A legmagasabb gy\u00e1rt\u00e1si szabv\u00e1nyokat tartjuk be, szigor\u00fa min\u0151s\u00e9gellen\u0151rz\u00e9si int\u00e9zked\u00e9seket alkalmazva annak biztos\u00edt\u00e1s\u00e1ra, hogy minden term\u00e9k ne csak megfeleljen, hanem meghaladja az ipar\u00e1gi szabv\u00e1nyokat. Ez a min\u0151s\u00e9g ir\u00e1nti rend\u00edthetetlen elk\u00f6telezetts\u00e9g, valamint az integrit\u00e1s, a csapatmunka \u00e9s a kitart\u00e1s alapvet\u0151 \u00e9rt\u00e9kei lehet\u0151v\u00e9 tett\u00e9k sz\u00e1munkra, hogy hossz\u00fa t\u00e1v\u00fa, bizalmon alapul\u00f3 kapcsolatokat \u00e9p\u00edts\u00fcnk ki \u00fcgyfeleinkkel vil\u00e1gszerte k\u00f6zel 30 orsz\u00e1gban.<\/p>\n<p>Az FMP mindig nyitott a glob\u00e1lis partners\u00e9gek \u00e1pol\u00e1s\u00e1ra, \u00e9s tov\u00e1bbra is elk\u00f6telezett amellett, hogy szak\u00e9rt\u0151i tan\u00e1csokat \u00e9s szem\u00e9lyre szabott megold\u00e1sokat k\u00edn\u00e1ljon, amelyek megfelelnek \u00fcgyfeleink sokr\u00e9t\u0171 ig\u00e9nyeinek. Nemcsak term\u00e9keket sz\u00e1ll\u00edtunk; olyan tart\u00f3s kapcsolatok ki\u00e9p\u00edt\u00e9s\u00e9re t\u00f6reksz\u00fcnk, amelyek hozz\u00e1j\u00e1rulnak minden projekt siker\u00e9hez. Ak\u00e1r innovat\u00edv megold\u00e1sokra van sz\u00fcks\u00e9ge egy \u00faj kezdem\u00e9nyez\u00e9shez, ak\u00e1r folyamatos t\u00e1mogat\u00e1sra egy megl\u00e9v\u0151 rendszerhez, az FMP itt van, hogy megoldja a technikai kih\u00edv\u00e1sokat \u00e9s biztos\u00edtsa a folyamatos sikert.<\/p>\n<p><img loading=\"lazy\" decoding=\"async\" class=\"alignnone size-full wp-image-1861\" src=\"https:\/\/fmp-components.com\/wp-content\/uploads\/2024\/12\/Other-Agricultural-Gearboxes.webp\" sizes=\"(min-width: 0px) and (max-width: 480px) 480px, (min-width: 481px) and (max-width: 980px) 980px, (min-width: 981px) 1200px, 100vw\" srcset=\"https:\/\/fmp-components.com\/wp-content\/uploads\/2024\/12\/Other-Agricultural-Gearboxes.webp 1200w, https:\/\/fmp-components.com\/wp-content\/uploads\/2024\/12\/Other-Agricultural-Gearboxes-980x1143.webp 980w, https:\/\/fmp-components.com\/wp-content\/uploads\/2024\/12\/Other-Agricultural-Gearboxes-480x560.webp 480w\" alt=\"Altri-cambi-agricoli\" width=\"1200\" height=\"1400\" title=\"\"><\/p>\n<p>Szerz\u0151: CX<\/p>","protected":false},"excerpt":{"rendered":"<p>Technical Features The FMP-L150J gearbox ratio is 1:1.93. Input Shaft 1-3\/8&#8243; round bore Output Shaft Tapered splines, bushing must be ordered separately. Gearbox Rating 60 hp at 540 rpm Rotation CCW (Counter-clockwise) Compatibility Fits Replacement of Comer Rotary Cutters Mounting Pattern 203.2 mm Application Fertilizers Body Material Aluminum Entry Shaft \u03a1\u03a4\u039f \u03a635\/\u03966 (1 3\/8&#8243; z6) [&hellip;]<\/p>","protected":false},"featured_media":2147,"comment_status":"open","ping_status":"closed","template":"","meta":{"_et_pb_use_builder":"","_et_pb_old_content":"","_et_gb_content_width":""},"product_brand":[],"product_cat":[54],"product_tag":[],"class_list":{"0":"post-2142","1":"product","2":"type-product","3":"status-publish","4":"has-post-thumbnail","6":"product_cat-fertilizer-spreader-gearbox","8":"first","9":"instock","10":"shipping-taxable","11":"product-type-simple"},"_links":{"self":[{"href":"https:\/\/fmp-components.com\/hu\/wp-json\/wp\/v2\/product\/2142","targetHints":{"allow":["GET"]}}],"collection":[{"href":"https:\/\/fmp-components.com\/hu\/wp-json\/wp\/v2\/product"}],"about":[{"href":"https:\/\/fmp-components.com\/hu\/wp-json\/wp\/v2\/types\/product"}],"replies":[{"embeddable":true,"href":"https:\/\/fmp-components.com\/hu\/wp-json\/wp\/v2\/comments?post=2142"}],"wp:featuredmedia":[{"embeddable":true,"href":"https:\/\/fmp-components.com\/hu\/wp-json\/wp\/v2\/media\/2147"}],"wp:attachment":[{"href":"https:\/\/fmp-components.com\/hu\/wp-json\/wp\/v2\/media?parent=2142"}],"wp:term":[{"taxonomy":"product_brand","embeddable":true,"href":"https:\/\/fmp-components.com\/hu\/wp-json\/wp\/v2\/product_brand?post=2142"},{"taxonomy":"product_cat","embeddable":true,"href":"https:\/\/fmp-components.com\/hu\/wp-json\/wp\/v2\/product_cat?post=2142"},{"taxonomy":"product_tag","embeddable":true,"href":"https:\/\/fmp-components.com\/hu\/wp-json\/wp\/v2\/product_tag?post=2142"}],"curies":[{"name":"munkaf\u00fczet","href":"https:\/\/api.w.org\/{rel}","templated":true}]}}