{"id":2111,"date":"2024-12-30T05:16:14","date_gmt":"2024-12-30T05:16:14","guid":{"rendered":"https:\/\/fmp-components.com\/?page_id=8"},"modified":"2024-12-30T05:23:39","modified_gmt":"2024-12-30T05:23:39","slug":"rotary-tillers-gearboxes-replacement-of-comer-code-tb-278c-11","status":"publish","type":"product","link":"https:\/\/fmp-components.com\/hu\/product\/rotary-tillers-gearboxes-replacement-of-comer-code-tb-278c-11\/","title":{"rendered":"Talajmar\u00f3k hajt\u00f3m\u0171vei \u2013 A Comer TB-278C k\u00f3d 1:1 cser\u00e9je"},"content":{"rendered":"<p style=\"text-align: center;\"><span style=\"font-size: 18pt;\">Talajmar\u00f3k hajt\u00f3m\u0171vei \u2013 A Comer TB-278C k\u00f3d 1:1 cser\u00e9je<\/span><\/p>\n<p>A talajmar\u00f3k sebess\u00e9gv\u00e1lt\u00f3ja \u2013 a Comer TB-278C 1:1 k\u00f3d\u00fa v\u00e1ltozat\u00e1nak cser\u00e9je \u2013 egy nagy teljes\u00edtm\u00e9ny\u0171, tart\u00f3s sebess\u00e9gv\u00e1lt\u00f3, amelyet kifejezetten talajmar\u00f3khoz terveztek, \u00e9s hat\u00e9kony megold\u00e1st k\u00edn\u00e1l a talaj-el\u0151k\u00e9sz\u00edt\u00e9shez \u00e9s a f\u00f6ldm\u0171vel\u00e9shez. Ez a csere sebess\u00e9gv\u00e1lt\u00f3 megb\u00edzhat\u00f3 er\u0151\u00e1tvitelt biztos\u00edt a traktor teljes\u00edtm\u00e9nylead\u00f3 tengely\u00e9r\u0151l a talajmar\u00f3k\u00e9sekre, biztos\u00edtva a z\u00f6kken\u0151mentes m\u0171k\u00f6d\u00e9st m\u00e9g neh\u00e9z mez\u0151gazdas\u00e1gi k\u00f6rnyezetben is.<\/p>\n<p>A TB-278C sebess\u00e9gv\u00e1lt\u00f3 f\u0151bb jellemz\u0151i k\u00f6z\u00e9 tartozik az 1:1 \u00e1tt\u00e9tel, amely optim\u00e1lis er\u0151\u00e1tvitelt biztos\u00edt a talajm\u0171vel\u00e9si m\u0171veletekhez, \u00edgy rendk\u00edv\u00fcl hat\u00e9konny\u00e1 teszi a k\u00fcl\u00f6nb\u00f6z\u0151 talajt\u00edpusokon, a k\u00f6nny\u0171 talajokt\u00f3l a neh\u00e9z mez\u0151gazdas\u00e1gi alkalmaz\u00e1sokig. A robusztus konstrukci\u00f3 biztos\u00edtja a kop\u00e1s\u00e1ll\u00f3s\u00e1got, meghosszabb\u00edtja a sebess\u00e9gv\u00e1lt\u00f3 \u00e9lettartam\u00e1t \u00e9s cs\u00f6kkenti a karbantart\u00e1si k\u00f6lts\u00e9geket. Ezenk\u00edv\u00fcl a sebess\u00e9gv\u00e1lt\u00f3t a k\u00f6nny\u0171 telep\u00edt\u00e9shez tervezt\u00e9k, k\u00f6zvetlen\u00fcl helyettes\u00edti a Comer TB-278C sebess\u00e9gv\u00e1lt\u00f3t, minimaliz\u00e1lva az \u00e1ll\u00e1sid\u0151t \u00e9s biztos\u00edtva a folyamatos termel\u00e9kenys\u00e9get a sz\u00e1nt\u00f3f\u00f6ld\u00f6n.<\/p>\n<p>A TB-278C sebess\u00e9gv\u00e1lt\u00f3 prec\u00edzi\u00f3s m\u00e9rn\u00f6ki munk\u00e1val \u00e9s kiv\u00e1l\u00f3 min\u0151s\u00e9g\u0171 anyagokb\u00f3l k\u00e9sz\u00fclt, \u00edgy megb\u00edzhat\u00f3 v\u00e1laszt\u00e1s mind a kisgazdas\u00e1gok, mind a nagy mez\u0151gazdas\u00e1gi \u00fczemek sz\u00e1m\u00e1ra. Kialak\u00edt\u00e1sa lehet\u0151v\u00e9 teszi a hat\u00e9kony energia\u00e1tvitelt, ami maximaliz\u00e1lja a talajm\u0171vel\u0151 teljes\u00edtm\u00e9ny\u00e9t \u00e9s n\u00f6veli az \u00fczemanyag-hat\u00e9konys\u00e1got.<\/p>\n<p>Ez a csere sebess\u00e9gv\u00e1lt\u00f3 ide\u00e1lis azoknak a gazd\u00e1lkod\u00f3knak, akik kiv\u00e1l\u00f3 min\u0151s\u00e9g\u0171, k\u00f6lts\u00e9ghat\u00e9kony megold\u00e1st keresnek talajmar\u00f3ik teljes\u00edtm\u00e9ny\u00e9nek fenntart\u00e1s\u00e1ra. Ak\u00e1r egy elkopott sebess\u00e9gv\u00e1lt\u00f3 cser\u00e9j\u00e9r\u0151l, ak\u00e1r egy r\u00e9gebbi modell korszer\u0171s\u00edt\u00e9s\u00e9r\u0151l van sz\u00f3, a TB-278C optim\u00e1lis talajm\u0171vel\u00e9si teljes\u00edtm\u00e9nyt \u00e9s megn\u00f6velt termel\u00e9kenys\u00e9get biztos\u00edt. A sebess\u00e9gv\u00e1lt\u00f3 szigor\u00fa min\u0151s\u00e9gellen\u0151rz\u00e9si szabv\u00e1nyoknak is megfelel, hogy megfeleljen a modern mez\u0151gazdas\u00e1g magas k\u00f6vetelm\u00e9nyeinek.<\/p>\n<p>A talajm\u0171vel\u0151 g\u00e9pekhez val\u00f3 sebess\u00e9gv\u00e1lt\u00f3 \u2013 a Comer TB-278C 1:1-es k\u00f3d\u00fa v\u00e1ltozat\u00e1nak cser\u00e9je \u2013 tart\u00f3s, hat\u00e9kony \u00e9s k\u00f6lts\u00e9ghat\u00e9kony megold\u00e1st k\u00edn\u00e1l a talajm\u0171vel\u0151 g\u00e9pekhez. A megb\u00edzhat\u00f3s\u00e1gra, a pontoss\u00e1gra \u00e9s a teljes\u00edtm\u00e9nyre \u00f6sszpontos\u00edtva ez a sebess\u00e9gv\u00e1lt\u00f3 seg\u00edt jav\u00edtani a m\u0171k\u00f6d\u00e9si hat\u00e9konys\u00e1got \u00e9s meghosszabb\u00edtja mez\u0151gazdas\u00e1gi berendez\u00e9sei \u00e9lettartam\u00e1t.<\/p>\n<table style=\"width: 100%;\" border=\"1\" width=\"100%\" cellspacing=\"0\" cellpadding=\"0\">\n<tbody>\n<tr>\n<th>Le\u00edr\u00e1s<\/th>\n<td>Forg\u00f3boron\u00e1k hajt\u00f3m\u0171vei, talajmar\u00f3k hajt\u00f3m\u0171vei \u2013 A Comer TB-278C k\u00f3d 1:1 cser\u00e9je<\/td>\n<\/tr>\n<tr>\n<th>Alkalmaz\u00e1s<\/th>\n<td>K\u00fcl\u00f6nb\u00f6z\u0151 (mez\u0151gazdas\u00e1gi) alkalmaz\u00e1sok,<br \/>\nF\u0171ny\u00edr\u00f3k,<br \/>\nSorozatmalom<\/td>\n<\/tr>\n<tr>\n<th>Tartalmaz<\/th>\n<td>Sebess\u00e9gv\u00e1lt\u00f3<\/td>\n<\/tr>\n<tr>\n<th>Olaj k\u00fcl\u00f6n rendel\u00e9se<\/th>\n<td>M\u0171szaki inform\u00e1ci\u00f3k<\/td>\n<\/tr>\n<tr>\n<th><\/th>\n<td>Minden m\u0171szaki adat megfelel az ISO 6335 \u00e9s ISO 281 szabv\u00e1nynak.<\/td>\n<\/tr>\n<tr>\n<th>Max. bemeneti teljes\u00edtm\u00e9ny<\/th>\n<td>40,5 kW<\/td>\n<\/tr>\n<tr>\n<th>Max. kimeneti nyomat\u00e9k<\/th>\n<td>695 Nm<\/td>\n<\/tr>\n<tr>\n<th>Olajat tartalmaz<\/th>\n<td>Nem<\/td>\n<\/tr>\n<tr>\n<th>Max. olajkapacit\u00e1s<\/th>\n<td>1,6 literes<\/td>\n<\/tr>\n<tr>\n<th>Olaj SAE viszkozit\u00e1si fokozat<\/th>\n<td>80W-90<\/td>\n<\/tr>\n<tr>\n<th>S\u00faly<\/th>\n<td>24 kg<\/td>\n<\/tr>\n<tr>\n<th>Fogasker\u00e9k-elrendez\u00e9s<\/th>\n<td>5 &#8211; 6<\/td>\n<\/tr>\n<tr>\n<th>H\u00e1nyados<\/th>\n<td>1 : 1<\/td>\n<\/tr>\n<tr>\n<th>Bemeneti tengely<\/th>\n<td>Z<\/td>\n<\/tr>\n<tr>\n<th>X tengely<\/th>\n<td>C<\/td>\n<\/tr>\n<tr>\n<th>Z tengely<\/th>\n<td>1 3\/8\u2033 (6) (A)<\/td>\n<\/tr>\n<\/tbody>\n<\/table>\n<h3>Talajmar\u00f3k hajt\u00f3m\u0171vei \u2013 A Comer TB-278C k\u00f3d 1:1 cser\u00e9je<\/h3>\n<p>A talajmar\u00f3k sebess\u00e9gv\u00e1lt\u00f3ja \u2013 a Comer TB-278C 1:1 k\u00f3d\u00fa v\u00e1ltozat\u00e1nak cser\u00e9je \u2013 egy nagy teljes\u00edtm\u00e9ny\u0171, tart\u00f3s sebess\u00e9gv\u00e1lt\u00f3, amelyet kifejezetten talajmar\u00f3khoz terveztek, \u00e9s hat\u00e9kony megold\u00e1st k\u00edn\u00e1l a talaj-el\u0151k\u00e9sz\u00edt\u00e9shez \u00e9s a f\u00f6ldm\u0171vel\u00e9shez. Ez a csere sebess\u00e9gv\u00e1lt\u00f3 megb\u00edzhat\u00f3 er\u0151\u00e1tvitelt biztos\u00edt a traktor teljes\u00edtm\u00e9nylead\u00f3 tengely\u00e9r\u0151l a talajmar\u00f3k\u00e9sekre, biztos\u00edtva a z\u00f6kken\u0151mentes m\u0171k\u00f6d\u00e9st m\u00e9g neh\u00e9z mez\u0151gazdas\u00e1gi k\u00f6rnyezetben is.<\/p>\n<p>A TB-278C sebess\u00e9gv\u00e1lt\u00f3 f\u0151bb jellemz\u0151i k\u00f6z\u00e9 tartozik az 1:1 \u00e1tt\u00e9tel, amely optim\u00e1lis er\u0151\u00e1tvitelt biztos\u00edt a talajm\u0171vel\u00e9si m\u0171veletekhez, \u00edgy rendk\u00edv\u00fcl hat\u00e9konny\u00e1 teszi a k\u00fcl\u00f6nb\u00f6z\u0151 talajt\u00edpusokon, a k\u00f6nny\u0171 talajokt\u00f3l a neh\u00e9z mez\u0151gazdas\u00e1gi alkalmaz\u00e1sokig. A robusztus konstrukci\u00f3 biztos\u00edtja a kop\u00e1s\u00e1ll\u00f3s\u00e1got, meghosszabb\u00edtja a sebess\u00e9gv\u00e1lt\u00f3 \u00e9lettartam\u00e1t \u00e9s cs\u00f6kkenti a karbantart\u00e1si k\u00f6lts\u00e9geket. Ezenk\u00edv\u00fcl a sebess\u00e9gv\u00e1lt\u00f3t a k\u00f6nny\u0171 telep\u00edt\u00e9shez tervezt\u00e9k, k\u00f6zvetlen\u00fcl helyettes\u00edti a Comer TB-278C sebess\u00e9gv\u00e1lt\u00f3t, minimaliz\u00e1lva az \u00e1ll\u00e1sid\u0151t \u00e9s biztos\u00edtva a folyamatos termel\u00e9kenys\u00e9get a sz\u00e1nt\u00f3f\u00f6ld\u00f6n.<\/p>\n<p>A TB-278C sebess\u00e9gv\u00e1lt\u00f3 prec\u00edzi\u00f3s m\u00e9rn\u00f6ki munk\u00e1val \u00e9s kiv\u00e1l\u00f3 min\u0151s\u00e9g\u0171 anyagokb\u00f3l k\u00e9sz\u00fclt, \u00edgy megb\u00edzhat\u00f3 v\u00e1laszt\u00e1s mind a kisgazdas\u00e1gok, mind a nagy mez\u0151gazdas\u00e1gi \u00fczemek sz\u00e1m\u00e1ra. Kialak\u00edt\u00e1sa lehet\u0151v\u00e9 teszi a hat\u00e9kony energia\u00e1tvitelt, ami maximaliz\u00e1lja a talajm\u0171vel\u0151 teljes\u00edtm\u00e9ny\u00e9t \u00e9s n\u00f6veli az \u00fczemanyag-hat\u00e9konys\u00e1got.<\/p>\n<p>Ez a csere sebess\u00e9gv\u00e1lt\u00f3 ide\u00e1lis azoknak a gazd\u00e1lkod\u00f3knak, akik kiv\u00e1l\u00f3 min\u0151s\u00e9g\u0171, k\u00f6lts\u00e9ghat\u00e9kony megold\u00e1st keresnek talajmar\u00f3ik teljes\u00edtm\u00e9ny\u00e9nek fenntart\u00e1s\u00e1ra. Ak\u00e1r egy elkopott sebess\u00e9gv\u00e1lt\u00f3 cser\u00e9j\u00e9r\u0151l, ak\u00e1r egy r\u00e9gebbi modell korszer\u0171s\u00edt\u00e9s\u00e9r\u0151l van sz\u00f3, a TB-278C optim\u00e1lis talajm\u0171vel\u00e9si teljes\u00edtm\u00e9nyt \u00e9s megn\u00f6velt termel\u00e9kenys\u00e9get biztos\u00edt. A sebess\u00e9gv\u00e1lt\u00f3 szigor\u00fa min\u0151s\u00e9gellen\u0151rz\u00e9si szabv\u00e1nyoknak is megfelel, hogy megfeleljen a modern mez\u0151gazdas\u00e1g magas k\u00f6vetelm\u00e9nyeinek.<\/p>\n<p>\u00d6sszefoglalva, a talajm\u0171vel\u0151 g\u00e9pekhez val\u00f3 sebess\u00e9gv\u00e1lt\u00f3 \u2013 a Comer TB-278C k\u00f3d\u00fa v\u00e1lt\u00f3 1:1 ar\u00e1nyban tart\u00f3s, hat\u00e9kony \u00e9s k\u00f6lts\u00e9ghat\u00e9kony megold\u00e1st k\u00edn\u00e1l a talajm\u0171vel\u0151 g\u00e9pek sz\u00e1m\u00e1ra. A megb\u00edzhat\u00f3s\u00e1gra, a pontoss\u00e1gra \u00e9s a teljes\u00edtm\u00e9nyre \u00f6sszpontos\u00edtva ez a sebess\u00e9gv\u00e1lt\u00f3 seg\u00edt jav\u00edtani a m\u0171k\u00f6d\u00e9si hat\u00e9konys\u00e1got \u00e9s meghosszabb\u00edtja mez\u0151gazdas\u00e1gi berendez\u00e9sei \u00e9lettartam\u00e1t.<\/p>\n<p><img loading=\"lazy\" decoding=\"async\" class=\"alignnone size-full wp-image-2102\" src=\"https:\/\/fmp-components.com\/wp-content\/uploads\/2024\/12\/PTO-Shaft-for-Rotary-Tiller-Gearbox.webp\" alt=\"Kard\u00e1ntengely-forg\u00f3-talajm\u0171vel\u0151-hajt\u00f3m\u0171h\u00f6z\" width=\"1000\" height=\"600\" title=\"\" srcset=\"https:\/\/fmp-components.com\/wp-content\/uploads\/2024\/12\/PTO-Shaft-for-Rotary-Tiller-Gearbox.webp 1000w, https:\/\/fmp-components.com\/wp-content\/uploads\/2024\/12\/PTO-Shaft-for-Rotary-Tiller-Gearbox-980x588.webp 980w, https:\/\/fmp-components.com\/wp-content\/uploads\/2024\/12\/PTO-Shaft-for-Rotary-Tiller-Gearbox-480x288.webp 480w\" sizes=\"(min-width: 0px) and (max-width: 480px) 480px, (min-width: 481px) and (max-width: 980px) 980px, (min-width: 981px) 1000px, 100vw\" \/><\/p>\n<h2>Kard\u00e1ntengelyek talajm\u0171vel\u0151 hajt\u00f3m\u0171vekhez<\/h2>\n<p>A talajmar\u00f3k hajt\u00f3m\u0171veinek kard\u00e1ntengelyei l\u00e9tfontoss\u00e1g\u00fa alkatr\u00e9szek a modern mez\u0151gazdas\u00e1gban, mivel alapvet\u0151 kapcsolatot biztos\u00edtanak a traktor teljes\u00edtm\u00e9nylead\u00f3 (TLT) rendszere \u00e9s a talajmar\u00f3k hajt\u00f3m\u0171ve k\u00f6z\u00f6tt. Ezeket a tengelyeket \u00fagy tervezt\u00e9k, hogy mechanikai er\u0151t tov\u00e1bb\u00edtsanak a traktor motorj\u00e1t\u00f3l a talajm\u0171vel\u0151 mechanizmushoz, lehet\u0151v\u00e9 t\u00e9ve a talajmar\u00f3k\u00e9sek forg\u00e1s\u00e1t \u00e9s a talajm\u0171vel\u00e9s hat\u00e9kony elv\u00e9gz\u00e9s\u00e9t. Az er\u0151\u00e1tvitel el\u0151seg\u00edt\u00e9s\u00e9vel a kard\u00e1ntengelyek optim\u00e1lis talajm\u0171vel\u00e9si teljes\u00edtm\u00e9nyt biztos\u00edtanak a k\u00fcl\u00f6nb\u00f6z\u0151 mez\u0151gazdas\u00e1gi alkalmaz\u00e1sokban, a talaj-el\u0151k\u00e9sz\u00edt\u00e9st\u0151l a f\u00f6ldgondoz\u00e1sig.<\/p>\n<p>A tart\u00f3ss\u00e1g \u00e9s a megb\u00edzhat\u00f3s\u00e1g a forg\u00f3boron\u00e1k hajt\u00f3m\u0171veihez haszn\u00e1lt kard\u00e1ntengelyek kulcsfontoss\u00e1g\u00fa tulajdons\u00e1gai. Nagy szil\u00e1rds\u00e1g\u00fa ac\u00e9lb\u00f3l vagy m\u00e1s tart\u00f3s anyagokb\u00f3l k\u00e9sz\u00fcltek, \u00e9s \u00fagy tervezt\u00e9k, hogy ellen\u00e1lljanak a neh\u00e9z mez\u0151gazdas\u00e1gi munk\u00e1k terhel\u00e9s\u00e9nek. Ak\u00e1r kih\u00edv\u00e1st jelent\u0151 terepen, ak\u00e1r zord k\u00f6rnyezeti k\u00f6r\u00fclm\u00e9nyek k\u00f6z\u00f6tt dolgoznak, a kard\u00e1ntengelyeket \u00fagy tervezt\u00e9k, hogy \u00e1lland\u00f3, hossz\u00fa t\u00e1v\u00fa teljes\u00edtm\u00e9nyt ny\u00fajtsanak, cs\u00f6kkentve a gyakori karbantart\u00e1s sz\u00fcks\u00e9gess\u00e9g\u00e9t \u00e9s minimaliz\u00e1lva az \u00e1ll\u00e1sid\u0151t a kritikus mez\u0151gazdas\u00e1gi szezonokban.<\/p>\n<p>A kard\u00e1ntengelyek m\u00e1sik jelent\u0151s jellemz\u0151je a k\u00f6nny\u0171 fel- \u00e9s lecsatlakoztathat\u00f3s\u00e1g. Ezeket a tengelyeket \u00fagy tervezt\u00e9k, hogy gyorsan csatlakozhassanak mind a traktorhoz, mind a talajm\u0171vel\u0151 hajt\u00f3m\u0171h\u00f6z, biztos\u00edtva a z\u00f6kken\u0151mentes integr\u00e1ci\u00f3t a k\u00fcl\u00f6nf\u00e9le g\u00e9pmodellekkel. A gyorscsatlakoz\u00f3 mechanizmus lehet\u0151v\u00e9 teszi a gazd\u00e1lkod\u00f3k sz\u00e1m\u00e1ra, hogy k\u00f6nnyen v\u00e1ltsanak a k\u00fcl\u00f6nb\u00f6z\u0151 munkag\u00e9pek k\u00f6z\u00f6tt, jav\u00edtva a m\u0171k\u00f6d\u00e9si hat\u00e9konys\u00e1got \u00e9s cs\u00f6kkentve a be\u00e1ll\u00edt\u00e1si id\u0151t a feladatok vagy a berendez\u00e9sek cser\u00e9jekor.<\/p>\n<p>A biztons\u00e1g a talajmar\u00f3k hajt\u00f3m\u0171veihez haszn\u00e1lt kard\u00e1ntengelyek eset\u00e9ben is kiemelt fontoss\u00e1g\u00fa. Ezek a tengelyek v\u00e9d\u0151burkolatokkal, cs\u00fasz\u00f3 tengelykapcsol\u00f3kkal \u00e9s egy\u00e9b biztons\u00e1gi funkci\u00f3kkal vannak felszerelve, amelyek c\u00e9lja a balesetek megel\u0151z\u00e9se \u00e9s a k\u00e1rok minimaliz\u00e1l\u00e1sa \u00fczem k\u00f6zben. A kard\u00e1ntengelyek seg\u00edtenek biztos\u00edtani a traktor \u00e9s a talajmar\u00f3 k\u00f6z\u00f6tti biztons\u00e1gos kapcsolatot, cs\u00f6kkentve a berendez\u00e9s meghib\u00e1sod\u00e1s\u00e1nak vagy s\u00e9r\u00fcl\u00e9s\u00e9nek kock\u00e1zat\u00e1t \u00fczem k\u00f6zben, k\u00fcl\u00f6n\u00f6sen nagy nyomat\u00e9k eset\u00e9n.<\/p>\n<p>V\u00e9g\u00fcl, a talajmar\u00f3k sebess\u00e9gv\u00e1lt\u00f3ihoz tartoz\u00f3 kard\u00e1ntengelyek nagym\u00e9rt\u00e9kben testreszabhat\u00f3k, a k\u00fcl\u00f6nb\u00f6z\u0151 hossz\u00fas\u00e1g\u00fa, konfigur\u00e1ci\u00f3s \u00e9s kivitel\u0171 v\u00e1ltozatok a k\u00fcl\u00f6nb\u00f6z\u0151 talajmar\u00f3 modellekhez \u00e9s traktort\u00edpusokhoz igazodnak. A testreszab\u00e1s biztos\u00edtja, hogy a kard\u00e1ntengely t\u00f6k\u00e9letesen illeszkedjen az egyes gazdas\u00e1gok egyedi ig\u00e9nyeihez, maximaliz\u00e1lva a talajmar\u00f3 hat\u00e9konys\u00e1g\u00e1t \u00e9s teljes\u00edtm\u00e9ny\u00e9t. A megfelel\u0151 kard\u00e1ntengellyel a gazd\u00e1lkod\u00f3k n\u00f6velhetik termel\u00e9kenys\u00e9g\u00fcket, biztos\u00edtva a sima \u00e9s hat\u00e9kony talaj-el\u0151k\u00e9sz\u00edt\u00e9st az optim\u00e1lis n\u00f6v\u00e9nyn\u00f6veked\u00e9s \u00e9rdek\u00e9ben.<\/p>\n<p><img loading=\"lazy\" decoding=\"async\" class=\"alignnone size-full wp-image-2088\" src=\"https:\/\/fmp-components.com\/wp-content\/uploads\/2024\/12\/Agricultural-Gearbox-and-PTO-Drive-Shaft1.webp\" alt=\"Mez\u0151gazdas\u00e1gi sebess\u00e9gv\u00e1lt\u00f3 \u00e9s kard\u00e1ntengely\" width=\"1200\" height=\"540\" title=\"\" srcset=\"https:\/\/fmp-components.com\/wp-content\/uploads\/2024\/12\/Agricultural-Gearbox-and-PTO-Drive-Shaft1.webp 1200w, https:\/\/fmp-components.com\/wp-content\/uploads\/2024\/12\/Agricultural-Gearbox-and-PTO-Drive-Shaft1-980x441.webp 980w, https:\/\/fmp-components.com\/wp-content\/uploads\/2024\/12\/Agricultural-Gearbox-and-PTO-Drive-Shaft1-480x216.webp 480w\" sizes=\"(min-width: 0px) and (max-width: 480px) 480px, (min-width: 481px) and (max-width: 980px) 980px, (min-width: 981px) 1200px, 100vw\" \/><\/p>\n<h3>Az FMP-r\u0151l<\/h3>\n<p>Az olaszorsz\u00e1gi sz\u00e9khely\u0171 FMP vezet\u0151 gy\u00e1rt\u00f3, amely els\u0151sorban a mez\u0151gazdas\u00e1gi g\u00e9pek szektor\u00e1ban haszn\u00e1lt nagy teljes\u00edtm\u00e9ny\u0171 sebess\u00e9gv\u00e1lt\u00f3k tervez\u00e9s\u00e9ben, fejleszt\u00e9s\u00e9ben \u00e9s gy\u00e1rt\u00e1s\u00e1ban szerzett szak\u00e9rtelm\u00e9r\u0151l ismert. A prec\u00edzi\u00f3s m\u00e9rn\u00f6ki munk\u00e1ra, az innov\u00e1ci\u00f3ra \u00e9s a p\u00e1ratlan megb\u00edzhat\u00f3s\u00e1gra \u00e9p\u00fcl\u0151 h\u00edrn\u00e9vnek k\u00f6sz\u00f6nhet\u0151en az FMP k\u00f6vetkezetesen kiv\u00e1l\u00f3 term\u00e9keket sz\u00e1ll\u00edt, amelyek megfelelnek a mez\u0151gazdas\u00e1gi \u00e9s ipari piacok dinamikus ig\u00e9nyeinek. Kiterjedt term\u00e9kportf\u00f3li\u00f3nk mag\u00e1ban foglalja a f\u0171ny\u00edr\u00f3khoz, kard\u00e1ntengelyekhez \u00e9s m\u00e1s kulcsfontoss\u00e1g\u00fa alkatr\u00e9szekhez k\u00e9sz\u00fclt speci\u00e1lis sebess\u00e9gv\u00e1lt\u00f3kat, amelyek mindegyike egyedi megold\u00e1sokat k\u00edn\u00e1l a legk\u00fcl\u00f6nb\u00f6z\u0151bb alkalmaz\u00e1sokhoz.<\/p>\n<p>Az FMP-n\u00e9l felismerj\u00fck, hogy minden \u00fcgyf\u00e9lnek egyedi ig\u00e9nyei vannak. Ez\u00e9rt specializ\u00e1l\u00f3dtunk az egyedi megold\u00e1sok sz\u00e1ll\u00edt\u00e1s\u00e1ra, legyen sz\u00f3 ak\u00e1r egyedi komponensekr\u0151l, ak\u00e1r teljesen integr\u00e1lt rendszerekr\u0151l. Szorosan egy\u00fcttm\u0171k\u00f6d\u00fcnk \u00fcgyfeleinkkel annak \u00e9rdek\u00e9ben, hogy minden megold\u00e1s ne csak hat\u00e9kony, hanem eredm\u00e9nyes is legyen, maxim\u00e1lis \u00e9rt\u00e9ket teremtve. A gyors, professzion\u00e1lis v\u00e1laszok ir\u00e1nti elk\u00f6telezetts\u00e9g\u00fcnk, valamint a szak\u00e9rt\u0151i \u00fatmutat\u00e1s garant\u00e1lja, hogy minden megkeres\u00e9st prec\u00edzen \u00e9s a r\u00e9szletekre val\u00f3 odafigyel\u00e9ssel kezel\u00fcnk.<\/p>\n<p>A teljes term\u00e9kfejleszt\u00e9si folyamat sor\u00e1n a ny\u00edlt kommunik\u00e1ci\u00f3t \u00e9s egy\u00fcttm\u0171k\u00f6d\u00e9st helyezz\u00fck el\u0151t\u00e9rbe. Csapatunk szorosan egy\u00fcttm\u0171k\u00f6dik az \u00fcgyfelekkel, hogy teljes m\u00e9rt\u00e9kben meg\u00e9rtse egyedi ig\u00e9nyeiket, \u00e9s olyan \u00e1tfog\u00f3 aj\u00e1nl\u00e1sokat tegyen, amelyek a legoptim\u00e1lisabb megold\u00e1sokhoz vezetnek. Ak\u00e1r \u00faj term\u00e9keket fejleszt\u00fcnk, ak\u00e1r folyamatban l\u00e9v\u0151 megrendel\u00e9seket teljes\u00edt\u00fcnk, elk\u00f6telezettek vagyunk a kiv\u00e1l\u00f3 min\u0151s\u00e9g\u0171, prec\u00edzi\u00f3san megtervezett megold\u00e1sok gyors \u00e9s megb\u00edzhat\u00f3 sz\u00e1ll\u00edt\u00e1sa ir\u00e1nt.<\/p>\n<p>A min\u0151s\u00e9g minden tev\u00e9kenys\u00e9g\u00fcnk k\u00f6z\u00e9ppontj\u00e1ban \u00e1ll. Betartjuk a legmagasabb gy\u00e1rt\u00e1si szabv\u00e1nyokat, \u00e9s szigor\u00fa min\u0151s\u00e9gellen\u0151rz\u00e9si folyamatokat alkalmazunk annak biztos\u00edt\u00e1sa \u00e9rdek\u00e9ben, hogy minden term\u00e9k ne csak megfeleljen, hanem meghaladja az ipar\u00e1gi elv\u00e1r\u00e1sokat. Ez a min\u0151s\u00e9g ir\u00e1nti rend\u00edthetetlen elk\u00f6telezetts\u00e9g, az integrit\u00e1s, a csapatmunka \u00e9s a kitart\u00e1s \u00e9rt\u00e9keinkkel p\u00e1rosulva lehet\u0151v\u00e9 tette sz\u00e1munkra, hogy er\u0151s, tart\u00f3s kapcsolatokat \u00e9p\u00edts\u00fcnk ki \u00fcgyfeleinkkel a vil\u00e1g t\u00f6bb mint 30 orsz\u00e1g\u00e1ban.<\/p>\n<p>Az FMP mindig nyitott a glob\u00e1lis partners\u00e9gek \u00e1pol\u00e1s\u00e1ra, szak\u00e9rt\u0151i tan\u00e1csad\u00e1s ny\u00fajt\u00e1s\u00e1ra \u00e9s szem\u00e9lyre szabott megold\u00e1sok k\u00edn\u00e1l\u00e1s\u00e1ra, hogy kiel\u00e9g\u00edtse \u00fcgyfeleink sokr\u00e9t\u0171 ig\u00e9nyeit. Nemcsak a term\u00e9kek sz\u00e1ll\u00edt\u00e1s\u00e1ra t\u00f6reksz\u00fcnk \u2013 olyan hossz\u00fa t\u00e1v\u00fa kapcsolatok \u00e1pol\u00e1s\u00e1ra t\u00f6reksz\u00fcnk, amelyek minden projekt siker\u00e9t el\u0151mozd\u00edtj\u00e1k. Ak\u00e1r innovat\u00edv megold\u00e1sokat keres egy \u00faj kezdem\u00e9nyez\u00e9shez, ak\u00e1r folyamatos t\u00e1mogat\u00e1sra van sz\u00fcks\u00e9ge a megl\u00e9v\u0151 rendszereihez, az FMP elk\u00f6telezett a technikai kih\u00edv\u00e1sok kezel\u00e9se \u00e9s a folyamatos siker biztos\u00edt\u00e1sa ir\u00e1nt.<\/p>\n<p><img loading=\"lazy\" decoding=\"async\" class=\"alignnone size-full wp-image-1861\" src=\"https:\/\/fmp-components.com\/wp-content\/uploads\/2024\/12\/Other-Agricultural-Gearboxes.webp\" sizes=\"(min-width: 0px) and (max-width: 480px) 480px, (min-width: 481px) and (max-width: 980px) 980px, (min-width: 981px) 1200px, 100vw\" srcset=\"https:\/\/fmp-components.com\/wp-content\/uploads\/2024\/12\/Other-Agricultural-Gearboxes.webp 1200w, https:\/\/fmp-components.com\/wp-content\/uploads\/2024\/12\/Other-Agricultural-Gearboxes-980x1143.webp 980w, https:\/\/fmp-components.com\/wp-content\/uploads\/2024\/12\/Other-Agricultural-Gearboxes-480x560.webp 480w\" alt=\"Altri-cambi-agricoli\" width=\"1200\" height=\"1400\" title=\"\"><\/p>\n<p>Szerz\u0151: CX<\/p>","protected":false},"excerpt":{"rendered":"<p>Rotary Tillers Gearboxes \u2013 Replacement of Comer Code TB-278C 1:1 The Rotary Tillers Gearbox \u2013 Replacement of Comer Code TB-278C 1:1 is a high-performance, durable gearbox designed specifically for use in rotary tillers, offering an efficient solution for soil preparation and land cultivation. This replacement gearbox is engineered to deliver reliable power transmission from the [&hellip;]<\/p>","protected":false},"featured_media":2112,"comment_status":"open","ping_status":"closed","template":"","meta":{"_et_pb_use_builder":"","_et_pb_old_content":"","_et_gb_content_width":""},"product_brand":[],"product_cat":[53],"product_tag":[],"class_list":{"0":"post-2111","1":"product","2":"type-product","3":"status-publish","4":"has-post-thumbnail","6":"product_cat-rotary-tiller-gearbox","8":"first","9":"instock","10":"shipping-taxable","11":"product-type-simple"},"_links":{"self":[{"href":"https:\/\/fmp-components.com\/hu\/wp-json\/wp\/v2\/product\/2111","targetHints":{"allow":["GET"]}}],"collection":[{"href":"https:\/\/fmp-components.com\/hu\/wp-json\/wp\/v2\/product"}],"about":[{"href":"https:\/\/fmp-components.com\/hu\/wp-json\/wp\/v2\/types\/product"}],"replies":[{"embeddable":true,"href":"https:\/\/fmp-components.com\/hu\/wp-json\/wp\/v2\/comments?post=2111"}],"wp:featuredmedia":[{"embeddable":true,"href":"https:\/\/fmp-components.com\/hu\/wp-json\/wp\/v2\/media\/2112"}],"wp:attachment":[{"href":"https:\/\/fmp-components.com\/hu\/wp-json\/wp\/v2\/media?parent=2111"}],"wp:term":[{"taxonomy":"product_brand","embeddable":true,"href":"https:\/\/fmp-components.com\/hu\/wp-json\/wp\/v2\/product_brand?post=2111"},{"taxonomy":"product_cat","embeddable":true,"href":"https:\/\/fmp-components.com\/hu\/wp-json\/wp\/v2\/product_cat?post=2111"},{"taxonomy":"product_tag","embeddable":true,"href":"https:\/\/fmp-components.com\/hu\/wp-json\/wp\/v2\/product_tag?post=2111"}],"curies":[{"name":"munkaf\u00fczet","href":"https:\/\/api.w.org\/{rel}","templated":true}]}}