{"id":2084,"date":"2024-12-30T03:14:12","date_gmt":"2024-12-30T03:14:12","guid":{"rendered":"https:\/\/fmp-components.com\/?page_id=8"},"modified":"2024-12-30T03:19:44","modified_gmt":"2024-12-30T03:19:44","slug":"rotary-tiller-gearboxes-replacement-of-comer-code-tb-19j","status":"publish","type":"product","link":"https:\/\/fmp-components.com\/hu\/product\/rotary-tiller-gearboxes-replacement-of-comer-code-tb-19j\/","title":{"rendered":"Talajmar\u00f3k hajt\u00f3m\u0171vei \u2013 A Comer TB-19J k\u00f3d cser\u00e9je"},"content":{"rendered":"<p><img loading=\"lazy\" decoding=\"async\" class=\"alignnone size-full wp-image-2089\" src=\"https:\/\/fmp-components.com\/wp-content\/uploads\/2024\/12\/Rotary-Tiller-Gearbox-2.webp\" alt=\"Rot\u00e1ci\u00f3s talajm\u0171vel\u0151 sebess\u00e9gv\u00e1lt\u00f3\" width=\"1280\" height=\"1280\" title=\"\" srcset=\"https:\/\/fmp-components.com\/wp-content\/uploads\/2024\/12\/Rotary-Tiller-Gearbox-2.webp 1280w, https:\/\/fmp-components.com\/wp-content\/uploads\/2024\/12\/Rotary-Tiller-Gearbox-2-980x980.webp 980w, https:\/\/fmp-components.com\/wp-content\/uploads\/2024\/12\/Rotary-Tiller-Gearbox-2-480x480.webp 480w\" sizes=\"(min-width: 0px) and (max-width: 480px) 480px, (min-width: 481px) and (max-width: 980px) 980px, (min-width: 981px) 1280px, 100vw\" \/><\/p>\n<h2>TB-19J forg\u00f3takar\u00f3 sebess\u00e9gv\u00e1lt\u00f3 r\u00e9szletei<\/h2>\n<p><img loading=\"lazy\" decoding=\"async\" class=\"alignnone size-full wp-image-2085\" src=\"https:\/\/fmp-components.com\/wp-content\/uploads\/2024\/12\/rotary-tiller-gearbox-TB-19J.webp\" alt=\"forg\u00f3-talajm\u0171vel\u0151-sebess\u00e9gv\u00e1lt\u00f3-TB-19J\" width=\"948\" height=\"678\" title=\"\" srcset=\"https:\/\/fmp-components.com\/wp-content\/uploads\/2024\/12\/rotary-tiller-gearbox-TB-19J.webp 948w, https:\/\/fmp-components.com\/wp-content\/uploads\/2024\/12\/rotary-tiller-gearbox-TB-19J-480x343.webp 480w\" sizes=\"(min-width: 0px) and (max-width: 480px) 480px, (min-width: 481px) 948px, 100vw\" \/><\/p>\n<table style=\"width: 91.0199%; height: 347px;\" border=\"1\">\n<tbody>\n<tr>\n<td style=\"width: 52.8504%;\"><strong>\u00e9n<\/strong><\/td>\n<td style=\"width: 46.4371%;\">1.46<\/td>\n<\/tr>\n<tr>\n<td style=\"width: 52.8504%;\"><strong>\u00c9<sub>1<\/sub>[fordulat]<\/strong><\/td>\n<td style=\"width: 46.4371%;\">540<\/td>\n<\/tr>\n<tr>\n<td style=\"width: 52.8504%;\"><strong>P<sub>1<\/sub>[kW]<\/strong><\/td>\n<td style=\"width: 46.4371%;\">16.9<\/td>\n<\/tr>\n<tr>\n<td style=\"width: 52.8504%;\"><strong>M<sub>2<\/sub>[Nm]<\/strong><\/td>\n<td style=\"width: 46.4371%;\">423<\/td>\n<\/tr>\n<tr>\n<td style=\"width: 52.8504%;\"><strong>X tengely\u00a0 \u00a0 \u00a0 \u00a0 \u00a0 \u00a0 \u00a0 \u00a0 \u00a0 \u00a0 \u00a0 \u00a0 \u00a0 \u00a0 \u00a0 \u00a0 \u00a0 \u00a0 <img loading=\"lazy\" decoding=\"async\" class=\"alignnone size-full wp-image-2086\" src=\"https:\/\/fmp-components.com\/wp-content\/uploads\/2024\/12\/shaft.webp\" alt=\"tengely\" width=\"67\" height=\"65\" title=\"\" srcset=\"https:\/\/fmp-components.com\/wp-content\/uploads\/2024\/12\/shaft.webp 67w, https:\/\/fmp-components.com\/wp-content\/uploads\/2024\/12\/shaft-12x12.webp 12w\" sizes=\"(max-width: 67px) 100vw, 67px\" \/><\/strong><\/td>\n<td style=\"width: 46.4371%;\">30<\/td>\n<\/tr>\n<tr>\n<td style=\"width: 52.8504%;\"><strong>Z tengely\u00a0 \u00a0 \u00a0 \u00a0 \u00a0 \u00a0 \u00a0 \u00a0 \u00a0 \u00a0 \u00a0 \u00a0 \u00a0 \u00a0 \u00a0 \u00a0 \u00a0 \u00a0<img loading=\"lazy\" decoding=\"async\" class=\"alignnone size-full wp-image-2087\" src=\"https:\/\/fmp-components.com\/wp-content\/uploads\/2024\/12\/shaft-x.webp\" alt=\"tengely-x\" width=\"81\" height=\"78\" title=\"\" srcset=\"https:\/\/fmp-components.com\/wp-content\/uploads\/2024\/12\/shaft-x.webp 81w, https:\/\/fmp-components.com\/wp-content\/uploads\/2024\/12\/shaft-x-12x12.webp 12w\" sizes=\"(max-width: 81px) 100vw, 81px\" \/><\/strong><\/td>\n<td style=\"width: 46.4371%;\">1\u201d 3\/8 Z6<\/td>\n<\/tr>\n<tr>\n<td style=\"width: 52.8504%;\"><strong>Bemenet<\/strong><\/td>\n<td style=\"width: 46.4371%;\">Z<\/td>\n<\/tr>\n<\/tbody>\n<\/table>\n<h2>Kard\u00e1ntengelyek talajm\u0171vel\u0151 hajt\u00f3m\u0171vekhez<\/h2>\n<p>A teljes\u00edtm\u00e9nylead\u00f3 tengely (TLT) egy kritikus fontoss\u00e1g\u00fa alkatr\u00e9sz, amely a mechanikai teljes\u00edtm\u00e9nyt a traktor motorj\u00e1b\u00f3l a talajm\u0171vel\u0151 sebess\u00e9gv\u00e1lt\u00f3j\u00e1ba viszi \u00e1t, lehet\u0151v\u00e9 t\u00e9ve a talajm\u0171vel\u0151 hat\u00e9kony m\u0171k\u00f6d\u00e9s\u00e9t. A TLT egy vezet\u00e9kk\u00e9nt m\u0171k\u00f6dik, amely \u00f6sszek\u00f6ti a traktor TLT-j\u00e9t a sebess\u00e9gv\u00e1lt\u00f3val, megk\u00f6nny\u00edtve a talajm\u0171vel\u0151 fogak hajt\u00e1s\u00e1hoz sz\u00fcks\u00e9ges forg\u00e1si energia \u00e1tvitel\u00e9t. Ezek a fogak felel\u0151sek a talaj fellaz\u00edt\u00e1s\u00e1\u00e9rt, \u00edgy a TLT szerves r\u00e9sz\u00e9t k\u00e9pezi a talaj-el\u0151k\u00e9sz\u00edt\u00e9si \u00e9s -m\u0171vel\u00e9si feladatoknak.<\/p>\n<h3>A kard\u00e1ntengely alkatr\u00e9szei<\/h3>\n<p>Egy tipikus kard\u00e1ntengely t\u00f6bb kulcsfontoss\u00e1g\u00fa r\u00e9szb\u0151l \u00e1ll:<\/p>\n<ul>\n<li>Bemeneti villa: Ez csatlakozik a traktor kard\u00e1ntengely\u00e9hez, \u00e9s tov\u00e1bb\u00edtja az er\u0151t a traktor motorj\u00e1t\u00f3l a kard\u00e1ntengelyhez.<\/li>\n<li>Hajt\u00f3tengely: A kard\u00e1ntengely k\u00f6zponti alkatr\u00e9sze, a hajt\u00f3tengely tov\u00e1bb\u00edtja a forg\u00f3er\u0151t a bemen\u0151 bilincsr\u0151l a kimen\u0151 bilincsre.<\/li>\n<li>Kimen\u0151 villa: A kimen\u0151 villa \u00f6sszek\u00f6ti a kard\u00e1ntengelyt a talajmar\u00f3 sebess\u00e9gv\u00e1lt\u00f3j\u00e1val, \u00e1tadva a mechanikai teljes\u00edtm\u00e9nyt a sebess\u00e9gv\u00e1lt\u00f3nak, amely ezut\u00e1n meghajtja a fogakat a talajm\u0171vel\u00e9shez.<\/li>\n<\/ul>\n<h3>Funkci\u00f3 \u00e9s fontoss\u00e1g<\/h3>\n<p>A kard\u00e1ntengely lehet\u0151v\u00e9 teszi a talajmar\u00f3 teljes\u00edtm\u00e9ny\u00e9nek hat\u00e9kony \u00e9s prec\u00edz szab\u00e1lyoz\u00e1s\u00e1t, k\u00fcl\u00f6n\u00f6sen a fogak sebess\u00e9g\u00e9t \u00e9s ir\u00e1ny\u00e1t. Ez lehet\u0151v\u00e9 teszi a kezel\u0151 sz\u00e1m\u00e1ra, hogy a talajviszonyokhoz \u00e9s a sz\u00fcks\u00e9ges talajm\u0171vel\u00e9si m\u00e9lys\u00e9ghez igaz\u00edtsa a talajmar\u00f3 m\u0171k\u00f6d\u00e9s\u00e9t. A kard\u00e1ntengely az \u00fczemanyag-hat\u00e9konys\u00e1g maximaliz\u00e1l\u00e1s\u00e1ban is seg\u00edt az\u00e1ltal, hogy biztos\u00edtja a teljes\u00edtm\u00e9ny hat\u00e9kony \u00e1tvitel\u00e9t a traktor motorj\u00e1t\u00f3l a talajmar\u00f3 sebess\u00e9gv\u00e1lt\u00f3j\u00e1hoz, cs\u00f6kkentve az energiavesztes\u00e9get.<\/p>\n<h3>K\u00f6nny\u0171 csatlakoztat\u00e1s \u00e9s lev\u00e1laszt\u00e1s<\/h3>\n<p>A kard\u00e1ntengely egyik legfontosabb el\u0151nye a k\u00f6nny\u0171 fel- \u00e9s lecsatlakoztathat\u00f3s\u00e1g. \u00dagy tervezt\u00e9k, hogy gyorsan csatlakoztathat\u00f3 \u00e9s lev\u00e1laszthat\u00f3 legyen a traktor \u00e9s a talajmar\u00f3 sebess\u00e9gv\u00e1lt\u00f3ja k\u00f6z\u00f6tt, \u00edgy a kezel\u0151k k\u00e9nyelmesen v\u00e1lthatnak a k\u00fcl\u00f6nb\u00f6z\u0151 munkag\u00e9pek k\u00f6z\u00f6tt, vagy elv\u00e9gezhetik a karbantart\u00e1si feladatokat.<\/p>\n<h3>Karbantart\u00e1s \u00e9s biztons\u00e1g<\/h3>\n<p>A megfelel\u0151 karbantart\u00e1s \u00e9s be\u00e1ll\u00edt\u00e1s elengedhetetlen a kard\u00e1ntengely optim\u00e1lis teljes\u00edtm\u00e9ny\u00e9nek \u00e9s biztons\u00e1g\u00e1nak biztos\u00edt\u00e1s\u00e1hoz. Rendszeres ellen\u0151rz\u00e9seket kell v\u00e9gezni a kop\u00e1s \u00e9s elhaszn\u00e1l\u00f3d\u00e1s ellen\u0151rz\u00e9se \u00e9rdek\u00e9ben, k\u00fcl\u00f6n\u00f6sen a villafogakon \u00e9s a kard\u00e1ntengelyen. A megfelel\u0151 ken\u00e9s \u00e9s be\u00e1ll\u00edt\u00e1s elengedhetetlen a sz\u00fcks\u00e9gtelen s\u00farl\u00f3d\u00e1s, a t\u00falmeleged\u00e9s \u00e9s a potenci\u00e1lis meghib\u00e1sod\u00e1sok elker\u00fcl\u00e9se \u00e9rdek\u00e9ben. Fontos biztos\u00edtani, hogy a kard\u00e1ntengely biztons\u00e1gosan legyen r\u00f6gz\u00edtve mind a traktorhoz, mind a sebess\u00e9gv\u00e1lt\u00f3hoz a balesetek megel\u0151z\u00e9se \u00e9rdek\u00e9ben, mivel a nem megfelel\u0151 beszerel\u00e9s k\u00e1rosod\u00e1shoz vagy ak\u00e1r s\u00e9r\u00fcl\u00e9shez is vezethet.<\/p>\n<p><img loading=\"lazy\" decoding=\"async\" class=\"alignnone size-full wp-image-2088\" src=\"https:\/\/fmp-components.com\/wp-content\/uploads\/2024\/12\/Agricultural-Gearbox-and-PTO-Drive-Shaft1.webp\" alt=\"Mez\u0151gazdas\u00e1gi sebess\u00e9gv\u00e1lt\u00f3 \u00e9s kard\u00e1ntengely\" width=\"1200\" height=\"540\" title=\"\" srcset=\"https:\/\/fmp-components.com\/wp-content\/uploads\/2024\/12\/Agricultural-Gearbox-and-PTO-Drive-Shaft1.webp 1200w, https:\/\/fmp-components.com\/wp-content\/uploads\/2024\/12\/Agricultural-Gearbox-and-PTO-Drive-Shaft1-980x441.webp 980w, https:\/\/fmp-components.com\/wp-content\/uploads\/2024\/12\/Agricultural-Gearbox-and-PTO-Drive-Shaft1-480x216.webp 480w\" sizes=\"(min-width: 0px) and (max-width: 480px) 480px, (min-width: 481px) and (max-width: 980px) 980px, (min-width: 981px) 1200px, 100vw\" \/><\/p>\n<h3>FMP kard\u00e1ntengelyek<\/h3>\n<p>Az FMP-n\u00e9l kifejezetten talajm\u0171vel\u0151 hajt\u00f3m\u0171vekhez tervezett kard\u00e1ntengelyek sz\u00e9les v\u00e1laszt\u00e9k\u00e1t k\u00edn\u00e1ljuk. Kard\u00e1ntengelyeinket tart\u00f3ss\u00e1gra, k\u00f6nny\u0171 haszn\u00e1latra \u00e9s optim\u00e1lis er\u0151\u00e1tvitelre tervezt\u00fck. Ak\u00e1r standard kard\u00e1ntengelyt, ak\u00e1r az adott berendez\u00e9shez igaz\u00edtott egyedi megold\u00e1st keres, az FMP kiv\u00e1l\u00f3 min\u0151s\u00e9g\u0171 kard\u00e1ntengelyeket k\u00edn\u00e1l, amelyek megfelelnek a mez\u0151gazdas\u00e1gi g\u00e9pek ig\u00e9nyeinek. Term\u00e9keinket \u00fagy tervezt\u00fck, hogy ellen\u00e1lljanak a mez\u0151gazdas\u00e1gi m\u0171veletek neh\u00e9z k\u00f6r\u00fclm\u00e9nyeinek, megb\u00edzhat\u00f3 \u00e9s tart\u00f3s teljes\u00edtm\u00e9nyt ny\u00fajtva.<\/p>\n<p>Az FMP kard\u00e1ntengelyei sz\u00e1mos talajm\u0171vel\u0151 sebess\u00e9gv\u00e1lt\u00f3val \u00e9s egy\u00e9b mez\u0151gazdas\u00e1gi berendez\u00e9ssel kompatibilisek, \u00edgy rugalmass\u00e1got biztos\u00edtanak sz\u00e1mos alkalmaz\u00e1shoz. Elk\u00f6telezettek vagyunk azir\u00e1nt, hogy olyan term\u00e9keket sz\u00e1ll\u00edtsunk, amelyek nemcsak megfelelnek, hanem t\u00fal is sz\u00e1rnyalj\u00e1k az ipar\u00e1gi szabv\u00e1nyokat, biztos\u00edtva, hogy berendez\u00e9sei \u00e9vekig a legjobb teljes\u00edtm\u00e9nyt ny\u00fajts\u00e1k.<\/p>\n<p>A kard\u00e1ntengely elengedhetetlen alkatr\u00e9sz a traktor \u00e9s a talajm\u0171vel\u0151 sebess\u00e9gv\u00e1lt\u00f3ja k\u00f6z\u00f6tti hat\u00e9kony er\u0151\u00e1tvitelhez. A kard\u00e1ntengely megfelel\u0151 kiv\u00e1laszt\u00e1s\u00e1val, karbantart\u00e1s\u00e1val \u00e9s \u00fczemeltet\u00e9s\u00e9vel maximaliz\u00e1lhatja berendez\u00e9se teljes\u00edtm\u00e9ny\u00e9t \u00e9s \u00e9lettartam\u00e1t. Az FMP kiv\u00e1l\u00f3 min\u0151s\u00e9g\u0171 kard\u00e1ntengelyek \u00e1tfog\u00f3 v\u00e1laszt\u00e9k\u00e1t k\u00edn\u00e1lja a modern gazd\u00e1lkod\u00e1s ig\u00e9nyeinek kiel\u00e9g\u00edt\u00e9s\u00e9re, seg\u00edtve \u00d6nt a megb\u00edzhat\u00f3 \u00e9s prec\u00edz talajm\u0171vel\u00e9s el\u00e9r\u00e9s\u00e9ben minden haszn\u00e1lat sor\u00e1n.<\/p>\n<h3>Az FMP-r\u0151l<\/h3>\n<p>Az olaszorsz\u00e1gi sz\u00e9khely\u0171 FMP vezet\u0151 gy\u00e1rt\u00f3, amely nagy teljes\u00edtm\u00e9ny\u0171 sebess\u00e9gv\u00e1lt\u00f3k tervez\u00e9s\u00e9ben, fejleszt\u00e9s\u00e9ben \u00e9s gy\u00e1rt\u00e1s\u00e1ban szerzett szak\u00e9rtelm\u00e9r\u0151l ismert, els\u0151sorban a mez\u0151gazdas\u00e1gi g\u00e9pipar sz\u00e1m\u00e1ra. A prec\u00edzi\u00f3s m\u00e9rn\u00f6ki munka, az innov\u00e1ci\u00f3 \u00e9s az \u00e1lland\u00f3 megb\u00edzhat\u00f3s\u00e1g ter\u00e9n szerzett er\u0151s h\u00edrnev\u00e9nek k\u00f6sz\u00f6nhet\u0151en az FMP megb\u00edzhat\u00f3 partnerr\u00e9 v\u00e1lt mind a mez\u0151gazdas\u00e1gi, mind az ipari piacok v\u00e1ltoz\u00f3 ig\u00e9nyeinek kiel\u00e9g\u00edt\u00e9s\u00e9ben. \u00c1tfog\u00f3 term\u00e9kportf\u00f3li\u00f3nk speci\u00e1lis sebess\u00e9gv\u00e1lt\u00f3kat tartalmaz f\u0171ny\u00edr\u00f3khoz, kard\u00e1ntengelyekhez \u00e9s egy\u00e9b alapvet\u0151 alkatr\u00e9szekhez, amelyek mindegyike hat\u00e9kony megold\u00e1sokat k\u00edn\u00e1l a legk\u00fcl\u00f6nb\u00f6z\u0151bb alkalmaz\u00e1sokhoz.<\/p>\n<p>Az FMP-n\u00e9l felismerj\u00fck, hogy minden \u00fcgyf\u00e9lnek egyedi ig\u00e9nyei \u00e9s kih\u00edv\u00e1sai vannak. Ez\u00e9rt specializ\u00e1l\u00f3dtunk a szem\u00e9lyre szabott megold\u00e1sok ny\u00fajt\u00e1s\u00e1ra, legyen sz\u00f3 ak\u00e1r egyedi alkatr\u00e9szekr\u0151l, ak\u00e1r teljesen integr\u00e1lt rendszerekr\u0151l. Egy\u00fcttm\u0171k\u00f6d\u0151 megk\u00f6zel\u00edt\u00e9st alkalmazunk, szorosan egy\u00fcttm\u0171k\u00f6dve az \u00fcgyfelekkel annak biztos\u00edt\u00e1sa \u00e9rdek\u00e9ben, hogy minden megold\u00e1s hat\u00e9kony \u00e9s eredm\u00e9nyes legyen. A gyors, professzion\u00e1lis v\u00e1laszok \u00e9s a szak\u00e9rt\u0151i tan\u00e1csad\u00e1s ir\u00e1nti elk\u00f6telezetts\u00e9g\u00fcnk garant\u00e1lja, hogy minden megkeres\u00e9st a legnagyobb gondoss\u00e1ggal \u00e9s pontoss\u00e1ggal kezel\u00fcnk.<\/p>\n<p>Els\u0151dleges fontoss\u00e1g\u00fanak tartjuk a ny\u00edlt \u00e9s folyamatos kommunik\u00e1ci\u00f3t, k\u00fcl\u00f6n\u00f6sen az \u00faj term\u00e9kek fejleszt\u00e9se sor\u00e1n. Elk\u00f6telezett csapatunk szorosan egy\u00fcttm\u0171k\u00f6dik \u00fcgyfeleinkkel, hogy teljes m\u00e9rt\u00e9kben meg\u00e9rtse ig\u00e9nyeiket, \u00e9s olyan gyakorlatias megl\u00e1t\u00e1sokat ny\u00fajtson, amelyek a leghat\u00e9konyabb megold\u00e1sokhoz vezetnek. Ak\u00e1r innovat\u00edv term\u00e9keket tervez\u00fcnk, ak\u00e1r folyamatos megrendel\u00e9seket teljes\u00edt\u00fcnk, az FMP elk\u00f6telezett amellett, hogy minden alkalommal kiv\u00e1l\u00f3 min\u0151s\u00e9g\u0171, prec\u00edzi\u00f3san megtervezett megold\u00e1sokat ny\u00fajtson id\u0151ben.<\/p>\n<p>A min\u0151s\u00e9g az FMP m\u0171k\u00f6d\u00e9s\u00e9nek k\u00f6z\u00e9ppontj\u00e1ban \u00e1ll. A legmagasabb gy\u00e1rt\u00e1si szabv\u00e1nyokat tartjuk be, \u00e9s szigor\u00fa min\u0151s\u00e9gellen\u0151rz\u00e9si int\u00e9zked\u00e9seket alkalmazunk annak biztos\u00edt\u00e1sa \u00e9rdek\u00e9ben, hogy minden term\u00e9k megfeleljen, vagy meghaladja az ipar\u00e1gi elv\u00e1r\u00e1sokat. A min\u0151s\u00e9g ir\u00e1nti rend\u00edthetetlen elk\u00f6telezetts\u00e9g\u00fcnk, valamint az olyan alapvet\u0151 \u00e9rt\u00e9keink, mint az integrit\u00e1s, a csapatmunka \u00e9s a kitart\u00e1s, seg\u00edtett nek\u00fcnk hossz\u00fa t\u00e1v\u00fa kapcsolatokat kialak\u00edtani \u00fcgyfeleinkkel k\u00f6zel 30 orsz\u00e1gban.<\/p>\n<p>Az FMP mindig is t\u00f6rekedett glob\u00e1lis partners\u00e9gek ki\u00e9p\u00edt\u00e9s\u00e9re, \u00e9s elk\u00f6telezett amellett, hogy szak\u00e9rt\u0151i \u00fatmutat\u00e1st \u00e9s szem\u00e9lyre szabott megold\u00e1sokat k\u00edn\u00e1ljon \u00fcgyfeleink sokr\u00e9t\u0171 ig\u00e9nyeinek kiel\u00e9g\u00edt\u00e9s\u00e9re. Megk\u00f6zel\u00edt\u00e9s\u00fcnk t\u00falmutat a term\u00e9kek egyszer\u0171 lesz\u00e1ll\u00edt\u00e1s\u00e1n; olyan tart\u00f3s kapcsolatok ki\u00e9p\u00edt\u00e9s\u00e9re \u00f6sszpontos\u00edtunk, amelyek hozz\u00e1j\u00e1rulnak minden projekt siker\u00e9hez. Ak\u00e1r innovat\u00edv megold\u00e1sokra van sz\u00fcks\u00e9ge egy \u00faj v\u00e1llalkoz\u00e1shoz, ak\u00e1r folyamatos t\u00e1mogat\u00e1sra egy megl\u00e9v\u0151 rendszerhez, az FMP k\u00e9szen \u00e1ll, hogy megoldja technikai kih\u00edv\u00e1sait \u00e9s seg\u00edtsen biztos\u00edtani a fenntarthat\u00f3 sikert.<\/p>\n<p><img loading=\"lazy\" decoding=\"async\" class=\"alignnone size-full wp-image-1861\" src=\"https:\/\/fmp-components.com\/wp-content\/uploads\/2024\/12\/Other-Agricultural-Gearboxes.webp\" sizes=\"(min-width: 0px) and (max-width: 480px) 480px, (min-width: 481px) and (max-width: 980px) 980px, (min-width: 981px) 1200px, 100vw\" srcset=\"https:\/\/fmp-components.com\/wp-content\/uploads\/2024\/12\/Other-Agricultural-Gearboxes.webp 1200w, https:\/\/fmp-components.com\/wp-content\/uploads\/2024\/12\/Other-Agricultural-Gearboxes-980x1143.webp 980w, https:\/\/fmp-components.com\/wp-content\/uploads\/2024\/12\/Other-Agricultural-Gearboxes-480x560.webp 480w\" alt=\"Altri-cambi-agricoli\" width=\"1200\" height=\"1400\" title=\"\"><\/p>\n<p>Szerz\u0151: CX<\/p>","protected":false},"excerpt":{"rendered":"<p>Rotary Tiller Gearbox TB-19J Details i 1.46 N1[rpm] 540 P1[kW] 16.9 M2[Nm] 423 Shaft X\u00a0 \u00a0 \u00a0 \u00a0 \u00a0 \u00a0 \u00a0 \u00a0 \u00a0 \u00a0 \u00a0 \u00a0 \u00a0 \u00a0 \u00a0 \u00a0 \u00a0 \u00a0 30 Shaft Z\u00a0 \u00a0 \u00a0 \u00a0 \u00a0 \u00a0 \u00a0 \u00a0 \u00a0 \u00a0 \u00a0 \u00a0 \u00a0 \u00a0 \u00a0 \u00a0 \u00a0 \u00a0 1&#8221; 3\/8 Z6 [&hellip;]<\/p>","protected":false},"featured_media":2089,"comment_status":"open","ping_status":"closed","template":"","meta":{"_et_pb_use_builder":"","_et_pb_old_content":"","_et_gb_content_width":""},"product_brand":[],"product_cat":[53],"product_tag":[],"class_list":{"0":"post-2084","1":"product","2":"type-product","3":"status-publish","4":"has-post-thumbnail","6":"product_cat-rotary-tiller-gearbox","8":"first","9":"instock","10":"shipping-taxable","11":"product-type-simple"},"_links":{"self":[{"href":"https:\/\/fmp-components.com\/hu\/wp-json\/wp\/v2\/product\/2084","targetHints":{"allow":["GET"]}}],"collection":[{"href":"https:\/\/fmp-components.com\/hu\/wp-json\/wp\/v2\/product"}],"about":[{"href":"https:\/\/fmp-components.com\/hu\/wp-json\/wp\/v2\/types\/product"}],"replies":[{"embeddable":true,"href":"https:\/\/fmp-components.com\/hu\/wp-json\/wp\/v2\/comments?post=2084"}],"wp:featuredmedia":[{"embeddable":true,"href":"https:\/\/fmp-components.com\/hu\/wp-json\/wp\/v2\/media\/2089"}],"wp:attachment":[{"href":"https:\/\/fmp-components.com\/hu\/wp-json\/wp\/v2\/media?parent=2084"}],"wp:term":[{"taxonomy":"product_brand","embeddable":true,"href":"https:\/\/fmp-components.com\/hu\/wp-json\/wp\/v2\/product_brand?post=2084"},{"taxonomy":"product_cat","embeddable":true,"href":"https:\/\/fmp-components.com\/hu\/wp-json\/wp\/v2\/product_cat?post=2084"},{"taxonomy":"product_tag","embeddable":true,"href":"https:\/\/fmp-components.com\/hu\/wp-json\/wp\/v2\/product_tag?post=2084"}],"curies":[{"name":"munkaf\u00fczet","href":"https:\/\/api.w.org\/{rel}","templated":true}]}}