{"id":2054,"date":"2024-12-30T01:51:43","date_gmt":"2024-12-30T01:51:43","guid":{"rendered":"https:\/\/fmp-components.com\/?page_id=8"},"modified":"2024-12-30T02:12:06","modified_gmt":"2024-12-30T02:12:06","slug":"pull-behind-mower-gearbox-trailing-mower-gearbox-fmp-gc325-for-lawn-mower","status":"publish","type":"product","link":"https:\/\/fmp-components.com\/hu\/product\/pull-behind-mower-gearbox-trailing-mower-gearbox-fmp-gc325-for-lawn-mower\/","title":{"rendered":"Vontatott f\u0171ny\u00edr\u00f3 hajt\u00f3m\u0171 (FMP-GC325) f\u0171ny\u00edr\u00f3hoz"},"content":{"rendered":"<p><img loading=\"lazy\" decoding=\"async\" class=\"size-full wp-image-2060 aligncenter\" src=\"https:\/\/fmp-components.com\/wp-content\/uploads\/2024\/12\/Lawn-Mower-Gearbox-12.webp\" alt=\"F\u0171ny\u00edr\u00f3 sebess\u00e9gv\u00e1lt\u00f3\" width=\"500\" height=\"500\" title=\"\" srcset=\"https:\/\/fmp-components.com\/wp-content\/uploads\/2024\/12\/Lawn-Mower-Gearbox-12.webp 500w, https:\/\/fmp-components.com\/wp-content\/uploads\/2024\/12\/Lawn-Mower-Gearbox-12-480x480.webp 480w\" sizes=\"(min-width: 0px) and (max-width: 480px) 480px, (min-width: 481px) 500px, 100vw\" \/><\/p>\n<h2>Az FMP-GC325 vontatott f\u0171ny\u00edr\u00f3 hajt\u00f3m\u0171 m\u00e9retei\u00a0<img loading=\"lazy\" decoding=\"async\" class=\"alignnone size-full wp-image-2058\" src=\"https:\/\/fmp-components.com\/wp-content\/uploads\/2024\/12\/Trailing-Mower-Gearbox-FMP-GC325-Dimensions.webp\" alt=\"Vontatott-F\u0171ny\u00edr\u00f3-Sebess\u00e9gv\u00e1lt\u00f3-FMP-GC325-M\u00e9retek\" width=\"1291\" height=\"812\" title=\"\" srcset=\"https:\/\/fmp-components.com\/wp-content\/uploads\/2024\/12\/Trailing-Mower-Gearbox-FMP-GC325-Dimensions.webp 1291w, https:\/\/fmp-components.com\/wp-content\/uploads\/2024\/12\/Trailing-Mower-Gearbox-FMP-GC325-Dimensions-1280x805.webp 1280w, https:\/\/fmp-components.com\/wp-content\/uploads\/2024\/12\/Trailing-Mower-Gearbox-FMP-GC325-Dimensions-980x616.webp 980w, https:\/\/fmp-components.com\/wp-content\/uploads\/2024\/12\/Trailing-Mower-Gearbox-FMP-GC325-Dimensions-480x302.webp 480w\" sizes=\"(min-width: 0px) and (max-width: 480px) 480px, (min-width: 481px) and (max-width: 980px) 980px, (min-width: 981px) and (max-width: 1280px) 1280px, (min-width: 1281px) 1291px, 100vw\" \/><\/h2>\n<h2>Vontatott f\u0171ny\u00edr\u00f3 hajt\u00f3m\u0171 FMP-GC325 tengely m\u00e9retei<\/h2>\n<p><img loading=\"lazy\" decoding=\"async\" class=\"alignnone size-full wp-image-2057\" src=\"https:\/\/fmp-components.com\/wp-content\/uploads\/2024\/12\/Trailing-Mower-Gearbox-FMP-GC325-Shaft-Dimensions.webp\" alt=\"Vontatott-F\u0171ny\u00edr\u00f3-Sebess\u00e9gv\u00e1lt\u00f3-FMP-GC325-Tengely-M\u00e9retek\" width=\"1074\" height=\"348\" title=\"\" srcset=\"https:\/\/fmp-components.com\/wp-content\/uploads\/2024\/12\/Trailing-Mower-Gearbox-FMP-GC325-Shaft-Dimensions.webp 1074w, https:\/\/fmp-components.com\/wp-content\/uploads\/2024\/12\/Trailing-Mower-Gearbox-FMP-GC325-Shaft-Dimensions-980x318.webp 980w, https:\/\/fmp-components.com\/wp-content\/uploads\/2024\/12\/Trailing-Mower-Gearbox-FMP-GC325-Shaft-Dimensions-480x156.webp 480w\" sizes=\"(min-width: 0px) and (max-width: 480px) 480px, (min-width: 481px) and (max-width: 980px) 980px, (min-width: 981px) 1074px, 100vw\" \/><\/p>\n<h2>FMP-GC325 vontatott f\u0171ny\u00edr\u00f3 hajt\u00f3m\u0171 m\u0171szaki adatai<\/h2>\n<table style=\"width: 97.8567%; height: 138px;\" border=\"1\" cellspacing=\"0\" cellpadding=\"0\">\n<tbody>\n<tr>\n<td colspan=\"3\" rowspan=\"2\">\u00e9n<\/td>\n<td rowspan=\"2\">Alkalmas<\/td>\n<td>Fordulatsz\u00e1m bemenet<\/td>\n<td>Fordulatsz\u00e1m-kimenet<\/td>\n<td>kW (n\u00e9vleges)<\/td>\n<td>Kimeneti nyomat\u00e9k<\/td>\n<td rowspan=\"2\">Fogazat<\/td>\n<\/tr>\n<tr>\n<td>fordulat\/perc<\/td>\n<td>fordulat\/perc<\/td>\n<td>l\u00f3er\u0151<\/td>\n<td>Nm<\/td>\n<\/tr>\n<tr>\n<td colspan=\"2\">Sebess\u00e9gn\u00f6veked\u00e9s<\/td>\n<td>1: 1<\/td>\n<td>F\u0171ny\u00edr\u00f3 stb.<\/td>\n<td>540<\/td>\n<td>540<\/td>\n<td>160<\/td>\n<td>1400<\/td>\n<td>Gleason spir\u00e1lis<br \/>\nFogak<\/td>\n<\/tr>\n<tr>\n<td colspan=\"9\">Megjegyz\u00e9s: Ha b\u00e1rmilyen k\u00fcl\u00f6nleges ig\u00e9nye van, nyugodtan sz\u00f3ljon, mi is elfogadjuk az egyedi megrendel\u00e9seket.<\/td>\n<\/tr>\n<\/tbody>\n<\/table>\n<h2>Vontatott f\u0171ny\u00edr\u00f3 v\u00e1g\u00f3gerendely (vontathat\u00f3 f\u0171ny\u00edr\u00f3 v\u00e1g\u00f3gerendely) FMP-GCYB m\u00e9retei<\/h2>\n<p><img loading=\"lazy\" decoding=\"async\" class=\"alignnone size-full wp-image-2053\" src=\"https:\/\/fmp-components.com\/wp-content\/uploads\/2024\/12\/Pull-behind-Mower-Cutter-Bar-Trailing-Mower-Cutter-Bar.webp\" alt=\"Vontatott-F\u0171ny\u00edr\u00f3-Kaszagerendely-Vontatott-F\u0171ny\u00edr\u00f3-Kaszagerendely\" width=\"805\" height=\"1024\" title=\"\" srcset=\"https:\/\/fmp-components.com\/wp-content\/uploads\/2024\/12\/Pull-behind-Mower-Cutter-Bar-Trailing-Mower-Cutter-Bar.webp 805w, https:\/\/fmp-components.com\/wp-content\/uploads\/2024\/12\/Pull-behind-Mower-Cutter-Bar-Trailing-Mower-Cutter-Bar-480x611.webp 480w\" sizes=\"(min-width: 0px) and (max-width: 480px) 480px, (min-width: 481px) 805px, 100vw\" \/><\/p>\n<h2>Vontatott f\u0171ny\u00edr\u00f3 v\u00e1g\u00f3gerendely (vontathat\u00f3 f\u0171ny\u00edr\u00f3 v\u00e1g\u00f3gerendely) FMP-GCYB m\u0171szaki adatok<\/h2>\n<table style=\"width: 101.49%; height: 211px;\" border=\"1\" cellspacing=\"0\" cellpadding=\"0\">\n<tbody>\n<tr>\n<td style=\"width: 45.2514%;\">Modellsz\u00e1m<\/td>\n<td style=\"width: 27.1881%;\">FMP-GCYB06<\/td>\n<td style=\"width: 27.1881%;\">FMP-GCYB07<\/td>\n<\/tr>\n<tr>\n<td style=\"width: 45.2514%;\">Maxim\u00e1lis teljes\u00edtm\u00e9ny (kw\/LE)<\/td>\n<td style=\"width: 27.1881%;\">52\/70<\/td>\n<td style=\"width: 27.1881%;\">66\/90<\/td>\n<\/tr>\n<tr>\n<td style=\"width: 45.2514%;\">Munkasz\u00e9less\u00e9g (m)<\/td>\n<td style=\"width: 27.1881%;\">2.5<\/td>\n<td style=\"width: 27.1881%;\">3.0<\/td>\n<\/tr>\n<tr>\n<td style=\"width: 45.2514%;\">v\u00e1g\u00f3sz\u00e1m (n)<\/td>\n<td style=\"width: 27.1881%;\">6<\/td>\n<td style=\"width: 27.1881%;\">7<\/td>\n<\/tr>\n<tr>\n<td style=\"width: 45.2514%;\">Peng\u00e9k sz\u00e1ma (n)<\/td>\n<td style=\"width: 27.1881%;\">12<\/td>\n<td style=\"width: 27.1881%;\">14<\/td>\n<\/tr>\n<tr>\n<td style=\"width: 45.2514%;\">Fordulatsz\u00e1m bemenet (r\/perc)<\/td>\n<td style=\"width: 54.3762%;\" colspan=\"2\">3000<\/td>\n<\/tr>\n<tr>\n<td style=\"width: 45.2514%;\">Fordulatsz\u00e1m (ford.\/perc)<\/td>\n<td style=\"width: 54.3762%;\" colspan=\"2\">3000<\/td>\n<\/tr>\n<tr>\n<td style=\"width: 99.6276%;\" colspan=\"3\">Megjegyz\u00e9s: Ha b\u00e1rmilyen k\u00fcl\u00f6nleges ig\u00e9nye van, nyugodtan sz\u00f3ljon, mi is elfogadjuk az egyedi megrendel\u00e9seket.<\/td>\n<\/tr>\n<\/tbody>\n<\/table>\n<h2>A vontatott f\u0171ny\u00edr\u00f3 sebess\u00e9gv\u00e1lt\u00f3j\u00e1nak jellemz\u0151i (vontathat\u00f3 f\u0171ny\u00edr\u00f3 sebess\u00e9gv\u00e1lt\u00f3)<\/h2>\n<p>A vontatott f\u0171ny\u00edr\u00f3 sebess\u00e9gv\u00e1lt\u00f3ja, m\u00e1s n\u00e9ven a vontatott f\u0171ny\u00edr\u00f3 sebess\u00e9gv\u00e1lt\u00f3ja, alapvet\u0151 alkatr\u00e9sze a mez\u0151gazdas\u00e1gi \u00e9s tereprendez\u00e9si g\u00e9peknek. \u00dagy tervezt\u00e9k, hogy hat\u00e9konyan vigye \u00e1t a teljes\u00edtm\u00e9nyt a traktor teljes\u00edtm\u00e9nylead\u00f3 tengely\u00e9r\u0151l a f\u0171ny\u00edr\u00f3 v\u00e1g\u00f3szerkezet\u00e9re, biztos\u00edtva az optim\u00e1lis teljes\u00edtm\u00e9nyt a k\u00fcl\u00f6nf\u00e9le f\u0171ny\u00edr\u00e1si \u00e9s terepi karbantart\u00e1si feladatok sor\u00e1n. Az al\u00e1bbiakban a vontatott f\u0171ny\u00edr\u00f3 sebess\u00e9gv\u00e1lt\u00f3j\u00e1nak f\u0151bb jellemz\u0151it tal\u00e1lja:<\/p>\n<ol>\n<li>Tart\u00f3s konstrukci\u00f3:\n<ul>\n<li>A vontatott f\u0171ny\u00edr\u00f3k sebess\u00e9gv\u00e1lt\u00f3i robusztus, kiv\u00e1l\u00f3 min\u0151s\u00e9g\u0171 anyagokb\u00f3l k\u00e9sz\u00fclnek, hogy ellen\u00e1lljanak a k\u00fclt\u00e9ri haszn\u00e1lat neh\u00e9z k\u00f6r\u00fclm\u00e9nyeinek. Strapab\u00edr\u00f3 kialak\u00edt\u00e1suk hossz\u00fa t\u00e1v\u00fa tart\u00f3ss\u00e1got biztos\u00edt, m\u00e9g egyenetlen terepen \u00e9s zord \u00fczemi k\u00f6rnyezetben is.<\/li>\n<\/ul>\n<\/li>\n<li>Hat\u00e9kony energia\u00e1tvitel:\n<ul>\n<li>Ezek a sebess\u00e9gv\u00e1lt\u00f3k \u00fagy vannak kialak\u00edtva, hogy hat\u00e9konyan tov\u00e1bb\u00edts\u00e1k az er\u0151t a traktor teljes\u00edtm\u00e9nylead\u00f3 tengely\u00e9r\u0151l a f\u0171ny\u00edr\u00f3 k\u00e9seire vagy a v\u00e1g\u00f3szerkezetre. Ez biztos\u00edtja a f\u0171ny\u00edr\u00f3 sim\u00e1n t\u00f6rt\u00e9n\u0151 m\u0171k\u00f6d\u00e9s\u00e9t, minim\u00e1lis teljes\u00edtm\u00e9nyvesztes\u00e9ggel, az \u00e1lland\u00f3 v\u00e1g\u00e1si teljes\u00edtm\u00e9ny \u00e9rdek\u00e9ben.<\/li>\n<\/ul>\n<\/li>\n<li>Sima m\u0171k\u00f6d\u00e9s:\n<ul>\n<li>A minim\u00e1lis rezg\u00e9sre \u00e9s a sima hajt\u00f3m\u0171 m\u0171k\u00f6d\u00e9sre tervezett vontatott f\u0171ny\u00edr\u00f3 sebess\u00e9gv\u00e1lt\u00f3k cs\u00f6kkentik mind a sebess\u00e9gv\u00e1lt\u00f3, mind a f\u0171ny\u00edr\u00f3 kop\u00e1s\u00e1t. Ez jobb v\u00e1g\u00e1si teljes\u00edtm\u00e9nyt, alacsonyabb karbantart\u00e1si ig\u00e9nyt \u00e9s k\u00e9nyelmesebb felhaszn\u00e1l\u00f3i \u00e9lm\u00e9nyt eredm\u00e9nyez.<\/li>\n<\/ul>\n<\/li>\n<li>Sokoldal\u00fas\u00e1g:\n<ul>\n<li>A vontatott f\u0171ny\u00edr\u00f3k sebess\u00e9gv\u00e1lt\u00f3i sz\u00e1mos f\u0171ny\u00edr\u00f3 berendez\u00e9ssel kompatibilisek, p\u00e9ld\u00e1ul k\u00f6rk\u00e9ses kasz\u00e1kkal, boz\u00f3tv\u00e1g\u00f3kkal \u00e9s f\u0171ny\u00edr\u00f3kkal. Sokoldal\u00fas\u00e1guk lehet\u0151v\u00e9 teszi a felhaszn\u00e1l\u00f3k sz\u00e1m\u00e1ra, hogy a sebess\u00e9gv\u00e1lt\u00f3t k\u00fcl\u00f6nb\u00f6z\u0151 alkalmaz\u00e1sokhoz igaz\u00edts\u00e1k, a legel\u0151k ny\u00edr\u00e1s\u00e1t\u00f3l a boz\u00f3t irt\u00e1s\u00e1n \u00e1t a nagy ter\u00fcletek karbantart\u00e1s\u00e1ig.<\/li>\n<\/ul>\n<\/li>\n<li>K\u00f6nny\u0171 karbantart\u00e1s:\n<ul>\n<li>Sok vontatott f\u0171ny\u00edr\u00f3 sebess\u00e9gv\u00e1lt\u00f3ja k\u00e9nyelmes karbantart\u00e1si funkci\u00f3kkal van felszerelve, p\u00e9ld\u00e1ul olajbet\u00f6lt\u0151 \u00e9s -leereszt\u0151 csavarokkal, amelyek megk\u00f6nny\u00edtik az olajcser\u00e9t \u00e9s a ken\u00e9st. A rendszeres karbantart\u00e1s leegyszer\u0171s\u00f6dik, biztos\u00edtva, hogy a sebess\u00e9gv\u00e1lt\u00f3 optim\u00e1lis \u00e1llapotban maradjon a hosszabb \u00fczemid\u0151 \u00e9rdek\u00e9ben.<\/li>\n<\/ul>\n<\/li>\n<\/ol>\n<p>\u00d6sszefoglalva, a vontatott f\u0171ny\u00edr\u00f3 sebess\u00e9gv\u00e1lt\u00f3j\u00e1t a tart\u00f3ss\u00e1g, a hat\u00e9konys\u00e1g \u00e9s a k\u00f6nny\u0171 haszn\u00e1lat jegy\u00e9ben tervezt\u00e9k, \u00edgy n\u00e9lk\u00fcl\u00f6zhetetlen alkatr\u00e9sz a f\u0171ny\u00edr\u00e1s \u00e9s a f\u00f6ldgondoz\u00e1s sz\u00e1mos feladat\u00e1hoz. Ak\u00e1r mez\u0151gazdas\u00e1gr\u00f3l, tereprendez\u00e9sr\u0151l vagy \u00fatsz\u00e9li f\u0171ny\u00edr\u00e1sr\u00f3l van sz\u00f3, megb\u00edzhat\u00f3 teljes\u00edtm\u00e9nye \u00e9s felhaszn\u00e1l\u00f3bar\u00e1t tulajdons\u00e1gai \u00e9rt\u00e9kes eszk\u00f6zz\u00e9 teszik a hat\u00e9kony, kiv\u00e1l\u00f3 min\u0151s\u00e9g\u0171 eredm\u00e9nyek el\u00e9r\u00e9s\u00e9hez.<\/p>\n<p><img loading=\"lazy\" decoding=\"async\" class=\"alignnone size-full wp-image-2062\" src=\"https:\/\/fmp-components.com\/wp-content\/uploads\/2024\/12\/Lawn-Mower-Gearbox-11.webp\" alt=\"F\u0171ny\u00edr\u00f3 sebess\u00e9gv\u00e1lt\u00f3\" width=\"1256\" height=\"758\" title=\"\" srcset=\"https:\/\/fmp-components.com\/wp-content\/uploads\/2024\/12\/Lawn-Mower-Gearbox-11.webp 1256w, https:\/\/fmp-components.com\/wp-content\/uploads\/2024\/12\/Lawn-Mower-Gearbox-11-980x591.webp 980w, https:\/\/fmp-components.com\/wp-content\/uploads\/2024\/12\/Lawn-Mower-Gearbox-11-480x290.webp 480w\" sizes=\"(min-width: 0px) and (max-width: 480px) 480px, (min-width: 481px) and (max-width: 980px) 980px, (min-width: 981px) 1256px, 100vw\" \/><\/p>\n<h2>Az FMP-GC325 vontatott f\u0171ny\u00edr\u00f3 hajt\u00f3m\u0171 gyakori alkalmaz\u00e1sai<\/h2>\n<p>Az FMP-GC325 vontatott f\u0171ny\u00edr\u00f3 sebess\u00e9gv\u00e1lt\u00f3j\u00e1t sz\u00e9les k\u00f6r\u0171 mez\u0151gazdas\u00e1gi \u00e9s tereprendez\u00e9si alkalmaz\u00e1sokhoz tervezt\u00e9k, hat\u00e9kony er\u0151\u00e1tvitelt \u00e9s megb\u00edzhat\u00f3 teljes\u00edtm\u00e9nyt biztos\u00edtva. Az al\u00e1bbiakban az FMP-GC325 sebess\u00e9gv\u00e1lt\u00f3 n\u00e9h\u00e1ny leggyakoribb alkalmaz\u00e1si p\u00e9ld\u00e1j\u00e1t ismertetj\u00fck:<\/p>\n<ol>\n<li>Legel\u0151 kasz\u00e1l\u00e1sa:\n<ul>\n<li>Az FMP-GC325 sebess\u00e9gv\u00e1lt\u00f3t gyakran haszn\u00e1lj\u00e1k legel\u0151k ny\u00edr\u00e1s\u00e1n\u00e1l, ahol nagy f\u0171fel\u00fcletek kezel\u00e9s\u00e9ben seg\u00edt. Hat\u00e9konyan hajtja a k\u00f6rk\u00e9ses kasz\u00e1kat vagy f\u0171ny\u00edr\u00f3kat a s\u0171r\u0171 n\u00f6v\u00e9nyzet kezel\u00e9s\u00e9ben \u00e9s az eg\u00e9szs\u00e9ges legel\u0151ter\u00fclet fenntart\u00e1s\u00e1ban.<\/li>\n<\/ul>\n<\/li>\n<li>Terepi karbantart\u00e1s:\n<ul>\n<li>Ez a sebess\u00e9gv\u00e1lt\u00f3 ide\u00e1lis mez\u0151gazdas\u00e1gi ter\u00fcletek karbantart\u00e1s\u00e1hoz, bele\u00e9rtve a gyomok, a f\u0171 \u00e9s az aljn\u00f6v\u00e9nyzet kasz\u00e1l\u00e1s\u00e1t term\u0151f\u00f6ldeken, gy\u00fcm\u00f6lcs\u00f6s\u00f6kben \u00e9s sz\u0151l\u0151\u00fcltetv\u00e9nyekben. Sokoldal\u00fas\u00e1g\u00e1nak k\u00f6sz\u00f6nhet\u0151en k\u00fcl\u00f6nb\u00f6z\u0151 v\u00e1g\u00f3felszerel\u00e9sekkel p\u00e1ros\u00edthat\u00f3, \u00edgy alkalmazkodik a k\u00fcl\u00f6nf\u00e9le ter\u00fclett\u00edpusok saj\u00e1tos ig\u00e9nyeihez.<\/li>\n<\/ul>\n<\/li>\n<li>\u00datsz\u00e9li f\u0171ny\u00edr\u00e1s:\n<ul>\n<li>Vid\u00e9ki \u00e9s aut\u00f3p\u00e1lya-karbantart\u00e1s sor\u00e1n az FMP-GC325 sebess\u00e9gv\u00e1lt\u00f3 hajtja a vontatott f\u0171ny\u00edr\u00f3kat, amelyeket az \u00fatsz\u00e9li n\u00f6v\u00e9nyzet irt\u00e1s\u00e1ra haszn\u00e1lnak, biztos\u00edtva a tiszta kil\u00e1t\u00e1st \u00e9s a biztons\u00e1gos vezet\u00e9si k\u00f6r\u00fclm\u00e9nyeket. Leny\u00edrja a f\u00fcvet, a bokrokat \u00e9s a kisebb f\u00e1kat az utak, \u00e1rkok \u00e9s t\u00f6lt\u00e9sek ment\u00e9n.<\/li>\n<\/ul>\n<\/li>\n<li>Tereprendez\u00e9s \u00e9s boz\u00f3tv\u00e1g\u00e1s:\n<ul>\n<li>Az FMP-GC325 rendk\u00edv\u00fcl hat\u00e9kony talajtiszt\u00edt\u00e1si feladatokhoz, k\u00fcl\u00f6n\u00f6sen nagy teherb\u00edr\u00e1s\u00fa k\u00f6rk\u00e9ses kasz\u00e1kkal vagy boz\u00f3tny\u00edr\u00f3kkal haszn\u00e1lva. Ide\u00e1lis s\u0171r\u0171 n\u00f6v\u00e9nyzet, boz\u00f3t \u00e9s ben\u0151tt ter\u00fcletek irt\u00e1s\u00e1ra, a talaj tov\u00e1bbi mez\u0151gazdas\u00e1gi hasznos\u00edt\u00e1sra vagy \u00e9p\u00edtkez\u00e9sekre val\u00f3 el\u0151k\u00e9sz\u00edt\u00e9s\u00e9re.<\/li>\n<\/ul>\n<\/li>\n<li>Nagy ter\u00fcletek \u00e9s rekre\u00e1ci\u00f3s ter\u00fcletek karbantart\u00e1sa:\n<ul>\n<li>Az FMP-GC325 sebess\u00e9gv\u00e1lt\u00f3 nagy ny\u00edlt terek, p\u00e9ld\u00e1ul parkok, golfp\u00e1ly\u00e1k \u00e9s sportp\u00e1ly\u00e1k karbantart\u00e1s\u00e1ra is haszn\u00e1lhat\u00f3. Sz\u00e9les v\u00e1g\u00f3asztalok m\u0171k\u00f6dtet\u00e9s\u00e9re is alkalmas, biztos\u00edtva a hat\u00e9kony \u00e9s egyenletes f\u0171ny\u00edr\u00e1st a nagy kiterjed\u00e9s\u0171 ter\u00fcleteken.<\/li>\n<\/ul>\n<\/li>\n<\/ol>\n<p>Megb\u00edzhat\u00f3 \u00e9s sokoldal\u00fa teljes\u00edtm\u00e9ny\u00e9nek k\u00f6sz\u00f6nhet\u0151en az FMP-GC325 vontatott f\u0171ny\u00edr\u00f3 sebess\u00e9gv\u00e1lt\u00f3 sz\u00e1mos alkalmaz\u00e1st t\u00e1mogat, a legel\u0151k kasz\u00e1l\u00e1s\u00e1t\u00f3l \u00e9s a f\u00f6ldek megtiszt\u00edt\u00e1s\u00e1t\u00f3l kezdve a nagy ter\u00fcletek karbantart\u00e1s\u00e1ig, \u00edgy n\u00e9lk\u00fcl\u00f6zhetetlen alkatr\u00e9sze a mez\u0151gazdas\u00e1gi \u00e9s tereprendez\u00e9si berendez\u00e9seknek.<\/p>\n<p><img loading=\"lazy\" decoding=\"async\" class=\"alignnone size-full wp-image-2061\" src=\"https:\/\/fmp-components.com\/wp-content\/uploads\/2024\/12\/Trailing-Mower-Gearbox-EP-GC325-Common-Applications.webp\" alt=\"Vontatott-F\u0171ny\u00edr\u00f3-Sebess\u00e9gv\u00e1lt\u00f3-FMP-GC325-\u00c1ltal\u00e1nos-Alkalmaz\u00e1si\" width=\"980\" height=\"551\" title=\"\" srcset=\"https:\/\/fmp-components.com\/wp-content\/uploads\/2024\/12\/Trailing-Mower-Gearbox-EP-GC325-Common-Applications.webp 980w, https:\/\/fmp-components.com\/wp-content\/uploads\/2024\/12\/Trailing-Mower-Gearbox-EP-GC325-Common-Applications-480x270.webp 480w\" sizes=\"(min-width: 0px) and (max-width: 480px) 480px, (min-width: 481px) 980px, 100vw\" \/><\/p>\n<div class=\"flex max-w-full flex-col flex-grow\">\n<div class=\"min-h-8 text-message flex w-full flex-col items-end gap-2 whitespace-normal break-words text-start [.text-message+&amp;]:mt-5\" dir=\"auto\" data-message-author-role=\"assistant\" data-message-id=\"f0e5c835-c083-47c5-957f-0b86b6a1a5cd\" data-message-model-slug=\"gpt-4o\">\n<div class=\"flex w-full flex-col gap-1 empty:hidden first:pt-[3px]\">\n<div class=\"markdown prose w-full break-words dark:prose-invert light\">\n<h3>Az FMP-r\u0151l<\/h3>\n<p>Az olaszorsz\u00e1gi sz\u00e9khely\u0171 FMP vezet\u0151 gy\u00e1rt\u00f3, amelyet els\u0151sorban a mez\u0151gazdas\u00e1gi g\u00e9pipar sz\u00e1m\u00e1ra gy\u00e1rtott nagy teljes\u00edtm\u00e9ny\u0171 sebess\u00e9gv\u00e1lt\u00f3k tervez\u00e9s\u00e9ben, fejleszt\u00e9s\u00e9ben \u00e9s gy\u00e1rt\u00e1s\u00e1ban szerzett szak\u00e9rtelm\u00e9r\u0151l ismernek. A prec\u00edzi\u00f3s m\u00e9rn\u00f6ki munk\u00e1r\u00f3l, az innov\u00e1ci\u00f3r\u00f3l \u00e9s a rend\u00edthetetlen megb\u00edzhat\u00f3s\u00e1gr\u00f3l ismert FMP er\u0151s h\u00edrnevet szerzett mag\u00e1nak a mez\u0151gazdas\u00e1gi \u00e9s ipari ipar\u00e1gak folyamatosan v\u00e1ltoz\u00f3 ig\u00e9nyeit kiel\u00e9g\u00edt\u0151 kiv\u00e1l\u00f3 term\u00e9kek sz\u00e1ll\u00edt\u00e1s\u00e1val. Soksz\u00edn\u0171 term\u00e9kk\u00edn\u00e1latunkban megtal\u00e1lhat\u00f3k a f\u0171ny\u00edr\u00f3khoz, kard\u00e1ntengelyekhez \u00e9s m\u00e1s kritikus alkatr\u00e9szekhez k\u00e9sz\u00fclt speci\u00e1lis sebess\u00e9gv\u00e1lt\u00f3k, amelyek mindegyike egyedi megold\u00e1sokat k\u00edn\u00e1l az alkalmaz\u00e1sok sz\u00e9les sk\u00e1l\u00e1j\u00e1n.<\/p>\n<p>Az FMP-n\u00e9l meg\u00e9rtj\u00fck, hogy minden \u00fcgyf\u00e9lnek egyedi ig\u00e9nyei \u00e9s kih\u00edv\u00e1sai vannak. Ez\u00e9rt specializ\u00e1l\u00f3dtunk a szem\u00e9lyre szabott megold\u00e1sok ny\u00fajt\u00e1s\u00e1ra \u2013 legyen sz\u00f3 ak\u00e1r egyedi komponensekr\u0151l, ak\u00e1r teljesen integr\u00e1lt rendszerekr\u0151l. Egy\u00fcttm\u0171k\u00f6d\u0151 megk\u00f6zel\u00edt\u00e9st alkalmazunk, szorosan egy\u00fcttm\u0171k\u00f6dve \u00fcgyfeleinkkel annak biztos\u00edt\u00e1sa \u00e9rdek\u00e9ben, hogy minden megold\u00e1s rendk\u00edv\u00fcl hat\u00e9kony \u00e9s eredm\u00e9nyes legyen. A gyors, professzion\u00e1lis v\u00e1laszok \u00e9s a szak\u00e9rt\u0151i \u00fatmutat\u00e1s ir\u00e1nti elk\u00f6telezetts\u00e9g\u00fcnk biztos\u00edtja, hogy minden megkeres\u00e9st a legnagyobb k\u00f6r\u00fcltekint\u00e9ssel \u00e9s pontoss\u00e1ggal kezelj\u00fcnk.<\/p>\n<p>Nagy hangs\u00falyt fektet\u00fcnk a ny\u00edlt, folyamatos kommunik\u00e1ci\u00f3ra, k\u00fcl\u00f6n\u00f6sen az \u00faj term\u00e9kek fejleszt\u00e9se sor\u00e1n. Elk\u00f6telezett csapatunk k\u00f6zvetlen\u00fcl az \u00fcgyfelekkel dolgozik, hogy teljes m\u00e9rt\u00e9kben meg\u00e9rtse ig\u00e9nyeiket, \u00e9s olyan gyakorlatias megl\u00e1t\u00e1sokat k\u00edn\u00e1ljon, amelyek optim\u00e1lis megold\u00e1sokhoz vezetnek. Ak\u00e1r innovat\u00edv term\u00e9keket tervez\u00fcnk, ak\u00e1r megl\u00e9v\u0151 megrendel\u00e9seket teljes\u00edt\u00fcnk, elk\u00f6telezettek vagyunk a kiv\u00e1l\u00f3 min\u0151s\u00e9g\u0171, prec\u00edzi\u00f3san megtervezett megold\u00e1sok gyors \u00e9s megb\u00edzhat\u00f3 sz\u00e1ll\u00edt\u00e1sa ir\u00e1nt.<\/p>\n<p>Az FMP m\u0171k\u00f6d\u00e9s\u00e9nek k\u00f6z\u00e9ppontj\u00e1ban a min\u0151s\u00e9g ir\u00e1nti rend\u00edthetetlen elk\u00f6telezetts\u00e9g \u00e1ll. A legmagasabb gy\u00e1rt\u00e1si szabv\u00e1nyokat tartjuk be, \u00e9s szigor\u00fa min\u0151s\u00e9gellen\u0151rz\u00e9si int\u00e9zked\u00e9seket alkalmazunk annak biztos\u00edt\u00e1sa \u00e9rdek\u00e9ben, hogy minden term\u00e9k megfeleljen, vagy meghaladja az ipar\u00e1gi elv\u00e1r\u00e1sokat. A min\u0151s\u00e9g ir\u00e1nti elk\u00f6telezetts\u00e9g\u00fcnk, valamint az olyan alapvet\u0151 \u00e9rt\u00e9keink, mint az integrit\u00e1s, a csapatmunka \u00e9s a kitart\u00e1s, lehet\u0151v\u00e9 tett\u00e9k sz\u00e1munkra, hogy tart\u00f3s, bizalmi kapcsolatokat \u00e9p\u00edts\u00fcnk ki \u00fcgyfeleinkkel k\u00f6zel 30 orsz\u00e1gban vil\u00e1gszerte.<\/p>\n<p>Az FMP mindig nyitott a glob\u00e1lis partners\u00e9gek \u00e1pol\u00e1s\u00e1ra, \u00e9s tov\u00e1bbra is elk\u00f6telezett amellett, hogy szak\u00e9rt\u0151i tan\u00e1csokat \u00e9s egyedi megold\u00e1sokat ny\u00fajtson \u00fcgyfeleink sokr\u00e9t\u0171 ig\u00e9nyeinek kiel\u00e9g\u00edt\u00e9s\u00e9re. Nemcsak a term\u00e9kek sz\u00e1ll\u00edt\u00e1s\u00e1ra t\u00f6reksz\u00fcnk \u2013 olyan hossz\u00fa t\u00e1v\u00fa kapcsolatok ki\u00e9p\u00edt\u00e9s\u00e9re t\u00f6reksz\u00fcnk, amelyek hozz\u00e1j\u00e1rulnak minden projekt siker\u00e9hez. Ak\u00e1r innovat\u00edv megold\u00e1sokra van sz\u00fcks\u00e9ge egy \u00faj kezdem\u00e9nyez\u00e9shez, ak\u00e1r folyamatos t\u00e1mogat\u00e1sra egy megl\u00e9v\u0151 rendszerhez, az FMP k\u00e9szen \u00e1ll, hogy megoldja technikai kih\u00edv\u00e1sait \u00e9s seg\u00edtsen biztos\u00edtani a folyamatos sikert.<\/p>\n<p><img loading=\"lazy\" decoding=\"async\" class=\"alignnone size-full wp-image-1861\" src=\"https:\/\/fmp-components.com\/wp-content\/uploads\/2024\/12\/Other-Agricultural-Gearboxes.webp\" sizes=\"(min-width: 0px) and (max-width: 480px) 480px, (min-width: 481px) and (max-width: 980px) 980px, (min-width: 981px) 1200px, 100vw\" srcset=\"https:\/\/fmp-components.com\/wp-content\/uploads\/2024\/12\/Other-Agricultural-Gearboxes.webp 1200w, https:\/\/fmp-components.com\/wp-content\/uploads\/2024\/12\/Other-Agricultural-Gearboxes-980x1143.webp 980w, https:\/\/fmp-components.com\/wp-content\/uploads\/2024\/12\/Other-Agricultural-Gearboxes-480x560.webp 480w\" alt=\"Altri-cambi-agricoli\" width=\"1200\" height=\"1400\" title=\"\"><\/p>\n<p>Szerz\u0151: CX<\/p>\n<\/div>\n<\/div>\n<\/div>\n<\/div>","protected":false},"excerpt":{"rendered":"<p>Dimensions of Trailing Mower Gearbox FMP-GC325\u00a0 Trailing Mower Gearbox FMP-GC325 Shaft Dimensions Trailing Mower Gearbox FMP-GC325 Technical Data i Suitable Rpm input Rpm output KW(Nom) Output torque Toothing r\/min r\/min hp N.m Speed increase 1: 1 Lawn Mower, etc 540 540 160 1400 Gleason Helical Teeth Remark: If you have any special require feel free [&hellip;]<\/p>","protected":false},"featured_media":2060,"comment_status":"open","ping_status":"closed","template":"","meta":{"_et_pb_use_builder":"","_et_pb_old_content":"","_et_gb_content_width":""},"product_brand":[],"product_cat":[52],"product_tag":[],"class_list":{"0":"post-2054","1":"product","2":"type-product","3":"status-publish","4":"has-post-thumbnail","6":"product_cat-lawn-mower-gearbox","8":"first","9":"instock","10":"shipping-taxable","11":"product-type-simple"},"_links":{"self":[{"href":"https:\/\/fmp-components.com\/hu\/wp-json\/wp\/v2\/product\/2054","targetHints":{"allow":["GET"]}}],"collection":[{"href":"https:\/\/fmp-components.com\/hu\/wp-json\/wp\/v2\/product"}],"about":[{"href":"https:\/\/fmp-components.com\/hu\/wp-json\/wp\/v2\/types\/product"}],"replies":[{"embeddable":true,"href":"https:\/\/fmp-components.com\/hu\/wp-json\/wp\/v2\/comments?post=2054"}],"wp:featuredmedia":[{"embeddable":true,"href":"https:\/\/fmp-components.com\/hu\/wp-json\/wp\/v2\/media\/2060"}],"wp:attachment":[{"href":"https:\/\/fmp-components.com\/hu\/wp-json\/wp\/v2\/media?parent=2054"}],"wp:term":[{"taxonomy":"product_brand","embeddable":true,"href":"https:\/\/fmp-components.com\/hu\/wp-json\/wp\/v2\/product_brand?post=2054"},{"taxonomy":"product_cat","embeddable":true,"href":"https:\/\/fmp-components.com\/hu\/wp-json\/wp\/v2\/product_cat?post=2054"},{"taxonomy":"product_tag","embeddable":true,"href":"https:\/\/fmp-components.com\/hu\/wp-json\/wp\/v2\/product_tag?post=2054"}],"curies":[{"name":"munkaf\u00fczet","href":"https:\/\/api.w.org\/{rel}","templated":true}]}}