{"id":2035,"date":"2024-12-30T00:46:25","date_gmt":"2024-12-30T00:46:25","guid":{"rendered":"https:\/\/fmp-components.com\/?page_id=8"},"modified":"2024-12-30T00:57:51","modified_gmt":"2024-12-30T00:57:51","slug":"agricultural-lawn-mower-gearbox-fmp-55","status":"publish","type":"product","link":"https:\/\/fmp-components.com\/hu\/product\/agricultural-lawn-mower-gearbox-fmp-55\/","title":{"rendered":"Mez\u0151gazdas\u00e1gi f\u0171ny\u00edr\u00f3 sebess\u00e9gv\u00e1lt\u00f3 FMP-55"},"content":{"rendered":"<h2>Az FMP-55 mez\u0151gazdas\u00e1gi f\u0171ny\u00edr\u00f3 sebess\u00e9gv\u00e1lt\u00f3 jellemz\u0151i<\/h2>\n<p>Az FMP-55 mez\u0151gazdas\u00e1gi f\u0171ny\u00edr\u00f3 hajt\u00f3m\u0171 nagy teljes\u00edtm\u00e9nyre, tart\u00f3ss\u00e1gra \u00e9s megb\u00edzhat\u00f3s\u00e1gra lett tervezve, hogy megfeleljen a mez\u0151gazdas\u00e1gi f\u0171ny\u00edr\u00e1si alkalmaz\u00e1sok szigor\u00fa k\u00f6vetelm\u00e9nyeinek. A nagy ig\u00e9nybev\u00e9telre tervezett FMP-55 z\u00f6kken\u0151mentes m\u0171k\u00f6d\u00e9st, hossz\u00fa \u00e9lettartamot \u00e9s hat\u00e9kony er\u0151\u00e1tvitelt biztos\u00edt. Az FMP-55 f\u0151bb jellemz\u0151i:<\/p>\n<ol>\n<li><strong>Nagy teherb\u00edr\u00e1s\u00fa konstrukci\u00f3<\/strong><br \/>\nAz FMP-55 nagy szil\u00e1rds\u00e1g\u00fa anyagokb\u00f3l k\u00e9sz\u00fclt, \u00edgy alkalmass\u00e1 teszi neh\u00e9z mez\u0151gazdas\u00e1gi k\u00f6r\u00fclm\u00e9nyekre. Strapab\u00edr\u00f3 konstrukci\u00f3ja kiv\u00e1l\u00f3 kop\u00e1s\u00e1ll\u00f3s\u00e1got, \u00fct\u00e9s\u00e1ll\u00f3s\u00e1got \u00e9s extr\u00e9m \u00fczemi ig\u00e9nybev\u00e9teleket biztos\u00edt.<\/li>\n<li><strong>Nagy nyomat\u00e9kkapacit\u00e1s<\/strong><br \/>\nEz a sebess\u00e9gv\u00e1lt\u00f3 nagy nyomat\u00e9k kezel\u00e9s\u00e9re lett tervezve, \u00edgy ide\u00e1lis a neh\u00e9z f\u0171ny\u00edr\u00e1si feladatokhoz, bele\u00e9rtve a s\u0171r\u0171 f\u0171ben, vastag boz\u00f3tban \u00e9s egyenetlen terepen v\u00e9gzett munk\u00e1t. Az FMP-55 biztos\u00edtja, hogy a teljes\u00edtm\u00e9ny hat\u00e9konyan ker\u00fclj\u00f6n \u00e1tvitelre a motorr\u00f3l a peng\u00e9kre.<\/li>\n<li><strong>Prec\u00edzi\u00f3s m\u00e9rn\u00f6ki munka<\/strong><br \/>\nAz FMP-55 sebess\u00e9gv\u00e1lt\u00f3 prec\u00edzi\u00f3s megmunk\u00e1l\u00e1s\u00fa fogaskerekekkel rendelkezik, amelyek biztos\u00edtj\u00e1k a sima er\u0151\u00e1tvitelt, minimaliz\u00e1lva a rezg\u00e9st \u00e9s a kop\u00e1st. Ez a prec\u00edzi\u00f3s m\u00e9rn\u00f6ki munka jav\u00edtja az \u00e1ltal\u00e1nos teljes\u00edtm\u00e9nyt, a m\u0171k\u00f6d\u00e9si hat\u00e9konys\u00e1got \u00e9s a sebess\u00e9gv\u00e1lt\u00f3 \u00e9lettartam\u00e1t.<\/li>\n<li><strong>Hat\u00e9kony er\u0151\u00e1tvitel<\/strong><br \/>\nA maxim\u00e1lis energiahat\u00e9konys\u00e1gra tervezett FMP-55 cs\u00f6kkenti az energiavesztes\u00e9get az \u00e1tvitel sor\u00e1n. Ez jav\u00edtja az \u00fczemanyag-fogyaszt\u00e1st, cs\u00f6kkenti a motor terhel\u00e9s\u00e9t, \u00e9s optim\u00e1lis teljes\u00edtm\u00e9nyt biztos\u00edt a hossz\u00fa f\u0171ny\u00edr\u00e1si munkamenetek sor\u00e1n.<\/li>\n<li><strong>Kompakt \u00e9s k\u00f6nny\u0171<\/strong><br \/>\nA strapab\u00edr\u00f3 tulajdons\u00e1gai ellen\u00e9re az FMP-55 kompakt \u00e9s k\u00f6nny\u0171 kialak\u00edt\u00e1s\u00fa. Ez cs\u00f6kkenti a f\u0171ny\u00edr\u00f3 \u00f6sszt\u00f6meg\u00e9t, jav\u00edtja a man\u0151verezhet\u0151s\u00e9g\u00e9t, valamint megk\u00f6nny\u00edti a telep\u00edt\u00e9st \u00e9s az \u00fczemeltet\u00e9st.<\/li>\n<li><strong>Alacsony karbantart\u00e1si ig\u00e9ny<\/strong><br \/>\nAz FMP-55 sebess\u00e9gv\u00e1lt\u00f3 minim\u00e1lis karbantart\u00e1st ig\u00e9nyel az \u00f6nken\u0151 alkatr\u00e9szeknek \u00e9s a tart\u00f3s t\u00f6m\u00edt\u00e9seknek k\u00f6sz\u00f6nhet\u0151en. Ez cs\u00f6kkenti a szervizel\u00e9s gyakoris\u00e1g\u00e1t \u00e9s biztos\u00edtja a folyamatos m\u0171k\u00f6d\u00e9st, cs\u00f6kkentve a karbantart\u00e1si k\u00f6lts\u00e9geket.<\/li>\n<\/ol>\n<p>Az FMP-55 mez\u0151gazdas\u00e1gi f\u0171ny\u00edr\u00f3 hajt\u00f3m\u0171 robusztus, megb\u00edzhat\u00f3 \u00e9s hat\u00e9kony megold\u00e1s k\u00fcl\u00f6nf\u00e9le f\u0171ny\u00edr\u00e1si alkalmaz\u00e1sokhoz. Nagy terhel\u00e9sek kezel\u00e9s\u00e9re, a karbantart\u00e1s cs\u00f6kkent\u00e9s\u00e9re \u00e9s a sima er\u0151\u00e1tvitel biztos\u00edt\u00e1s\u00e1ra tervezt\u00e9k, \u00edgy ide\u00e1lis v\u00e1laszt\u00e1s azoknak a mez\u0151gazdas\u00e1gi szakembereknek, akik nagy teljes\u00edtm\u00e9ny\u0171, a neh\u00e9z k\u00f6r\u00fclm\u00e9nyeknek is ellen\u00e1ll\u00f3 hajt\u00f3m\u0171veket keresnek.<\/p>\n<h2>Specifik\u00e1ci\u00f3<\/h2>\n<table style=\"width: 96.2203%; height: 596px;\" border=\"1\" width=\"100%\" cellspacing=\"0\" cellpadding=\"0\">\n<tbody>\n<tr>\n<td width=\"110\"><img loading=\"lazy\" decoding=\"async\" class=\"alignnone size-full wp-image-2037\" src=\"https:\/\/fmp-components.com\/wp-content\/uploads\/2024\/12\/fmp_agricultural-gearbox-HC-55-2.webp\" alt=\"fmp_mez\u0151gazdas\u00e1gi-sebess\u00e9gv\u00e1lt\u00f3-HC-55\" width=\"400\" height=\"486\" title=\"\" srcset=\"https:\/\/fmp-components.com\/wp-content\/uploads\/2024\/12\/fmp_agricultural-gearbox-HC-55-2.webp 400w, https:\/\/fmp-components.com\/wp-content\/uploads\/2024\/12\/fmp_agricultural-gearbox-HC-55-2-247x300.webp 247w, https:\/\/fmp-components.com\/wp-content\/uploads\/2024\/12\/fmp_agricultural-gearbox-HC-55-2-10x12.webp 10w\" sizes=\"(max-width: 400px) 100vw, 400px\" \/><\/td>\n<td width=\"98\"><img loading=\"lazy\" decoding=\"async\" class=\"alignnone size-full wp-image-2036\" src=\"https:\/\/fmp-components.com\/wp-content\/uploads\/2024\/12\/Agricultural-Lawn-Mower-Gearbox-FMP-55.webp\" alt=\"Mez\u0151gazdas\u00e1gi f\u0171ny\u00edr\u00f3 sebess\u00e9gv\u00e1lt\u00f3 FMP-55\" width=\"500\" height=\"500\" title=\"\" srcset=\"https:\/\/fmp-components.com\/wp-content\/uploads\/2024\/12\/Agricultural-Lawn-Mower-Gearbox-FMP-55.webp 500w, https:\/\/fmp-components.com\/wp-content\/uploads\/2024\/12\/Agricultural-Lawn-Mower-Gearbox-FMP-55-480x480.webp 480w\" sizes=\"(min-width: 0px) and (max-width: 480px) 480px, (min-width: 481px) 500px, 100vw\" \/><\/td>\n<\/tr>\n<\/tbody>\n<\/table>\n<table style=\"width: 100%;\" border=\"1\" width=\"100%\" cellspacing=\"0\" cellpadding=\"0\">\n<tbody>\n<tr>\n<th>T\u00e9tel<\/th>\n<td>FMP-55<\/td>\n<\/tr>\n<tr>\n<th>H\u00e1nyados<\/th>\n<td>1:1.6<\/td>\n<\/tr>\n<tr>\n<th>Fogak<\/th>\n<td>15\/24<\/td>\n<\/tr>\n<tr>\n<th>Modul<\/th>\n<td>6.0<\/td>\n<\/tr>\n<tr>\n<th>Teljes\u00edtm\u00e9ny (LE)<\/th>\n<td>50<\/td>\n<\/tr>\n<tr>\n<th>N\u00e9vleges bemenet<\/th>\n<td>540 fordulat\/perc<\/td>\n<\/tr>\n<tr>\n<th>Bemenet\/Kimenet le\u00edr\u00e1sa<\/th>\n<td>1-3\/8 Z6, k\u00fapos talp\u00fa, megfelel\u0151 bord\u00e1s tengely<\/td>\n<\/tr>\n<tr>\n<th>S\u00faly (NW)<\/th>\n<td>28,7 kg<\/td>\n<\/tr>\n<tr>\n<th>Anyag<\/th>\n<td>\u2013 HT250 lak\u00e1sc\u00e9l\u00fa felhaszn\u00e1l\u00e1sra<br \/>\n\u2013 20CrMnTi a fogasker\u00e9ktengelyhez<br \/>\n\u2013 Alum\u00ednium lemezhez<\/td>\n<\/tr>\n<\/tbody>\n<\/table>\n<h3>Kard\u00e1ntengelyeket is forgalmazunk<\/h3>\n<p>Az FMP, egy megb\u00edzhat\u00f3 \u00e9s szavahihet\u0151 k\u00ednai sz\u00e9khely\u0171 kard\u00e1ntengely-gy\u00e1rt\u00f3 \u00e9s gy\u00e1r, elk\u00f6telezett amellett, hogy kiv\u00e1l\u00f3 min\u0151s\u00e9g\u0171, optim\u00e1lis teljes\u00edtm\u00e9nyre \u00e9s tart\u00f3ss\u00e1gra tervezett kard\u00e1ntengelyeket sz\u00e1ll\u00edtson. Sz\u00e9les v\u00e1laszt\u00e9kban k\u00edn\u00e1lunk kard\u00e1ntengely-sorozatokat, amelyek mindegyike a mez\u0151gazdas\u00e1gi \u00e9s ipari g\u00e9pek v\u00e1ltozatos ig\u00e9nyeihez igazodik. Kard\u00e1ntengelyeink t\u00f6bbf\u00e9le csap\u00e1gy\u00e1tm\u00e9r\u0151vel kaphat\u00f3k, biztos\u00edtva a kompatibilit\u00e1st a k\u00fcl\u00f6nf\u00e9le berendez\u00e9sekkel \u00e9s alkalmaz\u00e1sokkal.<\/p>\n<p>Ak\u00e1r mez\u0151gazdas\u00e1gi sebess\u00e9gv\u00e1lt\u00f3j\u00e1hoz, rot\u00e1ci\u00f3s f\u0171ny\u00edr\u00f3j\u00e1hoz vagy egy\u00e9b mez\u0151gazdas\u00e1gi g\u00e9p\u00e9hez van sz\u00fcks\u00e9ge kard\u00e1ntengelyre, az FMP egyedi megold\u00e1sokat k\u00edn\u00e1l az \u00d6n egyedi ig\u00e9nyeinek kiel\u00e9g\u00edt\u00e9s\u00e9re. Prec\u00edzi\u00f3s m\u00e9rn\u00f6ki szak\u00e9rtelm\u00fcnkkel \u00e9s sok\u00e9ves tapasztalatunkkal garant\u00e1ljuk a megb\u00edzhat\u00f3, tart\u00f3s \u00e9s hossz\u00fa \u00e9lettartam\u00fa term\u00e9keket.<\/p>\n<p>Csapatunk elk\u00f6telezett a gyors \u00e9s \u00e9rz\u00e9keny kiszolg\u00e1l\u00e1s ir\u00e1nt, biztos\u00edtva, hogy k\u00e9rd\u00e9seire szak\u00e9rt\u0151i tan\u00e1csokkal \u00e9s id\u0151ben megold\u00e1sokkal v\u00e1laszoljunk. Ha nagy teljes\u00edtm\u00e9ny\u0171 kard\u00e1ntengelyt keres, amely ellen\u00e1ll a g\u00e9pei \u00e1ltal t\u00e1masztott ig\u00e9nyeknek, ne habozzon kapcsolatba l\u00e9pni vel\u00fcnk m\u00e9g ma! B\u00edzza az FMP-re kard\u00e1ntengely-ig\u00e9nyeit!<\/p>\n<p><img loading=\"lazy\" decoding=\"async\" class=\"alignnone size-full wp-image-2010\" src=\"https:\/\/fmp-components.com\/wp-content\/uploads\/2024\/12\/Agricultural-Lawnmower-Gearbox-Precautions-for-Use1.webp\" alt=\"F\u0171ny\u00edr\u00f3 sebess\u00e9gv\u00e1lt\u00f3\" width=\"1202\" height=\"665\" title=\"\" srcset=\"https:\/\/fmp-components.com\/wp-content\/uploads\/2024\/12\/Agricultural-Lawnmower-Gearbox-Precautions-for-Use1.webp 1202w, https:\/\/fmp-components.com\/wp-content\/uploads\/2024\/12\/Agricultural-Lawnmower-Gearbox-Precautions-for-Use1-980x542.webp 980w, https:\/\/fmp-components.com\/wp-content\/uploads\/2024\/12\/Agricultural-Lawnmower-Gearbox-Precautions-for-Use1-480x266.webp 480w\" sizes=\"(min-width: 0px) and (max-width: 480px) 480px, (min-width: 481px) and (max-width: 980px) 980px, (min-width: 981px) 1202px, 100vw\" \/><\/p>\n<h3>Az FMP-r\u0151l<\/h3>\n<p>Az olaszorsz\u00e1gi sz\u00e9khely\u0171 FMP vezet\u0151 gy\u00e1rt\u00f3, amely a nagy teljes\u00edtm\u00e9ny\u0171 sebess\u00e9gv\u00e1lt\u00f3k tervez\u00e9s\u00e9ben, fejleszt\u00e9s\u00e9ben \u00e9s gy\u00e1rt\u00e1s\u00e1ban szerzett szak\u00e9rtelm\u00e9r\u0151l ismert, els\u0151sorban a mez\u0151gazdas\u00e1gi g\u00e9pipar sz\u00e1m\u00e1ra. A prec\u00edzi\u00f3s m\u00e9rn\u00f6ki munk\u00e1ra, az innov\u00e1ci\u00f3ra \u00e9s a megb\u00edzhat\u00f3s\u00e1gra \u00f6sszpontos\u00edtva az FMP h\u00edrnevet szerzett mag\u00e1nak a mez\u0151gazdas\u00e1gi \u00e9s ipari ipar\u00e1gak folyamatosan v\u00e1ltoz\u00f3 ig\u00e9nyeit kiel\u00e9g\u00edt\u0151, kiv\u00e1l\u00f3 min\u0151s\u00e9g\u0171 term\u00e9kek sz\u00e1ll\u00edt\u00e1s\u00e1val. Term\u00e9kportf\u00f3li\u00f3nk speci\u00e1lis sebess\u00e9gv\u00e1lt\u00f3kat tartalmaz f\u0171ny\u00edr\u00f3khoz, kard\u00e1ntengelyekhez \u00e9s sz\u00e1mos kulcsfontoss\u00e1g\u00fa alkatr\u00e9szhez, amelyek mindegyike testreszabott megold\u00e1sokat k\u00edn\u00e1l a legk\u00fcl\u00f6nb\u00f6z\u0151bb alkalmaz\u00e1sokhoz.<\/p>\n<p>Az FMP-n\u00e9l meg\u00e9rtj\u00fck, hogy minden \u00fcgyf\u00e9lnek egyedi ig\u00e9nyei vannak. Ez\u00e9rt specializ\u00e1l\u00f3dtunk az egyedi megold\u00e1sok biztos\u00edt\u00e1s\u00e1ra \u2013 legyen sz\u00f3 ak\u00e1r egyedi komponensekr\u0151l, ak\u00e1r teljesen integr\u00e1lt rendszerekr\u0151l. Egy\u00fcttm\u0171k\u00f6d\u0151 megk\u00f6zel\u00edt\u00e9st alkalmazunk, szorosan egy\u00fcttm\u0171k\u00f6dve \u00fcgyfeleinkkel annak biztos\u00edt\u00e1sa \u00e9rdek\u00e9ben, hogy minden megold\u00e1s ne csak hat\u00e9kony, hanem eredm\u00e9nyes is legyen. A gyors, professzion\u00e1lis v\u00e1laszok \u00e9s a szak\u00e9rt\u0151i \u00fatmutat\u00e1s ir\u00e1nti elk\u00f6telezetts\u00e9g\u00fcnk biztos\u00edtja, hogy minden megkeres\u00e9st a legnagyobb gondoss\u00e1ggal \u00e9s pontoss\u00e1ggal kezelj\u00fcnk.<\/p>\n<p>Nagy hangs\u00falyt fektet\u00fcnk a ny\u00edlt \u00e9s folyamatos kommunik\u00e1ci\u00f3ra, k\u00fcl\u00f6n\u00f6sen a term\u00e9kfejleszt\u00e9s ter\u00e9n. Csapatunk k\u00f6zvetlen\u00fcl egy\u00fcttm\u0171k\u00f6dik az \u00fcgyfelekkel, hogy meg\u00e9rtse konkr\u00e9t kih\u00edv\u00e1saikat, \u00e9s olyan gyakorlatias megl\u00e1t\u00e1sokat k\u00edn\u00e1ljon, amelyek optim\u00e1lis megold\u00e1sokhoz vezetnek. Ak\u00e1r innovat\u00edv term\u00e9keket tervez\u00fcnk, ak\u00e1r folyamatos megrendel\u00e9seket teljes\u00edt\u00fcnk, elk\u00f6telezettek vagyunk amellett, hogy minden alkalommal kiv\u00e1l\u00f3 min\u0151s\u00e9g\u0171, prec\u00edzi\u00f3san megtervezett megold\u00e1sokat sz\u00e1ll\u00edtsunk id\u0151ben.<\/p>\n<p>A min\u0151s\u00e9g \u00e1ll minden tev\u00e9kenys\u00e9g\u00fcnk k\u00f6z\u00e9ppontj\u00e1ban az FMP-n\u00e9l. A legmagasabb gy\u00e1rt\u00e1si szabv\u00e1nyokat tartjuk be, \u00e9s szigor\u00fa min\u0151s\u00e9gellen\u0151rz\u00e9si folyamatokat alkalmazunk annak biztos\u00edt\u00e1sa \u00e9rdek\u00e9ben, hogy minden term\u00e9k megfeleljen, vagy meghaladja az ipar\u00e1gi elv\u00e1r\u00e1sokat. A min\u0151s\u00e9g ir\u00e1nti elk\u00f6telezetts\u00e9g\u00fcnk, valamint az olyan \u00e9rt\u00e9keink, mint az integrit\u00e1s, a csapatmunka \u00e9s a kitart\u00e1s, seg\u00edtettek tart\u00f3s kapcsolatokat ki\u00e9p\u00edteni \u00fcgyfeleinkkel a vil\u00e1g k\u00f6zel 30 orsz\u00e1g\u00e1ban.<\/p>\n<p>Az FMP mindig nyitott a glob\u00e1lis partners\u00e9gekre, \u00e9s elk\u00f6telezett amellett, hogy szak\u00e9rt\u0151i tan\u00e1csokat \u00e9s egyedi megold\u00e1sokat ny\u00fajtson \u00fcgyfeleink sokr\u00e9t\u0171 ig\u00e9nyeinek kiel\u00e9g\u00edt\u00e9s\u00e9re. Nemcsak a term\u00e9kek sz\u00e1ll\u00edt\u00e1s\u00e1ra t\u00f6reksz\u00fcnk \u2013 a hossz\u00fa t\u00e1v\u00fa kapcsolatok \u00e1pol\u00e1s\u00e1ra \u00f6sszpontos\u00edtunk, biztos\u00edtva minden projekt siker\u00e9t. Ak\u00e1r innovat\u00edv megold\u00e1sokat keres egy \u00faj kezdem\u00e9nyez\u00e9shez, ak\u00e1r egy megl\u00e9v\u0151 rendszerhez van sz\u00fcks\u00e9ge t\u00e1mogat\u00e1sra, az FMP elk\u00f6telezett a technikai kih\u00edv\u00e1sok kezel\u00e9se \u00e9s a folyamatos siker el\u00e9r\u00e9s\u00e9nek el\u0151seg\u00edt\u00e9se ir\u00e1nt.<\/p>\n<p><img loading=\"lazy\" decoding=\"async\" class=\"alignnone size-full wp-image-1861\" src=\"https:\/\/fmp-components.com\/wp-content\/uploads\/2024\/12\/Other-Agricultural-Gearboxes.webp\" sizes=\"(min-width: 0px) and (max-width: 480px) 480px, (min-width: 481px) and (max-width: 980px) 980px, (min-width: 981px) 1200px, 100vw\" srcset=\"https:\/\/fmp-components.com\/wp-content\/uploads\/2024\/12\/Other-Agricultural-Gearboxes.webp 1200w, https:\/\/fmp-components.com\/wp-content\/uploads\/2024\/12\/Other-Agricultural-Gearboxes-980x1143.webp 980w, https:\/\/fmp-components.com\/wp-content\/uploads\/2024\/12\/Other-Agricultural-Gearboxes-480x560.webp 480w\" alt=\"Altri-cambi-agricoli\" width=\"1200\" height=\"1400\" title=\"\"><\/p>\n<p>Szerz\u0151: CX<\/p>","protected":false},"excerpt":{"rendered":"<p>Features of Agricultural Lawn Mower Gearbox FMP-55 The FMP-55 Agricultural Lawn Mower Gearbox is engineered for high performance, durability, and reliability, designed to meet the demanding requirements of agricultural lawn mowing applications. Built for heavy-duty use, the FMP-55 ensures smooth operation, long-lasting service, and efficient power transmission. Key features of the FMP-55 include: Heavy-Duty Construction [&hellip;]<\/p>","protected":false},"featured_media":2036,"comment_status":"open","ping_status":"closed","template":"","meta":{"_et_pb_use_builder":"","_et_pb_old_content":"","_et_gb_content_width":""},"product_brand":[],"product_cat":[52],"product_tag":[],"class_list":{"0":"post-2035","1":"product","2":"type-product","3":"status-publish","4":"has-post-thumbnail","6":"product_cat-lawn-mower-gearbox","8":"first","9":"instock","10":"shipping-taxable","11":"product-type-simple"},"_links":{"self":[{"href":"https:\/\/fmp-components.com\/hu\/wp-json\/wp\/v2\/product\/2035","targetHints":{"allow":["GET"]}}],"collection":[{"href":"https:\/\/fmp-components.com\/hu\/wp-json\/wp\/v2\/product"}],"about":[{"href":"https:\/\/fmp-components.com\/hu\/wp-json\/wp\/v2\/types\/product"}],"replies":[{"embeddable":true,"href":"https:\/\/fmp-components.com\/hu\/wp-json\/wp\/v2\/comments?post=2035"}],"wp:featuredmedia":[{"embeddable":true,"href":"https:\/\/fmp-components.com\/hu\/wp-json\/wp\/v2\/media\/2036"}],"wp:attachment":[{"href":"https:\/\/fmp-components.com\/hu\/wp-json\/wp\/v2\/media?parent=2035"}],"wp:term":[{"taxonomy":"product_brand","embeddable":true,"href":"https:\/\/fmp-components.com\/hu\/wp-json\/wp\/v2\/product_brand?post=2035"},{"taxonomy":"product_cat","embeddable":true,"href":"https:\/\/fmp-components.com\/hu\/wp-json\/wp\/v2\/product_cat?post=2035"},{"taxonomy":"product_tag","embeddable":true,"href":"https:\/\/fmp-components.com\/hu\/wp-json\/wp\/v2\/product_tag?post=2035"}],"curies":[{"name":"munkaf\u00fczet","href":"https:\/\/api.w.org\/{rel}","templated":true}]}}