{"id":2031,"date":"2024-12-27T01:51:37","date_gmt":"2024-12-27T01:51:37","guid":{"rendered":"https:\/\/fmp-components.com\/?page_id=8"},"modified":"2024-12-27T01:51:37","modified_gmt":"2024-12-27T01:51:37","slug":"agricultural-lawn-mower-gearbox-fmp-rc81","status":"publish","type":"product","link":"https:\/\/fmp-components.com\/hu\/product\/agricultural-lawn-mower-gearbox-fmp-rc81\/","title":{"rendered":"Mez\u0151gazdas\u00e1gi f\u0171ny\u00edr\u00f3 sebess\u00e9gv\u00e1lt\u00f3 FMP-RC81"},"content":{"rendered":"<h2>Mez\u0151gazdas\u00e1gi f\u0171ny\u00edr\u00f3 sebess\u00e9gv\u00e1lt\u00f3 FMP-RC81 specifik\u00e1ci\u00f3<\/h2>\n<table style=\"width: 96.2203%; height: 596px;\" border=\"1\" width=\"100%\" cellspacing=\"0\" cellpadding=\"0\">\n<tbody>\n<tr>\n<td width=\"110\"><img loading=\"lazy\" decoding=\"async\" class=\"alignnone size-full wp-image-2033\" src=\"https:\/\/fmp-components.com\/wp-content\/uploads\/2024\/12\/fmp_agricultural-gearbox-HC-RC81-2.webp\" alt=\"fmp_mez\u0151gazdas\u00e1gi-sebess\u00e9gv\u00e1lt\u00f3-HC-RC81-2\" width=\"399\" height=\"518\" title=\"\" srcset=\"https:\/\/fmp-components.com\/wp-content\/uploads\/2024\/12\/fmp_agricultural-gearbox-HC-RC81-2.webp 399w, https:\/\/fmp-components.com\/wp-content\/uploads\/2024\/12\/fmp_agricultural-gearbox-HC-RC81-2-231x300.webp 231w, https:\/\/fmp-components.com\/wp-content\/uploads\/2024\/12\/fmp_agricultural-gearbox-HC-RC81-2-9x12.webp 9w\" sizes=\"(max-width: 399px) 100vw, 399px\" \/><\/td>\n<td width=\"98\"><img loading=\"lazy\" decoding=\"async\" class=\"alignnone size-full wp-image-2034\" src=\"https:\/\/fmp-components.com\/wp-content\/uploads\/2024\/12\/fmp_agricultural-gearbox-HC-RC81.webp\" alt=\"fmp_mez\u0151gazdas\u00e1gi-sebess\u00e9gv\u00e1lt\u00f3-HC-RC81-2\" width=\"400\" height=\"400\" title=\"\" srcset=\"https:\/\/fmp-components.com\/wp-content\/uploads\/2024\/12\/fmp_agricultural-gearbox-HC-RC81.webp 400w, https:\/\/fmp-components.com\/wp-content\/uploads\/2024\/12\/fmp_agricultural-gearbox-HC-RC81-300x300.webp 300w, https:\/\/fmp-components.com\/wp-content\/uploads\/2024\/12\/fmp_agricultural-gearbox-HC-RC81-150x150.webp 150w, https:\/\/fmp-components.com\/wp-content\/uploads\/2024\/12\/fmp_agricultural-gearbox-HC-RC81-12x12.webp 12w, https:\/\/fmp-components.com\/wp-content\/uploads\/2024\/12\/fmp_agricultural-gearbox-HC-RC81-100x100.webp 100w\" sizes=\"(max-width: 400px) 100vw, 400px\" \/><\/td>\n<\/tr>\n<\/tbody>\n<\/table>\n<table style=\"width: 95.6387%; height: 235px;\" border=\"1\">\n<tbody>\n<tr>\n<td><strong>T\u00c9TEL<\/strong><\/td>\n<td>FMP-RC81<\/td>\n<\/tr>\n<tr>\n<td><strong>H\u00e1nyados<\/strong><\/td>\n<td>1:1.93\/1:1.46<\/td>\n<\/tr>\n<tr>\n<td><strong>Fogak<\/strong><\/td>\n<td>27\/14 19\/13<\/td>\n<\/tr>\n<tr>\n<td><strong>Modul<\/strong><\/td>\n<td>5.5 \/ 7.0<\/td>\n<\/tr>\n<tr>\n<td><strong>Teljes\u00edtm\u00e9ny (LE)<\/strong><\/td>\n<td>80<\/td>\n<\/tr>\n<tr>\n<td><strong>N\u00e9vleges bemenet<\/strong><\/td>\n<td>600 fordulat\/perc<\/td>\n<\/tr>\n<tr>\n<td><strong>Bemenet\/Kimenet le\u00edr\u00e1sa<\/strong><\/td>\n<td>1-3\/8 Z6 k\u00fapos bord\u00e1s tengely<\/td>\n<\/tr>\n<tr>\n<td><strong>S\u00faly (NW)<\/strong><\/td>\n<td>28,7 kg<\/td>\n<\/tr>\n<\/tbody>\n<\/table>\n<h3>Az FMP-RC81 mez\u0151gazdas\u00e1gi f\u0171ny\u00edr\u00f3 sebess\u00e9gv\u00e1lt\u00f3 jellemz\u0151i<\/h3>\n<p>Az FMP-RC81 mez\u0151gazdas\u00e1gi f\u0171ny\u00edr\u00f3 hajt\u00f3m\u0171 egy nagy teljes\u00edtm\u00e9ny\u0171, strapab\u00edr\u00f3 hajt\u00f3m\u0171, amelyet kiv\u00e9teles megb\u00edzhat\u00f3s\u00e1g, hat\u00e9konys\u00e1g \u00e9s tart\u00f3ss\u00e1g biztos\u00edt\u00e1s\u00e1ra terveztek az ig\u00e9nyes f\u0171ny\u00edr\u00e1si alkalmaz\u00e1sokhoz. A legnehezebb k\u00f6r\u00fclm\u00e9nyek elvisel\u00e9s\u00e9re \u00e9s hossz\u00fa t\u00e1v\u00fa szolg\u00e1latra tervezt\u00e9k. Az FMP-RC81 f\u0151bb jellemz\u0151i:<\/p>\n<ol>\n<li><strong>Strapab\u00edr\u00f3 kialak\u00edt\u00e1s<\/strong><br \/>\nAz FMP-RC81 robusztus, nagy szil\u00e1rds\u00e1g\u00fa anyagokb\u00f3l k\u00e9sz\u00fclt, hogy ellen\u00e1lljon a mez\u0151gazdas\u00e1gi f\u0171ny\u00edr\u00e1ssal j\u00e1r\u00f3 nagy ig\u00e9nybev\u00e9telnek. Robusztus kialak\u00edt\u00e1sa kiv\u00e1l\u00f3 teljes\u00edtm\u00e9nyt biztos\u00edt kih\u00edv\u00e1st jelent\u0151 k\u00f6rnyezetben, a s\u0171r\u0171 f\u0171t\u0151l az egyenetlen terepig.<\/li>\n<li><strong>Nagy nyomat\u00e9kkapacit\u00e1s<\/strong><br \/>\nKiv\u00e1l\u00f3 nyomat\u00e9kkezel\u00e9si k\u00e9pess\u00e9g\u00e9vel az FMP-RC81 ide\u00e1lis nagy terhel\u00e9s\u0171 alkalmaz\u00e1sokhoz. Hat\u00e9kony er\u0151\u00e1tvitelt biztos\u00edt m\u00e9g a legnehezebb k\u00f6r\u00fclm\u00e9nyek k\u00f6z\u00f6tt is, lehet\u0151v\u00e9 t\u00e9ve a f\u0171ny\u00edr\u00f3 sz\u00e1m\u00e1ra a legjobb teljes\u00edtm\u00e9nyt ny\u00fajtani, m\u00e9g s\u0171r\u0171 f\u0171ben vagy lejt\u0151s talajon is.<\/li>\n<li><strong>Prec\u00edzi\u00f3s megmunk\u00e1lt fogaskerekek<\/strong><br \/>\nA prec\u00edzi\u00f3san megtervezett fogaskerekekkel felszerelt FMP-RC81 sima, hat\u00e9kony er\u0151\u00e1tvitelt biztos\u00edt minim\u00e1lis rezg\u00e9ssel. Ez a prec\u00edzi\u00f3 cs\u00f6kkenti a kop\u00e1st, \u00edgy hosszabb \u00e9lettartamot \u00e9s alacsonyabb karbantart\u00e1si k\u00f6lts\u00e9geket eredm\u00e9nyez.<\/li>\n<li><strong>Optimaliz\u00e1lt energiahat\u00e9konys\u00e1g<\/strong><br \/>\nAz FMP-RC81 optimaliz\u00e1lt hajt\u00f3m\u0171-kialak\u00edt\u00e1ssal rendelkezik, amely minimaliz\u00e1lja a teljes\u00edtm\u00e9nyvesztes\u00e9get, n\u00f6velve a f\u0171ny\u00edr\u00f3 \u00e1ltal\u00e1nos hat\u00e9konys\u00e1g\u00e1t. Ez cs\u00f6kkenti a motor terhel\u00e9s\u00e9t, jav\u00edtja az \u00fczemanyag-fogyaszt\u00e1st, \u00e9s biztos\u00edtja, hogy a teljes\u00edtm\u00e9ny hat\u00e9konyan hasznosuljon a v\u00e1g\u00e1si teljes\u00edtm\u00e9ny \u00e9rdek\u00e9ben.<\/li>\n<li><strong>Kompakt \u00e9s k\u00f6nny\u0171<\/strong><br \/>\nA nagy teherb\u00edr\u00e1s ellen\u00e9re az FMP-RC81 kompakt \u00e9s k\u00f6nny\u0171 kialak\u00edt\u00e1s\u00fa. Ez megk\u00f6nny\u00edti a k\u00fcl\u00f6nf\u00e9le f\u0171ny\u00edr\u00f3 rendszerekbe val\u00f3 integr\u00e1l\u00e1st an\u00e9lk\u00fcl, hogy t\u00fals\u00falyt okozna, ami jobb man\u0151verezhet\u0151s\u00e9get \u00e9s a berendez\u00e9sre nehezed\u0151 terhel\u00e9s cs\u00f6kkent\u00e9s\u00e9t eredm\u00e9nyezi.<\/li>\n<li><strong>Alacsony karbantart\u00e1si ig\u00e9ny\u0171 kialak\u00edt\u00e1s<\/strong><br \/>\nAz FMP-RC81 sebess\u00e9gv\u00e1lt\u00f3t minim\u00e1lis karbantart\u00e1sra tervezt\u00e9k, \u00f6nken\u0151 alkatr\u00e9szekkel, amelyek cs\u00f6kkentik a gyakori szervizel\u00e9s sz\u00fcks\u00e9gess\u00e9g\u00e9t. Ez a kialak\u00edt\u00e1s folyamatos m\u0171k\u00f6d\u00e9st biztos\u00edt cs\u00f6kkentett \u00e1ll\u00e1sid\u0151vel \u00e9s karbantart\u00e1si k\u00f6lts\u00e9gekkel.<\/li>\n<li><strong>Sokoldal\u00fa \u00e9s alkalmazkod\u00f3k\u00e9pes<\/strong><br \/>\nAz FMP-RC81 rendk\u00edv\u00fcl sokoldal\u00fa, \u00e9s a mez\u0151gazdas\u00e1gban \u00e9s tereprendez\u00e9sben haszn\u00e1lt f\u0171ny\u00edr\u00f3k sz\u00e9les sk\u00e1l\u00e1j\u00e1val kompatibilis. Testreszabhat\u00f3 az adott ig\u00e9nyekhez, \u00edgy biztos\u00edtva az optim\u00e1lis teljes\u00edtm\u00e9nyt a k\u00fcl\u00f6nb\u00f6z\u0151 f\u0171ny\u00edr\u00f3-konfigur\u00e1ci\u00f3kban.<\/li>\n<\/ol>\n<p>Az FMP-RC81 mez\u0151gazdas\u00e1gi f\u0171ny\u00edr\u00f3 hajt\u00f3m\u0171 \u00f6tv\u00f6zi az er\u0151t, a hat\u00e9konys\u00e1got \u00e9s a megb\u00edzhat\u00f3s\u00e1got, \u00edgy kiv\u00e1l\u00f3 v\u00e1laszt\u00e1s mez\u0151gazdas\u00e1gi \u00e9s ipari f\u0171ny\u00edr\u00e1si alkalmaz\u00e1sokhoz. Nagy terhel\u00e9sek kezel\u00e9s\u00e9re, a karbantart\u00e1s cs\u00f6kkent\u00e9s\u00e9re \u00e9s a sima er\u0151\u00e1tvitel biztos\u00edt\u00e1s\u00e1ra tervezt\u00e9k, maximaliz\u00e1lja a m\u0171k\u00f6d\u00e9si hat\u00e9konys\u00e1got \u00e9s minimaliz\u00e1lja az \u00e1ll\u00e1sid\u0151t.<\/p>\n<p><img loading=\"lazy\" decoding=\"async\" class=\"alignnone size-full wp-image-1994\" src=\"https:\/\/fmp-components.com\/wp-content\/uploads\/2024\/12\/Lawn-Mower-Gearbox-7.webp\" alt=\"F\u0171ny\u00edr\u00f3 sebess\u00e9gv\u00e1lt\u00f3\" width=\"1502\" height=\"805\" title=\"\" srcset=\"https:\/\/fmp-components.com\/wp-content\/uploads\/2024\/12\/Lawn-Mower-Gearbox-7.webp 1502w, https:\/\/fmp-components.com\/wp-content\/uploads\/2024\/12\/Lawn-Mower-Gearbox-7-1280x686.webp 1280w, https:\/\/fmp-components.com\/wp-content\/uploads\/2024\/12\/Lawn-Mower-Gearbox-7-980x525.webp 980w, https:\/\/fmp-components.com\/wp-content\/uploads\/2024\/12\/Lawn-Mower-Gearbox-7-480x257.webp 480w\" sizes=\"(min-width: 0px) and (max-width: 480px) 480px, (min-width: 481px) and (max-width: 980px) 980px, (min-width: 981px) and (max-width: 1280px) 1280px, (min-width: 1281px) 1502px, 100vw\" \/><\/p>\n<h3>Az FMP-r\u0151l<\/h3>\n<p>Az olaszorsz\u00e1gi sz\u00e9khely\u0171 FMP vezet\u0151 gy\u00e1rt\u00f3, amely mez\u0151gazdas\u00e1gi g\u00e9pek nagy teljes\u00edtm\u00e9ny\u0171 sebess\u00e9gv\u00e1lt\u00f3ira specializ\u00e1l\u00f3dott. A prec\u00edzi\u00f3s m\u00e9rn\u00f6ki munk\u00e1r\u00f3l, az innov\u00e1ci\u00f3r\u00f3l \u00e9s a megb\u00edzhat\u00f3s\u00e1gr\u00f3l ismert c\u00e9g\u00fcnk sebess\u00e9gv\u00e1lt\u00f3k sz\u00e9les v\u00e1laszt\u00e9k\u00e1t k\u00edn\u00e1lja, bele\u00e9rtve a f\u0171ny\u00edr\u00f3k sebess\u00e9gv\u00e1lt\u00f3it \u00e9s olyan alapvet\u0151 alkatr\u00e9szeket, mint a kard\u00e1ntengelyek. K\u00fcldet\u00e9s\u00fcnk, hogy testreszabott megold\u00e1sokat k\u00edn\u00e1ljunk, amelyek megfelelnek a mez\u0151gazdas\u00e1gi \u00e9s ipari szektorok speci\u00e1lis ig\u00e9nyeinek, ak\u00e1r egyedi term\u00e9kek, ak\u00e1r integr\u00e1lt rendszerek r\u00e9v\u00e9n.<\/p>\n<p>Meg\u00e9rtj\u00fck, hogy minden \u00fcgyf\u00e9lnek egyedi ig\u00e9nyei vannak, ez\u00e9rt kiv\u00e1l\u00f3an szabjuk testre term\u00e9keinket ezekhez az ig\u00e9nyekhez. Ak\u00e1r speci\u00e1lis sebess\u00e9gv\u00e1lt\u00f3ra, ak\u00e1r komplett rendszerre van sz\u00fcks\u00e9ge, szorosan egy\u00fcttm\u0171k\u00f6d\u00fcnk \u00d6nnel, hogy a leghat\u00e9konyabb \u00e9s legeredm\u00e9nyesebb megold\u00e1sokat k\u00edn\u00e1ljuk. Gyors \u00e9s professzion\u00e1lis v\u00e1laszaink, valamint szak\u00e9rt\u0151i tan\u00e1csaink biztos\u00edtj\u00e1k, hogy minden megkeres\u00e9st gondosan \u00e9s prec\u00edzen kezelj\u00fcnk.<\/p>\n<p>Az FMP-n\u00e9l a ny\u00edlt kommunik\u00e1ci\u00f3t \u00e9s egy\u00fcttm\u0171k\u00f6d\u00e9st helyezz\u00fck el\u0151t\u00e9rbe, k\u00fcl\u00f6n\u00f6sen \u00faj term\u00e9kek fejleszt\u00e9se sor\u00e1n. Csapatunk egy\u00fcttm\u0171k\u00f6dik az \u00fcgyfelekkel, hogy meg\u00e9rtse kih\u00edv\u00e1saikat, \u00e9s olyan betekint\u00e9st ny\u00fajtson, amely optim\u00e1lis megold\u00e1sokhoz vezet. Elk\u00f6telezettek vagyunk a kiv\u00e1l\u00f3 min\u0151s\u00e9g\u0171, prec\u00edzi\u00f3san megtervezett term\u00e9kek hat\u00e1rid\u0151re t\u00f6rt\u00e9n\u0151 lesz\u00e1ll\u00edt\u00e1sa ir\u00e1nt, legyen sz\u00f3 \u00faj fejleszt\u00e9sekr\u0151l vagy megl\u00e9v\u0151 megrendel\u00e9sekr\u0151l.<\/p>\n<p>A min\u0151s\u00e9g az FMP m\u0171k\u00f6d\u00e9s\u00e9nek k\u00f6z\u00e9ppontj\u00e1ban \u00e1ll. Gy\u00e1rt\u00e1si folyamataink a legmagasabb szabv\u00e1nyoknak felelnek meg, biztos\u00edtva a pontoss\u00e1got \u00e9s a nulla hib\u00e1t. A szigor\u00fa min\u0151s\u00e9gellen\u0151rz\u00e9s garant\u00e1lja, hogy minden term\u00e9k megfeleljen, vagy meghaladja az ipar\u00e1gi szabv\u00e1nyokat. Ez a min\u0151s\u00e9g ir\u00e1nti elk\u00f6telezetts\u00e9g, valamint az olyan alapvet\u0151 \u00e9rt\u00e9keink, mint az integrit\u00e1s, a csapatmunka \u00e9s a kitart\u00e1s, lehet\u0151v\u00e9 tette sz\u00e1munkra, hogy k\u00f6zel 30 orsz\u00e1gban er\u0151s kapcsolatokat \u00e9p\u00edts\u00fcnk ki \u00fcgyfeleinkkel.<\/p>\n<p>Az FMP mindig nyitott a glob\u00e1lis partners\u00e9gekre, szak\u00e9rt\u0151i tan\u00e1csokat \u00e9s szem\u00e9lyre szabott megold\u00e1sokat k\u00edn\u00e1lva. Megk\u00f6zel\u00edt\u00e9s\u00fcnk t\u00falmutat a term\u00e9kek egyszer\u0171 lesz\u00e1ll\u00edt\u00e1s\u00e1n; olyan hossz\u00fa t\u00e1v\u00fa kapcsolatok ki\u00e9p\u00edt\u00e9s\u00e9re t\u00f6reksz\u00fcnk, amelyek k\u00f6lcs\u00f6n\u00f6s sikert eredm\u00e9nyeznek. Ak\u00e1r \u00faj megold\u00e1sokra, ak\u00e1r megl\u00e9v\u0151 rendszerek t\u00e1mogat\u00e1s\u00e1ra van sz\u00fcks\u00e9ge, az FMP elk\u00f6telezett a technikai kih\u00edv\u00e1sok kezel\u00e9se \u00e9s a folyamatos siker biztos\u00edt\u00e1sa ir\u00e1nt.<\/p>\n<p><img loading=\"lazy\" decoding=\"async\" class=\"alignnone size-full wp-image-1861\" src=\"https:\/\/fmp-components.com\/wp-content\/uploads\/2024\/12\/Other-Agricultural-Gearboxes.webp\" sizes=\"(min-width: 0px) and (max-width: 480px) 480px, (min-width: 481px) and (max-width: 980px) 980px, (min-width: 981px) 1200px, 100vw\" srcset=\"https:\/\/fmp-components.com\/wp-content\/uploads\/2024\/12\/Other-Agricultural-Gearboxes.webp 1200w, https:\/\/fmp-components.com\/wp-content\/uploads\/2024\/12\/Other-Agricultural-Gearboxes-980x1143.webp 980w, https:\/\/fmp-components.com\/wp-content\/uploads\/2024\/12\/Other-Agricultural-Gearboxes-480x560.webp 480w\" alt=\"Altri-cambi-agricoli\" width=\"1200\" height=\"1400\" title=\"\"><\/p>\n<p>Szerz\u0151: CX<\/p>","protected":false},"excerpt":{"rendered":"<p>Agricultural Lawn Mower Gearbox FMP-RC81 Specification ITEM FMP-RC81 Ratio 1:1.93\/1:1.46 Teeth 27\/14 19\/13 Module 5.5 \/ 7.0 Power(HP) 80 Rated Input 600rpm Input\/Output Description 1-3\/8 Z6 Taper spline Weight(N.W) 28.7KG Features of Agricultural Lawn Mower Gearbox FMP-RC81 The FMP-RC81 Agricultural Lawn Mower Gearbox is a high-performance, heavy-duty gearbox designed to deliver exceptional reliability, efficiency, and [&hellip;]<\/p>","protected":false},"featured_media":2034,"comment_status":"open","ping_status":"closed","template":"","meta":{"_et_pb_use_builder":"","_et_pb_old_content":"","_et_gb_content_width":""},"product_brand":[],"product_cat":[52],"product_tag":[],"class_list":{"0":"post-2031","1":"product","2":"type-product","3":"status-publish","4":"has-post-thumbnail","6":"product_cat-lawn-mower-gearbox","8":"first","9":"instock","10":"shipping-taxable","11":"product-type-simple"},"_links":{"self":[{"href":"https:\/\/fmp-components.com\/hu\/wp-json\/wp\/v2\/product\/2031","targetHints":{"allow":["GET"]}}],"collection":[{"href":"https:\/\/fmp-components.com\/hu\/wp-json\/wp\/v2\/product"}],"about":[{"href":"https:\/\/fmp-components.com\/hu\/wp-json\/wp\/v2\/types\/product"}],"replies":[{"embeddable":true,"href":"https:\/\/fmp-components.com\/hu\/wp-json\/wp\/v2\/comments?post=2031"}],"wp:featuredmedia":[{"embeddable":true,"href":"https:\/\/fmp-components.com\/hu\/wp-json\/wp\/v2\/media\/2034"}],"wp:attachment":[{"href":"https:\/\/fmp-components.com\/hu\/wp-json\/wp\/v2\/media?parent=2031"}],"wp:term":[{"taxonomy":"product_brand","embeddable":true,"href":"https:\/\/fmp-components.com\/hu\/wp-json\/wp\/v2\/product_brand?post=2031"},{"taxonomy":"product_cat","embeddable":true,"href":"https:\/\/fmp-components.com\/hu\/wp-json\/wp\/v2\/product_cat?post=2031"},{"taxonomy":"product_tag","embeddable":true,"href":"https:\/\/fmp-components.com\/hu\/wp-json\/wp\/v2\/product_tag?post=2031"}],"curies":[{"name":"munkaf\u00fczet","href":"https:\/\/api.w.org\/{rel}","templated":true}]}}