{"id":2021,"date":"2024-12-27T01:29:14","date_gmt":"2024-12-27T01:29:14","guid":{"rendered":"https:\/\/fmp-components.com\/?page_id=8"},"modified":"2024-12-27T01:42:20","modified_gmt":"2024-12-27T01:42:20","slug":"agricultural-lawn-mower-gearbox-fmp-rc51","status":"publish","type":"product","link":"https:\/\/fmp-components.com\/hu\/product\/agricultural-lawn-mower-gearbox-fmp-rc51\/","title":{"rendered":"Mez\u0151gazdas\u00e1gi f\u0171ny\u00edr\u00f3 sebess\u00e9gv\u00e1lt\u00f3 FMP-RC51"},"content":{"rendered":"<h2>Specifik\u00e1ci\u00f3<\/h2>\n<table style=\"width: 96.2203%; height: 596px;\" border=\"1\" width=\"100%\" cellspacing=\"0\" cellpadding=\"0\">\n<tbody>\n<tr>\n<td width=\"110\"><img loading=\"lazy\" decoding=\"async\" class=\"alignnone size-full wp-image-2025\" src=\"https:\/\/fmp-components.com\/wp-content\/uploads\/2024\/12\/fmp_agricultural-gearbox-HC-RC51-2.webp\" alt=\"fmp_mez\u0151gazdas\u00e1gi-sebess\u00e9gv\u00e1lt\u00f3-HC-RC51-2\" width=\"404\" height=\"547\" title=\"\" srcset=\"https:\/\/fmp-components.com\/wp-content\/uploads\/2024\/12\/fmp_agricultural-gearbox-HC-RC51-2.webp 404w, https:\/\/fmp-components.com\/wp-content\/uploads\/2024\/12\/fmp_agricultural-gearbox-HC-RC51-2-222x300.webp 222w, https:\/\/fmp-components.com\/wp-content\/uploads\/2024\/12\/fmp_agricultural-gearbox-HC-RC51-2-9x12.webp 9w\" sizes=\"(max-width: 404px) 100vw, 404px\" \/><\/td>\n<td width=\"98\"><img loading=\"lazy\" decoding=\"async\" class=\"alignnone size-full wp-image-2026\" src=\"https:\/\/fmp-components.com\/wp-content\/uploads\/2024\/12\/fmp_agricultural-gearbox-HC-RC51.webp\" alt=\"fmp_mez\u0151gazdas\u00e1gi-sebess\u00e9gv\u00e1lt\u00f3-HC-RC51-2\" width=\"400\" height=\"400\" title=\"\" srcset=\"https:\/\/fmp-components.com\/wp-content\/uploads\/2024\/12\/fmp_agricultural-gearbox-HC-RC51.webp 400w, https:\/\/fmp-components.com\/wp-content\/uploads\/2024\/12\/fmp_agricultural-gearbox-HC-RC51-300x300.webp 300w, https:\/\/fmp-components.com\/wp-content\/uploads\/2024\/12\/fmp_agricultural-gearbox-HC-RC51-150x150.webp 150w, https:\/\/fmp-components.com\/wp-content\/uploads\/2024\/12\/fmp_agricultural-gearbox-HC-RC51-12x12.webp 12w, https:\/\/fmp-components.com\/wp-content\/uploads\/2024\/12\/fmp_agricultural-gearbox-HC-RC51-100x100.webp 100w\" sizes=\"(max-width: 400px) 100vw, 400px\" \/><\/td>\n<\/tr>\n<\/tbody>\n<\/table>\n<p>&nbsp;<\/p>\n<table style=\"width: 100.19%; height: 241px;\" border=\"1\">\n<tbody>\n<tr>\n<td style=\"width: 36.3538%;\"><strong>T\u00c9TEL<\/strong><\/td>\n<td style=\"width: 62.9989%;\">FMP-rc51<\/td>\n<\/tr>\n<tr>\n<td style=\"width: 36.3538%;\"><strong>H\u00e1nyados<\/strong><\/td>\n<td style=\"width: 62.9989%;\">1:1.47\/1:1.93<\/td>\n<\/tr>\n<tr>\n<td style=\"width: 36.3538%;\"><strong>Fogak<\/strong><\/td>\n<td style=\"width: 62.9989%;\">22\/15 29\/15<\/td>\n<\/tr>\n<tr>\n<td style=\"width: 36.3538%;\"><strong>Modul<\/strong><\/td>\n<td style=\"width: 62.9989%;\">\u00a05.08 \/4.0<\/td>\n<\/tr>\n<tr>\n<td style=\"width: 36.3538%;\"><strong>Teljes\u00edtm\u00e9ny (LE)<\/strong><\/td>\n<td style=\"width: 62.9989%;\">30<\/td>\n<\/tr>\n<tr>\n<td style=\"width: 36.3538%;\"><strong>N\u00e9vleges bemenet<\/strong><\/td>\n<td style=\"width: 62.9989%;\">540 fordulat\/perc<\/td>\n<\/tr>\n<tr>\n<td style=\"width: 36.3538%;\"><strong>Bemenet\/Kimenet le\u00edr\u00e1sa<\/strong><\/td>\n<td style=\"width: 62.9989%;\">\u00a0Bord\u00e1s\/k\u00fapos bord\u00e1s<\/td>\n<\/tr>\n<tr>\n<td style=\"width: 36.3538%;\"><strong>S\u00faly (NW)<\/strong><\/td>\n<td style=\"width: 62.9989%;\">29 kg<\/td>\n<\/tr>\n<\/tbody>\n<\/table>\n<h2>Az FMP-RC51 mez\u0151gazdas\u00e1gi f\u0171ny\u00edr\u00f3 sebess\u00e9gv\u00e1lt\u00f3 jellemz\u0151i<\/h2>\n<p>Az FMP-RC51 mez\u0151gazdas\u00e1gi f\u0171ny\u00edr\u00f3 hajt\u00f3m\u0171v\u00e9t nagy teljes\u00edtm\u00e9nyre, megb\u00edzhat\u00f3s\u00e1gra \u00e9s tart\u00f3ss\u00e1gra tervezt\u00e9k, \u00edgy ide\u00e1lis megold\u00e1st k\u00edn\u00e1l f\u0171ny\u00edr\u00e1si alkalmaz\u00e1sokhoz. Az FMP-RC51 f\u0151bb jellemz\u0151i:<\/p>\n<ol>\n<li><strong>Robusztus kialak\u00edt\u00e1s<\/strong><br \/>\nA kiv\u00e1l\u00f3 min\u0151s\u00e9g\u0171 anyagokb\u00f3l k\u00e9sz\u00fclt FMP-RC51 sebess\u00e9gv\u00e1lt\u00f3 kiv\u00e9teles szil\u00e1rds\u00e1got \u00e9s rugalmass\u00e1got k\u00edn\u00e1l, \u00edgy biztos\u00edtva, hogy ellen\u00e1lljon a mez\u0151gazdas\u00e1gi k\u00f6rnyezet szigor\u00fa k\u00f6vetelm\u00e9nyeinek.<\/li>\n<li><strong>Prec\u00edzi\u00f3s m\u00e9rn\u00f6ki munka<\/strong><br \/>\nAz FMP-RC51 prec\u00edzi\u00f3s megmunk\u00e1l\u00e1ssal rendelkezik, ami biztos\u00edtja a sima m\u0171k\u00f6d\u00e9st \u00e9s az optim\u00e1lis er\u0151\u00e1tvitelt. Ez a kialak\u00edt\u00e1s minimaliz\u00e1lja a kop\u00e1st, n\u00f6velve a sebess\u00e9gv\u00e1lt\u00f3 \u00e9lettartam\u00e1t \u00e9s hat\u00e9konys\u00e1g\u00e1t.<\/li>\n<li><strong>Nagy nyomat\u00e9kkapacit\u00e1s<\/strong><br \/>\nA nagy nyomat\u00e9k\u00fa terhel\u00e9sek kezel\u00e9s\u00e9re tervezett FMP-RC51 kiv\u00e1l\u00f3 teljes\u00edtm\u00e9nyt ny\u00fajt neh\u00e9z f\u0171ny\u00edr\u00e1si k\u00f6r\u00fclm\u00e9nyek k\u00f6z\u00f6tt, biztos\u00edtva a megb\u00edzhat\u00f3 m\u0171k\u00f6d\u00e9st m\u00e9g neh\u00e9z terepen is.<\/li>\n<li><strong>Hat\u00e9kony er\u0151\u00e1tvitel<\/strong><br \/>\nNagy hat\u00e9konys\u00e1g\u00fa hajt\u00f3m\u0171-kialak\u00edt\u00e1s\u00e1nak k\u00f6sz\u00f6nhet\u0151en az FMP-RC51 minim\u00e1lis energiavesztes\u00e9get \u00e9s maxim\u00e1lis teljes\u00edtm\u00e9nyt biztos\u00edt. Ez lehet\u0151v\u00e9 teszi a z\u00f6kken\u0151mentes m\u0171k\u00f6d\u00e9st, cs\u00f6kkenti a motor terhel\u00e9s\u00e9t \u00e9s n\u00f6veli az \u00fczemanyag-hat\u00e9konys\u00e1got.<\/li>\n<li><strong>Kompakt \u00e9s k\u00f6nny\u0171<\/strong><br \/>\nA sebess\u00e9gv\u00e1lt\u00f3 kompakt \u00e9s k\u00f6nny\u0171 szerkezettel k\u00e9sz\u00fclt, \u00edgy k\u00f6nnyen telep\u00edthet\u0151 \u00e9s integr\u00e1lhat\u00f3 k\u00fcl\u00f6nf\u00e9le f\u0171ny\u00edr\u00f3 rendszerekbe an\u00e9lk\u00fcl, hogy felesleges s\u00falyt jelentene.<\/li>\n<li><strong>Alacsony karbantart\u00e1si ig\u00e9ny\u0171<\/strong><br \/>\nAz FMP-RC51 sebess\u00e9gv\u00e1lt\u00f3t alacsony karbantart\u00e1si ig\u00e9nyre tervezt\u00e9k, \u00f6nken\u0151 alkatr\u00e9szekkel, amelyek cs\u00f6kkentik a gyakori szervizel\u00e9s sz\u00fcks\u00e9gess\u00e9g\u00e9t, n\u00f6velik a termel\u00e9kenys\u00e9get \u00e9s minimaliz\u00e1lj\u00e1k az \u00e1ll\u00e1sid\u0151t.<\/li>\n<li><strong>Sokoldal\u00fa kompatibilit\u00e1s<\/strong><br \/>\nAz FMP-RC51 sz\u00e1mos f\u0171ny\u00edr\u00f3val kompatibilis, \u00edgy sokoldal\u00fa v\u00e1laszt\u00e1si lehet\u0151s\u00e9get k\u00edn\u00e1l a mez\u0151gazdas\u00e1gi szektor k\u00fcl\u00f6nb\u00f6z\u0151 alkalmaz\u00e1saihoz. K\u00f6nnyen adapt\u00e1lhat\u00f3 az adott g\u00e9pig\u00e9nyekhez.<\/li>\n<\/ol>\n<p>Ezek a tulajdons\u00e1gok teszik az FMP-RC51 mez\u0151gazdas\u00e1gi f\u0171ny\u00edr\u00f3 sebess\u00e9gv\u00e1lt\u00f3j\u00e1t megb\u00edzhat\u00f3, hat\u00e9kony \u00e9s tart\u00f3s v\u00e1laszt\u00e1ss\u00e1 mez\u0151gazdas\u00e1gi g\u00e9pek sz\u00e1m\u00e1ra, kiv\u00e9teles teljes\u00edtm\u00e9nyt \u00e9s hossz\u00fa \u00e9lettartamot biztos\u00edtva a f\u0171ny\u00edr\u00e1si feladatokhoz.<\/p>\n<div class=\"flex-shrink-0 flex flex-col relative items-end\">\n<div>\n<div class=\"pt-0\">\n<div class=\"gizmo-bot-avatar flex h-8 w-8 items-center justify-center overflow-hidden rounded-full\">\n<div class=\"relative p-1 rounded-sm flex items-center justify-center bg-token-main-surface-primary text-token-text-primary h-8 w-8\"><img loading=\"lazy\" decoding=\"async\" class=\"alignnone size-full wp-image-1994\" src=\"https:\/\/fmp-components.com\/wp-content\/uploads\/2024\/12\/Lawn-Mower-Gearbox-7.webp\" alt=\"F\u0171ny\u00edr\u00f3 sebess\u00e9gv\u00e1lt\u00f3\" width=\"1502\" height=\"805\" title=\"\" srcset=\"https:\/\/fmp-components.com\/wp-content\/uploads\/2024\/12\/Lawn-Mower-Gearbox-7.webp 1502w, https:\/\/fmp-components.com\/wp-content\/uploads\/2024\/12\/Lawn-Mower-Gearbox-7-1280x686.webp 1280w, https:\/\/fmp-components.com\/wp-content\/uploads\/2024\/12\/Lawn-Mower-Gearbox-7-980x525.webp 980w, https:\/\/fmp-components.com\/wp-content\/uploads\/2024\/12\/Lawn-Mower-Gearbox-7-480x257.webp 480w\" sizes=\"(min-width: 0px) and (max-width: 480px) 480px, (min-width: 481px) and (max-width: 980px) 980px, (min-width: 981px) and (max-width: 1280px) 1280px, (min-width: 1281px) 1502px, 100vw\" \/><\/div>\n<\/div>\n<\/div>\n<\/div>\n<\/div>\n<div class=\"group\/conversation-turn relative flex w-full min-w-0 flex-col agent-turn\">\n<div class=\"flex-col gap-1 md:gap-3\">\n<div class=\"flex max-w-full flex-col flex-grow\">\n<div class=\"min-h-8 text-message flex w-full flex-col items-end gap-2 whitespace-normal break-words text-start [.text-message+&amp;]:mt-5\" dir=\"auto\" data-message-author-role=\"assistant\" data-message-id=\"f83c79da-cb0c-4da0-823f-20067c852903\" data-message-model-slug=\"gpt-4o\">\n<div class=\"flex w-full flex-col gap-1 empty:hidden first:pt-[3px]\">\n<div class=\"markdown prose w-full break-words dark:prose-invert light\">\n<h3>Az FMP-r\u0151l<\/h3>\n<p>Az olaszorsz\u00e1gi sz\u00e9khely\u0171 FMP egy kiemelked\u0151 gy\u00e1rt\u00f3, amely mez\u0151gazdas\u00e1gi g\u00e9pekhez igaz\u00edtott nagy teljes\u00edtm\u00e9ny\u0171 sebess\u00e9gv\u00e1lt\u00f3ir\u00f3l ismert. A prec\u00edzi\u00f3s m\u00e9rn\u00f6ki munka, az innov\u00e1ci\u00f3 \u00e9s a megb\u00edzhat\u00f3s\u00e1g ter\u00e9n szerzett er\u0151s h\u00edrnev\u00fcnknek k\u00f6sz\u00f6nhet\u0151en sebess\u00e9gv\u00e1lt\u00f3k \u00e1tfog\u00f3 v\u00e1laszt\u00e9k\u00e1t k\u00edn\u00e1ljuk, bele\u00e9rtve a speci\u00e1lis f\u0171ny\u00edr\u00f3 sebess\u00e9gv\u00e1lt\u00f3kat \u00e9s olyan kritikus alkatr\u00e9szeket, mint a kard\u00e1ntengelyek. C\u00e9lunk, hogy olyan testreszabott megold\u00e1sokat sz\u00e1ll\u00edtsunk, amelyek t\u00f6k\u00e9letesen illeszkednek a mez\u0151gazdas\u00e1gi \u00e9s ipari szektor egyedi ig\u00e9nyeihez, ak\u00e1r \u00f6n\u00e1ll\u00f3 term\u00e9kekk\u00e9nt, ak\u00e1r integr\u00e1lt rendszerekk\u00e9nt.<\/p>\n<p>Tudva, hogy minden \u00fcgyf\u00e9l ig\u00e9nyei egyediek, term\u00e9keink ezen egyedi k\u00f6vetelm\u00e9nyeknek val\u00f3 megfelel\u00e9s\u00e9re specializ\u00e1l\u00f3dtunk. Ak\u00e1r egyedi sebess\u00e9gv\u00e1lt\u00f3t, ak\u00e1r komplett rendszert keres, szorosan egy\u00fcttm\u0171k\u00f6d\u00fcnk \u00d6nnel a hat\u00e9kony \u00e9s eredm\u00e9nyes megold\u00e1sok kidolgoz\u00e1sa \u00e9rdek\u00e9ben. Gyors, professzion\u00e1lis v\u00e1laszaink \u00e9s szak\u00e9rt\u0151i \u00fatmutat\u00e1sunk biztos\u00edtja, hogy minden megkeres\u00e9st a lehet\u0151 legnagyobb gondoss\u00e1ggal \u00e9s pontoss\u00e1ggal kezelj\u00fcnk.<\/p>\n<p>Az FMP-n\u00e9l nagy hangs\u00falyt fektet\u00fcnk az \u00e1tl\u00e1that\u00f3 kommunik\u00e1ci\u00f3ra \u00e9s egy\u00fcttm\u0171k\u00f6d\u00e9sre, k\u00fcl\u00f6n\u00f6sen az \u00faj term\u00e9kek tervez\u00e9se \u00e9s fejleszt\u00e9se sor\u00e1n. \u00dcgyfeleinkkel k\u00e9z a k\u00e9zben dolgozunk, hogy m\u00e9lyrehat\u00f3an meg\u00e9rts\u00fck kih\u00edv\u00e1saikat, \u00e9s olyan betekint\u00e9st ny\u00fajtsunk, amely optim\u00e1lis, innovat\u00edv megold\u00e1sokhoz vezet. Elk\u00f6telezetts\u00e9g\u00fcnk a kiv\u00e1l\u00f3 min\u0151s\u00e9g\u0171, prec\u00edzi\u00f3san megtervezett term\u00e9kek id\u0151ben \u00e9s az \u00fcgyfelek elv\u00e1r\u00e1sainak megfelel\u0151en t\u00f6rt\u00e9n\u0151 sz\u00e1ll\u00edt\u00e1sa ir\u00e1nt minden tev\u00e9kenys\u00e9g\u00fcnk k\u00f6z\u00e9ppontj\u00e1ban \u00e1ll.<\/p>\n<p>A min\u0151s\u00e9g az FMP m\u0171k\u00f6d\u00e9s\u00e9nek sarokk\u00f6ve. Gy\u00e1rt\u00e1si folyamatainkat a legmagasabb szabv\u00e1nyok szab\u00e1lyozz\u00e1k, biztos\u00edtva a hib\u00e1tlan kivitelez\u00e9st \u00e9s a nulla hib\u00e1t. A szigor\u00fa min\u0151s\u00e9gellen\u0151rz\u00e9s biztos\u00edtja, hogy minden term\u00e9k megfeleljen, vagy meghaladja az ipar\u00e1gi szabv\u00e1nyokat. Ez a min\u0151s\u00e9g ir\u00e1nti rend\u00edthetetlen elk\u00f6telezetts\u00e9g, valamint az olyan alapvet\u0151 \u00e9rt\u00e9keink, mint az integrit\u00e1s, a csapatmunka \u00e9s a kitart\u00e1s, hozz\u00e1j\u00e1rultak ahhoz, hogy tart\u00f3s kapcsolatokat \u00e1poljunk \u00fcgyfeleinkkel t\u00f6bb mint 30 orsz\u00e1gban.<\/p>\n<p>Az FMP mindig nyitott a glob\u00e1lis partners\u00e9gek kialak\u00edt\u00e1s\u00e1ra, szak\u00e9rt\u0151i tan\u00e1csad\u00e1st \u00e9s szem\u00e9lyre szabott megold\u00e1sokat k\u00edn\u00e1lva. Megk\u00f6zel\u00edt\u00e9s\u00fcnk nem csup\u00e1n a term\u00e9kek sz\u00e1ll\u00edt\u00e1s\u00e1r\u00f3l sz\u00f3l, hanem a hossz\u00fa t\u00e1v\u00fa partners\u00e9gek kialak\u00edt\u00e1s\u00e1r\u00f3l, amelyek k\u00f6z\u00f6s sikerhez vezetnek. Ak\u00e1r innovat\u00edv megold\u00e1sokat, ak\u00e1r megl\u00e9v\u0151 rendszerekhez folyamatos t\u00e1mogat\u00e1st keres, az FMP elk\u00f6telezett a technikai kih\u00edv\u00e1sok megold\u00e1sa \u00e9s a folyamatos siker biztos\u00edt\u00e1sa ir\u00e1nt.<\/p>\n<\/div>\n<\/div>\n<\/div>\n<\/div>\n<\/div>\n<\/div>\n<p><img loading=\"lazy\" decoding=\"async\" class=\"alignnone size-full wp-image-1861\" src=\"https:\/\/fmp-components.com\/wp-content\/uploads\/2024\/12\/Other-Agricultural-Gearboxes.webp\" sizes=\"(min-width: 0px) and (max-width: 480px) 480px, (min-width: 481px) and (max-width: 980px) 980px, (min-width: 981px) 1200px, 100vw\" srcset=\"https:\/\/fmp-components.com\/wp-content\/uploads\/2024\/12\/Other-Agricultural-Gearboxes.webp 1200w, https:\/\/fmp-components.com\/wp-content\/uploads\/2024\/12\/Other-Agricultural-Gearboxes-980x1143.webp 980w, https:\/\/fmp-components.com\/wp-content\/uploads\/2024\/12\/Other-Agricultural-Gearboxes-480x560.webp 480w\" alt=\"Altri-cambi-agricoli\" width=\"1200\" height=\"1400\" title=\"\"><\/p>\n<p>Szerz\u0151: CX<\/p>","protected":false},"excerpt":{"rendered":"<p>Specification &nbsp; ITEM FMP-rc51 Ratio 1:1.47\/1:1.93 Teeth 22\/15 29\/15 Module \u00a05.08 \/4.0 Power(HP) 30 Rated Input 540rpm Input\/Output Description \u00a0Spline \/Taper spline Weight(N.W) 29KG Features of Agricultural Lawn Mower Gearbox FMP-RC51 The FMP-RC51 Agricultural Lawn Mower Gearbox is designed for high performance, reliability, and durability, making it the ideal solution for lawn mowing applications. Key [&hellip;]<\/p>","protected":false},"featured_media":2026,"comment_status":"open","ping_status":"closed","template":"","meta":{"_et_pb_use_builder":"","_et_pb_old_content":"","_et_gb_content_width":""},"product_brand":[],"product_cat":[52],"product_tag":[],"class_list":{"0":"post-2021","1":"product","2":"type-product","3":"status-publish","4":"has-post-thumbnail","6":"product_cat-lawn-mower-gearbox","8":"first","9":"instock","10":"shipping-taxable","11":"product-type-simple"},"_links":{"self":[{"href":"https:\/\/fmp-components.com\/hu\/wp-json\/wp\/v2\/product\/2021","targetHints":{"allow":["GET"]}}],"collection":[{"href":"https:\/\/fmp-components.com\/hu\/wp-json\/wp\/v2\/product"}],"about":[{"href":"https:\/\/fmp-components.com\/hu\/wp-json\/wp\/v2\/types\/product"}],"replies":[{"embeddable":true,"href":"https:\/\/fmp-components.com\/hu\/wp-json\/wp\/v2\/comments?post=2021"}],"wp:featuredmedia":[{"embeddable":true,"href":"https:\/\/fmp-components.com\/hu\/wp-json\/wp\/v2\/media\/2026"}],"wp:attachment":[{"href":"https:\/\/fmp-components.com\/hu\/wp-json\/wp\/v2\/media?parent=2021"}],"wp:term":[{"taxonomy":"product_brand","embeddable":true,"href":"https:\/\/fmp-components.com\/hu\/wp-json\/wp\/v2\/product_brand?post=2021"},{"taxonomy":"product_cat","embeddable":true,"href":"https:\/\/fmp-components.com\/hu\/wp-json\/wp\/v2\/product_cat?post=2021"},{"taxonomy":"product_tag","embeddable":true,"href":"https:\/\/fmp-components.com\/hu\/wp-json\/wp\/v2\/product_tag?post=2021"}],"curies":[{"name":"munkaf\u00fczet","href":"https:\/\/api.w.org\/{rel}","templated":true}]}}