{"id":2020,"date":"2024-12-27T01:24:26","date_gmt":"2024-12-27T01:24:26","guid":{"rendered":"https:\/\/fmp-components.com\/?page_id=8"},"modified":"2024-12-27T01:37:57","modified_gmt":"2024-12-27T01:37:57","slug":"agricultural-lawn-mower-gearbox-fmp-rc31-193-fmp-rc31-147","status":"publish","type":"product","link":"https:\/\/fmp-components.com\/hu\/product\/agricultural-lawn-mower-gearbox-fmp-rc31-193-fmp-rc31-147\/","title":{"rendered":"Mez\u0151gazdas\u00e1gi f\u0171ny\u00edr\u00f3 sebess\u00e9gv\u00e1lt\u00f3 FMP-RC31-193 FMP-RC31-147"},"content":{"rendered":"<h2>Specifik\u00e1ci\u00f3<\/h2>\n<table style=\"width: 96.2203%; height: 596px;\" border=\"1\" width=\"100%\" cellspacing=\"0\" cellpadding=\"0\">\n<tbody>\n<tr>\n<td width=\"110\">\u00a0<img loading=\"lazy\" decoding=\"async\" class=\"alignnone size-full wp-image-2024\" src=\"https:\/\/fmp-components.com\/wp-content\/uploads\/2024\/12\/fmp_agricultural-gearbox-HC-RC31-2.webp\" alt=\"fmp_mez\u0151gazdas\u00e1gi-sebess\u00e9gv\u00e1lt\u00f3-HC-RC31\" width=\"460\" height=\"559\" title=\"\" srcset=\"https:\/\/fmp-components.com\/wp-content\/uploads\/2024\/12\/fmp_agricultural-gearbox-HC-RC31-2.webp 460w, https:\/\/fmp-components.com\/wp-content\/uploads\/2024\/12\/fmp_agricultural-gearbox-HC-RC31-2-247x300.webp 247w, https:\/\/fmp-components.com\/wp-content\/uploads\/2024\/12\/fmp_agricultural-gearbox-HC-RC31-2-10x12.webp 10w\" sizes=\"(max-width: 460px) 100vw, 460px\" \/><\/td>\n<td width=\"98\"><img loading=\"lazy\" decoding=\"async\" class=\"alignnone size-full wp-image-2023\" src=\"https:\/\/fmp-components.com\/wp-content\/uploads\/2024\/12\/fmp_agricultural-gearbox-HC-RC31.webp\" alt=\"fmp_mez\u0151gazdas\u00e1gi-sebess\u00e9gv\u00e1lt\u00f3-HC-RC31\" width=\"400\" height=\"400\" title=\"\" srcset=\"https:\/\/fmp-components.com\/wp-content\/uploads\/2024\/12\/fmp_agricultural-gearbox-HC-RC31.webp 400w, https:\/\/fmp-components.com\/wp-content\/uploads\/2024\/12\/fmp_agricultural-gearbox-HC-RC31-300x300.webp 300w, https:\/\/fmp-components.com\/wp-content\/uploads\/2024\/12\/fmp_agricultural-gearbox-HC-RC31-150x150.webp 150w, https:\/\/fmp-components.com\/wp-content\/uploads\/2024\/12\/fmp_agricultural-gearbox-HC-RC31-12x12.webp 12w, https:\/\/fmp-components.com\/wp-content\/uploads\/2024\/12\/fmp_agricultural-gearbox-HC-RC31-100x100.webp 100w\" sizes=\"(max-width: 400px) 100vw, 400px\" \/><\/td>\n<\/tr>\n<\/tbody>\n<\/table>\n<p>&nbsp;<\/p>\n<table style=\"width: 99.0815%; height: 208px;\" border=\"1\" cellspacing=\"0\" cellpadding=\"0\">\n<tbody>\n<tr>\n<td><strong>T\u00c9TEL<\/strong><\/td>\n<td>F\u0171ny\u00edr\u00f3 sebess\u00e9gv\u00e1lt\u00f3 FMP-RC30-193<\/td>\n<\/tr>\n<tr>\n<td><strong>H\u00e1nyados<\/strong><\/td>\n<td>1:1.93<\/td>\n<\/tr>\n<tr>\n<td><strong>Fogak<\/strong><\/td>\n<td>15\/29<\/td>\n<\/tr>\n<tr>\n<td><strong>Modul<\/strong><\/td>\n<td>4.0<\/td>\n<\/tr>\n<tr>\n<td><strong>Teljes\u00edtm\u00e9ny (LE)<\/strong><\/td>\n<td>30<\/td>\n<\/tr>\n<tr>\n<td><strong>N\u00e9vleges bemenet<\/strong><\/td>\n<td>540 fordulat\/perc<\/td>\n<\/tr>\n<tr>\n<td><strong>Bemenet\/Kimenet le\u00edr\u00e1sa<\/strong><\/td>\n<td>1-3\/8 Z6\u03c631.75 Optikai tengely<\/td>\n<\/tr>\n<tr>\n<td><strong>S\u00faly (NW)<\/strong><\/td>\n<td>24,5 kg<\/td>\n<\/tr>\n<\/tbody>\n<\/table>\n<h2>Mez\u0151gazdas\u00e1gi f\u0171ny\u00edr\u00f3 sebess\u00e9gv\u00e1lt\u00f3 FMP-RC31-193 \u00e9s FMP-RC31-147<\/h2>\n<p>Az FMP nagy teljes\u00edtm\u00e9ny\u0171 mez\u0151gazdas\u00e1gi f\u0171ny\u00edr\u00f3 sebess\u00e9gv\u00e1lt\u00f3k sz\u00e9les v\u00e1laszt\u00e9k\u00e1t k\u00edn\u00e1lja, amelyeket a k\u00fcl\u00f6nf\u00e9le gyep\u00e1pol\u00e1si alkalmaz\u00e1sok ig\u00e9nyeinek kiel\u00e9g\u00edt\u00e9s\u00e9re terveztek. Kiemelked\u0151 modelljeink k\u00f6z\u00e9 tartozik az FMP-RC31-193 \u00e9s az FMP-RC31-147, amelyek kiemelked\u0151 megb\u00edzhat\u00f3s\u00e1got, tart\u00f3ss\u00e1got \u00e9s hat\u00e9konys\u00e1got biztos\u00edtanak. Mindk\u00e9t modellt \u00fagy tervezt\u00fck, hogy optim\u00e1lis teljes\u00edtm\u00e9nyt ny\u00fajtson k\u00fcl\u00f6nf\u00e9le mez\u0151gazdas\u00e1gi \u00e9s ipari g\u00e9pekhez, biztos\u00edtva a z\u00f6kken\u0151mentes m\u0171k\u00f6d\u00e9st \u00e9s a magas termel\u00e9kenys\u00e9get.<\/p>\n<h3>Az FMP-RC31-193 \u00e9s az FMP-RC31-147 f\u0151bb jellemz\u0151i:<\/h3>\n<ol>\n<li><strong>Nagy hat\u00e9konys\u00e1g\u00fa \u00e9s nyomat\u00e9k\u00e1tvitel<\/strong>:\n<ul>\n<li>Mindk\u00e9t sebess\u00e9gv\u00e1lt\u00f3t \u00fagy tervezt\u00e9k, hogy nagy nyomat\u00e9kot \u00e9s nagy hat\u00e9konys\u00e1got biztos\u00edtson, biztos\u00edtva a f\u0171ny\u00edr\u00f3 vagy mez\u0151gazdas\u00e1gi g\u00e9p cs\u00facsteljes\u00edtm\u00e9ny\u00e9t.<\/li>\n<\/ul>\n<\/li>\n<li><strong>Tart\u00f3ss\u00e1g<\/strong>:\n<ul>\n<li>A kiv\u00e1l\u00f3 min\u0151s\u00e9g\u0171 anyagokb\u00f3l \u00e9s fejlett m\u00e9rn\u00f6ki tervez\u00e9ssel k\u00e9sz\u00fclt FMP-RC31-193 \u00e9s FMP-RC31-147 k\u00e9sz\u00fcl\u00e9kek zord munkak\u00f6r\u00fclm\u00e9nyeknek \u00e9s hosszan tart\u00f3 haszn\u00e1latnak is ellen\u00e1llnak, \u00edgy hossz\u00fa \u00e9lettartamot biztos\u00edtanak.<\/li>\n<\/ul>\n<\/li>\n<li><strong>Prec\u00edzi\u00f3s m\u00e9rn\u00f6ki munka<\/strong>:\n<ul>\n<li>Ezeket a modelleket prec\u00edzen gy\u00e1rtj\u00e1k, hogy minim\u00e1lis holtj\u00e1t\u00e9kot \u00e9s zajt biztos\u00edtsanak, biztos\u00edtva a f\u0171ny\u00edr\u00f3 vagy m\u00e1s mez\u0151gazdas\u00e1gi berendez\u00e9s z\u00f6kken\u0151mentes m\u0171k\u00f6d\u00e9s\u00e9t.<\/li>\n<\/ul>\n<\/li>\n<li><strong>Sokoldal\u00fas\u00e1g<\/strong>:\n<ul>\n<li>Az FMP-RC31-193 \u00e9s az FMP-RC31-147 sebess\u00e9gv\u00e1lt\u00f3k k\u00f6nnyen integr\u00e1lhat\u00f3k k\u00fcl\u00f6nf\u00e9le mez\u0151gazdas\u00e1gi g\u00e9pekkel, rugalmass\u00e1got biztos\u00edtva a telep\u00edt\u00e9s \u00e9s a haszn\u00e1lat ter\u00e9n. Mindk\u00e9t modell adapt\u00e1lhat\u00f3 a k\u00fcl\u00f6nb\u00f6z\u0151 teljes\u00edtm\u00e9nybemeneti \u00e9s kimeneti k\u00f6vetelm\u00e9nyekhez.<\/li>\n<\/ul>\n<\/li>\n<li><strong>Alacsony karbantart\u00e1si ig\u00e9ny\u0171<\/strong>:\n<ul>\n<li>A minim\u00e1lis kop\u00e1sra tervezett sebess\u00e9gv\u00e1lt\u00f3k ritk\u00e1bb karbantart\u00e1st ig\u00e9nyelnek, ami cs\u00f6kkenti az \u00e1ll\u00e1sid\u0151t \u00e9s jav\u00edtja a m\u0171k\u00f6d\u00e9si hat\u00e9konys\u00e1got.<\/li>\n<\/ul>\n<\/li>\n<li><strong>Csendes m\u0171k\u00f6d\u00e9s<\/strong>:\n<ul>\n<li>A fejlett gy\u00e1rt\u00e1snak \u00e9s a kiv\u00e1l\u00f3 min\u0151s\u00e9g\u0171 anyagoknak k\u00f6sz\u00f6nhet\u0151en mind az FMP-RC31-193, mind az FMP-RC31-147 sebess\u00e9gv\u00e1lt\u00f3kat csendes, sima m\u0171k\u00f6d\u00e9sre tervezt\u00e9k, cs\u00f6kkentve a haszn\u00e1lat k\u00f6zbeni zajszintet.<\/li>\n<\/ul>\n<\/li>\n<\/ol>\n<p><img loading=\"lazy\" decoding=\"async\" class=\"alignnone size-full wp-image-2009\" src=\"https:\/\/fmp-components.com\/wp-content\/uploads\/2024\/12\/Lawn-Mower-Gearbox-Suppliers-6.webp\" alt=\"F\u0171ny\u00edr\u00f3 sebess\u00e9gv\u00e1lt\u00f3\" width=\"1000\" height=\"445\" title=\"\" srcset=\"https:\/\/fmp-components.com\/wp-content\/uploads\/2024\/12\/Lawn-Mower-Gearbox-Suppliers-6.webp 1000w, https:\/\/fmp-components.com\/wp-content\/uploads\/2024\/12\/Lawn-Mower-Gearbox-Suppliers-6-980x436.webp 980w, https:\/\/fmp-components.com\/wp-content\/uploads\/2024\/12\/Lawn-Mower-Gearbox-Suppliers-6-480x214.webp 480w\" sizes=\"(min-width: 0px) and (max-width: 480px) 480px, (min-width: 481px) and (max-width: 980px) 980px, (min-width: 981px) 1000px, 100vw\" \/><\/p>\n<h3>Alkalmaz\u00e1sok:<\/h3>\n<p>Az FMP-RC31-193 \u00e9s az FMP-RC31-147 ide\u00e1lisak a k\u00f6vetkez\u0151 ter\u00fcleteken val\u00f3 haszn\u00e1latra:<\/p>\n<ul>\n<li><strong>Rot\u00e1ci\u00f3s f\u0171ny\u00edr\u00f3k<\/strong><\/li>\n<li><strong>Gyepkarbantart\u00f3 berendez\u00e9sek<\/strong><\/li>\n<li><strong>Mez\u0151gazdas\u00e1gi g\u00e9pek<\/strong><\/li>\n<li><strong>Forg\u00f3v\u00e1g\u00f3k \u00e9s v\u00e1g\u00f3g\u00e9pek<\/strong><\/li>\n<li><strong>Terepi f\u0171ny\u00edr\u00f3 rendszerek<\/strong><\/li>\n<\/ul>\n<h3>Mi\u00e9rt v\u00e1lassza az FMP-RC31-193 \u00e9s az FMP-RC31-147 term\u00e9keket?<\/h3>\n<p>Az FMP sebess\u00e9gv\u00e1lt\u00f3it a mez\u0151gazdas\u00e1gi g\u00e9pek speci\u00e1lis ig\u00e9nyeinek kiel\u00e9g\u00edt\u00e9s\u00e9re tervezt\u00e9k, \u00f6tv\u00f6zve az er\u0151t, a pontoss\u00e1got \u00e9s a megb\u00edzhat\u00f3s\u00e1got. Ak\u00e1r cser\u00e9re van sz\u00fcks\u00e9ge, ak\u00e1r egy \u00faj rendszert tervez, ezek a modellek hat\u00e9kony \u00e9s tart\u00f3s megold\u00e1st k\u00edn\u00e1lnak mez\u0151gazdas\u00e1gi ig\u00e9nyeire.<\/p>\n<p>Az FMP meg\u00e9rti, hogy minden alkalmaz\u00e1s egyedi. Ez\u00e9rt testreszab\u00e1si lehet\u0151s\u00e9geket k\u00edn\u00e1lunk, hogy megfeleljenek az adott m\u0171k\u00f6d\u00e9si k\u00f6vetelm\u00e9nyeknek. Ak\u00e1r egyedi teljes\u00edtm\u00e9ny bemeneti\/kimeneti ar\u00e1nyra, ak\u00e1r speci\u00e1lis szerel\u00e9si konfigur\u00e1ci\u00f3kra van sz\u00fcks\u00e9ge, seg\u00edt\u00fcnk megtervezni az \u00d6n ig\u00e9nyeinek t\u00f6k\u00e9letesen megfelel\u0151 megold\u00e1st.<\/p>\n<p>Tov\u00e1bbi inform\u00e1ci\u00f3\u00e9rt vagy \u00e1raj\u00e1nlatk\u00e9r\u00e9s\u00e9rt forduljon bizalommal az FMP csapat\u00e1hoz. Elk\u00f6telezettek vagyunk amellett, hogy a legmagasabb min\u0151s\u00e9g\u0171 sebess\u00e9gv\u00e1lt\u00f3kat \u00e9s kiv\u00e9teles szolg\u00e1ltat\u00e1st ny\u00fajtsuk, hogy minden mez\u0151gazdas\u00e1gi g\u00e9pig\u00e9ny\u00e9t kiel\u00e9g\u00edts\u00fck.<\/p>\n<p><img loading=\"lazy\" decoding=\"async\" class=\"alignnone size-full wp-image-1994\" src=\"https:\/\/fmp-components.com\/wp-content\/uploads\/2024\/12\/Lawn-Mower-Gearbox-7.webp\" alt=\"F\u0171ny\u00edr\u00f3 sebess\u00e9gv\u00e1lt\u00f3\" width=\"1502\" height=\"805\" title=\"\" srcset=\"https:\/\/fmp-components.com\/wp-content\/uploads\/2024\/12\/Lawn-Mower-Gearbox-7.webp 1502w, https:\/\/fmp-components.com\/wp-content\/uploads\/2024\/12\/Lawn-Mower-Gearbox-7-1280x686.webp 1280w, https:\/\/fmp-components.com\/wp-content\/uploads\/2024\/12\/Lawn-Mower-Gearbox-7-980x525.webp 980w, https:\/\/fmp-components.com\/wp-content\/uploads\/2024\/12\/Lawn-Mower-Gearbox-7-480x257.webp 480w\" sizes=\"(min-width: 0px) and (max-width: 480px) 480px, (min-width: 481px) and (max-width: 980px) 980px, (min-width: 981px) and (max-width: 1280px) 1280px, (min-width: 1281px) 1502px, 100vw\" \/><\/p>\n<h3>Az FMP-r\u0151l<\/h3>\n<p>Az olaszorsz\u00e1gi sz\u00e9khely\u0171 FMP vezet\u0151 gy\u00e1rt\u00f3, amelyet a mez\u0151gazdas\u00e1gi g\u00e9pek nagy teljes\u00edtm\u00e9ny\u0171 sebess\u00e9gv\u00e1lt\u00f3inak tervez\u00e9s\u00e9ben, fejleszt\u00e9s\u00e9ben \u00e9s gy\u00e1rt\u00e1s\u00e1ban szerzett szak\u00e9rtelm\u00e9r\u0151l ismernek el. Elk\u00f6telezettek vagyunk a prec\u00edzi\u00f3s m\u00e9rn\u00f6ki munka, az innov\u00e1ci\u00f3 \u00e9s a megb\u00edzhat\u00f3s\u00e1g ir\u00e1nt. Term\u00e9kk\u00edn\u00e1latunkban f\u0171ny\u00edr\u00f3 sebess\u00e9gv\u00e1lt\u00f3k \u00e9s olyan kulcsfontoss\u00e1g\u00fa alkatr\u00e9szek is szerepelnek, mint a kard\u00e1ntengelyek, amelyek c\u00e9lja, hogy egyedi megold\u00e1sokat k\u00edn\u00e1ljunk a mez\u0151gazdas\u00e1gi \u00e9s ipari szektor sz\u00e1m\u00e1ra. Legyen sz\u00f3 egyedi alkatr\u00e9szekr\u0151l vagy teljesen integr\u00e1lt rendszerekr\u0151l, \u00fcgyfeleink egyedi ig\u00e9nyeinek kiel\u00e9g\u00edt\u00e9s\u00e9re \u00f6sszpontos\u00edtunk.<\/p>\n<p>Az FMP-n\u00e9l meg\u00e9rtj\u00fck, hogy minden \u00fcgyf\u00e9lnek egyedi ig\u00e9nyei vannak, ez\u00e9rt specializ\u00e1l\u00f3dtunk az egyedi megold\u00e1sok biztos\u00edt\u00e1s\u00e1ra. A speci\u00e1lis sebess\u00e9gv\u00e1lt\u00f3kt\u00f3l a komplett rendszerekig szorosan egy\u00fcttm\u0171k\u00f6d\u00fcnk \u00fcgyfeleinkkel a leghat\u00e9konyabb \u00e9s legeredm\u00e9nyesebb megold\u00e1sok biztos\u00edt\u00e1sa \u00e9rdek\u00e9ben. Gyors \u00e9s professzion\u00e1lis v\u00e1laszaink, valamint szak\u00e9rt\u0151i tan\u00e1csaink garant\u00e1lj\u00e1k, hogy minden megkeres\u00e9st k\u00f6r\u00fcltekint\u0151en \u00e9s prec\u00edzen kezel\u00fcnk.<\/p>\n<p>Els\u0151dleges fontoss\u00e1g\u00fanak tartjuk az \u00fcgyfeleinkkel folytatott ny\u00edlt \u00e9s folyamatos kommunik\u00e1ci\u00f3t, k\u00fcl\u00f6n\u00f6sen \u00faj term\u00e9kek fejleszt\u00e9se eset\u00e9n. Csapatunk k\u00f6zvetlen\u00fcl az \u00fcgyfelekkel dolgozik egy\u00fctt, hogy teljes m\u00e9rt\u00e9kben meg\u00e9rtse kih\u00edv\u00e1saikat, \u00e9s olyan megl\u00e1t\u00e1sokat k\u00edn\u00e1ljon, amelyek optim\u00e1lis megold\u00e1sokhoz vezetnek. Ak\u00e1r \u00faj term\u00e9keket tervez\u00fcnk, ak\u00e1r megl\u00e9v\u0151 megrendel\u00e9seket teljes\u00edt\u00fcnk, elk\u00f6telezettek vagyunk a kiv\u00e1l\u00f3 min\u0151s\u00e9g\u0171, prec\u00edzi\u00f3san megtervezett term\u00e9kek hat\u00e1rid\u0151re t\u00f6rt\u00e9n\u0151 lesz\u00e1ll\u00edt\u00e1sa ir\u00e1nt.<\/p>\n<p>A min\u0151s\u00e9g az alapja mindennek, amit az FMP-n\u00e9l tesz\u00fcnk. Gy\u00e1rt\u00e1si folyamataink a legmagasabb pontoss\u00e1gi \u00e9s hibamentess\u00e9gi szabv\u00e1nyoknak felelnek meg. Szigor\u00fa min\u0151s\u00e9gellen\u0151rz\u00e9si elj\u00e1r\u00e1sokat alkalmazunk annak biztos\u00edt\u00e1s\u00e1ra, hogy minden term\u00e9k megfeleljen, vagy meghaladja az ipar\u00e1gi szabv\u00e1nyokat. Ez a min\u0151s\u00e9g ir\u00e1nti elk\u00f6telezetts\u00e9g, valamint az olyan alapvet\u0151 \u00e9rt\u00e9keink, mint az integrit\u00e1s, a csapatmunka \u00e9s a kitart\u00e1s, lehet\u0151v\u00e9 tette sz\u00e1munkra, hogy er\u0151s \u00e9s tart\u00f3s kapcsolatokat \u00e9p\u00edts\u00fcnk ki \u00fcgyfeleinkkel k\u00f6zel 30 orsz\u00e1gban.<\/p>\n<p>Az FMP mindig nyitott a glob\u00e1lis partners\u00e9gekre, \u00e9s elk\u00f6telezett a szak\u00e9rt\u0151i tan\u00e1csad\u00e1s \u00e9s a szem\u00e9lyre szabott megold\u00e1sok ir\u00e1nt. Megk\u00f6zel\u00edt\u00e9s\u00fcnk t\u00falmutat a term\u00e9kek egyszer\u0171 lesz\u00e1ll\u00edt\u00e1s\u00e1n \u2013 \u00fcgyfeleinkkel val\u00f3 hossz\u00fa t\u00e1v\u00fa kapcsolatok \u00e1pol\u00e1s\u00e1ra \u00f6sszpontos\u00edtunk, biztos\u00edtva siker\u00fcket minden projektben. Ak\u00e1r innovat\u00edv megold\u00e1sokra van sz\u00fcks\u00e9ge egy \u00faj projekthez, ak\u00e1r egy megl\u00e9v\u0151 rendszer t\u00e1mogat\u00e1s\u00e1ra, az FMP elk\u00f6telezett a technikai kih\u00edv\u00e1sok kezel\u00e9se \u00e9s a folyamatos siker biztos\u00edt\u00e1sa ir\u00e1nt.<\/p>\n<p><img loading=\"lazy\" decoding=\"async\" class=\"alignnone size-full wp-image-1861\" src=\"https:\/\/fmp-components.com\/wp-content\/uploads\/2024\/12\/Other-Agricultural-Gearboxes.webp\" sizes=\"(min-width: 0px) and (max-width: 480px) 480px, (min-width: 481px) and (max-width: 980px) 980px, (min-width: 981px) 1200px, 100vw\" srcset=\"https:\/\/fmp-components.com\/wp-content\/uploads\/2024\/12\/Other-Agricultural-Gearboxes.webp 1200w, https:\/\/fmp-components.com\/wp-content\/uploads\/2024\/12\/Other-Agricultural-Gearboxes-980x1143.webp 980w, https:\/\/fmp-components.com\/wp-content\/uploads\/2024\/12\/Other-Agricultural-Gearboxes-480x560.webp 480w\" alt=\"Altri-cambi-agricoli\" width=\"1200\" height=\"1400\" title=\"\"><\/p>\n<p>Szerz\u0151: CX<\/p>","protected":false},"excerpt":{"rendered":"<p>Specification \u00a0 &nbsp; ITEM Lawnmower Gearbox FMP-RC30-193 Ratio 1:1.93 Teeth 15\/29 Module 4.0 Power(HP) 30 Rated Input 540rpm Input\/Output Description 1-3\/8 Z6\u03c631.75 Optic axis Weight(N.W) 24.5KG Agricultural Lawn Mower Gearbox FMP-RC31-193 &amp; FMP-RC31-147 FMP offers a range of high-performance agricultural lawn mower gearboxes designed to meet the demands of various lawn maintenance applications. Among our [&hellip;]<\/p>","protected":false},"featured_media":2023,"comment_status":"open","ping_status":"closed","template":"","meta":{"_et_pb_use_builder":"","_et_pb_old_content":"","_et_gb_content_width":""},"product_brand":[],"product_cat":[52],"product_tag":[],"class_list":{"0":"post-2020","1":"product","2":"type-product","3":"status-publish","4":"has-post-thumbnail","6":"product_cat-lawn-mower-gearbox","8":"first","9":"instock","10":"shipping-taxable","11":"product-type-simple"},"_links":{"self":[{"href":"https:\/\/fmp-components.com\/hu\/wp-json\/wp\/v2\/product\/2020","targetHints":{"allow":["GET"]}}],"collection":[{"href":"https:\/\/fmp-components.com\/hu\/wp-json\/wp\/v2\/product"}],"about":[{"href":"https:\/\/fmp-components.com\/hu\/wp-json\/wp\/v2\/types\/product"}],"replies":[{"embeddable":true,"href":"https:\/\/fmp-components.com\/hu\/wp-json\/wp\/v2\/comments?post=2020"}],"wp:featuredmedia":[{"embeddable":true,"href":"https:\/\/fmp-components.com\/hu\/wp-json\/wp\/v2\/media\/2023"}],"wp:attachment":[{"href":"https:\/\/fmp-components.com\/hu\/wp-json\/wp\/v2\/media?parent=2020"}],"wp:term":[{"taxonomy":"product_brand","embeddable":true,"href":"https:\/\/fmp-components.com\/hu\/wp-json\/wp\/v2\/product_brand?post=2020"},{"taxonomy":"product_cat","embeddable":true,"href":"https:\/\/fmp-components.com\/hu\/wp-json\/wp\/v2\/product_cat?post=2020"},{"taxonomy":"product_tag","embeddable":true,"href":"https:\/\/fmp-components.com\/hu\/wp-json\/wp\/v2\/product_tag?post=2020"}],"curies":[{"name":"munkaf\u00fczet","href":"https:\/\/api.w.org\/{rel}","templated":true}]}}