{"id":2015,"date":"2024-12-27T01:18:55","date_gmt":"2024-12-27T01:18:55","guid":{"rendered":"https:\/\/fmp-components.com\/?page_id=8"},"modified":"2026-03-18T03:40:47","modified_gmt":"2026-03-18T03:40:47","slug":"agricultural-lawn-mower-gearbox-fmp-rc30-193","status":"publish","type":"product","link":"https:\/\/fmp-components.com\/hu\/product\/agricultural-lawn-mower-gearbox-fmp-rc30-193\/","title":{"rendered":"Mez\u0151gazdas\u00e1gi f\u0171ny\u00edr\u00f3 sebess\u00e9gv\u00e1lt\u00f3 FMP-RC30-193"},"content":{"rendered":"<h2>Mez\u0151gazdas\u00e1gi f\u0171ny\u00edr\u00f3 sebess\u00e9gv\u00e1lt\u00f3 FMP-RC30-193 specifik\u00e1ci\u00f3<\/h2>\n<table style=\"width: 96.2203%; height: 596px;\" border=\"1\" width=\"100%\" cellspacing=\"0\" cellpadding=\"0\">\n<tbody>\n<tr>\n<td width=\"110\">\u00a0<img loading=\"lazy\" decoding=\"async\" class=\"alignnone size-full wp-image-2017\" src=\"https:\/\/fmp-components.com\/wp-content\/uploads\/2024\/12\/fmp_agricultural-gearbox-HC-RC30-193-2.webp\" alt=\"fmp_mez\u0151gazdas\u00e1gi-sebess\u00e9gv\u00e1lt\u00f3-HC-RC30-193-2\" width=\"400\" height=\"537\" title=\"\" srcset=\"https:\/\/fmp-components.com\/wp-content\/uploads\/2024\/12\/fmp_agricultural-gearbox-HC-RC30-193-2.webp 400w, https:\/\/fmp-components.com\/wp-content\/uploads\/2024\/12\/fmp_agricultural-gearbox-HC-RC30-193-2-223x300.webp 223w, https:\/\/fmp-components.com\/wp-content\/uploads\/2024\/12\/fmp_agricultural-gearbox-HC-RC30-193-2-9x12.webp 9w\" sizes=\"(max-width: 400px) 100vw, 400px\" \/><\/td>\n<td width=\"98\"><img loading=\"lazy\" decoding=\"async\" class=\"alignnone size-full wp-image-2016\" src=\"https:\/\/fmp-components.com\/wp-content\/uploads\/2024\/12\/fmp_agricultural-gearbox-HC-RC30-193.webp\" alt=\"fmp_mez\u0151gazdas\u00e1gi-sebess\u00e9gv\u00e1lt\u00f3-HC-RC30-193\" width=\"400\" height=\"400\" title=\"\" srcset=\"https:\/\/fmp-components.com\/wp-content\/uploads\/2024\/12\/fmp_agricultural-gearbox-HC-RC30-193.webp 400w, https:\/\/fmp-components.com\/wp-content\/uploads\/2024\/12\/fmp_agricultural-gearbox-HC-RC30-193-300x300.webp 300w, https:\/\/fmp-components.com\/wp-content\/uploads\/2024\/12\/fmp_agricultural-gearbox-HC-RC30-193-150x150.webp 150w, https:\/\/fmp-components.com\/wp-content\/uploads\/2024\/12\/fmp_agricultural-gearbox-HC-RC30-193-12x12.webp 12w, https:\/\/fmp-components.com\/wp-content\/uploads\/2024\/12\/fmp_agricultural-gearbox-HC-RC30-193-100x100.webp 100w\" sizes=\"(max-width: 400px) 100vw, 400px\" \/><\/td>\n<\/tr>\n<\/tbody>\n<\/table>\n<table style=\"width: 98.1069%; height: 204px;\" border=\"1\" cellspacing=\"0\" cellpadding=\"0\">\n<tbody>\n<tr>\n<td><strong>T\u00c9TEL<\/strong><\/td>\n<td>F\u0171ny\u00edr\u00f3 sebess\u00e9gv\u00e1lt\u00f3 FMP-RC30-193<\/td>\n<\/tr>\n<tr>\n<td><strong>H\u00e1nyados<\/strong><\/td>\n<td>1:1.93<\/td>\n<\/tr>\n<tr>\n<td><strong>Fogak<\/strong><\/td>\n<td>15\/29<\/td>\n<\/tr>\n<tr>\n<td><strong>Modul<\/strong><\/td>\n<td>4.0<\/td>\n<\/tr>\n<tr>\n<td><strong>Teljes\u00edtm\u00e9ny (LE)<\/strong><\/td>\n<td>30<\/td>\n<\/tr>\n<tr>\n<td><strong>N\u00e9vleges bemenet<\/strong><\/td>\n<td>540 fordulat\/perc<\/td>\n<\/tr>\n<tr>\n<td><strong>Bemenet\/Kimenet le\u00edr\u00e1sa<\/strong><\/td>\n<td>1-3\/8 Z6\u03c631.75 Optikai tengely<\/td>\n<\/tr>\n<tr>\n<td><strong>S\u00faly (NW)<\/strong><\/td>\n<td>24,5 kg<\/td>\n<\/tr>\n<\/tbody>\n<\/table>\n<h2>Kard\u00e1ntengelyek \u00e9s mez\u0151gazdas\u00e1gi hajt\u00f3m\u0171vek<\/h2>\n<p>A kard\u00e1ntengelyek \u00e9s a mez\u0151gazdas\u00e1gi sebess\u00e9gv\u00e1lt\u00f3k alapvet\u0151 fontoss\u00e1g\u00fa alkatr\u00e9szek, amelyek egy\u00fcttm\u0171k\u00f6dve tov\u00e1bb\u00edtj\u00e1k a mechanikai er\u0151t a mez\u0151gazdas\u00e1gi traktorok \u00e9s a hozz\u00e1juk csatlakoztatott munkag\u00e9pek k\u00f6z\u00f6tt. Ezek a rendszerek kulcsszerepet j\u00e1tszanak a k\u00fcl\u00f6nf\u00e9le mez\u0151gazdas\u00e1gi g\u00e9pek z\u00f6kken\u0151mentes m\u0171k\u00f6d\u00e9s\u00e9nek biztos\u00edt\u00e1s\u00e1ban, lehet\u0151v\u00e9 t\u00e9ve a traktorok sz\u00e1m\u00e1ra, hogy hat\u00e9konyan v\u00e9gezzenek olyan feladatokat, mint a talajm\u0171vel\u00e9s, a f\u0171ny\u00edr\u00e1s \u00e9s a neh\u00e9z terhek sz\u00e1ll\u00edt\u00e1sa.<\/p>\n<p>A kard\u00e1ntengely (teljes\u00edtm\u00e9nylead\u00f3 tengely) l\u00e9tfontoss\u00e1g\u00fa \u00f6sszek\u00f6t\u0151 kapocs a traktor \u00e9s a mez\u0151gazdas\u00e1gi berendez\u00e9sek k\u00f6z\u00f6tt. A motor forg\u00e1si energi\u00e1j\u00e1t mechanikai energi\u00e1v\u00e1 alak\u00edtja, amely k\u00fcl\u00f6nf\u00e9le mez\u0151gazdas\u00e1gi eszk\u00f6z\u00f6ket \u00e9s g\u00e9peket hajt. Azzal, hogy a motor erej\u00e9t m\u00e1s eszk\u00f6z\u00f6kre, p\u00e9ld\u00e1ul f\u0171ny\u00edr\u00f3kra, b\u00e1l\u00e1z\u00f3kra \u00e9s ek\u00e9kre tov\u00e1bb\u00edtja, a kard\u00e1ntengely lehet\u0151v\u00e9 teszi a traktor sz\u00e1m\u00e1ra, hogy k\u00f6nnyed\u00e9n t\u00f6bb feladatot is elv\u00e9gezzen. Megfelel\u0151 m\u0171k\u00f6d\u00e9s eset\u00e9n a kard\u00e1ntengely n\u00f6veli a traktor sokoldal\u00fas\u00e1g\u00e1t \u00e9s m\u0171k\u00f6d\u00e9si hat\u00e9konys\u00e1g\u00e1t. Ezenk\u00edv\u00fcl seg\u00edt cs\u00f6kkenteni a traktor motorj\u00e1nak \u00e9s m\u00e1s rendszereinek kop\u00e1s\u00e1t, biztos\u00edtva a hossz\u00fa t\u00e1v\u00fa teljes\u00edtm\u00e9nyt.<\/p>\n<p>A kard\u00e1ntengely egyik f\u0151 el\u0151nye, hogy k\u00e9pes nagy terheket kezelni a traktor motorj\u00e1nak k\u00e1rosod\u00e1sa n\u00e9lk\u00fcl. Helyes haszn\u00e1lat eset\u00e9n minimaliz\u00e1lja a traktor \u00e9s a kezel\u0151 k\u00e1rosod\u00e1s\u00e1nak kock\u00e1zat\u00e1t. Azonban, mint minden mechanikus alkatr\u00e9sz, a kard\u00e1ntengely is elkophat id\u0151vel, k\u00fcl\u00f6n\u00f6sen, ha nem megfelel\u0151en karbantartj\u00e1k. A rendszeres ellen\u0151rz\u00e9s, ken\u00e9s \u00e9s az elkopott alkatr\u00e9szek id\u0151ben t\u00f6rt\u00e9n\u0151 cser\u00e9je elengedhetetlen a kard\u00e1ntengely-rendszer hat\u00e9kony \u00e9s biztons\u00e1gos m\u0171k\u00f6d\u00e9s\u00e9hez.<\/p>\n<p>A mez\u0151gazdas\u00e1gi sebess\u00e9gv\u00e1lt\u00f3 a kard\u00e1ntengellyel egy\u00fcttm\u0171k\u00f6dve tov\u00e1bb\u00edtja \u00e9s modul\u00e1lja a mechanikai teljes\u00edtm\u00e9nyt, hogy az megfeleljen a meghajtott berendez\u00e9s konkr\u00e9t ig\u00e9nyeinek. Biztos\u00edtja a megfelel\u0151 sebess\u00e9g \u00e9s nyomat\u00e9k alkalmaz\u00e1s\u00e1t, az adott feladatt\u00f3l f\u00fcgg\u0151en. A mez\u0151gazdas\u00e1gi sebess\u00e9gv\u00e1lt\u00f3k k\u00fcl\u00f6nf\u00e9le konfigur\u00e1ci\u00f3kban kaphat\u00f3k, bele\u00e9rtve a k\u00fapkerekes sebess\u00e9gv\u00e1lt\u00f3kat, a csigakerekes sebess\u00e9gv\u00e1lt\u00f3kat \u00e9s a bolyg\u00f3kerekes sebess\u00e9gv\u00e1lt\u00f3kat, amelyek mindegyik\u00e9t az adott m\u0171k\u00f6d\u00e9si ig\u00e9nyek kiel\u00e9g\u00edt\u00e9s\u00e9re tervezt\u00e9k. P\u00e9ld\u00e1ul a f\u0171ny\u00edr\u00f3k sebess\u00e9gv\u00e1lt\u00f3inak \u00e1lland\u00f3 \u00e9s hat\u00e9kony nyomat\u00e9kot kell biztos\u00edtaniuk alacsony sebess\u00e9gen t\u00f6rt\u00e9n\u0151 m\u0171k\u00f6d\u00e9s k\u00f6zben a pontos v\u00e1g\u00e1s biztos\u00edt\u00e1sa \u00e9rdek\u00e9ben.<\/p>\n<p>Mez\u0151gazdas\u00e1gi sebess\u00e9gv\u00e1lt\u00f3 kiv\u00e1laszt\u00e1sakor fontos figyelembe venni olyan t\u00e9nyez\u0151ket, mint a tart\u00f3ss\u00e1g, a mechanizmus \u00e9s az anyagmin\u0151s\u00e9g. Egy nagy szil\u00e1rds\u00e1g\u00fa anyagokb\u00f3l k\u00e9sz\u00fclt tart\u00f3s sebess\u00e9gv\u00e1lt\u00f3 \u00e9vekig kitart, cs\u00f6kkentve a cser\u00e9k gyakoris\u00e1g\u00e1t \u00e9s a karbantart\u00e1si k\u00f6lts\u00e9geket. A kiv\u00e1l\u00f3 min\u0151s\u00e9g\u0171 sebess\u00e9gv\u00e1lt\u00f3kat \u00fagy tervezt\u00e9k, hogy ellen\u00e1lljanak a zord \u00fczemi k\u00f6r\u00fclm\u00e9nyeknek, bele\u00e9rtve a pornak, nedvess\u00e9gnek \u00e9s nagy terhel\u00e9snek val\u00f3 kitetts\u00e9get, \u00edgy n\u00e9lk\u00fcl\u00f6zhetetlen befektet\u00e9snek sz\u00e1m\u00edtanak a hossz\u00fa t\u00e1v\u00fa mez\u0151gazdas\u00e1gi m\u0171veletekhez.<\/p>\n<p>A sebess\u00e9gv\u00e1lt\u00f3 \u00e9lettartama k\u00f6zvetlen\u00fcl befoly\u00e1solja a mez\u0151gazdas\u00e1gi g\u00e9pek teljes\u00edtm\u00e9ny\u00e9t \u00e9s k\u00f6lts\u00e9ghat\u00e9konys\u00e1g\u00e1t. Egy j\u00f3l meg\u00e9p\u00edtett sebess\u00e9gv\u00e1lt\u00f3ba val\u00f3 befektet\u00e9s biztos\u00edtja, hogy az \u00e9lettartama alatt folyamatosan optim\u00e1lisan m\u0171k\u00f6dj\u00f6n, elker\u00fclve a k\u00f6lts\u00e9ges jav\u00edt\u00e1sokat vagy cser\u00e9ket. Ez k\u00fcl\u00f6n\u00f6sen fontos azoknak a gazd\u00e1lkod\u00f3knak, akik a mindennapi m\u0171k\u00f6d\u00e9shez a g\u00e9peikre t\u00e1maszkodnak, mivel a v\u00e1ratlan \u00e1ll\u00e1sid\u0151 jelent\u0151s termel\u00e9kenys\u00e9gkies\u00e9shez vezethet.<\/p>\n<p>\u00d6sszefoglalva, mind a kard\u00e1ntengelyek, mind a mez\u0151gazdas\u00e1gi sebess\u00e9gv\u00e1lt\u00f3k kritikus fontoss\u00e1g\u00fa alkatr\u00e9szek a mez\u0151gazdas\u00e1gi berendez\u00e9sek hat\u00e9kony m\u0171k\u00f6d\u00e9s\u00e9hez. Ezen term\u00e9kek v\u00e1s\u00e1rl\u00e1sakor elengedhetetlen, hogy kiv\u00e1l\u00f3 min\u0151s\u00e9g\u0171, tart\u00f3s opci\u00f3kat v\u00e1lasszon, amelyek megfelelnek az \u00d6n egyedi ig\u00e9nyeinek. Vegye figyelembe az olyan t\u00e9nyez\u0151ket, mint az anyag szil\u00e1rds\u00e1ga, a karbantart\u00e1si k\u00f6vetelm\u00e9nyek \u00e9s a g\u00e9pek \u00e1ltal elv\u00e9gzend\u0151 feladatok t\u00edpusa. A megfelel\u0151 alkatr\u00e9szek kiv\u00e1laszt\u00e1s\u00e1val biztos\u00edthatja, hogy traktorja \u00e9s berendez\u00e9se z\u00f6kken\u0151mentesen, biztons\u00e1gosan \u00e9s hat\u00e9konyan m\u0171k\u00f6dj\u00f6n az elk\u00f6vetkez\u0151 \u00e9vekben.<\/p>\n<table style=\"width: 100.747%; height: 471px;\" border=\"1\" cellspacing=\"0\" cellpadding=\"0\">\n<tbody>\n<tr style=\"height: 468px;\">\n<td style=\"width: 49.0831%; height: 468px;\" width=\"110\"><img loading=\"lazy\" decoding=\"async\" class=\"alignnone size-full wp-image-2018\" src=\"https:\/\/fmp-components.com\/wp-content\/uploads\/2024\/12\/PTO-Shafts-and-Agricultural-Gearboxes-1.webp\" alt=\"Kard\u00e1ntengelyek \u00e9s mez\u0151gazdas\u00e1gi sebess\u00e9gv\u00e1lt\u00f3k\" width=\"600\" height=\"600\" title=\"\" srcset=\"https:\/\/fmp-components.com\/wp-content\/uploads\/2024\/12\/PTO-Shafts-and-Agricultural-Gearboxes-1.webp 600w, https:\/\/fmp-components.com\/wp-content\/uploads\/2024\/12\/PTO-Shafts-and-Agricultural-Gearboxes-1-480x480.webp 480w\" sizes=\"(min-width: 0px) and (max-width: 480px) 480px, (min-width: 481px) 600px, 100vw\" \/><\/td>\n<td style=\"width: 50.7012%; height: 468px;\" width=\"98\"><img loading=\"lazy\" decoding=\"async\" class=\"alignnone wp-image-2019\" src=\"https:\/\/fmp-components.com\/wp-content\/uploads\/2024\/12\/PTO-Shafts-and-Agricultural-Gearboxes.webp\" alt=\"Kard\u00e1ntengelyek \u00e9s mez\u0151gazdas\u00e1gi sebess\u00e9gv\u00e1lt\u00f3k\" width=\"474\" height=\"474\" title=\"\"><\/td>\n<\/tr>\n<\/tbody>\n<\/table>\n<h3>Az FMP-r\u0151l<\/h3>\n<p>Az olaszorsz\u00e1gi sz\u00e9khely\u0171 FMP vezet\u0151 gy\u00e1rt\u00f3, amelyet a mez\u0151gazdas\u00e1gi g\u00e9pek nagy teljes\u00edtm\u00e9ny\u0171 sebess\u00e9gv\u00e1lt\u00f3inak tervez\u00e9s\u00e9ben \u00e9s gy\u00e1rt\u00e1s\u00e1ban szerzett szak\u00e9rtelm\u00e9r\u0151l ismernek. Prec\u00edzi\u00f3s m\u00e9rn\u00f6ki munk\u00e1nkr\u00f3l, innov\u00e1ci\u00f3nkr\u00f3l \u00e9s megb\u00edzhat\u00f3s\u00e1gunkr\u00f3l ismertek vagyunk, \u00e9s sz\u00e9les term\u00e9kv\u00e1laszt\u00e9kot k\u00edn\u00e1lunk, bele\u00e9rtve a f\u0171ny\u00edr\u00f3 sebess\u00e9gv\u00e1lt\u00f3kat \u00e9s az olyan alapvet\u0151 alkatr\u00e9szeket, mint a kard\u00e1ntengelyek. K\u00fcldet\u00e9s\u00fcnk, hogy olyan testreszabott megold\u00e1sokat k\u00edn\u00e1ljunk, amelyek megfelelnek a mez\u0151gazdas\u00e1gi \u00e9s ipari szektor egyedi ig\u00e9nyeinek, mind egyedi term\u00e9keket, mind teljesen integr\u00e1lt rendszereket sz\u00e1ll\u00edtva.<\/p>\n<p>Az FMP-n\u00e9l meg\u00e9rtj\u00fck, hogy minden \u00fcgyf\u00e9lnek egyedi ig\u00e9nyei vannak, ez\u00e9rt specializ\u00e1l\u00f3dunk term\u00e9keink testreszab\u00e1s\u00e1ra. Ak\u00e1r speci\u00e1lis sebess\u00e9gv\u00e1lt\u00f3ra, ak\u00e1r komplett rendszerre van sz\u00fcks\u00e9ge, szorosan egy\u00fcttm\u0171k\u00f6d\u00fcnk \u00d6nnel, hogy a leghat\u00e9konyabb \u00e9s legeredm\u00e9nyesebb megold\u00e1st k\u00edn\u00e1ljuk. Az \u00fcgyfelek el\u00e9gedetts\u00e9ge ir\u00e1nti elk\u00f6telezetts\u00e9g\u00fcnket gyors, professzion\u00e1lis v\u00e1laszaink \u00e9s szak\u00e9rt\u0151i \u00fatmutat\u00e1sunk t\u00fckr\u00f6zi, biztos\u00edtva, hogy minden megkeres\u00e9st gondosan \u00e9s prec\u00edzen kezelj\u00fcnk.<\/p>\n<p>Nagy hangs\u00falyt fektet\u00fcnk az \u00fcgyfeleinkkel folytatott ny\u00edlt kommunik\u00e1ci\u00f3ra \u00e9s folyamatos egy\u00fcttm\u0171k\u00f6d\u00e9sre, k\u00fcl\u00f6n\u00f6sen \u00faj term\u00e9kek fejleszt\u00e9se sor\u00e1n. Csapatunk szorosan egy\u00fcttm\u0171k\u00f6dik \u00fcgyfeleinkkel, hogy teljes m\u00e9rt\u00e9kben meg\u00e9rtse kih\u00edv\u00e1saikat, \u00e9s olyan megl\u00e1t\u00e1sokat k\u00edn\u00e1ljon, amelyek optim\u00e1lis megold\u00e1sokhoz vezetnek. Ak\u00e1r \u00faj term\u00e9keket fejleszt\u00fcnk, ak\u00e1r megl\u00e9v\u0151 megrendel\u00e9seket teljes\u00edt\u00fcnk, elk\u00f6telezettek vagyunk a kiv\u00e1l\u00f3 min\u0151s\u00e9g\u0171, prec\u00edzi\u00f3san megtervezett term\u00e9kek hat\u00e1rid\u0151re t\u00f6rt\u00e9n\u0151 lesz\u00e1ll\u00edt\u00e1sa ir\u00e1nt.<\/p>\n<p>A min\u0151s\u00e9g az FMP-n\u00e9l v\u00e9gzett minden tev\u00e9kenys\u00e9g\u00fcnk sarokk\u00f6ve. Gy\u00e1rt\u00e1si folyamataink a legmagasabb pontoss\u00e1gi \u00e9s precizit\u00e1si szabv\u00e1nyoknak felelnek meg, biztos\u00edtva, hogy minden term\u00e9k\u00fcnk hib\u00e1tlan legyen. Szigor\u00fa min\u0151s\u00e9gellen\u0151rz\u00e9si int\u00e9zked\u00e9seket alkalmazunk annak biztos\u00edt\u00e1s\u00e1ra, hogy minden term\u00e9k\u00fcnk megfeleljen, vagy meghaladja az ipar\u00e1gi szabv\u00e1nyokat. Ez a min\u0151s\u00e9gre val\u00f3 rend\u00edthetetlen \u00f6sszpontos\u00edt\u00e1s, valamint az olyan alapvet\u0151 \u00e9rt\u00e9keink, mint az integrit\u00e1s, a csapatmunka \u00e9s a kitart\u00e1s, seg\u00edtett nek\u00fcnk hossz\u00fa t\u00e1v\u00fa kapcsolatokat kialak\u00edtani \u00fcgyfeleinkkel k\u00f6zel 30 orsz\u00e1gban vil\u00e1gszerte.<\/p>\n<p>Az FMP mindig nyitott a glob\u00e1lis partners\u00e9gek kialak\u00edt\u00e1s\u00e1ra, szak\u00e9rt\u0151i tan\u00e1csokat \u00e9s szem\u00e9lyre szabott megold\u00e1sokat k\u00edn\u00e1lva. Megk\u00f6zel\u00edt\u00e9s\u00fcnk t\u00falmutat a term\u00e9kek egyszer\u0171 k\u00edn\u00e1lat\u00e1n \u2013 olyan hossz\u00fa t\u00e1v\u00fa kapcsolatok \u00e1pol\u00e1s\u00e1ra t\u00f6reksz\u00fcnk, amelyek el\u0151seg\u00edtik a k\u00f6lcs\u00f6n\u00f6s sikert. Ak\u00e1r \u00faj megold\u00e1sokra, ak\u00e1r megl\u00e9v\u0151 rendszerek t\u00e1mogat\u00e1s\u00e1ra van sz\u00fcks\u00e9ge, az FMP elk\u00f6telezett a technikai kih\u00edv\u00e1sok kezel\u00e9se \u00e9s a folyamatos siker biztos\u00edt\u00e1sa mellett.<\/p>\n<p><img loading=\"lazy\" decoding=\"async\" class=\"alignnone size-full wp-image-1861\" src=\"https:\/\/fmp-components.com\/wp-content\/uploads\/2024\/12\/Other-Agricultural-Gearboxes.webp\" sizes=\"(min-width: 0px) and (max-width: 480px) 480px, (min-width: 481px) and (max-width: 980px) 980px, (min-width: 981px) 1200px, 100vw\" srcset=\"https:\/\/fmp-components.com\/wp-content\/uploads\/2024\/12\/Other-Agricultural-Gearboxes.webp 1200w, https:\/\/fmp-components.com\/wp-content\/uploads\/2024\/12\/Other-Agricultural-Gearboxes-980x1143.webp 980w, https:\/\/fmp-components.com\/wp-content\/uploads\/2024\/12\/Other-Agricultural-Gearboxes-480x560.webp 480w\" alt=\"Altri-cambi-agricoli\" width=\"1200\" height=\"1400\" title=\"\"><\/p>\n<p>Szerz\u0151: CX<\/p>","protected":false},"excerpt":{"rendered":"<p>Agricultural Lawn Mower Gearbox FMP-RC30-193 Specification \u00a0 ITEM Lawnmower Gearbox FMP-RC30-193 Ratio 1:1.93 Teeth 15\/29 Module 4.0 Power(HP) 30 Rated Input 540rpm Input\/Output Description 1-3\/8 Z6\u03c631.75 Optic axis Weight(N.W) 24.5KG PTO Shafts and Agricultural Gearboxes PTO shafts and agricultural gearboxes are essential components that work in tandem to transfer mechanical power between farm tractors and [&hellip;]<\/p>","protected":false},"featured_media":2016,"comment_status":"open","ping_status":"closed","template":"","meta":{"_et_pb_use_builder":"","_et_pb_old_content":"","_et_gb_content_width":""},"product_brand":[],"product_cat":[52],"product_tag":[],"class_list":{"0":"post-2015","1":"product","2":"type-product","3":"status-publish","4":"has-post-thumbnail","6":"product_cat-lawn-mower-gearbox","8":"first","9":"instock","10":"shipping-taxable","11":"product-type-simple"},"_links":{"self":[{"href":"https:\/\/fmp-components.com\/hu\/wp-json\/wp\/v2\/product\/2015","targetHints":{"allow":["GET"]}}],"collection":[{"href":"https:\/\/fmp-components.com\/hu\/wp-json\/wp\/v2\/product"}],"about":[{"href":"https:\/\/fmp-components.com\/hu\/wp-json\/wp\/v2\/types\/product"}],"replies":[{"embeddable":true,"href":"https:\/\/fmp-components.com\/hu\/wp-json\/wp\/v2\/comments?post=2015"}],"wp:featuredmedia":[{"embeddable":true,"href":"https:\/\/fmp-components.com\/hu\/wp-json\/wp\/v2\/media\/2016"}],"wp:attachment":[{"href":"https:\/\/fmp-components.com\/hu\/wp-json\/wp\/v2\/media?parent=2015"}],"wp:term":[{"taxonomy":"product_brand","embeddable":true,"href":"https:\/\/fmp-components.com\/hu\/wp-json\/wp\/v2\/product_brand?post=2015"},{"taxonomy":"product_cat","embeddable":true,"href":"https:\/\/fmp-components.com\/hu\/wp-json\/wp\/v2\/product_cat?post=2015"},{"taxonomy":"product_tag","embeddable":true,"href":"https:\/\/fmp-components.com\/hu\/wp-json\/wp\/v2\/product_tag?post=2015"}],"curies":[{"name":"munkaf\u00fczet","href":"https:\/\/api.w.org\/{rel}","templated":true}]}}