{"id":2011,"date":"2024-12-27T01:08:17","date_gmt":"2024-12-27T01:08:17","guid":{"rendered":"https:\/\/fmp-components.com\/?page_id=8"},"modified":"2024-12-27T01:08:49","modified_gmt":"2024-12-27T01:08:49","slug":"agricultural-lawn-mower-gearbox-fmp-x30","status":"publish","type":"product","link":"https:\/\/fmp-components.com\/hu\/product\/agricultural-lawn-mower-gearbox-fmp-x30\/","title":{"rendered":"Mez\u0151gazdas\u00e1gi f\u0171ny\u00edr\u00f3 sebess\u00e9gv\u00e1lt\u00f3 FMP-X30"},"content":{"rendered":"<h2>Mez\u0151gazdas\u00e1gi f\u0171ny\u00edr\u00f3 sebess\u00e9gv\u00e1lt\u00f3 FMP-X30 specifik\u00e1ci\u00f3<\/h2>\n<table style=\"width: 96.2203%; height: 596px;\" border=\"1\" width=\"100%\" cellspacing=\"0\" cellpadding=\"0\">\n<tbody>\n<tr>\n<td width=\"110\"><img loading=\"lazy\" decoding=\"async\" class=\"alignnone size-full wp-image-2013\" src=\"https:\/\/fmp-components.com\/wp-content\/uploads\/2024\/12\/FMP_agricultural-gearbox-HC-X30-2.webp\" alt=\"FMP_mez\u0151gazdas\u00e1gi-sebess\u00e9gv\u00e1lt\u00f3-HC-X30-2\" width=\"500\" height=\"640\" title=\"\" srcset=\"https:\/\/fmp-components.com\/wp-content\/uploads\/2024\/12\/FMP_agricultural-gearbox-HC-X30-2.webp 500w, https:\/\/fmp-components.com\/wp-content\/uploads\/2024\/12\/FMP_agricultural-gearbox-HC-X30-2-480x614.webp 480w\" sizes=\"(min-width: 0px) and (max-width: 480px) 480px, (min-width: 481px) 500px, 100vw\" \/><\/td>\n<td width=\"98\"><img loading=\"lazy\" decoding=\"async\" class=\"alignnone size-full wp-image-2014\" src=\"https:\/\/fmp-components.com\/wp-content\/uploads\/2024\/12\/FMP_agricultural-gearbox-HC-X30.webp\" alt=\"FMP_mez\u0151gazdas\u00e1gi-sebess\u00e9gv\u00e1lt\u00f3-HC-X30\" width=\"400\" height=\"400\" title=\"\" srcset=\"https:\/\/fmp-components.com\/wp-content\/uploads\/2024\/12\/FMP_agricultural-gearbox-HC-X30.webp 400w, https:\/\/fmp-components.com\/wp-content\/uploads\/2024\/12\/FMP_agricultural-gearbox-HC-X30-300x300.webp 300w, https:\/\/fmp-components.com\/wp-content\/uploads\/2024\/12\/FMP_agricultural-gearbox-HC-X30-150x150.webp 150w, https:\/\/fmp-components.com\/wp-content\/uploads\/2024\/12\/FMP_agricultural-gearbox-HC-X30-12x12.webp 12w, https:\/\/fmp-components.com\/wp-content\/uploads\/2024\/12\/FMP_agricultural-gearbox-HC-X30-100x100.webp 100w\" sizes=\"(max-width: 400px) 100vw, 400px\" \/><\/td>\n<\/tr>\n<\/tbody>\n<\/table>\n<table style=\"width: 95.4348%; height: 240px;\" border=\"1\">\n<tbody>\n<tr>\n<td><strong>T\u00c9TEL<\/strong><\/td>\n<td><strong>FMP\u201301-609<\/strong><\/td>\n<td><strong>FMP\u201301-723<\/strong><\/td>\n<td><strong>FMP\u201301-611<\/strong><\/td>\n<\/tr>\n<tr>\n<td><strong>H\u00e1nyados<\/strong><\/td>\n<td>1:1.47<\/td>\n<td>1:1.69<\/td>\n<td>1:1.93<\/td>\n<\/tr>\n<tr>\n<td><strong>Fogak<\/strong><\/td>\n<td>15\/22<\/td>\n<td>13\/22<\/td>\n<td>15\/29<\/td>\n<\/tr>\n<tr>\n<td><strong>Modul<\/strong><\/td>\n<td>\u00a05.08<\/td>\n<td>5.0<\/td>\n<td>4.0<\/td>\n<\/tr>\n<tr>\n<td><strong>Teljes\u00edtm\u00e9ny (LE)<\/strong><\/td>\n<td>35<\/td>\n<td>35<\/td>\n<td>30<\/td>\n<\/tr>\n<tr>\n<td><strong>N\u00e9vleges bemenet<\/strong><\/td>\n<td>540 fordulat\/perc<\/td>\n<td>540 fordulat\/perc<\/td>\n<td>540 fordulat\/perc<\/td>\n<\/tr>\n<tr>\n<td><strong>Bemenet\/Kimenet le\u00edr\u00e1sa<\/strong><\/td>\n<td colspan=\"3\">\u00a01 3\/8 Z6 Optikai tengely K\u00fapos talp Equilate bord\u00e1s tengely<\/td>\n<\/tr>\n<tr>\n<td><strong>S\u00faly (NW)<\/strong><\/td>\n<td colspan=\"3\">26,5 kg<\/td>\n<\/tr>\n<\/tbody>\n<\/table>\n<h3>Testreszabott mez\u0151gazdas\u00e1gi sebess\u00e9gv\u00e1lt\u00f3 szerviz<\/h3>\n<p>Sz\u00e9les v\u00e1laszt\u00e9kban k\u00edn\u00e1lunk f\u0171ny\u00edr\u00f3 hajt\u00f3m\u0171veket, rugalmasan megval\u00f3s\u00edtva az \u00d6n egyedi ig\u00e9nyei szerinti egyedi megold\u00e1sokat. Ak\u00e1r rajzot, ak\u00e1r mint\u00e1t ad meg, az \u00d6n ig\u00e9nyeire szabva tudjuk legy\u00e1rtani a hajt\u00f3m\u0171veket. Az al\u00e1bbiakban az EP-X30 mez\u0151gazdas\u00e1gi f\u0171ny\u00edr\u00f3 hajt\u00f3m\u0171v\u00fcnk n\u00e9h\u00e1ny f\u0151bb jellemz\u0151j\u00e9t ismertetj\u00fck:<\/p>\n<ol>\n<li><strong>Nagy kimeneti nyomat\u00e9k<\/strong> \u2013 Nagy teljes\u00edtm\u00e9nyt ny\u00fajt ig\u00e9nyes alkalmaz\u00e1sokhoz.<\/li>\n<li><strong>Megb\u00edzhat\u00f3 \u00e9s tart\u00f3s<\/strong> \u2013 Biztons\u00e1gra, megb\u00edzhat\u00f3s\u00e1gra \u00e9s hossz\u00fa \u00e9lettartamra tervezve, biztos\u00edtva a hossz\u00fa t\u00e1v\u00fa m\u0171k\u00f6d\u00e9st.<\/li>\n<li><strong>Stabil \u00e1tvitel \u00e9s csendes m\u0171k\u00f6d\u00e9s<\/strong> \u2013 Sima \u00e9s csendes m\u0171k\u00f6d\u00e9s a hat\u00e9konyabb \u00e9s k\u00e9nyelmesebb munkak\u00f6rnyezet\u00e9rt.<\/li>\n<li><strong>Nagy teherb\u00edr\u00e1s<\/strong> \u2013 \u00dagy tervezt\u00e9k, hogy k\u00f6nnyed\u00e9n kezelje a neh\u00e9z terheket.<\/li>\n<li><strong>Modul\u00e1ris kialak\u00edt\u00e1s<\/strong> \u2013 K\u00f6nnyen adapt\u00e1lhat\u00f3 k\u00fcl\u00f6nf\u00e9le bemeneti \u00e1ramforr\u00e1sokhoz. Ugyanaz a sebess\u00e9gv\u00e1lt\u00f3 modell k\u00fcl\u00f6nb\u00f6z\u0151 t\u00edpus\u00fa motorokkal felszerelhet\u0151, ami lehet\u0151v\u00e9 teszi a g\u00e9pek egyszer\u0171 konfigur\u00e1ci\u00f3j\u00e1t \u00e9s \u00f6sszekapcsol\u00e1s\u00e1t.<\/li>\n<li><strong>Sz\u00e9les \u00e1tviteli tartom\u00e1ny<\/strong> \u2013 Finomhangolt, sz\u00e9les \u00e1tt\u00e9teli tartom\u00e1nyt k\u00edn\u00e1l, amely lehet\u0151v\u00e9 teszi a nagyon alacsony forg\u00e1si sebess\u00e9g\u0171 kimeneteket.<\/li>\n<li><strong>Rugalmas telep\u00edt\u00e9s<\/strong> \u2013 K\u00fcl\u00f6nb\u00f6z\u0151 poz\u00edci\u00f3kban telep\u00edthet\u0151, ami nagyobb rugalmass\u00e1got biztos\u00edt a g\u00e9ptervez\u00e9sben.<\/li>\n<li><strong>Nagy szil\u00e1rds\u00e1g\u00fa<\/strong> \u2013 A sebess\u00e9gv\u00e1lt\u00f3 h\u00e1za nagy szil\u00e1rds\u00e1g\u00fa \u00f6nt\u00f6ttvasb\u00f3l k\u00e9sz\u00fcl, m\u00edg a fogaskerekek \u00e9s tengelyek g\u00e1zkarbur\u00e1l\u00e1son, edz\u00e9sen \u00e9s prec\u00edzi\u00f3s k\u00f6sz\u00f6r\u00fcl\u00e9sen esnek \u00e1t, ami nagy teherb\u00edr\u00e1st eredm\u00e9nyez.<\/li>\n<li><strong>Hossz\u00fa \u00e9lettartam<\/strong> \u2013 Megfelel\u0151 kiv\u00e1laszt\u00e1s \u00e9s karbantart\u00e1s mellett a sebess\u00e9gv\u00e1lt\u00f3 f\u0151 alkatr\u00e9szeinek \u00e9lettartama (a kop\u00f3 alkatr\u00e9szek kiv\u00e9tel\u00e9vel) meghaladhatja a 20 000 \u00f3r\u00e1t.<\/li>\n<li><strong>Alacsony zajszint\u0171 m\u0171k\u00f6d\u00e9s<\/strong> \u2013 A kritikus gy\u00e1rt\u00e1si \u00e9s tesztel\u00e9si folyamatok biztos\u00edtj\u00e1k, hogy a sebess\u00e9gv\u00e1lt\u00f3 minim\u00e1lis zajszinttel m\u0171k\u00f6dj\u00f6n.<\/li>\n<li><strong>P\u00e1rhuzamos tengely\u0171 k\u00fapkerekes fogasker\u00e9k-kialak\u00edt\u00e1s<\/strong> \u2013 P\u00e1rhuzamos tengely\u0171, k\u00fapkerekes konfigur\u00e1ci\u00f3val rendelkezik a hat\u00e9kony sebess\u00e9gcs\u00f6kkent\u00e9s \u00e9rdek\u00e9ben.<\/li>\n<\/ol>\n<p>Az FMP-n\u00e9l elk\u00f6telezettek vagyunk amellett, hogy kiv\u00e1l\u00f3 min\u0151s\u00e9g\u0171, testreszabott sebess\u00e9gv\u00e1lt\u00f3kat k\u00edn\u00e1ljunk, amelyek megfelelnek mez\u0151gazdas\u00e1gi g\u00e9pei speci\u00e1lis ig\u00e9nyeinek. Ak\u00e1r standard modellre, ak\u00e1r testreszabott megold\u00e1sra van sz\u00fcks\u00e9ge, szorosan egy\u00fcttm\u0171k\u00f6d\u00fcnk \u00d6nnel a legjobb eredm\u00e9nyek el\u00e9r\u00e9se \u00e9rdek\u00e9ben.<\/p>\n<p><img loading=\"lazy\" decoding=\"async\" class=\"alignnone size-full wp-image-2009\" src=\"https:\/\/fmp-components.com\/wp-content\/uploads\/2024\/12\/Lawn-Mower-Gearbox-Suppliers-6.webp\" alt=\"F\u0171ny\u00edr\u00f3 sebess\u00e9gv\u00e1lt\u00f3\" width=\"1000\" height=\"445\" title=\"\" srcset=\"https:\/\/fmp-components.com\/wp-content\/uploads\/2024\/12\/Lawn-Mower-Gearbox-Suppliers-6.webp 1000w, https:\/\/fmp-components.com\/wp-content\/uploads\/2024\/12\/Lawn-Mower-Gearbox-Suppliers-6-980x436.webp 980w, https:\/\/fmp-components.com\/wp-content\/uploads\/2024\/12\/Lawn-Mower-Gearbox-Suppliers-6-480x214.webp 480w\" sizes=\"(min-width: 0px) and (max-width: 480px) 480px, (min-width: 481px) and (max-width: 980px) 980px, (min-width: 981px) 1000px, 100vw\" \/><\/p>\n<h3>Az FMP-r\u0151l<\/h3>\n<p>Az olaszorsz\u00e1gi sz\u00e9khely\u0171 FMP vezet\u0151 gy\u00e1rt\u00f3, amely szak\u00e9rtelm\u00e9r\u0151l ismert a mez\u0151gazdas\u00e1gi g\u00e9pek nagy teljes\u00edtm\u00e9ny\u0171 sebess\u00e9gv\u00e1lt\u00f3inak tervez\u00e9s\u00e9ben \u00e9s gy\u00e1rt\u00e1s\u00e1ban. Ismert prec\u00edzi\u00f3s m\u00e9rn\u00f6ki munk\u00e1nkr\u00f3l, innov\u00e1ci\u00f3nkr\u00f3l \u00e9s megb\u00edzhat\u00f3s\u00e1gunkr\u00f3l, \u00e9s v\u00e1ltozatos term\u00e9kk\u00edn\u00e1latot k\u00edn\u00e1lunk, bele\u00e9rtve a f\u0171ny\u00edr\u00f3k sebess\u00e9gv\u00e1lt\u00f3it \u00e9s olyan kulcsfontoss\u00e1g\u00fa alkatr\u00e9szeket, mint a kard\u00e1ntengelyek. K\u00fcldet\u00e9s\u00fcnk, hogy testreszabott megold\u00e1sokat k\u00edn\u00e1ljunk, amelyek a mez\u0151gazdas\u00e1gi \u00e9s ipari szektor egyedi ig\u00e9nyeit el\u00e9g\u00edtik ki, mind \u00f6n\u00e1ll\u00f3 term\u00e9keket, mind teljesen integr\u00e1lt rendszereket k\u00edn\u00e1lva.<\/p>\n<p>Az FMP-n\u00e9l meg\u00e9rtj\u00fck, hogy minden \u00fcgyf\u00e9lnek egyedi ig\u00e9nyei vannak, ez\u00e9rt specializ\u00e1l\u00f3dtunk term\u00e9keink testreszab\u00e1s\u00e1ra, hogy megfeleljenek ezeknek a speci\u00e1lis ig\u00e9nyeknek. Ak\u00e1r speci\u00e1lis sebess\u00e9gv\u00e1lt\u00f3ra, ak\u00e1r egy komplett rendszerre van sz\u00fcks\u00e9ge, szorosan egy\u00fcttm\u0171k\u00f6d\u00fcnk \u00d6nnel, hogy a leghat\u00e9konyabb \u00e9s legeredm\u00e9nyesebb megold\u00e1st k\u00edn\u00e1ljuk. Az \u00fcgyfelek el\u00e9gedetts\u00e9ge ir\u00e1nti elk\u00f6telezetts\u00e9g\u00fcnket gyors, professzion\u00e1lis v\u00e1laszaink \u00e9s szak\u00e9rt\u0151i \u00fatmutat\u00e1sunk t\u00fckr\u00f6zi, biztos\u00edtva, hogy minden megkeres\u00e9st prec\u00edzen \u00e9s gondosan kezelj\u00fcnk.<\/p>\n<p>Nagy hangs\u00falyt fektet\u00fcnk az \u00fcgyfeleinkkel folytatott ny\u00edlt kommunik\u00e1ci\u00f3ra \u00e9s folyamatos egy\u00fcttm\u0171k\u00f6d\u00e9sre, k\u00fcl\u00f6n\u00f6sen \u00faj term\u00e9kek fejleszt\u00e9se sor\u00e1n. Csapatunk szorosan egy\u00fcttm\u0171k\u00f6dik \u00fcgyfeleinkkel, hogy teljes m\u00e9rt\u00e9kben meg\u00e9rtse kih\u00edv\u00e1saikat, \u00e9s olyan megl\u00e1t\u00e1sokat k\u00edn\u00e1ljon, amelyek optim\u00e1lis megold\u00e1sokhoz vezetnek. Ak\u00e1r \u00faj term\u00e9keket fejleszt\u00fcnk, ak\u00e1r megl\u00e9v\u0151 megrendel\u00e9seket teljes\u00edt\u00fcnk, elk\u00f6telezettek vagyunk a kiv\u00e1l\u00f3 min\u0151s\u00e9g\u0171, prec\u00edzi\u00f3san megtervezett term\u00e9kek hat\u00e1rid\u0151re t\u00f6rt\u00e9n\u0151 lesz\u00e1ll\u00edt\u00e1sa ir\u00e1nt.<\/p>\n<p>A min\u0151s\u00e9g az alapja mindennek, amit az FMP-n\u00e9l tesz\u00fcnk. Gy\u00e1rt\u00e1si folyamataink a legmagasabb pontoss\u00e1gi szabv\u00e1nyoknak felelnek meg, biztos\u00edtva, hogy minden term\u00e9k\u00fcnk hib\u00e1tlan legyen. Szigor\u00fa min\u0151s\u00e9gellen\u0151rz\u00e9si int\u00e9zked\u00e9seket alkalmazunk annak biztos\u00edt\u00e1s\u00e1ra, hogy minden term\u00e9k\u00fcnk megfeleljen, vagy meghaladja az ipar\u00e1gi szabv\u00e1nyokat. Ez a min\u0151s\u00e9gre val\u00f3 rend\u00edthetetlen \u00f6sszpontos\u00edt\u00e1s, valamint az olyan alapvet\u0151 \u00e9rt\u00e9keink, mint az integrit\u00e1s, a csapatmunka \u00e9s a kitart\u00e1s, lehet\u0151v\u00e9 tette sz\u00e1munkra, hogy er\u0151s, hossz\u00fa t\u00e1v\u00fa kapcsolatokat \u00e9p\u00edts\u00fcnk ki \u00fcgyfeleinkkel k\u00f6zel 30 orsz\u00e1gban vil\u00e1gszerte.<\/p>\n<p>Az FMP mindig nyitott a glob\u00e1lis partners\u00e9gekre, szak\u00e9rt\u0151i tan\u00e1csokat \u00e9s szem\u00e9lyre szabott megold\u00e1sokat k\u00edn\u00e1lva. Megk\u00f6zel\u00edt\u00e9s\u00fcnk t\u00falmutat a term\u00e9kek egyszer\u0171 k\u00edn\u00e1lat\u00e1n \u2013 olyan hossz\u00fa t\u00e1v\u00fa kapcsolatok \u00e1pol\u00e1s\u00e1ra t\u00f6reksz\u00fcnk, amelyek el\u0151seg\u00edtik a k\u00f6lcs\u00f6n\u00f6s sikert. Ak\u00e1r \u00faj megold\u00e1sokra, ak\u00e1r megl\u00e9v\u0151 rendszerek t\u00e1mogat\u00e1s\u00e1ra van sz\u00fcks\u00e9ge, az FMP elk\u00f6telezett a technikai kih\u00edv\u00e1sok kezel\u00e9se \u00e9s a folyamatos siker biztos\u00edt\u00e1sa ir\u00e1nt.<\/p>\n<p><img loading=\"lazy\" decoding=\"async\" class=\"alignnone size-full wp-image-1861\" src=\"https:\/\/fmp-components.com\/wp-content\/uploads\/2024\/12\/Other-Agricultural-Gearboxes.webp\" sizes=\"(min-width: 0px) and (max-width: 480px) 480px, (min-width: 481px) and (max-width: 980px) 980px, (min-width: 981px) 1200px, 100vw\" srcset=\"https:\/\/fmp-components.com\/wp-content\/uploads\/2024\/12\/Other-Agricultural-Gearboxes.webp 1200w, https:\/\/fmp-components.com\/wp-content\/uploads\/2024\/12\/Other-Agricultural-Gearboxes-980x1143.webp 980w, https:\/\/fmp-components.com\/wp-content\/uploads\/2024\/12\/Other-Agricultural-Gearboxes-480x560.webp 480w\" alt=\"Altri-cambi-agricoli\" width=\"1200\" height=\"1400\" title=\"\"><\/p>\n<p>Szerz\u0151: CX<\/p>\n<p>&nbsp;<\/p>","protected":false},"excerpt":{"rendered":"<p>Agricultural Lawn Mower Gearbox FMP-X30 Specification ITEM FMP&#8211;01-609 FMP&#8211;01-723 FMP&#8211;01-611 Ratio 1:1.47 1:1.69 1:1.93 Teeth 15\/22 13\/22 15\/29 Module \u00a05.08 5.0 4.0 Power(HP) 35 35 30 Rated Input 540rpm 540rpm 540rpm Input\/Output Description \u00a01 3\/8 Z6 Optic axis Cone base aequilate spline shaft Weight(N.W) 26.5KG Customized Agricultural Gearbox Service We offer a wide range of [&hellip;]<\/p>","protected":false},"featured_media":2014,"comment_status":"open","ping_status":"closed","template":"","meta":{"_et_pb_use_builder":"","_et_pb_old_content":"","_et_gb_content_width":""},"product_brand":[],"product_cat":[52],"product_tag":[],"class_list":{"0":"post-2011","1":"product","2":"type-product","3":"status-publish","4":"has-post-thumbnail","6":"product_cat-lawn-mower-gearbox","8":"first","9":"instock","10":"shipping-taxable","11":"product-type-simple"},"_links":{"self":[{"href":"https:\/\/fmp-components.com\/hu\/wp-json\/wp\/v2\/product\/2011","targetHints":{"allow":["GET"]}}],"collection":[{"href":"https:\/\/fmp-components.com\/hu\/wp-json\/wp\/v2\/product"}],"about":[{"href":"https:\/\/fmp-components.com\/hu\/wp-json\/wp\/v2\/types\/product"}],"replies":[{"embeddable":true,"href":"https:\/\/fmp-components.com\/hu\/wp-json\/wp\/v2\/comments?post=2011"}],"wp:featuredmedia":[{"embeddable":true,"href":"https:\/\/fmp-components.com\/hu\/wp-json\/wp\/v2\/media\/2014"}],"wp:attachment":[{"href":"https:\/\/fmp-components.com\/hu\/wp-json\/wp\/v2\/media?parent=2011"}],"wp:term":[{"taxonomy":"product_brand","embeddable":true,"href":"https:\/\/fmp-components.com\/hu\/wp-json\/wp\/v2\/product_brand?post=2011"},{"taxonomy":"product_cat","embeddable":true,"href":"https:\/\/fmp-components.com\/hu\/wp-json\/wp\/v2\/product_cat?post=2011"},{"taxonomy":"product_tag","embeddable":true,"href":"https:\/\/fmp-components.com\/hu\/wp-json\/wp\/v2\/product_tag?post=2011"}],"curies":[{"name":"munkaf\u00fczet","href":"https:\/\/api.w.org\/{rel}","templated":true}]}}