{"id":2006,"date":"2024-12-27T00:52:54","date_gmt":"2024-12-27T00:52:54","guid":{"rendered":"https:\/\/fmp-components.com\/?page_id=8"},"modified":"2024-12-27T01:06:40","modified_gmt":"2024-12-27T01:06:40","slug":"agricultural-lawn-mower-gearbox-fmp-gs4rc","status":"publish","type":"product","link":"https:\/\/fmp-components.com\/hu\/product\/agricultural-lawn-mower-gearbox-fmp-gs4rc\/","title":{"rendered":"Mez\u0151gazdas\u00e1gi f\u0171ny\u00edr\u00f3 sebess\u00e9gv\u00e1lt\u00f3 FMP-GS4RC"},"content":{"rendered":"<h2>Mez\u0151gazdas\u00e1gi f\u0171ny\u00edr\u00f3 sebess\u00e9gv\u00e1lt\u00f3 specifik\u00e1ci\u00f3ja<\/h2>\n<table style=\"width: 100%;\" border=\"1\" width=\"100%\" cellspacing=\"0\" cellpadding=\"0\">\n<tbody>\n<tr>\n<td width=\"110\"><img loading=\"lazy\" decoding=\"async\" class=\"wp-image-2007 alignleft\" src=\"https:\/\/fmp-components.com\/wp-content\/uploads\/2024\/12\/fmp_agricultural-gearbox-HC-GS4RC-2.webp\" alt=\"fmp_mez\u0151gazdas\u00e1gi-sebess\u00e9gv\u00e1lt\u00f3-HC-GS4RC-2\" width=\"363\" height=\"460\" title=\"\"><\/td>\n<td width=\"98\"><img loading=\"lazy\" decoding=\"async\" class=\"alignnone wp-image-2008\" src=\"https:\/\/fmp-components.com\/wp-content\/uploads\/2024\/12\/Lawn-Mower-Gearbox-8.webp\" alt=\"F\u0171ny\u00edr\u00f3 sebess\u00e9gv\u00e1lt\u00f3\" width=\"420\" height=\"420\" title=\"\"><\/td>\n<\/tr>\n<\/tbody>\n<\/table>\n<table style=\"width: 96.588%; height: 225px;\" border=\"1\" cellspacing=\"0\" cellpadding=\"0\">\n<tbody>\n<tr>\n<td><strong>T\u00c9TEL<\/strong><\/td>\n<td>FMP-GS4RC<\/td>\n<\/tr>\n<tr>\n<td><strong>H\u00e1nyados<\/strong><\/td>\n<td>1:1.46\/1:1.93<\/td>\n<\/tr>\n<tr>\n<td><strong>Fogak<\/strong><\/td>\n<td>22\/15 23\/12<\/td>\n<\/tr>\n<tr>\n<td><strong>Modul<\/strong><\/td>\n<td>\u00a05.08 \/5.0<\/td>\n<\/tr>\n<tr>\n<td><strong>Teljes\u00edtm\u00e9ny (LE)<\/strong><\/td>\n<td>30<\/td>\n<\/tr>\n<tr>\n<td><strong>N\u00e9vleges bemenet<\/strong><\/td>\n<td>540 fordulat\/perc<\/td>\n<\/tr>\n<tr>\n<td><strong>Bemenet\/Kimenet le\u00edr\u00e1sa<\/strong><\/td>\n<td>1-3\/8 Z6 k\u00fapos bord\u00e1s tengely<\/td>\n<\/tr>\n<tr>\n<td><strong>S\u00faly (NW)<\/strong><\/td>\n<td>19 kg<\/td>\n<\/tr>\n<\/tbody>\n<\/table>\n<h2>Mez\u0151gazdas\u00e1gi f\u0171ny\u00edr\u00f3 sebess\u00e9gv\u00e1lt\u00f3 anyaga<\/h2>\n<table style=\"width: 96.0662%; height: 133px;\" border=\"1\" cellspacing=\"0\" cellpadding=\"0\">\n<tbody>\n<tr>\n<td colspan=\"2\"><strong>Anyag<\/strong><\/td>\n<\/tr>\n<tr>\n<td><strong>H\u00e1z\u00a0<\/strong><\/td>\n<td>QT450<\/td>\n<\/tr>\n<tr>\n<td><strong>Fogasker\u00e9k tengely<\/strong><\/td>\n<td>20CrMnTi<\/td>\n<\/tr>\n<tr>\n<td><strong>Lemez<\/strong><\/td>\n<td>Alum\u00ednium<\/td>\n<\/tr>\n<\/tbody>\n<\/table>\n<h2>Mez\u0151gazdas\u00e1gi f\u0171ny\u00edr\u00f3 sebess\u00e9gv\u00e1lt\u00f3 alkalmaz\u00e1sok<\/h2>\n<p>Az FMP-n\u00e9l nagy teljes\u00edtm\u00e9ny\u0171 sebess\u00e9gv\u00e1lt\u00f3k gy\u00e1rt\u00e1s\u00e1ra specializ\u00e1l\u00f3dtunk, amelyeket a mez\u0151gazdas\u00e1gi \u00e9s ipari g\u00e9pek speci\u00e1lis ig\u00e9nyeinek kiel\u00e9g\u00edt\u00e9s\u00e9re tervezt\u00fcnk. Sebess\u00e9gv\u00e1lt\u00f3inkat sz\u00e9les k\u00f6rben haszn\u00e1lj\u00e1k, biztos\u00edtva a hat\u00e9konys\u00e1got, a tart\u00f3ss\u00e1got \u00e9s a megb\u00edzhat\u00f3s\u00e1got a k\u00fcl\u00f6nb\u00f6z\u0151 \u00e1gazatokban. Az al\u00e1bbiakban bemutatjuk a mez\u0151gazdas\u00e1gi f\u0171ny\u00edr\u00f3 sebess\u00e9gv\u00e1lt\u00f3ink n\u00e9h\u00e1ny f\u0151bb alkalmaz\u00e1si ter\u00fclet\u00e9t:<\/p>\n<h4>Forg\u00f3 v\u00e1g\u00f3\u00e9lez\u0151k<\/h4>\n<p>A forg\u00f3 sz\u00e1las f\u0171kasz\u00e1k elengedhetetlenek a t\u00faln\u0151tt f\u0171, bokrok \u00e9s gyomok elt\u00e1vol\u00edt\u00e1s\u00e1hoz a mez\u0151gazdas\u00e1gi \u00e9s vid\u00e9ki ter\u00fcleteken. Hajt\u00f3m\u0171veink \u00fagy vannak kialak\u00edtva, hogy hat\u00e9konyan tov\u00e1bb\u00edts\u00e1k az er\u0151t a traktorr\u00f3l a sz\u00e1las f\u0171kasza peng\u00e9ire, lehet\u0151v\u00e9 t\u00e9ve a sima \u00e9s hat\u00e9kony v\u00e1g\u00e1st m\u00e9g s\u0171r\u0171 n\u00f6v\u00e9nyzetben is. Kiemelked\u0151 tart\u00f3ss\u00e1guknak k\u00f6sz\u00f6nhet\u0151en ezek a hajt\u00f3m\u0171vek minim\u00e1lis \u00e1ll\u00e1sid\u0151t \u00e9s maxim\u00e1lis teljes\u00edtm\u00e9nyt biztos\u00edtanak a talajtiszt\u00edt\u00e1si m\u0171veletek sor\u00e1n.<\/p>\n<h4>Forg\u00f3v\u00e1g\u00f3k<\/h4>\n<p>A k\u00f6rk\u00e9ses v\u00e1g\u00f3berendez\u00e9seket sz\u00e9les k\u00f6rben haszn\u00e1lj\u00e1k a mez\u0151gazdas\u00e1gban \u00e9s a tereprendez\u00e9sben mez\u0151k, legel\u0151k \u00e9s utak gondoz\u00e1s\u00e1ra f\u0171, gyomok \u00e9s kisebb bokrok v\u00e1g\u00e1s\u00e1val. Az FMP sebess\u00e9gv\u00e1lt\u00f3kat \u00fagy tervezt\u00e9k, hogy a megfelel\u0151 nyomat\u00e9kot \u00e9s teljes\u00edtm\u00e9nyt biztos\u00edts\u00e1k, biztos\u00edtva a sima pengeforg\u00e1st \u00e9s az optim\u00e1lis v\u00e1g\u00e1si teljes\u00edtm\u00e9nyt. Robusztus kialak\u00edt\u00e1suk seg\u00edt cs\u00f6kkenteni a kop\u00e1st, \u00edgy ide\u00e1lisak a neh\u00e9z v\u00e1g\u00e1si feladatokhoz.<\/p>\n<h4>Pamutv\u00e1g\u00f3k<\/h4>\n<p>A gyapotszeletel\u0151k kulcsszerepet j\u00e1tszanak a gyomirt\u00e1sban \u00e9s a n\u00f6v\u00e9nytermeszt\u00e9sben a gyapotf\u00f6ldeken. Hajt\u00f3m\u0171veink biztos\u00edtj\u00e1k a prec\u00edz er\u0151\u00e1tvitelt, amely ahhoz sz\u00fcks\u00e9ges, hogy a gyapotszeletel\u0151 berendez\u00e9sek a lehet\u0151 legjobban m\u0171k\u00f6djenek, biztos\u00edtva, hogy a kezel\u0151k hat\u00e9konyan tudj\u00e1k kezelni a gyapotterm\u00e9st \u00e9s meg\u0151rizz\u00e9k a f\u00f6ldek eg\u00e9szs\u00e9g\u00e9t. Ezeket a sebess\u00e9gv\u00e1lt\u00f3kat \u00fagy tervezt\u00e9k, hogy megbirk\u00f3zzanak a gyapottermeszt\u00e9sben gyakran el\u0151fordul\u00f3 neh\u00e9z munkak\u00f6r\u00fclm\u00e9nyekkel.<\/p>\n<h4>Fav\u00e1g\u00f3k<\/h4>\n<p>A fav\u00e1g\u00f3kat az erd\u00e9szetben \u00e9s a mez\u0151gazdas\u00e1gban haszn\u00e1lj\u00e1k f\u00e1k, boz\u00f3t \u00e9s s\u0171r\u0171 lombozat elt\u00e1vol\u00edt\u00e1s\u00e1ra. Az FMP f\u0171ny\u00edr\u00f3 hajt\u00f3m\u0171vei biztos\u00edtj\u00e1k a v\u00e1g\u00f3mechanizmusok m\u0171k\u00f6dtet\u00e9s\u00e9hez sz\u00fcks\u00e9ges nagy nyomat\u00e9kot, lehet\u0151v\u00e9 t\u00e9ve a kezel\u0151k sz\u00e1m\u00e1ra a vastag \u00e1gak \u00e9s t\u00f6rzsek k\u00f6nny\u0171 kezel\u00e9s\u00e9t. Hajt\u00f3m\u0171veinket \u00fagy tervezt\u00fck, hogy nagy terhel\u00e9s alatt is m\u0171k\u00f6djenek, mik\u00f6zben meg\u0151rzik a hat\u00e9konys\u00e1got \u00e9s cs\u00f6kkentik a rezg\u00e9st, ami jav\u00edtja a kezel\u0151 k\u00e9nyelm\u00e9t \u00e9s teljes\u00edtm\u00e9ny\u00e9t.<\/p>\n<h4>Terepi t\u00e1rol\u00f3k<\/h4>\n<p>A sz\u00e1nt\u00f3f\u00f6ldi szennyv\u00edztart\u00e1lyokat gyakran haszn\u00e1lj\u00e1k a betakar\u00edtott term\u00e9nyek \u00f6sszegy\u0171jt\u00e9s\u00e9re \u00e9s sz\u00e1ll\u00edt\u00e1s\u00e1ra. Az FMP sebess\u00e9gv\u00e1lt\u00f3k biztos\u00edtj\u00e1k a sz\u00e1nt\u00f3f\u00f6ldi szennyv\u00edztart\u00e1lyok kirakod\u00f3 mechanizmusainak meghajt\u00e1s\u00e1hoz sz\u00fcks\u00e9ges megb\u00edzhat\u00f3 er\u0151\u00e1tvitelt, biztos\u00edtva a z\u00f6kken\u0151mentes m\u0171k\u00f6d\u00e9st betakar\u00edt\u00e1s k\u00f6zben. Ak\u00e1r gabon\u00e1hoz, gyapothoz vagy m\u00e1s n\u00f6v\u00e9nyekhez haszn\u00e1lj\u00e1k, ezek a sebess\u00e9gv\u00e1lt\u00f3k \u00fagy vannak kialak\u00edtva, hogy ellen\u00e1lljanak a mez\u0151gazdas\u00e1gi betakar\u00edt\u00e1s megpr\u00f3b\u00e1ltat\u00e1sainak, cs\u00f6kkentve az \u00e1ll\u00e1sid\u0151t \u00e9s jav\u00edtva az \u00e1ltal\u00e1nos termel\u00e9kenys\u00e9get.<\/p>\n<h4>F\u0171ny\u00edr\u00f3k \u00e9s gyep\u00e1pol\u00f3 berendez\u00e9sek<\/h4>\n<p>A fenti speci\u00e1lis alkalmaz\u00e1sokon k\u00edv\u00fcl mez\u0151gazdas\u00e1gi sebess\u00e9gv\u00e1lt\u00f3inkat sz\u00e9les k\u00f6rben haszn\u00e1lj\u00e1k k\u00fcl\u00f6nf\u00e9le f\u0171ny\u00edr\u00f3kban \u00e9s gyep\u00e1pol\u00f3 berendez\u00e9sekben is. Ide tartoznak a f\u0171ny\u00edr\u00f3 traktorok, az ipari f\u0171ny\u00edr\u00f3k \u00e9s az ipari f\u0171ny\u00edr\u00f3 rendszerek, ahol sebess\u00e9gv\u00e1lt\u00f3ink lehet\u0151v\u00e9 teszik a hat\u00e9kony f\u0171ny\u00edr\u00e1st \u00e9s az er\u0151 egyenletes eloszt\u00e1s\u00e1t a peng\u00e9ken.<\/p>\n<p>Az FMP sebess\u00e9gv\u00e1lt\u00f3kat \u00fagy tervezt\u00e9k, hogy megb\u00edzhat\u00f3an m\u0171k\u00f6djenek a mez\u0151gazdas\u00e1gi g\u00e9pek sz\u00e9les v\u00e1laszt\u00e9k\u00e1ban. A forg\u00f3 apr\u00edt\u00f3kt\u00f3l \u00e9s v\u00e1g\u00f3berendez\u00e9sekt\u0151l kezdve a gyapotszed\u0151kig \u00e9s a sz\u00e1nt\u00f3f\u00f6ldi szendvicsekig sebess\u00e9gv\u00e1lt\u00f3ink egyenletes er\u0151\u00e1tvitelt, tart\u00f3ss\u00e1got \u00e9s pontoss\u00e1got biztos\u00edtanak. Ak\u00e1r kis\u00fczemi mez\u0151gazdas\u00e1gi m\u0171veletekr\u0151l, ak\u00e1r nagy ipari felhaszn\u00e1l\u00e1sr\u00f3l van sz\u00f3, az FMP sebess\u00e9gv\u00e1lt\u00f3it a teljes\u00edtm\u00e9ny optimaliz\u00e1l\u00e1s\u00e1ra, a karbantart\u00e1si k\u00f6lts\u00e9gek cs\u00f6kkent\u00e9s\u00e9re \u00e9s a mez\u0151gazdas\u00e1gi berendez\u00e9sek hossz\u00fa \u00e9lettartam\u00e1nak biztos\u00edt\u00e1s\u00e1ra tervezt\u00fck.<\/p>\n<p><img loading=\"lazy\" decoding=\"async\" class=\"alignnone size-full wp-image-2009\" src=\"https:\/\/fmp-components.com\/wp-content\/uploads\/2024\/12\/Lawn-Mower-Gearbox-Suppliers-6.webp\" alt=\"\" width=\"1000\" height=\"445\" title=\"\" srcset=\"https:\/\/fmp-components.com\/wp-content\/uploads\/2024\/12\/Lawn-Mower-Gearbox-Suppliers-6.webp 1000w, https:\/\/fmp-components.com\/wp-content\/uploads\/2024\/12\/Lawn-Mower-Gearbox-Suppliers-6-980x436.webp 980w, https:\/\/fmp-components.com\/wp-content\/uploads\/2024\/12\/Lawn-Mower-Gearbox-Suppliers-6-480x214.webp 480w\" sizes=\"(min-width: 0px) and (max-width: 480px) 480px, (min-width: 481px) and (max-width: 980px) 980px, (min-width: 981px) 1000px, 100vw\" \/><\/p>\n<h2>Kard\u00e1ntengely mez\u0151gazdas\u00e1gi f\u0171ny\u00edr\u00f3 sebess\u00e9gv\u00e1lt\u00f3hoz<\/h2>\n<p>A teljes\u00edtm\u00e9nylead\u00f3 tengely (TLT) kritikus fontoss\u00e1g\u00fa alkatr\u00e9sz a mez\u0151gazdas\u00e1gi g\u00e9pekben, mivel \u00f6sszek\u00f6t\u0151 kapocsk\u00e9nt szolg\u00e1l a traktor motorja \u00e9s a k\u00fcl\u00f6nf\u00e9le munkag\u00e9pek sebess\u00e9gv\u00e1lt\u00f3i, p\u00e9ld\u00e1ul a f\u0171ny\u00edr\u00f3k sebess\u00e9gv\u00e1lt\u00f3i k\u00f6z\u00f6tt. Az FMP-n\u00e9l kiv\u00e1l\u00f3 min\u0151s\u00e9g\u0171 TLT tengelyeket gy\u00e1rtunk, amelyeket kifejezetten a f\u0171ny\u00edr\u00f3k sebess\u00e9gv\u00e1lt\u00f3ival val\u00f3 z\u00f6kken\u0151mentes egy\u00fcttm\u0171k\u00f6d\u00e9sre terveztek, megb\u00edzhat\u00f3 teljes\u00edtm\u00e9nyt ny\u00fajtva k\u00fcl\u00f6nf\u00e9le mez\u0151gazdas\u00e1gi alkalmaz\u00e1sokhoz.<\/p>\n<h3>A mez\u0151gazdas\u00e1gi f\u0171ny\u00edr\u00f3 sebess\u00e9gv\u00e1lt\u00f3 kard\u00e1ntengely\u00e9nek f\u0151bb jellemz\u0151i \u00e9s el\u0151nyei<\/h3>\n<ol>\n<li><strong>Hat\u00e9kony energia\u00e1tvitel<\/strong><br \/>\nA kard\u00e1ntengelyek hat\u00e9konyan tov\u00e1bb\u00edtj\u00e1k a mechanikai er\u0151t a traktor motorj\u00e1r\u00f3l a f\u0171ny\u00edr\u00f3 sebess\u00e9gv\u00e1lt\u00f3j\u00e1ra. Ez biztos\u00edtja, hogy a f\u0171ny\u00edr\u00f3 peng\u00e9i optim\u00e1lis sebess\u00e9ggel m\u0171k\u00f6djenek a f\u0171 \u00e9s a n\u00f6v\u00e9nyzet hat\u00e9kony v\u00e1g\u00e1s\u00e1hoz. Az\u00e1ltal, hogy fenntartj\u00e1k az \u00e1lland\u00f3 teljes\u00edtm\u00e9ny\u00e1raml\u00e1st, a kard\u00e1ntengelyek tiszt\u00e1bb, egyenletesebb v\u00e1g\u00e1st eredm\u00e9nyeznek, jav\u00edtva a f\u0171ny\u00edr\u00f3 \u00e1ltal\u00e1nos hat\u00e9konys\u00e1g\u00e1t.<\/li>\n<li><strong>Tart\u00f3ss\u00e1g \u00e9s megb\u00edzhat\u00f3s\u00e1g<\/strong><br \/>\nAz FMP kard\u00e1ntengelyeket \u00fagy tervezt\u00e9k, hogy ellen\u00e1lljanak a mez\u0151gazdas\u00e1gi k\u00f6rnyezet viszontags\u00e1gainak. Nagy szil\u00e1rds\u00e1g\u00fa anyagokb\u00f3l k\u00e9sz\u00fcltek \u00e9s prec\u00edzi\u00f3san megmunk\u00e1lt\u00e1k \u0151ket a kop\u00e1s cs\u00f6kkent\u00e9se \u00e9rdek\u00e9ben, \u00edgy ezek a tengelyek hossz\u00fa \u00e9lettartamot biztos\u00edtanak m\u00e9g nagy terhel\u00e9s \u00e9s kih\u00edv\u00e1st jelent\u0151 sz\u00e1nt\u00f3f\u00f6ldi k\u00f6r\u00fclm\u00e9nyek k\u00f6z\u00f6tt is. Robusztus fel\u00e9p\u00edt\u00e9s\u00fck cs\u00f6kkenti az \u00e1ll\u00e1sid\u0151t \u00e9s a gyakori jav\u00edt\u00e1sok sz\u00fcks\u00e9gess\u00e9g\u00e9t, ami nagyobb termel\u00e9kenys\u00e9get eredm\u00e9nyez.<\/li>\n<li><strong>Testreszabhat\u00f3 hossz\u00fas\u00e1g \u00e9s konfigur\u00e1ci\u00f3<\/strong><br \/>\nAz FMP kard\u00e1ntengelyek hossza \u00e9s konfigur\u00e1ci\u00f3ja testreszabhat\u00f3 az adott ig\u00e9nyeknek megfelel\u0151en. Ak\u00e1r szabv\u00e1nyos hossz\u00fas\u00e1gra, ak\u00e1r egyedi be\u00e1ll\u00edt\u00e1sra van sz\u00fcks\u00e9ge egy adott f\u0171ny\u00edr\u00f3 modellhez, mi az \u00d6n berendez\u00e9s\u00e9nek egyedi specifik\u00e1ci\u00f3ihoz igaz\u00edtott megold\u00e1sokat k\u00edn\u00e1lunk.<\/li>\n<li><strong>Biztons\u00e1g \u00e9s egyszer\u0171 karbantart\u00e1s<\/strong><br \/>\nKard\u00e1ntengelyeink biztons\u00e1gi funkci\u00f3kkal, p\u00e9ld\u00e1ul v\u00e9d\u0151elemekkel \u00e9s v\u00e9d\u0151burkolatokkal vannak ell\u00e1tva, hogy minimaliz\u00e1lj\u00e1k a balesetek kock\u00e1zat\u00e1t \u00fczem k\u00f6zben. Ezenk\u00edv\u00fcl \u00fagy lettek kialak\u00edtva, hogy k\u00f6nnyen karbantarthat\u00f3k legyenek, lehet\u0151v\u00e9 t\u00e9ve a kop\u00f3 alkatr\u00e9szek gyors ellen\u0151rz\u00e9s\u00e9t \u00e9s cser\u00e9j\u00e9t, biztos\u00edtva a rendszer z\u00f6kken\u0151mentes \u00e9s biztons\u00e1gos m\u0171k\u00f6d\u00e9s\u00e9t.<\/li>\n<li><strong>Sokoldal\u00fas\u00e1g a mez\u0151gazdas\u00e1gi g\u00e9pek k\u00f6z\u00f6tt<\/strong><br \/>\nB\u00e1r f\u0171ny\u00edr\u00f3khoz tervezt\u00e9k, az FMP kard\u00e1ntengelyek sz\u00e1mos m\u00e1s mez\u0151gazdas\u00e1gi g\u00e9ppel is haszn\u00e1lhat\u00f3k, bele\u00e9rtve a k\u00f6rk\u00e9ses v\u00e1g\u00f3kat, a sz\u00e1nt\u00f3f\u00f6ldi f\u0171ny\u00edr\u00f3kat \u00e9s a f\u0171ny\u00edr\u00f3kat. Ez a sokoldal\u00fas\u00e1g \u00e9rt\u00e9kes eszk\u00f6zz\u00e9 teszi \u0151ket a gazdas\u00e1gok \u00e9s a tereprendez\u00e9si m\u0171veletek sz\u00e1m\u00e1ra, amelyek megb\u00edzhat\u00f3 er\u0151\u00e1tvitelt ig\u00e9nyelnek a k\u00fcl\u00f6nb\u00f6z\u0151 t\u00edpus\u00fa berendez\u00e9sek k\u00f6z\u00f6tt.<\/li>\n<\/ol>\n<p><img loading=\"lazy\" decoding=\"async\" class=\"alignnone size-full wp-image-2010\" src=\"https:\/\/fmp-components.com\/wp-content\/uploads\/2024\/12\/Agricultural-Lawnmower-Gearbox-Precautions-for-Use1.webp\" alt=\"\" width=\"1202\" height=\"665\" title=\"\" srcset=\"https:\/\/fmp-components.com\/wp-content\/uploads\/2024\/12\/Agricultural-Lawnmower-Gearbox-Precautions-for-Use1.webp 1202w, https:\/\/fmp-components.com\/wp-content\/uploads\/2024\/12\/Agricultural-Lawnmower-Gearbox-Precautions-for-Use1-980x542.webp 980w, https:\/\/fmp-components.com\/wp-content\/uploads\/2024\/12\/Agricultural-Lawnmower-Gearbox-Precautions-for-Use1-480x266.webp 480w\" sizes=\"(min-width: 0px) and (max-width: 480px) 480px, (min-width: 481px) and (max-width: 980px) 980px, (min-width: 981px) 1202px, 100vw\" \/><\/p>\n<h3>A kard\u00e1ntengely alkalmaz\u00e1sa mez\u0151gazdas\u00e1gi f\u0171ny\u00edr\u00f3 sebess\u00e9gv\u00e1lt\u00f3hoz<\/h3>\n<ul>\n<li><strong>F\u0171ny\u00edr\u00f3k \u00e9s boz\u00f3tv\u00e1g\u00f3k:<\/strong> A kard\u00e1ntengelyek a traktor motorj\u00e1t a f\u0171ny\u00edr\u00f3 peng\u00e9ihez k\u00f6tik, lehet\u0151v\u00e9 t\u00e9ve a f\u0171, a gyomok \u00e9s a kisebb cserj\u00e9k hat\u00e9kony v\u00e1g\u00e1s\u00e1t.<\/li>\n<li><strong>Forg\u00f3v\u00e1g\u00f3k:<\/strong> A kard\u00e1ntengelyek a v\u00e1g\u00f3karok meghajt\u00e1s\u00e1ra szolg\u00e1lnak, lehet\u0151v\u00e9 t\u00e9ve azok hat\u00e9kony m\u0171k\u00f6d\u00e9s\u00e9t neh\u00e9z terepi k\u00f6r\u00fclm\u00e9nyek k\u00f6z\u00f6tt.<\/li>\n<li><strong>Forg\u00f3ny\u00edr\u00f3k \u00e9s gyomny\u00edr\u00f3k:<\/strong> A kard\u00e1ntengelyek seg\u00edtik a forg\u00f3 szeg\u00e9lyny\u00edr\u00f3k nagy teherb\u00edr\u00e1s\u00fa peng\u00e9inek meghajt\u00e1s\u00e1t, elt\u00e1vol\u00edtva a s\u0171r\u0171 n\u00f6v\u00e9nyzetet \u00e9s a gyomokat a mez\u0151gazdas\u00e1gi ter\u00fcleteken.<\/li>\n<li><strong>Sz\u00e1nt\u00f3f\u00f6ldi f\u0171ny\u00edr\u00f3k:<\/strong> A kard\u00e1ntengelyek elengedhetetlenek a traktor \u00e9s a sz\u00e1nt\u00f3f\u00f6ldi f\u0171ny\u00edr\u00f3k \u00f6sszekapcsol\u00e1s\u00e1hoz, biztos\u00edtva a nagy mez\u0151gazdas\u00e1gi ter\u00fcletek hat\u00e9kony v\u00e1g\u00e1si \u00e9s karbantart\u00e1si munk\u00e1latait.<\/li>\n<\/ul>\n<h3>Mi\u00e9rt v\u00e1lasszon FMP kard\u00e1ntengelyeket mez\u0151gazdas\u00e1gi f\u0171ny\u00edr\u00f3 sebess\u00e9gv\u00e1lt\u00f3j\u00e1hoz?<\/h3>\n<ul>\n<li><strong>Testreszab\u00e1s<\/strong>Az FMP sz\u00e9les v\u00e1laszt\u00e9kban k\u00edn\u00e1l kard\u00e1ntengelyeket k\u00fcl\u00f6nb\u00f6z\u0151 hossz\u00fas\u00e1gban, konfigur\u00e1ci\u00f3ban \u00e9s kivitelben, hogy megfeleljen az egyedi ig\u00e9nyeknek.<\/li>\n<li><strong>Megb\u00edzhat\u00f3s\u00e1g<\/strong>Kard\u00e1ntengelyeinket a neh\u00e9z mez\u0151gazdas\u00e1gi k\u00f6r\u00fclm\u00e9nyek k\u00f6z\u00f6tti hossz\u00fa t\u00e1v\u00fa teljes\u00edtm\u00e9nyre tervezt\u00fck, minimaliz\u00e1lva az \u00e1ll\u00e1sid\u0151t \u00e9s a jav\u00edt\u00e1si k\u00f6lts\u00e9geket.<\/li>\n<li><strong>Biztons\u00e1g<\/strong>Be\u00e9p\u00edtett biztons\u00e1gi funkci\u00f3kkal kard\u00e1ntengelyeink seg\u00edtenek cs\u00f6kkenteni a s\u00e9r\u00fcl\u00e9svesz\u00e9lyt haszn\u00e1lat k\u00f6zben.<\/li>\n<li><strong>Prec\u00edzi\u00f3s m\u00e9rn\u00f6ki munka<\/strong>Minden egyes kard\u00e1ntengely nagy pontoss\u00e1ggal k\u00e9sz\u00fcl, ami biztos\u00edtja a sima er\u0151\u00e1tvitelt \u00e9s cs\u00f6kkenti a mechanikai meghib\u00e1sod\u00e1s kock\u00e1zat\u00e1t.<\/li>\n<li><strong>Glob\u00e1lis t\u00e1mogat\u00e1s<\/strong>Az FMP term\u00e9keit vil\u00e1gszerte megb\u00edzz\u00e1k az \u00fcgyfelek, \u00e9s szak\u00e9rt\u0151i tan\u00e1csad\u00e1st \u00e9s t\u00e1mogat\u00e1st k\u00edn\u00e1lunk annak \u00e9rdek\u00e9ben, hogy kard\u00e1ntengelyeink pontosan megfeleljenek az \u00d6n ig\u00e9nyeinek.<\/li>\n<\/ul>\n<p>Az FMP mez\u0151gazdas\u00e1gi f\u0171ny\u00edr\u00f3 hajt\u00f3m\u0171vekhez val\u00f3 kard\u00e1ntengelyei t\u00f6k\u00e9letes v\u00e1laszt\u00e1st jelentenek a megb\u00edzhat\u00f3 er\u0151\u00e1tvitel \u00e9s az optim\u00e1lis teljes\u00edtm\u00e9ny biztos\u00edt\u00e1s\u00e1ra k\u00fcl\u00f6nf\u00e9le mez\u0151gazdas\u00e1gi \u00e9s tereprendez\u00e9si alkalmaz\u00e1sokban. Tart\u00f3sra tervezett \u00e9s a k\u00f6nny\u0171 haszn\u00e1lat \u00e9s biztons\u00e1g jegy\u00e9ben tervezett kard\u00e1ntengelyeink seg\u00edtenek a legt\u00f6bbet kihozni f\u0171ny\u00edr\u00f3 hajt\u00f3m\u0171v\u00e9b\u0151l, hossz\u00fa t\u00e1v\u00fa hat\u00e9konys\u00e1got \u00e9s megb\u00edzhat\u00f3s\u00e1got biztos\u00edtva a mez\u0151gazdas\u00e1gi feladatok sz\u00e9les sk\u00e1l\u00e1j\u00e1n.<\/p>\n<p><img loading=\"lazy\" decoding=\"async\" class=\"alignnone size-full wp-image-1906\" src=\"https:\/\/fmp-components.com\/wp-content\/uploads\/2024\/12\/Rotary-Mower-Gearbox17.webp\" alt=\"Rot\u00e1ci\u00f3s f\u0171ny\u00edr\u00f3 sebess\u00e9gv\u00e1lt\u00f3\" width=\"1280\" height=\"463\" title=\"\" srcset=\"https:\/\/fmp-components.com\/wp-content\/uploads\/2024\/12\/Rotary-Mower-Gearbox17.webp 1280w, https:\/\/fmp-components.com\/wp-content\/uploads\/2024\/12\/Rotary-Mower-Gearbox17-980x354.webp 980w, https:\/\/fmp-components.com\/wp-content\/uploads\/2024\/12\/Rotary-Mower-Gearbox17-480x174.webp 480w\" sizes=\"(min-width: 0px) and (max-width: 480px) 480px, (min-width: 481px) and (max-width: 980px) 980px, (min-width: 981px) 1280px, 100vw\" \/><\/p>\n<h2>Az FMP-r\u0151l<\/h2>\n<p>Az olaszorsz\u00e1gi sz\u00e9khely\u0171 FMP vezet\u0151 gy\u00e1rt\u00f3, amely nagy teljes\u00edtm\u00e9ny\u0171 mez\u0151gazdas\u00e1gi g\u00e9pek sebess\u00e9gv\u00e1lt\u00f3inak tervez\u00e9s\u00e9r\u0151l \u00e9s gy\u00e1rt\u00e1s\u00e1r\u00f3l ismert. Prec\u00edzi\u00f3s m\u00e9rn\u00f6ki munk\u00e1nk, innov\u00e1ci\u00f3nk \u00e9s megb\u00edzhat\u00f3s\u00e1gunk r\u00e9v\u00e9n sz\u00e9les term\u00e9kv\u00e1laszt\u00e9kot k\u00edn\u00e1lunk, bele\u00e9rtve a f\u0171ny\u00edr\u00f3k sebess\u00e9gv\u00e1lt\u00f3it \u00e9s a kritikus alkatr\u00e9szeket, mint p\u00e9ld\u00e1ul a kard\u00e1ntengelyek. C\u00e9lunk, hogy testreszabott megold\u00e1sokat k\u00edn\u00e1ljunk, amelyek megfelelnek a mez\u0151gazdas\u00e1gi \u00e9s ipari szektor egyedi ig\u00e9nyeinek, mind \u00f6n\u00e1ll\u00f3 term\u00e9keket, mind teljesen integr\u00e1lt rendszereket sz\u00e1ll\u00edtva.<\/p>\n<p>Az FMP-n\u00e9l felismerj\u00fck, hogy minden \u00fcgyf\u00e9lnek egyedi ig\u00e9nyei vannak, ez\u00e9rt specializ\u00e1l\u00f3dtunk term\u00e9keink egyedi ig\u00e9nyekre szab\u00e1s\u00e1ra. Ak\u00e1r speci\u00e1lis sebess\u00e9gv\u00e1lt\u00f3t, ak\u00e1r egy komplett rendszert keres, szorosan egy\u00fcttm\u0171k\u00f6d\u00fcnk \u00d6nnel, hogy a leghat\u00e9konyabb \u00e9s legeredm\u00e9nyesebb megold\u00e1st k\u00edn\u00e1ljuk. Az \u00fcgyfelek el\u00e9gedetts\u00e9ge ir\u00e1nti elk\u00f6telezetts\u00e9g\u00fcnket gyors, professzion\u00e1lis v\u00e1laszaink, valamint szak\u00e9rt\u0151i tan\u00e1csaink t\u00fckr\u00f6zik, biztos\u00edtva, hogy minden megkeres\u00e9st prec\u00edzen \u00e9s gondosan kezelj\u00fcnk.<\/p>\n<p>Nagyra \u00e9rt\u00e9kelj\u00fck az \u00fcgyfeleinkkel val\u00f3 ny\u00edlt kommunik\u00e1ci\u00f3t \u00e9s a folyamatos egy\u00fcttm\u0171k\u00f6d\u00e9st, k\u00fcl\u00f6n\u00f6sen az \u00faj term\u00e9kek fejleszt\u00e9se sor\u00e1n. Csapatunk szorosan egy\u00fcttm\u0171k\u00f6dik az \u00fcgyfelekkel, hogy meg\u00e9rtse kih\u00edv\u00e1saikat, \u00e9s \u00e9rt\u00e9kes betekint\u00e9st ny\u00fajtson, amelyek optim\u00e1lis megold\u00e1sokhoz vezetnek. Ak\u00e1r \u00faj term\u00e9keket fejleszt\u00fcnk, ak\u00e1r megl\u00e9v\u0151 megrendel\u00e9seket teljes\u00edt\u00fcnk, elk\u00f6telezettek vagyunk a kiv\u00e1l\u00f3 min\u0151s\u00e9g\u0171, prec\u00edzi\u00f3san megtervezett term\u00e9kek hat\u00e1rid\u0151re t\u00f6rt\u00e9n\u0151 lesz\u00e1ll\u00edt\u00e1sa ir\u00e1nt.<\/p>\n<p>A min\u0151s\u00e9g az FMP m\u0171k\u00f6d\u00e9s\u00e9nek sarokk\u00f6ve. Gy\u00e1rt\u00e1si folyamataink a magas sz\u00ednvonal, a pontoss\u00e1g \u00e9s a nulla hiba elvein alapulnak. Szigor\u00fa min\u0151s\u00e9gellen\u0151rz\u00e9si int\u00e9zked\u00e9seket alkalmazunk annak biztos\u00edt\u00e1sa \u00e9rdek\u00e9ben, hogy minden term\u00e9k megfeleljen, vagy meghaladja az ipar\u00e1gi szabv\u00e1nyokat. Ez a min\u0151s\u00e9gre val\u00f3 rend\u00edthetetlen \u00f6sszpontos\u00edt\u00e1s, valamint az olyan alapvet\u0151 \u00e9rt\u00e9keink, mint az integrit\u00e1s, a csapatmunka \u00e9s a kitart\u00e1s, seg\u00edtett nek\u00fcnk tart\u00f3s kapcsolatokat ki\u00e9p\u00edteni \u00fcgyfeleinkkel k\u00f6zel 30 orsz\u00e1gban.<\/p>\n<p>Az FMP mindig nyitott a glob\u00e1lis partners\u00e9gek kialak\u00edt\u00e1s\u00e1ra, szak\u00e9rt\u0151i tan\u00e1csokat \u00e9s szem\u00e9lyre szabott megold\u00e1sokat k\u00edn\u00e1lva. Megk\u00f6zel\u00edt\u00e9s\u00fcnk t\u00falmutat a term\u00e9kek egyszer\u0171 lesz\u00e1ll\u00edt\u00e1s\u00e1n \u2013 olyan hossz\u00fa t\u00e1v\u00fa kapcsolatok \u00e1pol\u00e1s\u00e1ra t\u00f6reksz\u00fcnk, amelyek k\u00f6lcs\u00f6n\u00f6s sikert eredm\u00e9nyeznek. Ak\u00e1r \u00faj megold\u00e1sokra, ak\u00e1r megl\u00e9v\u0151 rendszerek t\u00e1mogat\u00e1s\u00e1ra van sz\u00fcks\u00e9ge, az FMP elk\u00f6telezett a technikai kih\u00edv\u00e1sok kezel\u00e9se \u00e9s a folyamatos siker biztos\u00edt\u00e1sa mellett.<\/p>\n<p><img loading=\"lazy\" decoding=\"async\" class=\"alignnone size-full wp-image-1861\" src=\"https:\/\/fmp-components.com\/wp-content\/uploads\/2024\/12\/Other-Agricultural-Gearboxes.webp\" sizes=\"(min-width: 0px) and (max-width: 480px) 480px, (min-width: 481px) and (max-width: 980px) 980px, (min-width: 981px) 1200px, 100vw\" srcset=\"https:\/\/fmp-components.com\/wp-content\/uploads\/2024\/12\/Other-Agricultural-Gearboxes.webp 1200w, https:\/\/fmp-components.com\/wp-content\/uploads\/2024\/12\/Other-Agricultural-Gearboxes-980x1143.webp 980w, https:\/\/fmp-components.com\/wp-content\/uploads\/2024\/12\/Other-Agricultural-Gearboxes-480x560.webp 480w\" alt=\"Altri-cambi-agricoli\" width=\"1200\" height=\"1400\" title=\"\"><\/p>\n<p>Szerz\u0151: CX<\/p>\n<p>&nbsp;<\/p>","protected":false},"excerpt":{"rendered":"<p>Agricultural Lawnmower Gearbox\u00a0Specification ITEM FMP-GS4RC Ratio 1:1.46\/1:1.93 Teeth 22\/15 23\/12 Module \u00a05.08 \/5.0 Power(HP) 30 Rated Input 540rpm Input\/Output Description 1-3\/8 Z6 Taper spline Weight(N.W) 19KG Agricultural Lawn Mower Gearbox Material Material Housing\u00a0 QT450 Gear shaft 20CrMnTi Plate Aluminum Agricultural Lawnmower Gearbox Applications At FMP, we specialize in providing high-performance gearboxes designed to meet the [&hellip;]<\/p>","protected":false},"featured_media":2008,"comment_status":"open","ping_status":"closed","template":"","meta":{"_et_pb_use_builder":"","_et_pb_old_content":"","_et_gb_content_width":""},"product_brand":[],"product_cat":[52],"product_tag":[],"class_list":{"0":"post-2006","1":"product","2":"type-product","3":"status-publish","4":"has-post-thumbnail","6":"product_cat-lawn-mower-gearbox","8":"first","9":"instock","10":"shipping-taxable","11":"product-type-simple"},"_links":{"self":[{"href":"https:\/\/fmp-components.com\/hu\/wp-json\/wp\/v2\/product\/2006","targetHints":{"allow":["GET"]}}],"collection":[{"href":"https:\/\/fmp-components.com\/hu\/wp-json\/wp\/v2\/product"}],"about":[{"href":"https:\/\/fmp-components.com\/hu\/wp-json\/wp\/v2\/types\/product"}],"replies":[{"embeddable":true,"href":"https:\/\/fmp-components.com\/hu\/wp-json\/wp\/v2\/comments?post=2006"}],"wp:featuredmedia":[{"embeddable":true,"href":"https:\/\/fmp-components.com\/hu\/wp-json\/wp\/v2\/media\/2008"}],"wp:attachment":[{"href":"https:\/\/fmp-components.com\/hu\/wp-json\/wp\/v2\/media?parent=2006"}],"wp:term":[{"taxonomy":"product_brand","embeddable":true,"href":"https:\/\/fmp-components.com\/hu\/wp-json\/wp\/v2\/product_brand?post=2006"},{"taxonomy":"product_cat","embeddable":true,"href":"https:\/\/fmp-components.com\/hu\/wp-json\/wp\/v2\/product_cat?post=2006"},{"taxonomy":"product_tag","embeddable":true,"href":"https:\/\/fmp-components.com\/hu\/wp-json\/wp\/v2\/product_tag?post=2006"}],"curies":[{"name":"munkaf\u00fczet","href":"https:\/\/api.w.org\/{rel}","templated":true}]}}