{"id":1999,"date":"2024-12-26T08:44:59","date_gmt":"2024-12-26T08:44:59","guid":{"rendered":"https:\/\/fmp-components.com\/?page_id=8"},"modified":"2024-12-27T00:36:22","modified_gmt":"2024-12-27T00:36:22","slug":"fmp-1zs-380-lawn-mower-gearbox","status":"publish","type":"product","link":"https:\/\/fmp-components.com\/hu\/product\/fmp-1zs-380-lawn-mower-gearbox\/","title":{"rendered":"FMP-1ZS-380 f\u0171ny\u00edr\u00f3 sebess\u00e9gv\u00e1lt\u00f3"},"content":{"rendered":"<p><img loading=\"lazy\" decoding=\"async\" class=\"size-full wp-image-2005 aligncenter\" src=\"https:\/\/fmp-components.com\/wp-content\/uploads\/2024\/12\/FMP_agricultural-gearbox-HC-1ZS-380.webp\" alt=\"FMP_mez\u0151gazdas\u00e1gi-sebess\u00e9gv\u00e1lt\u00f3-HC-1ZS-380\" width=\"400\" height=\"400\" title=\"\" srcset=\"https:\/\/fmp-components.com\/wp-content\/uploads\/2024\/12\/FMP_agricultural-gearbox-HC-1ZS-380.webp 400w, https:\/\/fmp-components.com\/wp-content\/uploads\/2024\/12\/FMP_agricultural-gearbox-HC-1ZS-380-300x300.webp 300w, https:\/\/fmp-components.com\/wp-content\/uploads\/2024\/12\/FMP_agricultural-gearbox-HC-1ZS-380-150x150.webp 150w, https:\/\/fmp-components.com\/wp-content\/uploads\/2024\/12\/FMP_agricultural-gearbox-HC-1ZS-380-12x12.webp 12w, https:\/\/fmp-components.com\/wp-content\/uploads\/2024\/12\/FMP_agricultural-gearbox-HC-1ZS-380-100x100.webp 100w\" sizes=\"(max-width: 400px) 100vw, 400px\" \/><\/p>\n<h2>FMP-1ZS-380 f\u0171ny\u00edr\u00f3 sebess\u00e9gv\u00e1lt\u00f3 specifik\u00e1ci\u00f3<\/h2>\n<p><img loading=\"lazy\" decoding=\"async\" class=\"alignnone wp-image-2000\" src=\"https:\/\/fmp-components.com\/wp-content\/uploads\/2024\/12\/fmp_agricultural-gearbox-HC-1ZS-380-1.webp\" alt=\"fmp_mez\u0151gazdas\u00e1gi-sebess\u00e9gv\u00e1lt\u00f3-HC-1ZS-380-1\" width=\"806\" height=\"307\" title=\"\" srcset=\"https:\/\/fmp-components.com\/wp-content\/uploads\/2024\/12\/fmp_agricultural-gearbox-HC-1ZS-380-1.webp 806w, https:\/\/fmp-components.com\/wp-content\/uploads\/2024\/12\/fmp_agricultural-gearbox-HC-1ZS-380-1-480x183.webp 480w\" sizes=\"(min-width: 0px) and (max-width: 480px) 480px, (min-width: 481px) 806px, 100vw\" \/><\/p>\n<table style=\"width: 85.3964%; height: 238px;\" border=\"1\">\n<tbody>\n<tr>\n<td style=\"width: 37.4684%;\">T\u00c9TEL<\/td>\n<td style=\"width: 61.7722%;\">FMP-1ZS-380 f\u0171ny\u00edr\u00f3 sebess\u00e9gv\u00e1lt\u00f3<\/td>\n<\/tr>\n<tr>\n<td style=\"width: 37.4684%;\">H\u00e1nyados<\/td>\n<td style=\"width: 61.7722%;\">1:1.24<\/td>\n<\/tr>\n<tr>\n<td style=\"width: 37.4684%;\">Fogak<\/td>\n<td style=\"width: 61.7722%;\">21\/17\/17\/17<\/td>\n<\/tr>\n<tr>\n<td style=\"width: 37.4684%;\">Modul<\/td>\n<td style=\"width: 61.7722%;\">7.0<\/td>\n<\/tr>\n<tr>\n<td style=\"width: 37.4684%;\">Teljes\u00edtm\u00e9ny (LE)<\/td>\n<td style=\"width: 61.7722%;\">100<\/td>\n<\/tr>\n<tr>\n<td style=\"width: 37.4684%;\">N\u00e9vleges bemenet<\/td>\n<td style=\"width: 61.7722%;\">540 fordulat\/perc<\/td>\n<\/tr>\n<tr>\n<td style=\"width: 37.4684%;\">Bemenet\/Kimenet le\u00edr\u00e1sa<\/td>\n<td style=\"width: 61.7722%;\">\u00a0Spline<\/td>\n<\/tr>\n<tr>\n<td style=\"width: 37.4684%;\">S\u00faly (NW)<\/td>\n<td style=\"width: 61.7722%;\">42,5 kg<\/td>\n<\/tr>\n<\/tbody>\n<\/table>\n<h3>Az FMP-1ZS-380 f\u0171ny\u00edr\u00f3 sebess\u00e9gv\u00e1lt\u00f3 el\u0151nyei<\/h3>\n<ol>\n<li><strong>Nagy teljes\u00edtm\u00e9ny \u00e9s hat\u00e9konys\u00e1g<\/strong><br \/>\nAz FMP-1ZS-380 f\u0171ny\u00edr\u00f3 sebess\u00e9gv\u00e1lt\u00f3j\u00e1t optim\u00e1lis er\u0151\u00e1tvitelre tervezt\u00e9k, biztos\u00edtva a f\u0171ny\u00edr\u00f3 cs\u00facshat\u00e9konys\u00e1g\u00e1t. Megb\u00edzhat\u00f3 \u00e9s k\u00f6vetkezetes teljes\u00edtm\u00e9nyt ny\u00fajt, \u00edgy alkalmass\u00e1 teszi k\u00fcl\u00f6nf\u00e9le gyep\u00e1pol\u00e1si alkalmaz\u00e1sokhoz, a kis lakoss\u00e1gi kertekt\u0151l a nagyobb kereskedelmi f\u0171ny\u00edr\u00e1si feladatokig.<\/li>\n<li><strong>Tart\u00f3ss\u00e1g \u00e9s hossz\u00fa \u00e9lettartam<\/strong><br \/>\nA kiv\u00e1l\u00f3 min\u0151s\u00e9g\u0171 anyagokb\u00f3l \u00e9s prec\u00edzi\u00f3s m\u00e9rn\u00f6ki munk\u00e1val k\u00e9sz\u00fclt FMP-1ZS-380 \u00fagy lett kialak\u00edtva, hogy ellen\u00e1lljon a nagy ig\u00e9nybev\u00e9tel\u0171 haszn\u00e1lat kop\u00e1s\u00e1nak \u00e9s elhaszn\u00e1l\u00f3d\u00e1s\u00e1nak. Robusztus kialak\u00edt\u00e1sa tart\u00f3ss\u00e1got biztos\u00edt, \u00e9s hossz\u00fa \u00e9lettartamot k\u00edn\u00e1l m\u00e9g kih\u00edv\u00e1st jelent\u0151 \u00fczemi k\u00f6r\u00fclm\u00e9nyek k\u00f6z\u00f6tt is.<\/li>\n<li><strong>Testreszab\u00e1si lehet\u0151s\u00e9gek<\/strong><br \/>\nAz FMP testreszab\u00e1si lehet\u0151s\u00e9geket k\u00edn\u00e1l az adott alkalmaz\u00e1si k\u00f6vetelm\u00e9nyeknek val\u00f3 megfelel\u00e9shez. Ak\u00e1r a sebess\u00e9gv\u00e1lt\u00f3 \u00e1tt\u00e9teleinek, a r\u00f6gz\u00edt\u00e9si konfigur\u00e1ci\u00f3knak vagy egy\u00e9b m\u0171szaki specifik\u00e1ci\u00f3knak a m\u00f3dos\u00edt\u00e1s\u00e1ra van sz\u00fcks\u00e9g, az FMP-1ZS-380 az \u00d6n egyedi ig\u00e9nyeihez igaz\u00edthat\u00f3.<\/li>\n<li><strong>K\u00f6nny\u0171 karbantart\u00e1s<\/strong><br \/>\nA sebess\u00e9gv\u00e1lt\u00f3t a k\u00f6nny\u0171 karbantart\u00e1s jegy\u00e9ben tervezt\u00e9k. Felhaszn\u00e1l\u00f3bar\u00e1t fel\u00e9p\u00edt\u00e9se gyors \u00e9s egyszer\u0171 szervizel\u00e9st biztos\u00edt, cs\u00f6kkenti az \u00e1ll\u00e1sid\u0151t, \u00e9s lehet\u0151v\u00e9 teszi a kezel\u0151k sz\u00e1m\u00e1ra, hogy minim\u00e1lis er\u0151fesz\u00edt\u00e9ssel optim\u00e1lis teljes\u00edtm\u00e9nyt tartsanak fenn.<\/li>\n<li><strong>Alacsony zajszint \u00e9s rezg\u00e9s<\/strong><br \/>\nAz FMP-1ZS-380 zajcs\u00f6kkent\u0151 funkci\u00f3kkal rendelkezik a csendesebb m\u0171k\u00f6d\u00e9s biztos\u00edt\u00e1sa \u00e9rdek\u00e9ben. Ez ide\u00e1liss\u00e1 teszi olyan k\u00f6rnyezetekben, ahol a zajszintet minim\u00e1lis szinten kell tartani, mik\u00f6zben tov\u00e1bbra is hat\u00e9kony er\u0151\u00e1tvitelt kell biztos\u00edtani a f\u0171ny\u00edr\u00f3 peng\u00e9ihez.<\/li>\n<li><strong>Kompakt \u00e9s k\u00f6nny\u0171 kialak\u00edt\u00e1s<\/strong><br \/>\nNagy teljes\u00edtm\u00e9nye ellen\u00e9re az FMP-1ZS-380 kompakt \u00e9s k\u00f6nny\u0171 kialak\u00edt\u00e1s\u00fa. Ez biztos\u00edtja, hogy k\u00f6nnyen integr\u00e1lhat\u00f3 k\u00fcl\u00f6nf\u00e9le f\u0171ny\u00edr\u00f3 modellekbe an\u00e9lk\u00fcl, hogy felesleges s\u00falyt kellene hozz\u00e1adni, jav\u00edtva a man\u0151verezhet\u0151s\u00e9get \u00e9s a k\u00f6nny\u0171 kezelhet\u0151s\u00e9get.<\/li>\n<li><strong>Prec\u00edzi\u00f3s m\u00e9rn\u00f6ki munka<\/strong><br \/>\nA szigor\u00fa min\u0151s\u00e9gellen\u0151rz\u00e9si szabv\u00e1nyok betart\u00e1s\u00e1val gy\u00e1rtott FMP-1ZS-380 prec\u00edzi\u00f3san megtervezett fogaskerekekkel rendelkezik, amelyek cs\u00f6kkentik a holtj\u00e1t\u00e9kot \u00e9s jav\u00edtj\u00e1k az \u00f6sszteljes\u00edtm\u00e9nyt. Ez sim\u00e1bb m\u0171k\u00f6d\u00e9st biztos\u00edt, jav\u00edtva a f\u0171ny\u00edr\u00e1s min\u0151s\u00e9g\u00e9t.<\/li>\n<\/ol>\n<p>\u00d6sszefoglalva, az FMP-1ZS-380 f\u0171ny\u00edr\u00f3 sebess\u00e9gv\u00e1lt\u00f3ja a nagy teljes\u00edtm\u00e9nyt, a tart\u00f3ss\u00e1got, a k\u00f6nny\u0171 karbantart\u00e1st \u00e9s a testreszab\u00e1si lehet\u0151s\u00e9geket \u00f6tv\u00f6zi, \u00edgy kiv\u00e1l\u00f3 v\u00e1laszt\u00e1s mind lakoss\u00e1gi, mind kereskedelmi f\u0171ny\u00edr\u00e1si alkalmaz\u00e1sokhoz.<\/p>\n<p><img loading=\"lazy\" decoding=\"async\" class=\"alignnone size-full wp-image-1994\" src=\"https:\/\/fmp-components.com\/wp-content\/uploads\/2024\/12\/Lawn-Mower-Gearbox-7.webp\" alt=\"F\u0171ny\u00edr\u00f3 sebess\u00e9gv\u00e1lt\u00f3\" width=\"1502\" height=\"805\" title=\"\" srcset=\"https:\/\/fmp-components.com\/wp-content\/uploads\/2024\/12\/Lawn-Mower-Gearbox-7.webp 1502w, https:\/\/fmp-components.com\/wp-content\/uploads\/2024\/12\/Lawn-Mower-Gearbox-7-1280x686.webp 1280w, https:\/\/fmp-components.com\/wp-content\/uploads\/2024\/12\/Lawn-Mower-Gearbox-7-980x525.webp 980w, https:\/\/fmp-components.com\/wp-content\/uploads\/2024\/12\/Lawn-Mower-Gearbox-7-480x257.webp 480w\" sizes=\"(min-width: 0px) and (max-width: 480px) 480px, (min-width: 481px) and (max-width: 980px) 980px, (min-width: 981px) and (max-width: 1280px) 1280px, (min-width: 1281px) 1502px, 100vw\" \/><\/p>\n<h3>Az FMP-r\u0151l<\/h3>\n<p>Az olaszorsz\u00e1gi sz\u00e9khely\u0171 FMP vezet\u0151 gy\u00e1rt\u00f3, amely mez\u0151gazdas\u00e1gi g\u00e9pek nagy teljes\u00edtm\u00e9ny\u0171 sebess\u00e9gv\u00e1lt\u00f3ira specializ\u00e1l\u00f3dott. A prec\u00edzi\u00f3s m\u00e9rn\u00f6ki munk\u00e1r\u00f3l, az innov\u00e1ci\u00f3r\u00f3l \u00e9s a megb\u00edzhat\u00f3s\u00e1gr\u00f3l ismert c\u00e9g\u00fcnk sebess\u00e9gv\u00e1lt\u00f3k sz\u00e9les v\u00e1laszt\u00e9k\u00e1t k\u00edn\u00e1lja, bele\u00e9rtve a f\u0171ny\u00edr\u00f3k sebess\u00e9gv\u00e1lt\u00f3it \u00e9s olyan alapvet\u0151 alkatr\u00e9szeket, mint a kard\u00e1ntengelyek. K\u00fcldet\u00e9s\u00fcnk, hogy testreszabott megold\u00e1sokat k\u00edn\u00e1ljunk, amelyek megfelelnek a mez\u0151gazdas\u00e1gi \u00e9s ipari szektorok speci\u00e1lis ig\u00e9nyeinek, ak\u00e1r egyedi term\u00e9kek, ak\u00e1r integr\u00e1lt rendszerek r\u00e9v\u00e9n.<\/p>\n<p>Meg\u00e9rtj\u00fck, hogy minden \u00fcgyf\u00e9lnek egyedi ig\u00e9nyei vannak, ez\u00e9rt kiv\u00e1l\u00f3an szabjuk testre term\u00e9keinket ezekhez az ig\u00e9nyekhez. Ak\u00e1r speci\u00e1lis sebess\u00e9gv\u00e1lt\u00f3ra, ak\u00e1r komplett rendszerre van sz\u00fcks\u00e9ge, szorosan egy\u00fcttm\u0171k\u00f6d\u00fcnk \u00d6nnel, hogy a leghat\u00e9konyabb \u00e9s legeredm\u00e9nyesebb megold\u00e1sokat k\u00edn\u00e1ljuk. Gyors \u00e9s professzion\u00e1lis v\u00e1laszaink, valamint szak\u00e9rt\u0151i tan\u00e1csaink biztos\u00edtj\u00e1k, hogy minden megkeres\u00e9st gondosan \u00e9s prec\u00edzen kezelj\u00fcnk.<\/p>\n<p>Az FMP-n\u00e9l a ny\u00edlt kommunik\u00e1ci\u00f3t \u00e9s egy\u00fcttm\u0171k\u00f6d\u00e9st helyezz\u00fck el\u0151t\u00e9rbe, k\u00fcl\u00f6n\u00f6sen \u00faj term\u00e9kek fejleszt\u00e9se sor\u00e1n. Csapatunk egy\u00fcttm\u0171k\u00f6dik az \u00fcgyfelekkel, hogy meg\u00e9rtse kih\u00edv\u00e1saikat, \u00e9s olyan betekint\u00e9st ny\u00fajtson, amely optim\u00e1lis megold\u00e1sokhoz vezet. Elk\u00f6telezettek vagyunk a kiv\u00e1l\u00f3 min\u0151s\u00e9g\u0171, prec\u00edzi\u00f3san megtervezett term\u00e9kek hat\u00e1rid\u0151re t\u00f6rt\u00e9n\u0151 lesz\u00e1ll\u00edt\u00e1sa ir\u00e1nt, legyen sz\u00f3 \u00faj fejleszt\u00e9sekr\u0151l vagy megl\u00e9v\u0151 megrendel\u00e9sekr\u0151l.<\/p>\n<p>A min\u0151s\u00e9g az FMP m\u0171k\u00f6d\u00e9s\u00e9nek k\u00f6z\u00e9ppontj\u00e1ban \u00e1ll. Gy\u00e1rt\u00e1si folyamataink a legmagasabb szabv\u00e1nyoknak felelnek meg, biztos\u00edtva a pontoss\u00e1got \u00e9s a nulla hib\u00e1t. A szigor\u00fa min\u0151s\u00e9gellen\u0151rz\u00e9s garant\u00e1lja, hogy minden term\u00e9k megfeleljen, vagy meghaladja az ipar\u00e1gi szabv\u00e1nyokat. Ez a min\u0151s\u00e9g ir\u00e1nti elk\u00f6telezetts\u00e9g, valamint az olyan alapvet\u0151 \u00e9rt\u00e9keink, mint az integrit\u00e1s, a csapatmunka \u00e9s a kitart\u00e1s, lehet\u0151v\u00e9 tette sz\u00e1munkra, hogy k\u00f6zel 30 orsz\u00e1gban er\u0151s kapcsolatokat \u00e9p\u00edts\u00fcnk ki \u00fcgyfeleinkkel.<\/p>\n<p>Az FMP mindig nyitott a glob\u00e1lis partners\u00e9gekre, szak\u00e9rt\u0151i tan\u00e1csokat \u00e9s szem\u00e9lyre szabott megold\u00e1sokat k\u00edn\u00e1lva. Megk\u00f6zel\u00edt\u00e9s\u00fcnk t\u00falmutat a term\u00e9kek egyszer\u0171 lesz\u00e1ll\u00edt\u00e1s\u00e1n; olyan hossz\u00fa t\u00e1v\u00fa kapcsolatok ki\u00e9p\u00edt\u00e9s\u00e9re t\u00f6reksz\u00fcnk, amelyek k\u00f6lcs\u00f6n\u00f6s sikert eredm\u00e9nyeznek. Ak\u00e1r \u00faj megold\u00e1sokra, ak\u00e1r megl\u00e9v\u0151 rendszerek t\u00e1mogat\u00e1s\u00e1ra van sz\u00fcks\u00e9ge, az FMP elk\u00f6telezett a technikai kih\u00edv\u00e1sok kezel\u00e9se \u00e9s a folyamatos siker biztos\u00edt\u00e1sa ir\u00e1nt.<\/p>\n<p><img loading=\"lazy\" decoding=\"async\" class=\"alignnone size-full wp-image-1861\" src=\"https:\/\/fmp-components.com\/wp-content\/uploads\/2024\/12\/Other-Agricultural-Gearboxes.webp\" sizes=\"(min-width: 0px) and (max-width: 480px) 480px, (min-width: 481px) and (max-width: 980px) 980px, (min-width: 981px) 1200px, 100vw\" srcset=\"https:\/\/fmp-components.com\/wp-content\/uploads\/2024\/12\/Other-Agricultural-Gearboxes.webp 1200w, https:\/\/fmp-components.com\/wp-content\/uploads\/2024\/12\/Other-Agricultural-Gearboxes-980x1143.webp 980w, https:\/\/fmp-components.com\/wp-content\/uploads\/2024\/12\/Other-Agricultural-Gearboxes-480x560.webp 480w\" alt=\"Altri-cambi-agricoli\" width=\"1200\" height=\"1400\" title=\"\"><\/p>\n<p>Szerz\u0151: CX<\/p>","protected":false},"excerpt":{"rendered":"<p>FMP-1ZS-380 Lawn Mower Gearbox Specification ITEM FMP-1ZS-380 Lawn Mower Gearbox Ratio 1:1.24 Teeth 21\/17\/17\/17 Module 7.0 Power\uff08HP\uff09 100 Rated Input 540rpm Input\/Output description \u00a0Spline Weight\uff08N.W\uff09 42.5Kg Advantages of FMP-1ZS-380 Lawn Mower Gearbox High Performance &amp; Efficiency The FMP-1ZS-380 lawn mower gearbox is designed for optimal power transmission, ensuring that the mower operates at peak efficiency. [&hellip;]<\/p>","protected":false},"featured_media":2005,"comment_status":"open","ping_status":"closed","template":"","meta":{"_et_pb_use_builder":"","_et_pb_old_content":"","_et_gb_content_width":""},"product_brand":[],"product_cat":[52],"product_tag":[],"class_list":{"0":"post-1999","1":"product","2":"type-product","3":"status-publish","4":"has-post-thumbnail","6":"product_cat-lawn-mower-gearbox","8":"first","9":"instock","10":"shipping-taxable","11":"product-type-simple"},"_links":{"self":[{"href":"https:\/\/fmp-components.com\/hu\/wp-json\/wp\/v2\/product\/1999","targetHints":{"allow":["GET"]}}],"collection":[{"href":"https:\/\/fmp-components.com\/hu\/wp-json\/wp\/v2\/product"}],"about":[{"href":"https:\/\/fmp-components.com\/hu\/wp-json\/wp\/v2\/types\/product"}],"replies":[{"embeddable":true,"href":"https:\/\/fmp-components.com\/hu\/wp-json\/wp\/v2\/comments?post=1999"}],"wp:featuredmedia":[{"embeddable":true,"href":"https:\/\/fmp-components.com\/hu\/wp-json\/wp\/v2\/media\/2005"}],"wp:attachment":[{"href":"https:\/\/fmp-components.com\/hu\/wp-json\/wp\/v2\/media?parent=1999"}],"wp:term":[{"taxonomy":"product_brand","embeddable":true,"href":"https:\/\/fmp-components.com\/hu\/wp-json\/wp\/v2\/product_brand?post=1999"},{"taxonomy":"product_cat","embeddable":true,"href":"https:\/\/fmp-components.com\/hu\/wp-json\/wp\/v2\/product_cat?post=1999"},{"taxonomy":"product_tag","embeddable":true,"href":"https:\/\/fmp-components.com\/hu\/wp-json\/wp\/v2\/product_tag?post=1999"}],"curies":[{"name":"munkaf\u00fczet","href":"https:\/\/api.w.org\/{rel}","templated":true}]}}