{"id":1993,"date":"2024-12-26T08:39:30","date_gmt":"2024-12-26T08:39:30","guid":{"rendered":"https:\/\/fmp-components.com\/?page_id=8"},"modified":"2024-12-26T08:43:04","modified_gmt":"2024-12-26T08:43:04","slug":"agricultural-lawn-mower-gearbox-fmp-966109","status":"publish","type":"product","link":"https:\/\/fmp-components.com\/hu\/product\/agricultural-lawn-mower-gearbox-fmp-966109\/","title":{"rendered":"Mez\u0151gazdas\u00e1gi f\u0171ny\u00edr\u00f3 sebess\u00e9gv\u00e1lt\u00f3 FMP-966109"},"content":{"rendered":"<h2>Mez\u0151gazdas\u00e1gi f\u0171ny\u00edr\u00f3 sebess\u00e9gv\u00e1lt\u00f3 FMP-966109 specifik\u00e1ci\u00f3<\/h2>\n<p><img loading=\"lazy\" decoding=\"async\" class=\"size-full wp-image-1997 alignleft\" src=\"https:\/\/fmp-components.com\/wp-content\/uploads\/2024\/12\/fmp_agricultural-gearbox-HC-GS4RC-2-1.webp\" alt=\"fmp_mez\u0151gazdas\u00e1gi-sebess\u00e9gv\u00e1lt\u00f3-HC-GS4RC-2-1\" width=\"506\" height=\"640\" title=\"\" srcset=\"https:\/\/fmp-components.com\/wp-content\/uploads\/2024\/12\/fmp_agricultural-gearbox-HC-GS4RC-2-1.webp 506w, https:\/\/fmp-components.com\/wp-content\/uploads\/2024\/12\/fmp_agricultural-gearbox-HC-GS4RC-2-1-480x607.webp 480w\" sizes=\"(min-width: 0px) and (max-width: 480px) 480px, (min-width: 481px) 506px, 100vw\" \/><img loading=\"lazy\" decoding=\"async\" class=\"wp-image-1996 aligncenter\" src=\"https:\/\/fmp-components.com\/wp-content\/uploads\/2024\/12\/FMP_agricultural-gearbox-HC-966109.webp\" alt=\"FMP_mez\u0151gazdas\u00e1gi-sebess\u00e9gv\u00e1lt\u00f3-HC-966109\" width=\"383\" height=\"383\" title=\"\" srcset=\"https:\/\/fmp-components.com\/wp-content\/uploads\/2024\/12\/FMP_agricultural-gearbox-HC-966109.webp 400w, https:\/\/fmp-components.com\/wp-content\/uploads\/2024\/12\/FMP_agricultural-gearbox-HC-966109-300x300.webp 300w, https:\/\/fmp-components.com\/wp-content\/uploads\/2024\/12\/FMP_agricultural-gearbox-HC-966109-150x150.webp 150w, https:\/\/fmp-components.com\/wp-content\/uploads\/2024\/12\/FMP_agricultural-gearbox-HC-966109-12x12.webp 12w, https:\/\/fmp-components.com\/wp-content\/uploads\/2024\/12\/FMP_agricultural-gearbox-HC-966109-100x100.webp 100w\" sizes=\"(max-width: 383px) 100vw, 383px\" \/><\/p>\n<table style=\"width: 92.3941%; height: 221px;\" border=\"1\">\n<tbody>\n<tr>\n<td style=\"width: 31.5789%;\"><strong>T\u00c9TEL<\/strong><\/td>\n<td style=\"width: 67.7193%;\">FMP-966109<\/td>\n<\/tr>\n<tr>\n<td style=\"width: 31.5789%;\"><strong>H\u00e1nyados<\/strong><\/td>\n<td style=\"width: 67.7193%;\">1:1.47\/1:1.93<\/td>\n<\/tr>\n<tr>\n<td style=\"width: 31.5789%;\"><strong>Fogak<\/strong><\/td>\n<td style=\"width: 67.7193%;\">13\/19 14\/27<\/td>\n<\/tr>\n<tr>\n<td style=\"width: 31.5789%;\"><strong>Modul<\/strong><\/td>\n<td style=\"width: 67.7193%;\">\u00a07.0 \/5.5<\/td>\n<\/tr>\n<tr>\n<td style=\"width: 31.5789%;\"><strong>Teljes\u00edtm\u00e9ny (LE)<\/strong><\/td>\n<td style=\"width: 67.7193%;\">60<\/td>\n<\/tr>\n<tr>\n<td style=\"width: 31.5789%;\"><strong>N\u00e9vleges bemenet<\/strong><\/td>\n<td style=\"width: 67.7193%;\">540 fordulat\/perc<\/td>\n<\/tr>\n<tr>\n<td style=\"width: 31.5789%;\"><strong>Bemenet\/Kimenet le\u00edr\u00e1sa<\/strong><\/td>\n<td style=\"width: 67.7193%;\">\u00a01 3\/8 Z6\/1 3\/4 Z20 Optikai tengely1 K\u00fapos bord\u00e1s tengely<\/td>\n<\/tr>\n<tr>\n<td style=\"width: 31.5789%;\"><strong>S\u00faly (NW)<\/strong><\/td>\n<td style=\"width: 67.7193%;\">29 kg<\/td>\n<\/tr>\n<\/tbody>\n<\/table>\n<h2>F\u0171ny\u00edr\u00f3 sebess\u00e9gv\u00e1lt\u00f3 alkatr\u00e9szeinek tervez\u00e9se<\/h2>\n<p><img loading=\"lazy\" decoding=\"async\" class=\"alignnone size-full wp-image-1995\" src=\"https:\/\/fmp-components.com\/wp-content\/uploads\/2024\/12\/Lawn-Mower-Gearbox-Parts-Design.webp\" alt=\"F\u0171ny\u00edr\u00f3 sebess\u00e9gv\u00e1lt\u00f3\" width=\"1000\" height=\"614\" title=\"\" srcset=\"https:\/\/fmp-components.com\/wp-content\/uploads\/2024\/12\/Lawn-Mower-Gearbox-Parts-Design.webp 1000w, https:\/\/fmp-components.com\/wp-content\/uploads\/2024\/12\/Lawn-Mower-Gearbox-Parts-Design-980x602.webp 980w, https:\/\/fmp-components.com\/wp-content\/uploads\/2024\/12\/Lawn-Mower-Gearbox-Parts-Design-480x295.webp 480w\" sizes=\"(min-width: 0px) and (max-width: 480px) 480px, (min-width: 481px) and (max-width: 980px) 980px, (min-width: 981px) 1000px, 100vw\" \/><\/p>\n<h3>Mez\u0151gazdas\u00e1gi f\u0171ny\u00edr\u00f3 sebess\u00e9gv\u00e1lt\u00f3 jellemz\u0151i<\/h3>\n<ol>\n<li><strong>Testreszabhat\u00f3 \u00e1tviteli ar\u00e1nyok<\/strong>K\u00fcl\u00f6nb\u00f6z\u0151 \u00e1tt\u00e9teleket k\u00edn\u00e1lunk, az \u00d6n egyedi ig\u00e9nyeinek megfelel\u0151en.<\/li>\n<li><strong>Professzion\u00e1lis min\u0151s\u00e9gellen\u0151rz\u00e9s<\/strong>Elk\u00f6telezett min\u0151s\u00e9gellen\u0151rz\u00e9si r\u00e9szleg\u00fcnk fejlett ellen\u0151rz\u0151 berendez\u00e9seket haszn\u00e1l a pontos m\u00e9retek, a minim\u00e1lis holtj\u00e1t\u00e9k \u00e9s az alacsony zajszint biztos\u00edt\u00e1s\u00e1ra minden sebess\u00e9gv\u00e1lt\u00f3ban.<\/li>\n<li><strong>ODM \u00e9s OEM k\u00e9pess\u00e9gek<\/strong>Technol\u00f3giai r\u00e9szleg\u00fcnk felk\u00e9sz\u00fclt arra, hogy az \u00d6n egyedi ig\u00e9nyei alapj\u00e1n egyedi sebess\u00e9gv\u00e1lt\u00f3kat tervezzen \u00e9s fejlesszen, mind eredeti tervez\u00e9s\u0171 gy\u00e1rt\u00f3i (ODM), mind eredeti berendez\u00e9sgy\u00e1rt\u00f3i (OEM) szolg\u00e1ltat\u00e1sokat ny\u00fajtva.<\/li>\n<li><strong>J\u00f3t\u00e1ll\u00e1si id\u0151szak<\/strong>Term\u00e9keink hossz\u00fa \u00e9lettartam\u00e1nak \u00e9s megb\u00edzhat\u00f3s\u00e1g\u00e1nak biztos\u00edt\u00e1sa \u00e9rdek\u00e9ben 1,5-2 \u00e9v garanci\u00e1t k\u00edn\u00e1lunk.<\/li>\n<li><strong>Kiterjedt tapasztalat<\/strong>T\u00f6bb mint 20 \u00e9ves ipar\u00e1gi tapasztalattal rendelkez\u00fcnk, sebess\u00e9gv\u00e1lt\u00f3ink biztons\u00e1gukr\u00f3l, megb\u00edzhat\u00f3s\u00e1gukr\u00f3l, k\u00f6lts\u00e9ghat\u00e9konys\u00e1gukr\u00f3l \u00e9s tart\u00f3ss\u00e1gukr\u00f3l ismertek.<\/li>\n<li><strong>Szigor\u00fa csomagol\u00e1si \u00e9s sz\u00e1ll\u00edt\u00e1si ellen\u0151rz\u00e9s<\/strong>Minden munkat\u00e1rsunk magasan k\u00e9pzett, hogy biztos\u00edtsuk a legmagasabb min\u0151s\u00e9gi szabv\u00e1nyok betart\u00e1s\u00e1t. Minden sebess\u00e9gv\u00e1lt\u00f3 100% ellen\u0151rz\u00e9sen esik \u00e1t a sz\u00e1ll\u00edt\u00e1s el\u0151tt a hib\u00e1tlan teljes\u00edtm\u00e9ny garant\u00e1l\u00e1sa \u00e9rdek\u00e9ben.<\/li>\n<\/ol>\n<p>Elk\u00f6telezettek vagyunk a kiv\u00e9teles formatervez\u00e9s, a professzion\u00e1lis min\u0151s\u00e9gellen\u0151rz\u00e9s, a versenyk\u00e9pes \u00e1rak \u00e9s a kiemelked\u0151 \u00fcgyf\u00e9lszolg\u00e1lat ir\u00e1nt, hogy megfelelj\u00fcnk az \u00d6n ig\u00e9nyeinek.<\/p>\n<p><img loading=\"lazy\" decoding=\"async\" class=\"alignnone size-full wp-image-1994\" src=\"https:\/\/fmp-components.com\/wp-content\/uploads\/2024\/12\/Lawn-Mower-Gearbox-7.webp\" alt=\"F\u0171ny\u00edr\u00f3 sebess\u00e9gv\u00e1lt\u00f3\" width=\"1502\" height=\"805\" title=\"\" srcset=\"https:\/\/fmp-components.com\/wp-content\/uploads\/2024\/12\/Lawn-Mower-Gearbox-7.webp 1502w, https:\/\/fmp-components.com\/wp-content\/uploads\/2024\/12\/Lawn-Mower-Gearbox-7-1280x686.webp 1280w, https:\/\/fmp-components.com\/wp-content\/uploads\/2024\/12\/Lawn-Mower-Gearbox-7-980x525.webp 980w, https:\/\/fmp-components.com\/wp-content\/uploads\/2024\/12\/Lawn-Mower-Gearbox-7-480x257.webp 480w\" sizes=\"(min-width: 0px) and (max-width: 480px) 480px, (min-width: 481px) and (max-width: 980px) 980px, (min-width: 981px) and (max-width: 1280px) 1280px, (min-width: 1281px) 1502px, 100vw\" \/><\/p>\n<h3>Az FMP-r\u0151l<\/h3>\n<p>Az olaszorsz\u00e1gi sz\u00e9khely\u0171 FMP vezet\u0151 gy\u00e1rt\u00f3, amely mez\u0151gazdas\u00e1gi g\u00e9pek nagy teljes\u00edtm\u00e9ny\u0171 sebess\u00e9gv\u00e1lt\u00f3ira specializ\u00e1l\u00f3dott. A prec\u00edzi\u00f3s m\u00e9rn\u00f6ki munk\u00e1r\u00f3l, az innov\u00e1ci\u00f3r\u00f3l \u00e9s a megb\u00edzhat\u00f3s\u00e1gr\u00f3l ismert c\u00e9g\u00fcnk sebess\u00e9gv\u00e1lt\u00f3k sz\u00e9les v\u00e1laszt\u00e9k\u00e1t k\u00edn\u00e1lja, bele\u00e9rtve a f\u0171ny\u00edr\u00f3k sebess\u00e9gv\u00e1lt\u00f3it \u00e9s olyan alapvet\u0151 alkatr\u00e9szeket, mint a kard\u00e1ntengelyek. K\u00fcldet\u00e9s\u00fcnk, hogy testreszabott megold\u00e1sokat k\u00edn\u00e1ljunk, amelyek megfelelnek a mez\u0151gazdas\u00e1gi \u00e9s ipari szektorok speci\u00e1lis ig\u00e9nyeinek, ak\u00e1r egyedi term\u00e9kek, ak\u00e1r integr\u00e1lt rendszerek r\u00e9v\u00e9n.<\/p>\n<p>Meg\u00e9rtj\u00fck, hogy minden \u00fcgyf\u00e9lnek egyedi ig\u00e9nyei vannak, ez\u00e9rt kiv\u00e1l\u00f3an szabjuk testre term\u00e9keinket ezekhez az ig\u00e9nyekhez. Ak\u00e1r speci\u00e1lis sebess\u00e9gv\u00e1lt\u00f3ra, ak\u00e1r komplett rendszerre van sz\u00fcks\u00e9ge, szorosan egy\u00fcttm\u0171k\u00f6d\u00fcnk \u00d6nnel, hogy a leghat\u00e9konyabb \u00e9s legeredm\u00e9nyesebb megold\u00e1sokat k\u00edn\u00e1ljuk. Gyors \u00e9s professzion\u00e1lis v\u00e1laszaink, valamint szak\u00e9rt\u0151i tan\u00e1csaink biztos\u00edtj\u00e1k, hogy minden megkeres\u00e9st gondosan \u00e9s prec\u00edzen kezelj\u00fcnk.<\/p>\n<p>Az FMP-n\u00e9l a ny\u00edlt kommunik\u00e1ci\u00f3t \u00e9s egy\u00fcttm\u0171k\u00f6d\u00e9st helyezz\u00fck el\u0151t\u00e9rbe, k\u00fcl\u00f6n\u00f6sen \u00faj term\u00e9kek fejleszt\u00e9se sor\u00e1n. Csapatunk egy\u00fcttm\u0171k\u00f6dik az \u00fcgyfelekkel, hogy meg\u00e9rtse kih\u00edv\u00e1saikat, \u00e9s olyan betekint\u00e9st ny\u00fajtson, amely optim\u00e1lis megold\u00e1sokhoz vezet. Elk\u00f6telezettek vagyunk a kiv\u00e1l\u00f3 min\u0151s\u00e9g\u0171, prec\u00edzi\u00f3san megtervezett term\u00e9kek hat\u00e1rid\u0151re t\u00f6rt\u00e9n\u0151 lesz\u00e1ll\u00edt\u00e1sa ir\u00e1nt, legyen sz\u00f3 \u00faj fejleszt\u00e9sekr\u0151l vagy megl\u00e9v\u0151 megrendel\u00e9sekr\u0151l.<\/p>\n<p>A min\u0151s\u00e9g az FMP m\u0171k\u00f6d\u00e9s\u00e9nek k\u00f6z\u00e9ppontj\u00e1ban \u00e1ll. Gy\u00e1rt\u00e1si folyamataink a legmagasabb szabv\u00e1nyoknak felelnek meg, biztos\u00edtva a pontoss\u00e1got \u00e9s a nulla hib\u00e1t. A szigor\u00fa min\u0151s\u00e9gellen\u0151rz\u00e9s garant\u00e1lja, hogy minden term\u00e9k megfeleljen, vagy meghaladja az ipar\u00e1gi szabv\u00e1nyokat. Ez a min\u0151s\u00e9g ir\u00e1nti elk\u00f6telezetts\u00e9g, valamint az olyan alapvet\u0151 \u00e9rt\u00e9keink, mint az integrit\u00e1s, a csapatmunka \u00e9s a kitart\u00e1s, lehet\u0151v\u00e9 tette sz\u00e1munkra, hogy k\u00f6zel 30 orsz\u00e1gban er\u0151s kapcsolatokat \u00e9p\u00edts\u00fcnk ki \u00fcgyfeleinkkel.<\/p>\n<p>Az FMP mindig nyitott a glob\u00e1lis partners\u00e9gekre, szak\u00e9rt\u0151i tan\u00e1csokat \u00e9s szem\u00e9lyre szabott megold\u00e1sokat k\u00edn\u00e1lva. Megk\u00f6zel\u00edt\u00e9s\u00fcnk t\u00falmutat a term\u00e9kek egyszer\u0171 lesz\u00e1ll\u00edt\u00e1s\u00e1n; olyan hossz\u00fa t\u00e1v\u00fa kapcsolatok ki\u00e9p\u00edt\u00e9s\u00e9re t\u00f6reksz\u00fcnk, amelyek k\u00f6lcs\u00f6n\u00f6s sikert eredm\u00e9nyeznek. Ak\u00e1r \u00faj megold\u00e1sokra, ak\u00e1r megl\u00e9v\u0151 rendszerek t\u00e1mogat\u00e1s\u00e1ra van sz\u00fcks\u00e9ge, az FMP elk\u00f6telezett a technikai kih\u00edv\u00e1sok kezel\u00e9se \u00e9s a folyamatos siker biztos\u00edt\u00e1sa ir\u00e1nt.<\/p>\n<p><img loading=\"lazy\" decoding=\"async\" class=\"alignnone size-full wp-image-1861\" src=\"https:\/\/fmp-components.com\/wp-content\/uploads\/2024\/12\/Other-Agricultural-Gearboxes.webp\" sizes=\"(min-width: 0px) and (max-width: 480px) 480px, (min-width: 481px) and (max-width: 980px) 980px, (min-width: 981px) 1200px, 100vw\" srcset=\"https:\/\/fmp-components.com\/wp-content\/uploads\/2024\/12\/Other-Agricultural-Gearboxes.webp 1200w, https:\/\/fmp-components.com\/wp-content\/uploads\/2024\/12\/Other-Agricultural-Gearboxes-980x1143.webp 980w, https:\/\/fmp-components.com\/wp-content\/uploads\/2024\/12\/Other-Agricultural-Gearboxes-480x560.webp 480w\" alt=\"Altri-cambi-agricoli\" width=\"1200\" height=\"1400\" title=\"\"><\/p>\n<p>Szerz\u0151: CX<\/p>","protected":false},"excerpt":{"rendered":"<p>Agricultural Lawn Mower Gearbox FMP-966109 Specification ITEM FMP-966109 Ratio 1:1.47\/1:1.93 Teeth 13\/19 14\/27 Module \u00a07.0 \/5.5 Power(HP) 60 Rated Input 540rpm Input\/Output Description \u00a01 3\/8 Z6\/1 3\/4 Z20 Optic ax1 Taper spline Weight(N.W) 29KG Lawn Mower Gearbox Parts Design Agricultural Lawnmower Gearbox Features Customizable Transmission Ratios: We offer a variety of transmission ratios tailored to [&hellip;]<\/p>","protected":false},"featured_media":1996,"comment_status":"open","ping_status":"closed","template":"","meta":{"_et_pb_use_builder":"","_et_pb_old_content":"","_et_gb_content_width":""},"product_brand":[],"product_cat":[52],"product_tag":[],"class_list":{"0":"post-1993","1":"product","2":"type-product","3":"status-publish","4":"has-post-thumbnail","6":"product_cat-lawn-mower-gearbox","8":"first","9":"instock","10":"shipping-taxable","11":"product-type-simple"},"_links":{"self":[{"href":"https:\/\/fmp-components.com\/hu\/wp-json\/wp\/v2\/product\/1993","targetHints":{"allow":["GET"]}}],"collection":[{"href":"https:\/\/fmp-components.com\/hu\/wp-json\/wp\/v2\/product"}],"about":[{"href":"https:\/\/fmp-components.com\/hu\/wp-json\/wp\/v2\/types\/product"}],"replies":[{"embeddable":true,"href":"https:\/\/fmp-components.com\/hu\/wp-json\/wp\/v2\/comments?post=1993"}],"wp:featuredmedia":[{"embeddable":true,"href":"https:\/\/fmp-components.com\/hu\/wp-json\/wp\/v2\/media\/1996"}],"wp:attachment":[{"href":"https:\/\/fmp-components.com\/hu\/wp-json\/wp\/v2\/media?parent=1993"}],"wp:term":[{"taxonomy":"product_brand","embeddable":true,"href":"https:\/\/fmp-components.com\/hu\/wp-json\/wp\/v2\/product_brand?post=1993"},{"taxonomy":"product_cat","embeddable":true,"href":"https:\/\/fmp-components.com\/hu\/wp-json\/wp\/v2\/product_cat?post=1993"},{"taxonomy":"product_tag","embeddable":true,"href":"https:\/\/fmp-components.com\/hu\/wp-json\/wp\/v2\/product_tag?post=1993"}],"curies":[{"name":"munkaf\u00fczet","href":"https:\/\/api.w.org\/{rel}","templated":true}]}}