{"id":1989,"date":"2024-12-26T08:28:11","date_gmt":"2024-12-26T08:28:11","guid":{"rendered":"https:\/\/fmp-components.com\/?page_id=8"},"modified":"2024-12-26T08:28:11","modified_gmt":"2024-12-26T08:28:11","slug":"fmp-40002-lawn-mower-gearbox","status":"publish","type":"product","link":"https:\/\/fmp-components.com\/hu\/product\/fmp-40002-lawn-mower-gearbox\/","title":{"rendered":"FMP-40002 f\u0171ny\u00edr\u00f3 sebess\u00e9gv\u00e1lt\u00f3"},"content":{"rendered":"<p><img loading=\"lazy\" decoding=\"async\" class=\"size-full wp-image-1991 aligncenter\" src=\"https:\/\/fmp-components.com\/wp-content\/uploads\/2024\/12\/fmp_agricultural-gearbox-HC-40002.webp\" alt=\"fmp_mez\u0151gazdas\u00e1gi-sebess\u00e9gv\u00e1lt\u00f3-HC-40002\" width=\"400\" height=\"400\" title=\"\" srcset=\"https:\/\/fmp-components.com\/wp-content\/uploads\/2024\/12\/fmp_agricultural-gearbox-HC-40002.webp 400w, https:\/\/fmp-components.com\/wp-content\/uploads\/2024\/12\/fmp_agricultural-gearbox-HC-40002-300x300.webp 300w, https:\/\/fmp-components.com\/wp-content\/uploads\/2024\/12\/fmp_agricultural-gearbox-HC-40002-150x150.webp 150w, https:\/\/fmp-components.com\/wp-content\/uploads\/2024\/12\/fmp_agricultural-gearbox-HC-40002-12x12.webp 12w, https:\/\/fmp-components.com\/wp-content\/uploads\/2024\/12\/fmp_agricultural-gearbox-HC-40002-100x100.webp 100w\" sizes=\"(max-width: 400px) 100vw, 400px\" \/><\/p>\n<h2>FMP-40002 f\u0171ny\u00edr\u00f3 sebess\u00e9gv\u00e1lt\u00f3 specifik\u00e1ci\u00f3<\/h2>\n<p><img loading=\"lazy\" decoding=\"async\" class=\"alignnone  wp-image-1990\" src=\"https:\/\/fmp-components.com\/wp-content\/uploads\/2024\/12\/fmp_agricultural-gearbox-HC-40002-1.webp\" alt=\"fmp_mez\u0151gazdas\u00e1gi-sebess\u00e9gv\u00e1lt\u00f3-HC-40002\" width=\"849\" height=\"572\" title=\"\" srcset=\"https:\/\/fmp-components.com\/wp-content\/uploads\/2024\/12\/fmp_agricultural-gearbox-HC-40002-1.webp 849w, https:\/\/fmp-components.com\/wp-content\/uploads\/2024\/12\/fmp_agricultural-gearbox-HC-40002-1-480x323.webp 480w\" sizes=\"(min-width: 0px) and (max-width: 480px) 480px, (min-width: 481px) 849px, 100vw\" \/><\/p>\n<table style=\"width: 97.3284%; height: 220px;\" border=\"1\">\n<tbody>\n<tr>\n<td style=\"width: 27.852%;\">T\u00c9TEL<\/td>\n<td style=\"width: 71.5313%;\">40002 F\u0171ny\u00edr\u00f3 sebess\u00e9gv\u00e1lt\u00f3<\/td>\n<\/tr>\n<tr>\n<td style=\"width: 27.852%;\">H\u00e1nyados<\/td>\n<td style=\"width: 71.5313%;\">3.2:1\/3.77:1\/4.17:1<\/td>\n<\/tr>\n<tr>\n<td style=\"width: 27.852%;\">Fogak<\/td>\n<td style=\"width: 71.5313%;\">15\/48 13\/49 12\/50<\/td>\n<\/tr>\n<tr>\n<td style=\"width: 27.852%;\">Modul<\/td>\n<td style=\"width: 71.5313%;\">15\/48 13\/49 12\/50<\/td>\n<\/tr>\n<tr>\n<td style=\"width: 27.852%;\">Teljes\u00edtm\u00e9ny (LE)<\/td>\n<td style=\"width: 71.5313%;\">85\/85\/85<\/td>\n<\/tr>\n<tr>\n<td style=\"width: 27.852%;\">N\u00e9vleges bemenet<\/td>\n<td style=\"width: 71.5313%;\">540 fordulat\/perc<\/td>\n<\/tr>\n<tr>\n<td style=\"width: 27.852%;\">Bemenet\/Kimenet le\u00edr\u00e1sa<\/td>\n<td style=\"width: 71.5313%;\">\u00a01 3\/4 Z6<\/td>\n<\/tr>\n<tr>\n<td style=\"width: 27.852%;\">S\u00faly (NW)<\/td>\n<td style=\"width: 71.5313%;\">111 kg<\/td>\n<\/tr>\n<\/tbody>\n<\/table>\n<h2>Az FMP-40002 f\u0171ny\u00edr\u00f3 sebess\u00e9gv\u00e1lt\u00f3 el\u0151nyei<\/h2>\n<p>Az FMP-40002 f\u0171ny\u00edr\u00f3 sebess\u00e9gv\u00e1lt\u00f3 egy nagy teljes\u00edtm\u00e9ny\u0171, prec\u00edzi\u00f3san megtervezett alkatr\u00e9sz, amelyet a mez\u0151gazdas\u00e1gi \u00e9s ipari f\u0171ny\u00edr\u00f3k m\u0171k\u00f6d\u00e9s\u00e9nek optimaliz\u00e1l\u00e1s\u00e1ra terveztek. \u00cdme az FMP-40002 sebess\u00e9gv\u00e1lt\u00f3 haszn\u00e1lat\u00e1nak n\u00e9h\u00e1ny f\u0151 el\u0151nye:<\/p>\n<h3>Tart\u00f3ss\u00e1g \u00e9s hossz\u00fa \u00e9lettartam<\/h3>\n<ul>\n<li>Robusztus konstrukci\u00f3: Nagy szil\u00e1rds\u00e1g\u00fa anyagokb\u00f3l k\u00e9sz\u00fclt, az FMP-40002-t \u00fagy tervezt\u00e9k, hogy ellen\u00e1lljon a zord k\u00f6r\u00fclm\u00e9nyeknek \u00e9s a nagy ig\u00e9nybev\u00e9tel\u0171 haszn\u00e1latnak, biztos\u00edtva a hossz\u00fa \u00e9lettartamot.<\/li>\n<li>Korr\u00f3zi\u00f3\u00e1ll\u00f3s\u00e1g: A sebess\u00e9gv\u00e1lt\u00f3t \u00fagy tervezt\u00e9k, hogy ellen\u00e1lljon a kop\u00e1snak \u00e9s a korr\u00f3zi\u00f3nak, \u00edgy ide\u00e1lis a hosszabb ideig tart\u00f3 k\u00fclt\u00e9ri haszn\u00e1latra v\u00e1ltoz\u00f3 id\u0151j\u00e1r\u00e1si k\u00f6r\u00fclm\u00e9nyek k\u00f6z\u00f6tt.<\/li>\n<\/ul>\n<h3>Nagy hat\u00e9konys\u00e1g \u00e9s er\u0151\u00e1tvitel<\/h3>\n<ul>\n<li>Optim\u00e1lis er\u0151\u00e1tvitel: Az FMP-40002 hat\u00e9kony er\u0151\u00e1tvitelt biztos\u00edt a motort\u00f3l a f\u0171ny\u00edr\u00f3k\u00e9sekhez, \u00edgy biztos\u00edtva az \u00e1lland\u00f3 \u00e9s megb\u00edzhat\u00f3 teljes\u00edtm\u00e9nyt m\u0171k\u00f6d\u00e9s k\u00f6zben.<\/li>\n<li>Prec\u00edz sebess\u00e9gszab\u00e1lyoz\u00e1s: Lehet\u0151v\u00e9 teszi a sz\u00fcks\u00e9ges nyomat\u00e9k \u00e9s sebess\u00e9g el\u00e9r\u00e9s\u00e9t a legjobb v\u00e1g\u00e1si eredm\u00e9nyek \u00e9rdek\u00e9ben, m\u00e9g kih\u00edv\u00e1st jelent\u0151 munkak\u00f6r\u00fclm\u00e9nyek k\u00f6z\u00f6tt is.<\/li>\n<\/ul>\n<h3>Testreszab\u00e1si lehet\u0151s\u00e9gek<\/h3>\n<ul>\n<li>Testreszabott megold\u00e1sok: Az FMP-n\u00e9l meg\u00e9rtj\u00fck, hogy a k\u00fcl\u00f6nb\u00f6z\u0151 f\u0171ny\u00edr\u00f3k elt\u00e9r\u0151 teljes\u00edtm\u00e9nyjellemz\u0151ket ig\u00e9nyelnek. Az FMP-40002 testreszabhat\u00f3 az \u00d6n egyedi ig\u00e9nyeinek megfelel\u0151en, bele\u00e9rtve a kimen\u0151 tengelyek, az \u00e1tt\u00e9telek \u00e9s a r\u00f6gz\u00edt\u00e9si konfigur\u00e1ci\u00f3k be\u00e1ll\u00edt\u00e1s\u00e1t.<\/li>\n<li>Adapt\u00e1lhat\u00f3 kialak\u00edt\u00e1s: A sebess\u00e9gv\u00e1lt\u00f3 k\u00fcl\u00f6nf\u00e9le f\u0171ny\u00edr\u00f3 modellekhez igaz\u00edthat\u00f3, biztos\u00edtva a z\u00f6kken\u0151mentes kompatibilit\u00e1st \u00e9s a cs\u00facsteljes\u00edtm\u00e9nyt.<\/li>\n<\/ul>\n<h3>K\u00f6nny\u0171 karbantart\u00e1s<\/h3>\n<ul>\n<li>Alacsony karbantart\u00e1si ig\u00e9ny: A megb\u00edzhat\u00f3s\u00e1gra tervezett FMP-40002 minim\u00e1lis karbantart\u00e1st ig\u00e9nyel, ami seg\u00edt cs\u00f6kkenteni az \u00e1ll\u00e1sid\u0151t \u00e9s az \u00fczemeltet\u00e9si k\u00f6lts\u00e9geket.<\/li>\n<li>Felhaszn\u00e1l\u00f3bar\u00e1t: A sebess\u00e9gv\u00e1lt\u00f3 egyszer\u0171 kialak\u00edt\u00e1sa \u00e9s k\u00f6nny\u0171 telep\u00edt\u00e9se biztos\u00edtja, hogy a kezel\u0151k minim\u00e1lis m\u0171szaki szak\u00e9rtelemmel gyorsan be\u00e1ll\u00edthass\u00e1k \u00e9s karbantarthass\u00e1k.<\/li>\n<\/ul>\n<h3>K\u00f6lts\u00e9ghat\u00e9konys\u00e1g<\/h3>\n<ul>\n<li>Hossz\u00fa t\u00e1v\u00fa megtakar\u00edt\u00e1s: Nagy tart\u00f3ss\u00e1g\u00e1nak \u00e9s megb\u00edzhat\u00f3s\u00e1g\u00e1nak k\u00f6sz\u00f6nhet\u0151en az FMP-40002 cs\u00f6kkenti a gyakori jav\u00edt\u00e1sok \u00e9s cser\u00e9k sz\u00fcks\u00e9gess\u00e9g\u00e9t, \u00edgy hossz\u00fa t\u00e1von meg\u00e9ri a befektet\u00e9s\u00e9t.<\/li>\n<li>Energiahat\u00e9konys\u00e1g: A hat\u00e9kony er\u0151\u00e1tvitel alacsonyabb energiafogyaszt\u00e1st biztos\u00edt, ami seg\u00edt cs\u00f6kkenteni a f\u0171ny\u00edr\u00f3 \u00fczemeltet\u00e9si k\u00f6lts\u00e9geit.<\/li>\n<\/ul>\n<p>\u00d6sszefoglalva, az FMP-40002 f\u0171ny\u00edr\u00f3 sebess\u00e9gv\u00e1lt\u00f3ja kiemelkedik tart\u00f3ss\u00e1g\u00e1val, hat\u00e9konys\u00e1g\u00e1val \u00e9s sokoldal\u00fas\u00e1g\u00e1val. A sebess\u00e9gv\u00e1lt\u00f3 egyedi ig\u00e9nyekhez val\u00f3 szabhat\u00f3s\u00e1g\u00e1nak k\u00f6sz\u00f6nhet\u0151en ide\u00e1lis v\u00e1laszt\u00e1s a f\u0171ny\u00edr\u00f3k teljes\u00edtm\u00e9ny\u00e9nek fokoz\u00e1s\u00e1ra mind mez\u0151gazdas\u00e1gi, mind ipari alkalmaz\u00e1sokban.<\/p>\n<p><img loading=\"lazy\" decoding=\"async\" class=\"alignnone  wp-image-1992\" src=\"https:\/\/fmp-components.com\/wp-content\/uploads\/2024\/12\/Lawn-Mower-Gearbox-6.webp\" alt=\"F\u0171ny\u00edr\u00f3 sebess\u00e9gv\u00e1lt\u00f3\" width=\"879\" height=\"646\" title=\"\" srcset=\"https:\/\/fmp-components.com\/wp-content\/uploads\/2024\/12\/Lawn-Mower-Gearbox-6.webp 879w, https:\/\/fmp-components.com\/wp-content\/uploads\/2024\/12\/Lawn-Mower-Gearbox-6-480x353.webp 480w\" sizes=\"(min-width: 0px) and (max-width: 480px) 480px, (min-width: 481px) 879px, 100vw\" \/><\/p>\n<h3>Az FMP-r\u0151l<\/h3>\n<p>Az olaszorsz\u00e1gi sz\u00e9khely\u0171 FMP vezet\u0151 gy\u00e1rt\u00f3, amely mez\u0151gazdas\u00e1gi g\u00e9pek nagy teljes\u00edtm\u00e9ny\u0171 sebess\u00e9gv\u00e1lt\u00f3inak tervez\u00e9s\u00e9re, fejleszt\u00e9s\u00e9re \u00e9s gy\u00e1rt\u00e1s\u00e1ra specializ\u00e1l\u00f3dott. A prec\u00edzi\u00f3s m\u00e9rn\u00f6ki munk\u00e1ra, az innov\u00e1ci\u00f3ra \u00e9s a megb\u00edzhat\u00f3s\u00e1gra helyezett hangs\u00falyt fektetve \u00e1tfog\u00f3 sebess\u00e9gv\u00e1lt\u00f3-v\u00e1laszt\u00e9kot k\u00edn\u00e1lunk, bele\u00e9rtve a f\u0171ny\u00edr\u00f3khoz val\u00f3kat, valamint a kritikus alkatr\u00e9szeket, p\u00e9ld\u00e1ul a kard\u00e1ntengelyeket. K\u00fcldet\u00e9s\u00fcnk, hogy olyan testreszabott megold\u00e1sokat sz\u00e1ll\u00edtsunk, amelyek megfelelnek a mez\u0151gazdas\u00e1gi \u00e9s ipari szektorok speci\u00e1lis ig\u00e9nyeinek, \u00f6n\u00e1ll\u00f3 term\u00e9keket \u00e9s teljesen integr\u00e1lt rendszereket is k\u00edn\u00e1lva.<\/p>\n<p>Az FMP-n\u00e9l meg\u00e9rtj\u00fck, hogy minden \u00fcgyf\u00e9lnek egyedi ig\u00e9nyei vannak, ez\u00e9rt kiv\u00e1l\u00f3an testre szabjuk term\u00e9keinket, hogy t\u00f6k\u00e9letesen megfeleljenek ezeknek az ig\u00e9nyeknek. Ak\u00e1r speci\u00e1lis sebess\u00e9gv\u00e1lt\u00f3ra, ak\u00e1r komplett rendszerre van sz\u00fcks\u00e9ge, szorosan egy\u00fcttm\u0171k\u00f6d\u00fcnk \u00d6nnel a leghat\u00e9konyabb \u00e9s legeredm\u00e9nyesebb megold\u00e1s kidolgoz\u00e1sa \u00e9rdek\u00e9ben. Az \u00fcgyfelek el\u00e9gedetts\u00e9ge ir\u00e1nti elk\u00f6telezetts\u00e9g\u00fcnket gyors, professzion\u00e1lis v\u00e1laszaink \u00e9s szak\u00e9rt\u0151i \u00fatmutat\u00e1sunk bizony\u00edtja, biztos\u00edtva, hogy minden megkeres\u00e9st prec\u00edzen \u00e9s gondosan kezelj\u00fcnk.<\/p>\n<p>Hisz\u00fcnk az \u00fcgyfeleinkkel folytatott ny\u00edlt \u00e9s folyamatos kommunik\u00e1ci\u00f3ban, k\u00fcl\u00f6n\u00f6sen az \u00faj term\u00e9kek fejleszt\u00e9se sor\u00e1n. Elk\u00f6telezett csapatunk szorosan egy\u00fcttm\u0171k\u00f6dik az \u00fcgyfelekkel, hogy meg\u00e9rtse egyedi kih\u00edv\u00e1saikat, \u00e9s \u00e9rt\u00e9kes betekint\u00e9st ny\u00fajtson, amelyek optim\u00e1lis megold\u00e1sokhoz vezetnek. Ak\u00e1r \u00faj term\u00e9keket fejleszt\u00fcnk, ak\u00e1r megl\u00e9v\u0151 megrendel\u00e9seket teljes\u00edt\u00fcnk, elk\u00f6telezettek vagyunk a kiv\u00e1l\u00f3 min\u0151s\u00e9g\u0171, prec\u00edzi\u00f3san megtervezett term\u00e9kek gyors \u00e9s hat\u00e9kony sz\u00e1ll\u00edt\u00e1sa ir\u00e1nt.<\/p>\n<p>Az FMP-n\u00e9l a min\u0151s\u00e9g minden tev\u00e9kenys\u00e9g\u00fcnk alapja. Gy\u00e1rt\u00e1si folyamataink a legmagasabb szabv\u00e1nyoknak felelnek meg, biztos\u00edtva a pontoss\u00e1got \u00e9s a nulla hib\u00e1t. Szigor\u00fa min\u0151s\u00e9gellen\u0151rz\u00e9si int\u00e9zked\u00e9seket alkalmazunk annak biztos\u00edt\u00e1s\u00e1ra, hogy minden term\u00e9k megfeleljen, vagy meghaladja az ipar\u00e1gi szabv\u00e1nyokat. Ez a min\u0151s\u00e9gre val\u00f3 kitart\u00f3 \u00f6sszpontos\u00edt\u00e1s, valamint az olyan alapvet\u0151 \u00e9rt\u00e9keink, mint az integrit\u00e1s, a csapatmunka \u00e9s a kitart\u00e1s, lehet\u0151v\u00e9 tette sz\u00e1munkra, hogy er\u0151s, tart\u00f3s kapcsolatokat \u00e9p\u00edts\u00fcnk ki \u00fcgyfeleinkkel k\u00f6zel 30 orsz\u00e1gban vil\u00e1gszerte.<\/p>\n<p>Az FMP mindig nyitott a glob\u00e1lis partners\u00e9gek kialak\u00edt\u00e1s\u00e1ra, \u00e9s elk\u00f6telezett a szak\u00e9rt\u0151i tan\u00e1csad\u00e1s \u00e9s a szem\u00e9lyre szabott megold\u00e1sok ir\u00e1nt. Megk\u00f6zel\u00edt\u00e9s\u00fcnk t\u00falmutat a term\u00e9kek egyszer\u0171 lesz\u00e1ll\u00edt\u00e1s\u00e1n \u2013 c\u00e9lunk, hogy hossz\u00fa t\u00e1v\u00fa kapcsolatokat \u00e9p\u00edts\u00fcnk ki \u00fcgyfeleinkkel, biztos\u00edtva sz\u00e1mukra a sikert minden projektben. Ak\u00e1r egy \u00faj kezdem\u00e9nyez\u00e9shez van sz\u00fcks\u00e9ge megold\u00e1sokra, ak\u00e1r egy megl\u00e9v\u0151 rendszer t\u00e1mogat\u00e1s\u00e1ra, az FMP elk\u00f6telezett a technikai kih\u00edv\u00e1sok kezel\u00e9se \u00e9s a folyamatos siker el\u00e9r\u00e9s\u00e9nek el\u0151seg\u00edt\u00e9se ir\u00e1nt.<\/p>\n<p><img loading=\"lazy\" decoding=\"async\" class=\"alignnone size-full wp-image-1861\" src=\"https:\/\/fmp-components.com\/wp-content\/uploads\/2024\/12\/Other-Agricultural-Gearboxes.webp\" sizes=\"(min-width: 0px) and (max-width: 480px) 480px, (min-width: 481px) and (max-width: 980px) 980px, (min-width: 981px) 1200px, 100vw\" srcset=\"https:\/\/fmp-components.com\/wp-content\/uploads\/2024\/12\/Other-Agricultural-Gearboxes.webp 1200w, https:\/\/fmp-components.com\/wp-content\/uploads\/2024\/12\/Other-Agricultural-Gearboxes-980x1143.webp 980w, https:\/\/fmp-components.com\/wp-content\/uploads\/2024\/12\/Other-Agricultural-Gearboxes-480x560.webp 480w\" alt=\"Altri-cambi-agricoli\" width=\"1200\" height=\"1400\" title=\"\"><\/p>\n<p>Szerz\u0151: CX<\/p>\n<p>&nbsp;<\/p>","protected":false},"excerpt":{"rendered":"<p>FMP-40002 Lawn Mower Gearbox Specification ITEM 40002 Lawn mower gearbox Ratio 3.2:1\/3.77:1\/4.17:1 Teeth 15\/48 13\/49 12\/50 Module 15\/48 13\/49 12\/50 Power\uff08HP\uff09 85\/85\/85 Rated Input 540rpm Input\/Output description \u00a01 3\/4 Z6 Weight\uff08N.W\uff09 111Kg Advantages of FMP-40002 Lawn Mower Gearbox The FMP-40002 Lawn Mower Gearbox is a high-performance, precision-engineered component designed to optimize the operation of agricultural [&hellip;]<\/p>","protected":false},"featured_media":1991,"comment_status":"open","ping_status":"closed","template":"","meta":{"_et_pb_use_builder":"","_et_pb_old_content":"","_et_gb_content_width":""},"product_brand":[],"product_cat":[52],"product_tag":[],"class_list":{"0":"post-1989","1":"product","2":"type-product","3":"status-publish","4":"has-post-thumbnail","6":"product_cat-lawn-mower-gearbox","8":"first","9":"instock","10":"shipping-taxable","11":"product-type-simple"},"_links":{"self":[{"href":"https:\/\/fmp-components.com\/hu\/wp-json\/wp\/v2\/product\/1989","targetHints":{"allow":["GET"]}}],"collection":[{"href":"https:\/\/fmp-components.com\/hu\/wp-json\/wp\/v2\/product"}],"about":[{"href":"https:\/\/fmp-components.com\/hu\/wp-json\/wp\/v2\/types\/product"}],"replies":[{"embeddable":true,"href":"https:\/\/fmp-components.com\/hu\/wp-json\/wp\/v2\/comments?post=1989"}],"wp:featuredmedia":[{"embeddable":true,"href":"https:\/\/fmp-components.com\/hu\/wp-json\/wp\/v2\/media\/1991"}],"wp:attachment":[{"href":"https:\/\/fmp-components.com\/hu\/wp-json\/wp\/v2\/media?parent=1989"}],"wp:term":[{"taxonomy":"product_brand","embeddable":true,"href":"https:\/\/fmp-components.com\/hu\/wp-json\/wp\/v2\/product_brand?post=1989"},{"taxonomy":"product_cat","embeddable":true,"href":"https:\/\/fmp-components.com\/hu\/wp-json\/wp\/v2\/product_cat?post=1989"},{"taxonomy":"product_tag","embeddable":true,"href":"https:\/\/fmp-components.com\/hu\/wp-json\/wp\/v2\/product_tag?post=1989"}],"curies":[{"name":"munkaf\u00fczet","href":"https:\/\/api.w.org\/{rel}","templated":true}]}}