{"id":1983,"date":"2024-12-26T07:51:14","date_gmt":"2024-12-26T07:51:14","guid":{"rendered":"https:\/\/fmp-components.com\/?page_id=8"},"modified":"2024-12-30T02:49:27","modified_gmt":"2024-12-30T02:49:27","slug":"fmp-ag135-lawnmower-135-deg-gearbox-11-for-agricultural","status":"publish","type":"product","link":"https:\/\/fmp-components.com\/hu\/product\/fmp-ag135-lawnmower-135-deg-gearbox-11-for-agricultural\/","title":{"rendered":"FMP-AG135 f\u0171ny\u00edr\u00f3 135 fokos hajt\u00f3m\u0171 1:1 mez\u0151gazdas\u00e1gi haszn\u00e1latra"},"content":{"rendered":"<h2>FMP-AG135 f\u0171ny\u00edr\u00f3 135 fokos hajt\u00f3m\u0171 1:1 mez\u0151gazdas\u00e1gi specifik\u00e1ci\u00f3hoz<\/h2>\n<p><img loading=\"lazy\" decoding=\"async\" class=\"alignnone wp-image-1984\" src=\"https:\/\/fmp-components.com\/wp-content\/uploads\/2024\/12\/fmp_agricultural-gearbox-HC-AG135-1.webp\" alt=\"fmp_mez\u0151gazdas\u00e1gi-sebess\u00e9gv\u00e1lt\u00f3-HC-AG135\" width=\"919\" height=\"548\" title=\"\" srcset=\"https:\/\/fmp-components.com\/wp-content\/uploads\/2024\/12\/fmp_agricultural-gearbox-HC-AG135-1.webp 919w, https:\/\/fmp-components.com\/wp-content\/uploads\/2024\/12\/fmp_agricultural-gearbox-HC-AG135-1-480x286.webp 480w\" sizes=\"(min-width: 0px) and (max-width: 480px) 480px, (min-width: 481px) 919px, 100vw\" \/><\/p>\n<table style=\"width: 99.0594%; height: 184px;\" border=\"1\">\n<tbody>\n<tr style=\"height: 23px;\">\n<td style=\"height: 23px;\">T\u00c9TEL<\/td>\n<td style=\"height: 23px;\">FMP-AG135 135 fokos sebess\u00e9gv\u00e1lt\u00f3<\/td>\n<\/tr>\n<tr style=\"height: 23px;\">\n<td style=\"height: 23px;\">H\u00e1nyados<\/td>\n<td style=\"height: 23px;\">1:1<\/td>\n<\/tr>\n<tr style=\"height: 23px;\">\n<td style=\"height: 23px;\">Fogak<\/td>\n<td style=\"height: 23px;\">20\/20<\/td>\n<\/tr>\n<tr style=\"height: 23px;\">\n<td style=\"height: 23px;\">Modul<\/td>\n<td style=\"height: 23px;\">6.0<\/td>\n<\/tr>\n<tr style=\"height: 23px;\">\n<td style=\"height: 23px;\">Teljes\u00edtm\u00e9ny (LE)<\/td>\n<td style=\"height: 23px;\">50<\/td>\n<\/tr>\n<tr style=\"height: 23px;\">\n<td style=\"height: 23px;\">N\u00e9vleges bemenet<\/td>\n<td style=\"height: 23px;\">540 fordulat\/perc<\/td>\n<\/tr>\n<tr style=\"height: 23px;\">\n<td style=\"height: 23px;\">Bemenet\/Kimenet le\u00edr\u00e1sa<\/td>\n<td style=\"height: 23px;\">\u00a01 3\/8 Z6 k\u00fapos talp\u00fa, egyenl\u0151 bord\u00e1s tengely<\/td>\n<\/tr>\n<tr style=\"height: 23px;\">\n<td style=\"height: 23px;\">S\u00faly (NW)<\/td>\n<td style=\"height: 23px;\">16,5 kg<\/td>\n<\/tr>\n<\/tbody>\n<\/table>\n<h3>A f\u0171ny\u00edr\u00f3 sebess\u00e9gv\u00e1lt\u00f3j\u00e1nak jellemz\u0151i<\/h3>\n<p>A f\u0171ny\u00edr\u00f3 sebess\u00e9gv\u00e1lt\u00f3i alapvet\u0151 alkatr\u00e9szek, amelyek meghajtj\u00e1k a v\u00e1g\u00f3peng\u00e9ket, biztos\u00edtva a f\u0171ny\u00edr\u00f3 hat\u00e9kony \u00e9s k\u00f6vetkezetes m\u0171k\u00f6d\u00e9s\u00e9t. \u00cdme a legfontosabb jellemz\u0151k, amelyek ezeket a sebess\u00e9gv\u00e1lt\u00f3kat hat\u00e9konny\u00e1 \u00e9s megb\u00edzhat\u00f3v\u00e1 teszik a k\u00fcl\u00f6nf\u00e9le f\u0171ny\u00edr\u00e1si alkalmaz\u00e1sokban:<\/p>\n<h4>Tart\u00f3ss\u00e1g \u00e9s robusztuss\u00e1g<\/h4>\n<p>A f\u0171ny\u00edr\u00f3 hajt\u00f3m\u0171vei \u00fagy vannak kialak\u00edtva, hogy ellen\u00e1lljanak a k\u00fclt\u00e9ri k\u00f6rnyezetben sz\u00fcks\u00e9ges nagy terhel\u00e9seknek \u00e9s folyamatos m\u0171k\u00f6d\u00e9snek. Kiv\u00e1l\u00f3 min\u0151s\u00e9g\u0171 anyagokb\u00f3l, p\u00e9ld\u00e1ul edzett ac\u00e9lb\u00f3l k\u00e9sz\u00fclnek, \u00edgy tart\u00f3sak \u00e9s ellen\u00e1llnak a kop\u00e1snak, \u00edgy hossz\u00fa t\u00e1v\u00fa megb\u00edzhat\u00f3s\u00e1got biztos\u00edtanak m\u00e9g zord k\u00f6r\u00fclm\u00e9nyek k\u00f6z\u00f6tt is.<\/p>\n<h4>Prec\u00edzi\u00f3s fogasker\u00e9k-tervez\u00e9s<\/h4>\n<p>Ezek a sebess\u00e9gv\u00e1lt\u00f3k finoman megtervezett fogaskerekekkel rendelkeznek, amelyek sima \u00e9s hat\u00e9kony er\u0151\u00e1tvitelt biztos\u00edtanak a f\u0171ny\u00edr\u00f3k\u00e9sekhez. A prec\u00edz kialak\u00edt\u00e1s minim\u00e1lis s\u00farl\u00f3d\u00e1st biztos\u00edt, cs\u00f6kkenti az energiavesztes\u00e9get \u00e9s jav\u00edtja a v\u00e1g\u00f3rendszer teljes\u00edtm\u00e9ny\u00e9t, ami tiszt\u00e1bb v\u00e1g\u00e1st \u00e9s alacsonyabb \u00fczemanyag-fogyaszt\u00e1st eredm\u00e9nyez.<\/p>\n<h4>Nagy nyomat\u00e9kkapacit\u00e1s<\/h4>\n<p>A f\u0171ny\u00edr\u00f3k sebess\u00e9gv\u00e1lt\u00f3it \u00fagy tervezt\u00e9k, hogy nagy nyomat\u00e9kszinteket kezeljenek, amelyek a f\u0171ny\u00edr\u00f3k\u00e9sek hat\u00e9kony meghajt\u00e1s\u00e1hoz sz\u00fcks\u00e9gesek. Ak\u00e1r forg\u00f3f\u0171ny\u00edr\u00f3kr\u00f3l, ak\u00e1r ipari min\u0151s\u00e9g\u0171 modellekr\u0151l van sz\u00f3, ezek a sebess\u00e9gv\u00e1lt\u00f3k hat\u00e9konyan tudj\u00e1k \u00e1tvinni a sz\u00fcks\u00e9ges teljes\u00edtm\u00e9nyt, lehet\u0151v\u00e9 t\u00e9ve a peng\u00e9k sz\u00e1m\u00e1ra, hogy \u00e1tv\u00e1gj\u00e1k a vastag f\u00fcvet, a gyomokat \u00e9s m\u00e1s kem\u00e9ny n\u00f6v\u00e9nyzetet.<\/p>\n<h4>Kompakt \u00e9s k\u00f6nny\u0171<\/h4>\n<p>Szil\u00e1rds\u00e1guk \u00e9s tart\u00f3ss\u00e1guk ellen\u00e9re a f\u0171ny\u00edr\u00f3 sebess\u00e9gv\u00e1lt\u00f3it kompakt \u00e9s k\u00f6nny\u0171 kialak\u00edt\u00e1s\u00fara tervezt\u00e9k. Ez megk\u00f6nny\u00edti a telep\u00edt\u00e9s\u00fcket, karbantart\u00e1sukat \u00e9s \u00fczemeltet\u00e9s\u00fcket an\u00e9lk\u00fcl, hogy felesleges s\u00falyt adn\u00e1nak a berendez\u00e9shez, ami jav\u00edthatja a man\u0151verezhet\u0151s\u00e9get \u00e9s az \u00fczemanyag-hat\u00e9konys\u00e1got.<\/p>\n<h4>Korr\u00f3zi\u00f3- \u00e9s id\u0151j\u00e1r\u00e1s\u00e1ll\u00f3s\u00e1g<\/h4>\n<p>Mivel a f\u0171ny\u00edr\u00f3kat jellemz\u0151en k\u00fclt\u00e9ren haszn\u00e1lj\u00e1k, a sebess\u00e9gv\u00e1lt\u00f3k olyan funkci\u00f3kkal vannak felszerelve, amelyek megakad\u00e1lyozz\u00e1k a rozsd\u00e1sod\u00e1st \u00e9s a korr\u00f3zi\u00f3t. Sok f\u0171ny\u00edr\u00f3 sebess\u00e9gv\u00e1lt\u00f3j\u00e1t v\u00e9d\u0151bevonatokkal kezelik, vagy korr\u00f3zi\u00f3\u00e1ll\u00f3 anyagokb\u00f3l k\u00e9sz\u00fclnek, hogy optim\u00e1lis teljes\u00edtm\u00e9nyt biztos\u00edtsanak a v\u00e1ltoz\u00f3 id\u0151j\u00e1r\u00e1si k\u00f6r\u00fclm\u00e9nyek k\u00f6z\u00f6tt, p\u00e9ld\u00e1ul es\u0151ben, p\u00e1ratartalomban \u00e9s sz\u00e9ls\u0151s\u00e9ges h\u0151m\u00e9rs\u00e9kletekben.<\/p>\n<p>A f\u0171ny\u00edr\u00f3 hajt\u00f3m\u0171vek az er\u0151t, a precizit\u00e1st \u00e9s a hat\u00e9konys\u00e1got \u00f6tv\u00f6zik a v\u00e1g\u00f3rendszerek hat\u00e9kony m\u0171k\u00f6dtet\u00e9se \u00e9rdek\u00e9ben. Tart\u00f3ss\u00e1gra, alacsony karbantart\u00e1si ig\u00e9nyre \u00e9s nagy teljes\u00edtm\u00e9nyre tervezt\u00e9k \u0151ket, \u00edgy a modern f\u0171ny\u00edr\u00f3 berendez\u00e9sek elengedhetetlen r\u00e9sz\u00e9t k\u00e9pezik. Ak\u00e1r lakoss\u00e1gi, ak\u00e1r kereskedelmi haszn\u00e1latra van sz\u00fcks\u00e9g, a megfelel\u0151 hajt\u00f3m\u0171 biztos\u00edtja az optim\u00e1lis v\u00e1g\u00e1si teljes\u00edtm\u00e9nyt \u00e9s a berendez\u00e9s hossz\u00fa \u00e9lettartam\u00e1t.<\/p>\n<p><img loading=\"lazy\" decoding=\"async\" class=\"alignnone wp-image-1985\" src=\"https:\/\/fmp-components.com\/wp-content\/uploads\/2024\/12\/Lawn-Mower-Gearbox-1-1.webp\" alt=\"F\u0171ny\u00edr\u00f3 sebess\u00e9gv\u00e1lt\u00f3\" width=\"943\" height=\"630\" title=\"\" srcset=\"https:\/\/fmp-components.com\/wp-content\/uploads\/2024\/12\/Lawn-Mower-Gearbox-1-1.webp 943w, https:\/\/fmp-components.com\/wp-content\/uploads\/2024\/12\/Lawn-Mower-Gearbox-1-1-480x321.webp 480w\" sizes=\"(min-width: 0px) and (max-width: 480px) 480px, (min-width: 481px) 943px, 100vw\" \/><\/p>\n<h3>Az FMP-r\u0151l<\/h3>\n<p>Az olaszorsz\u00e1gi sz\u00e9khely\u0171 FMP egy vezet\u0151 gy\u00e1rt\u00f3, amely mez\u0151gazdas\u00e1gi g\u00e9pek nagy teljes\u00edtm\u00e9ny\u0171 sebess\u00e9gv\u00e1lt\u00f3inak tervez\u00e9s\u00e9re, fejleszt\u00e9s\u00e9re \u00e9s gy\u00e1rt\u00e1s\u00e1ra specializ\u00e1l\u00f3dott. Prec\u00edzi\u00f3s m\u00e9rn\u00f6ki munk\u00e1nkr\u00f3l, innov\u00e1ci\u00f3nkr\u00f3l \u00e9s megb\u00edzhat\u00f3s\u00e1gunkr\u00f3l ismertek vagyunk, \u00e9s sebess\u00e9gv\u00e1lt\u00f3k \u00e1tfog\u00f3 v\u00e1laszt\u00e9k\u00e1t k\u00edn\u00e1ljuk, bele\u00e9rtve a f\u0171ny\u00edr\u00f3khoz val\u00f3kat is, valamint olyan alapvet\u0151 alkatr\u00e9szeket, mint a kard\u00e1ntengelyek. K\u00fcldet\u00e9s\u00fcnk, hogy olyan testreszabott megold\u00e1sokat sz\u00e1ll\u00edtsunk, amelyek megfelelnek mind a mez\u0151gazdas\u00e1gi, mind az ipari szektor speci\u00e1lis ig\u00e9nyeinek, ak\u00e1r egyedi term\u00e9keken, ak\u00e1r teljesen integr\u00e1lt rendszereken kereszt\u00fcl.<\/p>\n<p>Az FMP-n\u00e9l meg\u00e9rtj\u00fck, hogy minden \u00fcgyf\u00e9lnek egyedi ig\u00e9nyei vannak, \u00e9s ez arra \u00f6szt\u00f6n\u00f6z minket, hogy term\u00e9keinket ennek megfelel\u0151en testre szabjuk. Ak\u00e1r speci\u00e1lis sebess\u00e9gv\u00e1lt\u00f3ra, ak\u00e1r egy komplett rendszerre van sz\u00fcks\u00e9ge, szorosan egy\u00fcttm\u0171k\u00f6d\u00fcnk \u00d6nnel, hogy a leghat\u00e9konyabb \u00e9s legeredm\u00e9nyesebb megold\u00e1st k\u00edn\u00e1ljuk. B\u00fcszk\u00e9k vagyunk arra, hogy gyors \u00e9s professzion\u00e1lis v\u00e1laszokat adunk, biztos\u00edtva, hogy minden megkeres\u00e9sre a lehet\u0151 legnagyobb szak\u00e9rtelemmel \u00e9s r\u00e9szletekre val\u00f3 odafigyel\u00e9ssel v\u00e1laszoljunk.<\/p>\n<p>A ny\u00edlt kommunik\u00e1ci\u00f3 \u00e9s egy\u00fcttm\u0171k\u00f6d\u00e9s alapvet\u0151 fontoss\u00e1g\u00fa a megk\u00f6zel\u00edt\u00e9s\u00fcnkben, k\u00fcl\u00f6n\u00f6sen az \u00faj term\u00e9kek fejleszt\u00e9se sor\u00e1n. Csapatunk szorosan egy\u00fcttm\u0171k\u00f6dik az \u00fcgyfelekkel, hogy alaposan meg\u00e9rtse kih\u00edv\u00e1saikat, \u00e9s \u00e9rt\u00e9kes betekint\u00e9st ny\u00fajtson, amelyek optim\u00e1lis megold\u00e1sokhoz vezetnek. Az \u00faj term\u00e9kek fejleszt\u00e9s\u00e9t\u0151l a megl\u00e9v\u0151 megrendel\u00e9sek teljes\u00edt\u00e9s\u00e9ig elk\u00f6telezettek vagyunk a kiv\u00e1l\u00f3 min\u0151s\u00e9g\u0171, prec\u00edzi\u00f3san megtervezett term\u00e9kek gyors \u00e9s pontos sz\u00e1ll\u00edt\u00e1sa ir\u00e1nt.<\/p>\n<p>A min\u0151s\u00e9g minden tev\u00e9kenys\u00e9g\u00fcnk k\u00f6z\u00e9ppontj\u00e1ban \u00e1ll. Gy\u00e1rt\u00e1si folyamataink a magas sz\u00ednvonal, a precizit\u00e1s \u00e9s a nulla hiba elvein alapulnak. Szigor\u00fa min\u0151s\u00e9gellen\u0151rz\u00e9si int\u00e9zked\u00e9seket alkalmazunk annak biztos\u00edt\u00e1s\u00e1ra, hogy minden term\u00e9k\u00fcnk meghaladja az ipar\u00e1gi szabv\u00e1nyokat. Ez a min\u0151s\u00e9gre val\u00f3 rend\u00edthetetlen \u00f6sszpontos\u00edt\u00e1s, p\u00e1rosulva az olyan \u00e9rt\u00e9keinkkel, mint az integrit\u00e1s, a csapatmunka \u00e9s a kitart\u00e1s, lehet\u0151v\u00e9 tette sz\u00e1munkra, hogy tart\u00f3s kapcsolatokat \u00e9p\u00edts\u00fcnk ki \u00fcgyfeleinkkel k\u00f6zel 30 orsz\u00e1gban vil\u00e1gszerte.<\/p>\n<p>Az FMP mindig nyitott a glob\u00e1lis partners\u00e9gekre, \u00e9s elk\u00f6telezett a szak\u00e9rt\u0151i tan\u00e1csad\u00e1s \u00e9s a szem\u00e9lyre szabott megold\u00e1sok ir\u00e1nt. Filoz\u00f3fi\u00e1nk t\u00falmutat a term\u00e9kek egyszer\u0171 lesz\u00e1ll\u00edt\u00e1s\u00e1n \u2013 a k\u00f6lcs\u00f6n\u00f6s sikert biztos\u00edt\u00f3 hossz\u00fa t\u00e1v\u00fa kapcsolatok ki\u00e9p\u00edt\u00e9s\u00e9r\u0151l sz\u00f3l. Ak\u00e1r egy \u00faj projekthez van sz\u00fcks\u00e9ge megold\u00e1sokra, ak\u00e1r egy megl\u00e9v\u0151 rendszer t\u00e1mogat\u00e1s\u00e1ra, az FMP elk\u00f6telezett a technikai kih\u00edv\u00e1sok kezel\u00e9se \u00e9s a folyamatos siker biztos\u00edt\u00e1sa ir\u00e1nt.<\/p>\n<p><img loading=\"lazy\" decoding=\"async\" class=\"alignnone size-full wp-image-1861\" src=\"https:\/\/fmp-components.com\/wp-content\/uploads\/2024\/12\/Other-Agricultural-Gearboxes.webp\" sizes=\"(min-width: 0px) and (max-width: 480px) 480px, (min-width: 481px) and (max-width: 980px) 980px, (min-width: 981px) 1200px, 100vw\" srcset=\"https:\/\/fmp-components.com\/wp-content\/uploads\/2024\/12\/Other-Agricultural-Gearboxes.webp 1200w, https:\/\/fmp-components.com\/wp-content\/uploads\/2024\/12\/Other-Agricultural-Gearboxes-980x1143.webp 980w, https:\/\/fmp-components.com\/wp-content\/uploads\/2024\/12\/Other-Agricultural-Gearboxes-480x560.webp 480w\" alt=\"Altri-cambi-agricoli\" width=\"1200\" height=\"1400\" title=\"\"><\/p>\n<p>Szerz\u0151: CX<\/p>","protected":false},"excerpt":{"rendered":"<p>FMP-AG135 Lawnmower 135 deg gearbox 1:1 for Agricultural Specification ITEM FMP-AG135 135 deg gearbox Ratio 1:1 Teeth 20\/20 Module 6.0 Power\uff08HP\uff09 50 Rated Input 540rpm Input\/Output description \u00a01 3\/8 Z6 Cone base aequilate Spline Shaft Weight\uff08N.W\uff09 16.5Kg Features of Lawn Mower Gearbox Lawn mower gearboxes are essential components that drive the cutting blades, ensuring efficient [&hellip;]<\/p>","protected":false},"featured_media":2078,"comment_status":"open","ping_status":"closed","template":"","meta":{"_et_pb_use_builder":"","_et_pb_old_content":"","_et_gb_content_width":""},"product_brand":[],"product_cat":[52],"product_tag":[],"class_list":{"0":"post-1983","1":"product","2":"type-product","3":"status-publish","4":"has-post-thumbnail","6":"product_cat-lawn-mower-gearbox","8":"first","9":"instock","10":"shipping-taxable","11":"product-type-simple"},"_links":{"self":[{"href":"https:\/\/fmp-components.com\/hu\/wp-json\/wp\/v2\/product\/1983","targetHints":{"allow":["GET"]}}],"collection":[{"href":"https:\/\/fmp-components.com\/hu\/wp-json\/wp\/v2\/product"}],"about":[{"href":"https:\/\/fmp-components.com\/hu\/wp-json\/wp\/v2\/types\/product"}],"replies":[{"embeddable":true,"href":"https:\/\/fmp-components.com\/hu\/wp-json\/wp\/v2\/comments?post=1983"}],"wp:featuredmedia":[{"embeddable":true,"href":"https:\/\/fmp-components.com\/hu\/wp-json\/wp\/v2\/media\/2078"}],"wp:attachment":[{"href":"https:\/\/fmp-components.com\/hu\/wp-json\/wp\/v2\/media?parent=1983"}],"wp:term":[{"taxonomy":"product_brand","embeddable":true,"href":"https:\/\/fmp-components.com\/hu\/wp-json\/wp\/v2\/product_brand?post=1983"},{"taxonomy":"product_cat","embeddable":true,"href":"https:\/\/fmp-components.com\/hu\/wp-json\/wp\/v2\/product_cat?post=1983"},{"taxonomy":"product_tag","embeddable":true,"href":"https:\/\/fmp-components.com\/hu\/wp-json\/wp\/v2\/product_tag?post=1983"}],"curies":[{"name":"munkaf\u00fczet","href":"https:\/\/api.w.org\/{rel}","templated":true}]}}