{"id":1969,"date":"2024-12-26T05:22:40","date_gmt":"2024-12-26T05:22:40","guid":{"rendered":"https:\/\/fmp-components.com\/?page_id=8"},"modified":"2024-12-26T05:33:45","modified_gmt":"2024-12-26T05:33:45","slug":"mowers-gearboxes-replacement-of-comer-code-tl-311d","status":"publish","type":"product","link":"https:\/\/fmp-components.com\/hu\/product\/mowers-gearboxes-replacement-of-comer-code-tl-311d\/","title":{"rendered":"F\u0171ny\u00edr\u00f3k sebess\u00e9gv\u00e1lt\u00f3i \u2013 A Comer TL-311D k\u00f3d cser\u00e9je"},"content":{"rendered":"<p><img loading=\"lazy\" decoding=\"async\" class=\"alignnone size-full wp-image-1971\" src=\"https:\/\/fmp-components.com\/wp-content\/uploads\/2024\/12\/Mowers-Gearboxes-\u2013-Replacement-of-Comer-Code-TL-311D.webp\" alt=\"F\u0171ny\u00edr\u00f3k sebess\u00e9gv\u00e1lt\u00f3i \u2013 A Comer TL-311D k\u00f3d cser\u00e9je\" width=\"1000\" height=\"500\" title=\"\" srcset=\"https:\/\/fmp-components.com\/wp-content\/uploads\/2024\/12\/Mowers-Gearboxes-\u2013-Replacement-of-Comer-Code-TL-311D.webp 1000w, https:\/\/fmp-components.com\/wp-content\/uploads\/2024\/12\/Mowers-Gearboxes-\u2013-Replacement-of-Comer-Code-TL-311D-300x150.webp 300w, https:\/\/fmp-components.com\/wp-content\/uploads\/2024\/12\/Mowers-Gearboxes-\u2013-Replacement-of-Comer-Code-TL-311D-768x384.webp 768w, https:\/\/fmp-components.com\/wp-content\/uploads\/2024\/12\/Mowers-Gearboxes-\u2013-Replacement-of-Comer-Code-TL-311D-18x9.webp 18w, https:\/\/fmp-components.com\/wp-content\/uploads\/2024\/12\/Mowers-Gearboxes-\u2013-Replacement-of-Comer-Code-TL-311D-980x490.webp 980w, https:\/\/fmp-components.com\/wp-content\/uploads\/2024\/12\/Mowers-Gearboxes-\u2013-Replacement-of-Comer-Code-TL-311D-480x240.webp 480w, https:\/\/fmp-components.com\/wp-content\/uploads\/2024\/12\/Mowers-Gearboxes-\u2013-Replacement-of-Comer-Code-TL-311D-600x300.webp 600w\" sizes=\"(max-width: 1000px) 100vw, 1000px\" \/><\/p>\n<h2>F\u0171ny\u00edr\u00f3k sebess\u00e9gv\u00e1lt\u00f3i \u2013 A Comer TL-311D specifik\u00e1ci\u00f3j\u00e1nak cser\u00e9je<\/h2>\n<table style=\"width: 100%;\" border=\"1\" width=\"100%\" cellspacing=\"0\" cellpadding=\"0\">\n<tbody>\n<tr>\n<th>Le\u00edr\u00e1s<\/th>\n<td>F\u0171ny\u00edr\u00f3k sebess\u00e9gv\u00e1lt\u00f3i \u2013 A Comer TL-311D k\u00f3d cser\u00e9je<\/td>\n<\/tr>\n<tr>\n<th>Alkalmaz\u00e1s<\/th>\n<td>F\u0171ny\u00edr\u00f3k<\/td>\n<\/tr>\n<tr>\n<th>Tartalmaz<\/th>\n<td>Sebess\u00e9gv\u00e1lt\u00f3<\/td>\n<\/tr>\n<tr>\n<th>Olaj k\u00fcl\u00f6n rendel\u00e9se<\/th>\n<td>M\u0171szaki inform\u00e1ci\u00f3k<\/td>\n<\/tr>\n<tr>\n<th><\/th>\n<td>Minden m\u0171szaki adat megfelel az ISO 6335 \u00e9s ISO 281 szabv\u00e1nynak.<\/td>\n<\/tr>\n<tr>\n<th>Olajat tartalmaz<\/th>\n<td>Nem<\/td>\n<\/tr>\n<tr>\n<th>Max. olajkapacit\u00e1s<\/th>\n<td>1,2 liter<\/td>\n<\/tr>\n<tr>\n<th>Olaj SAE viszkozit\u00e1si fokozat<\/th>\n<td>80W-90<\/td>\n<\/tr>\n<tr>\n<th>S\u00faly<\/th>\n<td>23,5 kg<\/td>\n<\/tr>\n<tr>\n<th>Fogasker\u00e9k-elrendez\u00e9s n\u00f6vel\u00e9se<\/th>\n<td>27-28<\/td>\n<\/tr>\n<tr>\n<th>Bemeneti teljes\u00edtm\u00e9ny kW \/ LE n\u00f6vekv\u0151<\/th>\n<td>36,8 \/ 50 kW\/LE<\/td>\n<\/tr>\n<tr>\n<th>Bemeneti tengely n\u00f6vel\u00e9se<\/th>\n<td>X<\/td>\n<\/tr>\n<tr>\n<th>Kimeneti nyomat\u00e9k DaNm n\u00f6vekv\u0151<\/th>\n<td>21 daNm<\/td>\n<\/tr>\n<tr>\n<th>Ar\u00e1ny n\u00f6vel\u00e9se<\/th>\n<td>1 : 3<\/td>\n<\/tr>\n<tr>\n<th>Ar\u00e1nycs\u00f6kkent\u00e9s<\/th>\n<td>3 : 1<\/td>\n<\/tr>\n<tr>\n<th>X tengely<\/th>\n<td>1 3\/8\u2033 (6) (A)<\/td>\n<\/tr>\n<tr>\n<th>Y tengely<\/th>\n<td>1 3\/8\u2033 (6) (A)<\/td>\n<\/tr>\n<tr>\n<th>Z tengely<\/th>\n<td>33 (B)<\/td>\n<\/tr>\n<\/tbody>\n<\/table>\n<h2>Kard\u00e1ntengely mez\u0151gazdas\u00e1gi f\u0171ny\u00edr\u00f3 sebess\u00e9gv\u00e1lt\u00f3hoz<\/h2>\n<p>A teljes\u00edtm\u00e9nylead\u00f3 tengely (PTO) egy alapvet\u0151 \u00f6sszek\u00f6t\u0151 kapocs, amely \u00f6sszek\u00f6ti a traktor motorj\u00e1t vagy m\u00e1s er\u0151forr\u00e1sokat a mez\u0151gazdas\u00e1gi f\u0171ny\u00edr\u00f3 sebess\u00e9gv\u00e1lt\u00f3j\u00e1val. Ez az alkatr\u00e9sz kulcsszerepet j\u00e1tszik a mechanikai teljes\u00edtm\u00e9ny \u00e1tvitel\u00e9ben a f\u0171ny\u00edr\u00f3 v\u00e1g\u00f3peng\u00e9ihez, biztos\u00edtva a hat\u00e9kony \u00e9s z\u00f6kken\u0151mentes m\u0171k\u00f6d\u00e9st. Az FMP-n\u00e9l sz\u00e9les v\u00e1laszt\u00e9kban k\u00edn\u00e1lunk kiv\u00e1l\u00f3 min\u0151s\u00e9g\u0171 PTO tengelyeket, amelyeket \u00fagy tervezt\u00fcnk, hogy z\u00f6kken\u0151mentesen m\u0171k\u00f6djenek a f\u0171ny\u00edr\u00f3 sebess\u00e9gv\u00e1lt\u00f3ival, maximaliz\u00e1lva a teljes\u00edtm\u00e9nyt, a megb\u00edzhat\u00f3s\u00e1got \u00e9s a hossz\u00fa \u00e9lettartamot.<\/p>\n<h3>Az FMP kard\u00e1ntengelyek f\u0151bb jellemz\u0151i f\u0171ny\u00edr\u00f3 hajt\u00f3m\u0171vekhez:<\/h3>\n<h4>Tart\u00f3ss\u00e1g \u00e9s szil\u00e1rds\u00e1g<\/h4>\n<p>Az FMP kard\u00e1ntengelyeket \u00fagy tervezt\u00e9k, hogy ellen\u00e1lljanak a neh\u00e9z mez\u0151gazdas\u00e1gi munk\u00e1k megpr\u00f3b\u00e1ltat\u00e1sainak. Kiv\u00e1l\u00f3 min\u0151s\u00e9g\u0171 anyagokb\u00f3l, t\u00f6bbek k\u00f6z\u00f6tt ac\u00e9lb\u00f3l k\u00e9sz\u00fcltek, \u00e9s hossz\u00fa t\u00e1v\u00fa megb\u00edzhat\u00f3s\u00e1gra tervezt\u00e9k \u0151ket. Ak\u00e1r forg\u00f3f\u0171ny\u00edr\u00f3t, f\u0171ny\u00edr\u00f3t vagy m\u00e1s mez\u0151gazdas\u00e1gi g\u00e9pet haszn\u00e1l, kard\u00e1ntengelyeink minim\u00e1lis kop\u00e1st \u00e9s kiv\u00e9teles tart\u00f3ss\u00e1got biztos\u00edtanak, m\u00e9g neh\u00e9z k\u00f6r\u00fclm\u00e9nyek k\u00f6z\u00f6tt is.<\/p>\n<h4>Nagy teljes\u00edtm\u00e9ny\u0171<\/h4>\n<p>Az FMP kard\u00e1ntengelyek optim\u00e1lis er\u0151\u00e1tvitelt biztos\u00edtanak, lehet\u0151v\u00e9 t\u00e9ve a f\u0171ny\u00edr\u00f3peng\u00e9k ide\u00e1lis sebess\u00e9ggel \u00e9s nyomat\u00e9kkal forog\u00e1s\u00e1t a hat\u00e9kony v\u00e1g\u00e1s \u00e9rdek\u00e9ben. Ez garant\u00e1lja az \u00e1lland\u00f3 teljes\u00edtm\u00e9nyt \u00e9s a nagy hat\u00e9konys\u00e1g\u00fa f\u0171ny\u00edr\u00e1st m\u00e9g kih\u00edv\u00e1st jelent\u0151 k\u00f6rnyezetben is. Ak\u00e1r s\u0171r\u0171 f\u00fcv\u00f6n, ak\u00e1r egyenetlen terepen ny\u00edrja a g\u00e9pet, az FMP kard\u00e1ntengelyek seg\u00edtenek a kiv\u00e1l\u00f3 v\u00e1g\u00e1si eredm\u00e9nyek fenntart\u00e1s\u00e1ban.<\/p>\n<h4>Testreszab\u00e1si lehet\u0151s\u00e9gek<\/h4>\n<p>Meg\u00e9rtj\u00fck, hogy minden m\u0171velet egyedi, ez\u00e9rt olyan kard\u00e1ntengelyeket k\u00edn\u00e1lunk, amelyek az \u00d6n egyedi ig\u00e9nyeihez igaz\u00edthat\u00f3k. Ak\u00e1r a hossz, a nyomat\u00e9kkapacit\u00e1s vagy a tengelykapcsol\u00f3-t\u00edpusok m\u00f3dos\u00edt\u00e1s\u00e1ra van sz\u00fcks\u00e9g, az FMP szorosan egy\u00fcttm\u0171k\u00f6dik az \u00fcgyfelekkel annak biztos\u00edt\u00e1sa \u00e9rdek\u00e9ben, hogy a kard\u00e1ntengely t\u00f6k\u00e9letesen illeszkedjen az \u00d6n g\u00e9peihez, kiemelked\u0151 teljes\u00edtm\u00e9nyt \u00e9s megb\u00edzhat\u00f3s\u00e1got ny\u00fajtva.<\/p>\n<h4>Biztons\u00e1g \u00e9s k\u00f6nny\u0171 haszn\u00e1lat<\/h4>\n<p>A mez\u0151gazdas\u00e1gi g\u00e9pek eset\u00e9ben a biztons\u00e1g els\u0151dleges szempont, ez\u00e9rt az FMP kard\u00e1ntengelyek be\u00e9p\u00edtett biztons\u00e1gi funkci\u00f3kkal vannak ell\u00e1tva. Ezek k\u00f6z\u00e9 tartoznak a t\u00falterhel\u00e9s elleni tengelykapcsol\u00f3k \u00e9s a kiold\u00f3 mechanizmusok, amelyek megakad\u00e1lyozz\u00e1k a k\u00e1rosod\u00e1st a tengely kiold\u00e1sakor. Ezenk\u00edv\u00fcl kard\u00e1ntengelyeink k\u00f6nnyen telep\u00edthet\u0151k \u00e9s karbantarthat\u00f3k, \u00edgy k\u00e9nyelmet \u00e9s nyugalmat biztos\u00edtanak a kezel\u0151k sz\u00e1m\u00e1ra.<\/p>\n<h4>Sokoldal\u00fas\u00e1g<\/h4>\n<p>Az FMP kard\u00e1ntengelyek sokoldal\u00faak \u00e9s sz\u00e1mos f\u0171ny\u00edr\u00f3 sebess\u00e9gv\u00e1lt\u00f3val \u00e9s egy\u00e9b mez\u0151gazdas\u00e1gi g\u00e9ppel kompatibilisek. Ak\u00e1r standard kard\u00e1ntengelyre, ak\u00e1r egyedi tervez\u00e9s\u0171 megold\u00e1sra van sz\u00fcks\u00e9ge, minden m\u00e9ret\u0171 \u00fczemhez megfelel\u0151 term\u00e9keket k\u00edn\u00e1lunk, a kis gazdas\u00e1gokt\u00f3l a nagy ipari felhaszn\u00e1l\u00e1sig.<\/p>\n<h4>K\u00f6lts\u00e9ghat\u00e9kony<\/h4>\n<p>Tart\u00f3s, nagy teljes\u00edtm\u00e9ny\u0171 kard\u00e1ntengelyek biztos\u00edt\u00e1s\u00e1val az FMP seg\u00edt cs\u00f6kkenteni a karbantart\u00e1si k\u00f6lts\u00e9geket \u00e9s az \u00e1ll\u00e1sid\u0151t. Kard\u00e1ntengelyeinket hossz\u00fa t\u00e1v\u00fa teljes\u00edtm\u00e9nyre tervezt\u00fck, biztos\u00edtva berendez\u00e9se z\u00f6kken\u0151mentes \u00e9s hat\u00e9kony m\u0171k\u00f6d\u00e9s\u00e9t, ami v\u00e9gs\u0151 soron a jav\u00edt\u00e1si \u00e9s cserek\u00f6lts\u00e9geken takar\u00edt meg. R\u00e1ad\u00e1sul versenyk\u00e9pes \u00e1raink kiv\u00e1l\u00f3 \u00e9rt\u00e9ket k\u00e9pviselnek befektet\u00e9se sz\u00e1m\u00e1ra.<\/p>\n<h3>Mi\u00e9rt v\u00e1lasszon FMP kard\u00e1ntengelyeket f\u0171ny\u00edr\u00f3ja sebess\u00e9gv\u00e1lt\u00f3j\u00e1hoz?<\/h3>\n<ul>\n<li><strong>Min\u0151s\u00e9gbiztos\u00edt\u00e1s:<\/strong> Az FMP-n\u00e9l minden \u00e1ltalunk gy\u00e1rtott term\u00e9k eset\u00e9ben a legmagasabb min\u0151s\u00e9gi szabv\u00e1nyokat tartjuk be, biztos\u00edtva a kard\u00e1ntengely optim\u00e1lis teljes\u00edtm\u00e9ny\u00e9t \u00e9s hosszabb \u00e9lettartam\u00e1t.<\/li>\n<li><strong>Testreszab\u00e1s \u00e9s t\u00e1mogat\u00e1s:<\/strong> Szak\u00e9rt\u0151i tan\u00e1csad\u00e1st \u00e9s szem\u00e9lyre szabott megold\u00e1sokat k\u00edn\u00e1lunk, hogy megfelelj\u00fcnk g\u00e9pei \u00e9s m\u0171k\u00f6d\u00e9se egyedi ig\u00e9nyeinek, biztos\u00edtva, hogy pontosan azt kapja, amire sz\u00fcks\u00e9ge van.<\/li>\n<li><strong>Glob\u00e1lis el\u00e9rhet\u0151s\u00e9g:<\/strong> Az FMP k\u00f6zel 30 orsz\u00e1gban rendelkezik \u00fcgyfelekkel, \u00e9s er\u0151s h\u00edrnevet \u00e9p\u00edtett ki a mez\u0151gazdas\u00e1gi \u00e1gazat sz\u00e1m\u00e1ra sz\u00e1ll\u00edtott nagy teljes\u00edtm\u00e9ny\u0171, megb\u00edzhat\u00f3 alkatr\u00e9szek ter\u00e9n.<\/li>\n<\/ul>\n<p>Tov\u00e1bbi inform\u00e1ci\u00f3k\u00e9rt vagy a mez\u0151gazdas\u00e1gi f\u0171ny\u00edr\u00f3 sebess\u00e9gv\u00e1lt\u00f3j\u00e1hoz val\u00f3 egyedi kard\u00e1ntengelyekkel kapcsolatban \u00e9rdekl\u0151dj\u00f6n m\u00e9g ma az FMP-n\u00e9l. Elk\u00f6telezettek vagyunk amellett, hogy a legjobb megold\u00e1sokat k\u00edn\u00e1ljuk g\u00e9pei sz\u00e1m\u00e1ra, biztos\u00edtva m\u0171k\u00f6d\u00e9se hat\u00e9konys\u00e1g\u00e1t \u00e9s megb\u00edzhat\u00f3s\u00e1g\u00e1t.<\/p>\n<p><img loading=\"lazy\" decoding=\"async\" class=\"alignnone size-full wp-image-1873\" src=\"https:\/\/fmp-components.com\/wp-content\/uploads\/2024\/12\/PTO-Shaft-for-Rotary-Mower-Gearboxes-15.webp\" sizes=\"(min-width: 0px) and (max-width: 480px) 480px, (min-width: 481px) and (max-width: 980px) 980px, (min-width: 981px) 1000px, 100vw\" srcset=\"https:\/\/fmp-components.com\/wp-content\/uploads\/2024\/12\/PTO-Shaft-for-Rotary-Mower-Gearboxes-15.webp 1000w, https:\/\/fmp-components.com\/wp-content\/uploads\/2024\/12\/PTO-Shaft-for-Rotary-Mower-Gearboxes-15-980x980.webp 980w, https:\/\/fmp-components.com\/wp-content\/uploads\/2024\/12\/PTO-Shaft-for-Rotary-Mower-Gearboxes-15-480x480.webp 480w\" alt=\"Kard\u00e1ntengely-forg\u00f3-f\u0171ny\u00edr\u00f3-hajt\u00f3m\u0171vekhez-15\" width=\"1000\" height=\"1000\" title=\"\"><\/p>\n<h3>Az FMP-r\u0151l<\/h3>\n<p>Az olaszorsz\u00e1gi sz\u00e9khely\u0171 FMP vezet\u0151 gy\u00e1rt\u00f3, amely mez\u0151gazdas\u00e1gi g\u00e9pek nagy teljes\u00edtm\u00e9ny\u0171 sebess\u00e9gv\u00e1lt\u00f3inak tervez\u00e9s\u00e9re, fejleszt\u00e9s\u00e9re \u00e9s gy\u00e1rt\u00e1s\u00e1ra specializ\u00e1l\u00f3dott. Elk\u00f6telezettek vagyunk a prec\u00edzi\u00f3s m\u00e9rn\u00f6ki megold\u00e1sok biztos\u00edt\u00e1sa ir\u00e1nt, nagy hangs\u00falyt fektetve a min\u0151s\u00e9gre, az innov\u00e1ci\u00f3ra \u00e9s a megb\u00edzhat\u00f3s\u00e1gra. Kiterjedt term\u00e9kportf\u00f3li\u00f3nk a sebess\u00e9gv\u00e1lt\u00f3k sz\u00e9les v\u00e1laszt\u00e9k\u00e1t tartalmazza, p\u00e9ld\u00e1ul f\u0171ny\u00edr\u00f3 sebess\u00e9gv\u00e1lt\u00f3kat, \u00e9s olyan alapvet\u0151 alkatr\u00e9szeket, mint a kard\u00e1ntengelyek. Az FMP k\u00fcldet\u00e9se, hogy olyan testreszabott megold\u00e1sokat sz\u00e1ll\u00edtson, amelyek megfelelnek a mez\u0151gazdas\u00e1gi \u00e9s ipari szektorok speci\u00e1lis ig\u00e9nyeinek, mind egyedi term\u00e9keket, mind teljesen integr\u00e1lt rendszereket k\u00edn\u00e1lva.<\/p>\n<p>Az FMP-n\u00e9l meg\u00e9rtj\u00fck, hogy minden \u00fcgyf\u00e9lnek egyedi ig\u00e9nyei vannak. Ez\u00e9rt er\u0151ss\u00e9g\u00fcnk abban rejlik, hogy olyan testreszabott term\u00e9keket k\u00edn\u00e1lunk, amelyek t\u00f6k\u00e9letesen megfelelnek ezeknek az ig\u00e9nyeknek. Ak\u00e1r speci\u00e1lis sebess\u00e9gv\u00e1lt\u00f3ra, ak\u00e1r egy komplett rendszerre van sz\u00fcks\u00e9ge, szorosan egy\u00fcttm\u0171k\u00f6d\u00fcnk \u00d6nnel, hogy biztos\u00edtsuk a leghat\u00e9konyabb \u00e9s legeredm\u00e9nyesebb megold\u00e1st. Az \u00fcgyfelek el\u00e9gedetts\u00e9ge ir\u00e1nti elk\u00f6telezetts\u00e9g\u00fcnket gyors, professzion\u00e1lis v\u00e1laszaink \u00e9s szak\u00e9rt\u0151i tan\u00e1csaink bizony\u00edtj\u00e1k, biztos\u00edtva, hogy minden megkeres\u00e9st k\u00f6r\u00fcltekint\u0151en \u00e9s prec\u00edzen kezelj\u00fcnk.<\/p>\n<p>Hisz\u00fcnk az \u00fcgyfeleinkkel folytatott ny\u00edlt \u00e9s folyamatos kommunik\u00e1ci\u00f3ban, k\u00fcl\u00f6n\u00f6sen az \u00faj term\u00e9kek fejleszt\u00e9se ter\u00e9n. Elk\u00f6telezett csapatunk szorosan egy\u00fcttm\u0171k\u00f6dik \u00fcgyfeleinkkel, hogy meg\u00e9rtse egyedi kih\u00edv\u00e1saikat, \u00e9rt\u00e9kes betekint\u00e9st \u00e9s tan\u00e1csokat k\u00edn\u00e1lva az optim\u00e1lis megold\u00e1sok kidolgoz\u00e1s\u00e1hoz. Az \u00faj term\u00e9kek fejleszt\u00e9s\u00e9t\u0151l a megl\u00e9v\u0151 megrendel\u00e9sek teljes\u00edt\u00e9s\u00e9ig elk\u00f6telezettek vagyunk a kiv\u00e1l\u00f3 min\u0151s\u00e9g\u0171 term\u00e9kek gyors \u00e9s prec\u00edz sz\u00e1ll\u00edt\u00e1sa ir\u00e1nt.<\/p>\n<p>Az FMP m\u0171k\u00f6d\u00e9s\u00e9nek k\u00f6z\u00e9ppontj\u00e1ban a min\u0151s\u00e9g ir\u00e1nti rend\u00edthetetlen elk\u00f6telezetts\u00e9g \u00e1ll. Gy\u00e1rt\u00e1si folyamataink szigor\u00fa alapelveket k\u00f6vetnek: magas sz\u00ednvonal, precizit\u00e1s \u00e9s nulla hiba. Szigor\u00fa min\u0151s\u00e9gellen\u0151rz\u00e9si int\u00e9zked\u00e9seket alkalmazunk annak biztos\u00edt\u00e1s\u00e1ra, hogy minden term\u00e9k\u00fcnk meghaladja az ipar\u00e1gi szabv\u00e1nyokat. Ez a min\u0151s\u00e9g ir\u00e1nti rend\u00edthetetlen elk\u00f6telezetts\u00e9g, p\u00e1rosulva az olyan \u00e9rt\u00e9keinkkel, mint az integrit\u00e1s, a csapatmunka \u00e9s a kitart\u00e1s, lehet\u0151v\u00e9 tette sz\u00e1munkra, hogy tart\u00f3s \u00e9s \u00e9rtelmes partners\u00e9geket \u00e9p\u00edts\u00fcnk ki \u00fcgyfeleinkkel vil\u00e1gszerte k\u00f6zel 30 orsz\u00e1gban.<\/p>\n<p>Az FMP mindig nyitott a glob\u00e1lis partners\u00e9gekre, \u00e9s k\u00e9szen \u00e1ll szak\u00e9rt\u0151i tan\u00e1csok \u00e9s szem\u00e9lyre szabott megold\u00e1sok felaj\u00e1nl\u00e1s\u00e1ra. Hisz\u00fcnk az \u00fcgyfeleinkkel val\u00f3 hossz\u00fa t\u00e1v\u00fa kapcsolatok \u00e1pol\u00e1s\u00e1ban, biztos\u00edtva siker\u00fcket \u00e9s el\u00e9gedetts\u00e9g\u00fcket minden projekttel. Ak\u00e1r egy \u00faj projekthez van sz\u00fcks\u00e9ge megold\u00e1sokra, ak\u00e1r egy megl\u00e9v\u0151 rendszer t\u00e1mogat\u00e1s\u00e1ra, az FMP elk\u00f6telezett a technikai kih\u00edv\u00e1sok megold\u00e1sa \u00e9s a folyamatos siker biztos\u00edt\u00e1sa ir\u00e1nt.<\/p>\n<p><img loading=\"lazy\" decoding=\"async\" class=\"alignnone size-full wp-image-1861\" src=\"https:\/\/fmp-components.com\/wp-content\/uploads\/2024\/12\/Other-Agricultural-Gearboxes.webp\" sizes=\"(min-width: 0px) and (max-width: 480px) 480px, (min-width: 481px) and (max-width: 980px) 980px, (min-width: 981px) 1200px, 100vw\" srcset=\"https:\/\/fmp-components.com\/wp-content\/uploads\/2024\/12\/Other-Agricultural-Gearboxes.webp 1200w, https:\/\/fmp-components.com\/wp-content\/uploads\/2024\/12\/Other-Agricultural-Gearboxes-980x1143.webp 980w, https:\/\/fmp-components.com\/wp-content\/uploads\/2024\/12\/Other-Agricultural-Gearboxes-480x560.webp 480w\" alt=\"Altri-cambi-agricoli\" width=\"1200\" height=\"1400\" title=\"\"><\/p>\n<p>Szerz\u0151: CX<\/p>","protected":false},"excerpt":{"rendered":"<p>Mowers Gearboxes \u2013 Replacement of Comer Code TL-311D Specification Description Mowers Gearboxes &#8211; Replacement of Comer Code TL-311D Application Mowers Consists of Gearbox Order Oil Separately Technical Information All technical data corresponds to ISO 6335 and ISO 281. Contains Oil No Max. Oil Capacity 1.2 l Oil SAE Viscosity Grade 80W-90 Weight 23.5 kg Gear [&hellip;]<\/p>","protected":false},"featured_media":1972,"comment_status":"open","ping_status":"closed","template":"","meta":{"_et_pb_use_builder":"","_et_pb_old_content":"","_et_gb_content_width":""},"product_brand":[],"product_cat":[52],"product_tag":[],"class_list":{"0":"post-1969","1":"product","2":"type-product","3":"status-publish","4":"has-post-thumbnail","6":"product_cat-lawn-mower-gearbox","8":"first","9":"instock","10":"shipping-taxable","11":"product-type-simple"},"_links":{"self":[{"href":"https:\/\/fmp-components.com\/hu\/wp-json\/wp\/v2\/product\/1969","targetHints":{"allow":["GET"]}}],"collection":[{"href":"https:\/\/fmp-components.com\/hu\/wp-json\/wp\/v2\/product"}],"about":[{"href":"https:\/\/fmp-components.com\/hu\/wp-json\/wp\/v2\/types\/product"}],"replies":[{"embeddable":true,"href":"https:\/\/fmp-components.com\/hu\/wp-json\/wp\/v2\/comments?post=1969"}],"wp:featuredmedia":[{"embeddable":true,"href":"https:\/\/fmp-components.com\/hu\/wp-json\/wp\/v2\/media\/1972"}],"wp:attachment":[{"href":"https:\/\/fmp-components.com\/hu\/wp-json\/wp\/v2\/media?parent=1969"}],"wp:term":[{"taxonomy":"product_brand","embeddable":true,"href":"https:\/\/fmp-components.com\/hu\/wp-json\/wp\/v2\/product_brand?post=1969"},{"taxonomy":"product_cat","embeddable":true,"href":"https:\/\/fmp-components.com\/hu\/wp-json\/wp\/v2\/product_cat?post=1969"},{"taxonomy":"product_tag","embeddable":true,"href":"https:\/\/fmp-components.com\/hu\/wp-json\/wp\/v2\/product_tag?post=1969"}],"curies":[{"name":"munkaf\u00fczet","href":"https:\/\/api.w.org\/{rel}","templated":true}]}}