{"id":1966,"date":"2024-12-26T03:59:58","date_gmt":"2024-12-26T03:59:58","guid":{"rendered":"https:\/\/fmp-components.com\/?page_id=8"},"modified":"2026-03-16T08:00:26","modified_gmt":"2026-03-16T08:00:26","slug":"lmowers-gearboxes-replacement-of-comer-code-t-269a","status":"publish","type":"product","link":"https:\/\/fmp-components.com\/hu\/product\/lmowers-gearboxes-replacement-of-comer-code-t-269a\/","title":{"rendered":"F\u0171ny\u00edr\u00f3k sebess\u00e9gv\u00e1lt\u00f3i \u2013 A T-269A Comer k\u00f3d cser\u00e9je"},"content":{"rendered":"<p><img loading=\"lazy\" decoding=\"async\" class=\"size-full wp-image-1968 aligncenter\" src=\"https:\/\/fmp-components.com\/wp-content\/uploads\/2024\/12\/Lawn-Mower-Gearbox-3.webp\" alt=\"F\u0171ny\u00edr\u00f3 sebess\u00e9gv\u00e1lt\u00f3\" width=\"500\" height=\"500\" title=\"\" srcset=\"https:\/\/fmp-components.com\/wp-content\/uploads\/2024\/12\/Lawn-Mower-Gearbox-3.webp 500w, https:\/\/fmp-components.com\/wp-content\/uploads\/2024\/12\/Lawn-Mower-Gearbox-3-480x480.webp 480w\" sizes=\"(min-width: 0px) and (max-width: 480px) 480px, (min-width: 481px) 500px, 100vw\" \/><\/p>\n<h2>F\u0171ny\u00edr\u00f3k sebess\u00e9gv\u00e1lt\u00f3i \u2013 A Comer Code T-269A specifik\u00e1ci\u00f3 cser\u00e9je<\/h2>\n<table style=\"width: 100%; height: 506px;\" border=\"1\" width=\"100%\" cellspacing=\"0\" cellpadding=\"0\">\n<tbody>\n<tr style=\"height: 23px;\">\n<th style=\"height: 23px;\">Le\u00edr\u00e1s<\/th>\n<td style=\"height: 23px;\">F\u0171ny\u00edr\u00f3k sebess\u00e9gv\u00e1lt\u00f3i \u2013 A Comer Code T-269A cser\u00e9je<\/td>\n<\/tr>\n<tr style=\"height: 23px;\">\n<th style=\"height: 23px;\">Alkalmaz\u00e1s<\/th>\n<td style=\"height: 23px;\">K\u00fcl\u00f6nb\u00f6z\u0151 (mez\u0151gazdas\u00e1gi) alkalmaz\u00e1sok, F\u0171ny\u00edr\u00f3k<\/td>\n<\/tr>\n<tr style=\"height: 23px;\">\n<th style=\"height: 23px;\">Tartalmaz<\/th>\n<td style=\"height: 23px;\">Sebess\u00e9gv\u00e1lt\u00f3<\/p>\n<p>Olaj k\u00fcl\u00f6n rendel\u00e9se<\/td>\n<\/tr>\n<tr style=\"height: 23px;\">\n<th style=\"height: 23px;\">M\u0171szaki inform\u00e1ci\u00f3k<\/th>\n<td style=\"height: 23px;\">Minden m\u0171szaki adat megfelel az ISO 6335 \u00e9s ISO 281 szabv\u00e1nynak.<\/td>\n<\/tr>\n<tr style=\"height: 23px;\">\n<th style=\"height: 23px;\">Max. kimeneti nyomat\u00e9k<\/th>\n<td style=\"height: 23px;\">161,1 daNm<\/td>\n<\/tr>\n<tr style=\"height: 23px;\">\n<th style=\"height: 23px;\">Olajat tartalmaz<\/th>\n<td style=\"height: 23px;\">Nem<\/td>\n<\/tr>\n<tr style=\"height: 23px;\">\n<th style=\"height: 23px;\">Max. olajkapacit\u00e1s<\/th>\n<td style=\"height: 23px;\">3,25 liter<\/td>\n<\/tr>\n<tr style=\"height: 23px;\">\n<th style=\"height: 23px;\">Olaj SAE viszkozit\u00e1si fokozat<\/th>\n<td style=\"height: 23px;\">80W-90<\/td>\n<\/tr>\n<tr style=\"height: 23px;\">\n<th style=\"height: 23px;\">S\u00faly<\/th>\n<td style=\"height: 23px;\">48 kg<\/td>\n<\/tr>\n<tr style=\"height: 23px;\">\n<th style=\"height: 23px;\">Fogasker\u00e9k-elrendez\u00e9s n\u00f6vel\u00e9se<\/th>\n<td style=\"height: 23px;\">25 &#8211; 26 &#8211; 27 &#8211; 28<\/td>\n<\/tr>\n<tr style=\"height: 23px;\">\n<th style=\"height: 23px;\">Fogasker\u00e9k-elrendez\u00e9s cs\u00f6kkent\u00e9se<\/th>\n<td style=\"height: 23px;\">5 &#8211; 6<\/td>\n<\/tr>\n<tr style=\"height: 23px;\">\n<th style=\"height: 23px;\">Bemeneti teljes\u00edtm\u00e9ny kW \/ LE n\u00f6vekv\u0151<\/th>\n<td style=\"height: 23px;\">77,3 \/ 105 kW\/LE<\/td>\n<\/tr>\n<tr style=\"height: 23px;\">\n<th style=\"height: 23px;\">Bemeneti tengely n\u00f6vel\u00e9se<\/th>\n<td style=\"height: 23px;\">X \u2013 Y<\/td>\n<\/tr>\n<tr style=\"height: 23px;\">\n<th style=\"height: 23px;\">Bemeneti tengely cs\u00f6kkent\u00e9se<\/th>\n<td style=\"height: 23px;\">Z<\/td>\n<\/tr>\n<tr style=\"height: 23px;\">\n<th style=\"height: 23px;\">Bemeneti teljes\u00edtm\u00e9ny kW \/ LE Reducing<\/th>\n<td style=\"height: 23px;\">66,2 \/ 90 kW\/LE<\/td>\n<\/tr>\n<tr style=\"height: 23px;\">\n<th style=\"height: 23px;\">Kimeneti nyomat\u00e9k DaNm n\u00f6vekv\u0151<\/th>\n<td style=\"height: 23px;\">93,2 daNm<\/td>\n<\/tr>\n<tr style=\"height: 23px;\">\n<th style=\"height: 23px;\">Ar\u00e1ny n\u00f6vel\u00e9se<\/th>\n<td style=\"height: 23px;\">1 : 1.42<\/td>\n<\/tr>\n<tr style=\"height: 23px;\">\n<th style=\"height: 23px;\">Ar\u00e1nycs\u00f6kkent\u00e9s<\/th>\n<td style=\"height: 23px;\">1.42 : 1<\/td>\n<\/tr>\n<tr style=\"height: 23px;\">\n<th style=\"height: 23px;\">X tengely<\/th>\n<td style=\"height: 23px;\">1 3\/8\u2033 (6) (B)<\/td>\n<\/tr>\n<tr style=\"height: 23px;\">\n<th style=\"height: 23px;\">Y tengely<\/th>\n<td style=\"height: 23px;\">1 3\/8\u2033 (6) (A)<\/td>\n<\/tr>\n<tr style=\"height: 23px;\">\n<th style=\"height: 23px;\">Z tengely<\/th>\n<td style=\"height: 23px;\">1 3\/8\u2033 (6) (C)<\/td>\n<\/tr>\n<\/tbody>\n<\/table>\n<h3>Mi\u00e9rt v\u00e1lasszon FMP kard\u00e1ntengelyeket f\u0171ny\u00edr\u00f3ja sebess\u00e9gv\u00e1lt\u00f3j\u00e1hoz?<\/h3>\n<p><strong>Kompromisszumok n\u00e9lk\u00fcli min\u0151s\u00e9gbiztos\u00edt\u00e1s:<\/strong><br \/>\nAz FMP-n\u00e9l a min\u0151s\u00e9g a legfontosabb priorit\u00e1sunk. Szigor\u00fa gy\u00e1rt\u00e1si szabv\u00e1nyokat k\u00f6vet\u00fcnk, biztos\u00edtva, hogy minden \u00e1ltalunk gy\u00e1rtott kard\u00e1ntengely tart\u00f3s \u00e9s optim\u00e1lis teljes\u00edtm\u00e9nyt ny\u00fajtson m\u00e9g a legnehezebb k\u00f6r\u00fclm\u00e9nyek k\u00f6z\u00f6tt is. Kard\u00e1ntengelyeink szigor\u00fa tesztel\u00e9sen esnek \u00e1t, hogy garant\u00e1lj\u00e1k tart\u00f3ss\u00e1gukat, szil\u00e1rds\u00e1gukat \u00e9s hossz\u00fa t\u00e1v\u00fa megb\u00edzhat\u00f3s\u00e1gukat, \u00edgy ide\u00e1lis v\u00e1laszt\u00e1st jelentenek a f\u0171ny\u00edr\u00f3 sebess\u00e9gv\u00e1lt\u00f3j\u00e1nak z\u00f6kken\u0151mentes \u00e9s hat\u00e9kony m\u0171k\u00f6d\u00e9s\u00e9nek biztos\u00edt\u00e1s\u00e1hoz.<\/p>\n<p><strong>Testreszabott megold\u00e1sok \u00e9s szak\u00e9rt\u0151i t\u00e1mogat\u00e1s:<\/strong><br \/>\nMeg\u00e9rtj\u00fck, hogy minden mez\u0151gazdas\u00e1gi g\u00e9pnek egyedi ig\u00e9nyei vannak. Ez\u00e9rt k\u00edn\u00e1lunk testreszabhat\u00f3 kard\u00e1ntengelyeket, amelyeket az \u00d6n m\u0171k\u00f6d\u00e9s\u00e9nek speci\u00e1lis ig\u00e9nyeihez tervezt\u00fcnk. Ak\u00e1r forg\u00f3 f\u0171ny\u00edr\u00f3hoz, h\u00f3sepr\u0151h\u00f6z vagy m\u00e1s mez\u0151gazdas\u00e1gi berendez\u00e9shez van sz\u00fcks\u00e9ge kard\u00e1ntengelyre, szak\u00e9rt\u0151i csapatunk k\u00e9szen \u00e1ll szem\u00e9lyre szabott tan\u00e1csokkal \u00e9s megold\u00e1sokkal. Szorosan egy\u00fcttm\u0171k\u00f6d\u00fcnk \u00d6nnel annak \u00e9rdek\u00e9ben, hogy az \u00e1ltalunk sz\u00e1ll\u00edtott kard\u00e1ntengelyek t\u00f6k\u00e9letesen illeszkedjenek g\u00e9peihez, n\u00f6velve azok teljes\u00edtm\u00e9ny\u00e9t \u00e9s hat\u00e9konys\u00e1g\u00e1t.<\/p>\n<p><strong>Glob\u00e1lis el\u00e9rhet\u0151s\u00e9g \u00e9s bizony\u00edtott megb\u00edzhat\u00f3s\u00e1g:<\/strong><br \/>\nA vil\u00e1gszerte k\u00f6zel 30 orsz\u00e1gban n\u00f6vekv\u0151 \u00fcgyf\u00e9lk\u00f6rrel rendelkez\u0151 FMP h\u00edrnevet szerzett mag\u00e1nak a mez\u0151gazdas\u00e1gi \u00e1gazat sz\u00e1m\u00e1ra sz\u00e1ll\u00edtott kiv\u00e1l\u00f3 min\u0151s\u00e9g\u0171, megb\u00edzhat\u00f3 alkatr\u00e9szek ter\u00e9n. Kard\u00e1ntengelyeinket vil\u00e1gszerte a gazd\u00e1lkod\u00f3k, kert\u00e9szek \u00e9s ipari \u00fczemeltet\u0151k b\u00edzz\u00e1k meg tart\u00f3ss\u00e1guk, k\u00f6nny\u0171 haszn\u00e1latuk \u00e9s \u00e1lland\u00f3 teljes\u00edtm\u00e9ny\u00fck miatt. Ak\u00e1r \u00c9szak-Amerik\u00e1ban, Eur\u00f3p\u00e1ban vagy azon t\u00fal is dolgozik, az FMP-re sz\u00e1m\u00edthat, hogy a g\u00e9pei ig\u00e9nyeinek megfelel\u0151, els\u0151 oszt\u00e1ly\u00fa term\u00e9keket k\u00edn\u00e1l.<\/p>\n<p><strong>\u00c1tfog\u00f3 \u00fcgyf\u00e9lszolg\u00e1lat:<\/strong><br \/>\nAz FMP elk\u00f6telezetts\u00e9ge az \u00fcgyfelek el\u00e9gedetts\u00e9ge ir\u00e1nt t\u00falmutat a puszta term\u00e9kk\u00edn\u00e1laton. Elk\u00f6telezettek vagyunk a folyamatos t\u00e1mogat\u00e1s ir\u00e1nt berendez\u00e9sei teljes \u00e9letciklusa alatt. \u00dcgyf\u00e9lszolg\u00e1lati csapatunk k\u00e9szs\u00e9ggel v\u00e1laszol a k\u00e9rd\u00e9sekre, technikai seg\u00edts\u00e9get ny\u00fajt, \u00e9s biztos\u00edtja, hogy kard\u00e1ntengelye a lehet\u0151 legjobban m\u0171k\u00f6dj\u00f6n. Az \u00e9rt\u00e9kes\u00edt\u00e9s el\u0151tti konzult\u00e1ci\u00f3kt\u00f3l az \u00e9rt\u00e9kes\u00edt\u00e9s ut\u00e1ni karbantart\u00e1si tan\u00e1csad\u00e1sig minden l\u00e9p\u00e9sben seg\u00edt\u00fcnk \u00d6nnek.<\/p>\n<p>Tov\u00e1bbi inform\u00e1ci\u00f3k\u00e9rt vagy a mez\u0151gazdas\u00e1gi f\u0171ny\u00edr\u00f3 sebess\u00e9gv\u00e1lt\u00f3j\u00e1hoz val\u00f3 egyedi kard\u00e1ntengelyekkel kapcsolatban \u00e9rdekl\u0151dj\u00f6n m\u00e9g ma az FMP-n\u00e9l. Csapatunk k\u00e9szs\u00e9ggel \u00e1ll rendelkez\u00e9s\u00e9re a g\u00e9peihez legjobb megold\u00e1sokkal, biztos\u00edtva a maxim\u00e1lis hat\u00e9konys\u00e1got \u00e9s megb\u00edzhat\u00f3s\u00e1got m\u0171k\u00f6d\u00e9se sor\u00e1n. B\u00edzza az FMP-re berendez\u00e9sei megb\u00edzhat\u00f3 partner\u00e9t az elk\u00f6vetkez\u0151 \u00e9vekre.<\/p>\n<table border=\"1\" width=\"100%\" cellspacing=\"0\" cellpadding=\"0\">\n<tbody>\n<tr>\n<td width=\"110\"><img loading=\"lazy\" decoding=\"async\" class=\"alignnone size-full wp-image-1872\" src=\"https:\/\/fmp-components.com\/wp-content\/uploads\/2024\/12\/PTO-Shaft-for-Rotary-Mower-Gearboxes-16.webp\" sizes=\"(min-width: 0px) and (max-width: 480px) 480px, (min-width: 481px) and (max-width: 980px) 980px, (min-width: 981px) 1000px, 100vw\" srcset=\"https:\/\/fmp-components.com\/wp-content\/uploads\/2024\/12\/PTO-Shaft-for-Rotary-Mower-Gearboxes-16.webp 1000w, https:\/\/fmp-components.com\/wp-content\/uploads\/2024\/12\/PTO-Shaft-for-Rotary-Mower-Gearboxes-16-980x980.webp 980w, https:\/\/fmp-components.com\/wp-content\/uploads\/2024\/12\/PTO-Shaft-for-Rotary-Mower-Gearboxes-16-480x480.webp 480w\" alt=\"Kard\u00e1ntengely-forg\u00f3-f\u0171ny\u00edr\u00f3-hajt\u00f3m\u0171vekhez-16\" width=\"1000\" height=\"1000\" title=\"\"><\/td>\n<td width=\"98\"><img loading=\"lazy\" decoding=\"async\" class=\"alignnone size-full wp-image-1873\" src=\"https:\/\/fmp-components.com\/wp-content\/uploads\/2024\/12\/PTO-Shaft-for-Rotary-Mower-Gearboxes-15.webp\" sizes=\"(min-width: 0px) and (max-width: 480px) 480px, (min-width: 481px) and (max-width: 980px) 980px, (min-width: 981px) 1000px, 100vw\" srcset=\"https:\/\/fmp-components.com\/wp-content\/uploads\/2024\/12\/PTO-Shaft-for-Rotary-Mower-Gearboxes-15.webp 1000w, https:\/\/fmp-components.com\/wp-content\/uploads\/2024\/12\/PTO-Shaft-for-Rotary-Mower-Gearboxes-15-980x980.webp 980w, https:\/\/fmp-components.com\/wp-content\/uploads\/2024\/12\/PTO-Shaft-for-Rotary-Mower-Gearboxes-15-480x480.webp 480w\" alt=\"Kard\u00e1ntengely-forg\u00f3-f\u0171ny\u00edr\u00f3-hajt\u00f3m\u0171vekhez-15\" width=\"1000\" height=\"1000\" title=\"\"><\/td>\n<\/tr>\n<\/tbody>\n<\/table>\n<h3>Az FMP-r\u0151l<\/h3>\n<p>Az olaszorsz\u00e1gi sz\u00e9khely\u0171 FMP vezet\u0151 gy\u00e1rt\u00f3, amely mez\u0151gazdas\u00e1gi g\u00e9pek nagy teljes\u00edtm\u00e9ny\u0171 sebess\u00e9gv\u00e1lt\u00f3inak tervez\u00e9s\u00e9re, fejleszt\u00e9s\u00e9re \u00e9s gy\u00e1rt\u00e1s\u00e1ra specializ\u00e1l\u00f3dott. Elk\u00f6telezettek vagyunk a prec\u00edzi\u00f3s m\u00e9rn\u00f6ki megold\u00e1sok biztos\u00edt\u00e1sa ir\u00e1nt, a min\u0151s\u00e9gre, az innov\u00e1ci\u00f3ra \u00e9s a megb\u00edzhat\u00f3s\u00e1gra \u00f6sszpontos\u00edtva. Term\u00e9kportf\u00f3li\u00f3nk sz\u00e9les v\u00e1laszt\u00e9kban tartalmaz sebess\u00e9gv\u00e1lt\u00f3kat, p\u00e9ld\u00e1ul f\u0171ny\u00edr\u00f3 sebess\u00e9gv\u00e1lt\u00f3kat, valamint olyan alapvet\u0151 alkatr\u00e9szeket, mint a kard\u00e1ntengelyek. K\u00fcldet\u00e9s\u00fcnk, hogy testreszabott megold\u00e1sokat k\u00edn\u00e1ljunk, amelyek megfelelnek a mez\u0151gazdas\u00e1gi \u00e9s ipari szektorok speci\u00e1lis ig\u00e9nyeinek, ak\u00e1r egyedi term\u00e9keken, ak\u00e1r teljesen integr\u00e1lt rendszereken kereszt\u00fcl.<\/p>\n<p>Az FMP-n\u00e9l meg\u00e9rtj\u00fck, hogy minden \u00fcgyf\u00e9lnek egyedi ig\u00e9nyei vannak. Ez\u00e9rt er\u0151ss\u00e9g\u00fcnk abban rejlik, hogy k\u00e9pesek vagyunk term\u00e9keket testre szabni, hogy t\u00f6k\u00e9letesen megfeleljenek ezeknek az ig\u00e9nyeknek. Ak\u00e1r speci\u00e1lis sebess\u00e9gv\u00e1lt\u00f3t, ak\u00e1r egy komplett rendszert keres, szorosan egy\u00fcttm\u0171k\u00f6d\u00fcnk \u00d6nnel, hogy a leghat\u00e9konyabb \u00e9s legeredm\u00e9nyesebb megold\u00e1st k\u00edn\u00e1ljuk. Az \u00fcgyfelek el\u00e9gedetts\u00e9ge ir\u00e1nti elk\u00f6telezetts\u00e9g\u00fcnket gyors, professzion\u00e1lis v\u00e1laszaink \u00e9s szak\u00e9rt\u0151i tan\u00e1csaink t\u00fckr\u00f6zik, biztos\u00edtva, hogy minden megkeres\u00e9st k\u00f6r\u00fcltekint\u0151en \u00e9s prec\u00edzen kezelj\u00fcnk.<\/p>\n<p>Nagyra \u00e9rt\u00e9kelj\u00fck az \u00fcgyfeleinkkel folytatott ny\u00edlt kommunik\u00e1ci\u00f3t, k\u00fcl\u00f6n\u00f6sen \u00faj term\u00e9kek fejleszt\u00e9se eset\u00e9n. Elk\u00f6telezett csapatunk szorosan egy\u00fcttm\u0171k\u00f6dik \u00fcgyfeleinkkel, hogy meg\u00e9rtse kih\u00edv\u00e1saikat, \u00e9s \u00e9rt\u00e9kes betekint\u00e9st ny\u00fajtson az optim\u00e1lis megold\u00e1sok kidolgoz\u00e1s\u00e1hoz. Az \u00faj term\u00e9kek fejleszt\u00e9s\u00e9t\u0151l a megl\u00e9v\u0151 megrendel\u00e9sek teljes\u00edt\u00e9s\u00e9ig elk\u00f6telezettek vagyunk a kiv\u00e1l\u00f3 min\u0151s\u00e9g\u0171 term\u00e9kek gyors \u00e9s pontos sz\u00e1ll\u00edt\u00e1sa ir\u00e1nt.<\/p>\n<p>A min\u0151s\u00e9g az FMP-n\u00e9l v\u00e9gzett minden tev\u00e9kenys\u00e9g\u00fcnk sarokk\u00f6ve. Gy\u00e1rt\u00e1si folyamatunkat a magas sz\u00ednvonal, a precizit\u00e1s \u00e9s a nulla hiba elvei vez\u00e9rlik. Szigor\u00fa min\u0151s\u00e9gellen\u0151rz\u00e9si int\u00e9zked\u00e9seket k\u00f6vet\u00fcnk annak biztos\u00edt\u00e1sa \u00e9rdek\u00e9ben, hogy minden \u00e1ltalunk lesz\u00e1ll\u00edtott term\u00e9k meghaladja az ipar\u00e1gi szabv\u00e1nyokat. Ez a min\u0151s\u00e9gre val\u00f3 kitart\u00f3 \u00f6sszpontos\u00edt\u00e1s, p\u00e1rosulva az olyan \u00e9rt\u00e9keinkkel, mint az integrit\u00e1s, a csapatmunka \u00e9s a kitart\u00e1s, lehet\u0151v\u00e9 tette sz\u00e1munkra, hogy er\u0151s \u00e9s tart\u00f3s partners\u00e9geket alak\u00edtsunk ki \u00fcgyfeleinkkel a vil\u00e1g k\u00f6zel 30 orsz\u00e1g\u00e1ban.<\/p>\n<p>Az FMP mindig nyitott a glob\u00e1lis egy\u00fcttm\u0171k\u00f6d\u00e9sre, \u00e9s k\u00e9szs\u00e9ggel ny\u00fajt szak\u00e9rt\u0151i tan\u00e1csokat \u00e9s szem\u00e9lyre szabott megold\u00e1sokat. Megk\u00f6zel\u00edt\u00e9s\u00fcnk nem csup\u00e1n a term\u00e9kek sz\u00e1ll\u00edt\u00e1s\u00e1r\u00f3l sz\u00f3l, hanem a k\u00f6lcs\u00f6n\u00f6s sikerhez vezet\u0151 hossz\u00fa t\u00e1v\u00fa partners\u00e9gek ki\u00e9p\u00edt\u00e9s\u00e9r\u0151l is. Ak\u00e1r egy \u00faj projekthez van sz\u00fcks\u00e9ge megold\u00e1sokra, ak\u00e1r a megl\u00e9v\u0151 rendszerekhez t\u00e1mogat\u00e1sra, az FMP elk\u00f6telezett a technikai kih\u00edv\u00e1sok megold\u00e1sa \u00e9s a hossz\u00fa t\u00e1v\u00fa siker el\u00e9r\u00e9s\u00e9nek seg\u00edt\u00e9se ir\u00e1nt.<\/p>\n<p><img loading=\"lazy\" decoding=\"async\" class=\"alignnone size-full wp-image-1861\" src=\"https:\/\/fmp-components.com\/wp-content\/uploads\/2024\/12\/Other-Agricultural-Gearboxes.webp\" sizes=\"(min-width: 0px) and (max-width: 480px) 480px, (min-width: 481px) and (max-width: 980px) 980px, (min-width: 981px) 1200px, 100vw\" srcset=\"https:\/\/fmp-components.com\/wp-content\/uploads\/2024\/12\/Other-Agricultural-Gearboxes.webp 1200w, https:\/\/fmp-components.com\/wp-content\/uploads\/2024\/12\/Other-Agricultural-Gearboxes-980x1143.webp 980w, https:\/\/fmp-components.com\/wp-content\/uploads\/2024\/12\/Other-Agricultural-Gearboxes-480x560.webp 480w\" alt=\"Altri-cambi-agricoli\" width=\"1200\" height=\"1400\" title=\"\"><\/p>\n<p>Szerz\u0151: CX<\/p>","protected":false},"excerpt":{"rendered":"<p>Lawn Mowers Gearboxes \u2013 Replacement of Comer Code T-269A Specification Description Mowers Gearboxes &#8211; Replacement of Comer Code T-269A Application Various (agricultural) applications, Mowers Consists of Gearbox Order Oil Separately Technical Information All technical data corresponds to ISO 6335 and ISO 281. Max. Output Torque 161.1 daNm Contains Oil No Max. Oil Capacity 3.25 l [&hellip;]<\/p>","protected":false},"featured_media":1968,"comment_status":"open","ping_status":"closed","template":"","meta":{"_et_pb_use_builder":"","_et_pb_old_content":"","_et_gb_content_width":""},"product_brand":[],"product_cat":[52],"product_tag":[],"class_list":{"0":"post-1966","1":"product","2":"type-product","3":"status-publish","4":"has-post-thumbnail","6":"product_cat-lawn-mower-gearbox","8":"first","9":"instock","10":"shipping-taxable","11":"product-type-simple"},"_links":{"self":[{"href":"https:\/\/fmp-components.com\/hu\/wp-json\/wp\/v2\/product\/1966","targetHints":{"allow":["GET"]}}],"collection":[{"href":"https:\/\/fmp-components.com\/hu\/wp-json\/wp\/v2\/product"}],"about":[{"href":"https:\/\/fmp-components.com\/hu\/wp-json\/wp\/v2\/types\/product"}],"replies":[{"embeddable":true,"href":"https:\/\/fmp-components.com\/hu\/wp-json\/wp\/v2\/comments?post=1966"}],"wp:featuredmedia":[{"embeddable":true,"href":"https:\/\/fmp-components.com\/hu\/wp-json\/wp\/v2\/media\/1968"}],"wp:attachment":[{"href":"https:\/\/fmp-components.com\/hu\/wp-json\/wp\/v2\/media?parent=1966"}],"wp:term":[{"taxonomy":"product_brand","embeddable":true,"href":"https:\/\/fmp-components.com\/hu\/wp-json\/wp\/v2\/product_brand?post=1966"},{"taxonomy":"product_cat","embeddable":true,"href":"https:\/\/fmp-components.com\/hu\/wp-json\/wp\/v2\/product_cat?post=1966"},{"taxonomy":"product_tag","embeddable":true,"href":"https:\/\/fmp-components.com\/hu\/wp-json\/wp\/v2\/product_tag?post=1966"}],"curies":[{"name":"munkaf\u00fczet","href":"https:\/\/api.w.org\/{rel}","templated":true}]}}