{"id":1962,"date":"2024-12-26T03:46:41","date_gmt":"2024-12-26T03:46:41","guid":{"rendered":"https:\/\/fmp-components.com\/?page_id=8"},"modified":"2024-12-26T03:48:03","modified_gmt":"2024-12-26T03:48:03","slug":"agricultural-lawn-mower-gearbox-fmp-lf211","status":"publish","type":"product","link":"https:\/\/fmp-components.com\/hu\/product\/agricultural-lawn-mower-gearbox-fmp-lf211\/","title":{"rendered":"Mez\u0151gazdas\u00e1gi f\u0171ny\u00edr\u00f3 sebess\u00e9gv\u00e1lt\u00f3 FMP-LF211"},"content":{"rendered":"<h2>Mez\u0151gazdas\u00e1gi f\u0171ny\u00edr\u00f3 sebess\u00e9gv\u00e1lt\u00f3 FMP-LF211 M\u0171szaki adatok:<\/h2>\n<p>&nbsp;<\/p>\n<p><img loading=\"lazy\" decoding=\"async\" class=\"alignnone size-full wp-image-1963\" src=\"https:\/\/fmp-components.com\/wp-content\/uploads\/2024\/12\/Lawn-Mower-Gearbox-2.webp\" alt=\"F\u0171ny\u00edr\u00f3 sebess\u00e9gv\u00e1lt\u00f3\" width=\"1000\" height=\"500\" title=\"\" srcset=\"https:\/\/fmp-components.com\/wp-content\/uploads\/2024\/12\/Lawn-Mower-Gearbox-2.webp 1000w, https:\/\/fmp-components.com\/wp-content\/uploads\/2024\/12\/Lawn-Mower-Gearbox-2-980x490.webp 980w, https:\/\/fmp-components.com\/wp-content\/uploads\/2024\/12\/Lawn-Mower-Gearbox-2-480x240.webp 480w\" sizes=\"(min-width: 0px) and (max-width: 480px) 480px, (min-width: 481px) and (max-width: 980px) 980px, (min-width: 981px) 1000px, 100vw\" \/><\/p>\n<table style=\"width: 102.595%; height: 206px;\" border=\"1\">\n<tbody>\n<tr>\n<td style=\"width: 32.2105%;\"><strong>T\u00c9TEL<\/strong><\/td>\n<td style=\"width: 67.0526%;\">FMP-LF211<\/td>\n<\/tr>\n<tr>\n<td style=\"width: 32.2105%;\"><strong>H\u00e1nyados<\/strong><\/td>\n<td style=\"width: 67.0526%;\">1:2.83<\/td>\n<\/tr>\n<tr>\n<td style=\"width: 32.2105%;\"><strong>Fogak<\/strong><\/td>\n<td style=\"width: 67.0526%;\">34\/12<\/td>\n<\/tr>\n<tr>\n<td style=\"width: 32.2105%;\"><strong>Modul<\/strong><\/td>\n<td style=\"width: 67.0526%;\">3.36<\/td>\n<\/tr>\n<tr>\n<td style=\"width: 32.2105%;\"><strong>Teljes\u00edtm\u00e9ny (LE)<\/strong><\/td>\n<td style=\"width: 67.0526%;\">20<\/td>\n<\/tr>\n<tr>\n<td style=\"width: 32.2105%;\"><strong>N\u00e9vleges bemenet<\/strong><\/td>\n<td style=\"width: 67.0526%;\">540 fordulat\/perc<\/td>\n<\/tr>\n<tr>\n<td style=\"width: 32.2105%;\"><strong>Bemenet\/Kimenet le\u00edr\u00e1sa<\/strong><\/td>\n<td style=\"width: 67.0526%;\">1-3\/8 Z6 Optikai tengely<\/td>\n<\/tr>\n<tr>\n<td style=\"width: 32.2105%;\"><strong>S\u00faly (NW)<\/strong><\/td>\n<td style=\"width: 67.0526%;\">14,5 kg<\/td>\n<\/tr>\n<\/tbody>\n<\/table>\n<h2>Kard\u00e1ntengely mez\u0151gazdas\u00e1gi f\u0171ny\u00edr\u00f3 sebess\u00e9gv\u00e1lt\u00f3hoz<\/h2>\n<p>A teljes\u00edtm\u00e9nylead\u00f3 tengely (PTO) kulcsfontoss\u00e1g\u00fa elem a traktor vagy m\u00e1s er\u0151forr\u00e1s mez\u0151gazdas\u00e1gi f\u0171ny\u00edr\u00f3 sebess\u00e9gv\u00e1lt\u00f3j\u00e1hoz val\u00f3 csatlakoztat\u00e1s\u00e1ban. Alapvet\u0151 szerepet j\u00e1tszik a mechanikai teljes\u00edtm\u00e9ny \u00e1tvitel\u00e9ben a traktor motorj\u00e1r\u00f3l a f\u0171ny\u00edr\u00f3 v\u00e1g\u00f3peng\u00e9ire, lehet\u0151v\u00e9 t\u00e9ve a hat\u00e9kony m\u0171k\u00f6d\u00e9st. Az FMP-n\u00e9l sz\u00e9les v\u00e1laszt\u00e9kban k\u00edn\u00e1lunk kiv\u00e1l\u00f3 min\u0151s\u00e9g\u0171 PTO tengelyeket, amelyeket \u00fagy tervezt\u00fcnk, hogy z\u00f6kken\u0151mentesen m\u0171k\u00f6djenek a mez\u0151gazdas\u00e1gi f\u0171ny\u00edr\u00f3 sebess\u00e9gv\u00e1lt\u00f3ival, biztos\u00edtva az optim\u00e1lis teljes\u00edtm\u00e9nyt \u00e9s megb\u00edzhat\u00f3s\u00e1got.<\/p>\n<h3>Az FMP kard\u00e1ntengelyek f\u0151bb jellemz\u0151i f\u0171ny\u00edr\u00f3 hajt\u00f3m\u0171vekhez:<\/h3>\n<ol>\n<li><strong>Tart\u00f3ss\u00e1g \u00e9s szil\u00e1rds\u00e1g<\/strong><br \/>\nAz FMP kard\u00e1ntengelyek tart\u00f3sak, kiv\u00e1l\u00f3 min\u0151s\u00e9g\u0171 anyagokb\u00f3l, p\u00e9ld\u00e1ul ac\u00e9lb\u00f3l k\u00e9sz\u00fclnek, hogy ellen\u00e1lljanak a neh\u00e9z mez\u0151gazdas\u00e1gi m\u0171veletek terhel\u00e9s\u00e9nek. Ak\u00e1r forg\u00f3f\u0171ny\u00edr\u00f3kban, f\u0171ny\u00edr\u00f3kban vagy m\u00e1s mez\u0151gazdas\u00e1gi berendez\u00e9sekben haszn\u00e1lj\u00e1k \u0151ket, kard\u00e1ntengelyeink hossz\u00fa t\u00e1v\u00fa megb\u00edzhat\u00f3s\u00e1got \u00e9s minim\u00e1lis kop\u00e1st biztos\u00edtanak.<\/li>\n<li><strong>Nagy teljes\u00edtm\u00e9ny\u0171<\/strong><br \/>\nKard\u00e1ntengelyeinket hat\u00e9kony er\u0151\u00e1tvitelre tervezt\u00fck, biztos\u00edtva, hogy a f\u0171ny\u00edr\u00f3 k\u00e9sek a megfelel\u0151 sebess\u00e9ggel \u00e9s nyomat\u00e9kkal forogjanak a hat\u00e9kony v\u00e1g\u00e1s \u00e9rdek\u00e9ben. Ez az \u00e1lland\u00f3 teljes\u00edtm\u00e9ny elengedhetetlen az optim\u00e1lis v\u00e1g\u00e1si eredm\u00e9nyek el\u00e9r\u00e9s\u00e9hez, m\u00e9g kih\u00edv\u00e1st jelent\u0151 k\u00f6r\u00fclm\u00e9nyek k\u00f6z\u00f6tt is.<\/li>\n<li><strong>Testreszab\u00e1si lehet\u0151s\u00e9gek<\/strong><br \/>\nAz FMP-n\u00e9l meg\u00e9rtj\u00fck, hogy a k\u00fcl\u00f6nb\u00f6z\u0151 alkalmaz\u00e1sok elt\u00e9r\u0151 megold\u00e1sokat ig\u00e9nyelnek. Egyedi ig\u00e9nyekre szabott kard\u00e1ntengelyeket k\u00edn\u00e1lunk, bele\u00e9rtve a hossz, a nyomat\u00e9kkapacit\u00e1s \u00e9s a tengelykapcsol\u00f3-t\u00edpusok m\u00f3dos\u00edt\u00e1s\u00e1t. Csapatunk szorosan egy\u00fcttm\u0171k\u00f6dik az \u00fcgyfelekkel annak biztos\u00edt\u00e1sa \u00e9rdek\u00e9ben, hogy a kard\u00e1ntengely t\u00f6k\u00e9letesen illeszkedjen berendez\u00e9seikhez, \u00e9s cs\u00facsteljes\u00edtm\u00e9nyt ny\u00fajtson.<\/li>\n<li><strong>Biztons\u00e1g \u00e9s k\u00f6nny\u0171 haszn\u00e1lat<\/strong><br \/>\nA mez\u0151gazdas\u00e1gi g\u00e9pekn\u00e9l a biztons\u00e1g kiemelt fontoss\u00e1g\u00fa. Az FMP kard\u00e1ntengelyek biztons\u00e1gi funkci\u00f3kkal vannak ell\u00e1tva, bele\u00e9rtve a t\u00falterhel\u00e9sg\u00e1tl\u00f3 tengelykapcsol\u00f3kat \u00e9s egy\u00e9b mechanizmusokat, amelyek megakad\u00e1lyozz\u00e1k a k\u00e1rosod\u00e1st a kard\u00e1ntengely lev\u00e1l\u00e1sakor. K\u00f6nnyen telep\u00edthet\u0151k \u00e9s karbantarthat\u00f3k is, \u00edgy k\u00e9nyelmesebb\u00e9 teszik a kezel\u0151ket.<\/li>\n<li><strong>Sokoldal\u00fas\u00e1g<\/strong><br \/>\nKard\u00e1ntengelyeink sz\u00e1mos f\u0171ny\u00edr\u00f3 sebess\u00e9gv\u00e1lt\u00f3val \u00e9s mez\u0151gazdas\u00e1gi g\u00e9ppel kompatibilisek. Ak\u00e1r standard kard\u00e1ntengelyt, ak\u00e1r egyedi megold\u00e1st keres, az FMP k\u00fcl\u00f6nf\u00e9le f\u0171ny\u00edr\u00f3 modellekhez megfelel\u0151 term\u00e9keket k\u00edn\u00e1l, a kis\u00fczemi \u00fczemekt\u0151l a nagy ipari felhaszn\u00e1l\u00e1sig.<\/li>\n<li><strong>K\u00f6lts\u00e9ghat\u00e9kony<\/strong><br \/>\nTart\u00f3s, nagy teljes\u00edtm\u00e9ny\u0171 kard\u00e1ntengelyek k\u00edn\u00e1lat\u00e1val az FMP seg\u00edt cs\u00f6kkenteni az \u00e1ll\u00e1sid\u0151t \u00e9s a jav\u00edt\u00e1si k\u00f6lts\u00e9geket, biztos\u00edtva mez\u0151gazdas\u00e1gi g\u00e9pei z\u00f6kken\u0151mentes \u00e9s hat\u00e9kony m\u0171k\u00f6d\u00e9s\u00e9t. Versenyk\u00e9pes \u00e1raink biztos\u00edtj\u00e1k, hogy befektet\u00e9se a lehet\u0151 legjobb \u00e9rt\u00e9ket kapja.<\/li>\n<\/ol>\n<h3>Mi\u00e9rt v\u00e1lasszon FMP kard\u00e1ntengelyeket f\u0171ny\u00edr\u00f3ja sebess\u00e9gv\u00e1lt\u00f3j\u00e1hoz?<\/h3>\n<ul>\n<li><strong>Min\u0151s\u00e9gbiztos\u00edt\u00e1s:<\/strong> Az FMP elk\u00f6telezett amellett, hogy minden \u00e1ltalunk gy\u00e1rtott term\u00e9k eset\u00e9ben a legmagasabb min\u0151s\u00e9gi szabv\u00e1nyokat tartsa fenn, biztos\u00edtva, hogy a kard\u00e1ntengelye id\u0151vel optim\u00e1lisan m\u0171k\u00f6dj\u00f6n.<\/li>\n<li><strong>Testreszab\u00e1s \u00e9s t\u00e1mogat\u00e1s:<\/strong> Szak\u00e9rt\u0151i tan\u00e1csokat \u00e9s testreszabott megold\u00e1sokat k\u00edn\u00e1lunk, hogy megfelelj\u00fcnk g\u00e9pei \u00e9s m\u0171k\u00f6d\u00e9se egyedi ig\u00e9nyeinek.<\/li>\n<li><strong>Glob\u00e1lis el\u00e9rhet\u0151s\u00e9g:<\/strong> Az FMP k\u00f6zel 30 orsz\u00e1gban rendelkezik \u00fcgyfelekkel, \u00e9s h\u00edrnevet szerzett mag\u00e1nak a mez\u0151gazdas\u00e1gi \u00e1gazat sz\u00e1m\u00e1ra sz\u00e1ll\u00edtott megb\u00edzhat\u00f3, nagy teljes\u00edtm\u00e9ny\u0171 alkatr\u00e9szek ter\u00e9n.<\/li>\n<\/ul>\n<p>Tov\u00e1bbi inform\u00e1ci\u00f3k\u00e9rt vagy a mez\u0151gazdas\u00e1gi f\u0171ny\u00edr\u00f3 sebess\u00e9gv\u00e1lt\u00f3j\u00e1hoz val\u00f3 egyedi kard\u00e1ntengelyekkel kapcsolatban \u00e9rdekl\u0151dj\u00f6n m\u00e9g ma az FMP-n\u00e9l. Elk\u00f6telezettek vagyunk amellett, hogy a legjobb megold\u00e1sokat ny\u00fajtsuk \u00d6nnek g\u00e9peihez, biztos\u00edtva a megb\u00edzhat\u00f3s\u00e1got \u00e9s a hat\u00e9konys\u00e1got m\u0171k\u00f6d\u00e9se sor\u00e1n.<\/p>\n<table style=\"width: 100%;\" border=\"1\" width=\"100%\" cellspacing=\"0\" cellpadding=\"0\">\n<tbody>\n<tr>\n<td width=\"110\"><img loading=\"lazy\" decoding=\"async\" class=\"alignnone size-full wp-image-1872\" src=\"https:\/\/fmp-components.com\/wp-content\/uploads\/2024\/12\/PTO-Shaft-for-Rotary-Mower-Gearboxes-16.webp\" alt=\"Kard\u00e1ntengely-forg\u00f3-f\u0171ny\u00edr\u00f3-hajt\u00f3m\u0171vekhez-16\" width=\"1000\" height=\"1000\" title=\"\" srcset=\"https:\/\/fmp-components.com\/wp-content\/uploads\/2024\/12\/PTO-Shaft-for-Rotary-Mower-Gearboxes-16.webp 1000w, https:\/\/fmp-components.com\/wp-content\/uploads\/2024\/12\/PTO-Shaft-for-Rotary-Mower-Gearboxes-16-980x980.webp 980w, https:\/\/fmp-components.com\/wp-content\/uploads\/2024\/12\/PTO-Shaft-for-Rotary-Mower-Gearboxes-16-480x480.webp 480w\" sizes=\"(min-width: 0px) and (max-width: 480px) 480px, (min-width: 481px) and (max-width: 980px) 980px, (min-width: 981px) 1000px, 100vw\" \/><\/td>\n<td width=\"98\"><img loading=\"lazy\" decoding=\"async\" class=\"alignnone size-full wp-image-1873\" src=\"https:\/\/fmp-components.com\/wp-content\/uploads\/2024\/12\/PTO-Shaft-for-Rotary-Mower-Gearboxes-15.webp\" alt=\"Kard\u00e1ntengely-forg\u00f3-f\u0171ny\u00edr\u00f3-hajt\u00f3m\u0171vekhez-15\" width=\"1000\" height=\"1000\" title=\"\" srcset=\"https:\/\/fmp-components.com\/wp-content\/uploads\/2024\/12\/PTO-Shaft-for-Rotary-Mower-Gearboxes-15.webp 1000w, https:\/\/fmp-components.com\/wp-content\/uploads\/2024\/12\/PTO-Shaft-for-Rotary-Mower-Gearboxes-15-980x980.webp 980w, https:\/\/fmp-components.com\/wp-content\/uploads\/2024\/12\/PTO-Shaft-for-Rotary-Mower-Gearboxes-15-480x480.webp 480w\" sizes=\"(min-width: 0px) and (max-width: 480px) 480px, (min-width: 481px) and (max-width: 980px) 980px, (min-width: 981px) 1000px, 100vw\" \/><\/td>\n<\/tr>\n<\/tbody>\n<\/table>\n<h3>Az FMP-r\u0151l<\/h3>\n<p>Az FMP egy vezet\u0151 olaszorsz\u00e1gi sebess\u00e9gv\u00e1lt\u00f3-gy\u00e1rt\u00f3, amely mez\u0151gazdas\u00e1gi g\u00e9pekhez val\u00f3 nagy teljes\u00edtm\u00e9ny\u0171 sebess\u00e9gv\u00e1lt\u00f3k tervez\u00e9s\u00e9re, fejleszt\u00e9s\u00e9re \u00e9s gy\u00e1rt\u00e1s\u00e1ra specializ\u00e1l\u00f3dott. A min\u0151s\u00e9gre, a precizit\u00e1sra \u00e9s az innov\u00e1ci\u00f3ra helyezett hangs\u00falyt fektetve sebess\u00e9gv\u00e1lt\u00f3k \u00e1tfog\u00f3 v\u00e1laszt\u00e9k\u00e1t k\u00edn\u00e1ljuk, bele\u00e9rtve a f\u0171ny\u00edr\u00f3k sebess\u00e9gv\u00e1lt\u00f3it, valamint olyan alapvet\u0151 alkatr\u00e9szeket, mint a kard\u00e1ntengelyek. K\u00fcldet\u00e9s\u00fcnk, hogy testreszabott megold\u00e1sokat ny\u00fajtsunk a mez\u0151gazdas\u00e1gi \u00e9s ipari szektor sz\u00e1m\u00e1ra, \u00fcgyfeleink egyedi ig\u00e9nyeit kiel\u00e9g\u00edtve mind egyedi term\u00e9kek, mind teljesen integr\u00e1lt rendszerek r\u00e9v\u00e9n.<\/p>\n<p>Az FMP-n\u00e9l felismerj\u00fck, hogy minden \u00fcgyf\u00e9lnek egyedi ig\u00e9nyei vannak. Er\u0151ss\u00e9g\u00fcnk abban rejlik, hogy k\u00e9pesek vagyunk olyan megold\u00e1sokat kidolgozni, amelyek megfelelnek ezeknek a soksz\u00edn\u0171 ig\u00e9nyeknek. Ak\u00e1r egy adott t\u00edpus\u00fa sebess\u00e9gv\u00e1lt\u00f3ra, ak\u00e1r egy komplett rendszerre van sz\u00fcks\u00e9ge, szorosan egy\u00fcttm\u0171k\u00f6d\u00fcnk \u00d6nnel, hogy biztos\u00edtsuk a leghat\u00e9konyabb \u00e9s legeredm\u00e9nyesebb term\u00e9ket. Az \u00fcgyf\u00e9l-el\u00e9gedetts\u00e9g ir\u00e1nti elk\u00f6telezetts\u00e9g\u00fcnket t\u00fckr\u00f6zi reag\u00e1l\u00f3k\u00e9szs\u00e9g\u00fcnk \u00e9s professzion\u00e1lis megk\u00f6zel\u00edt\u00e9s\u00fcnk, biztos\u00edtva, hogy minden megkeres\u00e9sre szak\u00e9rt\u0151i \u00fatmutat\u00e1st \u00e9s t\u00e1mogat\u00e1st ny\u00fajtsunk.<\/p>\n<p>Els\u0151dleges fontoss\u00e1g\u00fanak tartjuk az \u00fcgyfeleinkkel folytatott ny\u00edlt \u00e9s folyamatos kommunik\u00e1ci\u00f3t, k\u00fcl\u00f6n\u00f6sen az \u00faj term\u00e9kek fejleszt\u00e9se sor\u00e1n. Csapatunk szorosan egy\u00fcttm\u0171k\u00f6dik az \u00fcgyfelekkel, hogy meg\u00e9rtse kih\u00edv\u00e1saikat, \u00e9rt\u00e9kes betekint\u00e9st \u00e9s tan\u00e1csokat k\u00edn\u00e1lva az optim\u00e1lis megold\u00e1sok kidolgoz\u00e1s\u00e1hoz. Ak\u00e1r \u00faj term\u00e9keket fejleszt\u00fcnk, ak\u00e1r megl\u00e9v\u0151 megrendel\u00e9seket teljes\u00edt\u00fcnk, elk\u00f6telezettek vagyunk a kiv\u00e1l\u00f3 min\u0151s\u00e9g\u0171 term\u00e9kek gyors \u00e9s prec\u00edz sz\u00e1ll\u00edt\u00e1sa ir\u00e1nt.<\/p>\n<p>A min\u0151s\u00e9g minden tev\u00e9kenys\u00e9g\u00fcnk k\u00f6z\u00e9ppontj\u00e1ban \u00e1ll. Gy\u00e1rt\u00e1si folyamatunk a \u201emagas sz\u00ednvonal, nagy pontoss\u00e1g \u00e9s nulla hiba\u201d elveit k\u00f6veti. Szigor\u00fa min\u0151s\u00e9gellen\u0151rz\u00e9si protokollokat alkalmazunk annak biztos\u00edt\u00e1s\u00e1ra, hogy minden \u00e1ltalunk gy\u00e1rtott term\u00e9k meghaladja az ipar\u00e1gi szabv\u00e1nyokat. Ez a min\u0151s\u00e9gre val\u00f3 rend\u00edthetetlen \u00f6sszpontos\u00edt\u00e1s, a csapatmunka, a feddhetetlens\u00e9g \u00e9s a kitart\u00e1s \u00e9rt\u00e9keivel p\u00e1rosulva, seg\u00edtett nek\u00fcnk er\u0151s \u00e9s tart\u00f3s kapcsolatokat ki\u00e9p\u00edteni \u00fcgyfeleinkkel vil\u00e1gszerte k\u00f6zel 30 orsz\u00e1gban.<\/p>\n<p>Az FMP \u00fcdv\u00f6zli a glob\u00e1lis egy\u00fcttm\u0171k\u00f6d\u00e9st, \u00e9s mindig k\u00e9szen \u00e1ll szak\u00e9rt\u0151i tan\u00e1csokkal \u00e9s szem\u00e9lyre szabott megold\u00e1sokkal szolg\u00e1lni. Megk\u00f6zel\u00edt\u00e9s\u00fcnk t\u00falmutat a term\u00e9ksz\u00e1ll\u00edt\u00e1son; a hossz\u00fa t\u00e1v\u00fa partners\u00e9gek \u00e1pol\u00e1s\u00e1r\u00f3l sz\u00f3l, amelyek hozz\u00e1j\u00e1rulnak a k\u00f6lcs\u00f6n\u00f6s sikerhez. Ak\u00e1r \u00faj projektekre, ak\u00e1r megl\u00e9v\u0151 ig\u00e9nyekre keres megold\u00e1sokat, az FMP elk\u00f6telezett a technikai kih\u00edv\u00e1sok t\u00e1mogat\u00e1sa \u00e9s a folyamatos siker biztos\u00edt\u00e1sa ir\u00e1nt.<\/p>\n<p><img loading=\"lazy\" decoding=\"async\" class=\"alignnone size-full wp-image-1861\" src=\"https:\/\/fmp-components.com\/wp-content\/uploads\/2024\/12\/Other-Agricultural-Gearboxes.webp\" sizes=\"(min-width: 0px) and (max-width: 480px) 480px, (min-width: 481px) and (max-width: 980px) 980px, (min-width: 981px) 1200px, 100vw\" srcset=\"https:\/\/fmp-components.com\/wp-content\/uploads\/2024\/12\/Other-Agricultural-Gearboxes.webp 1200w, https:\/\/fmp-components.com\/wp-content\/uploads\/2024\/12\/Other-Agricultural-Gearboxes-980x1143.webp 980w, https:\/\/fmp-components.com\/wp-content\/uploads\/2024\/12\/Other-Agricultural-Gearboxes-480x560.webp 480w\" alt=\"Altri-cambi-agricoli\" width=\"1200\" height=\"1400\" title=\"\"><\/p>\n<p>Szerz\u0151: CX<\/p>","protected":false},"excerpt":{"rendered":"<p>Agricultural Lawn Mower Gearbox FMP-LF211 Specifications: &nbsp; ITEM FMP-LF211 Ratio 1:2.83 Teeth 34\/12 Module 3.36 Power(HP) 20 Rated Input 540rpm Input\/Output Description 1-3\/8 Z6 Optic axis Weight(N.W) 14.5KG PTO Shaft for Agricultural Lawn Mower Gearbox A PTO (Power Take-Off) shaft is a crucial component in connecting a tractor or other power source to an agricultural [&hellip;]<\/p>","protected":false},"featured_media":1965,"comment_status":"open","ping_status":"closed","template":"","meta":{"_et_pb_use_builder":"","_et_pb_old_content":"","_et_gb_content_width":""},"product_brand":[],"product_cat":[52],"product_tag":[],"class_list":{"0":"post-1962","1":"product","2":"type-product","3":"status-publish","4":"has-post-thumbnail","6":"product_cat-lawn-mower-gearbox","8":"first","9":"instock","10":"shipping-taxable","11":"product-type-simple"},"_links":{"self":[{"href":"https:\/\/fmp-components.com\/hu\/wp-json\/wp\/v2\/product\/1962","targetHints":{"allow":["GET"]}}],"collection":[{"href":"https:\/\/fmp-components.com\/hu\/wp-json\/wp\/v2\/product"}],"about":[{"href":"https:\/\/fmp-components.com\/hu\/wp-json\/wp\/v2\/types\/product"}],"replies":[{"embeddable":true,"href":"https:\/\/fmp-components.com\/hu\/wp-json\/wp\/v2\/comments?post=1962"}],"wp:featuredmedia":[{"embeddable":true,"href":"https:\/\/fmp-components.com\/hu\/wp-json\/wp\/v2\/media\/1965"}],"wp:attachment":[{"href":"https:\/\/fmp-components.com\/hu\/wp-json\/wp\/v2\/media?parent=1962"}],"wp:term":[{"taxonomy":"product_brand","embeddable":true,"href":"https:\/\/fmp-components.com\/hu\/wp-json\/wp\/v2\/product_brand?post=1962"},{"taxonomy":"product_cat","embeddable":true,"href":"https:\/\/fmp-components.com\/hu\/wp-json\/wp\/v2\/product_cat?post=1962"},{"taxonomy":"product_tag","embeddable":true,"href":"https:\/\/fmp-components.com\/hu\/wp-json\/wp\/v2\/product_tag?post=1962"}],"curies":[{"name":"munkaf\u00fczet","href":"https:\/\/api.w.org\/{rel}","templated":true}]}}