{"id":1956,"date":"2024-12-26T03:32:54","date_gmt":"2024-12-26T03:32:54","guid":{"rendered":"https:\/\/fmp-components.com\/?page_id=8"},"modified":"2024-12-26T03:46:48","modified_gmt":"2024-12-26T03:46:48","slug":"agricultural-lawnmower-gearbox-fmp-lf205","status":"publish","type":"product","link":"https:\/\/fmp-components.com\/hu\/product\/agricultural-lawnmower-gearbox-fmp-lf205\/","title":{"rendered":"Mez\u0151gazdas\u00e1gi f\u0171ny\u00edr\u00f3 sebess\u00e9gv\u00e1lt\u00f3 FMP-LF205"},"content":{"rendered":"<h2>Mez\u0151gazdas\u00e1gi f\u0171ny\u00edr\u00f3 sebess\u00e9gv\u00e1lt\u00f3 specifik\u00e1ci\u00f3i:<\/h2>\n<p><img loading=\"lazy\" decoding=\"async\" class=\"alignnone size-full wp-image-1959\" src=\"https:\/\/fmp-components.com\/wp-content\/uploads\/2024\/12\/FMP_agricultural-gearbox-1.webp\" alt=\"FMP_mez\u0151gazdas\u00e1gi-sebess\u00e9gv\u00e1lt\u00f3-1\" width=\"1000\" height=\"500\" title=\"\" srcset=\"https:\/\/fmp-components.com\/wp-content\/uploads\/2024\/12\/FMP_agricultural-gearbox-1.webp 1000w, https:\/\/fmp-components.com\/wp-content\/uploads\/2024\/12\/FMP_agricultural-gearbox-1-980x490.webp 980w, https:\/\/fmp-components.com\/wp-content\/uploads\/2024\/12\/FMP_agricultural-gearbox-1-480x240.webp 480w\" sizes=\"(min-width: 0px) and (max-width: 480px) 480px, (min-width: 481px) and (max-width: 980px) 980px, (min-width: 981px) 1000px, 100vw\" \/><\/p>\n<table style=\"width: 100.31%; height: 347px;\" border=\"1\">\n<tbody>\n<tr>\n<td style=\"width: 30.4957%;\"><strong>T\u00c9TEL<\/strong><\/td>\n<td style=\"width: 68.8578%;\">FMP-LF205<\/td>\n<\/tr>\n<tr>\n<td style=\"width: 30.4957%;\"><strong>H\u00e1nyados<\/strong><\/td>\n<td style=\"width: 68.8578%;\">1:1.93\/1:1.46<\/td>\n<\/tr>\n<tr>\n<td style=\"width: 30.4957%;\"><strong>Fogak<\/strong><\/td>\n<td style=\"width: 68.8578%;\">23\/12 22\/15<\/td>\n<\/tr>\n<tr>\n<td style=\"width: 30.4957%;\"><strong>Modul<\/strong><\/td>\n<td style=\"width: 68.8578%;\">5.0 \/ 5.0<\/td>\n<\/tr>\n<tr>\n<td style=\"width: 30.4957%;\"><strong>Teljes\u00edtm\u00e9ny (LE)<\/strong><\/td>\n<td style=\"width: 68.8578%;\">30<\/td>\n<\/tr>\n<tr>\n<td style=\"width: 30.4957%;\"><strong>N\u00e9vleges bemenet<\/strong><\/td>\n<td style=\"width: 68.8578%;\">540 fordulat\/perc<\/td>\n<\/tr>\n<tr>\n<td style=\"width: 30.4957%;\"><strong>Bemenet\/Kimenet le\u00edr\u00e1sa<\/strong><\/td>\n<td style=\"width: 68.8578%;\">1-3\/8 Z6 optikai tengely<\/p>\n<p>K\u00fapos bord\u00e1s<\/td>\n<\/tr>\n<tr>\n<td style=\"width: 30.4957%;\"><strong>S\u00faly (NW)<\/strong><\/td>\n<td style=\"width: 68.8578%;\">19 kg<\/td>\n<\/tr>\n<\/tbody>\n<\/table>\n<h2>A k\u00f6vetkez\u0151 m\u00e1rk\u00e1khoz \u00e9s modellekhez illik<\/h2>\n<p>Comer F\u0170NY\u00cdR\u00d3 CSER\u00c9JE: LF-205-J<\/p>\n<div class=\"rNotes\"><strong>Kereszthivatkoz\u00e1sok:<\/strong><\/div>\n<p><strong>Helyettes\u00edti:<\/strong>\u00a0J\u00d6VEV\u00c9NY<strong><br \/>\n<\/strong>U9.135.808.10, U9.205.808.00, U913580810, 9.135.029.00, 913502900<\/p>\n<h3>A mez\u0151gazdas\u00e1gi f\u0171ny\u00edr\u00f3 sebess\u00e9gv\u00e1lt\u00f3j\u00e1nak jellemz\u0151i<\/h3>\n<p>A mez\u0151gazdas\u00e1gi f\u0171ny\u00edr\u00f3k sebess\u00e9gv\u00e1lt\u00f3i alapvet\u0151 fontoss\u00e1g\u00fa alkatr\u00e9szek, amelyek lehet\u0151v\u00e9 teszik a forg\u00f3f\u0171ny\u00edr\u00f3k hat\u00e9kony m\u0171k\u00f6d\u00e9s\u00e9t a f\u0171, a gyomok \u00e9s egy\u00e9b n\u00f6v\u00e9nyzet v\u00e1g\u00e1s\u00e1ban. Ezeket a sebess\u00e9gv\u00e1lt\u00f3kat \u00fagy tervezt\u00e9k, hogy megfeleljenek a mez\u0151gazdas\u00e1gi alkalmaz\u00e1sok szigor\u00fa k\u00f6vetelm\u00e9nyeinek, biztos\u00edtva a z\u00f6kken\u0151mentes \u00e9s hat\u00e9kony m\u0171k\u00f6d\u00e9st. Az al\u00e1bbiakban a mez\u0151gazdas\u00e1gi f\u0171ny\u00edr\u00f3k sebess\u00e9gv\u00e1lt\u00f3inak f\u0151bb jellemz\u0151it ismertetj\u00fck:<\/p>\n<h4>Hat\u00e9kony er\u0151\u00e1tvitel<\/h4>\n<p>A f\u0171ny\u00edr\u00f3 sebess\u00e9gv\u00e1lt\u00f3ja kritikus szerepet j\u00e1tszik a traktor motorj\u00e1nak a f\u0171ny\u00edr\u00f3 k\u00e9seihez val\u00f3 teljes\u00edtm\u00e9ny\u00e1tvitel\u00e9ben. Biztos\u00edtja, hogy a k\u00e9sek optim\u00e1lis sebess\u00e9ggel \u00e9s nyomat\u00e9kkal forogjanak, lehet\u0151v\u00e9 t\u00e9ve a hat\u00e9kony v\u00e1g\u00e1st m\u00e9g s\u0171r\u0171 vagy magas f\u0171ben is. A megfelel\u0151 er\u0151\u00e1tvitel seg\u00edt fenntartani az \u00e1lland\u00f3 v\u00e1g\u00e1si teljes\u00edtm\u00e9nyt, cs\u00f6kkenti a motor terhel\u00e9s\u00e9t \u00e9s jav\u00edtja az \u00e1ltal\u00e1nos hat\u00e9konys\u00e1got.<\/p>\n<h4>Tart\u00f3s konstrukci\u00f3<\/h4>\n<p>A mez\u0151gazdas\u00e1gi f\u0171ny\u00edr\u00f3k sebess\u00e9gv\u00e1lt\u00f3it \u00fagy tervezt\u00e9k, hogy ellen\u00e1lljanak a neh\u00e9z ig\u00e9nybev\u00e9telnek, kih\u00edv\u00e1st jelent\u0151 k\u00f6rnyezetben. Kiv\u00e1l\u00f3 min\u0151s\u00e9g\u0171 anyagokb\u00f3l, p\u00e9ld\u00e1ul \u00f6nt\u00f6ttvasb\u00f3l vagy alum\u00ednium\u00f6tv\u00f6zetekb\u0151l k\u00e9sz\u00fcltek, ezek a sebess\u00e9gv\u00e1lt\u00f3k ellen\u00e1llnak a kop\u00e1snak, a korr\u00f3zi\u00f3nak \u00e9s az \u00fct\u00e9seknek. A robusztus konstrukci\u00f3 biztos\u00edtja, hogy a sebess\u00e9gv\u00e1lt\u00f3 hossz\u00fa ideig k\u00e9pes kezelni a folyamatos m\u0171k\u00f6d\u00e9s okozta terhel\u00e9st, ami jobb megb\u00edzhat\u00f3s\u00e1got \u00e9s hossz\u00fa \u00e9lettartamot eredm\u00e9nyez.<\/p>\n<h4>Sima m\u0171k\u00f6d\u00e9s \u00e9s cs\u00f6kkentett vibr\u00e1ci\u00f3<\/h4>\n<p>Egy j\u00f3l megtervezett f\u0171ny\u00edr\u00f3 sebess\u00e9gv\u00e1lt\u00f3ja biztos\u00edtja a sima m\u0171k\u00f6d\u00e9st a rezg\u00e9s \u00e9s a mechanikai ig\u00e9nybev\u00e9tel minimaliz\u00e1l\u00e1s\u00e1val. Ezt prec\u00edzi\u00f3s m\u00e9rn\u00f6ki munk\u00e1val, valamint kiv\u00e1l\u00f3 min\u0151s\u00e9g\u0171 csap\u00e1gyak, fogaskerekek \u00e9s ken\u00e9s haszn\u00e1lat\u00e1val \u00e9rik el. A sima m\u0171k\u00f6d\u00e9s nemcsak a sebess\u00e9gv\u00e1lt\u00f3 \u00e9lettartam\u00e1t hosszabb\u00edtja meg, hanem cs\u00f6kkenti a f\u0171ny\u00edr\u00f3 m\u00e1s alkatr\u00e9szeinek, p\u00e9ld\u00e1ul a peng\u00e9knek \u00e9s a motornak a kop\u00e1s\u00e1t is.<\/p>\n<h4>Sokoldal\u00fa f\u0171ny\u00edr\u00e1si feladatok<\/h4>\n<p>A f\u0171ny\u00edr\u00f3 hajt\u00f3m\u0171vek sokoldal\u00faak, \u00e9s \u00fagy tervezhet\u0151k, hogy megfeleljenek a k\u00fcl\u00f6nf\u00e9le ny\u00edr\u00e1si ig\u00e9nyeknek. Egyes hajt\u00f3m\u0171vek \u00e1ll\u00edthat\u00f3 sebess\u00e9get k\u00edn\u00e1lnak, \u00edgy a n\u00f6v\u00e9nyzet t\u00edpus\u00e1t\u00f3l vagy a terept\u0151l f\u00fcgg\u0151en k\u00fcl\u00f6nb\u00f6z\u0151 v\u00e1g\u00e1si m\u00f3dokat tesznek lehet\u0151v\u00e9. A t\u00f6bbsebess\u00e9ges hajt\u00f3m\u0171veket gyakran el\u0151nyben r\u00e9szes\u00edtik a k\u00fcl\u00f6nb\u00f6z\u0151 feladatok elv\u00e9gz\u00e9s\u00e9hez, a f\u0171ny\u00edr\u00e1st\u00f3l kezdve a nehezebb n\u00f6v\u00e9nyzet, p\u00e9ld\u00e1ul a gyomok \u00e9s a kisebb boz\u00f3t lekapar\u00e1s\u00e1ig.<\/p>\n<h4>Testreszab\u00e1s egyedi ig\u00e9nyekhez<\/h4>\n<p>Sok gy\u00e1rt\u00f3, k\u00f6zt\u00fck az FMP is, egyedi gy\u00e1rt\u00e1s\u00fa f\u0171ny\u00edr\u00f3 sebess\u00e9gv\u00e1lt\u00f3kat k\u00edn\u00e1l, amelyeket az \u00fcgyfelek egyedi ig\u00e9nyeihez igaz\u00edtottak. Ak\u00e1r a v\u00e1g\u00e1si magass\u00e1g be\u00e1ll\u00edt\u00e1s\u00e1r\u00f3l, ak\u00e1r nagyobb nyomat\u00e9k biztos\u00edt\u00e1s\u00e1r\u00f3l a nehezebb feladatokhoz, ak\u00e1r a sebess\u00e9gv\u00e1lt\u00f3 nagyobb f\u0171ny\u00edr\u00f3 rendszerbe val\u00f3 integr\u00e1l\u00e1s\u00e1r\u00f3l van sz\u00f3, az egyedi megold\u00e1sok biztos\u00edtj\u00e1k, hogy a sebess\u00e9gv\u00e1lt\u00f3 hat\u00e9konyan m\u0171k\u00f6dj\u00f6n a teljes f\u0171ny\u00edr\u00f3-be\u00e1ll\u00edt\u00e1ssal.<\/p>\n<p>A mez\u0151gazdas\u00e1gi f\u0171ny\u00edr\u00f3 hajt\u00f3m\u0171veit \u00fagy tervezt\u00e9k, hogy megb\u00edzhat\u00f3, hat\u00e9kony \u00e9s tart\u00f3s teljes\u00edtm\u00e9nyt ny\u00fajtsanak ig\u00e9nyes k\u00f6r\u00fclm\u00e9nyek k\u00f6z\u00f6tt is. Tart\u00f3ss\u00e1guk, sokoldal\u00fas\u00e1guk \u00e9s alacsony karbantart\u00e1si ig\u00e9ny\u00fck n\u00e9lk\u00fcl\u00f6zhetetlenn\u00e9 teszi \u0151ket a gazd\u00e1lkod\u00f3k, kert\u00e9szek \u00e9s kertfenntart\u00f3 szakemberek sz\u00e1m\u00e1ra, akiknek megb\u00edzhat\u00f3 berendez\u00e9sekre van sz\u00fcks\u00e9g\u00fck a nagy f\u0171- \u00e9s n\u00f6v\u00e9nyzetter\u00fcletek gondoz\u00e1s\u00e1hoz.<\/p>\n<p><img loading=\"lazy\" decoding=\"async\" class=\"alignnone wp-image-1961\" src=\"https:\/\/fmp-components.com\/wp-content\/uploads\/2024\/12\/Lawn-Mower-Gearbox-1.webp\" alt=\"F\u0171ny\u00edr\u00f3 sebess\u00e9gv\u00e1lt\u00f3\" width=\"943\" height=\"630\" title=\"\" srcset=\"https:\/\/fmp-components.com\/wp-content\/uploads\/2024\/12\/Lawn-Mower-Gearbox-1.webp 943w, https:\/\/fmp-components.com\/wp-content\/uploads\/2024\/12\/Lawn-Mower-Gearbox-1-480x321.webp 480w\" sizes=\"(min-width: 0px) and (max-width: 480px) 480px, (min-width: 481px) 943px, 100vw\" \/><\/p>\n<h3>Az FMP-r\u0151l<\/h3>\n<p>Az FMP egy vezet\u0151 olaszorsz\u00e1gi sebess\u00e9gv\u00e1lt\u00f3-gy\u00e1rt\u00f3, amely mez\u0151gazdas\u00e1gi g\u00e9pek sebess\u00e9gv\u00e1lt\u00f3inak tervez\u00e9s\u00e9re \u00e9s gy\u00e1rt\u00e1s\u00e1ra specializ\u00e1l\u00f3dott. A min\u0151s\u00e9gre \u00e9s a precizit\u00e1sra \u00f6sszpontos\u00edtva sz\u00e9les v\u00e1laszt\u00e9kban k\u00edn\u00e1lunk sebess\u00e9gv\u00e1lt\u00f3kat, bele\u00e9rtve a f\u0171ny\u00edr\u00f3k sebess\u00e9gv\u00e1lt\u00f3it \u00e9s kieg\u00e9sz\u00edt\u0151 term\u00e9keket, p\u00e9ld\u00e1ul kard\u00e1ntengelyeket. C\u00e9lunk, hogy testreszabott megold\u00e1sokat k\u00edn\u00e1ljunk a mez\u0151gazdas\u00e1gi \u00e9s ipari piacok sz\u00e1m\u00e1ra, \u00fcgyfeleink egyedi ig\u00e9nyeit kiel\u00e9g\u00edtve mind egyedi term\u00e9kekkel, mind komplett rendszerekkel.<\/p>\n<p>Az FMP-n\u00e9l meg\u00e9rtj\u00fck, hogy minden \u00fcgyf\u00e9lnek egyedi ig\u00e9nyei vannak, \u00e9s b\u00fcszk\u00e9k vagyunk arra, hogy k\u00e9pesek vagyunk testreszabni a megold\u00e1sokat ezeknek az ig\u00e9nyeknek megfelel\u0151en. Ak\u00e1r egy adott sebess\u00e9gv\u00e1lt\u00f3t, ak\u00e1r egy teljesen integr\u00e1lt megold\u00e1st keres, szorosan egy\u00fcttm\u0171k\u00f6d\u00fcnk \u00d6nnel a leghat\u00e9konyabb term\u00e9kek fejleszt\u00e9se \u00e9rdek\u00e9ben. Az \u00fcgyf\u00e9l-el\u00e9gedetts\u00e9g ir\u00e1nti elk\u00f6telezetts\u00e9g\u00fcnk a megkeres\u00e9sekre adott gyors, professzion\u00e1lis v\u00e1laszainkban is megmutatkozik, biztos\u00edtva, hogy minden \u00fcgyf\u00e9l a legjobb tan\u00e1csot \u00e9s t\u00e1mogat\u00e1st kapja.<\/p>\n<p>Hisz\u00fcnk az \u00fcgyfeleinkkel folytatott ny\u00edlt \u00e9s folyamatos kommunik\u00e1ci\u00f3ban, k\u00fcl\u00f6n\u00f6sen az \u00faj term\u00e9kek fejleszt\u00e9se ter\u00e9n. Szak\u00e9rt\u0151i csapatunk egy\u00fcttm\u0171k\u00f6dik az \u00fcgyfelekkel, hogy meg\u00e9rtse kih\u00edv\u00e1saikat, \u00e9s \u00e9rt\u00e9kes inform\u00e1ci\u00f3kkal szolg\u00e1ljon a leghat\u00e9konyabb megold\u00e1sok l\u00e9trehoz\u00e1sa \u00e9rdek\u00e9ben. Legyen sz\u00f3 \u00faj projektr\u0151l vagy megl\u00e9v\u0151 megrendel\u00e9sr\u0151l, elk\u00f6telezettek vagyunk amellett, hogy a legmagasabb min\u0151s\u00e9g\u0171 term\u00e9keket gyorsan \u00e9s hat\u00e9konyan sz\u00e1ll\u00edtsuk.<\/p>\n<p>A min\u0151s\u00e9g minden tev\u00e9kenys\u00e9g\u00fcnk k\u00f6z\u00e9ppontj\u00e1ban \u00e1ll. Termel\u00e9si strat\u00e9gi\u00e1nk a \u201emagas sz\u00ednvonal, nagy pontoss\u00e1g \u00e9s nulla hiba\u201d elve k\u00f6r\u00e9 \u00e9p\u00fcl. Szigor\u00fa min\u0151s\u00e9gellen\u0151rz\u00e9si elj\u00e1r\u00e1sokat k\u00f6vet\u00fcnk annak biztos\u00edt\u00e1sa \u00e9rdek\u00e9ben, hogy minden \u00e1ltalunk sz\u00e1ll\u00edtott term\u00e9k megfeleljen a legmagasabb ipar\u00e1gi szabv\u00e1nyoknak. Ez a min\u0151s\u00e9gre val\u00f3 \u00f6sszpontos\u00edt\u00e1s, valamint a csapatmunka, a feddhetetlens\u00e9g \u00e9s a kitart\u00e1s ir\u00e1nti elk\u00f6telezetts\u00e9g\u00fcnk seg\u00edtett abban, hogy tart\u00f3s partners\u00e9geket \u00e9p\u00edts\u00fcnk ki \u00fcgyfeleinkkel k\u00f6zel 30 orsz\u00e1gban.<\/p>\n<p>\u00dcgyfeleinket a vil\u00e1g minden t\u00e1j\u00e1r\u00f3l v\u00e1rjuk az egy\u00fcttm\u0171k\u00f6d\u00e9sre, \u00e9s mindig k\u00e9szen \u00e1llunk szak\u00e9rt\u0151i tan\u00e1csokkal \u00e9s szem\u00e9lyre szabott megold\u00e1sokkal ell\u00e1tni. Az FMP-n\u00e9l elk\u00f6telezettek vagyunk a technikai kih\u00edv\u00e1sok megold\u00e1sa \u00e9s a siker t\u00e1mogat\u00e1sa ir\u00e1nt. Szolg\u00e1ltat\u00e1sunk nem csak a term\u00e9kek biztos\u00edt\u00e1s\u00e1r\u00f3l sz\u00f3l; hanem olyan kapcsolatok \u00e9p\u00edt\u00e9s\u00e9r\u0151l is, amelyek k\u00f6z\u00f6s sikerhez vezetnek.<\/p>\n<p><img loading=\"lazy\" decoding=\"async\" class=\"alignnone size-full wp-image-1861\" src=\"https:\/\/fmp-components.com\/wp-content\/uploads\/2024\/12\/Other-Agricultural-Gearboxes.webp\" sizes=\"(min-width: 0px) and (max-width: 480px) 480px, (min-width: 481px) and (max-width: 980px) 980px, (min-width: 981px) 1200px, 100vw\" srcset=\"https:\/\/fmp-components.com\/wp-content\/uploads\/2024\/12\/Other-Agricultural-Gearboxes.webp 1200w, https:\/\/fmp-components.com\/wp-content\/uploads\/2024\/12\/Other-Agricultural-Gearboxes-980x1143.webp 980w, https:\/\/fmp-components.com\/wp-content\/uploads\/2024\/12\/Other-Agricultural-Gearboxes-480x560.webp 480w\" alt=\"Altri-cambi-agricoli\" width=\"1200\" height=\"1400\" title=\"\"><\/p>\n<p>Szerz\u0151: CX<\/p>","protected":false},"excerpt":{"rendered":"<p>Agricultural Lawnmower Gearbox Specifications: ITEM FMP-LF205 Ratio 1:1.93\/1:1.46 Teeth 23\/12 22\/15 Module 5.0 \/ 5.0 Power(HP) 30 Rated Input 540rpm Input\/Output Description 1-3\/8 Z6 Optic Axis Taper Spline Weight(N.W) 19KG Fits the Following Makes and Models Replacement of Comer FINISHING MOWER: LF-205-J Cross References: Replaces:\u00a0COMER U9.135.808.10, U9.205.808.00 , U913580810 , 9.135.029.00 , 913502900 Features of [&hellip;]<\/p>","protected":false},"featured_media":1960,"comment_status":"open","ping_status":"closed","template":"","meta":{"_et_pb_use_builder":"","_et_pb_old_content":"","_et_gb_content_width":""},"product_brand":[],"product_cat":[52],"product_tag":[],"class_list":{"0":"post-1956","1":"product","2":"type-product","3":"status-publish","4":"has-post-thumbnail","6":"product_cat-lawn-mower-gearbox","8":"first","9":"instock","10":"shipping-taxable","11":"product-type-simple"},"_links":{"self":[{"href":"https:\/\/fmp-components.com\/hu\/wp-json\/wp\/v2\/product\/1956","targetHints":{"allow":["GET"]}}],"collection":[{"href":"https:\/\/fmp-components.com\/hu\/wp-json\/wp\/v2\/product"}],"about":[{"href":"https:\/\/fmp-components.com\/hu\/wp-json\/wp\/v2\/types\/product"}],"replies":[{"embeddable":true,"href":"https:\/\/fmp-components.com\/hu\/wp-json\/wp\/v2\/comments?post=1956"}],"wp:featuredmedia":[{"embeddable":true,"href":"https:\/\/fmp-components.com\/hu\/wp-json\/wp\/v2\/media\/1960"}],"wp:attachment":[{"href":"https:\/\/fmp-components.com\/hu\/wp-json\/wp\/v2\/media?parent=1956"}],"wp:term":[{"taxonomy":"product_brand","embeddable":true,"href":"https:\/\/fmp-components.com\/hu\/wp-json\/wp\/v2\/product_brand?post=1956"},{"taxonomy":"product_cat","embeddable":true,"href":"https:\/\/fmp-components.com\/hu\/wp-json\/wp\/v2\/product_cat?post=1956"},{"taxonomy":"product_tag","embeddable":true,"href":"https:\/\/fmp-components.com\/hu\/wp-json\/wp\/v2\/product_tag?post=1956"}],"curies":[{"name":"munkaf\u00fczet","href":"https:\/\/api.w.org\/{rel}","templated":true}]}}