{"id":1952,"date":"2024-12-26T02:38:39","date_gmt":"2024-12-26T02:38:39","guid":{"rendered":"https:\/\/fmp-components.com\/?page_id=8"},"modified":"2024-12-26T02:54:44","modified_gmt":"2024-12-26T02:54:44","slug":"rotary-mower-gearbox-replacement-of-comer-code-t-305j","status":"publish","type":"product","link":"https:\/\/fmp-components.com\/hu\/product\/rotary-mower-gearbox-replacement-of-comer-code-t-305j\/","title":{"rendered":"Rot\u00e1ci\u00f3s f\u0171ny\u00edr\u00f3 sebess\u00e9gv\u00e1lt\u00f3 \u2013 Comer Code T-305J csere"},"content":{"rendered":"<p><img loading=\"lazy\" decoding=\"async\" class=\"size-full wp-image-1955 aligncenter\" src=\"https:\/\/fmp-components.com\/wp-content\/uploads\/2024\/12\/rotary-mower-gearbox-t305j.webp\" alt=\"rot\u00e1ci\u00f3s-f\u0171ny\u00edr\u00f3-sebess\u00e9gv\u00e1lt\u00f3-t305j\" width=\"300\" height=\"300\" title=\"\" srcset=\"https:\/\/fmp-components.com\/wp-content\/uploads\/2024\/12\/rotary-mower-gearbox-t305j.webp 300w, https:\/\/fmp-components.com\/wp-content\/uploads\/2024\/12\/rotary-mower-gearbox-t305j-150x150.webp 150w, https:\/\/fmp-components.com\/wp-content\/uploads\/2024\/12\/rotary-mower-gearbox-t305j-12x12.webp 12w, https:\/\/fmp-components.com\/wp-content\/uploads\/2024\/12\/rotary-mower-gearbox-t305j-100x100.webp 100w\" sizes=\"(max-width: 300px) 100vw, 300px\" \/><\/p>\n<h2>A T-305J forg\u00f3f\u0171ny\u00edr\u00f3 sebess\u00e9gv\u00e1lt\u00f3 m\u0171szaki adatai<\/h2>\n<p><img loading=\"lazy\" decoding=\"async\" class=\"alignnone wp-image-1954\" src=\"https:\/\/fmp-components.com\/wp-content\/uploads\/2024\/12\/rotary-mower-gearbox-specifications-t305j.webp\" alt=\"Rot\u00e1ci\u00f3s f\u0171ny\u00edr\u00f3 sebess\u00e9gv\u00e1lt\u00f3 specifik\u00e1ci\u00f3i-t305j\" width=\"932\" height=\"785\" title=\"\" srcset=\"https:\/\/fmp-components.com\/wp-content\/uploads\/2024\/12\/rotary-mower-gearbox-specifications-t305j.webp 932w, https:\/\/fmp-components.com\/wp-content\/uploads\/2024\/12\/rotary-mower-gearbox-specifications-t305j-480x404.webp 480w\" sizes=\"(min-width: 0px) and (max-width: 480px) 480px, (min-width: 481px) 932px, 100vw\" \/><\/p>\n<table style=\"width: 101.273%; height: 159px;\" border=\"1\">\n<tbody>\n<tr>\n<td rowspan=\"2\"><strong>\u00e9n<\/strong><\/td>\n<td rowspan=\"2\"><strong>\u00c9<sub>1<\/sub>[fordulat]<\/strong><\/td>\n<td rowspan=\"2\"><strong>P<sub>1<\/sub>[kW]<\/strong><\/td>\n<td rowspan=\"2\"><strong>M<sub>2<\/sub>[Nm]<\/strong><\/td>\n<td colspan=\"3\"><strong>Tengely t\u00edpusa<\/strong><\/td>\n<td rowspan=\"2\"><strong>Bemenet<\/strong><\/td>\n<\/tr>\n<tr>\n<td><strong>X<\/strong><\/td>\n<td><strong>Y<\/strong><\/td>\n<td><strong>Z<\/strong><\/td>\n<\/tr>\n<tr>\n<td>1.35<\/td>\n<td>540<\/td>\n<td>183.8<\/td>\n<td>2335<\/td>\n<td>\u201e3\/4 Z20\u201d<\/td>\n<td>1\u201d 3\/4\" Z20<\/td>\n<td>\u201e3\/4 Z20\u201d<\/td>\n<td>X<\/td>\n<\/tr>\n<tr>\n<td>1.20<\/td>\n<td>1000<\/td>\n<td>183.8<\/td>\n<td>2043<\/td>\n<td>\u201e3\/4 Z20\u201d<\/td>\n<td>\u201e3\/4 Z20\u201d<\/td>\n<td>\u201e3\/4 Z20\u201d<\/td>\n<td>X<\/td>\n<\/tr>\n<tr>\n<td>1.35<\/td>\n<td>1000<\/td>\n<td>183.8<\/td>\n<td>2298<\/td>\n<td>\u201e3\/4 Z20\u201d<\/td>\n<td>\u201e3\/4 Z20\u201d<\/td>\n<td>\u201e3\/4 Z20\u201d<\/td>\n<td>X<\/td>\n<\/tr>\n<\/tbody>\n<\/table>\n<h3>A forg\u00f3f\u0171ny\u00edr\u00f3 sebess\u00e9gv\u00e1lt\u00f3j\u00e1nak jellemz\u0151i<\/h3>\n<h4>1. Hat\u00e9kony er\u0151\u00e1tvitel<\/h4>\n<p>A sebess\u00e9gv\u00e1lt\u00f3 k\u00f6zponti szerepet j\u00e1tszik a traktor motorj\u00e1nak a f\u0171ny\u00edr\u00f3 k\u00e9seihez val\u00f3 teljes\u00edtm\u00e9ny\u00e1tvitel\u00e9ben. Ez a hat\u00e9kony er\u0151\u00e1tvitel biztos\u00edtja, hogy a k\u00e9sek optim\u00e1lis sebess\u00e9ggel \u00e9s nyomat\u00e9kkal forogjanak, lehet\u0151v\u00e9 t\u00e9ve a f\u0171ny\u00edr\u00f3 sz\u00e1m\u00e1ra a f\u0171 \u00e9s m\u00e1s n\u00f6v\u00e9nyzet sim\u00e1n t\u00f6rt\u00e9n\u0151 v\u00e1g\u00e1s\u00e1t. A sebess\u00e9gv\u00e1lt\u00f3 \u00e1lland\u00f3 er\u0151\u00e1tviteli k\u00e9pess\u00e9ge hat\u00e9kony f\u0171ny\u00edr\u00e1st biztos\u00edt m\u00e9g neh\u00e9z k\u00f6r\u00fclm\u00e9nyek k\u00f6z\u00f6tt is, p\u00e9ld\u00e1ul s\u0171r\u0171 f\u0171ben vagy egyenetlen terepen.<\/p>\n<h4>2. Tart\u00f3ss\u00e1g \u00e9s hossz\u00fa \u00e9lettartam<\/h4>\n<p>A forg\u00f3f\u0171ny\u00edr\u00f3k sebess\u00e9gv\u00e1lt\u00f3it \u00fagy tervezt\u00e9k, hogy ellen\u00e1lljanak a nagy ig\u00e9nybev\u00e9telnek \u00e9s a zord k\u00f6r\u00fclm\u00e9nyeknek. Kiv\u00e1l\u00f3 min\u0151s\u00e9g\u0171 anyagokb\u00f3l, p\u00e9ld\u00e1ul \u00f6nt\u00f6ttvasb\u00f3l, ac\u00e9lb\u00f3l vagy alum\u00ednium\u00f6tv\u00f6zetekb\u0151l k\u00e9sz\u00fclnek, \u00edgy ellen\u00e1llnak a kop\u00e1snak, a korr\u00f3zi\u00f3nak \u00e9s a kif\u00e1rad\u00e1snak. Ez a robusztus konstrukci\u00f3 seg\u00edti a sebess\u00e9gv\u00e1lt\u00f3 hat\u00e9kony m\u0171k\u00f6d\u00e9s\u00e9t hosszabb id\u0151n kereszt\u00fcl, cs\u00f6kkentve a gyakori jav\u00edt\u00e1sok vagy cser\u00e9k sz\u00fcks\u00e9gess\u00e9g\u00e9t, \u00e9s alkalmass\u00e1 t\u00e9ve a hossz\u00fa t\u00e1v\u00fa, megb\u00edzhat\u00f3 haszn\u00e1latra.<\/p>\n<h4>3. Cs\u00f6kkentett karbantart\u00e1si ig\u00e9ny<\/h4>\n<p>Tart\u00f3s kialak\u00edt\u00e1suknak \u00e9s hat\u00e9kony bels\u0151 alkatr\u00e9szeiknek k\u00f6sz\u00f6nhet\u0151en a forg\u00f3f\u0171ny\u00edr\u00f3k sebess\u00e9gv\u00e1lt\u00f3i kevesebb karbantart\u00e1st ig\u00e9nyelnek m\u00e1s f\u0171ny\u00edr\u00f3-hajt\u00e1sokhoz k\u00e9pest. A min\u0151s\u00e9gi anyagok \u00e9s ken\u00e9s haszn\u00e1lata seg\u00edt minimaliz\u00e1lni a s\u00farl\u00f3d\u00e1st \u00e9s a kop\u00e1st, ami v\u00e9gs\u0151 soron cs\u00f6kkenti a jav\u00edt\u00e1sok \u00e9s cser\u00e9k gyakoris\u00e1g\u00e1t. Ez alacsonyabb \u00fczemeltet\u00e9si k\u00f6lts\u00e9geket \u00e9s a f\u0171ny\u00edr\u00f3 hosszabb \u00fczemidej\u00e9t eredm\u00e9nyezi, \u00edgy gazdas\u00e1gosabb megold\u00e1st k\u00edn\u00e1l mind a kis-, mind a nagy\u00fczemi m\u0171veletekhez.<\/p>\n<h4>4. Jav\u00edtott v\u00e1g\u00e1si teljes\u00edtm\u00e9ny<\/h4>\n<p>A prec\u00edzi\u00f3san megtervezett sebess\u00e9gv\u00e1lt\u00f3 biztos\u00edtja, hogy a f\u0171ny\u00edr\u00f3 k\u00e9sei a megfelel\u0151 sebess\u00e9ggel \u00e9s nyomat\u00e9kkal m\u0171k\u00f6djenek, \u00edgy minden alkalommal tiszta \u00e9s egyenletes v\u00e1g\u00e1st biztos\u00edtanak. Legyen sz\u00f3 f\u0171r\u0151l, gyomokr\u00f3l vagy apr\u00f3 boz\u00f3tr\u00f3l, a sebess\u00e9gv\u00e1lt\u00f3 lehet\u0151v\u00e9 teszi, hogy a f\u0171ny\u00edr\u00f3 hat\u00e9konyabban kezelje a s\u0171r\u0171 n\u00f6v\u00e9nyzetet \u00e9s az egyenetlen talajt. Ez az \u00e1lland\u00f3 v\u00e1g\u00e1si teljes\u00edtm\u00e9ny k\u00fcl\u00f6n\u00f6sen el\u0151ny\u00f6s a tereprendez\u00e9s \u00e9s a mez\u0151gazdas\u00e1gi munk\u00e1k sor\u00e1n, ahol a kiv\u00e1l\u00f3 min\u0151s\u00e9g\u0171 eredm\u00e9ny priorit\u00e1s.<\/p>\n<h4>5. Sokoldal\u00fas\u00e1g \u00e9s testreszabhat\u00f3s\u00e1g<\/h4>\n<p>A forg\u00f3f\u0171ny\u00edr\u00f3k sebess\u00e9gv\u00e1lt\u00f3i sz\u00e1mos konfigur\u00e1ci\u00f3ban kaphat\u00f3k, p\u00e9ld\u00e1ul egysebess\u00e9ges vagy t\u00f6bbsebess\u00e9ges modellekben, hogy megfeleljenek a k\u00fcl\u00f6nb\u00f6z\u0151 alkalmaz\u00e1soknak. Sz\u00e1mos gy\u00e1rt\u00f3, k\u00f6zt\u00fck az FMP is, testreszab\u00e1si lehet\u0151s\u00e9geket k\u00edn\u00e1l, amelyek lehet\u0151v\u00e9 teszik a sebess\u00e9gv\u00e1lt\u00f3 testreszab\u00e1s\u00e1t az adott feladatokhoz, p\u00e9ld\u00e1ul a v\u00e1g\u00e1si magass\u00e1g be\u00e1ll\u00edt\u00e1s\u00e1hoz vagy a kih\u00edv\u00e1st jelent\u0151 f\u0171ny\u00edr\u00e1si k\u00f6r\u00fclm\u00e9nyekhez sz\u00fcks\u00e9ges tov\u00e1bbi nyomat\u00e9k biztos\u00edt\u00e1s\u00e1hoz. Ez a rugalmass\u00e1g teszi a sebess\u00e9gv\u00e1lt\u00f3t sz\u00e9les k\u00f6r\u0171 ipar\u00e1gak sz\u00e1m\u00e1ra alkalmass\u00e1, a mez\u0151gazdas\u00e1gt\u00f3l a kommun\u00e1lis tereprendez\u00e9sig.<\/p>\n<p>A forg\u00f3f\u0171ny\u00edr\u00f3 sebess\u00e9gv\u00e1lt\u00f3ja alapvet\u0151 fontoss\u00e1g\u00fa alkatr\u00e9sz, amely jelent\u0151sen n\u00f6veli a f\u0171ny\u00edr\u00f3 berendez\u00e9sek teljes\u00edtm\u00e9ny\u00e9t, megb\u00edzhat\u00f3s\u00e1g\u00e1t \u00e9s k\u00f6lts\u00e9ghat\u00e9konys\u00e1g\u00e1t. A hat\u00e9kony teljes\u00edtm\u00e9ny\u00e1tvitel, a karbantart\u00e1si ig\u00e9nyek cs\u00f6kkent\u00e9se \u00e9s a v\u00e1g\u00e1si teljes\u00edtm\u00e9ny jav\u00edt\u00e1sa r\u00e9v\u00e9n ezek a sebess\u00e9gv\u00e1lt\u00f3k optim\u00e1lis m\u0171k\u00f6d\u00e9st biztos\u00edtanak mez\u0151gazdas\u00e1gi, ipari \u00e9s tereprendez\u00e9si alkalmaz\u00e1sokban. Ak\u00e1r rutinszer\u0171 gyep\u00e1pol\u00e1sr\u00f3l, ak\u00e1r ig\u00e9nyes mez\u0151gazdas\u00e1gi feladatokr\u00f3l van sz\u00f3, a kiv\u00e1l\u00f3 min\u0151s\u00e9g\u0171 forg\u00f3f\u0171ny\u00edr\u00f3 sebess\u00e9gv\u00e1lt\u00f3 elengedhetetlen a f\u0171ny\u00edr\u00f3 z\u00f6kken\u0151mentes \u00e9s hat\u00e9kony m\u0171k\u00f6d\u00e9s\u00e9hez.<\/p>\n<p><img loading=\"lazy\" decoding=\"async\" class=\"alignnone  wp-image-1951\" src=\"https:\/\/fmp-components.com\/wp-content\/uploads\/2024\/12\/Rotary-Mower-Gearbox-211.webp\" alt=\"Rot\u00e1ci\u00f3s f\u0171ny\u00edr\u00f3 sebess\u00e9gv\u00e1lt\u00f3\" width=\"923\" height=\"692\" title=\"\" srcset=\"https:\/\/fmp-components.com\/wp-content\/uploads\/2024\/12\/Rotary-Mower-Gearbox-211.webp 923w, https:\/\/fmp-components.com\/wp-content\/uploads\/2024\/12\/Rotary-Mower-Gearbox-211-480x360.webp 480w\" sizes=\"(min-width: 0px) and (max-width: 480px) 480px, (min-width: 481px) 923px, 100vw\" \/><\/p>\n<h3>Az FMP-r\u0151l<\/h3>\n<p>Az olaszorsz\u00e1gi sz\u00e9khely\u0171 FMP vezet\u0151 innov\u00e1tor a kiv\u00e1l\u00f3 min\u0151s\u00e9g\u0171 sebess\u00e9gv\u00e1lt\u00f3k, reduktorok \u00e9s g\u00e9p\u00e9szeti g\u00e9pek tervez\u00e9s\u00e9ben, fejleszt\u00e9s\u00e9ben \u00e9s gy\u00e1rt\u00e1s\u00e1ban. A tehets\u00e9ggondoz\u00e1sra, a folyamatos innov\u00e1ci\u00f3ra \u00e9s a kiv\u00e1l\u00f3s\u00e1g biztos\u00edt\u00e1s\u00e1ra \u00f6sszpontos\u00edt\u00f3 FMP kiemelked\u0151 n\u00e9vv\u00e9 v\u00e1lt a g\u00e9p\u00e9szm\u00e9rn\u00f6ki iparban, \u00e9s helyi \u00e9s glob\u00e1lis szinten is elismer\u00e9st szerzett.<\/p>\n<p><strong>Sz\u00e9les term\u00e9kv\u00e1laszt\u00e9k<\/strong><\/p>\n<p>Az FMP prec\u00edzi\u00f3san megmunk\u00e1lt term\u00e9kek v\u00e1ltozatos portf\u00f3li\u00f3j\u00e1t k\u00edn\u00e1lja, bele\u00e9rtve:<\/p>\n<ul>\n<li>Spir\u00e1lis k\u00fapkerekes hajt\u00f3m\u0171vek<\/li>\n<li>Homlokkerekes sebess\u00e9gv\u00e1lt\u00f3k<\/li>\n<li>Csigahajt\u00f3m\u0171vek<\/li>\n<li>Hengeres sebess\u00e9gv\u00e1lt\u00f3k<\/li>\n<li>Nagynyom\u00e1s\u00fa \u00f6nt\u00f6tt szeleptestek \u00e9s h\u00e1zak<\/li>\n<\/ul>\n<p>Ezen term\u00e9kek mindegyik\u00e9t apr\u00f3l\u00e9kosan \u00fagy tervezt\u00e9k, hogy megfeleljenek a legmagasabb teljes\u00edtm\u00e9ny- \u00e9s megb\u00edzhat\u00f3s\u00e1gi szabv\u00e1nyoknak az ipari alkalmaz\u00e1sok sz\u00e9les k\u00f6r\u00e9ben.<\/p>\n<p><strong>Sz\u00e9les k\u00f6r\u0171 alkalmaz\u00e1sok az ipar\u00e1gakban<\/strong><\/p>\n<p>Az FMP term\u00e9kei sz\u00e1mos ipar\u00e1gat szolg\u00e1lnak ki, sokoldal\u00fa megold\u00e1sokat k\u00edn\u00e1lva mind az ipari, mind a mez\u0151gazdas\u00e1gi ig\u00e9nyekre. A f\u0151bb alkalmaz\u00e1sok a k\u00f6vetkez\u0151k:<\/p>\n<ul>\n<li><strong>Mez\u0151gazdas\u00e1g:<\/strong> Az FMP sebess\u00e9gv\u00e1lt\u00f3kat olyan g\u00e9pekben haszn\u00e1lj\u00e1k, mint a forg\u00f3f\u0171ny\u00edr\u00f3k, h\u00f3sepr\u0151k, m\u0171tr\u00e1gyasz\u00f3r\u00f3k \u00e9s gabonasz\u00e1ll\u00edt\u00f3k.<\/li>\n<li><strong>Ipari berendez\u00e9sek:<\/strong> Az FMP sebess\u00e9gv\u00e1lt\u00f3i \u00e9s alkatr\u00e9szei olyan \u00e1gazatokban is g\u00e9peket t\u00e1mogatnak, mint az olajkitermel\u00e9s, a tengeri alkalmaz\u00e1sok \u00e9s a v\u00edz\u00e9p\u00edt\u00e9si projektek.<\/li>\n<\/ul>\n<p>Ez a sz\u00e9lesk\u00f6r\u0171 alkalmaz\u00e1si k\u00f6r j\u00f3l mutatja az FMP azon k\u00e9pess\u00e9g\u00e9t, hogy testreszabott megold\u00e1sokat k\u00edn\u00e1ljon, amelyek jav\u00edtj\u00e1k a hat\u00e9konys\u00e1got \u00e9s a termel\u00e9kenys\u00e9get a k\u00fcl\u00f6nb\u00f6z\u0151 \u00e1gazatokban.<\/p>\n<p><strong>Fejlett gy\u00e1rt\u00e1si k\u00e9pess\u00e9gek<\/strong><\/p>\n<p>Az FMP gy\u00e1rt\u00e1si folyamata a legmodernebb technol\u00f3gi\u00e1t \u00e9s a prec\u00edz k\u00e9zm\u0171ves munk\u00e1t \u00f6tv\u00f6zi. Minden term\u00e9k szigor\u00fa l\u00e9p\u00e9sek sorozat\u00e1n kereszt\u00fcl k\u00e9sz\u00fcl:<\/p>\n<ul>\n<li><strong>Term\u00e9ktervez\u00e9s:<\/strong> Egyedi specifik\u00e1ci\u00f3kat dolgoznak ki, bele\u00e9rtve a sebess\u00e9gv\u00e1lt\u00f3 t\u00edpusok, anyagok \u00e9s m\u00e9retek kiv\u00e1laszt\u00e1s\u00e1t.<\/li>\n<li><strong>Anyagv\u00e1laszt\u00e1s:<\/strong> Az FMP kiv\u00e1l\u00f3 min\u0151s\u00e9g\u0171 anyagokat, p\u00e9ld\u00e1ul \u00f6nt\u00f6ttvasat \u00e9s alum\u00ednium\u00f6tv\u00f6zeteket haszn\u00e1l a tart\u00f3ss\u00e1g \u00e9s az optim\u00e1lis teljes\u00edtm\u00e9ny biztos\u00edt\u00e1sa \u00e9rdek\u00e9ben.<\/li>\n<li><strong>Prec\u00edzi\u00f3s megmunk\u00e1l\u00e1s:<\/strong> A legmodernebb technik\u00e1kat, mint p\u00e9ld\u00e1ul az eszterg\u00e1l\u00e1st \u00e9s a mar\u00e1st, nagy pontoss\u00e1g\u00fa alkatr\u00e9szek el\u0151\u00e1ll\u00edt\u00e1s\u00e1ra haszn\u00e1lj\u00e1k.<\/li>\n<li><strong>\u00d6sszeszerel\u00e9s:<\/strong> Az olyan alkatr\u00e9szeket, mint a fogaskerekek, csap\u00e1gyak \u00e9s tengelyek, apr\u00f3l\u00e9kosan szerelik \u00f6ssze a h\u00e1zba a megfelel\u0151 illeszt\u00e9s \u00e9s ken\u00e9s biztos\u00edt\u00e1sa \u00e9rdek\u00e9ben.<\/li>\n<li><strong>H\u0151kezel\u00e9s:<\/strong> A sebess\u00e9gv\u00e1lt\u00f3k h\u0151kezel\u00e9sen esnek \u00e1t a szil\u00e1rds\u00e1g \u00e9s a kop\u00e1s\u00e1ll\u00f3s\u00e1g fokoz\u00e1sa \u00e9rdek\u00e9ben, biztos\u00edtva a hossz\u00fa t\u00e1v\u00fa tart\u00f3ss\u00e1got.<\/li>\n<li><strong>Fel\u00fcletkezel\u00e9s:<\/strong> A sebess\u00e9gv\u00e1lt\u00f3k eszt\u00e9tikai megjelen\u00e9s\u00e9nek \u00e9s korr\u00f3zi\u00f3\u00e1ll\u00f3s\u00e1g\u00e1nak jav\u00edt\u00e1s\u00e1ra olyan elj\u00e1r\u00e1sokat alkalmaznak, mint a pol\u00edroz\u00e1s \u00e9s a porbevonat.<\/li>\n<li><strong>Min\u0151s\u00e9gellen\u0151rz\u00e9s:<\/strong> Az FMP szigor\u00fa min\u0151s\u00e9gellen\u0151rz\u00e9si szabv\u00e1nyoknak felel meg, alapos ellen\u0151rz\u00e9seket \u00e9s tesztel\u00e9seket v\u00e9gez annak biztos\u00edt\u00e1sa \u00e9rdek\u00e9ben, hogy minden term\u00e9k megfeleljen a sz\u00fcks\u00e9ges teljes\u00edtm\u00e9nymutat\u00f3knak.<\/li>\n<\/ul>\n<p><strong>Ipar\u00e1gi h\u00edrn\u00e9v<\/strong><\/p>\n<p>Az FMP elk\u00f6telezetts\u00e9ge a min\u0151s\u00e9g, az innov\u00e1ci\u00f3 \u00e9s az \u00fcgyf\u00e9l-el\u00e9gedetts\u00e9g ir\u00e1nt szil\u00e1rd h\u00edrnevet szerzett mag\u00e1nak, mint megb\u00edzhat\u00f3 partner a gy\u00e1rt\u00f3iparban. A v\u00e1llalat megk\u00f6zel\u00edt\u00e9se a fejlett technol\u00f3gi\u00e1t a szakk\u00e9pzett k\u00e9zm\u0171vess\u00e9ggel \u00f6tv\u00f6zi, hogy hossz\u00fa t\u00e1v\u00fa \u00e9rt\u00e9ket teremtsen \u00fcgyfeleinek. Az FMP tov\u00e1bbra is az innov\u00e1ci\u00f3 hat\u00e1rait feszegeti, mik\u00f6zben tov\u00e1bbra is a megb\u00edzhat\u00f3s\u00e1gra \u00e9s a kiv\u00e1l\u00f3s\u00e1gra \u00f6sszpontos\u00edt.<\/p>\n<p><strong>Legyen vel\u00fcnk partner<\/strong><\/p>\n<p>Az FMP mindig nyitott az egy\u00fcttm\u0171k\u00f6d\u00e9si lehet\u0151s\u00e9gekre glob\u00e1lis \u00fcgyfelekkel \u00e9s partnerekkel. Ak\u00e1r kiv\u00e1l\u00f3 min\u0151s\u00e9g\u0171 term\u00e9keket, ak\u00e1r egyedi megold\u00e1sokat keres, elk\u00f6telezettek vagyunk azir\u00e1nt, hogy biztos\u00edtsuk az \u00d6n egyedi ig\u00e9nyeinek kiel\u00e9g\u00edt\u00e9s\u00e9hez sz\u00fcks\u00e9ges szak\u00e9rtelmet \u00e9s szolg\u00e1ltat\u00e1st. Tov\u00e1bbi inform\u00e1ci\u00f3k\u00e9rt vagy a lehets\u00e9ges partners\u00e9gek felkutat\u00e1s\u00e1hoz k\u00e9rj\u00fck, vegye fel vel\u00fcnk a kapcsolatot telefonon vagy e-mailben. V\u00e1rjuk, hogy egy\u00fcttm\u0171k\u00f6dhess\u00fcnk \u00d6nnel, \u00e9s az \u00d6n ig\u00e9nyeire szabott, nagy teljes\u00edtm\u00e9ny\u0171 megold\u00e1sokat sz\u00e1ll\u00edthassunk.<\/p>\n<p><img loading=\"lazy\" decoding=\"async\" class=\"alignnone size-full wp-image-1861\" src=\"https:\/\/fmp-components.com\/wp-content\/uploads\/2024\/12\/Other-Agricultural-Gearboxes.webp\" alt=\"Egy\u00e9b-Mez\u0151gazdas\u00e1gi-Sebess\u00e9gv\u00e1lt\u00f3k\" width=\"1200\" height=\"1400\" title=\"\" srcset=\"https:\/\/fmp-components.com\/wp-content\/uploads\/2024\/12\/Other-Agricultural-Gearboxes.webp 1200w, https:\/\/fmp-components.com\/wp-content\/uploads\/2024\/12\/Other-Agricultural-Gearboxes-980x1143.webp 980w, https:\/\/fmp-components.com\/wp-content\/uploads\/2024\/12\/Other-Agricultural-Gearboxes-480x560.webp 480w\" sizes=\"(min-width: 0px) and (max-width: 480px) 480px, (min-width: 481px) and (max-width: 980px) 980px, (min-width: 981px) 1200px, 100vw\" \/><\/p>\n<p>Szerz\u0151: CX<\/p>","protected":false},"excerpt":{"rendered":"<p>Specifications of\u00a0Rotary Mower Gearbox\u00a0T-305J i N1[rpm] P1[kW] M2[Nm] Shaft Type Input X Y Z 1.35 540 183.8 2335 &#8221; 3\/4 Z20 1&#8221; 3\/4 Z20 &#8221; 3\/4 Z20 X 1.20 1000 183.8 2043 &#8221; 3\/4 Z20 &#8221; 3\/4 Z20 &#8221; 3\/4 Z20 X 1.35 1000 183.8 2298 &#8221; 3\/4 Z20 &#8221; 3\/4 Z20 &#8221; 3\/4 Z20 [&hellip;]<\/p>","protected":false},"featured_media":1955,"comment_status":"open","ping_status":"closed","template":"","meta":{"_et_pb_use_builder":"","_et_pb_old_content":"","_et_gb_content_width":""},"product_brand":[],"product_cat":[51],"product_tag":[],"class_list":{"0":"post-1952","1":"product","2":"type-product","3":"status-publish","4":"has-post-thumbnail","6":"product_cat-rotary-mower-gearbox","8":"first","9":"instock","10":"shipping-taxable","11":"product-type-simple"},"_links":{"self":[{"href":"https:\/\/fmp-components.com\/hu\/wp-json\/wp\/v2\/product\/1952","targetHints":{"allow":["GET"]}}],"collection":[{"href":"https:\/\/fmp-components.com\/hu\/wp-json\/wp\/v2\/product"}],"about":[{"href":"https:\/\/fmp-components.com\/hu\/wp-json\/wp\/v2\/types\/product"}],"replies":[{"embeddable":true,"href":"https:\/\/fmp-components.com\/hu\/wp-json\/wp\/v2\/comments?post=1952"}],"wp:featuredmedia":[{"embeddable":true,"href":"https:\/\/fmp-components.com\/hu\/wp-json\/wp\/v2\/media\/1955"}],"wp:attachment":[{"href":"https:\/\/fmp-components.com\/hu\/wp-json\/wp\/v2\/media?parent=1952"}],"wp:term":[{"taxonomy":"product_brand","embeddable":true,"href":"https:\/\/fmp-components.com\/hu\/wp-json\/wp\/v2\/product_brand?post=1952"},{"taxonomy":"product_cat","embeddable":true,"href":"https:\/\/fmp-components.com\/hu\/wp-json\/wp\/v2\/product_cat?post=1952"},{"taxonomy":"product_tag","embeddable":true,"href":"https:\/\/fmp-components.com\/hu\/wp-json\/wp\/v2\/product_tag?post=1952"}],"curies":[{"name":"munkaf\u00fczet","href":"https:\/\/api.w.org\/{rel}","templated":true}]}}