{"id":1943,"date":"2024-12-26T02:18:14","date_gmt":"2024-12-26T02:18:14","guid":{"rendered":"https:\/\/fmp-components.com\/?page_id=8"},"modified":"2024-12-26T02:21:11","modified_gmt":"2024-12-26T02:21:11","slug":"rotary-mower-gearbox-replacement-of-comer-code-tf-285b","status":"publish","type":"product","link":"https:\/\/fmp-components.com\/hu\/product\/rotary-mower-gearbox-replacement-of-comer-code-tf-285b\/","title":{"rendered":"Rot\u00e1ci\u00f3s f\u0171ny\u00edr\u00f3 sebess\u00e9gv\u00e1lt\u00f3 \u2013 A TF-285B k\u00f3d\u00fa Comer v\u00e1lt\u00f3 cser\u00e9je"},"content":{"rendered":"<p><img loading=\"lazy\" decoding=\"async\" class=\"size-full wp-image-1946 aligncenter\" src=\"https:\/\/fmp-components.com\/wp-content\/uploads\/2024\/12\/rotary-mower-gearbox-tf285b.webp\" alt=\"rot\u00e1ci\u00f3s f\u0171ny\u00edr\u00f3 sebess\u00e9gv\u00e1lt\u00f3\" width=\"300\" height=\"300\" title=\"\" srcset=\"https:\/\/fmp-components.com\/wp-content\/uploads\/2024\/12\/rotary-mower-gearbox-tf285b.webp 300w, https:\/\/fmp-components.com\/wp-content\/uploads\/2024\/12\/rotary-mower-gearbox-tf285b-150x150.webp 150w, https:\/\/fmp-components.com\/wp-content\/uploads\/2024\/12\/rotary-mower-gearbox-tf285b-12x12.webp 12w, https:\/\/fmp-components.com\/wp-content\/uploads\/2024\/12\/rotary-mower-gearbox-tf285b-100x100.webp 100w\" sizes=\"(max-width: 300px) 100vw, 300px\" \/><\/p>\n<h2>A TF-285B forg\u00f3f\u0171ny\u00edr\u00f3 sebess\u00e9gv\u00e1lt\u00f3j\u00e1nak m\u0171szaki adatai<\/h2>\n<p><img loading=\"lazy\" decoding=\"async\" class=\"alignnone size-full wp-image-1944\" src=\"https:\/\/fmp-components.com\/wp-content\/uploads\/2024\/12\/rotary-mower-gearbox-specifications-tf285b.webp\" alt=\"rot\u00e1ci\u00f3s f\u0171ny\u00edr\u00f3 sebess\u00e9gv\u00e1lt\u00f3\" width=\"851\" height=\"449\" title=\"\" srcset=\"https:\/\/fmp-components.com\/wp-content\/uploads\/2024\/12\/rotary-mower-gearbox-specifications-tf285b.webp 851w, https:\/\/fmp-components.com\/wp-content\/uploads\/2024\/12\/rotary-mower-gearbox-specifications-tf285b-480x253.webp 480w\" sizes=\"(min-width: 0px) and (max-width: 480px) 480px, (min-width: 481px) 851px, 100vw\" \/><\/p>\n<table style=\"width: 91.8919%; height: 108px;\" border=\"1\">\n<tbody>\n<tr>\n<td rowspan=\"2\"><strong>\u00e9n<\/strong><\/td>\n<td rowspan=\"2\"><strong>\u00c9<sub>1<\/sub>[fordulat]<\/strong><\/td>\n<td rowspan=\"2\"><strong>P<sub>1<\/sub>[kW]<\/strong><\/td>\n<td rowspan=\"2\"><strong>M<sub>2<\/sub>[Nm]<\/strong><\/td>\n<td colspan=\"3\"><strong>Tengely t\u00edpusa<\/strong><\/td>\n<td rowspan=\"2\"><strong>Bemenet<\/strong><\/td>\n<\/tr>\n<tr>\n<td><strong>X<\/strong><\/td>\n<td><strong>Y<\/strong><\/td>\n<td><strong>Z<\/strong><\/td>\n<\/tr>\n<tr>\n<td>1.86<\/td>\n<td>1000<\/td>\n<td>91.9<\/td>\n<td>709<\/td>\n<td>1\u201d 3\/8 Z21<\/td>\n<td>1\u201d 3\/4\" Z20<\/td>\n<td>Hub kapcsolat<\/td>\n<td>Y<\/td>\n<\/tr>\n<\/tbody>\n<\/table>\n<h2>A forg\u00f3f\u0171ny\u00edr\u00f3 sebess\u00e9gv\u00e1lt\u00f3 el\u0151nyei<\/h2>\n<p>A kiv\u00e1l\u00f3 min\u0151s\u00e9g\u0171 sebess\u00e9gv\u00e1lt\u00f3val felszerelt forg\u00f3f\u0171ny\u00edr\u00f3k sz\u00e1mos el\u0151nnyel rendelkeznek, \u00edgy n\u00e9lk\u00fcl\u00f6zhetetlen eszk\u00f6z\u00f6k a tereprendez\u00e9sben, a mez\u0151gazdas\u00e1gban \u00e9s a kertfenntart\u00e1sban. Ezek az el\u0151ny\u00f6k a sebess\u00e9gv\u00e1lt\u00f3 hat\u00e9kony teljes\u00edtm\u00e9ny\u00e1tvitel\u00e9b\u0151l, a kop\u00e1s cs\u00f6kkent\u00e9s\u00e9b\u0151l \u00e9s a f\u0171ny\u00edr\u00f3 teljes\u00edtm\u00e9ny\u00e9nek jav\u00edt\u00e1s\u00e1b\u00f3l erednek. \u00cdme a forg\u00f3f\u0171ny\u00edr\u00f3 sebess\u00e9gv\u00e1lt\u00f3j\u00e1nak haszn\u00e1lat\u00e1nak n\u00e9h\u00e1ny f\u0151 el\u0151nye:<\/p>\n<ol>\n<li><strong>Hat\u00e9kony er\u0151\u00e1tvitel<\/strong><br \/>\nA forg\u00f3f\u0171ny\u00edr\u00f3 sebess\u00e9gv\u00e1lt\u00f3ja kulcsszerepet j\u00e1tszik a traktor motorj\u00e1nak a f\u0171ny\u00edr\u00f3k\u00e9sekhez val\u00f3 \u00e1tvitel\u00e9ben. Ez a hat\u00e9kony er\u0151\u00e1tvitel biztos\u00edtja, hogy a k\u00e9sek optim\u00e1lis sebess\u00e9ggel \u00e9s nyomat\u00e9kkal forogjanak, lehet\u0151v\u00e9 t\u00e9ve a f\u0171ny\u00edr\u00f3 sz\u00e1m\u00e1ra a hat\u00e9kony f\u0171ny\u00edr\u00e1st m\u00e9g neh\u00e9z k\u00f6r\u00fclm\u00e9nyek k\u00f6z\u00f6tt is. Ez k\u00fcl\u00f6n\u00f6sen fontos a nagym\u00e9ret\u0171 m\u0171veletekn\u00e9l, ahol a k\u00f6vetkezetess\u00e9g \u00e9s a hat\u00e9konys\u00e1g kulcsfontoss\u00e1g\u00fa.<\/li>\n<li><strong>Tart\u00f3ss\u00e1g \u00e9s hossz\u00fa \u00e9lettartam<\/strong><br \/>\nA forg\u00f3f\u0171ny\u00edr\u00f3k sebess\u00e9gv\u00e1lt\u00f3it \u00fagy tervezt\u00e9k, hogy ellen\u00e1lljanak a nagy ig\u00e9nybev\u00e9telnek \u00e9s a zord k\u00f6r\u00fclm\u00e9nyeknek. Massz\u00edv konstrukci\u00f3juknak k\u00f6sz\u00f6nhet\u0151en, amely gyakran kiv\u00e1l\u00f3 min\u0151s\u00e9g\u0171 anyagokb\u00f3l, p\u00e9ld\u00e1ul \u00f6nt\u00f6ttvasb\u00f3l vagy alum\u00ednium\u00f6tv\u00f6zetekb\u0151l k\u00e9sz\u00fcl, ezek a sebess\u00e9gv\u00e1lt\u00f3k ellen\u00e1llnak a kop\u00e1snak, a korr\u00f3zi\u00f3nak \u00e9s a fesz\u00fclts\u00e9gnek. Ez a tart\u00f3ss\u00e1g biztos\u00edtja, hogy a sebess\u00e9gv\u00e1lt\u00f3 hosszabb ideig z\u00f6kken\u0151mentesen m\u0171k\u00f6dj\u00f6n, cs\u00f6kkentve a gyakori jav\u00edt\u00e1sok vagy cser\u00e9k sz\u00fcks\u00e9gess\u00e9g\u00e9t.<\/li>\n<li><strong>Cs\u00f6kkentett karbantart\u00e1si \u00e9s \u00fczemeltet\u00e9si k\u00f6lts\u00e9gek<\/strong><br \/>\nRobusztus kialak\u00edt\u00e1suknak \u00e9s hat\u00e9kony er\u0151\u00e1tvitel\u00fcknek k\u00f6sz\u00f6nhet\u0151en a forg\u00f3f\u0171ny\u00edr\u00f3k sebess\u00e9gv\u00e1lt\u00f3i kevesebb karbantart\u00e1st ig\u00e9nyelnek, mint m\u00e1s t\u00edpus\u00fa f\u0171ny\u00edr\u00f3hajt\u00e1sok. A bels\u0151 alkatr\u00e9szek, p\u00e9ld\u00e1ul a fogaskerekek \u00e9s csap\u00e1gyak megfelel\u0151 ken\u00e9se seg\u00edt minimaliz\u00e1lni a s\u00farl\u00f3d\u00e1st, a kop\u00e1st \u00e9s a t\u00falmeleged\u00e9st, ami alacsonyabb \u00fczemeltet\u00e9si k\u00f6lts\u00e9gekhez \u00e9s kevesebb karbantart\u00e1si beavatkoz\u00e1shoz vezet. Ez hosszabb \u00fczemid\u0151t \u00e9s kevesebb jav\u00edt\u00e1si megszak\u00edt\u00e1st jelent.<\/li>\n<li><strong>Jav\u00edtott v\u00e1g\u00e1si teljes\u00edtm\u00e9ny<\/strong><br \/>\nEgy j\u00f3l megtervezett sebess\u00e9gv\u00e1lt\u00f3 biztos\u00edtja, hogy a f\u0171ny\u00edr\u00f3 k\u00e9sei a megfelel\u0151 sebess\u00e9get \u00e9s nyomat\u00e9kot \u00e9rj\u00e9k el, ami tiszta \u00e9s egyenletes v\u00e1g\u00e1st eredm\u00e9nyez. Legyen sz\u00f3 f\u0171r\u0151l, gyomokr\u00f3l vagy apr\u00f3 boz\u00f3tr\u00f3l, a sebess\u00e9gv\u00e1lt\u00f3 biztos\u00edtja, hogy a f\u0171ny\u00edr\u00f3 kiv\u00e1l\u00f3 v\u00e1g\u00e1si teljes\u00edtm\u00e9nyt ny\u00fajtson m\u00e9g kih\u00edv\u00e1st jelent\u0151 k\u00f6r\u00fclm\u00e9nyek k\u00f6z\u00f6tt is. A sebess\u00e9gv\u00e1lt\u00f3 seg\u00edt a f\u0171ny\u00edr\u00f3nak hat\u00e9konyabban kezelni a vastag, s\u0171r\u0171 n\u00f6v\u00e9nyzetet \u00e9s az egyenetlen terepet.<\/li>\n<li><strong>Sokoldal\u00fas\u00e1g \u00e9s testreszabhat\u00f3s\u00e1g<\/strong><br \/>\nA forg\u00f3f\u0171ny\u00edr\u00f3k sebess\u00e9gv\u00e1lt\u00f3i k\u00fcl\u00f6nf\u00e9le konfigur\u00e1ci\u00f3kban kaphat\u00f3k, p\u00e9ld\u00e1ul egysebess\u00e9ges vagy t\u00f6bbsebess\u00e9ges modellekben, ami rugalmass\u00e1got biztos\u00edt a k\u00fcl\u00f6nb\u00f6z\u0151 alkalmaz\u00e1sokban. Sz\u00e1mos gy\u00e1rt\u00f3, k\u00f6zt\u00fck az FMP is, egyedi megold\u00e1sokat k\u00edn\u00e1l a speci\u00e1lis teljes\u00edtm\u00e9nyk\u00f6vetelm\u00e9nyek kiel\u00e9g\u00edt\u00e9s\u00e9re, p\u00e9ld\u00e1ul a v\u00e1g\u00e1si magass\u00e1g be\u00e1ll\u00edt\u00e1s\u00e1t vagy a nagyobb nyomat\u00e9k biztos\u00edt\u00e1s\u00e1t a neh\u00e9z f\u0171ny\u00edr\u00e1si feladatokhoz. Ez a sokoldal\u00fas\u00e1g lehet\u0151v\u00e9 teszi, hogy a sebess\u00e9gv\u00e1lt\u00f3k sz\u00e9les k\u00f6r\u0171 ipar\u00e1gakat szolg\u00e1ljanak ki, a mez\u0151gazdas\u00e1gt\u00f3l a kommun\u00e1lis tereprendez\u00e9sig.<\/li>\n<li><strong>Biztons\u00e1gi funkci\u00f3k<\/strong><br \/>\nSok forg\u00f3f\u0171ny\u00edr\u00f3 sebess\u00e9gv\u00e1lt\u00f3ja biztons\u00e1gi funkci\u00f3kkal van felszerelve, p\u00e9ld\u00e1ul t\u00falterhel\u00e9s elleni tengelykapcsol\u00f3val vagy kiold\u00f3 mechanizmussal, amelyek megakad\u00e1lyozz\u00e1k a sebess\u00e9gv\u00e1lt\u00f3 \u00e9s a f\u0171ny\u00edr\u00f3 k\u00e9sek k\u00e1rosod\u00e1s\u00e1t, amikor a motor ki van kapcsolva. Ezek a funkci\u00f3k seg\u00edtenek megv\u00e9deni a kezel\u0151t a balesetekt\u0151l \u00e9s cs\u00f6kkentik a mechanikai meghib\u00e1sod\u00e1sok kock\u00e1zat\u00e1t.<\/li>\n<li><strong>Kompakt \u00e9s k\u00f6nnyen telep\u00edthet\u0151<\/strong><br \/>\nA forg\u00f3f\u0171ny\u00edr\u00f3 hajt\u00f3m\u0171veket jellemz\u0151en kompaktra \u00e9s k\u00fcl\u00f6nf\u00e9le t\u00edpus\u00fa f\u0171ny\u00edr\u00f3kra \u00e9s g\u00e9pekre k\u00f6nnyen felszerelhet\u0151re tervezik. Kialak\u00edt\u00e1suk biztos\u00edtja, hogy ne csak az er\u0151\u00e1tvitel szempontj\u00e1b\u00f3l legyenek hat\u00e9konyak, hanem k\u00f6nnyen integr\u00e1lhat\u00f3k k\u00fcl\u00f6nb\u00f6z\u0151 rendszerekbe is, \u00edgy kiv\u00e1l\u00f3 v\u00e1laszt\u00e1st jelentenek mind az OEM-gy\u00e1rt\u00f3k, mind a v\u00e9gfelhaszn\u00e1l\u00f3k sz\u00e1m\u00e1ra.<\/li>\n<\/ol>\n<p>\u00d6sszefoglalva, a forg\u00f3f\u0171ny\u00edr\u00f3 sebess\u00e9gv\u00e1lt\u00f3ja l\u00e9tfontoss\u00e1g\u00fa alkatr\u00e9sz, amely n\u00f6veli a f\u0171ny\u00edr\u00f3 berendez\u00e9sek teljes\u00edtm\u00e9ny\u00e9t, megb\u00edzhat\u00f3s\u00e1g\u00e1t \u00e9s k\u00f6lts\u00e9ghat\u00e9konys\u00e1g\u00e1t. Hat\u00e9kony teljes\u00edtm\u00e9ny\u00e1tviteli k\u00e9pess\u00e9ge, a karbantart\u00e1si ig\u00e9ny cs\u00f6kkent\u00e9se \u00e9s a v\u00e1g\u00e1si teljes\u00edtm\u00e9ny jav\u00edt\u00e1sa n\u00e9lk\u00fcl\u00f6zhetetlen r\u00e9sz\u00e9v\u00e9 teszi a modern forg\u00f3f\u0171ny\u00edr\u00f3knak, amelyeket mez\u0151gazdas\u00e1gi, ipari \u00e9s tereprendez\u00e9si alkalmaz\u00e1sokban haszn\u00e1lnak.<\/p>\n<p><img loading=\"lazy\" decoding=\"async\" class=\"alignnone size-full wp-image-1940\" src=\"https:\/\/fmp-components.com\/wp-content\/uploads\/2024\/12\/Rotary-Mower-Gearbox23.webp\" alt=\"Rot\u00e1ci\u00f3s f\u0171ny\u00edr\u00f3 sebess\u00e9gv\u00e1lt\u00f3\" width=\"1000\" height=\"1000\" title=\"\" srcset=\"https:\/\/fmp-components.com\/wp-content\/uploads\/2024\/12\/Rotary-Mower-Gearbox23.webp 1000w, https:\/\/fmp-components.com\/wp-content\/uploads\/2024\/12\/Rotary-Mower-Gearbox23-980x980.webp 980w, https:\/\/fmp-components.com\/wp-content\/uploads\/2024\/12\/Rotary-Mower-Gearbox23-480x480.webp 480w\" sizes=\"(min-width: 0px) and (max-width: 480px) 480px, (min-width: 481px) and (max-width: 980px) 980px, (min-width: 981px) 1000px, 100vw\" \/><\/p>\n<h3>Az FMP-r\u0151l<\/h3>\n<p>Az olaszorsz\u00e1gi sz\u00e9khely\u0171 FMP vezet\u0151 innov\u00e1tor a sebess\u00e9gv\u00e1lt\u00f3k, reduktorok \u00e9s g\u00e9p\u00e9szeti berendez\u00e9sek kutat\u00e1s\u00e1ban, fejleszt\u00e9s\u00e9ben \u00e9s gy\u00e1rt\u00e1s\u00e1ban. A min\u0151s\u00e9g ir\u00e1nti elk\u00f6telezetts\u00e9g\u00e9r\u0151l, a folyamatos fejleszt\u00e9sr\u0151l \u00e9s a tehets\u00e9ggondoz\u00e1sr\u00f3l ismert FMP helyi \u00e9s nemzetk\u00f6zi elismer\u00e9st szerzett. A g\u00e9p\u00e9szm\u00e9rn\u00f6ki szektorban er\u0151s h\u00edrn\u00e9vnek \u00f6rvendve a v\u00e1llalat megb\u00edzhat\u00f3 partner a k\u00fcl\u00f6nb\u00f6z\u0151 ipar\u00e1gakban.<\/p>\n<p>Az FMP sz\u00e9les v\u00e1laszt\u00e9kban k\u00edn\u00e1l nagy teljes\u00edtm\u00e9ny\u0171 term\u00e9keket, bele\u00e9rtve a k\u00fapkerekes hajt\u00f3m\u0171veket, a homlokkerekes hajt\u00f3m\u0171veket, a csigakerekes hajt\u00f3m\u0171veket, a hengeres hajt\u00f3m\u0171veket, valamint a nagynyom\u00e1s\u00fa \u00f6ntv\u00e9ny szeleptesteket \u00e9s -h\u00e1zakat. Ezeket a term\u00e9keket prec\u00edzen tervezt\u00e9k, hogy megfeleljenek az ipari \u00e9s mez\u0151gazdas\u00e1gi alkalmaz\u00e1sok sokr\u00e9t\u0171 ig\u00e9nyeinek, megb\u00edzhat\u00f3s\u00e1got \u00e9s tart\u00f3ss\u00e1got biztos\u00edtva.<\/p>\n<p>A v\u00e1llalat sebess\u00e9gv\u00e1lt\u00f3i \u00e9s alkatr\u00e9szei sz\u00e1mos \u00e1gazatot szolg\u00e1lnak ki, p\u00e9ld\u00e1ul a mez\u0151gazdas\u00e1got, az olajkitermel\u00e9st, a haj\u00f3z\u00e1si rendszereket \u00e9s a v\u00edz\u00e9p\u00edt\u00e9st. A mez\u0151gazdas\u00e1gban az FMP olyan l\u00e9tfontoss\u00e1g\u00fa g\u00e9peket hajt meg, mint a forg\u00f3f\u0171ny\u00edr\u00f3k, h\u00f3sepr\u0151k, m\u0171tr\u00e1gyasz\u00f3r\u00f3k \u00e9s gabonasz\u00e1ll\u00edt\u00f3k. Ez a sz\u00e9les alkalmaz\u00e1si k\u00f6r kiemeli az FMP sokoldal\u00fas\u00e1g\u00e1t \u00e9s azt a k\u00e9pess\u00e9g\u00e9t, hogy olyan megold\u00e1sokat k\u00edn\u00e1l, amelyek n\u00f6velik a m\u0171k\u00f6d\u00e9si hat\u00e9konys\u00e1got az ipar\u00e1gakban.<\/p>\n<p>Az FMP gy\u00e1rt\u00e1si folyamata fejlett technik\u00e1kra \u00e9s szigor\u00fa min\u0151s\u00e9gellen\u0151rz\u00e9si szabv\u00e1nyokra \u00e9p\u00fcl. A term\u00e9ktervez\u00e9st\u0151l a v\u00e9gs\u0151 \u00f6sszeszerel\u00e9sig minden egyes darab pr\u00e9mium min\u0151s\u00e9g\u0171 anyagokb\u00f3l, p\u00e9ld\u00e1ul \u00f6nt\u00f6ttvasb\u00f3l \u00e9s alum\u00ednium\u00f6tv\u00f6zetekb\u0151l k\u00e9sz\u00fcl. A prec\u00edzi\u00f3s megmunk\u00e1l\u00e1si m\u00f3dszerek nagy pontoss\u00e1got biztos\u00edtanak, m\u00edg az alapos ellen\u0151rz\u00e9sek garant\u00e1lj\u00e1k a megb\u00edzhat\u00f3s\u00e1got \u00e9s a hossz\u00fa t\u00e1v\u00fa teljes\u00edtm\u00e9nyt. Az FMP min\u0151s\u00e9gre, illeszt\u00e9sre \u00e9s kop\u00e1s\u00e1ll\u00f3s\u00e1gra val\u00f3 \u00f6sszpontos\u00edt\u00e1sa biztos\u00edtja, hogy term\u00e9kei tov\u00e1bbra is megfeleljenek a legmagasabb szabv\u00e1nyoknak.<\/p>\n<p>El\u0151re gondolkod\u00f3 v\u00e1llalatk\u00e9nt az FMP elk\u00f6telezett az \u00fcgyfelek el\u00e9gedetts\u00e9ge \u00e9s a folyamatos innov\u00e1ci\u00f3 ir\u00e1nt. A v\u00e1llalat nyitott a glob\u00e1lis partners\u00e9gekre, \u00e9s az \u00fcgyfelek ig\u00e9nyeihez igaz\u00edtott, szem\u00e9lyre szabott megold\u00e1sokat k\u00edn\u00e1l. Ha t\u00f6bbet szeretne megtudni az FMP term\u00e9keir\u0151l vagy egy\u00fcttm\u0171k\u00f6d\u00e9si lehet\u0151s\u00e9geket szeretne felfedezni, a leend\u0151 partnerek k\u00f6nnyen kapcsolatba l\u00e9phetnek a v\u00e1llalattal telefonon vagy e-mailben, meger\u0151s\u00edtve az FMP elk\u00f6telezetts\u00e9g\u00e9t a kiv\u00e9teles szolg\u00e1ltat\u00e1s \u00e9s a kiv\u00e1l\u00f3 min\u0151s\u00e9g\u0171 megold\u00e1sok ir\u00e1nt.<\/p>\n<p><img loading=\"lazy\" decoding=\"async\" class=\"alignnone size-full wp-image-1861\" src=\"https:\/\/fmp-components.com\/wp-content\/uploads\/2024\/12\/Other-Agricultural-Gearboxes.webp\" alt=\"Egy\u00e9b-Mez\u0151gazdas\u00e1gi-Sebess\u00e9gv\u00e1lt\u00f3k\" width=\"1200\" height=\"1400\" title=\"\" srcset=\"https:\/\/fmp-components.com\/wp-content\/uploads\/2024\/12\/Other-Agricultural-Gearboxes.webp 1200w, https:\/\/fmp-components.com\/wp-content\/uploads\/2024\/12\/Other-Agricultural-Gearboxes-980x1143.webp 980w, https:\/\/fmp-components.com\/wp-content\/uploads\/2024\/12\/Other-Agricultural-Gearboxes-480x560.webp 480w\" sizes=\"(min-width: 0px) and (max-width: 480px) 480px, (min-width: 481px) and (max-width: 980px) 980px, (min-width: 981px) 1200px, 100vw\" \/><\/p>\n<p>Szerz\u0151: CX<\/p>\n<p>&nbsp;<\/p>","protected":false},"excerpt":{"rendered":"<p>Rotary Mower Gearbox\u00a0TF-285B Specifications i N1[rpm] P1[kW] M2[Nm] Shaft Type Input X Y Z 1.86 1000 91.9 709 1&#8221; 3\/8 Z21 1&#8221; 3\/4 Z20 Hub connection Y Advantages of Rotary Mower Gearbox Rotary mowers equipped with a high-quality gearbox offer numerous advantages, making them an essential tool for landscaping, agriculture, and grounds maintenance. These advantages [&hellip;]<\/p>","protected":false},"featured_media":1946,"comment_status":"open","ping_status":"closed","template":"","meta":{"_et_pb_use_builder":"","_et_pb_old_content":"","_et_gb_content_width":""},"product_brand":[],"product_cat":[51],"product_tag":[],"class_list":{"0":"post-1943","1":"product","2":"type-product","3":"status-publish","4":"has-post-thumbnail","6":"product_cat-rotary-mower-gearbox","8":"first","9":"instock","10":"shipping-taxable","11":"product-type-simple"},"_links":{"self":[{"href":"https:\/\/fmp-components.com\/hu\/wp-json\/wp\/v2\/product\/1943","targetHints":{"allow":["GET"]}}],"collection":[{"href":"https:\/\/fmp-components.com\/hu\/wp-json\/wp\/v2\/product"}],"about":[{"href":"https:\/\/fmp-components.com\/hu\/wp-json\/wp\/v2\/types\/product"}],"replies":[{"embeddable":true,"href":"https:\/\/fmp-components.com\/hu\/wp-json\/wp\/v2\/comments?post=1943"}],"wp:featuredmedia":[{"embeddable":true,"href":"https:\/\/fmp-components.com\/hu\/wp-json\/wp\/v2\/media\/1946"}],"wp:attachment":[{"href":"https:\/\/fmp-components.com\/hu\/wp-json\/wp\/v2\/media?parent=1943"}],"wp:term":[{"taxonomy":"product_brand","embeddable":true,"href":"https:\/\/fmp-components.com\/hu\/wp-json\/wp\/v2\/product_brand?post=1943"},{"taxonomy":"product_cat","embeddable":true,"href":"https:\/\/fmp-components.com\/hu\/wp-json\/wp\/v2\/product_cat?post=1943"},{"taxonomy":"product_tag","embeddable":true,"href":"https:\/\/fmp-components.com\/hu\/wp-json\/wp\/v2\/product_tag?post=1943"}],"curies":[{"name":"munkaf\u00fczet","href":"https:\/\/api.w.org\/{rel}","templated":true}]}}