{"id":1938,"date":"2024-12-26T02:05:01","date_gmt":"2024-12-26T02:05:01","guid":{"rendered":"https:\/\/fmp-components.com\/?page_id=8"},"modified":"2024-12-26T02:18:02","modified_gmt":"2024-12-26T02:18:02","slug":"rotary-mower-gearbox-replacement-of-comer-code-tf-26a","status":"publish","type":"product","link":"https:\/\/fmp-components.com\/hu\/product\/rotary-mower-gearbox-replacement-of-comer-code-tf-26a\/","title":{"rendered":"Rot\u00e1ci\u00f3s f\u0171ny\u00edr\u00f3 sebess\u00e9gv\u00e1lt\u00f3 \u2013 A TF-26A k\u00f3d\u00fa Comer v\u00e1lt\u00f3 cser\u00e9je"},"content":{"rendered":"<p><img loading=\"lazy\" decoding=\"async\" class=\"size-full wp-image-1942 aligncenter\" src=\"https:\/\/fmp-components.com\/wp-content\/uploads\/2024\/12\/rotary-mower-gearbox-tf26a-1.webp\" alt=\"rot\u00e1ci\u00f3s-f\u0171ny\u00edr\u00f3-sebess\u00e9gv\u00e1lt\u00f3-tf26a-1\" width=\"300\" height=\"300\" title=\"\" srcset=\"https:\/\/fmp-components.com\/wp-content\/uploads\/2024\/12\/rotary-mower-gearbox-tf26a-1.webp 300w, https:\/\/fmp-components.com\/wp-content\/uploads\/2024\/12\/rotary-mower-gearbox-tf26a-1-150x150.webp 150w, https:\/\/fmp-components.com\/wp-content\/uploads\/2024\/12\/rotary-mower-gearbox-tf26a-1-12x12.webp 12w, https:\/\/fmp-components.com\/wp-content\/uploads\/2024\/12\/rotary-mower-gearbox-tf26a-1-100x100.webp 100w\" sizes=\"(max-width: 300px) 100vw, 300px\" \/><\/p>\n<h2>A TF-26A forg\u00f3f\u0171ny\u00edr\u00f3 sebess\u00e9gv\u00e1lt\u00f3j\u00e1nak m\u0171szaki adatai<\/h2>\n<p><img loading=\"lazy\" decoding=\"async\" class=\"alignnone size-full wp-image-1939\" src=\"https:\/\/fmp-components.com\/wp-content\/uploads\/2024\/12\/rotary-mower-gearbox-specifications-tf26a.webp\" alt=\"Rot\u00e1ci\u00f3s f\u0171ny\u00edr\u00f3 sebess\u00e9gv\u00e1lt\u00f3 specifik\u00e1ci\u00f3i-TF26A\" width=\"867\" height=\"449\" title=\"\" srcset=\"https:\/\/fmp-components.com\/wp-content\/uploads\/2024\/12\/rotary-mower-gearbox-specifications-tf26a.webp 867w, https:\/\/fmp-components.com\/wp-content\/uploads\/2024\/12\/rotary-mower-gearbox-specifications-tf26a-480x249.webp 480w\" sizes=\"(min-width: 0px) and (max-width: 480px) 480px, (min-width: 481px) 867px, 100vw\" \/><\/p>\n<table style=\"width: 100%;\" border=\"1\" width=\"100%\" cellspacing=\"0\" cellpadding=\"0\">\n<tbody>\n<tr>\n<td rowspan=\"2\"><strong>\u00e9n<\/strong><\/td>\n<td rowspan=\"2\"><strong>\u00c9<sub>1<\/sub>[fordulat]<\/strong><\/td>\n<td rowspan=\"2\"><strong>P<sub>1<\/sub>[kW]<\/strong><\/td>\n<td rowspan=\"2\"><strong>M<sub>2<\/sub>[Nm]<\/strong><\/td>\n<td colspan=\"3\"><strong>Tengely t\u00edpusa<\/strong><\/td>\n<td rowspan=\"2\"><strong>Bemenet<\/strong><\/td>\n<\/tr>\n<tr>\n<td><strong>X<\/strong><\/td>\n<td><strong>Y<\/strong><\/td>\n<td><strong>Z<\/strong><\/td>\n<\/tr>\n<tr>\n<td>1.84<\/td>\n<td>540<\/td>\n<td>66.0<\/td>\n<td>615<\/td>\n<td>1\u201d 3\/8 Z6<\/td>\n<td>1\u201d 3\/8 Z6<\/td>\n<td>Hub kapcsolat<\/td>\n<td>Y<\/td>\n<\/tr>\n<tr>\n<td>1.47<\/td>\n<td>540<\/td>\n<td>66.0<\/td>\n<td>770<\/td>\n<td>1\u201d 3\/8 Z6<\/td>\n<td>1\u201d 3\/8 Z6<\/td>\n<td>Hub kapcsolat<\/td>\n<td>Y<\/td>\n<\/tr>\n<\/tbody>\n<\/table>\n<h3>A forg\u00f3f\u0171ny\u00edr\u00f3 sebess\u00e9gv\u00e1lt\u00f3j\u00e1nak jellemz\u0151i<\/h3>\n<p>A sebess\u00e9gv\u00e1lt\u00f3 a k\u00f6rforg\u00f3s f\u0171ny\u00edr\u00f3 l\u00e9tfontoss\u00e1g\u00fa eleme, amely biztos\u00edtja a f\u0171ny\u00edr\u00f3 hat\u00e9kony \u00e9s eredm\u00e9nyes m\u0171k\u00f6d\u00e9s\u00e9t. A k\u00f6rforg\u00f3s f\u0171ny\u00edr\u00f3kat sz\u00e9les k\u00f6rben haszn\u00e1lj\u00e1k a t\u00e1j\u00e9p\u00edt\u00e9szek, kert\u00e9szek \u00e9s mez\u0151gazdas\u00e1gi k\u00f6rnyezetben, mivel k\u00f6nnyed\u00e9n v\u00e1gj\u00e1k a f\u00fcvet, a gyomokat \u00e9s a boz\u00f3tot. A kiv\u00e1l\u00f3 min\u0151s\u00e9g\u0171 k\u00f6rforg\u00f3s f\u0171ny\u00edr\u00f3 sebess\u00e9gv\u00e1lt\u00f3ja n\u00f6veli a f\u0171ny\u00edr\u00f3 \u00e1ltal\u00e1nos teljes\u00edtm\u00e9ny\u00e9t, tart\u00f3ss\u00e1g\u00e1t \u00e9s hossz\u00fa \u00e9lettartam\u00e1t, \u00edgy elengedhetetlen a z\u00f6kken\u0151mentes m\u0171k\u00f6d\u00e9shez k\u00fcl\u00f6nb\u00f6z\u0151 k\u00f6r\u00fclm\u00e9nyek k\u00f6z\u00f6tt.<\/p>\n<p>A forg\u00f3f\u0171ny\u00edr\u00f3 sebess\u00e9gv\u00e1lt\u00f3j\u00e1nak egyik legfontosabb jellemz\u0151je a <strong>tart\u00f3s h\u00e1z<\/strong>, jellemz\u0151en er\u0151s anyagokb\u00f3l, p\u00e9ld\u00e1ul \u00f6nt\u00f6ttvasb\u00f3l vagy alum\u00ednium\u00f6tv\u00f6zetekb\u0151l k\u00e9sz\u00fclnek. A h\u00e1z a bels\u0151 alkatr\u00e9szeket v\u00e9di a zord k\u00f6rnyezeti t\u00e9nyez\u0151kt\u0151l, p\u00e9ld\u00e1ul a szennyez\u0151d\u00e9sekt\u0151l, a nedvess\u00e9gt\u0151l \u00e9s a t\u00f6rmel\u00e9kekt\u0151l. Ez a robusztus konstrukci\u00f3 biztos\u00edtja, hogy a sebess\u00e9gv\u00e1lt\u00f3 s\u00e9rtetlen maradjon, \u00e9s megb\u00edzhat\u00f3an m\u0171k\u00f6dj\u00f6n ig\u00e9nyes k\u00f6r\u00fclm\u00e9nyek k\u00f6z\u00f6tt, bele\u00e9rtve a neh\u00e9z f\u0171ny\u00edr\u00e1si feladatokat mez\u0151k\u00f6n vagy egyenetlen terepen.<\/p>\n<p>Egy m\u00e1sik fontos jellemz\u0151je a <strong>csap\u00e1gyak<\/strong> amelyek a forg\u00f3 tengelyt \u00e9s a fogaskerekeket t\u00e1masztj\u00e1k meg a sebess\u00e9gv\u00e1lt\u00f3 belsej\u00e9ben. A csap\u00e1gyak cs\u00f6kkentik a s\u00farl\u00f3d\u00e1st, lehet\u0151v\u00e9 t\u00e9ve a bels\u0151 alkatr\u00e9szek sima \u00e9s hat\u00e9kony forg\u00e1s\u00e1t. Emellett seg\u00edtenek minimaliz\u00e1lni a kop\u00e1st, biztos\u00edtva, hogy a sebess\u00e9gv\u00e1lt\u00f3 hosszabb ideig m\u0171k\u00f6dhessen gyakori jav\u00edt\u00e1sok n\u00e9lk\u00fcl. A csap\u00e1gyak megfelel\u0151 ken\u00e9se elengedhetetlen a t\u00falmeleged\u00e9s megakad\u00e1lyoz\u00e1s\u00e1hoz \u00e9s az optim\u00e1lis teljes\u00edtm\u00e9ny fenntart\u00e1s\u00e1hoz, ez\u00e9rt sok sebess\u00e9gv\u00e1lt\u00f3 be\u00e9p\u00edtett ken\u0151rendszerrel rendelkezik, amely biztos\u00edtja az \u00f6sszes mozg\u00f3 alkatr\u00e9sz megfelel\u0151 olajoz\u00e1s\u00e1t.<\/p>\n<p>A <strong>t\u00f6m\u00edt\u00e9sek<\/strong> A sebess\u00e9gv\u00e1lt\u00f3ban l\u00e9v\u0151 t\u00f6m\u00edt\u00e9sek kulcsszerepet j\u00e1tszanak a szennyez\u0151d\u00e9sek, p\u00e9ld\u00e1ul a kosz, a f\u0171nyesed\u00e9k \u00e9s a v\u00edz bejut\u00e1s\u00e1nak megakad\u00e1lyoz\u00e1s\u00e1ban. Ezek a t\u00f6m\u00edt\u00e9sek seg\u00edtenek fenntartani a sebess\u00e9gv\u00e1lt\u00f3 belsej\u00e9ben l\u00e9v\u0151 ken\u00e9s \u00e9ps\u00e9g\u00e9t, \u00e9s megv\u00e9dik a bels\u0151 fogaskerekeket a s\u00e9r\u00fcl\u00e9sekt\u0151l. Megfelel\u0151 t\u00f6m\u00edt\u00e9s n\u00e9lk\u00fcl a t\u00f6rmel\u00e9k bejuthat a sebess\u00e9gv\u00e1lt\u00f3ba, \u00e9s jelent\u0151s k\u00e1rokat okozhat az alkatr\u00e9szekben, ami k\u00f6lts\u00e9ges jav\u00edt\u00e1sokhoz \u00e9s \u00e1ll\u00e1sid\u0151h\u00f6z vezethet. Ez\u00e9rt a t\u00f6m\u00edt\u00e9sek biztos\u00edtj\u00e1k, hogy a sebess\u00e9gv\u00e1lt\u00f3 hat\u00e9kony maradjon, \u00e9s meghosszabb\u00edtja a f\u0171ny\u00edr\u00f3 \u00e9lettartam\u00e1t.<\/p>\n<p>N\u00e9h\u00e1ny fejlett forg\u00f3f\u0171ny\u00edr\u00f3 sebess\u00e9gv\u00e1lt\u00f3 tov\u00e1bbi funkci\u00f3kkal rendelkezik <strong>olyan funkci\u00f3k, mint az \u00e1ll\u00edthat\u00f3 fogaskerekek<\/strong> amelyek lehet\u0151v\u00e9 teszik a kezel\u0151k sz\u00e1m\u00e1ra a v\u00e1g\u00e1si magass\u00e1g m\u00f3dos\u00edt\u00e1s\u00e1t. Ez a funkci\u00f3 k\u00fcl\u00f6n\u00f6sen hasznos v\u00e1ltoz\u00f3 ny\u00edr\u00e1si k\u00f6r\u00fclm\u00e9nyek k\u00f6z\u00f6tt, p\u00e9ld\u00e1ul amikor a f\u0171ny\u00edr\u00e1sr\u00f3l a s\u0171r\u0171bb n\u00f6v\u00e9nyzet ny\u00edr\u00e1s\u00e1ra v\u00e1ltunk. A magass\u00e1g\u00e1ll\u00edt\u00e1s lehet\u0151s\u00e9ge tiszt\u00e1bb \u00e9s hat\u00e9konyabb v\u00e1g\u00e1st biztos\u00edt, \u00edgy a kezel\u0151 jobban tudja ir\u00e1ny\u00edtani a ny\u00edr\u00e1si folyamatot. Tov\u00e1bb\u00e1, bizonyos sebess\u00e9gv\u00e1lt\u00f3k tartalmaznak egy <strong>kuplung mechanizmus<\/strong> amely kikapcsolja a k\u00e9seket, amikor a f\u0171ny\u00edr\u00f3 nincs haszn\u00e1latban. Ez seg\u00edt megel\u0151zni a k\u00e9sek sz\u00fcks\u00e9gtelen kop\u00e1s\u00e1t, \u00e9s cs\u00f6kkenti a s\u00e9r\u00fcl\u00e9s kock\u00e1zat\u00e1t, amikor a f\u0171ny\u00edr\u00f3 alapj\u00e1raton van.<\/p>\n<p>A TF-26A forg\u00f3f\u0171ny\u00edr\u00f3 sebess\u00e9gv\u00e1lt\u00f3 mellett sz\u00e1mos m\u00e1s, speci\u00e1lis alkalmaz\u00e1sokhoz tervezett mez\u0151gazdas\u00e1gi sebess\u00e9gv\u00e1lt\u00f3t is k\u00edn\u00e1lunk. Ak\u00e1r neh\u00e9z ipari felhaszn\u00e1l\u00e1sr\u00f3l, ak\u00e1r k\u00f6nnyebb feladatokr\u00f3l van sz\u00f3, sebess\u00e9gv\u00e1lt\u00f3-k\u00edn\u00e1latunk biztos\u00edtja, hogy minden felhaszn\u00e1l\u00f3 megtal\u00e1lja a f\u0171ny\u00edr\u00f3j\u00e1nak \u00e9s m\u0171k\u00f6d\u00e9si ig\u00e9nyeinek megfelel\u0151 sebess\u00e9gv\u00e1lt\u00f3t.<\/p>\n<p>\u00d6sszefoglalva, egy kiv\u00e1l\u00f3 min\u0151s\u00e9g\u0171 forg\u00f3f\u0171ny\u00edr\u00f3 sebess\u00e9gv\u00e1lt\u00f3 elengedhetetlen a hat\u00e9kony m\u0171k\u00f6d\u00e9s biztos\u00edt\u00e1s\u00e1hoz, a kop\u00e1s minimaliz\u00e1l\u00e1s\u00e1hoz \u00e9s a f\u0171ny\u00edr\u00f3 \u00e9lettartam\u00e1nak meghosszabb\u00edt\u00e1s\u00e1hoz. Az olyan jellemz\u0151knek k\u00f6sz\u00f6nhet\u0151en, mint a tart\u00f3s h\u00e1z, a hat\u00e9kony csap\u00e1gyak, a v\u00e9d\u0151t\u00f6m\u00edt\u00e9sek, az \u00e1ll\u00edthat\u00f3 fogaskerekek \u00e9s a tengelykapcsol\u00f3 mechanizmusok, ezek a sebess\u00e9gv\u00e1lt\u00f3k hozz\u00e1j\u00e1rulnak a forg\u00f3f\u0171ny\u00edr\u00f3k z\u00f6kken\u0151mentes \u00e9s megb\u00edzhat\u00f3 teljes\u00edtm\u00e9ny\u00e9hez a legk\u00fcl\u00f6nf\u00e9l\u00e9bb k\u00f6rnyezetekben.<\/p>\n<p><img loading=\"lazy\" decoding=\"async\" class=\"alignnone size-full wp-image-1940\" src=\"https:\/\/fmp-components.com\/wp-content\/uploads\/2024\/12\/Rotary-Mower-Gearbox23.webp\" alt=\"Rot\u00e1ci\u00f3s f\u0171ny\u00edr\u00f3 sebess\u00e9gv\u00e1lt\u00f3\" width=\"1000\" height=\"1000\" title=\"\" srcset=\"https:\/\/fmp-components.com\/wp-content\/uploads\/2024\/12\/Rotary-Mower-Gearbox23.webp 1000w, https:\/\/fmp-components.com\/wp-content\/uploads\/2024\/12\/Rotary-Mower-Gearbox23-980x980.webp 980w, https:\/\/fmp-components.com\/wp-content\/uploads\/2024\/12\/Rotary-Mower-Gearbox23-480x480.webp 480w\" sizes=\"(min-width: 0px) and (max-width: 480px) 480px, (min-width: 481px) and (max-width: 980px) 980px, (min-width: 981px) 1000px, 100vw\" \/><\/p>\n<h3>Kard\u00e1ntengelyek elad\u00f3k<\/h3>\n<p>Az FMP-n\u00e9l kiv\u00e1l\u00f3 min\u0151s\u00e9g\u0171, kifejezetten mez\u0151gazdas\u00e1gi sebess\u00e9gv\u00e1lt\u00f3khoz, bele\u00e9rtve a forg\u00f3f\u0171ny\u00edr\u00f3k sebess\u00e9gv\u00e1lt\u00f3it is, tervezett teljes\u00edtm\u00e9nylead\u00f3 tengelyek (PTO) \u00e1tfog\u00f3 v\u00e1laszt\u00e9k\u00e1t k\u00edn\u00e1ljuk. A PTO-tengely l\u00e9tfontoss\u00e1g\u00fa szerepet j\u00e1tszik a mechanikai teljes\u00edtm\u00e9ny tov\u00e1bb\u00edt\u00e1s\u00e1ban a traktor motorj\u00e1t\u00f3l a mez\u0151gazdas\u00e1gi g\u00e9pekig. 540 \u00e9s 1000 ford\/perc k\u00f6z\u00f6tti fordulatsz\u00e1mon m\u0171k\u00f6dik, az alkalmaz\u00e1s konkr\u00e9t k\u00f6vetelm\u00e9nyeit\u0151l f\u00fcgg\u0151en.<\/p>\n<p>Kard\u00e1ntengelyeinket a tart\u00f3ss\u00e1g \u00e9s a hat\u00e9konys\u00e1g szem el\u0151tt tart\u00e1s\u00e1val tervezt\u00fck, robusztus konstrukci\u00f3val \u00e9s mindk\u00e9t v\u00e9g\u00e9n vill\u00e1val, hogy z\u00f6kken\u0151mentesen csatlakozhassanak a sebess\u00e9gv\u00e1lt\u00f3hoz. Ezek a tengelyek k\u00fcl\u00f6nb\u00f6z\u0151 nyomat\u00e9k\u00e9rt\u00e9kekkel kaphat\u00f3k, \u00edgy a g\u00e9p teljes\u00edtm\u00e9nyig\u00e9nye alapj\u00e1n kiv\u00e1laszthatja a megfelel\u0151 opci\u00f3t. Ak\u00e1r k\u00f6nny\u0171, ak\u00e1r neh\u00e9zg\u00e9pekkel dolgozik, az optim\u00e1lis teljes\u00edtm\u00e9ny biztos\u00edt\u00e1s\u00e1ra szabott kard\u00e1ntengelyeket k\u00edn\u00e1lunk.<\/p>\n<p>A standard kard\u00e1ntengelyek sz\u00e9les v\u00e1laszt\u00e9ka mellett az FMP egyedi megold\u00e1sokat is k\u00edn\u00e1l, hogy megfeleljen a g\u00e9pei speci\u00e1lis ig\u00e9nyeinek. Ak\u00e1r hossz-, nyomat\u00e9k- vagy egy\u00e9b specifik\u00e1ci\u00f3k m\u00f3dos\u00edt\u00e1s\u00e1ra van sz\u00fcks\u00e9ge, a kard\u00e1ntengelyeket pontosan az \u00d6n ig\u00e9nyei szerint tervezz\u00fck \u00e9s gy\u00e1rtjuk.<\/p>\n<p>Ha nagy teljes\u00edtm\u00e9ny\u0171 kard\u00e1ntengelyeket keres, amelyek biztos\u00edtj\u00e1k a sima er\u0151\u00e1tvitelt \u00e9s a hossz\u00fa \u00e9lettartamot, ne habozzon kapcsolatba l\u00e9pni vel\u00fcnk. Tov\u00e1bbi inform\u00e1ci\u00f3k\u00e9rt vagy egyedi kard\u00e1ntengely-ig\u00e9nyeinek megbesz\u00e9l\u00e9s\u00e9hez vegye fel vel\u00fcnk a kapcsolatot m\u00e9g ma!<\/p>\n<p><img loading=\"lazy\" decoding=\"async\" class=\"alignnone wp-image-1941\" src=\"https:\/\/fmp-components.com\/wp-content\/uploads\/2024\/12\/rotary-mower-gearbox-and-pto-drive-shaft.webp\" alt=\"Rot\u00e1ci\u00f3s f\u0171ny\u00edr\u00f3 sebess\u00e9gv\u00e1lt\u00f3\" width=\"873\" height=\"641\" title=\"\" srcset=\"https:\/\/fmp-components.com\/wp-content\/uploads\/2024\/12\/rotary-mower-gearbox-and-pto-drive-shaft.webp 873w, https:\/\/fmp-components.com\/wp-content\/uploads\/2024\/12\/rotary-mower-gearbox-and-pto-drive-shaft-480x353.webp 480w\" sizes=\"(min-width: 0px) and (max-width: 480px) 480px, (min-width: 481px) 873px, 100vw\" \/><\/p>\n<h3>Az FMP-r\u0151l<\/h3>\n<p>Az olaszorsz\u00e1gi sz\u00e9khely\u0171 FMP a sebess\u00e9gv\u00e1lt\u00f3k, reduktorok \u00e9s g\u00e9p\u00e9szeti g\u00e9pek kutat\u00e1s\u00e1nak, fejleszt\u00e9s\u00e9nek \u00e9s gy\u00e1rt\u00e1s\u00e1nak elismert vezet\u0151je. Az innov\u00e1ci\u00f3ra, a min\u0151s\u00e9gre \u00e9s a tehets\u00e9ggondoz\u00e1sra val\u00f3 \u00f6sszpontos\u00edt\u00e1s\u00e1r\u00f3l ismert FMP a g\u00e9p\u00e9szm\u00e9rn\u00f6ki szektor kiemelked\u0151 szerepl\u0151j\u00e9v\u00e9 v\u00e1lt. A v\u00e1llalat hazai \u00e9s nemzetk\u00f6zi elismer\u00e9st is szerzett a folyamatos fejleszt\u00e9s \u00e9s a kiv\u00e1l\u00f3s\u00e1g ir\u00e1nti elk\u00f6telezetts\u00e9g\u00e9\u00e9rt, \u00edgy sz\u00e1mos ipar\u00e1gban megb\u00edzhat\u00f3 partnerr\u00e9 v\u00e1lt.<\/p>\n<p>Az FMP nagy teljes\u00edtm\u00e9ny\u0171 term\u00e9kek sz\u00e9les v\u00e1laszt\u00e9k\u00e1t k\u00edn\u00e1lja, bele\u00e9rtve a spir\u00e1lis k\u00fapkerekes hajt\u00f3m\u0171veket, a homlokkerekes hajt\u00f3m\u0171veket, a csigakerekes hajt\u00f3m\u0171veket, a hengeres hajt\u00f3m\u0171veket, valamint a nagynyom\u00e1s\u00fa \u00f6nt\u00f6tt szeleptesteket \u00e9s -h\u00e1zakat. Ezeket a term\u00e9keket prec\u00edzen tervezt\u00e9k, hogy megfeleljenek a k\u00fcl\u00f6nf\u00e9le alkalmaz\u00e1sok egyedi ig\u00e9nyeinek. Legyen sz\u00f3 neh\u00e9z ipari g\u00e9pekr\u0151l vagy speci\u00e1lis mez\u0151gazdas\u00e1gi berendez\u00e9sekr\u0151l, az FMP hajt\u00f3m\u0171vei megb\u00edzhat\u00f3 teljes\u00edtm\u00e9nyt \u00e9s tart\u00f3ss\u00e1got biztos\u00edtanak.<\/p>\n<p>A v\u00e1llalat sebess\u00e9gv\u00e1lt\u00f3it \u00e9s alkatr\u00e9szeit sz\u00e9les k\u00f6rben haszn\u00e1lj\u00e1k a k\u00fcl\u00f6nb\u00f6z\u0151 ipar\u00e1gakban, az alkalmaz\u00e1sok a mez\u0151gazdas\u00e1gban, az olajkitermel\u00e9sben, a haj\u00f3z\u00e1si rendszerekben \u00e9s a v\u00edz\u00e9p\u00edt\u00e9sben is megtal\u00e1lhat\u00f3k. A mez\u0151gazdas\u00e1gban az FMP term\u00e9kei olyan alapvet\u0151 g\u00e9peket hajtanak, mint a forg\u00f3f\u0171ny\u00edr\u00f3k, h\u00f3sepr\u0151k, m\u0171tr\u00e1gyasz\u00f3r\u00f3k \u00e9s gabonasz\u00e1ll\u00edt\u00f3k. Ez a sokoldal\u00fas\u00e1g bizony\u00edtja az FMP azon k\u00e9pess\u00e9g\u00e9t, hogy a k\u00fcl\u00f6nf\u00e9le ipar\u00e1gakat kiv\u00e1l\u00f3 min\u0151s\u00e9g\u0171 megold\u00e1sokkal szolg\u00e1lja ki, amelyek n\u00f6velik a hat\u00e9konys\u00e1got \u00e9s a termel\u00e9kenys\u00e9get.<\/p>\n<p>Az FMP elk\u00f6telezetts\u00e9ge a fejlett gy\u00e1rt\u00e1si kiv\u00e1l\u00f3s\u00e1g ir\u00e1nt szigor\u00fa gy\u00e1rt\u00e1si folyamataiban t\u00fckr\u00f6z\u0151dik. A kezdeti tervez\u00e9si szakaszt\u00f3l a v\u00e9gs\u0151 \u00f6sszeszerel\u00e9sig minden term\u00e9k a legmagasabb min\u0151s\u00e9gi szabv\u00e1nyoknak megfelel\u0151en k\u00e9sz\u00fcl. A v\u00e1llalat csak kiv\u00e1l\u00f3 min\u0151s\u00e9g\u0171 anyagokat, p\u00e9ld\u00e1ul \u00f6nt\u00f6ttvasat \u00e9s alum\u00ednium\u00f6tv\u00f6zeteket haszn\u00e1l, biztos\u00edtva a tart\u00f3ss\u00e1got \u00e9s az optim\u00e1lis teljes\u00edtm\u00e9nyt. Prec\u00edzi\u00f3s megmunk\u00e1l\u00e1si technik\u00e1kat, bele\u00e9rtve az eszterg\u00e1l\u00e1st \u00e9s a mar\u00e1st, alkalmaznak minden alkatr\u00e9sz pontos el\u0151\u00e1ll\u00edt\u00e1s\u00e1hoz. Az FMP min\u0151s\u00e9gellen\u0151rz\u00e9si folyamatai biztos\u00edtj\u00e1k, hogy minden term\u00e9k megb\u00edzhat\u00f3an m\u0171k\u00f6dj\u00f6n, k\u00fcl\u00f6n\u00f6s figyelmet ford\u00edtva az illeszt\u00e9sre, a ken\u00e9sre \u00e9s a hossz\u00fa t\u00e1v\u00fa kop\u00e1s\u00e1ll\u00f3s\u00e1gra.<\/p>\n<p>Az FMP, mint az \u00fcgyfelek el\u00e9gedetts\u00e9g\u00e9t \u00e9s innov\u00e1ci\u00f3j\u00e1t nagyra \u00e9rt\u00e9kel\u0151 v\u00e1llalat, tov\u00e1bbra is \u00e9p\u00edteni tud\u00f3 er\u0151s h\u00edrnev\u00e9re a nagy teljes\u00edtm\u00e9ny\u0171 term\u00e9kek sz\u00e1ll\u00edt\u00e1sa ter\u00e9n. A v\u00e1llalat nyitott a glob\u00e1lis partners\u00e9gekre \u00e9s egy\u00fcttm\u0171k\u00f6d\u00e9sekre, \u00e9s testreszabott megold\u00e1sokat k\u00edn\u00e1l az \u00fcgyfelek egyedi ig\u00e9nyeinek kiel\u00e9g\u00edt\u00e9s\u00e9re. Tov\u00e1bbi inform\u00e1ci\u00f3k\u00e9rt vagy a lehets\u00e9ges egy\u00fcttm\u0171k\u00f6d\u00e9sek megbesz\u00e9l\u00e9s\u00e9hez az \u00fcgyfelek telefonon vagy e-mailben k\u00f6nnyen kapcsolatba l\u00e9phetnek az FMP-vel, meger\u0151s\u00edtve a v\u00e1llalat elk\u00f6telezetts\u00e9g\u00e9t a kiv\u00e9teles szolg\u00e1ltat\u00e1s \u00e9s a kiv\u00e1l\u00f3 min\u0151s\u00e9g\u0171 megold\u00e1sok ir\u00e1nt.<\/p>\n<p><img loading=\"lazy\" decoding=\"async\" class=\"alignnone size-full wp-image-1861\" src=\"https:\/\/fmp-components.com\/wp-content\/uploads\/2024\/12\/Other-Agricultural-Gearboxes.webp\" alt=\"Egy\u00e9b-Mez\u0151gazdas\u00e1gi-Sebess\u00e9gv\u00e1lt\u00f3k\" width=\"1200\" height=\"1400\" title=\"\" srcset=\"https:\/\/fmp-components.com\/wp-content\/uploads\/2024\/12\/Other-Agricultural-Gearboxes.webp 1200w, https:\/\/fmp-components.com\/wp-content\/uploads\/2024\/12\/Other-Agricultural-Gearboxes-980x1143.webp 980w, https:\/\/fmp-components.com\/wp-content\/uploads\/2024\/12\/Other-Agricultural-Gearboxes-480x560.webp 480w\" sizes=\"(min-width: 0px) and (max-width: 480px) 480px, (min-width: 481px) and (max-width: 980px) 980px, (min-width: 981px) 1200px, 100vw\" \/><\/p>\n<p>Szerz\u0151: CX<\/p>","protected":false},"excerpt":{"rendered":"<p>Rotary Mower Gearbox TF-26A\u00a0Specifications i N1[rpm] P1[kW] M2[Nm] Shaft Type Input X Y Z 1.84 540 66.0 615 1&#8221; 3\/8 Z6 1&#8221; 3\/8 Z6 Hub connection Y 1.47 540 66.0 770 1&#8221; 3\/8 Z6 1&#8221; 3\/8 Z6 Hub connection Y Features of Rotary Mower Gearbox The gearbox is a vital component of a rotary mower, [&hellip;]<\/p>","protected":false},"featured_media":1942,"comment_status":"open","ping_status":"closed","template":"","meta":{"_et_pb_use_builder":"","_et_pb_old_content":"","_et_gb_content_width":""},"product_brand":[],"product_cat":[51],"product_tag":[],"class_list":{"0":"post-1938","1":"product","2":"type-product","3":"status-publish","4":"has-post-thumbnail","6":"product_cat-rotary-mower-gearbox","8":"first","9":"instock","10":"shipping-taxable","11":"product-type-simple"},"_links":{"self":[{"href":"https:\/\/fmp-components.com\/hu\/wp-json\/wp\/v2\/product\/1938","targetHints":{"allow":["GET"]}}],"collection":[{"href":"https:\/\/fmp-components.com\/hu\/wp-json\/wp\/v2\/product"}],"about":[{"href":"https:\/\/fmp-components.com\/hu\/wp-json\/wp\/v2\/types\/product"}],"replies":[{"embeddable":true,"href":"https:\/\/fmp-components.com\/hu\/wp-json\/wp\/v2\/comments?post=1938"}],"wp:featuredmedia":[{"embeddable":true,"href":"https:\/\/fmp-components.com\/hu\/wp-json\/wp\/v2\/media\/1942"}],"wp:attachment":[{"href":"https:\/\/fmp-components.com\/hu\/wp-json\/wp\/v2\/media?parent=1938"}],"wp:term":[{"taxonomy":"product_brand","embeddable":true,"href":"https:\/\/fmp-components.com\/hu\/wp-json\/wp\/v2\/product_brand?post=1938"},{"taxonomy":"product_cat","embeddable":true,"href":"https:\/\/fmp-components.com\/hu\/wp-json\/wp\/v2\/product_cat?post=1938"},{"taxonomy":"product_tag","embeddable":true,"href":"https:\/\/fmp-components.com\/hu\/wp-json\/wp\/v2\/product_tag?post=1938"}],"curies":[{"name":"munkaf\u00fczet","href":"https:\/\/api.w.org\/{rel}","templated":true}]}}