{"id":1930,"date":"2024-12-26T01:36:50","date_gmt":"2024-12-26T01:36:50","guid":{"rendered":"https:\/\/fmp-components.com\/?page_id=8"},"modified":"2024-12-26T01:43:53","modified_gmt":"2024-12-26T01:43:53","slug":"rotary-mower-gearbox-replacement-of-comer-code-lf-125j","status":"publish","type":"product","link":"https:\/\/fmp-components.com\/hu\/product\/rotary-mower-gearbox-replacement-of-comer-code-lf-125j\/","title":{"rendered":"Rot\u00e1ci\u00f3s f\u0171ny\u00edr\u00f3 sebess\u00e9gv\u00e1lt\u00f3 \u2013 Comer LF-125J k\u00f3d\u00fa v\u00e1lt\u00f3 cser\u00e9je"},"content":{"rendered":"<p><img loading=\"lazy\" decoding=\"async\" class=\"size-full wp-image-1934 aligncenter\" src=\"https:\/\/fmp-components.com\/wp-content\/uploads\/2024\/12\/rotary-mower-gearbox-lf125j.webp\" alt=\"rot\u00e1ci\u00f3s-f\u0171ny\u00edr\u00f3-sebess\u00e9gv\u00e1lt\u00f3-lf125j\" width=\"300\" height=\"300\" title=\"\" srcset=\"https:\/\/fmp-components.com\/wp-content\/uploads\/2024\/12\/rotary-mower-gearbox-lf125j.webp 300w, https:\/\/fmp-components.com\/wp-content\/uploads\/2024\/12\/rotary-mower-gearbox-lf125j-150x150.webp 150w, https:\/\/fmp-components.com\/wp-content\/uploads\/2024\/12\/rotary-mower-gearbox-lf125j-12x12.webp 12w, https:\/\/fmp-components.com\/wp-content\/uploads\/2024\/12\/rotary-mower-gearbox-lf125j-100x100.webp 100w\" sizes=\"(max-width: 300px) 100vw, 300px\" \/><\/p>\n<h2>LF-125J forg\u00f3f\u0171ny\u00edr\u00f3 sebess\u00e9gv\u00e1lt\u00f3 specifik\u00e1ci\u00f3i<\/h2>\n<p><img loading=\"lazy\" decoding=\"async\" class=\"alignnone size-full wp-image-1933\" src=\"https:\/\/fmp-components.com\/wp-content\/uploads\/2024\/12\/rotary-mower-gearbox-specifications-lf125j.webp\" alt=\"Rot\u00e1ci\u00f3s f\u0171ny\u00edr\u00f3 sebess\u00e9gv\u00e1lt\u00f3 specifik\u00e1ci\u00f3i-lf125j\" width=\"963\" height=\"505\" title=\"\" srcset=\"https:\/\/fmp-components.com\/wp-content\/uploads\/2024\/12\/rotary-mower-gearbox-specifications-lf125j.webp 963w, https:\/\/fmp-components.com\/wp-content\/uploads\/2024\/12\/rotary-mower-gearbox-specifications-lf125j-480x252.webp 480w\" sizes=\"(min-width: 0px) and (max-width: 480px) 480px, (min-width: 481px) 963px, 100vw\" \/><\/p>\n<table style=\"width: 100%;\" border=\"1\" width=\"100%\" cellspacing=\"0\" cellpadding=\"0\">\n<tbody>\n<tr>\n<td rowspan=\"2\"><strong>\u00e9n<\/strong><\/td>\n<td rowspan=\"2\"><strong>\u00c9<sub>1<\/sub>[fordulat]<\/strong><\/td>\n<td rowspan=\"2\"><strong>P<sub>1<\/sub>[kW]<\/strong><\/td>\n<td rowspan=\"2\"><strong>M<sub>2<\/sub>[Nm]<\/strong><\/td>\n<td colspan=\"2\"><strong>Tengely t\u00edpusa<\/strong><\/td>\n<td rowspan=\"2\"><strong>Bemenet<\/strong><\/td>\n<\/tr>\n<tr>\n<td><strong>X<\/strong><\/td>\n<td><strong>Z<\/strong><\/td>\n<\/tr>\n<tr>\n<td>1.77<\/td>\n<td>540<\/td>\n<td>93.0<\/td>\n<td>901<\/td>\n<td>1\u201d 3\/4\" Z20<\/td>\n<td>Hub kapcsolat<\/td>\n<td>X<\/td>\n<\/tr>\n<tr>\n<td>1.00<\/td>\n<td>1000<\/td>\n<td>93.0<\/td>\n<td>861<\/td>\n<td>1\u201d 3\/4\" Z20<\/td>\n<td>Hub kapcsolat<\/td>\n<td>X<\/td>\n<\/tr>\n<\/tbody>\n<\/table>\n<article class=\"w-full scroll-mb-[var(--thread-trailing-height,150px)] text-token-text-primary focus-visible:outline-2 focus-visible:outline-offset-[-4px]\" dir=\"auto\" data-testid=\"conversation-turn-72\" data-scroll-anchor=\"false\">\n<div class=\"m-auto text-base py-[18px] px-3 md:px-4 w-full md:px-5 lg:px-4 xl:px-5\">\n<div class=\"mx-auto flex flex-1 gap-4 text-base md:gap-5 lg:gap-6 md:max-w-3xl lg:max-w-[40rem] xl:max-w-[48rem]\">\n<div class=\"group\/conversation-turn relative flex w-full min-w-0 flex-col\">\n<div class=\"flex-col gap-1 md:gap-3\">\n<div class=\"flex max-w-full flex-col flex-grow\">\n<div class=\"min-h-8 text-message flex w-full flex-col items-end gap-2 whitespace-normal break-words text-start [.text-message+&amp;]:mt-5\" dir=\"auto\" data-message-author-role=\"user\" data-message-id=\"aaa204bc-fa4c-4e19-9198-f71b801ccd6f\">\n<div class=\"flex w-full flex-col gap-1 empty:hidden items-end rtl:items-start\">\n<div class=\"relative max-w-[var(--user-chat-width,70%)] rounded-3xl bg-token-message-surface px-5 py-2.5\">\n<h3 class=\"whitespace-pre-wrap\">A forg\u00f3f\u0171ny\u00edr\u00f3 sebess\u00e9gv\u00e1lt\u00f3j\u00e1nak jellemz\u0151i<\/h3>\n<div class=\"absolute bottom-0 right-full top-0 -mr-3.5 hidden pr-5 pt-1 [.group\\\/conversation-turn:hover_&amp;]:block\">A forg\u00f3f\u0171ny\u00edr\u00f3k sebess\u00e9gv\u00e1lt\u00f3i l\u00e9tfontoss\u00e1g\u00fa alkatr\u00e9szek a gyep\u00e1pol\u00e1sban \u00e9s a mez\u0151gazdas\u00e1gi g\u00e9pekben, kulcsszerepet j\u00e1tszanak a traktorr\u00f3l a f\u0171ny\u00edr\u00f3k\u00e9sekre t\u00f6rt\u00e9n\u0151 er\u0151\u00e1tvitelben. Ezeket a sebess\u00e9gv\u00e1lt\u00f3kat \u00fagy tervezt\u00e9k, hogy megbirk\u00f3zzanak a neh\u00e9z ny\u00edr\u00e1si k\u00f6r\u00fclm\u00e9nyekkel, biztos\u00edtva a hat\u00e9konys\u00e1got \u00e9s a tart\u00f3ss\u00e1got. \u00cdme a forg\u00f3f\u0171ny\u00edr\u00f3k sebess\u00e9gv\u00e1lt\u00f3inak n\u00e9h\u00e1ny f\u0151bb jellemz\u0151je:<\/div>\n<\/div>\n<\/div>\n<\/div>\n<\/div>\n<\/div>\n<\/div>\n<\/div>\n<\/div>\n<\/article>\n<ol>\n<li><strong>Er\u0151\u00e1tvitel<\/strong><br \/>\nA forg\u00f3f\u0171ny\u00edr\u00f3 sebess\u00e9gv\u00e1lt\u00f3j\u00e1nak els\u0151dleges funkci\u00f3ja a traktor kard\u00e1ntengely\u00e9r\u0151l a f\u0171ny\u00edr\u00f3 k\u00e9seihez \u00e9rkez\u0151 teljes\u00edtm\u00e9ny \u00e1tvitele. A sebess\u00e9gv\u00e1lt\u00f3 a traktor motorj\u00e1nak teljes\u00edtm\u00e9ny\u00e9t a sz\u00fcks\u00e9ges nyomat\u00e9kk\u00e1 \u00e9s sebess\u00e9gg\u00e9 alak\u00edtja, amelyre a k\u00e9sek a f\u0171 \u00e9s a n\u00f6v\u00e9nyzet hat\u00e9kony v\u00e1g\u00e1s\u00e1hoz sz\u00fcks\u00e9g\u00fck van.<\/li>\n<li><strong>Tart\u00f3s konstrukci\u00f3<\/strong><br \/>\nA forg\u00f3f\u0171ny\u00edr\u00f3k sebess\u00e9gv\u00e1lt\u00f3i nagy szil\u00e1rds\u00e1g\u00fa anyagokb\u00f3l, p\u00e9ld\u00e1ul \u00f6nt\u00f6ttvasb\u00f3l vagy alum\u00ednium\u00f6tv\u00f6zetekb\u0151l k\u00e9sz\u00fclnek, hogy ellen\u00e1lljanak a nagy terhel\u00e9seknek \u00e9s a zord \u00fczemi k\u00f6r\u00fclm\u00e9nyeknek. A h\u00e1z jellemz\u0151en massz\u00edv \u00e9s meger\u0151s\u00edtett, hogy megv\u00e9dje a bels\u0151 alkatr\u00e9szeket a s\u00e9r\u00fcl\u00e9sekt\u0151l a neh\u00e9z k\u00f6rnyezetben t\u00f6rt\u00e9n\u0151 m\u0171k\u00f6d\u00e9s sor\u00e1n.<\/li>\n<li><strong>Edzett fogaskerekek<\/strong><br \/>\nA forg\u00f3f\u0171ny\u00edr\u00f3 sebess\u00e9gv\u00e1lt\u00f3j\u00e1ban l\u00e9v\u0151 fogaskerekeket gyakran h\u0151kezelik \u00e9s edzik, hogy fokozz\u00e1k szil\u00e1rds\u00e1gukat \u00e9s kop\u00e1s\u00e1ll\u00f3s\u00e1gukat. Ezek a fogaskerekek biztos\u00edtj\u00e1k a sima er\u0151\u00e1tvitelt, \u00e9s k\u00e9pesek kezelni a f\u0171ny\u00edr\u00f3 peng\u00e9inek vastag f\u0171ben, gyomokban \u00e9s m\u00e1s kem\u00e9ny n\u00f6v\u00e9nyzetben val\u00f3 meghajt\u00e1s\u00e1hoz sz\u00fcks\u00e9ges nagy nyomat\u00e9kot.<\/li>\n<li><strong>Ken\u00e9shez lez\u00e1rt<\/strong><br \/>\nA forg\u00f3f\u0171ny\u00edr\u00f3k sebess\u00e9gv\u00e1lt\u00f3i olajt\u00f6m\u00edt\u00e9sekkel vannak felszerelve, amelyek megakad\u00e1lyozz\u00e1k a ken\u0151anyag sziv\u00e1rg\u00e1s\u00e1t, mik\u00f6zben megakad\u00e1lyozz\u00e1k a szennyez\u0151d\u00e9s, a v\u00edz \u00e9s a t\u00f6rmel\u00e9k bejut\u00e1s\u00e1t a sebess\u00e9gv\u00e1lt\u00f3ba. A megfelel\u0151 ken\u00e9s elengedhetetlen a s\u00farl\u00f3d\u00e1s cs\u00f6kkent\u00e9s\u00e9hez, a t\u00falmeleged\u00e9s megakad\u00e1lyoz\u00e1s\u00e1hoz \u00e9s a sebess\u00e9gv\u00e1lt\u00f3 \u00e9lettartam\u00e1nak meghosszabb\u00edt\u00e1s\u00e1hoz.<\/li>\n<li><strong>Kompakt kialak\u00edt\u00e1s<\/strong><br \/>\nEzek a sebess\u00e9gv\u00e1lt\u00f3k jellemz\u0151en kompaktak \u00e9s k\u00f6nny\u0171ek, \u00edgy k\u00f6nnyen telep\u00edthet\u0151k \u00e9s karbantarthat\u00f3k. Helytakar\u00e9kos kialak\u00edt\u00e1suk optim\u00e1lis er\u0151\u00e1tvitelt tesz lehet\u0151v\u00e9, mik\u00f6zben a rendszer \u00f6sszs\u00falya kezelhet\u0151 marad.<\/li>\n<li><strong>\u00c1ll\u00edthat\u00f3 sebess\u00e9g \u00e9s nyomat\u00e9k<\/strong><br \/>\nSok forg\u00f3f\u0171ny\u00edr\u00f3 sebess\u00e9gv\u00e1lt\u00f3ja k\u00e9pes a f\u0171ny\u00edr\u00f3 k\u00e9sek sebess\u00e9g\u00e9nek \u00e9s nyomat\u00e9k\u00e1nak be\u00e1ll\u00edt\u00e1s\u00e1ra. Ez a rugalmass\u00e1g lehet\u0151v\u00e9 teszi a kezel\u0151k sz\u00e1m\u00e1ra, hogy a f\u0171ny\u00edr\u00f3 teljes\u00edtm\u00e9ny\u00e9t az adott v\u00e1g\u00e1si k\u00f6vetelm\u00e9nyeknek megfelel\u0151en finomhangolj\u00e1k, legyen sz\u00f3 ak\u00e1r f\u0171r\u0151l, boz\u00f3tr\u00f3l vagy kih\u00edv\u00e1st jelent\u0151 n\u00f6v\u00e9nyzetr\u0151l.<\/li>\n<\/ol>\n<p>Ezek a tulajdons\u00e1gok egy\u00fcttesen teszik a forg\u00f3f\u0171ny\u00edr\u00f3 sebess\u00e9gv\u00e1lt\u00f3j\u00e1t a berendez\u00e9s kulcsfontoss\u00e1g\u00fa r\u00e9sz\u00e9v\u00e9, amely megb\u00edzhat\u00f3, hat\u00e9kony \u00e9s biztons\u00e1gos f\u0171ny\u00edr\u00e1st biztos\u00edt, k\u00fcl\u00f6n\u00f6sen az ig\u00e9nyes mez\u0151gazdas\u00e1gi \u00e9s tereprendez\u00e9si alkalmaz\u00e1sokban.<\/p>\n<p><img loading=\"lazy\" decoding=\"async\" class=\"alignnone size-full wp-image-1936\" src=\"https:\/\/fmp-components.com\/wp-content\/uploads\/2024\/12\/rotary-mower-gearbox-lf125j-21.webp\" alt=\"rot\u00e1ci\u00f3s-f\u0171ny\u00edr\u00f3-sebess\u00e9gv\u00e1lt\u00f3-lf125j\" width=\"900\" height=\"307\" title=\"\" srcset=\"https:\/\/fmp-components.com\/wp-content\/uploads\/2024\/12\/rotary-mower-gearbox-lf125j-21.webp 900w, https:\/\/fmp-components.com\/wp-content\/uploads\/2024\/12\/rotary-mower-gearbox-lf125j-21-480x164.webp 480w\" sizes=\"(min-width: 0px) and (max-width: 480px) 480px, (min-width: 481px) 900px, 100vw\" \/><\/p>\n<h3>Kard\u00e1ntengelyek forg\u00f3 f\u0171ny\u00edr\u00f3 sebess\u00e9gv\u00e1lt\u00f3hoz<\/h3>\n<p>A teljes\u00edtm\u00e9nylead\u00f3 tengelyek (PTO) elengedhetetlenek a traktor motorj\u00e1t\u00f3l a forg\u00f3f\u0171ny\u00edr\u00f3 sebess\u00e9gv\u00e1lt\u00f3j\u00e1hoz val\u00f3 er\u0151\u00e1tvitelhez, lehet\u0151v\u00e9 t\u00e9ve a f\u0171ny\u00edr\u00f3 k\u00e9sek m\u0171k\u00f6d\u00e9s\u00e9t. \u00cdme a legfontosabb t\u00e9nyez\u0151k, amelyeket figyelembe kell venni a forg\u00f3f\u0171ny\u00edr\u00f3 sebess\u00e9gv\u00e1lt\u00f3j\u00e1hoz tartoz\u00f3 teljes\u00edtm\u00e9nylead\u00f3 tengely kiv\u00e1laszt\u00e1sakor \u00e9s haszn\u00e1latakor:<\/p>\n<p><strong>1. Hossz:<\/strong><br \/>\nA kard\u00e1ntengely hossza kulcsfontoss\u00e1g\u00fa szempont a forg\u00f3f\u0171ny\u00edr\u00f3 megfelel\u0151 tengely\u00e9nek kiv\u00e1laszt\u00e1sakor. Meg kell egyeznie a traktor kard\u00e1ntengely\u00e9nek kimenete \u00e9s a f\u0171ny\u00edr\u00f3 sebess\u00e9gv\u00e1lt\u00f3j\u00e1nak bemeneti tengelye k\u00f6z\u00f6tti t\u00e1vols\u00e1ggal. Ha a kard\u00e1ntengely t\u00fal hossz\u00fa vagy r\u00f6vid, az a teljes\u00edtm\u00e9ny\u00e1tvitel hat\u00e9konys\u00e1g\u00e1nak cs\u00f6kken\u00e9s\u00e9hez vagy az alkatr\u00e9szek k\u00e1rosod\u00e1s\u00e1hoz vezethet. Gy\u0151z\u0151dj\u00f6n meg arr\u00f3l, hogy pontos m\u00e9r\u00e9seket v\u00e9gez a megfelel\u0151 hossz kiv\u00e1laszt\u00e1s\u00e1hoz.<\/p>\n<p><strong>2. Kapacit\u00e1s:<\/strong><br \/>\nA kard\u00e1ntengelyek k\u00fcl\u00f6nb\u00f6z\u0151 teljes\u00edtm\u00e9nykapacit\u00e1ssal kaphat\u00f3k, jellemz\u0151en l\u00f3er\u0151ben (LE). Fontos, hogy olyan kard\u00e1ntengelyt v\u00e1lasszunk, amely megfelel a forg\u00f3f\u0171ny\u00edr\u00f3 sebess\u00e9gv\u00e1lt\u00f3ja \u00e1ltal ig\u00e9nyelt teljes\u00edtm\u00e9nynek \u00e9s nyomat\u00e9knak. A kapacit\u00e1snak \u00f6sszhangban kell lennie a traktor motorteljes\u00edtm\u00e9ny\u00e9vel \u00e9s a f\u0171ny\u00edr\u00f3 sebess\u00e9gv\u00e1lt\u00f3j\u00e1nak specifik\u00e1ci\u00f3ival. A nem megfelel\u0151 kapacit\u00e1s\u00fa kard\u00e1ntengely kiv\u00e1laszt\u00e1sa t\u00falzott kop\u00e1shoz, mechanikai meghib\u00e1sod\u00e1shoz vagy a berendez\u00e9s k\u00e1rosod\u00e1s\u00e1hoz vezethet.<\/p>\n<p><strong>3. Biztons\u00e1g:<\/strong><br \/>\nA kard\u00e1ntengelyekkel v\u00e9gzett munka sor\u00e1n a biztons\u00e1gnak mindig priorit\u00e1snak kell lennie. A forg\u00f3f\u0171ny\u00edr\u00f3n vagy a sebess\u00e9gv\u00e1lt\u00f3n v\u00e9gzett b\u00e1rmilyen karbantart\u00e1si, jav\u00edt\u00e1si vagy be\u00e1ll\u00edt\u00e1si munka el\u0151tt gy\u0151z\u0151dj\u00f6n meg arr\u00f3l, hogy a traktor ki van kapcsolva, \u00e9s a kard\u00e1ntengely le van v\u00e1lasztva. A kard\u00e1ntengelyek nagy sebess\u00e9ggel forognak, \u00e9s nem megfelel\u0151 kezel\u00e9s eset\u00e9n s\u00falyos s\u00e9r\u00fcl\u00e9seket okozhatnak. Mindig tartsa be a biztons\u00e1gi el\u0151\u00edr\u00e1sokat, \u00e9s haszn\u00e1ljon megfelel\u0151 v\u00e9d\u0151felszerel\u00e9st a kock\u00e1zatok minimaliz\u00e1l\u00e1sa \u00e9rdek\u00e9ben.<\/p>\n<p><strong>4. Min\u0151s\u00e9g:<\/strong><br \/>\nA kard\u00e1ntengely min\u0151s\u00e9ge k\u00f6zvetlen\u00fcl befoly\u00e1solja a teljes\u00edtm\u00e9ny\u00e9t \u00e9s tart\u00f3ss\u00e1g\u00e1t. A kiv\u00e1l\u00f3 min\u0151s\u00e9g\u0171 kard\u00e1ntengely tart\u00f3s anyagokb\u00f3l, p\u00e9ld\u00e1ul nagy szil\u00e1rds\u00e1g\u00fa ac\u00e9lb\u00f3l k\u00e9sz\u00fcl, hogy ellen\u00e1lljon a kop\u00e1snak, a korr\u00f3zi\u00f3nak \u00e9s a rendszeres mechanikai ig\u00e9nybev\u00e9telnek. Kard\u00e1ntengely kiv\u00e1laszt\u00e1sakor \u00fcgyeljen arra, hogy az prec\u00edzi\u00f3san lett megtervezve, hogy biztos\u00edtsa a hossz\u00fa t\u00e1v\u00fa, megb\u00edzhat\u00f3 teljes\u00edtm\u00e9nyt ig\u00e9nyl\u0151 mez\u0151gazdas\u00e1gi k\u00f6r\u00fclm\u00e9nyek k\u00f6z\u00f6tt.<\/p>\n<p><strong>5. Kompatibilit\u00e1s:<\/strong><br \/>\nL\u00e9tfontoss\u00e1g\u00fa biztos\u00edtani, hogy a kard\u00e1ntengely teljes m\u00e9rt\u00e9kben kompatibilis legyen mind a traktorral, mind a forg\u00f3f\u0171ny\u00edr\u00f3 sebess\u00e9gv\u00e1lt\u00f3j\u00e1val. A kompatibilit\u00e1s mag\u00e1ban foglalja a bord\u00e1k m\u00e9ret\u00e9nek, a bord\u00e1k sz\u00e1m\u00e1nak \u00e9s a tengely mindk\u00e9t v\u00e9g\u00e9n tal\u00e1lhat\u00f3 csatlakoz\u00e1s t\u00edpus\u00e1nak ellen\u0151rz\u00e9s\u00e9t. A nem megfelel\u0151 kard\u00e1ntengely haszn\u00e1lata hat\u00e9konys\u00e1gveszt\u00e9shez, m\u0171k\u00f6d\u00e9si probl\u00e9m\u00e1khoz vagy mind a kard\u00e1ntengely, mind a sebess\u00e9gv\u00e1lt\u00f3 alkatr\u00e9szeinek k\u00e1rosod\u00e1s\u00e1hoz vezethet.<\/p>\n<p><img loading=\"lazy\" decoding=\"async\" class=\"alignnone size-full wp-image-1937\" src=\"https:\/\/fmp-components.com\/wp-content\/uploads\/2024\/12\/rotary-mower-gearbox-and-pto-shaft1.webp\" alt=\"rot\u00e1ci\u00f3s-f\u0171ny\u00edr\u00f3-sebess\u00e9gv\u00e1lt\u00f3-lf125j\" width=\"800\" height=\"509\" title=\"\" srcset=\"https:\/\/fmp-components.com\/wp-content\/uploads\/2024\/12\/rotary-mower-gearbox-and-pto-shaft1.webp 800w, https:\/\/fmp-components.com\/wp-content\/uploads\/2024\/12\/rotary-mower-gearbox-and-pto-shaft1-480x305.webp 480w\" sizes=\"(min-width: 0px) and (max-width: 480px) 480px, (min-width: 481px) 800px, 100vw\" \/><\/p>\n<h3>Az FMP-r\u0151l<\/h3>\n<p>Az FMP \u00e1tfog\u00f3 v\u00e1laszt\u00e9kot k\u00edn\u00e1l kard\u00e1ntengelyekb\u0151l, amelyek k\u00fcl\u00f6nf\u00e9le forg\u00f3f\u0171ny\u00edr\u00f3-hajt\u00f3m\u0171vekhez alkalmasak. Ak\u00e1r standard kard\u00e1ntengelyre, ak\u00e1r egyedi megold\u00e1sra van sz\u00fcks\u00e9ge, az FMP kiv\u00e1l\u00f3 min\u0151s\u00e9g\u0171 term\u00e9keket k\u00edn\u00e1l, amelyek megb\u00edzhat\u00f3 teljes\u00edtm\u00e9nyt biztos\u00edtanak. Tov\u00e1bbi r\u00e9szletek\u00e9rt vagy megrendel\u00e9shez vegye fel vel\u00fcnk a kapcsolatot szak\u00e9rt\u0151i seg\u00edts\u00e9g\u00e9rt.<\/p>\n<p>Az olaszorsz\u00e1gi sz\u00e9khely\u0171 FMP elismert vezet\u0151 szerepet t\u00f6lt be a sebess\u00e9gv\u00e1lt\u00f3k, reduktorok \u00e9s g\u00e9p\u00e9szeti berendez\u00e9sek kutat\u00e1s\u00e1ban, fejleszt\u00e9s\u00e9ben \u00e9s gy\u00e1rt\u00e1s\u00e1ban. A v\u00e1llalat innovat\u00edv megk\u00f6zel\u00edt\u00e9s\u00e9r\u0151l, magas min\u0151s\u00e9gi szabv\u00e1nyair\u00f3l \u00e9s a tehets\u00e9ggondoz\u00e1s ir\u00e1nti elk\u00f6telezetts\u00e9g\u00e9r\u0151l ismert, \u00e9s kulcsfontoss\u00e1g\u00fa szerepl\u0151k\u00e9nt pozicion\u00e1lja mag\u00e1t a g\u00e9p\u00e9szm\u00e9rn\u00f6ki szektorban. Az FMP folyamatos fejleszt\u00e9sre \u00e9s kiv\u00e1l\u00f3s\u00e1gra val\u00f3 \u00f6sszpontos\u00edt\u00e1sa hozz\u00e1j\u00e1rult er\u0151s h\u00edrnev\u00e9hez mind belf\u00f6ld\u00f6n, mind nemzetk\u00f6zi szinten.<\/p>\n<p>A v\u00e1llalat sz\u00e9les term\u00e9kv\u00e1laszt\u00e9kot k\u00edn\u00e1l, bele\u00e9rtve a spir\u00e1lis k\u00fapkerekes hajt\u00f3m\u0171veket, a homlokkerekes hajt\u00f3m\u0171veket, a csigakerekes hajt\u00f3m\u0171veket, a hengeres hajt\u00f3m\u0171veket, valamint a nagynyom\u00e1s\u00fa \u00f6nt\u00f6tt szeleptesteket \u00e9s -h\u00e1zakat. Ezeket a term\u00e9keket prec\u00edzen tervezik, hogy optim\u00e1lis teljes\u00edtm\u00e9nyt \u00e9s megb\u00edzhat\u00f3s\u00e1got biztos\u00edtsanak a k\u00fcl\u00f6nf\u00e9le ipari alkalmaz\u00e1sokban. Az FMP hajt\u00f3m\u0171vei \u00e9s alkatr\u00e9szei minden \u00fcgyf\u00e9l egyedi ig\u00e9nyeinek megfelel\u0151en k\u00e9sz\u00fclnek, hat\u00e9konys\u00e1got \u00e9s tart\u00f3ss\u00e1got biztos\u00edtva mind a neh\u00e9z ipari m\u0171veletek, mind a speci\u00e1lis g\u00e9pek eset\u00e9ben.<\/p>\n<p>Az FMP term\u00e9kei az ipar\u00e1gak sz\u00e9les sk\u00e1l\u00e1j\u00e1t szolg\u00e1lj\u00e1k ki. A mez\u0151gazdas\u00e1gban olyan berendez\u00e9sekben haszn\u00e1lj\u00e1k \u0151ket, mint a forg\u00f3f\u0171ny\u00edr\u00f3k, h\u00f3sepr\u0151k, m\u0171tr\u00e1gyasz\u00f3r\u00f3k \u00e9s gabonasz\u00e1ll\u00edt\u00f3k. Ezenk\u00edv\u00fcl az FMP sebess\u00e9gv\u00e1lt\u00f3i \u00e9s alkatr\u00e9szei az olajkitermel\u00e9sben, a haj\u00f3z\u00e1si rendszerekben \u00e9s a v\u00edz\u00e9p\u00edt\u00e9sben haszn\u00e1lt g\u00e9peket is t\u00e1mogatj\u00e1k, demonstr\u00e1lva alkalmazkod\u00f3k\u00e9pess\u00e9g\u00fcket \u00e9s sokoldal\u00fa alkalmaz\u00e1sukat az ipar\u00e1gakban.<\/p>\n<p>A v\u00e1llalat nagy b\u00fcszkes\u00e9ggel tekint fejlett gy\u00e1rt\u00e1si k\u00e9pess\u00e9geire. Minden term\u00e9k apr\u00f3l\u00e9kos gy\u00e1rt\u00e1si folyamaton megy kereszt\u00fcl, a tervez\u00e9si f\u00e1zist\u00f3l kezdve, ahol minden egyes alkalmaz\u00e1shoz egyedi specifik\u00e1ci\u00f3kat dolgoznak ki. A tart\u00f3ss\u00e1g \u00e9s a teljes\u00edtm\u00e9ny \u00e9rdek\u00e9ben kiv\u00e1l\u00f3 min\u0151s\u00e9g\u0171 anyagokat, p\u00e9ld\u00e1ul \u00f6nt\u00f6ttvasat \u00e9s alum\u00ednium\u00f6tv\u00f6zeteket v\u00e1lasztanak ki. A prec\u00edzi\u00f3s megmunk\u00e1l\u00e1si technik\u00e1k, bele\u00e9rtve az eszterg\u00e1l\u00e1st \u00e9s a mar\u00e1st, biztos\u00edtj\u00e1k minden alkatr\u00e9sz pontoss\u00e1g\u00e1t, m\u00edg az \u00f6sszeszerel\u00e9si folyamat garant\u00e1lja a megfelel\u0151 illeszt\u00e9st \u00e9s ken\u00e9st. Szigor\u00fa min\u0151s\u00e9gellen\u0151rz\u00e9si elj\u00e1r\u00e1sok vannak \u00e9rv\u00e9nyben minden term\u00e9k stabilit\u00e1s\u00e1nak, megb\u00edzhat\u00f3s\u00e1g\u00e1nak \u00e9s hossz\u00fa \u00e9lettartam\u00e1nak biztos\u00edt\u00e1sa \u00e9rdek\u00e9ben.<\/p>\n<p>Az FMP elk\u00f6telezetts\u00e9ge a min\u0151s\u00e9g, az innov\u00e1ci\u00f3 \u00e9s az \u00fcgyf\u00e9l-el\u00e9gedetts\u00e9g ir\u00e1nt megszil\u00e1rd\u00edtotta a gy\u00e1rt\u00f3ipar elismert vezet\u0151jek\u00e9nt bet\u00f6lt\u00f6tt poz\u00edci\u00f3j\u00e1t. A v\u00e1llalat szak\u00e9rtelme \u00e9s a fejlett technol\u00f3gia alkalmaz\u00e1sa tart\u00f3s \u00e9rt\u00e9ket biztos\u00edt. Az FMP mindig nyitott a glob\u00e1lis partners\u00e9gekre \u00e9s egy\u00fcttm\u0171k\u00f6d\u00e9sekre, szem\u00e9lyre szabott megold\u00e1sokat k\u00edn\u00e1lva az \u00fcgyfelek egyedi ig\u00e9nyeinek kiel\u00e9g\u00edt\u00e9s\u00e9re vil\u00e1gszerte. Tov\u00e1bbi k\u00e9rd\u00e9sekkel a potenci\u00e1lis partnerek telefonon vagy e-mailben k\u00f6nnyen kapcsolatba l\u00e9phetnek vel\u00fcnk, meger\u0151s\u00edtve az FMP elk\u00f6telezetts\u00e9g\u00e9t a kiv\u00e9teles \u00fcgyf\u00e9lszolg\u00e1lat \u00e9s a nagy teljes\u00edtm\u00e9ny\u0171 term\u00e9kek biztos\u00edt\u00e1sa ir\u00e1nt.<\/p>\n<p><img loading=\"lazy\" decoding=\"async\" class=\"alignnone size-full wp-image-1861\" src=\"https:\/\/fmp-components.com\/wp-content\/uploads\/2024\/12\/Other-Agricultural-Gearboxes.webp\" alt=\"Egy\u00e9b-Mez\u0151gazdas\u00e1gi-Sebess\u00e9gv\u00e1lt\u00f3k\" width=\"1200\" height=\"1400\" title=\"\" srcset=\"https:\/\/fmp-components.com\/wp-content\/uploads\/2024\/12\/Other-Agricultural-Gearboxes.webp 1200w, https:\/\/fmp-components.com\/wp-content\/uploads\/2024\/12\/Other-Agricultural-Gearboxes-980x1143.webp 980w, https:\/\/fmp-components.com\/wp-content\/uploads\/2024\/12\/Other-Agricultural-Gearboxes-480x560.webp 480w\" sizes=\"(min-width: 0px) and (max-width: 480px) 480px, (min-width: 481px) and (max-width: 980px) 980px, (min-width: 981px) 1200px, 100vw\" \/><\/p>\n<p>Szerz\u0151: CX<\/p>","protected":false},"excerpt":{"rendered":"<p>Rotary Mower Gearbox LF-125J Specifications i N1[rpm] P1[kW] M2[Nm] Shaft Type Input X Z 1.77 540 93.0 901 1&#8221; 3\/4 Z20 Hub connection X 1.00 1000 93.0 861 1&#8221; 3\/4 Z20 Hub connection X Features of Rotary Mower Gearbox Rotary mower gearboxes are vital components in lawn care and agricultural equipment, playing a key role [&hellip;]<\/p>","protected":false},"featured_media":1934,"comment_status":"open","ping_status":"closed","template":"","meta":{"_et_pb_use_builder":"","_et_pb_old_content":"","_et_gb_content_width":""},"product_brand":[],"product_cat":[51],"product_tag":[],"class_list":{"0":"post-1930","1":"product","2":"type-product","3":"status-publish","4":"has-post-thumbnail","6":"product_cat-rotary-mower-gearbox","8":"first","9":"instock","10":"shipping-taxable","11":"product-type-simple"},"_links":{"self":[{"href":"https:\/\/fmp-components.com\/hu\/wp-json\/wp\/v2\/product\/1930","targetHints":{"allow":["GET"]}}],"collection":[{"href":"https:\/\/fmp-components.com\/hu\/wp-json\/wp\/v2\/product"}],"about":[{"href":"https:\/\/fmp-components.com\/hu\/wp-json\/wp\/v2\/types\/product"}],"replies":[{"embeddable":true,"href":"https:\/\/fmp-components.com\/hu\/wp-json\/wp\/v2\/comments?post=1930"}],"wp:featuredmedia":[{"embeddable":true,"href":"https:\/\/fmp-components.com\/hu\/wp-json\/wp\/v2\/media\/1934"}],"wp:attachment":[{"href":"https:\/\/fmp-components.com\/hu\/wp-json\/wp\/v2\/media?parent=1930"}],"wp:term":[{"taxonomy":"product_brand","embeddable":true,"href":"https:\/\/fmp-components.com\/hu\/wp-json\/wp\/v2\/product_brand?post=1930"},{"taxonomy":"product_cat","embeddable":true,"href":"https:\/\/fmp-components.com\/hu\/wp-json\/wp\/v2\/product_cat?post=1930"},{"taxonomy":"product_tag","embeddable":true,"href":"https:\/\/fmp-components.com\/hu\/wp-json\/wp\/v2\/product_tag?post=1930"}],"curies":[{"name":"munkaf\u00fczet","href":"https:\/\/api.w.org\/{rel}","templated":true}]}}